{"id":52915,"date":"2018-04-16T10:56:17","date_gmt":"2018-04-16T10:56:17","guid":{"rendered":"https:\/\/business.roovi.com\/puzzle-adulti-1000-piese-pierre-auguste-renoir-two-girls-reading\/p\/"},"modified":"2022-07-13T10:21:17","modified_gmt":"2022-07-13T10:21:17","slug":"pierre-auguste-renoir-puzzle-adulte-de-1000-pieces-deux-filles-qui-lisent","status":"publish","type":"product","link":"https:\/\/business.roovi.com\/fr\/pierre-auguste-renoir-puzzle-adulte-de-1000-pieces-deux-filles-qui-lisent\/p\/","title":{"rendered":"Pierre-Auguste Renoir Puzzle adulte de 1000 pi\u00e8ces &#8211; Deux filles qui lisent"},"content":{"rendered":"<p><span style=\"font-weight: 400;\">Tu es fascin\u00e9 par l&rsquo;art et tu aimerais d\u00e9couvrir les myst\u00e8res des tableaux les plus c\u00e9l\u00e8bres ? D\u00e9couvre la plus grande gamme de puzzles d&rsquo;art en Roumanie et entre dans le monde raffin\u00e9 des \u0153uvres d&rsquo;art. Tu trouveras ici des puzzles de 1000 pi\u00e8ces avec des images \u00e9tonnantes, ressemblant de mani\u00e8re frappante aux \u0153uvres c\u00e9l\u00e8bres. Cr\u00e9e ta propre collection de jeux de puzzle exceptionnels maintenant !<\/span><\/p>\n<p><span style=\"font-weight: 400;\">Le puzzle de 1000 pi\u00e8ces de Pierre-Auguste Renoir &#8211; Two Girls Reading\/Dou deux filles citant pourrait \u00eatre le premier tableau de ta collection d&rsquo;art. Le tableau combine parfaitement des notes impressionnistes avec des techniques de peinture classiques, comme Renoir est connu pour le faire dans plusieurs de ses \u0153uvres. L&rsquo;\u0153uvre est un portrait id\u00e9alis\u00e9 dans lequel l&rsquo;\u00e9quilibre de la lumi\u00e8re et du contraste des couleurs utilis\u00e9es est tr\u00e8s bon. Pour recr\u00e9er ce chef-d&rsquo;\u0153uvre artistique \u00e0 partir d&rsquo;un puzzle de 1000 pi\u00e8ces, il te faut une table basse ordinaire o\u00f9 tu peux travailler tranquillement plusieurs heures par jour. La peinture finale que tu obtiens est de 50 x 70 cm.<\/span><\/p>\n<p><span style=\"font-weight: 400;\">Lis plus sur ce merveilleux puzzle artistique ci-dessous :<\/span><\/p>\n<p><strong>Mat\u00e9riau du puzzle <\/strong><\/p>\n<p><strong>carton bleu de haute qualit\u00e9<\/strong><\/p>\n<p><strong>des mat\u00e9riaux durables et recyclables<\/strong><\/p>\n<p><strong>finition semi-brillante, couleurs vives<\/strong><\/p>\n<p><strong>Nombre de pi\u00e8ces de puzzle : 1000<\/strong><\/p>\n<p><strong>\u00c2ge recommand\u00e9 : 14+<\/strong><\/p>\n<p><strong>Quelles comp\u00e9tences d\u00e9veloppes-tu avec les puzzles pour adultes ?<\/strong><\/p>\n<p><span style=\"font-weight: 400;\">Assembler des puzzles de 1000 pi\u00e8ces est une activit\u00e9 super amusante, mais aussi \u00e9ducative. Voici quelles comp\u00e9tences tu peux d\u00e9velopper \u00e0 l&rsquo;aide de grands jeux de r\u00e9flexion :<\/span><\/p>\n<p><strong>Attention aux d\u00e9tails<\/strong><\/p>\n<p><strong>Capacit\u00e9 \u00e0 se concentrer<\/strong><\/p>\n<p><strong>Imagination<\/strong><\/p>\n<p><strong>Logic<\/strong><\/p>\n<p><strong>Pers\u00e9v\u00e9rance<\/strong><\/p>\n<p><strong>Patience<\/strong><\/p>\n<p><strong>Capacit\u00e9 \u00e0 r\u00e9soudre les probl\u00e8mes<\/strong><\/p>\n<p><strong>Sais-tu que Renoir a \u00e9t\u00e9 appel\u00e9 le peintre <\/strong><strong>des \u00ab\u00a0joies de la vie\u00a0\u00bb ?<\/strong><\/p>\n<p><span style=\"font-weight: 400;\">Bien qu&rsquo;il soit reconnu comme le principal repr\u00e9sentant de l&rsquo;impressionnisme, Renoir s&rsquo;est \u00e9loign\u00e9 de ce style dans la derni\u00e8re partie de sa carri\u00e8re. Beaucoup de ses \u0153uvres sont une combinaison cr\u00e9ative \u00e9tonnante d&rsquo;impressionnisme et de techniques classiques. Ses peintures expriment la beaut\u00e9, l&rsquo;\u00e9l\u00e9gance, la joie et tu peux sentir la joie de peindre de l&rsquo;artiste dans chaque trait. Renoir a peint des paysages, des portraits formels et des nus, laissant derri\u00e8re lui un h\u00e9ritage artistique inestimable.  Il a abord\u00e9 diff\u00e9rents styles et a \u00e9t\u00e9 une source d&rsquo;inspiration in\u00e9puisable pour la post\u00e9rit\u00e9 <\/span><\/p>\n<p><strong>Renoir n&rsquo;a presque jamais utilis\u00e9 le noir et le brun dans ses \u0153uvres<\/strong><\/p>\n<p><span style=\"font-weight: 400;\">Renoir a partag\u00e9 la th\u00e9orie unique des couleurs de Monet. Selon ces deux artistes, les ombres ne sont ni noires ni brunes, mais un reflet des objets eux-m\u00eames, et les ombres sont en fait multicolores. Ce profond changement dans l&rsquo;utilisation des couleurs est la marque de fabrique de l&rsquo;impressionnisme.<\/span><\/p>\n<p><strong>Le puzzle d&rsquo;art de 1000 pi\u00e8ces rassemble la famille et les amis <\/strong><\/p>\n<p><span style=\"font-weight: 400;\">Transforme l&rsquo;activit\u00e9 consistant \u00e0 assembler un puzzle artistique en une exp\u00e9rience inoubliable avec ta famille et tes amis. R\u00e9unis tes proches et recr\u00e9ez ensemble les peintures les plus c\u00e9l\u00e8bres du monde <\/span><\/p>\n<p><span style=\"font-weight: 400;\">Ach\u00e8te le puzzle maintenant <\/span><span style=\"font-weight: 400;\">1000 pi\u00e8ces Pierre-Auguste Renoir &#8211; Deux filles qui lisent\/Dou\u0103 filles citant la plus grande collection de puzzles d&rsquo;art de Roumanie et cr\u00e9e un tableau m\u00e9morable \u00e0 partir d&rsquo;un jeu de puzzle. Ce merveilleux puzzle d&rsquo;art peut \u00eatre un excellent cadeau \u00e0 offrir \u00e0 un ami adulte passionn\u00e9 de puzzle.<\/span><\/p><\/p>\n","protected":false},"excerpt":{"rendered":"<p>Tu es fascin\u00e9 par l&rsquo;art et tu aimerais d\u00e9couvrir les myst\u00e8res des tableaux les plus c\u00e9l\u00e8bres ? D\u00e9couvre la plus<\/p>\n","protected":false},"featured_media":62946,"template":"","meta":[],"product_brand":[],"product_cat":[2314,2315,2316],"product_tag":[],"class_list":{"0":"post-52915","1":"product","2":"type-product","3":"status-publish","4":"has-post-thumbnail","6":"product_cat-puzzles-fr","7":"product_cat-puzzles-pour-adultes","8":"product_cat-puzzles-de-1000-pieces","9":"pa_bax-10-fr","10":"pa_brand-d_toys-fr","11":"pa_country_of_manufacture-ro-fr","12":"pa_filter_age-14-fr","13":"pa_painter-pierreaugusterenoir-fr","14":"pa_tip_ambalaj-boite","15":"pa_tip_puzzle-classique","17":"first","18":"instock","19":"taxable","20":"shipping-taxable","21":"product-type-simple"},"yoast_head":"<!-- This site is optimized with the Yoast SEO plugin v20.1 - https:\/\/yoast.com\/wordpress\/plugins\/seo\/ -->\n<title>Pierre-Auguste Renoir Puzzle adulte de 1000 pi\u00e8ces - Deux filles qui lisent<\/title>\n<meta name=\"description\" content=\"Pierre-Auguste Renoir Puzzle adulte de 1000 pi\u00e8ces - Deux filles qui lisent\" \/>\n<meta name=\"robots\" content=\"index, follow, max-snippet:-1, max-image-preview:large, max-video-preview:-1\" \/>\n<link rel=\"canonical\" href=\"https:\/\/business.roovi.com\/fr\/pierre-auguste-renoir-puzzle-adulte-de-1000-pieces-deux-filles-qui-lisent\/p\/\" \/>\n<meta property=\"og:locale\" content=\"fr_FR\" \/>\n<meta property=\"og:type\" content=\"article\" \/>\n<meta property=\"og:title\" content=\"Pierre-Auguste Renoir Puzzle adulte de 1000 pi\u00e8ces - Deux filles qui lisent\" \/>\n<meta property=\"og:description\" content=\"Pierre-Auguste Renoir Puzzle adulte de 1000 pi\u00e8ces - Deux filles qui lisent\" \/>\n<meta property=\"og:url\" content=\"https:\/\/business.roovi.com\/fr\/pierre-auguste-renoir-puzzle-adulte-de-1000-pieces-deux-filles-qui-lisent\/p\/\" \/>\n<meta property=\"og:site_name\" content=\"Roovi B2B\" \/>\n<meta property=\"article:publisher\" content=\"https:\/\/www.facebook.com\/wwwjucariero\" \/>\n<meta property=\"article:modified_time\" content=\"2022-07-13T10:21:17+00:00\" \/>\n<meta property=\"og:image\" content=\"https:\/\/business.roovi.com\/wp-content\/uploads\/2018\/04\/66909-02_ansamblu_dimensiuni_cutie_cm_1200x1200.png\" \/>\n\t<meta property=\"og:image:width\" content=\"1200\" \/>\n\t<meta property=\"og:image:height\" content=\"1200\" \/>\n\t<meta property=\"og:image:type\" content=\"image\/png\" \/>\n<meta name=\"twitter:label1\" content=\"Dur\u00e9e de lecture estim\u00e9e\" \/>\n\t<meta name=\"twitter:data1\" content=\"3 minutes\" \/>\n<script type=\"application\/ld+json\" class=\"yoast-schema-graph\">{\"@context\":\"https:\/\/schema.org\",\"@graph\":[{\"@type\":\"WebPage\",\"@id\":\"https:\/\/business.roovi.com\/fr\/pierre-auguste-renoir-puzzle-adulte-de-1000-pieces-deux-filles-qui-lisent\/p\/\",\"url\":\"https:\/\/business.roovi.com\/fr\/pierre-auguste-renoir-puzzle-adulte-de-1000-pieces-deux-filles-qui-lisent\/p\/\",\"name\":\"Pierre-Auguste Renoir Puzzle adulte de 1000 pi\u00e8ces - Deux filles qui lisent\",\"isPartOf\":{\"@id\":\"https:\/\/business.roovi.com\/fr\/#website\"},\"datePublished\":\"2018-04-16T10:56:17+00:00\",\"dateModified\":\"2022-07-13T10:21:17+00:00\",\"description\":\"Pierre-Auguste Renoir Puzzle adulte de 1000 pi\u00e8ces - Deux filles qui lisent\",\"breadcrumb\":{\"@id\":\"https:\/\/business.roovi.com\/fr\/pierre-auguste-renoir-puzzle-adulte-de-1000-pieces-deux-filles-qui-lisent\/p\/#breadcrumb\"},\"inLanguage\":\"fr-FR\",\"potentialAction\":[{\"@type\":\"ReadAction\",\"target\":[\"https:\/\/business.roovi.com\/fr\/pierre-auguste-renoir-puzzle-adulte-de-1000-pieces-deux-filles-qui-lisent\/p\/\"]}]},{\"@type\":\"BreadcrumbList\",\"@id\":\"https:\/\/business.roovi.com\/fr\/pierre-auguste-renoir-puzzle-adulte-de-1000-pieces-deux-filles-qui-lisent\/p\/#breadcrumb\",\"itemListElement\":[{\"@type\":\"ListItem\",\"position\":1,\"name\":\"Home\",\"item\":\"https:\/\/business.roovi.com\/fr\/\"},{\"@type\":\"ListItem\",\"position\":2,\"name\":\"Boutique\",\"item\":\"https:\/\/business.roovi.com\/fr\/boutique\/\"},{\"@type\":\"ListItem\",\"position\":3,\"name\":\"Pierre-Auguste Renoir Puzzle adulte de 1000 pi\u00e8ces &#8211; Deux filles qui lisent\"}]},{\"@type\":\"WebSite\",\"@id\":\"https:\/\/business.roovi.com\/fr\/#website\",\"url\":\"https:\/\/business.roovi.com\/fr\/\",\"name\":\"Roovi B2B\",\"description\":\"Roovi Business Website\",\"potentialAction\":[{\"@type\":\"SearchAction\",\"target\":{\"@type\":\"EntryPoint\",\"urlTemplate\":\"https:\/\/business.roovi.com\/fr\/?s={search_term_string}\"},\"query-input\":\"required name=search_term_string\"}],\"inLanguage\":\"fr-FR\"}]}<\/script>\n<!-- \/ Yoast SEO plugin. -->","yoast_head_json":{"title":"Pierre-Auguste Renoir Puzzle adulte de 1000 pi\u00e8ces - Deux filles qui lisent","description":"Pierre-Auguste Renoir Puzzle adulte de 1000 pi\u00e8ces - Deux filles qui lisent","robots":{"index":"index","follow":"follow","max-snippet":"max-snippet:-1","max-image-preview":"max-image-preview:large","max-video-preview":"max-video-preview:-1"},"canonical":"https:\/\/business.roovi.com\/fr\/pierre-auguste-renoir-puzzle-adulte-de-1000-pieces-deux-filles-qui-lisent\/p\/","og_locale":"fr_FR","og_type":"article","og_title":"Pierre-Auguste Renoir Puzzle adulte de 1000 pi\u00e8ces - Deux filles qui lisent","og_description":"Pierre-Auguste Renoir Puzzle adulte de 1000 pi\u00e8ces - Deux filles qui lisent","og_url":"https:\/\/business.roovi.com\/fr\/pierre-auguste-renoir-puzzle-adulte-de-1000-pieces-deux-filles-qui-lisent\/p\/","og_site_name":"Roovi B2B","article_publisher":"https:\/\/www.facebook.com\/wwwjucariero","article_modified_time":"2022-07-13T10:21:17+00:00","og_image":[{"width":1200,"height":1200,"url":"https:\/\/business.roovi.com\/wp-content\/uploads\/2018\/04\/66909-02_ansamblu_dimensiuni_cutie_cm_1200x1200.png","type":"image\/png"}],"twitter_misc":{"Dur\u00e9e de lecture estim\u00e9e":"3 minutes"},"schema":{"@context":"https:\/\/schema.org","@graph":[{"@type":"WebPage","@id":"https:\/\/business.roovi.com\/fr\/pierre-auguste-renoir-puzzle-adulte-de-1000-pieces-deux-filles-qui-lisent\/p\/","url":"https:\/\/business.roovi.com\/fr\/pierre-auguste-renoir-puzzle-adulte-de-1000-pieces-deux-filles-qui-lisent\/p\/","name":"Pierre-Auguste Renoir Puzzle adulte de 1000 pi\u00e8ces - Deux filles qui lisent","isPartOf":{"@id":"https:\/\/business.roovi.com\/fr\/#website"},"datePublished":"2018-04-16T10:56:17+00:00","dateModified":"2022-07-13T10:21:17+00:00","description":"Pierre-Auguste Renoir Puzzle adulte de 1000 pi\u00e8ces - Deux filles qui lisent","breadcrumb":{"@id":"https:\/\/business.roovi.com\/fr\/pierre-auguste-renoir-puzzle-adulte-de-1000-pieces-deux-filles-qui-lisent\/p\/#breadcrumb"},"inLanguage":"fr-FR","potentialAction":[{"@type":"ReadAction","target":["https:\/\/business.roovi.com\/fr\/pierre-auguste-renoir-puzzle-adulte-de-1000-pieces-deux-filles-qui-lisent\/p\/"]}]},{"@type":"BreadcrumbList","@id":"https:\/\/business.roovi.com\/fr\/pierre-auguste-renoir-puzzle-adulte-de-1000-pieces-deux-filles-qui-lisent\/p\/#breadcrumb","itemListElement":[{"@type":"ListItem","position":1,"name":"Home","item":"https:\/\/business.roovi.com\/fr\/"},{"@type":"ListItem","position":2,"name":"Boutique","item":"https:\/\/business.roovi.com\/fr\/boutique\/"},{"@type":"ListItem","position":3,"name":"Pierre-Auguste Renoir Puzzle adulte de 1000 pi\u00e8ces &#8211; Deux filles qui lisent"}]},{"@type":"WebSite","@id":"https:\/\/business.roovi.com\/fr\/#website","url":"https:\/\/business.roovi.com\/fr\/","name":"Roovi B2B","description":"Roovi Business Website","potentialAction":[{"@type":"SearchAction","target":{"@type":"EntryPoint","urlTemplate":"https:\/\/business.roovi.com\/fr\/?s={search_term_string}"},"query-input":"required name=search_term_string"}],"inLanguage":"fr-FR"}]}},"_links":{"self":[{"href":"https:\/\/business.roovi.com\/fr\/wp-json\/wp\/v2\/product\/52915","targetHints":{"allow":["GET"]}}],"collection":[{"href":"https:\/\/business.roovi.com\/fr\/wp-json\/wp\/v2\/product"}],"about":[{"href":"https:\/\/business.roovi.com\/fr\/wp-json\/wp\/v2\/types\/product"}],"version-history":[{"count":0,"href":"https:\/\/business.roovi.com\/fr\/wp-json\/wp\/v2\/product\/52915\/revisions"}],"wp:featuredmedia":[{"embeddable":true,"href":"https:\/\/business.roovi.com\/fr\/wp-json\/wp\/v2\/media\/62946"}],"wp:attachment":[{"href":"https:\/\/business.roovi.com\/fr\/wp-json\/wp\/v2\/media?parent=52915"}],"wp:term":[{"taxonomy":"product_brand","embeddable":true,"href":"https:\/\/business.roovi.com\/fr\/wp-json\/wp\/v2\/product_brand?post=52915"},{"taxonomy":"product_cat","embeddable":true,"href":"https:\/\/business.roovi.com\/fr\/wp-json\/wp\/v2\/product_cat?post=52915"},{"taxonomy":"product_tag","embeddable":true,"href":"https:\/\/business.roovi.com\/fr\/wp-json\/wp\/v2\/product_tag?post=52915"}],"curies":[{"name":"wp","href":"https:\/\/api.w.org\/{rel}","templated":true}]}}