{"id":52916,"date":"2018-04-16T10:56:17","date_gmt":"2018-04-16T10:56:17","guid":{"rendered":"https:\/\/business.roovi.com\/puzzle-adulti-1000-piese-pierre-auguste-renoir-the-swingleaganul\/p\/"},"modified":"2023-02-20T05:52:08","modified_gmt":"2023-02-20T05:52:08","slug":"pierre-auguste-renoir-puzzle-adulte-de-1000-pieces-la-balancoire-leaganul","status":"publish","type":"product","link":"https:\/\/business.roovi.com\/fr\/pierre-auguste-renoir-puzzle-adulte-de-1000-pieces-la-balancoire-leaganul\/p\/","title":{"rendered":"Pierre-Auguste Renoir Puzzle adulte de 1000 pi\u00e8ces &#8211; La Balan\u00e7oire"},"content":{"rendered":"<p><span style=\"font-weight: 400; line-height: 14px; font-size: 14px;\">Tu penses \u00eatre dou\u00e9 pour les jeux de r\u00e9flexion ? Nous te mettons au d\u00e9fi d&rsquo;assembler des puzzles artistiques ! Choisis des puzzles de 1000 pi\u00e8ces parmi des centaines de mod\u00e8les repr\u00e9sentant des images de tableaux c\u00e9l\u00e8bres. Assemble des puzzles d&rsquo;art et obtiens des r\u00e9pliques exquises de chefs-d&rsquo;\u0153uvre artistiques.<\/span><\/p>\n<p><span style=\"font-weight: 400; line-height: 14px; font-size: 14px;\">Le puzzle de 1000 pi\u00e8ces La Balan\u00e7oire de Pierre-Auguste Renoir repr\u00e9sente le tableau \u00e9ponyme dans lequel l&rsquo;artiste cr\u00e9e un jeu de lumi\u00e8re impressionniste saisissant par des touches de blanc, bleu, jaune et rouge. Ces couleurs sont pr\u00e9sentes sur les v\u00eatements des personnages et se refl\u00e8tent sur les feuilles et le sol. Tu peux maintenant \u00eatre le cr\u00e9ateur d&rsquo;une r\u00e9plique de la c\u00e9l\u00e8bre peinture ! Approche ta table basse dans le salon et commence \u00e0 recr\u00e9er l&rsquo;image. Nous garantissons jusqu&rsquo;\u00e0 30 heures de d\u00e9tente et une image artistique qui ressemble \u00e9tonnamment \u00e0 la peinture originale.<\/span><\/p>\n<p><span style=\"font-weight: 400; line-height: 14px; font-size: 14px;\">Lis plus sur les caract\u00e9ristiques de ce puzzle artistique :<\/span><\/p>\n<p><span style=\"line-height: 14px; font-size: 14px;\"><strong>Taille de l&rsquo;image reconstitu\u00e9e : 50 x 70 cm<\/strong><\/span><\/p>\n<p><span style=\"line-height: 14px; font-size: 14px;\"><strong>Mat\u00e9riau du puzzle <\/strong><\/span><\/p>\n<p><span style=\"line-height: 14px; font-size: 14px;\"><strong>carton bleu de haute qualit\u00e9<\/strong><\/span><\/p>\n<p><span style=\"line-height: 14px; font-size: 14px;\"><strong>des mat\u00e9riaux durables et recyclables<\/strong><\/span><\/p>\n<p><span style=\"line-height: 14px; font-size: 14px;\"><strong>finition semi-brillante, couleurs vives<\/strong><\/span><\/p>\n<p><span style=\"line-height: 14px; font-size: 14px;\"><strong>Nombre de pi\u00e8ces de puzzle : 1000<\/strong><\/span><\/p>\n<p><span style=\"line-height: 14px; font-size: 14px;\"><strong>\u00c2ge recommand\u00e9 : 14+<\/strong><\/span><\/p>\n<p><span style=\"line-height: 14px; font-size: 14px;\"><strong>Les jeux de puzzle sont un plaisir sain<\/strong><\/span><\/p>\n<p><span style=\"font-weight: 400; line-height: 14px; font-size: 14px;\">Assembler des puzzles pour adultes n&rsquo;est pas seulement une activit\u00e9 de d\u00e9tente pour les moments ennuyeux. Tu b\u00e9n\u00e9ficies aussi de nombreux avantages pour la sant\u00e9. Voici quelques-unes d&rsquo;entre elles :<\/span><\/p>\n<p><span style=\"font-weight: 400; line-height: 14px; font-size: 14px;\">Am\u00e9lioration de la m\u00e9moire<\/span><\/p>\n<p><span style=\"font-weight: 400; line-height: 14px; font-size: 14px;\">R\u00e9duire les niveaux de stress<\/span><\/p>\n<p><span style=\"font-weight: 400; line-height: 14px; font-size: 14px;\">Am\u00e9liore l&rsquo;humeur <\/span><\/p>\n<p><span style=\"font-weight: 400; line-height: 14px; font-size: 14px;\">Normaliser la pression sanguine gr\u00e2ce \u00e0 la r\u00e9duction du stress.<\/span><\/p>\n<p><span style=\"font-weight: 400; line-height: 14px; font-size: 14px;\">Am\u00e9lioration des capacit\u00e9s visuo-spatiales.<\/span><\/p>\n<h4><span style=\"line-height: 14px; font-size: 14px;\"><strong>Renoir &#8211; l&rsquo;artiste qui a peint tous les jours de sa vie<\/strong><\/span><\/h4>\n<p><span style=\"line-height: 14px; font-size: 14px;\"><span style=\"font-weight: 400;\">Pierre-Auguste Renoir est connu comme le fondateur de l&rsquo;impressionnisme aux c\u00f4t\u00e9s de <\/span><span style=\"font-weight: 400;\">Claude Monet, Alfred Sisley et Paul C\u00e9zanne. Renoir \u00e9tait un artiste qui peignait passionn\u00e9ment tous les jours, comme il l&rsquo;a lui-m\u00eame d\u00e9clar\u00e9 <\/span><em><span style=\"font-weight: 400;\">\u00ab\u00a0Je ne pense pas qu&rsquo;il se soit pass\u00e9 un jour dans ma vie o\u00f9 je n&rsquo;ai pas peint\u00a0\u00bb.<\/span><\/em><\/span><\/p>\n<p><span style=\"line-height: 14px; font-size: 14px;\"><span style=\"font-weight: 400;\">On dit que le jour de son d\u00e9c\u00e8s, il a demand\u00e9 ses pinceaux et ses peintures et s&rsquo;est murmur\u00e9 \u00e0 lui-m\u00eame <\/span><em><span style=\"font-weight: 400;\">\u00ab\u00a0Maintenant je comprends.\u00a0\u00bb<\/span><\/em><\/span><\/p>\n<p><span style=\"font-weight: 400; line-height: 14px; font-size: 14px;\">\u00c0 13 ans, il \u00e9tait d\u00e9corateur de porcelaine. Il a peint des ventilateurs et des stores pour r\u00e9colter de l&rsquo;argent afin de payer ses \u00e9tudes de peinture <\/span><\/p>\n<p><span style=\"font-weight: 400; line-height: 14px; font-size: 14px;\">Au d\u00e9but de sa carri\u00e8re, il a copi\u00e9 diverses \u0153uvres expos\u00e9es au Louvre. L&rsquo;ann\u00e9e pr\u00e9c\u00e9dant sa mort, il a visit\u00e9 le mus\u00e9e et admir\u00e9 ses propres \u0153uvres qui y sont expos\u00e9es.<\/span><\/p>\n<h4><span style=\"line-height: 14px; font-size: 14px;\"><strong>Les puzzles d&rsquo;art te font d\u00e9couvrir les peintres c\u00e9l\u00e8bres du monde entier<\/strong><\/span><\/h4>\n<p><span style=\"font-weight: 400; line-height: 14px; font-size: 14px;\">Les puzzles d&rsquo;art te font d\u00e9couvrir le monde fascinant de la peinture et te mettent au d\u00e9fi d&rsquo;apprendre \u00e0 conna\u00eetre les artistes qui se cachent derri\u00e8re les chefs-d&rsquo;\u0153uvre repr\u00e9sent\u00e9s dans les puzzles de 1000 pi\u00e8ces. De plus, il y a d&rsquo;autres avantages :<\/span><\/p>\n<p><span style=\"font-weight: 400; line-height: 14px; font-size: 14px;\">Tu d\u00e9veloppes tes comp\u00e9tences en r\u00e9solution d&rsquo;\u00e9nigmes.<\/span><\/p>\n<p><span style=\"font-weight: 400; line-height: 14px; font-size: 14px;\">Tu affines ton sens des couleurs et de l&rsquo;esth\u00e9tique.<\/span><\/p>\n<p><span style=\"font-weight: 400; line-height: 14px; font-size: 14px;\">Tu deviens un v\u00e9ritable d\u00e9tective qui cherche des indices parmi les 1000 pi\u00e8ces du puzzle pour r\u00e9soudre le myst\u00e8re d&rsquo;une \u0153uvre d&rsquo;art.<\/span><\/p>\n<p><span style=\"font-weight: 400; line-height: 14px; font-size: 14px;\">Cr\u00e9e des tableaux uniques, des r\u00e9pliques de tableaux c\u00e9l\u00e8bres qui raviront tes yeux et d\u00e9coreront ta maison.<\/span><span style=\"line-height: 14px; font-size: 14px;\"><span style=\"font-weight: 400;\">Ach\u00e8te maintenant un puzzle de 1000 pi\u00e8ces <\/span><span style=\"font-weight: 400;\">Pierre-Auguste Renoir &#8211; The Swing et profite d&rsquo;une exp\u00e9rience artistique et relaxante unique ! Termine ce merveilleux puzzle artistique seul pendant les soir\u00e9es mornes ou avec des amis pendant les week-ends froids qui te retiennent \u00e0 l&rsquo;int\u00e9rieur. Offre le cadeau d&rsquo;un puzzle de 1000 pi\u00e8ces \u00e0 ta famille ou \u00e0 un ami amateur de puzzle.<\/span><\/span><\/p>\n","protected":false},"excerpt":{"rendered":"<p>Tu penses \u00eatre dou\u00e9 pour les jeux de r\u00e9flexion ? Nous te mettons au d\u00e9fi d&rsquo;assembler des puzzles artistiques !<\/p>\n","protected":false},"featured_media":62958,"template":"","meta":[],"product_brand":[],"product_cat":[2314,2315,2316],"product_tag":[],"class_list":{"0":"post-52916","1":"product","2":"type-product","3":"status-publish","4":"has-post-thumbnail","6":"product_cat-puzzles-fr","7":"product_cat-puzzles-pour-adultes","8":"product_cat-puzzles-de-1000-pieces","9":"pa_bax-10-fr","10":"pa_brand-d_toys-fr","11":"pa_country_of_manufacture-ro-fr","12":"pa_filter_age-14-fr","13":"pa_painter-pierreaugusterenoir-fr","14":"pa_tip_ambalaj-boite","15":"pa_tip_puzzle-classique","17":"first","18":"instock","19":"taxable","20":"shipping-taxable","21":"product-type-simple"},"yoast_head":"<!-- This site is optimized with the Yoast SEO plugin v20.1 - https:\/\/yoast.com\/wordpress\/plugins\/seo\/ -->\n<title>Pierre-Auguste Renoir Puzzle adulte de 1000 pi\u00e8ces - La Balan\u00e7oire\/Leaganul<\/title>\n<meta name=\"description\" content=\"Pierre-Auguste Renoir Puzzle adulte de 1000 pi\u00e8ces - La Balan\u00e7oire\/Leaganul\" \/>\n<meta name=\"robots\" content=\"index, follow, max-snippet:-1, max-image-preview:large, max-video-preview:-1\" \/>\n<link rel=\"canonical\" href=\"https:\/\/business.roovi.com\/fr\/pierre-auguste-renoir-puzzle-adulte-de-1000-pieces-la-balancoire-leaganul\/p\/\" \/>\n<meta property=\"og:locale\" content=\"fr_FR\" \/>\n<meta property=\"og:type\" content=\"article\" \/>\n<meta property=\"og:title\" content=\"Pierre-Auguste Renoir Puzzle adulte de 1000 pi\u00e8ces - La Balan\u00e7oire\/Leaganul\" \/>\n<meta property=\"og:description\" content=\"Pierre-Auguste Renoir Puzzle adulte de 1000 pi\u00e8ces - La Balan\u00e7oire\/Leaganul\" \/>\n<meta property=\"og:url\" content=\"https:\/\/business.roovi.com\/fr\/pierre-auguste-renoir-puzzle-adulte-de-1000-pieces-la-balancoire-leaganul\/p\/\" \/>\n<meta property=\"og:site_name\" content=\"Roovi B2B\" \/>\n<meta property=\"article:publisher\" content=\"https:\/\/www.facebook.com\/wwwjucariero\" \/>\n<meta property=\"article:modified_time\" content=\"2023-02-20T05:52:08+00:00\" \/>\n<meta property=\"og:image\" content=\"https:\/\/business.roovi.com\/wp-content\/uploads\/2018\/04\/66909-RE-03-WEB.jpg\" \/>\n\t<meta property=\"og:image:width\" content=\"1200\" \/>\n\t<meta property=\"og:image:height\" content=\"1200\" \/>\n\t<meta property=\"og:image:type\" content=\"image\/jpeg\" \/>\n<meta name=\"twitter:label1\" content=\"Dur\u00e9e de lecture estim\u00e9e\" \/>\n\t<meta name=\"twitter:data1\" content=\"4 minutes\" \/>\n<script type=\"application\/ld+json\" class=\"yoast-schema-graph\">{\"@context\":\"https:\/\/schema.org\",\"@graph\":[{\"@type\":\"WebPage\",\"@id\":\"https:\/\/business.roovi.com\/fr\/pierre-auguste-renoir-puzzle-adulte-de-1000-pieces-la-balancoire-leaganul\/p\/\",\"url\":\"https:\/\/business.roovi.com\/fr\/pierre-auguste-renoir-puzzle-adulte-de-1000-pieces-la-balancoire-leaganul\/p\/\",\"name\":\"Pierre-Auguste Renoir Puzzle adulte de 1000 pi\u00e8ces - La Balan\u00e7oire\/Leaganul\",\"isPartOf\":{\"@id\":\"https:\/\/business.roovi.com\/fr\/#website\"},\"datePublished\":\"2018-04-16T10:56:17+00:00\",\"dateModified\":\"2023-02-20T05:52:08+00:00\",\"description\":\"Pierre-Auguste Renoir Puzzle adulte de 1000 pi\u00e8ces - La Balan\u00e7oire\/Leaganul\",\"breadcrumb\":{\"@id\":\"https:\/\/business.roovi.com\/fr\/pierre-auguste-renoir-puzzle-adulte-de-1000-pieces-la-balancoire-leaganul\/p\/#breadcrumb\"},\"inLanguage\":\"fr-FR\",\"potentialAction\":[{\"@type\":\"ReadAction\",\"target\":[\"https:\/\/business.roovi.com\/fr\/pierre-auguste-renoir-puzzle-adulte-de-1000-pieces-la-balancoire-leaganul\/p\/\"]}]},{\"@type\":\"BreadcrumbList\",\"@id\":\"https:\/\/business.roovi.com\/fr\/pierre-auguste-renoir-puzzle-adulte-de-1000-pieces-la-balancoire-leaganul\/p\/#breadcrumb\",\"itemListElement\":[{\"@type\":\"ListItem\",\"position\":1,\"name\":\"Home\",\"item\":\"https:\/\/business.roovi.com\/fr\/\"},{\"@type\":\"ListItem\",\"position\":2,\"name\":\"Boutique\",\"item\":\"https:\/\/business.roovi.com\/fr\/boutique\/\"},{\"@type\":\"ListItem\",\"position\":3,\"name\":\"Pierre-Auguste Renoir Puzzle adulte de 1000 pi\u00e8ces &#8211; La Balan\u00e7oire\"}]},{\"@type\":\"WebSite\",\"@id\":\"https:\/\/business.roovi.com\/fr\/#website\",\"url\":\"https:\/\/business.roovi.com\/fr\/\",\"name\":\"Roovi B2B\",\"description\":\"Roovi Business Website\",\"potentialAction\":[{\"@type\":\"SearchAction\",\"target\":{\"@type\":\"EntryPoint\",\"urlTemplate\":\"https:\/\/business.roovi.com\/fr\/?s={search_term_string}\"},\"query-input\":\"required name=search_term_string\"}],\"inLanguage\":\"fr-FR\"}]}<\/script>\n<!-- \/ Yoast SEO plugin. -->","yoast_head_json":{"title":"Pierre-Auguste Renoir Puzzle adulte de 1000 pi\u00e8ces - La Balan\u00e7oire\/Leaganul","description":"Pierre-Auguste Renoir Puzzle adulte de 1000 pi\u00e8ces - La Balan\u00e7oire\/Leaganul","robots":{"index":"index","follow":"follow","max-snippet":"max-snippet:-1","max-image-preview":"max-image-preview:large","max-video-preview":"max-video-preview:-1"},"canonical":"https:\/\/business.roovi.com\/fr\/pierre-auguste-renoir-puzzle-adulte-de-1000-pieces-la-balancoire-leaganul\/p\/","og_locale":"fr_FR","og_type":"article","og_title":"Pierre-Auguste Renoir Puzzle adulte de 1000 pi\u00e8ces - La Balan\u00e7oire\/Leaganul","og_description":"Pierre-Auguste Renoir Puzzle adulte de 1000 pi\u00e8ces - La Balan\u00e7oire\/Leaganul","og_url":"https:\/\/business.roovi.com\/fr\/pierre-auguste-renoir-puzzle-adulte-de-1000-pieces-la-balancoire-leaganul\/p\/","og_site_name":"Roovi B2B","article_publisher":"https:\/\/www.facebook.com\/wwwjucariero","article_modified_time":"2023-02-20T05:52:08+00:00","og_image":[{"width":1200,"height":1200,"url":"https:\/\/business.roovi.com\/wp-content\/uploads\/2018\/04\/66909-RE-03-WEB.jpg","type":"image\/jpeg"}],"twitter_misc":{"Dur\u00e9e de lecture estim\u00e9e":"4 minutes"},"schema":{"@context":"https:\/\/schema.org","@graph":[{"@type":"WebPage","@id":"https:\/\/business.roovi.com\/fr\/pierre-auguste-renoir-puzzle-adulte-de-1000-pieces-la-balancoire-leaganul\/p\/","url":"https:\/\/business.roovi.com\/fr\/pierre-auguste-renoir-puzzle-adulte-de-1000-pieces-la-balancoire-leaganul\/p\/","name":"Pierre-Auguste Renoir Puzzle adulte de 1000 pi\u00e8ces - La Balan\u00e7oire\/Leaganul","isPartOf":{"@id":"https:\/\/business.roovi.com\/fr\/#website"},"datePublished":"2018-04-16T10:56:17+00:00","dateModified":"2023-02-20T05:52:08+00:00","description":"Pierre-Auguste Renoir Puzzle adulte de 1000 pi\u00e8ces - La Balan\u00e7oire\/Leaganul","breadcrumb":{"@id":"https:\/\/business.roovi.com\/fr\/pierre-auguste-renoir-puzzle-adulte-de-1000-pieces-la-balancoire-leaganul\/p\/#breadcrumb"},"inLanguage":"fr-FR","potentialAction":[{"@type":"ReadAction","target":["https:\/\/business.roovi.com\/fr\/pierre-auguste-renoir-puzzle-adulte-de-1000-pieces-la-balancoire-leaganul\/p\/"]}]},{"@type":"BreadcrumbList","@id":"https:\/\/business.roovi.com\/fr\/pierre-auguste-renoir-puzzle-adulte-de-1000-pieces-la-balancoire-leaganul\/p\/#breadcrumb","itemListElement":[{"@type":"ListItem","position":1,"name":"Home","item":"https:\/\/business.roovi.com\/fr\/"},{"@type":"ListItem","position":2,"name":"Boutique","item":"https:\/\/business.roovi.com\/fr\/boutique\/"},{"@type":"ListItem","position":3,"name":"Pierre-Auguste Renoir Puzzle adulte de 1000 pi\u00e8ces &#8211; La Balan\u00e7oire"}]},{"@type":"WebSite","@id":"https:\/\/business.roovi.com\/fr\/#website","url":"https:\/\/business.roovi.com\/fr\/","name":"Roovi B2B","description":"Roovi Business Website","potentialAction":[{"@type":"SearchAction","target":{"@type":"EntryPoint","urlTemplate":"https:\/\/business.roovi.com\/fr\/?s={search_term_string}"},"query-input":"required name=search_term_string"}],"inLanguage":"fr-FR"}]}},"_links":{"self":[{"href":"https:\/\/business.roovi.com\/fr\/wp-json\/wp\/v2\/product\/52916","targetHints":{"allow":["GET"]}}],"collection":[{"href":"https:\/\/business.roovi.com\/fr\/wp-json\/wp\/v2\/product"}],"about":[{"href":"https:\/\/business.roovi.com\/fr\/wp-json\/wp\/v2\/types\/product"}],"version-history":[{"count":0,"href":"https:\/\/business.roovi.com\/fr\/wp-json\/wp\/v2\/product\/52916\/revisions"}],"wp:featuredmedia":[{"embeddable":true,"href":"https:\/\/business.roovi.com\/fr\/wp-json\/wp\/v2\/media\/62958"}],"wp:attachment":[{"href":"https:\/\/business.roovi.com\/fr\/wp-json\/wp\/v2\/media?parent=52916"}],"wp:term":[{"taxonomy":"product_brand","embeddable":true,"href":"https:\/\/business.roovi.com\/fr\/wp-json\/wp\/v2\/product_brand?post=52916"},{"taxonomy":"product_cat","embeddable":true,"href":"https:\/\/business.roovi.com\/fr\/wp-json\/wp\/v2\/product_cat?post=52916"},{"taxonomy":"product_tag","embeddable":true,"href":"https:\/\/business.roovi.com\/fr\/wp-json\/wp\/v2\/product_tag?post=52916"}],"curies":[{"name":"wp","href":"https:\/\/api.w.org\/{rel}","templated":true}]}}