{"id":52928,"date":"2018-04-16T10:56:17","date_gmt":"2018-04-16T10:56:17","guid":{"rendered":"https:\/\/business.roovi.com\/puzzle-adulti-alphonse-mucha-the-precious-stonespietre-pretioase-1000-piese\/p\/"},"modified":"2022-07-13T10:21:29","modified_gmt":"2022-07-13T10:21:29","slug":"alphonse-mucha-puzzle-adulte-1000-pieces-les-pierres-precieuses","status":"publish","type":"product","link":"https:\/\/business.roovi.com\/fr\/alphonse-mucha-puzzle-adulte-1000-pieces-les-pierres-precieuses\/p\/","title":{"rendered":"Alphonse Mucha Puzzle Adulte 1000 pi\u00e8ces &#8211; Les Pierres Pr\u00e9cieuses"},"content":{"rendered":"<h3><span style=\"font-weight: 400; font-size: 14px;\">D\u00e9couvre notre gamme de puzzles d&rsquo;art comprenant des puzzles de 1000 pi\u00e8ces avec des images d&rsquo;\u0153uvres des p\u00e9riodes artistiques les plus importantes de l&rsquo;histoire. Ach\u00e8te des puzzles pour adultes et cr\u00e9e ta propre galerie d&rsquo;art ! <\/span><\/h3>\n<h3><span style=\"font-weight: 400; font-size: 14px;\">Dans notre vaste gamme, tu trouveras \u00e9galement Alphonse Mucha, le plus grand repr\u00e9sentant de la peinture Art Nouveau, dans nos jeux de puzzle. Alphonse Mucha &#8211; Les Pierres pr\u00e9cieuses est l&rsquo;une des \u0153uvres les plus repr\u00e9sentatives de l&rsquo;artiste et repr\u00e9sente 4 femmes personnifiant 4 pierres pr\u00e9cieuses : topaze, rubis, am\u00e9thyste et \u00e9meraude. La partie sup\u00e9rieure de la composition est domin\u00e9e par la figure f\u00e9minine et la partie inf\u00e9rieure par une fleur de la couleur de la pierre pr\u00e9cieuse qu&rsquo;elle repr\u00e9sente <\/span><\/h3>\n<h3><span style=\"font-weight: 400; font-size: 14px;\">Le puzzle de 1000 pi\u00e8ces est fabriqu\u00e9 en carton de la plus haute qualit\u00e9, ce qui lui conf\u00e8re une longue dur\u00e9e de vie. Les pi\u00e8ces de ce merveilleux puzzle sont d\u00e9coup\u00e9es avec une grande pr\u00e9cision, de sorte que le puzzle de 1000 pi\u00e8ces s&rsquo;assemble parfaitement et que l&rsquo;image finale est une copie presque parfaite de l&rsquo;original <\/span><\/h3>\n<p><span style=\"font-size: 14px;\"><strong>Caract\u00e9ristiques du puzzle Alphonse Mucha &#8211; Les Pierres pr\u00e9cieuses de 1000 pi\u00e8ces :<\/strong><\/span><\/p>\n<p><span style=\"font-size: 14px;\"><strong>Taille du puzzle 1000 pi\u00e8ces : 50 x 70 cm &#8211; pour l&rsquo;assembler, tu as besoin d&rsquo;une table basse de salon<\/strong><\/span><\/p>\n<p><span style=\"font-size: 14px;\"><strong>Mat\u00e9riau du puzzle de 1000 pi\u00e8ces <\/strong><\/span><\/p>\n<p><span style=\"font-size: 14px;\"><strong>carton bleu de 2 mm d&rsquo;\u00e9paisseur<\/strong><\/span><\/p>\n<p><span style=\"font-size: 14px;\"><strong>des mat\u00e9riaux durables et recyclables<\/strong><\/span><\/p>\n<p><span style=\"font-size: 14px;\"><strong>finition semi-brillante, couleurs vives<\/strong><\/span><\/p>\n<p><span style=\"font-size: 14px;\"><strong>Nombre de pi\u00e8ces de puzzle : 1000<\/strong><\/span><\/p>\n<p><span style=\"font-size: 14px;\"><strong>\u00c2ge recommand\u00e9 : 14+<\/strong><\/span><\/p>\n<p><span style=\"font-size: 14px;\"><strong>Assemble 1000 pi\u00e8ces et porte-toi bien !<\/strong><\/span><\/p>\n<p><span style=\"font-weight: 400; font-size: 14px;\">Harmonie, raffinement, couleur. Paix et tranquillit\u00e9. Tu ressentiras tout cela en contemplant l&rsquo;image dans ce superbe puzzle artistique. Mets-toi au travail, assemble le puzzle de 1000 pi\u00e8ces de pierres pr\u00e9cieuses, encadre l&rsquo;image et profite de tes sens !<\/span><\/p>\n<p><span style=\"font-size: 14px;\"><strong>Le puzzle de 1000 pi\u00e8ces offre de nombreux autres avantages :<\/strong><\/span><\/p>\n<p><span style=\"font-weight: 400; font-size: 14px;\">Te soulage du stress<\/span><\/p>\n<p><span style=\"font-weight: 400; font-size: 14px;\">Stimule l&rsquo;activit\u00e9 c\u00e9r\u00e9brale<\/span><\/p>\n<p><span style=\"font-weight: 400; font-size: 14px;\">Aide \u00e0 fixer des objectifs clairs<\/span><\/p>\n<p><span style=\"font-weight: 400; font-size: 14px;\">C&rsquo;est un bon exercice pour am\u00e9liorer la concentration.<\/span><\/p>\n<p><span style=\"font-size: 14px;\"><strong>5 faits int\u00e9ressants sur Alphonse Mucha <\/strong><\/span><\/p>\n<ol>\n<li><span style=\"font-weight: 400; font-size: 14px;\">Il consid\u00e9rait l&rsquo;Art Nouveau comme une insulte et ne voulait pas y \u00eatre associ\u00e9.<\/span><\/li>\n<li><span style=\"font-weight: 400; font-size: 14px;\">Il voulait que les tableaux d&rsquo;art atteignent les pauvres qui n&rsquo;avaient pas les moyens de les acheter.<\/span><\/li>\n<li><span style=\"font-weight: 400; font-size: 14px;\">Enfant, il a \u00e9t\u00e9 marqu\u00e9 par la mort soudaine d&rsquo;une fille qu&rsquo;il aimait bien. C&rsquo;est \u00e0 elle, semble-t-il, qu&rsquo;il doit l&rsquo;expression des visages ang\u00e9liques intemporels dans toutes ses \u0153uvres.<\/span><\/li>\n<li><span style=\"font-weight: 400; font-size: 14px;\">Il a con\u00e7u les billets de banque et les timbres postaux de la Tch\u00e9coslovaquie apr\u00e8s la Premi\u00e8re Guerre mondiale, lorsqu&rsquo;elle a obtenu son ind\u00e9pendance.<\/span><\/li>\n<li><span style=\"font-weight: 400; font-size: 14px;\">Il a \u00e9t\u00e9 arr\u00eat\u00e9 par la Gestapo, connu pour son nationalisme slave.<\/span><\/li>\n<\/ol>\n<p><span style=\"font-size: 14px;\"><strong>Termine les incroyables images du puzzle de 1000 pi\u00e8ces et am\u00e9liore tes comp\u00e9tences en r\u00e9solution de probl\u00e8mes !<\/strong><\/span><\/p>\n<p><span style=\"font-weight: 400; font-size: 14px;\">Assembler un puzzle de 1000 pi\u00e8ces pr\u00e9sente un probl\u00e8me de base. Les pi\u00e8ces du puzzle pour adultes sont toutes m\u00e9lang\u00e9es et doivent \u00eatre organis\u00e9es et assembl\u00e9es. La disposition correcte du puzzle cr\u00e9e une occasion de pratiquer les comp\u00e9tences de r\u00e9solution de probl\u00e8mes. Avec chaque puzzle de 1000 pi\u00e8ces termin\u00e9, tu deviens de plus en plus dou\u00e9 pour r\u00e9soudre les situations difficiles.<\/span><\/p>\n<p><span style=\"font-size: 14px;\"><strong>Sois l&rsquo;artiste qui cr\u00e9e une belle peinture \u00e0 partir du puzzle de 1000 pi\u00e8ces !<\/strong><\/span><\/p>\n<p><span style=\"font-weight: 400; font-size: 14px;\">Tu n&rsquo;es pas un peintre, mais tu peux r\u00eaver de devenir un ma\u00eetre. Termine ce merveilleux puzzle artistique et entre dans le monde \u00e9tonnant du c\u00e9l\u00e8bre Alphonse Mucha.<\/span><\/p>\n<p><span style=\"font-size: 14px;\"><span style=\"font-weight: 400;\">Tu es passionn\u00e9 par les puzzles de 1000 pi\u00e8ces ? Acheter Alphonse Mucha &#8211; Les Pierres Pr\u00e9cieuses puzzle de 1000 pi\u00e8ces<\/span><span style=\"font-weight: 400;\"> et cr\u00e9e ta propre collection d&rsquo;art. Ce merveilleux jeu de puzzle offre jusqu&rsquo;\u00e0 30 heures de d\u00e9tente dans l&rsquo;intimit\u00e9 de ta maison.<\/span><\/span><\/p>\n<p><span style=\"font-weight: 400; font-size: 14px;\">Tu dois acheter rapidement un cadeau pour un \u00eatre cher ? Commande vite ce puzzle pour adultes et apporte de la joie \u00e0 ton amie !<\/span><\/p><\/p>\n","protected":false},"excerpt":{"rendered":"<p>D\u00e9couvre notre gamme de puzzles d&rsquo;art comprenant des puzzles de 1000 pi\u00e8ces avec des images d&rsquo;\u0153uvres des p\u00e9riodes artistiques les<\/p>\n","protected":false},"featured_media":63054,"template":"","meta":[],"product_brand":[],"product_cat":[2314,2316,2315],"product_tag":[],"class_list":{"0":"post-52928","1":"product","2":"type-product","3":"status-publish","4":"has-post-thumbnail","6":"product_cat-puzzles-fr","7":"product_cat-puzzles-de-1000-pieces","8":"product_cat-puzzles-pour-adultes","9":"pa_bax-10-fr","10":"pa_brand-d_toys-fr","11":"pa_country_of_manufacture-ro-fr","12":"pa_filter_age-14-fr","13":"pa_painter-alphonsemucha-fr","14":"pa_tip_ambalaj-boite","15":"pa_tip_puzzle-classique","17":"first","18":"instock","19":"taxable","20":"shipping-taxable","21":"product-type-simple"},"yoast_head":"<!-- This site is optimized with the Yoast SEO plugin v20.1 - https:\/\/yoast.com\/wordpress\/plugins\/seo\/ -->\n<title>Alphonse Mucha Puzzle Adulte 1000 pi\u00e8ces - Les Pierres Pr\u00e9cieuses<\/title>\n<meta name=\"description\" content=\"Alphonse Mucha Puzzle Adulte 1000 pi\u00e8ces - Les Pierres Pr\u00e9cieuses\" \/>\n<meta name=\"robots\" content=\"index, follow, max-snippet:-1, max-image-preview:large, max-video-preview:-1\" \/>\n<link rel=\"canonical\" href=\"https:\/\/business.roovi.com\/fr\/alphonse-mucha-puzzle-adulte-1000-pieces-les-pierres-precieuses\/p\/\" \/>\n<meta property=\"og:locale\" content=\"fr_FR\" \/>\n<meta property=\"og:type\" content=\"article\" \/>\n<meta property=\"og:title\" content=\"Alphonse Mucha Puzzle Adulte 1000 pi\u00e8ces - Les Pierres Pr\u00e9cieuses\" \/>\n<meta property=\"og:description\" content=\"Alphonse Mucha Puzzle Adulte 1000 pi\u00e8ces - Les Pierres Pr\u00e9cieuses\" \/>\n<meta property=\"og:url\" content=\"https:\/\/business.roovi.com\/fr\/alphonse-mucha-puzzle-adulte-1000-pieces-les-pierres-precieuses\/p\/\" \/>\n<meta property=\"og:site_name\" content=\"Roovi B2B\" \/>\n<meta property=\"article:publisher\" content=\"https:\/\/www.facebook.com\/wwwjucariero\" \/>\n<meta property=\"article:modified_time\" content=\"2022-07-13T10:21:29+00:00\" \/>\n<meta property=\"og:image\" content=\"https:\/\/business.roovi.com\/wp-content\/uploads\/2018\/04\/66930-07_ansamblu_dimensiuni_cutie_cm_orizontal.png\" \/>\n\t<meta property=\"og:image:width\" content=\"1200\" \/>\n\t<meta property=\"og:image:height\" content=\"1200\" \/>\n\t<meta property=\"og:image:type\" content=\"image\/png\" \/>\n<meta name=\"twitter:label1\" content=\"Dur\u00e9e de lecture estim\u00e9e\" \/>\n\t<meta name=\"twitter:data1\" content=\"3 minutes\" \/>\n<script type=\"application\/ld+json\" class=\"yoast-schema-graph\">{\"@context\":\"https:\/\/schema.org\",\"@graph\":[{\"@type\":\"WebPage\",\"@id\":\"https:\/\/business.roovi.com\/fr\/alphonse-mucha-puzzle-adulte-1000-pieces-les-pierres-precieuses\/p\/\",\"url\":\"https:\/\/business.roovi.com\/fr\/alphonse-mucha-puzzle-adulte-1000-pieces-les-pierres-precieuses\/p\/\",\"name\":\"Alphonse Mucha Puzzle Adulte 1000 pi\u00e8ces - Les Pierres Pr\u00e9cieuses\",\"isPartOf\":{\"@id\":\"https:\/\/business.roovi.com\/fr\/#website\"},\"datePublished\":\"2018-04-16T10:56:17+00:00\",\"dateModified\":\"2022-07-13T10:21:29+00:00\",\"description\":\"Alphonse Mucha Puzzle Adulte 1000 pi\u00e8ces - Les Pierres Pr\u00e9cieuses\",\"breadcrumb\":{\"@id\":\"https:\/\/business.roovi.com\/fr\/alphonse-mucha-puzzle-adulte-1000-pieces-les-pierres-precieuses\/p\/#breadcrumb\"},\"inLanguage\":\"fr-FR\",\"potentialAction\":[{\"@type\":\"ReadAction\",\"target\":[\"https:\/\/business.roovi.com\/fr\/alphonse-mucha-puzzle-adulte-1000-pieces-les-pierres-precieuses\/p\/\"]}]},{\"@type\":\"BreadcrumbList\",\"@id\":\"https:\/\/business.roovi.com\/fr\/alphonse-mucha-puzzle-adulte-1000-pieces-les-pierres-precieuses\/p\/#breadcrumb\",\"itemListElement\":[{\"@type\":\"ListItem\",\"position\":1,\"name\":\"Home\",\"item\":\"https:\/\/business.roovi.com\/fr\/\"},{\"@type\":\"ListItem\",\"position\":2,\"name\":\"Boutique\",\"item\":\"https:\/\/business.roovi.com\/fr\/boutique\/\"},{\"@type\":\"ListItem\",\"position\":3,\"name\":\"Alphonse Mucha Puzzle Adulte 1000 pi\u00e8ces &#8211; Les Pierres Pr\u00e9cieuses\"}]},{\"@type\":\"WebSite\",\"@id\":\"https:\/\/business.roovi.com\/fr\/#website\",\"url\":\"https:\/\/business.roovi.com\/fr\/\",\"name\":\"Roovi B2B\",\"description\":\"Roovi Business Website\",\"potentialAction\":[{\"@type\":\"SearchAction\",\"target\":{\"@type\":\"EntryPoint\",\"urlTemplate\":\"https:\/\/business.roovi.com\/fr\/?s={search_term_string}\"},\"query-input\":\"required name=search_term_string\"}],\"inLanguage\":\"fr-FR\"}]}<\/script>\n<!-- \/ Yoast SEO plugin. -->","yoast_head_json":{"title":"Alphonse Mucha Puzzle Adulte 1000 pi\u00e8ces - Les Pierres Pr\u00e9cieuses","description":"Alphonse Mucha Puzzle Adulte 1000 pi\u00e8ces - Les Pierres Pr\u00e9cieuses","robots":{"index":"index","follow":"follow","max-snippet":"max-snippet:-1","max-image-preview":"max-image-preview:large","max-video-preview":"max-video-preview:-1"},"canonical":"https:\/\/business.roovi.com\/fr\/alphonse-mucha-puzzle-adulte-1000-pieces-les-pierres-precieuses\/p\/","og_locale":"fr_FR","og_type":"article","og_title":"Alphonse Mucha Puzzle Adulte 1000 pi\u00e8ces - Les Pierres Pr\u00e9cieuses","og_description":"Alphonse Mucha Puzzle Adulte 1000 pi\u00e8ces - Les Pierres Pr\u00e9cieuses","og_url":"https:\/\/business.roovi.com\/fr\/alphonse-mucha-puzzle-adulte-1000-pieces-les-pierres-precieuses\/p\/","og_site_name":"Roovi B2B","article_publisher":"https:\/\/www.facebook.com\/wwwjucariero","article_modified_time":"2022-07-13T10:21:29+00:00","og_image":[{"width":1200,"height":1200,"url":"https:\/\/business.roovi.com\/wp-content\/uploads\/2018\/04\/66930-07_ansamblu_dimensiuni_cutie_cm_orizontal.png","type":"image\/png"}],"twitter_misc":{"Dur\u00e9e de lecture estim\u00e9e":"3 minutes"},"schema":{"@context":"https:\/\/schema.org","@graph":[{"@type":"WebPage","@id":"https:\/\/business.roovi.com\/fr\/alphonse-mucha-puzzle-adulte-1000-pieces-les-pierres-precieuses\/p\/","url":"https:\/\/business.roovi.com\/fr\/alphonse-mucha-puzzle-adulte-1000-pieces-les-pierres-precieuses\/p\/","name":"Alphonse Mucha Puzzle Adulte 1000 pi\u00e8ces - Les Pierres Pr\u00e9cieuses","isPartOf":{"@id":"https:\/\/business.roovi.com\/fr\/#website"},"datePublished":"2018-04-16T10:56:17+00:00","dateModified":"2022-07-13T10:21:29+00:00","description":"Alphonse Mucha Puzzle Adulte 1000 pi\u00e8ces - Les Pierres Pr\u00e9cieuses","breadcrumb":{"@id":"https:\/\/business.roovi.com\/fr\/alphonse-mucha-puzzle-adulte-1000-pieces-les-pierres-precieuses\/p\/#breadcrumb"},"inLanguage":"fr-FR","potentialAction":[{"@type":"ReadAction","target":["https:\/\/business.roovi.com\/fr\/alphonse-mucha-puzzle-adulte-1000-pieces-les-pierres-precieuses\/p\/"]}]},{"@type":"BreadcrumbList","@id":"https:\/\/business.roovi.com\/fr\/alphonse-mucha-puzzle-adulte-1000-pieces-les-pierres-precieuses\/p\/#breadcrumb","itemListElement":[{"@type":"ListItem","position":1,"name":"Home","item":"https:\/\/business.roovi.com\/fr\/"},{"@type":"ListItem","position":2,"name":"Boutique","item":"https:\/\/business.roovi.com\/fr\/boutique\/"},{"@type":"ListItem","position":3,"name":"Alphonse Mucha Puzzle Adulte 1000 pi\u00e8ces &#8211; Les Pierres Pr\u00e9cieuses"}]},{"@type":"WebSite","@id":"https:\/\/business.roovi.com\/fr\/#website","url":"https:\/\/business.roovi.com\/fr\/","name":"Roovi B2B","description":"Roovi Business Website","potentialAction":[{"@type":"SearchAction","target":{"@type":"EntryPoint","urlTemplate":"https:\/\/business.roovi.com\/fr\/?s={search_term_string}"},"query-input":"required name=search_term_string"}],"inLanguage":"fr-FR"}]}},"_links":{"self":[{"href":"https:\/\/business.roovi.com\/fr\/wp-json\/wp\/v2\/product\/52928","targetHints":{"allow":["GET"]}}],"collection":[{"href":"https:\/\/business.roovi.com\/fr\/wp-json\/wp\/v2\/product"}],"about":[{"href":"https:\/\/business.roovi.com\/fr\/wp-json\/wp\/v2\/types\/product"}],"version-history":[{"count":0,"href":"https:\/\/business.roovi.com\/fr\/wp-json\/wp\/v2\/product\/52928\/revisions"}],"wp:featuredmedia":[{"embeddable":true,"href":"https:\/\/business.roovi.com\/fr\/wp-json\/wp\/v2\/media\/63054"}],"wp:attachment":[{"href":"https:\/\/business.roovi.com\/fr\/wp-json\/wp\/v2\/media?parent=52928"}],"wp:term":[{"taxonomy":"product_brand","embeddable":true,"href":"https:\/\/business.roovi.com\/fr\/wp-json\/wp\/v2\/product_brand?post=52928"},{"taxonomy":"product_cat","embeddable":true,"href":"https:\/\/business.roovi.com\/fr\/wp-json\/wp\/v2\/product_cat?post=52928"},{"taxonomy":"product_tag","embeddable":true,"href":"https:\/\/business.roovi.com\/fr\/wp-json\/wp\/v2\/product_tag?post=52928"}],"curies":[{"name":"wp","href":"https:\/\/api.w.org\/{rel}","templated":true}]}}