{"id":52934,"date":"2018-04-16T10:56:17","date_gmt":"2018-04-16T10:56:17","guid":{"rendered":"https:\/\/business.roovi.com\/puzzle-adulti-1000-piese-vintage-posters-chocolat-ph-suchard\/p\/"},"modified":"2022-07-13T10:21:34","modified_gmt":"2022-07-13T10:21:34","slug":"puzzle-adulte-de-1000-pieces-sur-les-affiches-vintage-chocolat-ph-suchard","status":"publish","type":"product","link":"https:\/\/business.roovi.com\/fr\/puzzle-adulte-de-1000-pieces-sur-les-affiches-vintage-chocolat-ph-suchard\/p\/","title":{"rendered":"Puzzle adulte de 1000 pi\u00e8ces sur les affiches vintage &#8211; Chocolat Ph. Suchard"},"content":{"rendered":"<p><span style=\"font-weight: 400;\">Tu veux donner de la personnalit\u00e9 \u00e0 certains des petits espaces de ta maison ? La collection de jeux de puzzle illustr\u00e9s vintage te donne l&rsquo;occasion de cr\u00e9er des images sp\u00e9ciales pour embellir ta maison.<\/span><\/p>\n<p><span style=\"font-weight: 400;\">Tu aimes le chocolat ? Que penses-tu des jeux de puzzle ? Si la r\u00e9ponse est OUI aux deux questions, tu seras heureuse de retrouver ta passion pour les jeux et les sucreries dans un puzzle de 1000 pi\u00e8ces au design sp\u00e9cial <\/span><\/p>\n<p><span style=\"font-weight: 400;\">Casse-t\u00eate 1000 pi\u00e8ces Chocolat Ph. Suchard reproduit une c\u00e9l\u00e8bre illustration datant du XIXe si\u00e8cle de l&rsquo;une des premi\u00e8res publicit\u00e9s pour le chocolat de la marque Suchard. L&rsquo;affiche montre 3 petites filles dans une temp\u00eate de neige portant leurs bo\u00eetes de chocolats Suchard <\/span><\/p>\n<p><span style=\"font-weight: 400;\">Chocolat Suchard a commenc\u00e9 comme une entreprise familiale suisse fond\u00e9e en 1825 par le chocolatier <\/span><span style=\"font-weight: 400;\">Philippe Suchard <\/span><span style=\"font-weight: 400;\">l. L&rsquo;entreprise de Suchard n&rsquo;a pas \u00e9t\u00e9 un succ\u00e8s au d\u00e9part car \u00e0 l&rsquo;\u00e9poque, le chocolat n&rsquo;\u00e9tait pas un produit accessible \u00e0 tous. Mais guid\u00e9 par la passion et l&rsquo;innovation, il a r\u00e9ussi \u00e0 se faire un nom dans le monde du&#8230; sucr\u00e9.<\/span><\/p>\n<p><span style=\"font-weight: 400;\">Le tableau de ce puzzle de 1000 pi\u00e8ces peut ajouter du charme \u00e0 ta cuisine, ton salon ou m\u00eame ta chambre d&rsquo;enfant. Tu peux assembler l&rsquo;image sur une table basse ordinaire, seule ou avec des proches. Ce sera une excellente occasion de se d\u00e9tendre et de passer du temps de mani\u00e8re agr\u00e9able.<\/span><\/p>\n<p><span style=\"font-weight: 400;\">Lis plus sur le puzzle 1000 Chocolat Suchard ci-dessous :<\/span><\/p>\n<p><strong>Taille de l&rsquo;image reconstruite : 50 x 70 cm.<\/strong><\/p>\n<p><strong>Mat\u00e9riau du puzzle <\/strong><\/p>\n<p><strong>carton bleu de haute qualit\u00e9<\/strong><\/p>\n<p><strong>des mat\u00e9riaux durables et recyclables<\/strong><\/p>\n<p><strong>finition semi-brillante, couleurs vives<\/strong><\/p>\n<p><strong>Nombre de pi\u00e8ces de puzzle : 1000<\/strong><\/p>\n<p><strong>\u00c2ge recommand\u00e9 : 14+<\/strong><\/p>\n<p><span style=\"font-weight: 400;\">Assemble 1000 pi\u00e8ces de puzzle vintage et profite des nombreux avantages qui accompagnent cette activit\u00e9 :<\/span><\/p>\n<p><span style=\"font-weight: 400;\">Augmente l&rsquo;attention port\u00e9e aux d\u00e9tails.<\/span><\/p>\n<p><span style=\"font-weight: 400;\">Aide \u00e0 entra\u00eener ta dext\u00e9rit\u00e9.<\/span><\/p>\n<p><span style=\"font-weight: 400;\">Aide \u00e0 se concentrer sur une seule t\u00e2che.<\/span><\/p>\n<p><span style=\"font-weight: 400;\">Aide \u00e0 devenir pers\u00e9v\u00e9rant et \u00e0 ne pas abandonner pour atteindre tes objectifs.<\/span><\/p>\n<p><span style=\"font-weight: 400;\">Am\u00e9liore la m\u00e9moire \u00e0 court terme.<\/span><\/p>\n<p><span style=\"font-weight: 400;\">C&rsquo;est l&rsquo;occasion de se d\u00e9tendre et de se d\u00e9tacher de la vie quotidienne.<\/span><\/p>\n<p><strong>Tu savais que&#8230; ?<\/strong><\/p>\n<p><span style=\"font-weight: 400;\">Le succ\u00e8s de Philippe Suchard dans la vente de chocolat est d\u00fb \u00e0 la commande de chocolat qu&rsquo;il a re\u00e7u de la part de <\/span><span style=\"font-weight: 400;\"> Frederick William IV, roi de Prusse.<\/span><\/p>\n<p><span style=\"font-weight: 400;\">D&rsquo;autres souverains c\u00e9l\u00e8bres avaient aussi un faible pour cette friandise. Napol\u00e9on, par exemple, aimait le chocolat car il lui donnait de l&rsquo;\u00e9nergie.<\/span><\/p>\n<p><span style=\"font-weight: 400;\">Mais le chocolat a une histoire bien plus lointaine que le moment Suchard. Il date de plus de 4000 ans et \u00e9tait \u00e0 l&rsquo;origine une boisson ferment\u00e9e.<\/span><\/p>\n<p><span style=\"font-weight: 400;\">La premi\u00e8re tablette de chocolat a \u00e9t\u00e9 produite en 1847 par le chocolatier anglais Joseph Fry.<\/span><\/p>\n<p><span style=\"font-weight: 400;\">Les f\u00e8ves de cacao contiennent des substances qui d\u00e9truisent les bact\u00e9ries responsables des caries dentaires <\/span><\/p>\n<p><span style=\"font-weight: 400;\">La plus grande quantit\u00e9 de chocolat est vendue \u00e0 l&rsquo;a\u00e9roport de Bruxelles, soit environ 800 tonnes par an.<\/span><\/p>\n<p><strong>Vieux puzzle de 1000 pi\u00e8ces Chocolat Ph. Suchard pour s&rsquo;amuser en famille<\/strong><\/p>\n<p><span style=\"font-weight: 400;\">L&rsquo;activit\u00e9 consistant \u00e0 assembler des puzzles peut \u00eatre l&rsquo;occasion de passer du temps de mani\u00e8re agr\u00e9able avec ses proches. Puzzle vintage de 1000 pi\u00e8ces Chocolat Ph. Suchard montre \u00e0 tes enfants une illustration de l&rsquo;une des plus anciennes publicit\u00e9s pour le chocolat. Pr\u00e9pare d&rsquo;autres informations uniques sur cette friandise aim\u00e9e de tous, assemble le puzzle vintage de 1000 pi\u00e8ces et pimente certains moments monotones de tes journ\u00e9es libres.<\/span><\/p>\n<p><span style=\"font-weight: 400;\">Casse-t\u00eate 1000 pi\u00e8ces Chocolat Ph. Suchard t&rsquo;aide \u00e0 cr\u00e9er non seulement un tableau d&rsquo;art vintage, mais aussi des exp\u00e9riences et des souvenirs m\u00e9morables avec tes proches.<\/span><\/p>\n<p><span style=\"font-weight: 400;\">Acheter maintenant 1000 pi\u00e8ces Chocolat Ph. Suchard et profite de nombreuses heures de plaisir et de d\u00e9tente \u00e0 ton gr\u00e9. Que tu choisisses d&rsquo;assembler l&rsquo;image seule ou avec tes enfants ou tes amis, ce merveilleux puzzle pour adultes est un excellent moyen de passer ton temps de mani\u00e8re cr\u00e9ative.<\/span><\/p><\/p>\n","protected":false},"excerpt":{"rendered":"<p>Tu veux donner de la personnalit\u00e9 \u00e0 certains des petits espaces de ta maison ? La collection de jeux de<\/p>\n","protected":false},"featured_media":47433,"template":"","meta":[],"product_brand":[],"product_cat":[2314,2315,2316],"product_tag":[],"class_list":{"0":"post-52934","1":"product","2":"type-product","3":"status-publish","4":"has-post-thumbnail","6":"product_cat-puzzles-fr","7":"product_cat-puzzles-pour-adultes","8":"product_cat-puzzles-de-1000-pieces","9":"pa_bax-10-fr","10":"pa_brand-d_toys-fr","11":"pa_country_of_manufacture-ro-fr","12":"pa_filter_age-14-fr","13":"pa_painter-posters-vintage","14":"pa_tip_ambalaj-boite","15":"pa_tip_puzzle-classique","17":"first","18":"instock","19":"taxable","20":"shipping-taxable","21":"product-type-simple"},"yoast_head":"<!-- This site is optimized with the Yoast SEO plugin v20.1 - https:\/\/yoast.com\/wordpress\/plugins\/seo\/ -->\n<title>Puzzle adulte de 1000 pi\u00e8ces sur les affiches vintage - Chocolat Ph. Suchard<\/title>\n<meta name=\"description\" content=\"Puzzle adulte de 1000 pi\u00e8ces sur les affiches vintage - Chocolat Ph. Suchard\" \/>\n<meta name=\"robots\" content=\"index, follow, max-snippet:-1, max-image-preview:large, max-video-preview:-1\" \/>\n<link rel=\"canonical\" href=\"https:\/\/business.roovi.com\/fr\/puzzle-adulte-de-1000-pieces-sur-les-affiches-vintage-chocolat-ph-suchard\/p\/\" \/>\n<meta property=\"og:locale\" content=\"fr_FR\" \/>\n<meta property=\"og:type\" content=\"article\" \/>\n<meta property=\"og:title\" content=\"Puzzle adulte de 1000 pi\u00e8ces sur les affiches vintage - Chocolat Ph. Suchard\" \/>\n<meta property=\"og:description\" content=\"Puzzle adulte de 1000 pi\u00e8ces sur les affiches vintage - Chocolat Ph. Suchard\" \/>\n<meta property=\"og:url\" content=\"https:\/\/business.roovi.com\/fr\/puzzle-adulte-de-1000-pieces-sur-les-affiches-vintage-chocolat-ph-suchard\/p\/\" \/>\n<meta property=\"og:site_name\" content=\"Roovi B2B\" \/>\n<meta property=\"article:publisher\" content=\"https:\/\/www.facebook.com\/wwwjucariero\" \/>\n<meta property=\"article:modified_time\" content=\"2022-07-13T10:21:34+00:00\" \/>\n<meta property=\"og:image\" content=\"https:\/\/business.roovi.com\/wp-content\/uploads\/2018\/04\/67555-4_ansamblu_dimensiuni_cutie_cm_vertical_1200x1200.png\" \/>\n\t<meta property=\"og:image:width\" content=\"1200\" \/>\n\t<meta property=\"og:image:height\" content=\"1200\" \/>\n\t<meta property=\"og:image:type\" content=\"image\/png\" \/>\n<meta name=\"twitter:label1\" content=\"Dur\u00e9e de lecture estim\u00e9e\" \/>\n\t<meta name=\"twitter:data1\" content=\"3 minutes\" \/>\n<script type=\"application\/ld+json\" class=\"yoast-schema-graph\">{\"@context\":\"https:\/\/schema.org\",\"@graph\":[{\"@type\":\"WebPage\",\"@id\":\"https:\/\/business.roovi.com\/fr\/puzzle-adulte-de-1000-pieces-sur-les-affiches-vintage-chocolat-ph-suchard\/p\/\",\"url\":\"https:\/\/business.roovi.com\/fr\/puzzle-adulte-de-1000-pieces-sur-les-affiches-vintage-chocolat-ph-suchard\/p\/\",\"name\":\"Puzzle adulte de 1000 pi\u00e8ces sur les affiches vintage - Chocolat Ph. Suchard\",\"isPartOf\":{\"@id\":\"https:\/\/business.roovi.com\/fr\/#website\"},\"datePublished\":\"2018-04-16T10:56:17+00:00\",\"dateModified\":\"2022-07-13T10:21:34+00:00\",\"description\":\"Puzzle adulte de 1000 pi\u00e8ces sur les affiches vintage - Chocolat Ph. Suchard\",\"breadcrumb\":{\"@id\":\"https:\/\/business.roovi.com\/fr\/puzzle-adulte-de-1000-pieces-sur-les-affiches-vintage-chocolat-ph-suchard\/p\/#breadcrumb\"},\"inLanguage\":\"fr-FR\",\"potentialAction\":[{\"@type\":\"ReadAction\",\"target\":[\"https:\/\/business.roovi.com\/fr\/puzzle-adulte-de-1000-pieces-sur-les-affiches-vintage-chocolat-ph-suchard\/p\/\"]}]},{\"@type\":\"BreadcrumbList\",\"@id\":\"https:\/\/business.roovi.com\/fr\/puzzle-adulte-de-1000-pieces-sur-les-affiches-vintage-chocolat-ph-suchard\/p\/#breadcrumb\",\"itemListElement\":[{\"@type\":\"ListItem\",\"position\":1,\"name\":\"Home\",\"item\":\"https:\/\/business.roovi.com\/fr\/\"},{\"@type\":\"ListItem\",\"position\":2,\"name\":\"Boutique\",\"item\":\"https:\/\/business.roovi.com\/fr\/boutique\/\"},{\"@type\":\"ListItem\",\"position\":3,\"name\":\"Puzzle adulte de 1000 pi\u00e8ces sur les affiches vintage &#8211; Chocolat Ph. Suchard\"}]},{\"@type\":\"WebSite\",\"@id\":\"https:\/\/business.roovi.com\/fr\/#website\",\"url\":\"https:\/\/business.roovi.com\/fr\/\",\"name\":\"Roovi B2B\",\"description\":\"Roovi Business Website\",\"potentialAction\":[{\"@type\":\"SearchAction\",\"target\":{\"@type\":\"EntryPoint\",\"urlTemplate\":\"https:\/\/business.roovi.com\/fr\/?s={search_term_string}\"},\"query-input\":\"required name=search_term_string\"}],\"inLanguage\":\"fr-FR\"}]}<\/script>\n<!-- \/ Yoast SEO plugin. -->","yoast_head_json":{"title":"Puzzle adulte de 1000 pi\u00e8ces sur les affiches vintage - Chocolat Ph. Suchard","description":"Puzzle adulte de 1000 pi\u00e8ces sur les affiches vintage - Chocolat Ph. Suchard","robots":{"index":"index","follow":"follow","max-snippet":"max-snippet:-1","max-image-preview":"max-image-preview:large","max-video-preview":"max-video-preview:-1"},"canonical":"https:\/\/business.roovi.com\/fr\/puzzle-adulte-de-1000-pieces-sur-les-affiches-vintage-chocolat-ph-suchard\/p\/","og_locale":"fr_FR","og_type":"article","og_title":"Puzzle adulte de 1000 pi\u00e8ces sur les affiches vintage - Chocolat Ph. Suchard","og_description":"Puzzle adulte de 1000 pi\u00e8ces sur les affiches vintage - Chocolat Ph. Suchard","og_url":"https:\/\/business.roovi.com\/fr\/puzzle-adulte-de-1000-pieces-sur-les-affiches-vintage-chocolat-ph-suchard\/p\/","og_site_name":"Roovi B2B","article_publisher":"https:\/\/www.facebook.com\/wwwjucariero","article_modified_time":"2022-07-13T10:21:34+00:00","og_image":[{"width":1200,"height":1200,"url":"https:\/\/business.roovi.com\/wp-content\/uploads\/2018\/04\/67555-4_ansamblu_dimensiuni_cutie_cm_vertical_1200x1200.png","type":"image\/png"}],"twitter_misc":{"Dur\u00e9e de lecture estim\u00e9e":"3 minutes"},"schema":{"@context":"https:\/\/schema.org","@graph":[{"@type":"WebPage","@id":"https:\/\/business.roovi.com\/fr\/puzzle-adulte-de-1000-pieces-sur-les-affiches-vintage-chocolat-ph-suchard\/p\/","url":"https:\/\/business.roovi.com\/fr\/puzzle-adulte-de-1000-pieces-sur-les-affiches-vintage-chocolat-ph-suchard\/p\/","name":"Puzzle adulte de 1000 pi\u00e8ces sur les affiches vintage - Chocolat Ph. Suchard","isPartOf":{"@id":"https:\/\/business.roovi.com\/fr\/#website"},"datePublished":"2018-04-16T10:56:17+00:00","dateModified":"2022-07-13T10:21:34+00:00","description":"Puzzle adulte de 1000 pi\u00e8ces sur les affiches vintage - Chocolat Ph. Suchard","breadcrumb":{"@id":"https:\/\/business.roovi.com\/fr\/puzzle-adulte-de-1000-pieces-sur-les-affiches-vintage-chocolat-ph-suchard\/p\/#breadcrumb"},"inLanguage":"fr-FR","potentialAction":[{"@type":"ReadAction","target":["https:\/\/business.roovi.com\/fr\/puzzle-adulte-de-1000-pieces-sur-les-affiches-vintage-chocolat-ph-suchard\/p\/"]}]},{"@type":"BreadcrumbList","@id":"https:\/\/business.roovi.com\/fr\/puzzle-adulte-de-1000-pieces-sur-les-affiches-vintage-chocolat-ph-suchard\/p\/#breadcrumb","itemListElement":[{"@type":"ListItem","position":1,"name":"Home","item":"https:\/\/business.roovi.com\/fr\/"},{"@type":"ListItem","position":2,"name":"Boutique","item":"https:\/\/business.roovi.com\/fr\/boutique\/"},{"@type":"ListItem","position":3,"name":"Puzzle adulte de 1000 pi\u00e8ces sur les affiches vintage &#8211; Chocolat Ph. Suchard"}]},{"@type":"WebSite","@id":"https:\/\/business.roovi.com\/fr\/#website","url":"https:\/\/business.roovi.com\/fr\/","name":"Roovi B2B","description":"Roovi Business Website","potentialAction":[{"@type":"SearchAction","target":{"@type":"EntryPoint","urlTemplate":"https:\/\/business.roovi.com\/fr\/?s={search_term_string}"},"query-input":"required name=search_term_string"}],"inLanguage":"fr-FR"}]}},"_links":{"self":[{"href":"https:\/\/business.roovi.com\/fr\/wp-json\/wp\/v2\/product\/52934","targetHints":{"allow":["GET"]}}],"collection":[{"href":"https:\/\/business.roovi.com\/fr\/wp-json\/wp\/v2\/product"}],"about":[{"href":"https:\/\/business.roovi.com\/fr\/wp-json\/wp\/v2\/types\/product"}],"version-history":[{"count":0,"href":"https:\/\/business.roovi.com\/fr\/wp-json\/wp\/v2\/product\/52934\/revisions"}],"wp:featuredmedia":[{"embeddable":true,"href":"https:\/\/business.roovi.com\/fr\/wp-json\/wp\/v2\/media\/47433"}],"wp:attachment":[{"href":"https:\/\/business.roovi.com\/fr\/wp-json\/wp\/v2\/media?parent=52934"}],"wp:term":[{"taxonomy":"product_brand","embeddable":true,"href":"https:\/\/business.roovi.com\/fr\/wp-json\/wp\/v2\/product_brand?post=52934"},{"taxonomy":"product_cat","embeddable":true,"href":"https:\/\/business.roovi.com\/fr\/wp-json\/wp\/v2\/product_cat?post=52934"},{"taxonomy":"product_tag","embeddable":true,"href":"https:\/\/business.roovi.com\/fr\/wp-json\/wp\/v2\/product_tag?post=52934"}],"curies":[{"name":"wp","href":"https:\/\/api.w.org\/{rel}","templated":true}]}}