{"id":52937,"date":"2018-04-16T10:56:17","date_gmt":"2018-04-16T10:56:17","guid":{"rendered":"https:\/\/business.roovi.com\/puzzle-adulti-1000-piese-vintage-posters-biscuits-champagne-lefevre-utile\/p\/"},"modified":"2022-07-13T10:21:36","modified_gmt":"2022-07-13T10:21:36","slug":"puzzle-adulte-1000-pieces-affiches-vintage-biscuits-champagne-lefevre-utile","status":"publish","type":"product","link":"https:\/\/business.roovi.com\/fr\/puzzle-adulte-1000-pieces-affiches-vintage-biscuits-champagne-lefevre-utile\/p\/","title":{"rendered":"Puzzle adulte 1000 pi\u00e8ces Affiches vintage &#8211; Biscuits Champagne Lef\u00e8vre-Utile"},"content":{"rendered":"<p><span style=\"font-weight: 400;\">D\u00e9couvre la plus grande gamme de puzzles vintage en Roumanie et cr\u00e9e tes propres images de puzzle de 1000 pi\u00e8ces, superbes et personnelles. Trouve des images uniques d&rsquo;affiches publicitaires classiques et des illustrations symboliques de la culture du 19e si\u00e8cle dans des jeux de puzzle fascinants.<\/span><\/p>\n<p><span style=\"font-weight: 400;\">L&rsquo;art vintage semble faire un retour en force et est plus actuel que jamais. Un tableau vintage redonnera toujours vie \u00e0 un espace inutilis\u00e9 de ta maison <\/span><\/p>\n<p><span style=\"font-weight: 400;\">Le puzzle de 1000 pi\u00e8ces Biscuits Champagne Lef\u00e8vre-Utile est une reproduction de l&rsquo;illustration publicitaire r\u00e9alis\u00e9e par l&rsquo;artiste Alphonse Mucha pour la soci\u00e9t\u00e9 fran\u00e7aise en 1896. L&rsquo;image originale montre des personnages styl\u00e9s au premier plan, signe que les produits \u00e9taient destin\u00e9s \u00e0 la haute soci\u00e9t\u00e9.<\/span><\/p>\n<p><span style=\"font-weight: 400;\">Le style inimitable d&rsquo;Alphonse Mucha l&rsquo;a distingu\u00e9 parmi les artistes de son \u00e9poque, et il a produit un certain nombre de lithographies avec des messages publicitaires pour des soci\u00e9t\u00e9s commerciales tout au long de sa carri\u00e8re.<\/span><\/p>\n<p><span style=\"font-weight: 400;\">L&rsquo;image du puzzle de 1000 pi\u00e8ces Biscuits Champagne Lef\u00e8vre-Utile rappelle la p\u00e9riode de l&rsquo;Art Nouveau, avec l&rsquo;\u00e9l\u00e9gance et le style sp\u00e9cifique dans lesquels Mucha a excell\u00e9 tout au long de sa vie <\/span><\/p>\n<p><span style=\"font-weight: 400;\">Caract\u00e9ristiques Puzzle vintage de 1000 pi\u00e8ces &#8211; Biscuits Champagne Lef\u00e8vre-Utile :<\/span><\/p>\n<p><strong>Taille de l&rsquo;image reconstitu\u00e9e : 50 x 70 cm <\/strong><span style=\"font-weight: 400;\">Tu peux utiliser une table basse standard pour l&rsquo;assemblage.<\/span><\/p>\n<p><strong>Mat\u00e9riau du puzzle <\/strong><\/p>\n<p><strong>carton bleu de haute qualit\u00e9<\/strong><\/p>\n<p><strong>des mat\u00e9riaux durables et recyclables<\/strong><\/p>\n<p><strong>finition semi-brillante, couleurs vives<\/strong><\/p>\n<p><strong>Nombre de pi\u00e8ces de puzzle : 1000<\/strong><\/p>\n<p><strong>\u00c2ge recommand\u00e9 : 14+<\/strong><\/p>\n<p><strong>Les jeux de puzzle d&rsquo;art et les 5 comp\u00e9tences qu&rsquo;ils d\u00e9veloppent :<\/strong><\/p>\n<ul>\n<li><span style=\"font-weight: 400;\">Sens esth\u00e9tique<\/span><\/li>\n<li><span style=\"font-weight: 400;\">Cr\u00e9ativit\u00e9<\/span><\/li>\n<li><span style=\"font-weight: 400;\">Attention aux d\u00e9tails<\/span><\/li>\n<li><span style=\"font-weight: 400;\">Pers\u00e9v\u00e9rance<\/span><\/li>\n<li><span style=\"font-weight: 400;\">Capacit\u00e9 \u00e0 se concentrer.<\/span><\/li>\n<\/ul>\n<p><strong>Tu savais que&#8230; ?<\/strong><\/p>\n<p><span style=\"font-weight: 400;\">Alfons Maria Mucha \u00e9tait un peintre et d\u00e9corateur tch\u00e8que, l&rsquo;un des principaux repr\u00e9sentants du mouvement Art nouveau.<\/span><\/p>\n<p><span style=\"font-weight: 400;\">Au cours de sa vie, l&rsquo;artiste a essay\u00e9 de prendre ses distances avec le style Art Nouveau, comprenant son propre art comme une communication d&rsquo;un message spirituel.<\/span><\/p>\n<p><span style=\"font-weight: 400;\">Il \u00e9tait un nationaliste slave convaincu. Il a v\u00e9cu un certain temps \u00e0 New York et a essay\u00e9 de gagner de l&rsquo;argent pour financer ses projets nationalistes.<\/span><\/p>\n<p><span style=\"font-weight: 400;\">Il a r\u00e9alis\u00e9 les images sur les timbres-poste et les billets de banque \u00e9mis dans la Tch\u00e9coslovaquie ind\u00e9pendante proclam\u00e9e \u00e0 la fin de la Premi\u00e8re Guerre mondiale.<\/span><\/p>\n<p><strong>Les puzzles d&rsquo;art sont un moyen de se d\u00e9tendre et de se relaxer<\/strong><\/p>\n<p><span style=\"font-weight: 400;\">Si tu cherches des moments de paix et de d\u00e9tachement des probl\u00e8mes quotidiens, le Puzzle Vintage 1000 pi\u00e8ces &#8211; Biscuits Champagne Lef\u00e8vre-Utile vient \u00e0 toi. Tu es assur\u00e9 d&rsquo;avoir jusqu&rsquo;\u00e0 30 heures d&rsquo;amusement relaxant avec ce magnifique jeu de puzzle.<\/span><\/p>\n<p><span style=\"font-weight: 400;\">Le puzzle Biscuits Champagne de 1000 pi\u00e8ces de Lef\u00e8vre-Utile te d\u00e9connecte des \u00e9crans de tes appareils intelligents et t&#8217;emm\u00e8ne dans le monde de l&rsquo;art, plein de beaut\u00e9 et de hautes vibrations. Laisse-toi guider sur les chemins de l&rsquo;imagination et d\u00e9couvre les symboles artistiques de la fin du 19e si\u00e8cle avec ce merveilleux jeu de puzzle.<\/span><\/p>\n<p><span style=\"font-weight: 400;\">Choisis le puzzle Vintage 1000 pi\u00e8ces &#8211; Biscuits Champagne Lef\u00e8vre-Util pour bannir la monotonie des jours o\u00f9 le soleil ne veut pas se montrer. Tu peux compl\u00e9ter l&rsquo;image dans ce puzzle pour adultes, seule ou avec des amis. Quelle que soit l&rsquo;option choisie, tu profiteras de moments sp\u00e9ciaux qui s&rsquo;accumulent en souvenirs inoubliables.<\/span><\/p>\n<p><span style=\"font-weight: 400;\">D\u00e9couvre toute la collection de puzzles pour adultes illustr\u00e9s Vintage et cr\u00e9e tes propres images de jeux de puzzle uniques avec des designs exceptionnels.<\/span><\/p><\/p>\n","protected":false},"excerpt":{"rendered":"<p>D\u00e9couvre la plus grande gamme de puzzles vintage en Roumanie et cr\u00e9e tes propres images de puzzle de 1000 pi\u00e8ces,<\/p>\n","protected":false},"featured_media":47440,"template":"","meta":[],"product_brand":[],"product_cat":[2314,2316,2315],"product_tag":[],"class_list":{"0":"post-52937","1":"product","2":"type-product","3":"status-publish","4":"has-post-thumbnail","6":"product_cat-puzzles-fr","7":"product_cat-puzzles-de-1000-pieces","8":"product_cat-puzzles-pour-adultes","9":"pa_bax-10-fr","10":"pa_brand-d_toys-fr","11":"pa_country_of_manufacture-ro-fr","12":"pa_filter_age-14-fr","13":"pa_painter-posters-vintage","14":"pa_tip_ambalaj-boite","15":"pa_tip_puzzle-classique","17":"first","18":"instock","19":"taxable","20":"shipping-taxable","21":"product-type-simple"},"yoast_head":"<!-- This site is optimized with the Yoast SEO plugin v20.1 - https:\/\/yoast.com\/wordpress\/plugins\/seo\/ -->\n<title>Puzzle adulte 1000 pi\u00e8ces Affiches vintage - Biscuits Champagne Lef\u00e8vre-Utile<\/title>\n<meta name=\"description\" content=\"Puzzle adulte 1000 pi\u00e8ces Affiches vintage - Biscuits Champagne Lef\u00e8vre-Utile\" \/>\n<meta name=\"robots\" content=\"index, follow, max-snippet:-1, max-image-preview:large, max-video-preview:-1\" \/>\n<link rel=\"canonical\" href=\"https:\/\/business.roovi.com\/fr\/puzzle-adulte-1000-pieces-affiches-vintage-biscuits-champagne-lefevre-utile\/p\/\" \/>\n<meta property=\"og:locale\" content=\"fr_FR\" \/>\n<meta property=\"og:type\" content=\"article\" \/>\n<meta property=\"og:title\" content=\"Puzzle adulte 1000 pi\u00e8ces Affiches vintage - Biscuits Champagne Lef\u00e8vre-Utile\" \/>\n<meta property=\"og:description\" content=\"Puzzle adulte 1000 pi\u00e8ces Affiches vintage - Biscuits Champagne Lef\u00e8vre-Utile\" \/>\n<meta property=\"og:url\" content=\"https:\/\/business.roovi.com\/fr\/puzzle-adulte-1000-pieces-affiches-vintage-biscuits-champagne-lefevre-utile\/p\/\" \/>\n<meta property=\"og:site_name\" content=\"Roovi B2B\" \/>\n<meta property=\"article:publisher\" content=\"https:\/\/www.facebook.com\/wwwjucariero\" \/>\n<meta property=\"article:modified_time\" content=\"2022-07-13T10:21:36+00:00\" \/>\n<meta property=\"og:image\" content=\"https:\/\/business.roovi.com\/wp-content\/uploads\/2018\/04\/a67555-5_nsamblu_dimensiuni_cutie_cm_vertical_1200x1200.png\" \/>\n\t<meta property=\"og:image:width\" content=\"1200\" \/>\n\t<meta property=\"og:image:height\" content=\"1200\" \/>\n\t<meta property=\"og:image:type\" content=\"image\/png\" \/>\n<meta name=\"twitter:label1\" content=\"Dur\u00e9e de lecture estim\u00e9e\" \/>\n\t<meta name=\"twitter:data1\" content=\"3 minutes\" \/>\n<script type=\"application\/ld+json\" class=\"yoast-schema-graph\">{\"@context\":\"https:\/\/schema.org\",\"@graph\":[{\"@type\":\"WebPage\",\"@id\":\"https:\/\/business.roovi.com\/fr\/puzzle-adulte-1000-pieces-affiches-vintage-biscuits-champagne-lefevre-utile\/p\/\",\"url\":\"https:\/\/business.roovi.com\/fr\/puzzle-adulte-1000-pieces-affiches-vintage-biscuits-champagne-lefevre-utile\/p\/\",\"name\":\"Puzzle adulte 1000 pi\u00e8ces Affiches vintage - Biscuits Champagne Lef\u00e8vre-Utile\",\"isPartOf\":{\"@id\":\"https:\/\/business.roovi.com\/fr\/#website\"},\"datePublished\":\"2018-04-16T10:56:17+00:00\",\"dateModified\":\"2022-07-13T10:21:36+00:00\",\"description\":\"Puzzle adulte 1000 pi\u00e8ces Affiches vintage - Biscuits Champagne Lef\u00e8vre-Utile\",\"breadcrumb\":{\"@id\":\"https:\/\/business.roovi.com\/fr\/puzzle-adulte-1000-pieces-affiches-vintage-biscuits-champagne-lefevre-utile\/p\/#breadcrumb\"},\"inLanguage\":\"fr-FR\",\"potentialAction\":[{\"@type\":\"ReadAction\",\"target\":[\"https:\/\/business.roovi.com\/fr\/puzzle-adulte-1000-pieces-affiches-vintage-biscuits-champagne-lefevre-utile\/p\/\"]}]},{\"@type\":\"BreadcrumbList\",\"@id\":\"https:\/\/business.roovi.com\/fr\/puzzle-adulte-1000-pieces-affiches-vintage-biscuits-champagne-lefevre-utile\/p\/#breadcrumb\",\"itemListElement\":[{\"@type\":\"ListItem\",\"position\":1,\"name\":\"Home\",\"item\":\"https:\/\/business.roovi.com\/fr\/\"},{\"@type\":\"ListItem\",\"position\":2,\"name\":\"Boutique\",\"item\":\"https:\/\/business.roovi.com\/fr\/boutique\/\"},{\"@type\":\"ListItem\",\"position\":3,\"name\":\"Puzzle adulte 1000 pi\u00e8ces Affiches vintage &#8211; Biscuits Champagne Lef\u00e8vre-Utile\"}]},{\"@type\":\"WebSite\",\"@id\":\"https:\/\/business.roovi.com\/fr\/#website\",\"url\":\"https:\/\/business.roovi.com\/fr\/\",\"name\":\"Roovi B2B\",\"description\":\"Roovi Business Website\",\"potentialAction\":[{\"@type\":\"SearchAction\",\"target\":{\"@type\":\"EntryPoint\",\"urlTemplate\":\"https:\/\/business.roovi.com\/fr\/?s={search_term_string}\"},\"query-input\":\"required name=search_term_string\"}],\"inLanguage\":\"fr-FR\"}]}<\/script>\n<!-- \/ Yoast SEO plugin. -->","yoast_head_json":{"title":"Puzzle adulte 1000 pi\u00e8ces Affiches vintage - Biscuits Champagne Lef\u00e8vre-Utile","description":"Puzzle adulte 1000 pi\u00e8ces Affiches vintage - Biscuits Champagne Lef\u00e8vre-Utile","robots":{"index":"index","follow":"follow","max-snippet":"max-snippet:-1","max-image-preview":"max-image-preview:large","max-video-preview":"max-video-preview:-1"},"canonical":"https:\/\/business.roovi.com\/fr\/puzzle-adulte-1000-pieces-affiches-vintage-biscuits-champagne-lefevre-utile\/p\/","og_locale":"fr_FR","og_type":"article","og_title":"Puzzle adulte 1000 pi\u00e8ces Affiches vintage - Biscuits Champagne Lef\u00e8vre-Utile","og_description":"Puzzle adulte 1000 pi\u00e8ces Affiches vintage - Biscuits Champagne Lef\u00e8vre-Utile","og_url":"https:\/\/business.roovi.com\/fr\/puzzle-adulte-1000-pieces-affiches-vintage-biscuits-champagne-lefevre-utile\/p\/","og_site_name":"Roovi B2B","article_publisher":"https:\/\/www.facebook.com\/wwwjucariero","article_modified_time":"2022-07-13T10:21:36+00:00","og_image":[{"width":1200,"height":1200,"url":"https:\/\/business.roovi.com\/wp-content\/uploads\/2018\/04\/a67555-5_nsamblu_dimensiuni_cutie_cm_vertical_1200x1200.png","type":"image\/png"}],"twitter_misc":{"Dur\u00e9e de lecture estim\u00e9e":"3 minutes"},"schema":{"@context":"https:\/\/schema.org","@graph":[{"@type":"WebPage","@id":"https:\/\/business.roovi.com\/fr\/puzzle-adulte-1000-pieces-affiches-vintage-biscuits-champagne-lefevre-utile\/p\/","url":"https:\/\/business.roovi.com\/fr\/puzzle-adulte-1000-pieces-affiches-vintage-biscuits-champagne-lefevre-utile\/p\/","name":"Puzzle adulte 1000 pi\u00e8ces Affiches vintage - Biscuits Champagne Lef\u00e8vre-Utile","isPartOf":{"@id":"https:\/\/business.roovi.com\/fr\/#website"},"datePublished":"2018-04-16T10:56:17+00:00","dateModified":"2022-07-13T10:21:36+00:00","description":"Puzzle adulte 1000 pi\u00e8ces Affiches vintage - Biscuits Champagne Lef\u00e8vre-Utile","breadcrumb":{"@id":"https:\/\/business.roovi.com\/fr\/puzzle-adulte-1000-pieces-affiches-vintage-biscuits-champagne-lefevre-utile\/p\/#breadcrumb"},"inLanguage":"fr-FR","potentialAction":[{"@type":"ReadAction","target":["https:\/\/business.roovi.com\/fr\/puzzle-adulte-1000-pieces-affiches-vintage-biscuits-champagne-lefevre-utile\/p\/"]}]},{"@type":"BreadcrumbList","@id":"https:\/\/business.roovi.com\/fr\/puzzle-adulte-1000-pieces-affiches-vintage-biscuits-champagne-lefevre-utile\/p\/#breadcrumb","itemListElement":[{"@type":"ListItem","position":1,"name":"Home","item":"https:\/\/business.roovi.com\/fr\/"},{"@type":"ListItem","position":2,"name":"Boutique","item":"https:\/\/business.roovi.com\/fr\/boutique\/"},{"@type":"ListItem","position":3,"name":"Puzzle adulte 1000 pi\u00e8ces Affiches vintage &#8211; Biscuits Champagne Lef\u00e8vre-Utile"}]},{"@type":"WebSite","@id":"https:\/\/business.roovi.com\/fr\/#website","url":"https:\/\/business.roovi.com\/fr\/","name":"Roovi B2B","description":"Roovi Business Website","potentialAction":[{"@type":"SearchAction","target":{"@type":"EntryPoint","urlTemplate":"https:\/\/business.roovi.com\/fr\/?s={search_term_string}"},"query-input":"required name=search_term_string"}],"inLanguage":"fr-FR"}]}},"_links":{"self":[{"href":"https:\/\/business.roovi.com\/fr\/wp-json\/wp\/v2\/product\/52937","targetHints":{"allow":["GET"]}}],"collection":[{"href":"https:\/\/business.roovi.com\/fr\/wp-json\/wp\/v2\/product"}],"about":[{"href":"https:\/\/business.roovi.com\/fr\/wp-json\/wp\/v2\/types\/product"}],"version-history":[{"count":0,"href":"https:\/\/business.roovi.com\/fr\/wp-json\/wp\/v2\/product\/52937\/revisions"}],"wp:featuredmedia":[{"embeddable":true,"href":"https:\/\/business.roovi.com\/fr\/wp-json\/wp\/v2\/media\/47440"}],"wp:attachment":[{"href":"https:\/\/business.roovi.com\/fr\/wp-json\/wp\/v2\/media?parent=52937"}],"wp:term":[{"taxonomy":"product_brand","embeddable":true,"href":"https:\/\/business.roovi.com\/fr\/wp-json\/wp\/v2\/product_brand?post=52937"},{"taxonomy":"product_cat","embeddable":true,"href":"https:\/\/business.roovi.com\/fr\/wp-json\/wp\/v2\/product_cat?post=52937"},{"taxonomy":"product_tag","embeddable":true,"href":"https:\/\/business.roovi.com\/fr\/wp-json\/wp\/v2\/product_tag?post=52937"}],"curies":[{"name":"wp","href":"https:\/\/api.w.org\/{rel}","templated":true}]}}