{"id":52945,"date":"2018-04-16T10:56:17","date_gmt":"2018-04-16T10:56:17","guid":{"rendered":"https:\/\/business.roovi.com\/puzzle-adulti-1000-piese-vintage-posters-le-chat-noir\/p\/"},"modified":"2022-07-13T10:21:41","modified_gmt":"2022-07-13T10:21:41","slug":"puzzle-adult-1000-pieces-vintage-posters-le-chat-noir","status":"publish","type":"product","link":"https:\/\/business.roovi.com\/fr\/puzzle-adult-1000-pieces-vintage-posters-le-chat-noir\/p\/","title":{"rendered":"Puzzle Adult 1000 pi\u00e8ces Vintage Posters &#8211; Le Chat Noir"},"content":{"rendered":"<p><span style=\"font-weight: 400;\">Tu es passionn\u00e9 par les jeux de puzzle et l&rsquo;art vintage ? Nous avons pour toi une collection unique de puzzles de 1000 pi\u00e8ces avec des illustrations c\u00e9l\u00e8bres qui ont marqu\u00e9 l&rsquo;histoire de l&rsquo;art. D\u00e9couvre l&rsquo;ensemble de l&rsquo;offre et cr\u00e9e ta propre collection unique de puzzles artistiques de 1000 pi\u00e8ces.<\/span><\/p>\n<p><span style=\"font-weight: 400;\">A la fin du 19\u00e8me si\u00e8cle, la <\/span><span style=\"font-weight: 400;\">Montmartre<\/span><span style=\"font-weight: 400;\"> Le Chat Noir &#8211; le premier cabaret moderne de l&rsquo;histoire, un lieu c\u00e9l\u00e8bre pour avoir jou\u00e9 du piano de fa\u00e7on ill\u00e9gale, mais aussi pour \u00eatre un lieu de rencontre pour les artistes de l&rsquo;\u00e9poque.<\/span><\/p>\n<p><span style=\"font-weight: 400;\">Le puzzle de 1000 pi\u00e8ces Le Chat Noir \/ The Black Cat de la collection de puzzles vintage est bas\u00e9 sur l&rsquo;illustration \u00e9ponyme du graphiste fran\u00e7ais <\/span><span style=\"font-weight: 400;\">Th\u00e9ophile Steinlen. L&rsquo;endroit est aussi devenu si c\u00e9l\u00e8bre gr\u00e2ce au magazine du m\u00eame nom qui en a fait une forte promotion <\/span><\/p>\n<p><span style=\"font-weight: 400;\">Le Chat Noir symbolisait les valeurs de la fin du 19e si\u00e8cle et rassemblait des personnes c\u00e9l\u00e8bres et des voyageurs du monde entier. Si tu appr\u00e9cies les valeurs du pass\u00e9 et que tu souhaites poss\u00e9der un exemplaire unique avec l&rsquo;illustration de Steinlen, le puzzle de 1000 pi\u00e8ces Le Chat Noir est l&rsquo;occasion id\u00e9ale.<\/span><\/p>\n<p><span style=\"font-weight: 400;\">D\u00e9couvre les d\u00e9tails \u00e9tonnants de l&rsquo;\u0153uvre de l&rsquo;artiste fran\u00e7ais dans un jeu de puzzle d&rsquo;une qualit\u00e9 irr\u00e9prochable. Accorde-toi un moment de d\u00e9tente et laisse-toi emporter par le charme artistique du XIXe si\u00e8cle.<\/span><\/p>\n<p><span style=\"font-weight: 400;\">Caract\u00e9ristiques Puzzle vintage de 1000 pi\u00e8ces &#8211; Le Chat Noir :<\/span><\/p>\n<p><strong>Taille de l&rsquo;image reconstitu\u00e9e : 50 x 70 cm.<\/strong><\/p>\n<p><strong>Mat\u00e9riau du puzzle <\/strong><\/p>\n<p><strong>carton bleu de haute qualit\u00e9<\/strong><\/p>\n<p><strong>des mat\u00e9riaux durables et recyclables<\/strong><\/p>\n<p><strong>finition semi-brillante, couleurs vives<\/strong><\/p>\n<p><strong>Nombre de pi\u00e8ces de puzzle : 1000<\/strong><\/p>\n<p><strong>\u00c2ge recommand\u00e9 : 14+<\/strong><\/p>\n<p><strong>Pourquoi choisir un puzzle d&rsquo;art vintage ?<\/strong><\/p>\n<p><span style=\"font-weight: 400;\">Tu as la possibilit\u00e9 de cr\u00e9er toi-m\u00eame une peinture unique, une marque de fabrique du style vintage de la fin du XIXe si\u00e8cle.<\/span><\/p>\n<p><span style=\"font-weight: 400;\">Une fois que ta peinture est termin\u00e9e, tu peux admirer chaque d\u00e9tail de la c\u00e9l\u00e8bre illustration du Chat Noir \u00e0 loisir.<\/span><\/p>\n<p><span style=\"font-weight: 400;\">C&rsquo;est un moment de d\u00e9tente et de d\u00e9tachement de la routine quotidienne.<\/span><\/p>\n<p><span style=\"font-weight: 400;\">Laisse ton imagination cr\u00e9er un sc\u00e9nario mental dans lequel tu peux \u00eatre l&rsquo;un des invit\u00e9s du c\u00e9l\u00e8bre cabaret.<\/span><\/p>\n<p><span style=\"font-weight: 400;\">C&rsquo;est une bonne occasion de d\u00e9velopper ton sens esth\u00e9tique et de comprendre les symboles artistiques des temps pass\u00e9s.<\/span><\/p>\n<p><strong>Tu savais que&#8230; ? <\/strong><\/p>\n<p><span style=\"font-weight: 400;\">Le Chat Noir a \u00e9t\u00e9 fond\u00e9 par Rodolphe Salis avec un groupe d&rsquo;\u00e9crivains progressistes en r\u00e9action aux caf\u00e9s-concerts populistes et censur\u00e9s du 19\u00e8me si\u00e8cle.<\/span><\/p>\n<p><span style=\"font-weight: 400;\">L&rsquo;entr\u00e9e du cabaret \u00e9tait plus ch\u00e8re que les autres lieux de l&rsquo;\u00e9poque, mais il proposait des spectacles au ton intellectuel et provocateur.<\/span><\/p>\n<p><span style=\"font-weight: 400;\">Le nom du lieu vient d&rsquo;un chat noir que Salis a trouv\u00e9 \u00e0 proximit\u00e9 en travaillant.<\/span><\/p>\n<p><span style=\"font-weight: 400;\">L&rsquo;affiche de Steinlen a \u00e9t\u00e9 cr\u00e9\u00e9e pour faire de la publicit\u00e9 pour les spectacles que le cabaret accueillait et est rapidement devenue un symbole des estampes et des divertissements de la fin du XIXe si\u00e8cle.<\/span><\/p>\n<p><strong>Puzzle vintage de 1000 pi\u00e8ces &#8211; Chat noir &#8211; un moment de d\u00e9tente avec ses proches<\/strong><\/p>\n<p><span style=\"font-weight: 400;\">Si tu veux bannir la monotonie dans ta famille, pense \u00e0 assembler ce puzzle unique pour adultes. Cela peut \u00eatre le moment id\u00e9al pour parler aux adolescents de ta famille de l&rsquo;art et de la culture du XIXe si\u00e8cle <\/span><\/p>\n<p><span style=\"font-weight: 400;\">Qu&rsquo;est-ce qui pourrait \u00eatre plus fascinant pour la jeune g\u00e9n\u00e9ration connect\u00e9e num\u00e9riquement d&rsquo;aujourd&rsquo;hui qu&rsquo;une session sur la fa\u00e7on dont le divertissement \u00e9tait per\u00e7u et v\u00e9cu il y a deux si\u00e8cles ?<\/span><\/p>\n<p><span style=\"font-weight: 400;\">Le puzzle de 1000 pi\u00e8ces du Chat Noir t&rsquo;aide \u00e0 d\u00e9connecter les enfants des \u00e9crans et \u00e0 embarquer ensemble pour un voyage imaginaire dans le temps, dans un monde o\u00f9 les gens appr\u00e9ciaient les spectacles de qualit\u00e9, les livres et l&rsquo;art.<\/span><\/p>\n<p><span style=\"font-weight: 400;\">Choisis le puzzle Vintage 1000 pi\u00e8ces &#8211; Chat noir pour vivre des moments uniques avec tes proches ou pour cr\u00e9er une \u0153uvre d&rsquo;art m\u00e9morable. De plus, si tu as des amis qui sont passionn\u00e9s par les tableaux d&rsquo;art, ce puzzle pour adultes au design exceptionnel peut \u00eatre un cadeau qui m\u00e9rite d&rsquo;\u00eatre consid\u00e9r\u00e9.<\/span><\/p><\/p>\n","protected":false},"excerpt":{"rendered":"<p>Tu es passionn\u00e9 par les jeux de puzzle et l&rsquo;art vintage ? Nous avons pour toi une collection unique de<\/p>\n","protected":false},"featured_media":47456,"template":"","meta":[],"product_brand":[],"product_cat":[2314,2316,2315],"product_tag":[],"class_list":{"0":"post-52945","1":"product","2":"type-product","3":"status-publish","4":"has-post-thumbnail","6":"product_cat-puzzles-fr","7":"product_cat-puzzles-de-1000-pieces","8":"product_cat-puzzles-pour-adultes","9":"pa_bax-10-fr","10":"pa_brand-d_toys-fr","11":"pa_country_of_manufacture-ro-fr","12":"pa_filter_age-14-fr","13":"pa_painter-posters-vintage","14":"pa_tip_ambalaj-boite","15":"pa_tip_puzzle-classique","17":"first","18":"instock","19":"taxable","20":"shipping-taxable","21":"product-type-simple"},"yoast_head":"<!-- This site is optimized with the Yoast SEO plugin v20.1 - https:\/\/yoast.com\/wordpress\/plugins\/seo\/ -->\n<title>Puzzle Adult 1000 pi\u00e8ces Vintage Posters - Le Chat Noir<\/title>\n<meta name=\"description\" content=\"Puzzle Adult 1000 pi\u00e8ces Vintage Posters - Le Chat Noir\" \/>\n<meta name=\"robots\" content=\"index, follow, max-snippet:-1, max-image-preview:large, max-video-preview:-1\" \/>\n<link rel=\"canonical\" href=\"https:\/\/business.roovi.com\/fr\/puzzle-adult-1000-pieces-vintage-posters-le-chat-noir\/p\/\" \/>\n<meta property=\"og:locale\" content=\"fr_FR\" \/>\n<meta property=\"og:type\" content=\"article\" \/>\n<meta property=\"og:title\" content=\"Puzzle Adult 1000 pi\u00e8ces Vintage Posters - Le Chat Noir\" \/>\n<meta property=\"og:description\" content=\"Puzzle Adult 1000 pi\u00e8ces Vintage Posters - Le Chat Noir\" \/>\n<meta property=\"og:url\" content=\"https:\/\/business.roovi.com\/fr\/puzzle-adult-1000-pieces-vintage-posters-le-chat-noir\/p\/\" \/>\n<meta property=\"og:site_name\" content=\"Roovi B2B\" \/>\n<meta property=\"article:publisher\" content=\"https:\/\/www.facebook.com\/wwwjucariero\" \/>\n<meta property=\"article:modified_time\" content=\"2022-07-13T10:21:41+00:00\" \/>\n<meta property=\"og:image\" content=\"https:\/\/business.roovi.com\/wp-content\/uploads\/2018\/04\/67555-9_ansamblu_dimensiuni_cutie_cm_vertical_1200x1200.png\" \/>\n\t<meta property=\"og:image:width\" content=\"1200\" \/>\n\t<meta property=\"og:image:height\" content=\"1200\" \/>\n\t<meta property=\"og:image:type\" content=\"image\/png\" \/>\n<meta name=\"twitter:label1\" content=\"Dur\u00e9e de lecture estim\u00e9e\" \/>\n\t<meta name=\"twitter:data1\" content=\"4 minutes\" \/>\n<script type=\"application\/ld+json\" class=\"yoast-schema-graph\">{\"@context\":\"https:\/\/schema.org\",\"@graph\":[{\"@type\":\"WebPage\",\"@id\":\"https:\/\/business.roovi.com\/fr\/puzzle-adult-1000-pieces-vintage-posters-le-chat-noir\/p\/\",\"url\":\"https:\/\/business.roovi.com\/fr\/puzzle-adult-1000-pieces-vintage-posters-le-chat-noir\/p\/\",\"name\":\"Puzzle Adult 1000 pi\u00e8ces Vintage Posters - Le Chat Noir\",\"isPartOf\":{\"@id\":\"https:\/\/business.roovi.com\/fr\/#website\"},\"datePublished\":\"2018-04-16T10:56:17+00:00\",\"dateModified\":\"2022-07-13T10:21:41+00:00\",\"description\":\"Puzzle Adult 1000 pi\u00e8ces Vintage Posters - Le Chat Noir\",\"breadcrumb\":{\"@id\":\"https:\/\/business.roovi.com\/fr\/puzzle-adult-1000-pieces-vintage-posters-le-chat-noir\/p\/#breadcrumb\"},\"inLanguage\":\"fr-FR\",\"potentialAction\":[{\"@type\":\"ReadAction\",\"target\":[\"https:\/\/business.roovi.com\/fr\/puzzle-adult-1000-pieces-vintage-posters-le-chat-noir\/p\/\"]}]},{\"@type\":\"BreadcrumbList\",\"@id\":\"https:\/\/business.roovi.com\/fr\/puzzle-adult-1000-pieces-vintage-posters-le-chat-noir\/p\/#breadcrumb\",\"itemListElement\":[{\"@type\":\"ListItem\",\"position\":1,\"name\":\"Home\",\"item\":\"https:\/\/business.roovi.com\/fr\/\"},{\"@type\":\"ListItem\",\"position\":2,\"name\":\"Boutique\",\"item\":\"https:\/\/business.roovi.com\/fr\/boutique\/\"},{\"@type\":\"ListItem\",\"position\":3,\"name\":\"Puzzle Adult 1000 pi\u00e8ces Vintage Posters &#8211; Le Chat Noir\"}]},{\"@type\":\"WebSite\",\"@id\":\"https:\/\/business.roovi.com\/fr\/#website\",\"url\":\"https:\/\/business.roovi.com\/fr\/\",\"name\":\"Roovi B2B\",\"description\":\"Roovi Business Website\",\"potentialAction\":[{\"@type\":\"SearchAction\",\"target\":{\"@type\":\"EntryPoint\",\"urlTemplate\":\"https:\/\/business.roovi.com\/fr\/?s={search_term_string}\"},\"query-input\":\"required name=search_term_string\"}],\"inLanguage\":\"fr-FR\"}]}<\/script>\n<!-- \/ Yoast SEO plugin. -->","yoast_head_json":{"title":"Puzzle Adult 1000 pi\u00e8ces Vintage Posters - Le Chat Noir","description":"Puzzle Adult 1000 pi\u00e8ces Vintage Posters - Le Chat Noir","robots":{"index":"index","follow":"follow","max-snippet":"max-snippet:-1","max-image-preview":"max-image-preview:large","max-video-preview":"max-video-preview:-1"},"canonical":"https:\/\/business.roovi.com\/fr\/puzzle-adult-1000-pieces-vintage-posters-le-chat-noir\/p\/","og_locale":"fr_FR","og_type":"article","og_title":"Puzzle Adult 1000 pi\u00e8ces Vintage Posters - Le Chat Noir","og_description":"Puzzle Adult 1000 pi\u00e8ces Vintage Posters - Le Chat Noir","og_url":"https:\/\/business.roovi.com\/fr\/puzzle-adult-1000-pieces-vintage-posters-le-chat-noir\/p\/","og_site_name":"Roovi B2B","article_publisher":"https:\/\/www.facebook.com\/wwwjucariero","article_modified_time":"2022-07-13T10:21:41+00:00","og_image":[{"width":1200,"height":1200,"url":"https:\/\/business.roovi.com\/wp-content\/uploads\/2018\/04\/67555-9_ansamblu_dimensiuni_cutie_cm_vertical_1200x1200.png","type":"image\/png"}],"twitter_misc":{"Dur\u00e9e de lecture estim\u00e9e":"4 minutes"},"schema":{"@context":"https:\/\/schema.org","@graph":[{"@type":"WebPage","@id":"https:\/\/business.roovi.com\/fr\/puzzle-adult-1000-pieces-vintage-posters-le-chat-noir\/p\/","url":"https:\/\/business.roovi.com\/fr\/puzzle-adult-1000-pieces-vintage-posters-le-chat-noir\/p\/","name":"Puzzle Adult 1000 pi\u00e8ces Vintage Posters - Le Chat Noir","isPartOf":{"@id":"https:\/\/business.roovi.com\/fr\/#website"},"datePublished":"2018-04-16T10:56:17+00:00","dateModified":"2022-07-13T10:21:41+00:00","description":"Puzzle Adult 1000 pi\u00e8ces Vintage Posters - Le Chat Noir","breadcrumb":{"@id":"https:\/\/business.roovi.com\/fr\/puzzle-adult-1000-pieces-vintage-posters-le-chat-noir\/p\/#breadcrumb"},"inLanguage":"fr-FR","potentialAction":[{"@type":"ReadAction","target":["https:\/\/business.roovi.com\/fr\/puzzle-adult-1000-pieces-vintage-posters-le-chat-noir\/p\/"]}]},{"@type":"BreadcrumbList","@id":"https:\/\/business.roovi.com\/fr\/puzzle-adult-1000-pieces-vintage-posters-le-chat-noir\/p\/#breadcrumb","itemListElement":[{"@type":"ListItem","position":1,"name":"Home","item":"https:\/\/business.roovi.com\/fr\/"},{"@type":"ListItem","position":2,"name":"Boutique","item":"https:\/\/business.roovi.com\/fr\/boutique\/"},{"@type":"ListItem","position":3,"name":"Puzzle Adult 1000 pi\u00e8ces Vintage Posters &#8211; Le Chat Noir"}]},{"@type":"WebSite","@id":"https:\/\/business.roovi.com\/fr\/#website","url":"https:\/\/business.roovi.com\/fr\/","name":"Roovi B2B","description":"Roovi Business Website","potentialAction":[{"@type":"SearchAction","target":{"@type":"EntryPoint","urlTemplate":"https:\/\/business.roovi.com\/fr\/?s={search_term_string}"},"query-input":"required name=search_term_string"}],"inLanguage":"fr-FR"}]}},"_links":{"self":[{"href":"https:\/\/business.roovi.com\/fr\/wp-json\/wp\/v2\/product\/52945","targetHints":{"allow":["GET"]}}],"collection":[{"href":"https:\/\/business.roovi.com\/fr\/wp-json\/wp\/v2\/product"}],"about":[{"href":"https:\/\/business.roovi.com\/fr\/wp-json\/wp\/v2\/types\/product"}],"version-history":[{"count":0,"href":"https:\/\/business.roovi.com\/fr\/wp-json\/wp\/v2\/product\/52945\/revisions"}],"wp:featuredmedia":[{"embeddable":true,"href":"https:\/\/business.roovi.com\/fr\/wp-json\/wp\/v2\/media\/47456"}],"wp:attachment":[{"href":"https:\/\/business.roovi.com\/fr\/wp-json\/wp\/v2\/media?parent=52945"}],"wp:term":[{"taxonomy":"product_brand","embeddable":true,"href":"https:\/\/business.roovi.com\/fr\/wp-json\/wp\/v2\/product_brand?post=52945"},{"taxonomy":"product_cat","embeddable":true,"href":"https:\/\/business.roovi.com\/fr\/wp-json\/wp\/v2\/product_cat?post=52945"},{"taxonomy":"product_tag","embeddable":true,"href":"https:\/\/business.roovi.com\/fr\/wp-json\/wp\/v2\/product_tag?post=52945"}],"curies":[{"name":"wp","href":"https:\/\/api.w.org\/{rel}","templated":true}]}}