{"id":52946,"date":"2018-04-16T10:56:17","date_gmt":"2018-04-16T10:56:17","guid":{"rendered":"https:\/\/business.roovi.com\/puzzle-adulti-1000-piese-vintage-posters-marlene-dietrich-the-devil-is-a-woman\/p\/"},"modified":"2022-07-13T10:21:42","modified_gmt":"2022-07-13T10:21:42","slug":"puzzle-adulte-1000-pieces-affiches-vintage-marlene-dietrich-le-diable-est-une-femme","status":"publish","type":"product","link":"https:\/\/business.roovi.com\/fr\/puzzle-adulte-1000-pieces-affiches-vintage-marlene-dietrich-le-diable-est-une-femme\/p\/","title":{"rendered":"Puzzle Adulte 1000 pi\u00e8ces Affiches Vintage &#8211; Marlene Dietrich, Le Diable est une Femme"},"content":{"rendered":"<p><span style=\"font-weight: 400;\">Savais-tu que le vintage est le nouveau cool ? Que dirais-tu d&rsquo;une s\u00e9rie enti\u00e8re de puzzles vintage de 1000 pi\u00e8ces ? Assemble des puzzles pour adultes avec des images fascinantes repr\u00e9sentant des sc\u00e8nes marquantes des XIXe et XXe si\u00e8cles et cr\u00e9e ta propre collection unique de tableaux originaux de style vintage.<\/span><\/p>\n<p><em><span style=\"font-weight: 400;\">Le Diable est une femme<\/span><\/em><span style=\"font-weight: 400;\"> est l&rsquo;un des c\u00e9l\u00e8bres films mettant en sc\u00e8ne l&rsquo;excentrique Marlene Dietrich. Puzzle vintage de 1000 pi\u00e8ces de Marlene Dietrich, Le Diable est une Femme est une reproduction d&rsquo;une des affiches promotionnelles du film qui est sorti dans les cin\u00e9mas en 1935.<\/span><\/p>\n<p><span style=\"font-weight: 400;\">Le film n&rsquo;a pas b\u00e9n\u00e9fici\u00e9 d&rsquo;une grande popularit\u00e9 lors de sa sortie et a connu des ventes \u00e9tonnamment faibles. Pourtant, c&rsquo;est une ic\u00f4ne du cin\u00e9ma am\u00e9ricain, et Dietrich elle-m\u00eame a dit que c&rsquo;\u00e9tait sa collaboration pr\u00e9f\u00e9r\u00e9e avec le r\u00e9alisateur Sternberg <\/span><\/p>\n<p><span style=\"font-weight: 400;\">Une histoire qui examine la vie d&rsquo;un homme \u00e2g\u00e9 aveugl\u00e9ment amoureux d&rsquo;une femme fatale indiff\u00e9rente \u00e0 ses sentiments. Dietrich joue un Espagnol diabolique qui se d\u00e9lecte de la souffrance de Don Pasqual, un personnage path\u00e9tique qui devient l&rsquo;esclave d&rsquo;une passion non r\u00e9ciproque.<\/span><\/p>\n<p><span style=\"font-weight: 400;\">Si tu as vu le film ou si tu aimes les films classiques, ce puzzle de 1000 pi\u00e8ces te plongera dans l&rsquo;histoire du c\u00e9l\u00e8bre film. Tu peux utiliser une table basse standard pour l&rsquo;assemblage. Infuse-toi une bonne tasse de th\u00e9 ou un bon caf\u00e9 et pars pour une aventure fascinante avec Marlene Dietrich.<\/span><\/p>\n<p><span style=\"font-weight: 400;\">Comprend Marlene Dietrich, Le Diable est une Femme puzzle de 1000 pi\u00e8ces :<\/span><\/p>\n<p><strong>Taille de l&rsquo;image reconstitu\u00e9e : 50 x 70 cm.<\/strong><\/p>\n<p><strong>Mat\u00e9riau du puzzle <\/strong><\/p>\n<p><strong>carton bleu de haute qualit\u00e9<\/strong><\/p>\n<p><strong>des mat\u00e9riaux durables et recyclables<\/strong><\/p>\n<p><strong>finition semi-brillante, couleurs vives<\/strong><\/p>\n<p><strong>Nombre de pi\u00e8ces de puzzle : 1000<\/strong><\/p>\n<p><strong>\u00c2ge recommand\u00e9 : 14+<\/strong><\/p>\n<p><span style=\"font-weight: 400;\">Le puzzle de 1000 pi\u00e8ces de Marlene Dietrich, La femme est un d\u00e9mon, t&rsquo;aide \u00e0 d\u00e9velopper des comp\u00e9tences que tu utilises tous les jours dans tes activit\u00e9s quotidiennes :<\/span><\/p>\n<ul>\n<li><span style=\"font-weight: 400;\">L&rsquo;attention au d\u00e9tail<\/span><\/li>\n<li><span style=\"font-weight: 400;\">Pers\u00e9v\u00e9rance<\/span><\/li>\n<li><span style=\"font-weight: 400;\">Comp\u00e9tences en mati\u00e8re de coordination <\/span><\/li>\n<li><span style=\"font-weight: 400;\">Motricit\u00e9 fine<\/span><\/li>\n<li><span style=\"font-weight: 400;\">Pens\u00e9e logique<\/span><\/li>\n<li><span style=\"font-weight: 400;\">Capacit\u00e9 \u00e0 r\u00e9soudre les probl\u00e8mes.<\/span><\/li>\n<\/ul>\n<p><strong>Tu savais que&#8230; ?<\/strong><\/p>\n<p><span style=\"font-weight: 400;\">Apr\u00e8s la sortie de 1935, l&rsquo;ambassade d&rsquo;Espagne a demand\u00e9 au gouvernement am\u00e9ricain de retirer le film <\/span><em><span style=\"font-weight: 400;\">Le Diable est une femme<\/span><\/em><span style=\"font-weight: 400;\"> du march\u00e9 car certaines sc\u00e8nes ont \u00e9t\u00e9 jug\u00e9es offensantes par la Garde civile espagnole <\/span><\/p>\n<p><span style=\"font-weight: 400;\">Marlene Dietrich <\/span><span style=\"font-weight: 400;\">a \u00e9t\u00e9 la premi\u00e8re actrice allemande \u00e0 avoir une carri\u00e8re r\u00e9ussie \u00e0 Hollywood.<\/span><\/p>\n<p><span style=\"font-weight: 400;\">Au-del\u00e0 de ses r\u00f4les m\u00e9morables au cin\u00e9ma, Marlene \u00e9tait une fervente partisane de la lutte contre le nazisme.<\/span><\/p>\n<p><span style=\"font-weight: 400;\">Pour son travail de soutien aux soldats pendant la Seconde Guerre mondiale, des pays comme les \u00c9tats-Unis, la France et Isra\u00ebl lui ont d\u00e9cern\u00e9 plusieurs distinctions.<\/span><\/p>\n<p><span style=\"font-weight: 400;\">Pendant le Troisi\u00e8me Reich, l&rsquo;actrice a d\u00e9clar\u00e9 dans une interview que <\/span><em><span style=\"font-weight: 400;\">\u00ab\u00a0Hitler est un idiot\u00a0\u00bb<\/span><\/em><span style=\"font-weight: 400;\">qu&rsquo;elle n&rsquo;aimait pas et a \u00e9t\u00e9 d\u00e9clar\u00e9e tra\u00eetre \u00e0 son pays.<\/span><\/p>\n<p><strong>Puzzle vintage de 1000 pi\u00e8ces &#8211; une occasion unique d&rsquo;entrer dans le monde de l&rsquo;art<\/strong><\/p>\n<p><span style=\"font-weight: 400;\">Retravailler un puzzle d&rsquo;art vintage est un d\u00e9fi pour l&rsquo;esprit, mais aussi une occasion de d\u00e9couvrir la beaut\u00e9 artistique. Voici quelques-uns des avantages qu&rsquo;il y a \u00e0 assembler de tels puzzles :<\/span><\/p>\n<p><span style=\"font-weight: 400;\">Ils offrent jusqu&rsquo;\u00e0 30 heures de plaisir relaxant.<\/span><\/p>\n<p><span style=\"font-weight: 400;\">Tu cr\u00e9es une \u0153uvre d&rsquo;art sp\u00e9ciale qui sera un objet d\u00e9coratif qui donnera de la personnalit\u00e9 \u00e0 un endroit terne de ta maison.<\/span><\/p>\n<p><span style=\"font-weight: 400;\">Tu d\u00e9veloppes ton imagination en entrant dans l&rsquo;histoire de l&rsquo;image et en \u00e9laborant tes propres sc\u00e9narios qui t&rsquo;aident \u00e0 sortir de l&rsquo;orni\u00e8re.<\/span><\/p>\n<p><span style=\"font-weight: 400;\">C&rsquo;est une bonne occasion de se d\u00e9tendre et de s&rsquo;\u00e9loigner des probl\u00e8mes quotidiens.<\/span><\/p>\n<p><span style=\"font-weight: 400;\">Tu te sens comme un vrai d\u00e9tective \u00e0 la recherche de d\u00e9tails qui t&rsquo;aident \u00e0 r\u00e9soudre l&rsquo;affaire myst\u00e9rieuse dans le jeu de r\u00e9flexion.<\/span><\/p>\n<p><span style=\"font-weight: 400;\">Le puzzle de 1000 pi\u00e8ces de Marlene Dietrich, La femme est un d\u00e9mon, est une occasion unique de recr\u00e9er et de poss\u00e9der une image m\u00e9morable pour le plaisir de tes yeux. Si tu appr\u00e9cies davantage le c\u00f4t\u00e9 cr\u00e9atif du jeu de puzzle et que tu aimes refaire une image encore et encore, ach\u00e8te ce puzzle de 1000 pi\u00e8ces et garde-le chez toi.<\/span><\/p>\n<p><span style=\"font-weight: 400;\">De plus, si tu es \u00e0 court d&rsquo;inspiration lorsque tu cherches des cadeaux, le puzzle de 1000 pi\u00e8ces Marlene Dietrich, La femme est un d\u00e9mon de la collection Vintage Puzzle te sortira du p\u00e9trin.<\/span><\/p><\/p>\n","protected":false},"excerpt":{"rendered":"<p>Savais-tu que le vintage est le nouveau cool ? Que dirais-tu d&rsquo;une s\u00e9rie enti\u00e8re de puzzles vintage de 1000 pi\u00e8ces<\/p>\n","protected":false},"featured_media":47463,"template":"","meta":[],"product_brand":[],"product_cat":[2314,2316,2315],"product_tag":[],"class_list":{"0":"post-52946","1":"product","2":"type-product","3":"status-publish","4":"has-post-thumbnail","6":"product_cat-puzzles-fr","7":"product_cat-puzzles-de-1000-pieces","8":"product_cat-puzzles-pour-adultes","9":"pa_bax-10-fr","10":"pa_brand-d_toys-fr","11":"pa_country_of_manufacture-ro-fr","12":"pa_filter_age-14-fr","13":"pa_painter-posters-vintage","14":"pa_tip_ambalaj-boite","15":"pa_tip_puzzle-classique","17":"first","18":"instock","19":"taxable","20":"shipping-taxable","21":"product-type-simple"},"yoast_head":"<!-- This site is optimized with the Yoast SEO plugin v20.1 - https:\/\/yoast.com\/wordpress\/plugins\/seo\/ -->\n<title>Puzzle Adulte 1000 pi\u00e8ces Affiches Vintage - Marlene Dietrich, Le Diable est une Femme<\/title>\n<meta name=\"description\" content=\"Puzzle Adulte 1000 pi\u00e8ces Affiches Vintage - Marlene Dietrich, Le Diable est une Femme\" \/>\n<meta name=\"robots\" content=\"index, follow, max-snippet:-1, max-image-preview:large, max-video-preview:-1\" \/>\n<link rel=\"canonical\" href=\"https:\/\/business.roovi.com\/fr\/puzzle-adulte-1000-pieces-affiches-vintage-marlene-dietrich-le-diable-est-une-femme\/p\/\" \/>\n<meta property=\"og:locale\" content=\"fr_FR\" \/>\n<meta property=\"og:type\" content=\"article\" \/>\n<meta property=\"og:title\" content=\"Puzzle Adulte 1000 pi\u00e8ces Affiches Vintage - Marlene Dietrich, Le Diable est une Femme\" \/>\n<meta property=\"og:description\" content=\"Puzzle Adulte 1000 pi\u00e8ces Affiches Vintage - Marlene Dietrich, Le Diable est une Femme\" \/>\n<meta property=\"og:url\" content=\"https:\/\/business.roovi.com\/fr\/puzzle-adulte-1000-pieces-affiches-vintage-marlene-dietrich-le-diable-est-une-femme\/p\/\" \/>\n<meta property=\"og:site_name\" content=\"Roovi B2B\" \/>\n<meta property=\"article:publisher\" content=\"https:\/\/www.facebook.com\/wwwjucariero\" \/>\n<meta property=\"article:modified_time\" content=\"2022-07-13T10:21:42+00:00\" \/>\n<meta property=\"og:image\" content=\"https:\/\/business.roovi.com\/wp-content\/uploads\/2018\/04\/67555-10_ansamblu_dimensiuni_cutie_cm_vertical_1200x1200.png\" \/>\n\t<meta property=\"og:image:width\" content=\"1200\" \/>\n\t<meta property=\"og:image:height\" content=\"1200\" \/>\n\t<meta property=\"og:image:type\" content=\"image\/png\" \/>\n<meta name=\"twitter:label1\" content=\"Dur\u00e9e de lecture estim\u00e9e\" \/>\n\t<meta name=\"twitter:data1\" content=\"4 minutes\" \/>\n<script type=\"application\/ld+json\" class=\"yoast-schema-graph\">{\"@context\":\"https:\/\/schema.org\",\"@graph\":[{\"@type\":\"WebPage\",\"@id\":\"https:\/\/business.roovi.com\/fr\/puzzle-adulte-1000-pieces-affiches-vintage-marlene-dietrich-le-diable-est-une-femme\/p\/\",\"url\":\"https:\/\/business.roovi.com\/fr\/puzzle-adulte-1000-pieces-affiches-vintage-marlene-dietrich-le-diable-est-une-femme\/p\/\",\"name\":\"Puzzle Adulte 1000 pi\u00e8ces Affiches Vintage - Marlene Dietrich, Le Diable est une Femme\",\"isPartOf\":{\"@id\":\"https:\/\/business.roovi.com\/fr\/#website\"},\"datePublished\":\"2018-04-16T10:56:17+00:00\",\"dateModified\":\"2022-07-13T10:21:42+00:00\",\"description\":\"Puzzle Adulte 1000 pi\u00e8ces Affiches Vintage - Marlene Dietrich, Le Diable est une Femme\",\"breadcrumb\":{\"@id\":\"https:\/\/business.roovi.com\/fr\/puzzle-adulte-1000-pieces-affiches-vintage-marlene-dietrich-le-diable-est-une-femme\/p\/#breadcrumb\"},\"inLanguage\":\"fr-FR\",\"potentialAction\":[{\"@type\":\"ReadAction\",\"target\":[\"https:\/\/business.roovi.com\/fr\/puzzle-adulte-1000-pieces-affiches-vintage-marlene-dietrich-le-diable-est-une-femme\/p\/\"]}]},{\"@type\":\"BreadcrumbList\",\"@id\":\"https:\/\/business.roovi.com\/fr\/puzzle-adulte-1000-pieces-affiches-vintage-marlene-dietrich-le-diable-est-une-femme\/p\/#breadcrumb\",\"itemListElement\":[{\"@type\":\"ListItem\",\"position\":1,\"name\":\"Home\",\"item\":\"https:\/\/business.roovi.com\/fr\/\"},{\"@type\":\"ListItem\",\"position\":2,\"name\":\"Boutique\",\"item\":\"https:\/\/business.roovi.com\/fr\/boutique\/\"},{\"@type\":\"ListItem\",\"position\":3,\"name\":\"Puzzle Adulte 1000 pi\u00e8ces Affiches Vintage &#8211; Marlene Dietrich, Le Diable est une Femme\"}]},{\"@type\":\"WebSite\",\"@id\":\"https:\/\/business.roovi.com\/fr\/#website\",\"url\":\"https:\/\/business.roovi.com\/fr\/\",\"name\":\"Roovi B2B\",\"description\":\"Roovi Business Website\",\"potentialAction\":[{\"@type\":\"SearchAction\",\"target\":{\"@type\":\"EntryPoint\",\"urlTemplate\":\"https:\/\/business.roovi.com\/fr\/?s={search_term_string}\"},\"query-input\":\"required name=search_term_string\"}],\"inLanguage\":\"fr-FR\"}]}<\/script>\n<!-- \/ Yoast SEO plugin. -->","yoast_head_json":{"title":"Puzzle Adulte 1000 pi\u00e8ces Affiches Vintage - Marlene Dietrich, Le Diable est une Femme","description":"Puzzle Adulte 1000 pi\u00e8ces Affiches Vintage - Marlene Dietrich, Le Diable est une Femme","robots":{"index":"index","follow":"follow","max-snippet":"max-snippet:-1","max-image-preview":"max-image-preview:large","max-video-preview":"max-video-preview:-1"},"canonical":"https:\/\/business.roovi.com\/fr\/puzzle-adulte-1000-pieces-affiches-vintage-marlene-dietrich-le-diable-est-une-femme\/p\/","og_locale":"fr_FR","og_type":"article","og_title":"Puzzle Adulte 1000 pi\u00e8ces Affiches Vintage - Marlene Dietrich, Le Diable est une Femme","og_description":"Puzzle Adulte 1000 pi\u00e8ces Affiches Vintage - Marlene Dietrich, Le Diable est une Femme","og_url":"https:\/\/business.roovi.com\/fr\/puzzle-adulte-1000-pieces-affiches-vintage-marlene-dietrich-le-diable-est-une-femme\/p\/","og_site_name":"Roovi B2B","article_publisher":"https:\/\/www.facebook.com\/wwwjucariero","article_modified_time":"2022-07-13T10:21:42+00:00","og_image":[{"width":1200,"height":1200,"url":"https:\/\/business.roovi.com\/wp-content\/uploads\/2018\/04\/67555-10_ansamblu_dimensiuni_cutie_cm_vertical_1200x1200.png","type":"image\/png"}],"twitter_misc":{"Dur\u00e9e de lecture estim\u00e9e":"4 minutes"},"schema":{"@context":"https:\/\/schema.org","@graph":[{"@type":"WebPage","@id":"https:\/\/business.roovi.com\/fr\/puzzle-adulte-1000-pieces-affiches-vintage-marlene-dietrich-le-diable-est-une-femme\/p\/","url":"https:\/\/business.roovi.com\/fr\/puzzle-adulte-1000-pieces-affiches-vintage-marlene-dietrich-le-diable-est-une-femme\/p\/","name":"Puzzle Adulte 1000 pi\u00e8ces Affiches Vintage - Marlene Dietrich, Le Diable est une Femme","isPartOf":{"@id":"https:\/\/business.roovi.com\/fr\/#website"},"datePublished":"2018-04-16T10:56:17+00:00","dateModified":"2022-07-13T10:21:42+00:00","description":"Puzzle Adulte 1000 pi\u00e8ces Affiches Vintage - Marlene Dietrich, Le Diable est une Femme","breadcrumb":{"@id":"https:\/\/business.roovi.com\/fr\/puzzle-adulte-1000-pieces-affiches-vintage-marlene-dietrich-le-diable-est-une-femme\/p\/#breadcrumb"},"inLanguage":"fr-FR","potentialAction":[{"@type":"ReadAction","target":["https:\/\/business.roovi.com\/fr\/puzzle-adulte-1000-pieces-affiches-vintage-marlene-dietrich-le-diable-est-une-femme\/p\/"]}]},{"@type":"BreadcrumbList","@id":"https:\/\/business.roovi.com\/fr\/puzzle-adulte-1000-pieces-affiches-vintage-marlene-dietrich-le-diable-est-une-femme\/p\/#breadcrumb","itemListElement":[{"@type":"ListItem","position":1,"name":"Home","item":"https:\/\/business.roovi.com\/fr\/"},{"@type":"ListItem","position":2,"name":"Boutique","item":"https:\/\/business.roovi.com\/fr\/boutique\/"},{"@type":"ListItem","position":3,"name":"Puzzle Adulte 1000 pi\u00e8ces Affiches Vintage &#8211; Marlene Dietrich, Le Diable est une Femme"}]},{"@type":"WebSite","@id":"https:\/\/business.roovi.com\/fr\/#website","url":"https:\/\/business.roovi.com\/fr\/","name":"Roovi B2B","description":"Roovi Business Website","potentialAction":[{"@type":"SearchAction","target":{"@type":"EntryPoint","urlTemplate":"https:\/\/business.roovi.com\/fr\/?s={search_term_string}"},"query-input":"required name=search_term_string"}],"inLanguage":"fr-FR"}]}},"_links":{"self":[{"href":"https:\/\/business.roovi.com\/fr\/wp-json\/wp\/v2\/product\/52946","targetHints":{"allow":["GET"]}}],"collection":[{"href":"https:\/\/business.roovi.com\/fr\/wp-json\/wp\/v2\/product"}],"about":[{"href":"https:\/\/business.roovi.com\/fr\/wp-json\/wp\/v2\/types\/product"}],"version-history":[{"count":0,"href":"https:\/\/business.roovi.com\/fr\/wp-json\/wp\/v2\/product\/52946\/revisions"}],"wp:featuredmedia":[{"embeddable":true,"href":"https:\/\/business.roovi.com\/fr\/wp-json\/wp\/v2\/media\/47463"}],"wp:attachment":[{"href":"https:\/\/business.roovi.com\/fr\/wp-json\/wp\/v2\/media?parent=52946"}],"wp:term":[{"taxonomy":"product_brand","embeddable":true,"href":"https:\/\/business.roovi.com\/fr\/wp-json\/wp\/v2\/product_brand?post=52946"},{"taxonomy":"product_cat","embeddable":true,"href":"https:\/\/business.roovi.com\/fr\/wp-json\/wp\/v2\/product_cat?post=52946"},{"taxonomy":"product_tag","embeddable":true,"href":"https:\/\/business.roovi.com\/fr\/wp-json\/wp\/v2\/product_tag?post=52946"}],"curies":[{"name":"wp","href":"https:\/\/api.w.org\/{rel}","templated":true}]}}