{"id":52949,"date":"2018-04-16T10:56:17","date_gmt":"2018-04-16T10:56:17","guid":{"rendered":"https:\/\/business.roovi.com\/puzzle-adulti-1000-piese-hans-andersen-brendekilde-spring-a-young-couple-in-a-rowing-boat-on-odense\/p\/"},"modified":"2022-07-13T10:21:45","modified_gmt":"2022-07-13T10:21:45","slug":"casse-tete-hans-andersen-brendekilde-printemps-un-jeune-couple-dans-un-bateau-a-rames-sur-odense-puzzle-adulte-1000-pieces","status":"publish","type":"product","link":"https:\/\/business.roovi.com\/fr\/casse-tete-hans-andersen-brendekilde-printemps-un-jeune-couple-dans-un-bateau-a-rames-sur-odense-puzzle-adulte-1000-pieces\/p\/","title":{"rendered":"Casse-t\u00eate Hans Andersen Brendekilde &#8211; Printemps. Un jeune couple dans un bateau \u00e0 rames sur Odense &#8211; Puzzle adulte 1000 pi\u00e8ces"},"content":{"rendered":"<p><span style=\"font-weight: 400;\">D\u00e9couvre les peintres les plus dou\u00e9s de tous les temps gr\u00e2ce \u00e0 des \u00e9nigmes artistiques ! Rencontre L\u00e9onard de Vinci, Vincent van Gogh et bien d&rsquo;autres en assemblant des images de leurs c\u00e9l\u00e8bres peintures. Encadre les tableaux du puzzle de 1000 pi\u00e8ces et cr\u00e9e ta propre collection d&rsquo;art fabuleuse <\/span><\/p>\n<p><span style=\"font-weight: 400;\">Hans Andersen Brendekilde est l&rsquo;un des peintres les plus c\u00e9l\u00e8bres du Danemark. Ses \u0153uvres naturalistes sont appr\u00e9ci\u00e9es pour leur technique de peinture parfaite et l&rsquo;\u00e9motion qu&rsquo;elles transmettent. Dans le puzzle de 1000 pi\u00e8ces Hans Andersen Brendekilde &#8211; Spring. Un jeune couple dans un bateau \u00e0 rames sur Odense, tu d\u00e9couvriras l&rsquo;image d&rsquo;un monde rural paisible qui transmet un sentiment de calme et de d\u00e9tente <\/span><\/p>\n<p><span style=\"font-weight: 400;\">Un jeune couple profite d&rsquo;une journ\u00e9e de printemps ensoleill\u00e9e, en faisant du bateau sur une rivi\u00e8re tranquille pr\u00e8s d&rsquo;Odense. Une peinture aux couleurs vives que tu cr\u00e9eras de tes propres mains. Assieds-toi et sois le ma\u00eetre qui cr\u00e9e une \u0153uvre d&rsquo;art \u00e0 partir d&rsquo;un puzzle de 1000 pi\u00e8ces <\/span><\/p>\n<p><span style=\"font-weight: 400;\">Hans Andersen Brendekilde Art Puzzle &#8211; Printemps. Un jeune couple dans un bateau \u00e0 rames sur Odense est produit \u00e0 partir de mat\u00e9riaux de qualit\u00e9 exceptionnelle qui le rendent r\u00e9sistant \u00e0 de multiples assemblages. Ainsi, la peinture obtenue est impeccable \u00e0 chaque fois.<\/span><\/p>\n<p><span style=\"font-weight: 400;\">Caract\u00e9ristiques de l&rsquo;\u00e9nigme artistique de Hans Andersen Brendekilde &#8211; Printemps. Un jeune couple dans un bateau \u00e0 rames sur Odense<\/span><\/p>\n<p><strong>Taille de l&rsquo;image retouch\u00e9e : 50 x 70 cm &#8211;<\/strong><span style=\"font-weight: 400;\"> tu peux utiliser une table basse ordinaire pour l&rsquo;assemblage.<\/span><\/p>\n<p><strong>Mat\u00e9riau du puzzle <\/strong><\/p>\n<p><strong>carton bleu de haute qualit\u00e9<\/strong><\/p>\n<p><strong>des mat\u00e9riaux durables et recyclables<\/strong><\/p>\n<p><strong>finition semi-brillante, couleurs vives<\/strong><\/p>\n<p><strong>Nombre de pi\u00e8ces de puzzle : 1000<\/strong><\/p>\n<p><strong>\u00c2ge recommand\u00e9 : 14+<\/strong><\/p>\n<p><strong>Les puzzles pour adultes et les comp\u00e9tences qu&rsquo;ils d\u00e9veloppent<\/strong><\/p>\n<p><strong>Pers\u00e9v\u00e9rance <\/strong><span style=\"font-weight: 400;\">Il semble parfois impossible de trouver la place de chaque pi\u00e8ce dans le puzzle de 1000. Mais tu es d\u00e9termin\u00e9e \u00e0 aller jusqu&rsquo;au bout de ton travail et tu parviens \u00e0 terminer le tableau si c&rsquo;est ce que tu avais vraiment pr\u00e9vu. Cet exercice de pers\u00e9v\u00e9rance se traduira par des exp\u00e9riences r\u00e9ussies dans d&rsquo;autres aspects de ta vie.<\/span><\/p>\n<p><strong>M\u00e9moire <\/strong><span style=\"font-weight: 400;\">En r\u00e9solvant chaque puzzle, tu entra\u00eenes ta m\u00e9moire en te souvenant des formes, des couleurs et de l&#8217;emplacement des pi\u00e8ces du puzzle. Cet exercice t&rsquo;aide \u00e0 am\u00e9liorer ta m\u00e9moire \u00e0 court terme.<\/span><\/p>\n<p><strong>Travail d&rsquo;\u00e9quipe et comp\u00e9tences sociales <\/strong><span style=\"font-weight: 400;\">Assemble des puzzles de 1000 pi\u00e8ces avec tes enfants. C&rsquo;est une bonne occasion de leur apprendre le travail d&rsquo;\u00e9quipe et de d\u00e9velopper tes comp\u00e9tences sociales. Tu peux aussi profiter de ces avantages et tu te lieras encore plus.<\/span><\/p>\n<p><strong>Faits amusants sur le peintre Hans Andersen Brendekilde<\/strong><\/p>\n<ul>\n<li><span style=\"font-weight: 400;\">Il \u00e9tait un parent \u00e9loign\u00e9 de Hans Christian Andersen.<\/span><\/li>\n<li><span style=\"font-weight: 400;\">Il est l&rsquo;un des rares peintres impressionnistes du Danemark.<\/span><\/li>\n<li><span style=\"font-weight: 400;\">Il est issu d&rsquo;une famille pauvre et a gagn\u00e9 sa vie comme berger lorsqu&rsquo;il \u00e9tait enfant.<\/span><\/li>\n<li><span style=\"font-weight: 400;\">Enfant, il avait l&rsquo;habitude de sculpter des animaux dans le bois.<\/span><\/li>\n<li><span style=\"font-weight: 400;\">Dans ses peintures, il repr\u00e9sente des gens pauvres et d\u00e9peint la duret\u00e9 de la vie rurale au Danemark.<\/span><\/li>\n<li><span style=\"font-weight: 400;\">Il a con\u00e7u et fabriqu\u00e9 des cadres int\u00e9gr\u00e9s autour de ses peintures, les cadres faisant partie des peintures et de leur histoire <\/span><\/li>\n<\/ul>\n<p><strong>Les jeux de puzzle te gardent jeune et en bonne sant\u00e9<\/strong><\/p>\n<p><span style=\"font-weight: 400;\">Savais-tu que le jeu ralentit le processus de vieillissement ? Les puzzles pour adultes sont un autre type de jeu. Parmi tous les avantages que te procure l&rsquo;activit\u00e9 consistant \u00e0 assembler des puzzles, il y a celui de ralentir le processus de vieillissement. Plus pr\u00e9cis\u00e9ment, les jeux de r\u00e9flexion aident \u00e0 ralentir la d\u00e9t\u00e9rioration des cellules c\u00e9r\u00e9brales. Ils gardent donc ton cerveau sain et jeune et te donnent ta dose quotidienne d&rsquo;\u00e9nergie et de vitalit\u00e9.<\/span><\/p>\n<p><span style=\"font-weight: 400;\">Ach\u00e8te maintenant Hans Andersen Brendekilde &#8211; Printemps puzzle de 1000 pi\u00e8ces. Un jeune couple dans un bateau \u00e0 rames sur Odense et recr\u00e9e l&rsquo;\u0153uvre d&rsquo;art avec ta famille ou tes amis. Passe ton temps libre de mani\u00e8re cr\u00e9ative et profite d&rsquo;un objet d\u00e9coratif fabriqu\u00e9 \u00e0 partir du puzzle de 1000 pi\u00e8ces.<\/span><\/p>\n<p><span style=\"font-weight: 400;\">Hans Andersen Brendekilde &#8211; Printemps Puzzle de 1000 pi\u00e8ces. Un jeune couple dans un bateau \u00e0 rames sur Odense de la collection de puzzles d&rsquo;art est un cadeau parfait pour les amateurs de puzzles ou d&rsquo;\u0153uvres d&rsquo;art.<\/span><\/p><\/p>\n","protected":false},"excerpt":{"rendered":"<p>D\u00e9couvre les peintres les plus dou\u00e9s de tous les temps gr\u00e2ce \u00e0 des \u00e9nigmes artistiques ! Rencontre L\u00e9onard de Vinci,<\/p>\n","protected":false},"featured_media":63447,"template":"","meta":[],"product_brand":[],"product_cat":[2314,2316,2315],"product_tag":[],"class_list":{"0":"post-52949","1":"product","2":"type-product","3":"status-publish","4":"has-post-thumbnail","6":"product_cat-puzzles-fr","7":"product_cat-puzzles-de-1000-pieces","8":"product_cat-puzzles-pour-adultes","9":"pa_bax-10-fr","10":"pa_brand-d_toys-fr","11":"pa_country_of_manufacture-ro-fr","12":"pa_filter_age-14-fr","13":"pa_painter-hansandersenbrendekilde-fr","14":"pa_tip_ambalaj-boite","15":"pa_tip_puzzle-classique","17":"first","18":"instock","19":"taxable","20":"shipping-taxable","21":"product-type-simple"},"yoast_head":"<!-- This site is optimized with the Yoast SEO plugin v20.1 - https:\/\/yoast.com\/wordpress\/plugins\/seo\/ -->\n<title>Casse-t\u00eate Hans Andersen Brendekilde - Printemps. Un jeune couple dans un bateau \u00e0 rames sur Odense - Puzzle adulte 1000 pi\u00e8ces<\/title>\n<meta name=\"description\" content=\"Casse-t\u00eate Hans Andersen Brendekilde - Printemps. Un jeune couple dans un bateau \u00e0 rames sur Odense - Puzzle adulte 1000 pi\u00e8ces\" \/>\n<meta name=\"robots\" content=\"index, follow, max-snippet:-1, max-image-preview:large, max-video-preview:-1\" \/>\n<link rel=\"canonical\" href=\"https:\/\/business.roovi.com\/fr\/casse-tete-hans-andersen-brendekilde-printemps-un-jeune-couple-dans-un-bateau-a-rames-sur-odense-puzzle-adulte-1000-pieces\/p\/\" \/>\n<meta property=\"og:locale\" content=\"fr_FR\" \/>\n<meta property=\"og:type\" content=\"article\" \/>\n<meta property=\"og:title\" content=\"Casse-t\u00eate Hans Andersen Brendekilde - Printemps. Un jeune couple dans un bateau \u00e0 rames sur Odense - Puzzle adulte 1000 pi\u00e8ces\" \/>\n<meta property=\"og:description\" content=\"Casse-t\u00eate Hans Andersen Brendekilde - Printemps. Un jeune couple dans un bateau \u00e0 rames sur Odense - Puzzle adulte 1000 pi\u00e8ces\" \/>\n<meta property=\"og:url\" content=\"https:\/\/business.roovi.com\/fr\/casse-tete-hans-andersen-brendekilde-printemps-un-jeune-couple-dans-un-bateau-a-rames-sur-odense-puzzle-adulte-1000-pieces\/p\/\" \/>\n<meta property=\"og:site_name\" content=\"Roovi B2B\" \/>\n<meta property=\"article:publisher\" content=\"https:\/\/www.facebook.com\/wwwjucariero\" \/>\n<meta property=\"article:modified_time\" content=\"2022-07-13T10:21:45+00:00\" \/>\n<meta property=\"og:image\" content=\"https:\/\/business.roovi.com\/wp-content\/uploads\/2018\/04\/72795-01_ansamblu_dimensiuni_cutie_cm_orizontal_1200x1200.png\" \/>\n\t<meta property=\"og:image:width\" content=\"1200\" \/>\n\t<meta property=\"og:image:height\" content=\"1200\" \/>\n\t<meta property=\"og:image:type\" content=\"image\/png\" \/>\n<meta name=\"twitter:label1\" content=\"Dur\u00e9e de lecture estim\u00e9e\" \/>\n\t<meta name=\"twitter:data1\" content=\"4 minutes\" \/>\n<script type=\"application\/ld+json\" class=\"yoast-schema-graph\">{\"@context\":\"https:\/\/schema.org\",\"@graph\":[{\"@type\":\"WebPage\",\"@id\":\"https:\/\/business.roovi.com\/fr\/casse-tete-hans-andersen-brendekilde-printemps-un-jeune-couple-dans-un-bateau-a-rames-sur-odense-puzzle-adulte-1000-pieces\/p\/\",\"url\":\"https:\/\/business.roovi.com\/fr\/casse-tete-hans-andersen-brendekilde-printemps-un-jeune-couple-dans-un-bateau-a-rames-sur-odense-puzzle-adulte-1000-pieces\/p\/\",\"name\":\"Casse-t\u00eate Hans Andersen Brendekilde - Printemps. Un jeune couple dans un bateau \u00e0 rames sur Odense - Puzzle adulte 1000 pi\u00e8ces\",\"isPartOf\":{\"@id\":\"https:\/\/business.roovi.com\/fr\/#website\"},\"datePublished\":\"2018-04-16T10:56:17+00:00\",\"dateModified\":\"2022-07-13T10:21:45+00:00\",\"description\":\"Casse-t\u00eate Hans Andersen Brendekilde - Printemps. Un jeune couple dans un bateau \u00e0 rames sur Odense - Puzzle adulte 1000 pi\u00e8ces\",\"breadcrumb\":{\"@id\":\"https:\/\/business.roovi.com\/fr\/casse-tete-hans-andersen-brendekilde-printemps-un-jeune-couple-dans-un-bateau-a-rames-sur-odense-puzzle-adulte-1000-pieces\/p\/#breadcrumb\"},\"inLanguage\":\"fr-FR\",\"potentialAction\":[{\"@type\":\"ReadAction\",\"target\":[\"https:\/\/business.roovi.com\/fr\/casse-tete-hans-andersen-brendekilde-printemps-un-jeune-couple-dans-un-bateau-a-rames-sur-odense-puzzle-adulte-1000-pieces\/p\/\"]}]},{\"@type\":\"BreadcrumbList\",\"@id\":\"https:\/\/business.roovi.com\/fr\/casse-tete-hans-andersen-brendekilde-printemps-un-jeune-couple-dans-un-bateau-a-rames-sur-odense-puzzle-adulte-1000-pieces\/p\/#breadcrumb\",\"itemListElement\":[{\"@type\":\"ListItem\",\"position\":1,\"name\":\"Home\",\"item\":\"https:\/\/business.roovi.com\/fr\/\"},{\"@type\":\"ListItem\",\"position\":2,\"name\":\"Boutique\",\"item\":\"https:\/\/business.roovi.com\/fr\/boutique\/\"},{\"@type\":\"ListItem\",\"position\":3,\"name\":\"Casse-t\u00eate Hans Andersen Brendekilde &#8211; Printemps. Un jeune couple dans un bateau \u00e0 rames sur Odense &#8211; Puzzle adulte 1000 pi\u00e8ces\"}]},{\"@type\":\"WebSite\",\"@id\":\"https:\/\/business.roovi.com\/fr\/#website\",\"url\":\"https:\/\/business.roovi.com\/fr\/\",\"name\":\"Roovi B2B\",\"description\":\"Roovi Business Website\",\"potentialAction\":[{\"@type\":\"SearchAction\",\"target\":{\"@type\":\"EntryPoint\",\"urlTemplate\":\"https:\/\/business.roovi.com\/fr\/?s={search_term_string}\"},\"query-input\":\"required name=search_term_string\"}],\"inLanguage\":\"fr-FR\"}]}<\/script>\n<!-- \/ Yoast SEO plugin. -->","yoast_head_json":{"title":"Casse-t\u00eate Hans Andersen Brendekilde - Printemps. Un jeune couple dans un bateau \u00e0 rames sur Odense - Puzzle adulte 1000 pi\u00e8ces","description":"Casse-t\u00eate Hans Andersen Brendekilde - Printemps. Un jeune couple dans un bateau \u00e0 rames sur Odense - Puzzle adulte 1000 pi\u00e8ces","robots":{"index":"index","follow":"follow","max-snippet":"max-snippet:-1","max-image-preview":"max-image-preview:large","max-video-preview":"max-video-preview:-1"},"canonical":"https:\/\/business.roovi.com\/fr\/casse-tete-hans-andersen-brendekilde-printemps-un-jeune-couple-dans-un-bateau-a-rames-sur-odense-puzzle-adulte-1000-pieces\/p\/","og_locale":"fr_FR","og_type":"article","og_title":"Casse-t\u00eate Hans Andersen Brendekilde - Printemps. Un jeune couple dans un bateau \u00e0 rames sur Odense - Puzzle adulte 1000 pi\u00e8ces","og_description":"Casse-t\u00eate Hans Andersen Brendekilde - Printemps. Un jeune couple dans un bateau \u00e0 rames sur Odense - Puzzle adulte 1000 pi\u00e8ces","og_url":"https:\/\/business.roovi.com\/fr\/casse-tete-hans-andersen-brendekilde-printemps-un-jeune-couple-dans-un-bateau-a-rames-sur-odense-puzzle-adulte-1000-pieces\/p\/","og_site_name":"Roovi B2B","article_publisher":"https:\/\/www.facebook.com\/wwwjucariero","article_modified_time":"2022-07-13T10:21:45+00:00","og_image":[{"width":1200,"height":1200,"url":"https:\/\/business.roovi.com\/wp-content\/uploads\/2018\/04\/72795-01_ansamblu_dimensiuni_cutie_cm_orizontal_1200x1200.png","type":"image\/png"}],"twitter_misc":{"Dur\u00e9e de lecture estim\u00e9e":"4 minutes"},"schema":{"@context":"https:\/\/schema.org","@graph":[{"@type":"WebPage","@id":"https:\/\/business.roovi.com\/fr\/casse-tete-hans-andersen-brendekilde-printemps-un-jeune-couple-dans-un-bateau-a-rames-sur-odense-puzzle-adulte-1000-pieces\/p\/","url":"https:\/\/business.roovi.com\/fr\/casse-tete-hans-andersen-brendekilde-printemps-un-jeune-couple-dans-un-bateau-a-rames-sur-odense-puzzle-adulte-1000-pieces\/p\/","name":"Casse-t\u00eate Hans Andersen Brendekilde - Printemps. Un jeune couple dans un bateau \u00e0 rames sur Odense - Puzzle adulte 1000 pi\u00e8ces","isPartOf":{"@id":"https:\/\/business.roovi.com\/fr\/#website"},"datePublished":"2018-04-16T10:56:17+00:00","dateModified":"2022-07-13T10:21:45+00:00","description":"Casse-t\u00eate Hans Andersen Brendekilde - Printemps. Un jeune couple dans un bateau \u00e0 rames sur Odense - Puzzle adulte 1000 pi\u00e8ces","breadcrumb":{"@id":"https:\/\/business.roovi.com\/fr\/casse-tete-hans-andersen-brendekilde-printemps-un-jeune-couple-dans-un-bateau-a-rames-sur-odense-puzzle-adulte-1000-pieces\/p\/#breadcrumb"},"inLanguage":"fr-FR","potentialAction":[{"@type":"ReadAction","target":["https:\/\/business.roovi.com\/fr\/casse-tete-hans-andersen-brendekilde-printemps-un-jeune-couple-dans-un-bateau-a-rames-sur-odense-puzzle-adulte-1000-pieces\/p\/"]}]},{"@type":"BreadcrumbList","@id":"https:\/\/business.roovi.com\/fr\/casse-tete-hans-andersen-brendekilde-printemps-un-jeune-couple-dans-un-bateau-a-rames-sur-odense-puzzle-adulte-1000-pieces\/p\/#breadcrumb","itemListElement":[{"@type":"ListItem","position":1,"name":"Home","item":"https:\/\/business.roovi.com\/fr\/"},{"@type":"ListItem","position":2,"name":"Boutique","item":"https:\/\/business.roovi.com\/fr\/boutique\/"},{"@type":"ListItem","position":3,"name":"Casse-t\u00eate Hans Andersen Brendekilde &#8211; Printemps. Un jeune couple dans un bateau \u00e0 rames sur Odense &#8211; Puzzle adulte 1000 pi\u00e8ces"}]},{"@type":"WebSite","@id":"https:\/\/business.roovi.com\/fr\/#website","url":"https:\/\/business.roovi.com\/fr\/","name":"Roovi B2B","description":"Roovi Business Website","potentialAction":[{"@type":"SearchAction","target":{"@type":"EntryPoint","urlTemplate":"https:\/\/business.roovi.com\/fr\/?s={search_term_string}"},"query-input":"required name=search_term_string"}],"inLanguage":"fr-FR"}]}},"_links":{"self":[{"href":"https:\/\/business.roovi.com\/fr\/wp-json\/wp\/v2\/product\/52949","targetHints":{"allow":["GET"]}}],"collection":[{"href":"https:\/\/business.roovi.com\/fr\/wp-json\/wp\/v2\/product"}],"about":[{"href":"https:\/\/business.roovi.com\/fr\/wp-json\/wp\/v2\/types\/product"}],"version-history":[{"count":0,"href":"https:\/\/business.roovi.com\/fr\/wp-json\/wp\/v2\/product\/52949\/revisions"}],"wp:featuredmedia":[{"embeddable":true,"href":"https:\/\/business.roovi.com\/fr\/wp-json\/wp\/v2\/media\/63447"}],"wp:attachment":[{"href":"https:\/\/business.roovi.com\/fr\/wp-json\/wp\/v2\/media?parent=52949"}],"wp:term":[{"taxonomy":"product_brand","embeddable":true,"href":"https:\/\/business.roovi.com\/fr\/wp-json\/wp\/v2\/product_brand?post=52949"},{"taxonomy":"product_cat","embeddable":true,"href":"https:\/\/business.roovi.com\/fr\/wp-json\/wp\/v2\/product_cat?post=52949"},{"taxonomy":"product_tag","embeddable":true,"href":"https:\/\/business.roovi.com\/fr\/wp-json\/wp\/v2\/product_tag?post=52949"}],"curies":[{"name":"wp","href":"https:\/\/api.w.org\/{rel}","templated":true}]}}