{"id":52951,"date":"2018-04-16T10:56:17","date_gmt":"2018-04-16T10:56:17","guid":{"rendered":"https:\/\/business.roovi.com\/puzzle-adulti-1000-piese-james-tissot-on-the-thames-a-heron-pe-tamisa-un-starc\/p\/"},"modified":"2022-07-13T10:21:47","modified_gmt":"2022-07-13T10:21:47","slug":"james-tissot-puzzle-adulte-1000-pieces-sur-la-tamise-un-heron","status":"publish","type":"product","link":"https:\/\/business.roovi.com\/fr\/james-tissot-puzzle-adulte-1000-pieces-sur-la-tamise-un-heron\/p\/","title":{"rendered":"James Tissot Puzzle adulte 1000 pi\u00e8ces &#8211; Sur la Tamise, un h\u00e9ron"},"content":{"rendered":"<p><span style=\"font-weight: 400;\">As-tu d\u00e9j\u00e0 imagin\u00e9 ce que ce serait d&rsquo;\u00eatre toi-m\u00eame le cr\u00e9ateur d&rsquo;une \u0153uvre d&rsquo;art ? \u00catre l&rsquo;artiste qui d\u00e9pose sur la toile, coup de pinceau par coup de pinceau, couche par couche, des images si r\u00e9alistes qu&rsquo;elles ressemblent \u00e0 des photographies ?<\/span><\/p>\n<p><span style=\"font-weight: 400;\">Tu as maintenant la possibilit\u00e9 de vivre cette sensation avec un puzzle de 1000 pi\u00e8ces qui te transporte instantan\u00e9ment dans l&rsquo;atmosph\u00e8re du mouvement r\u00e9aliste, magistralement repr\u00e9sent\u00e9 par le c\u00e9l\u00e8bre peintre fran\u00e7ais James Tissot <\/span><\/p>\n<p><span style=\"font-weight: 400;\">Sur la Tamise, un h\u00e9ron &#8211; l&rsquo;une des premi\u00e8res peintures de James Tissot apr\u00e8s son arriv\u00e9e en Angleterre, cr\u00e9\u00e9e en 1871 et fid\u00e8lement reproduite dans ce puzzle d&rsquo;art fascinant, est un d\u00e9fi passionnant pour tout amateur de puzzle de 1000 pi\u00e8ces.<\/span><\/p>\n<p><span style=\"font-weight: 400;\">Gr\u00e2ce \u00e0 l&rsquo;uniformit\u00e9 des couleurs et aux nuances tr\u00e8s similaires dans lesquelles James Tissot parvient \u00e0 reproduire un v\u00e9ritable paysage d&rsquo;automne sur la Tamise, ton attention aux d\u00e9tails sera mise \u00e0 l&rsquo;\u00e9preuve avec chaque pi\u00e8ce que tu ajouteras pour recr\u00e9er ce tableau puzzle.<\/span><\/p>\n<p><span style=\"font-weight: 400;\">Le tableau Sur la Tamise, un h\u00e9ron, reproduit dans ce puzzle artistique, marque \u00e9galement la transition du peintre fran\u00e7ais James Tissot du style de peinture fran\u00e7ais au style victorien charmant et suave <\/span><\/p>\n<p><span style=\"font-weight: 400;\">Mais ce qui est le plus frappant, au-del\u00e0 des couleurs et du style, c&rsquo;est la superposition m\u00eame des plans, dans une composition int\u00e9ressante qui met en avant le moineau volant &#8211; un oiseau assez commun sur les bords de la Tamise, mais un symbole puissant de l&rsquo;influence que le style japonais avait sur les cr\u00e9ations de James Tissot \u00e0 l&rsquo;\u00e9poque.<\/span><\/p>\n<p><span style=\"font-size: 18px;\"><strong>Pourquoi choisir un puzzle adulte James Tissot 1000 pi\u00e8ces<\/strong><\/span><\/p>\n<ul>\n<li><span style=\"font-weight: 400;\">Tu obtiendras une peinture aux d\u00e9tails impressionnants de Sur la Tamise de James Tissot, un h\u00e9ron<\/span><\/li>\n<li><span style=\"font-weight: 400;\">Taille du puzzle d&rsquo;art 50 x 70 cm<\/span><\/li>\n<li><span style=\"font-weight: 400;\">Pi\u00e8ces fabriqu\u00e9es en carton de haute qualit\u00e9, r\u00e9sistant \u00e0 de multiples utilisations<\/span><\/li>\n<li><span style=\"font-weight: 400;\">Fab Fab Fab Fab fabriqu\u00e9 \u00e0 partir de mat\u00e9riaux durables et recyclables<\/span><\/li>\n<li><span style=\"font-weight: 400;\">La finition est semi-brillante et les couleurs sont vives et vibrantes<\/span><\/li>\n<li><span style=\"font-weight: 400;\">Convient \u00e0 partir de 14 ans &#8211; une excellente occasion de faire d\u00e9couvrir aux adolescents le monde fascinant de l&rsquo;art<\/span><\/li>\n<\/ul>\n<p><span style=\"font-weight: 400;\">Assembler un puzzle artistique pr\u00e9sente de nombreux avantages qui se refl\u00e8tent \u00e0 plusieurs niveaux :<\/span><\/p>\n<ul>\n<li><span style=\"font-weight: 400;\">Augmente l&rsquo;attention port\u00e9e aux d\u00e9tails<\/span><\/li>\n<li><span style=\"font-weight: 400;\">Il entra\u00eene ta dext\u00e9rit\u00e9 <\/span><\/li>\n<li><span style=\"font-weight: 400;\">C&rsquo;est une activit\u00e9 relaxante<\/span><\/li>\n<li><span style=\"font-weight: 400;\">Cela peut \u00eatre une bonne occasion de se d\u00e9connecter de la vie quotidienne<\/span><\/li>\n<li><span style=\"font-weight: 400;\">Aide \u00e0 rester concentr\u00e9 sur une seule t\u00e2che <\/span><\/li>\n<\/ul>\n<p><span style=\"font-size: 18px;\"><strong>Tu savais que&#8230; ?<\/strong><\/span><\/p>\n<p><span style=\"font-weight: 400;\">Sur la Tamise, un h\u00e9ron est une peinture repr\u00e9sentative de la transition stylistique que Tissot a d\u00fb faire apr\u00e8s s&rsquo;\u00eatre r\u00e9fugi\u00e9 en Angleterre suite \u00e0 la guerre franco-prussienne <\/span><\/p>\n<p><span style=\"font-weight: 400;\">Ainsi, comme les Anglais n&rsquo;appr\u00e9ciaient pas du tout le style de peinture fran\u00e7ais, il est pass\u00e9 de la peinture de sc\u00e8nes historiques \u00e0 la peinture de sc\u00e8nes de la vie sociale, qui \u00e9taient si populaires aupr\u00e8s de la noblesse anglaise <\/span><\/p>\n<p><span style=\"font-weight: 400;\">James Tissot \u00e9tait tr\u00e8s appr\u00e9ci\u00e9 pour sa capacit\u00e9 \u00e0 rendre avec finesse les paysages et les d\u00e9tails des villes qui l&rsquo;inspiraient, sans avoir \u00e0 passer beaucoup de temps dans ces lieux.<\/span><\/p>\n<p><span style=\"font-weight: 400;\">Son vrai nom \u00e9tait <\/span><span style=\"font-weight: 400;\">Jacques Joseph Tissot, mais il l&rsquo;a chang\u00e9 lorsqu&rsquo;il a d\u00e9m\u00e9nag\u00e9 en Angleterre, suivant une mode de l&rsquo;\u00e9poque o\u00f9 de nombreux artistes changeaient leur nom pour s&rsquo;int\u00e9grer \u00e0 certaines soci\u00e9t\u00e9s.<\/span><\/p>\n<p><span style=\"font-size: 18px;\"><strong>Puzzle de 1000 pi\u00e8ces &#8211; la garantie d&rsquo;un temps de qualit\u00e9 \u00e0 la maison<\/strong><\/span><\/p>\n<p><span style=\"font-weight: 400;\">Choisis le puzzle pour adultes James Tissot &#8211; Sur la Tamise, un h\u00e9ron, et assieds-toi car tu seras captiv\u00e9 par la subtilit\u00e9 des d\u00e9tails de l&rsquo;arri\u00e8re-plan rendus par Tissot dans cette peinture.<\/span><\/p>\n<p><span style=\"font-weight: 400;\">Que tu choisisses de l&rsquo;assembler toi-m\u00eame ou que tu en profites pour passer quelques heures de d\u00e9tente avec tes amis ou ta famille, tu es s\u00fbr de passer un moment de qualit\u00e9 \u00e0 assembler les pi\u00e8ces d&rsquo;un puzzle artistique.  <\/span><\/p>\n<p><span style=\"font-weight: 400;\">Chaque ensemble de puzzle pour adultes peut devenir le prochain chef-d&rsquo;\u0153uvre que tu ajouteras \u00e0 ta collection et peut \u00eatre facilement encadr\u00e9 et expos\u00e9 pour cr\u00e9er ta propre galerie d&rsquo;art d&rsquo;\u0153uvres des ma\u00eetres de la couleur.<\/span><\/p>\n<p><span style=\"font-weight: 400;\">De plus, un puzzle de 1 000 pi\u00e8ces comme Sur la Tamise, un h\u00e9ron peut \u00eatre un cadeau appropri\u00e9 pour un \u00eatre cher lorsque tu ne sais pas quoi lui offrir. Il se pr\u00eate \u00e0 toutes les occasions, d&rsquo;un cadeau d&rsquo;anniversaire \u00e0 un cadeau de No\u00ebl.<\/span><\/p>\n","protected":false},"excerpt":{"rendered":"<p>As-tu d\u00e9j\u00e0 imagin\u00e9 ce que ce serait d&rsquo;\u00eatre toi-m\u00eame le cr\u00e9ateur d&rsquo;une \u0153uvre d&rsquo;art ? \u00catre l&rsquo;artiste qui d\u00e9pose sur<\/p>\n","protected":false},"featured_media":47484,"template":"","meta":[],"product_brand":[],"product_cat":[2314,2316,2315],"product_tag":[],"class_list":{"0":"post-52951","1":"product","2":"type-product","3":"status-publish","4":"has-post-thumbnail","6":"product_cat-puzzles-fr","7":"product_cat-puzzles-de-1000-pieces","8":"product_cat-puzzles-pour-adultes","9":"pa_bax-10-fr","10":"pa_brand-d_toys-fr","11":"pa_country_of_manufacture-ro-fr","12":"pa_filter_age-14-fr","13":"pa_painter-jamestissot-fr","14":"pa_tip_ambalaj-boite","15":"pa_tip_puzzle-classique","17":"first","18":"instock","19":"taxable","20":"shipping-taxable","21":"product-type-simple"},"yoast_head":"<!-- This site is optimized with the Yoast SEO plugin v20.1 - https:\/\/yoast.com\/wordpress\/plugins\/seo\/ -->\n<title>James Tissot Puzzle adulte 1000 pi\u00e8ces - Sur la Tamise, un h\u00e9ron<\/title>\n<meta name=\"description\" content=\"James Tissot Puzzle adulte 1000 pi\u00e8ces - Sur la Tamise, un h\u00e9ron\" \/>\n<meta name=\"robots\" content=\"index, follow, max-snippet:-1, max-image-preview:large, max-video-preview:-1\" \/>\n<link rel=\"canonical\" href=\"https:\/\/business.roovi.com\/fr\/james-tissot-puzzle-adulte-1000-pieces-sur-la-tamise-un-heron\/p\/\" \/>\n<meta property=\"og:locale\" content=\"fr_FR\" \/>\n<meta property=\"og:type\" content=\"article\" \/>\n<meta property=\"og:title\" content=\"James Tissot Puzzle adulte 1000 pi\u00e8ces - Sur la Tamise, un h\u00e9ron\" \/>\n<meta property=\"og:description\" content=\"James Tissot Puzzle adulte 1000 pi\u00e8ces - Sur la Tamise, un h\u00e9ron\" \/>\n<meta property=\"og:url\" content=\"https:\/\/business.roovi.com\/fr\/james-tissot-puzzle-adulte-1000-pieces-sur-la-tamise-un-heron\/p\/\" \/>\n<meta property=\"og:site_name\" content=\"Roovi B2B\" \/>\n<meta property=\"article:publisher\" content=\"https:\/\/www.facebook.com\/wwwjucariero\" \/>\n<meta property=\"article:modified_time\" content=\"2022-07-13T10:21:47+00:00\" \/>\n<meta property=\"og:image\" content=\"https:\/\/business.roovi.com\/wp-content\/uploads\/2018\/04\/p1000_tissot_72771ti01tissot_72771ti02_r700_64x88cm_no_stanc.jpg\" \/>\n\t<meta property=\"og:image:width\" content=\"1200\" \/>\n\t<meta property=\"og:image:height\" content=\"1200\" \/>\n\t<meta property=\"og:image:type\" content=\"image\/jpeg\" \/>\n<meta name=\"twitter:label1\" content=\"Dur\u00e9e de lecture estim\u00e9e\" \/>\n\t<meta name=\"twitter:data1\" content=\"4 minutes\" \/>\n<script type=\"application\/ld+json\" class=\"yoast-schema-graph\">{\"@context\":\"https:\/\/schema.org\",\"@graph\":[{\"@type\":\"WebPage\",\"@id\":\"https:\/\/business.roovi.com\/fr\/james-tissot-puzzle-adulte-1000-pieces-sur-la-tamise-un-heron\/p\/\",\"url\":\"https:\/\/business.roovi.com\/fr\/james-tissot-puzzle-adulte-1000-pieces-sur-la-tamise-un-heron\/p\/\",\"name\":\"James Tissot Puzzle adulte 1000 pi\u00e8ces - Sur la Tamise, un h\u00e9ron\",\"isPartOf\":{\"@id\":\"https:\/\/business.roovi.com\/fr\/#website\"},\"datePublished\":\"2018-04-16T10:56:17+00:00\",\"dateModified\":\"2022-07-13T10:21:47+00:00\",\"description\":\"James Tissot Puzzle adulte 1000 pi\u00e8ces - Sur la Tamise, un h\u00e9ron\",\"breadcrumb\":{\"@id\":\"https:\/\/business.roovi.com\/fr\/james-tissot-puzzle-adulte-1000-pieces-sur-la-tamise-un-heron\/p\/#breadcrumb\"},\"inLanguage\":\"fr-FR\",\"potentialAction\":[{\"@type\":\"ReadAction\",\"target\":[\"https:\/\/business.roovi.com\/fr\/james-tissot-puzzle-adulte-1000-pieces-sur-la-tamise-un-heron\/p\/\"]}]},{\"@type\":\"BreadcrumbList\",\"@id\":\"https:\/\/business.roovi.com\/fr\/james-tissot-puzzle-adulte-1000-pieces-sur-la-tamise-un-heron\/p\/#breadcrumb\",\"itemListElement\":[{\"@type\":\"ListItem\",\"position\":1,\"name\":\"Home\",\"item\":\"https:\/\/business.roovi.com\/fr\/\"},{\"@type\":\"ListItem\",\"position\":2,\"name\":\"Boutique\",\"item\":\"https:\/\/business.roovi.com\/fr\/boutique\/\"},{\"@type\":\"ListItem\",\"position\":3,\"name\":\"James Tissot Puzzle adulte 1000 pi\u00e8ces &#8211; Sur la Tamise, un h\u00e9ron\"}]},{\"@type\":\"WebSite\",\"@id\":\"https:\/\/business.roovi.com\/fr\/#website\",\"url\":\"https:\/\/business.roovi.com\/fr\/\",\"name\":\"Roovi B2B\",\"description\":\"Roovi Business Website\",\"potentialAction\":[{\"@type\":\"SearchAction\",\"target\":{\"@type\":\"EntryPoint\",\"urlTemplate\":\"https:\/\/business.roovi.com\/fr\/?s={search_term_string}\"},\"query-input\":\"required name=search_term_string\"}],\"inLanguage\":\"fr-FR\"}]}<\/script>\n<!-- \/ Yoast SEO plugin. -->","yoast_head_json":{"title":"James Tissot Puzzle adulte 1000 pi\u00e8ces - Sur la Tamise, un h\u00e9ron","description":"James Tissot Puzzle adulte 1000 pi\u00e8ces - Sur la Tamise, un h\u00e9ron","robots":{"index":"index","follow":"follow","max-snippet":"max-snippet:-1","max-image-preview":"max-image-preview:large","max-video-preview":"max-video-preview:-1"},"canonical":"https:\/\/business.roovi.com\/fr\/james-tissot-puzzle-adulte-1000-pieces-sur-la-tamise-un-heron\/p\/","og_locale":"fr_FR","og_type":"article","og_title":"James Tissot Puzzle adulte 1000 pi\u00e8ces - Sur la Tamise, un h\u00e9ron","og_description":"James Tissot Puzzle adulte 1000 pi\u00e8ces - Sur la Tamise, un h\u00e9ron","og_url":"https:\/\/business.roovi.com\/fr\/james-tissot-puzzle-adulte-1000-pieces-sur-la-tamise-un-heron\/p\/","og_site_name":"Roovi B2B","article_publisher":"https:\/\/www.facebook.com\/wwwjucariero","article_modified_time":"2022-07-13T10:21:47+00:00","og_image":[{"width":1200,"height":1200,"url":"https:\/\/business.roovi.com\/wp-content\/uploads\/2018\/04\/p1000_tissot_72771ti01tissot_72771ti02_r700_64x88cm_no_stanc.jpg","type":"image\/jpeg"}],"twitter_misc":{"Dur\u00e9e de lecture estim\u00e9e":"4 minutes"},"schema":{"@context":"https:\/\/schema.org","@graph":[{"@type":"WebPage","@id":"https:\/\/business.roovi.com\/fr\/james-tissot-puzzle-adulte-1000-pieces-sur-la-tamise-un-heron\/p\/","url":"https:\/\/business.roovi.com\/fr\/james-tissot-puzzle-adulte-1000-pieces-sur-la-tamise-un-heron\/p\/","name":"James Tissot Puzzle adulte 1000 pi\u00e8ces - Sur la Tamise, un h\u00e9ron","isPartOf":{"@id":"https:\/\/business.roovi.com\/fr\/#website"},"datePublished":"2018-04-16T10:56:17+00:00","dateModified":"2022-07-13T10:21:47+00:00","description":"James Tissot Puzzle adulte 1000 pi\u00e8ces - Sur la Tamise, un h\u00e9ron","breadcrumb":{"@id":"https:\/\/business.roovi.com\/fr\/james-tissot-puzzle-adulte-1000-pieces-sur-la-tamise-un-heron\/p\/#breadcrumb"},"inLanguage":"fr-FR","potentialAction":[{"@type":"ReadAction","target":["https:\/\/business.roovi.com\/fr\/james-tissot-puzzle-adulte-1000-pieces-sur-la-tamise-un-heron\/p\/"]}]},{"@type":"BreadcrumbList","@id":"https:\/\/business.roovi.com\/fr\/james-tissot-puzzle-adulte-1000-pieces-sur-la-tamise-un-heron\/p\/#breadcrumb","itemListElement":[{"@type":"ListItem","position":1,"name":"Home","item":"https:\/\/business.roovi.com\/fr\/"},{"@type":"ListItem","position":2,"name":"Boutique","item":"https:\/\/business.roovi.com\/fr\/boutique\/"},{"@type":"ListItem","position":3,"name":"James Tissot Puzzle adulte 1000 pi\u00e8ces &#8211; Sur la Tamise, un h\u00e9ron"}]},{"@type":"WebSite","@id":"https:\/\/business.roovi.com\/fr\/#website","url":"https:\/\/business.roovi.com\/fr\/","name":"Roovi B2B","description":"Roovi Business Website","potentialAction":[{"@type":"SearchAction","target":{"@type":"EntryPoint","urlTemplate":"https:\/\/business.roovi.com\/fr\/?s={search_term_string}"},"query-input":"required name=search_term_string"}],"inLanguage":"fr-FR"}]}},"_links":{"self":[{"href":"https:\/\/business.roovi.com\/fr\/wp-json\/wp\/v2\/product\/52951","targetHints":{"allow":["GET"]}}],"collection":[{"href":"https:\/\/business.roovi.com\/fr\/wp-json\/wp\/v2\/product"}],"about":[{"href":"https:\/\/business.roovi.com\/fr\/wp-json\/wp\/v2\/types\/product"}],"version-history":[{"count":0,"href":"https:\/\/business.roovi.com\/fr\/wp-json\/wp\/v2\/product\/52951\/revisions"}],"wp:featuredmedia":[{"embeddable":true,"href":"https:\/\/business.roovi.com\/fr\/wp-json\/wp\/v2\/media\/47484"}],"wp:attachment":[{"href":"https:\/\/business.roovi.com\/fr\/wp-json\/wp\/v2\/media?parent=52951"}],"wp:term":[{"taxonomy":"product_brand","embeddable":true,"href":"https:\/\/business.roovi.com\/fr\/wp-json\/wp\/v2\/product_brand?post=52951"},{"taxonomy":"product_cat","embeddable":true,"href":"https:\/\/business.roovi.com\/fr\/wp-json\/wp\/v2\/product_cat?post=52951"},{"taxonomy":"product_tag","embeddable":true,"href":"https:\/\/business.roovi.com\/fr\/wp-json\/wp\/v2\/product_tag?post=52951"}],"curies":[{"name":"wp","href":"https:\/\/api.w.org\/{rel}","templated":true}]}}