{"id":52958,"date":"2018-04-16T10:56:17","date_gmt":"2018-04-16T10:56:17","guid":{"rendered":"https:\/\/business.roovi.com\/puzzle-adulti-1000-piese-discover-europe-sighisoara-romania\/p\/"},"modified":"2022-07-13T10:21:53","modified_gmt":"2022-07-13T10:21:53","slug":"puzzle-sighisoara-roumanie-puzzle-adulte-1000-pieces-decouvrir-leurope","status":"publish","type":"product","link":"https:\/\/business.roovi.com\/fr\/puzzle-sighisoara-roumanie-puzzle-adulte-1000-pieces-decouvrir-leurope\/p\/","title":{"rendered":"Puzzle Sighisoara, Roumanie &#8211; Puzzle adulte 1000 pi\u00e8ces &#8211; D\u00e9couvrir l&rsquo;Europe"},"content":{"rendered":"<p><strong><em>D\u00e9couvre l&rsquo;Europe d&rsquo;une nouvelle fa\u00e7on ! Mets en place pi\u00e8ce par pi\u00e8ce et reconstitue \u00e0 partir de jeux de puzzle des images fascinantes de certains des sites les plus c\u00e9l\u00e8bres du vieux continent.<\/em><\/strong><\/p>\n<p><span style=\"font-weight: 400;\">Le puzzle de 1000 pi\u00e8ces de Sighisoara de la collection D\u00e9couvrir l&rsquo;Europe te fait voyager dans la plus grande forteresse m\u00e9di\u00e9vale d&rsquo;Europe, habit\u00e9e sans interruption jusqu&rsquo;\u00e0 ce jour.<\/span><\/p>\n<p><span style=\"font-weight: 400;\">Sighisoara est sans aucun doute une ville m\u00e9di\u00e9vale anim\u00e9e, avec des rues pav\u00e9es et des petites maisons color\u00e9es qui gardent l&rsquo;esprit des temps pass\u00e9s <\/span><\/p>\n<p><span style=\"font-weight: 400;\">Si tu t&rsquo;y rends \u00e0 la fin du mois de juillet, il y a de fortes chances que tu voies des chevaliers et des demoiselles habill\u00e9s en costumes de contes de f\u00e9es se promener dans les rues ou que tu assistes \u00e0 des combats \u00e0 l&rsquo;\u00e9p\u00e9e entre chevaliers m\u00e9di\u00e9vaux. C&rsquo;est l&rsquo;\u00e9poque du c\u00e9l\u00e8bre festival m\u00e9di\u00e9val de Sighisoara, qui attire chaque ann\u00e9e des touristes curieux du monde entier.<\/span><\/p>\n<p><span style=\"font-weight: 400;\">Si tu es fascin\u00e9 par la l\u00e9gende de Dracula, tu as l&rsquo;occasion de d\u00e9couvrir des d\u00e9tails inconnus en visitant la maison o\u00f9 Vlad Tepes est n\u00e9. Une ville \u00e0 l&rsquo;histoire fascinante, impr\u00e9gn\u00e9e de mythes et de l\u00e9gendes, que tu peux maintenant d\u00e9couvrir gr\u00e2ce \u00e0 un puzzle sp\u00e9cial pour adultes.<\/span><\/p>\n<p><span style=\"font-weight: 400;\">Nous t&rsquo;invitons donc au c\u0153ur de la Transylvanie, pour recr\u00e9er \u00e0 partir de 1000 pi\u00e8ces de puzzle une superbe image captur\u00e9e dans la forteresse m\u00e9di\u00e9vale de Sighisoara.<\/span><\/p>\n<p><strong>Pourquoi le puzzle 1000 pi\u00e8ces Discover Europe &#8211; Sighisoara est-il si sp\u00e9cial ? <\/strong><\/p>\n<p><span style=\"font-weight: 400;\">C&rsquo;est une fa\u00e7on relaxante de d\u00e9couvrir la beaut\u00e9 d&rsquo;une attraction touristique remarquable.<\/span><\/p>\n<p><span style=\"font-weight: 400;\">Tu obtiens une photo de 68 x 47 cm de <\/span><span style=\"font-weight: 400;\">d&rsquo;une rue pav\u00e9e de Sighisoara, avec la tour de l&rsquo;horloge en arri\u00e8re-plan<\/span><span style=\"font-weight: 400;\">.<\/span><\/p>\n<p><span style=\"font-weight: 400;\">Il est fabriqu\u00e9 en carton bleu de haute qualit\u00e9, tr\u00e8s r\u00e9sistant, tu peux donc assembler le tableau plusieurs fois sans que les pi\u00e8ces ne se d\u00e9t\u00e9riorent.<\/span><\/p>\n<p><span style=\"font-weight: 400;\">Nous utilisons des mat\u00e9riaux recyclables et durables pour fabriquer chaque jeu de puzzle.<\/span><\/p>\n<p><span style=\"font-weight: 400;\">Il a une finition semi-brillante dans des couleurs agr\u00e9ables qui donnent de la clart\u00e9 \u00e0 l&rsquo;image.<\/span><\/p>\n<p><span style=\"font-weight: 400;\">Il convient aux personnes de plus de 14 ans &#8211; une occasion de faire d\u00e9couvrir aux adolescents l&rsquo;histoire fascinante de Sighisoara.<\/span><\/p>\n<p><span style=\"font-weight: 400;\">Un puzzle de 1000 pi\u00e8ces avec des photos des attractions touristiques d&rsquo;Europe est une activit\u00e9 r\u00e9cr\u00e9ative aux multiples avantages :<\/span><\/p>\n<ul>\n<li><span style=\"font-weight: 400;\">Il entra\u00eene ta coordination, ta dext\u00e9rit\u00e9 et ta motricit\u00e9 fine.<\/span><\/li>\n<li><span style=\"font-weight: 400;\">Elle cultive ta patience.<\/span><\/li>\n<li><span style=\"font-weight: 400;\">C&rsquo;est un excellent entra\u00eenement pour le cerveau, qui le garde en bonne sant\u00e9.<\/span><\/li>\n<li><span style=\"font-weight: 400;\">Il te donne un \u00e9tat d&rsquo;optimisme et te d\u00e9connecte des soucis quotidiens.<\/span><\/li>\n<\/ul>\n<p><strong>Tu savais que&#8230; ?<\/strong><\/p>\n<p><span style=\"font-weight: 400;\">La tour de l&rsquo;horloge de Sighisoara fait 64 m\u00e8tres de haut et a \u00e9t\u00e9 construite pour d\u00e9fendre la forteresse.<\/span><\/p>\n<p><span style=\"font-weight: 400;\">Autrefois, la forteresse de Sighisoara \u00e9tait entour\u00e9e d&rsquo;un mur avec 14 tours, une pour chacune des guildes d&rsquo;artisans de la ville. Aujourd&rsquo;hui, il en reste 9 que l&rsquo;on peut admirer lors d&rsquo;une visite de la ville <\/span><\/p>\n<p><em><span style=\"font-weight: 400;\">L&rsquo;escalier des \u00e9coliers<\/span><\/em><span style=\"font-weight: 400;\"> ou <\/span><em><span style=\"font-weight: 400;\">L&rsquo;escalier couvert<\/span><\/em><span style=\"font-weight: 400;\"> elle comptait \u00e0 l&rsquo;origine 300 marches, aujourd&rsquo;hui elle en compte 175. Elle a \u00e9t\u00e9 construite en 1642 pour permettre aux \u00e9l\u00e8ves de se rendre plus facilement \u00e0 l&rsquo;\u00e9cole sur la colline <\/span><\/p>\n<p><span style=\"font-weight: 400;\">Jusqu&rsquo;\u00e0 la Seconde Guerre mondiale, Sighisoara avait un orchestre symphonique. Un invit\u00e9 de marque de la ville gr\u00e2ce \u00e0 elle \u00e9tait le musicien <\/span><span style=\"font-weight: 400;\">Johannes Brahms.<\/span><\/p>\n<p><strong>Puzzle de 1000 pi\u00e8ces Sighisoara &#8211; une exp\u00e9rience cr\u00e9ative et d&rsquo;apprentissage<\/strong><\/p>\n<p><span style=\"font-weight: 400;\">D\u00e9couvrir l&rsquo;Europe puzzle 1000 pi\u00e8ces &#8211; Sighisoara t&rsquo;offre de nombreuses heures de paix et d&rsquo;harmonie dont tout amateur de puzzle a besoin. Si tu veux partager les secrets du montage d&rsquo;un puzzle de 1000 pi\u00e8ces avec tes enfants, c&rsquo;est l&rsquo;occasion id\u00e9ale <\/span><\/p>\n<p><span style=\"font-weight: 400;\">Transforme une activit\u00e9 solitaire en une exp\u00e9rience amusante avec tes adolescents. R\u00e9fl\u00e9chis \u00e0 des strat\u00e9gies innovantes et compose une image de la fascinante forteresse m\u00e9di\u00e9vale. Le puzzle de 1000 pi\u00e8ces de Sighisoara est un excellent moyen de passer du temps de qualit\u00e9 et de construire des souvenirs inoubliables avec tes proches <\/span><\/p>\n<p><span style=\"font-weight: 400;\">De plus, ce puzzle pour adultes peut \u00eatre un cadeau appropri\u00e9 pour les f\u00eates ou les anniversaires.<\/span><\/p><\/p>\n","protected":false},"excerpt":{"rendered":"<p>D\u00e9couvre l&rsquo;Europe d&rsquo;une nouvelle fa\u00e7on ! Mets en place pi\u00e8ce par pi\u00e8ce et reconstitue \u00e0 partir de jeux de puzzle<\/p>\n","protected":false},"featured_media":47495,"template":"","meta":[],"product_brand":[],"product_cat":[2314,2316,2315],"product_tag":[],"class_list":{"0":"post-52958","1":"product","2":"type-product","3":"status-publish","4":"has-post-thumbnail","6":"product_cat-puzzles-fr","7":"product_cat-puzzles-de-1000-pieces","8":"product_cat-puzzles-pour-adultes","9":"pa_bax-7-fr","10":"pa_brand-d_toys-fr","11":"pa_country_of_manufacture-ro-fr","12":"pa_filter_age-14-fr","13":"pa_painter-discovereurope-fr","14":"pa_tip_ambalaj-boite","15":"pa_tip_puzzle-classique","17":"first","18":"instock","19":"taxable","20":"shipping-taxable","21":"product-type-simple"},"yoast_head":"<!-- This site is optimized with the Yoast SEO plugin v20.1 - https:\/\/yoast.com\/wordpress\/plugins\/seo\/ -->\n<title>Puzzle Sighisoara, Roumanie - Puzzle adulte 1000 pi\u00e8ces - D\u00e9couvrir l&#039;Europe<\/title>\n<meta name=\"description\" content=\"Puzzle Sighisoara, Roumanie - Puzzle adulte 1000 pi\u00e8ces - D\u00e9couvrir l&#039;Europe\" \/>\n<meta name=\"robots\" content=\"index, follow, max-snippet:-1, max-image-preview:large, max-video-preview:-1\" \/>\n<link rel=\"canonical\" href=\"https:\/\/business.roovi.com\/fr\/puzzle-sighisoara-roumanie-puzzle-adulte-1000-pieces-decouvrir-leurope\/p\/\" \/>\n<meta property=\"og:locale\" content=\"fr_FR\" \/>\n<meta property=\"og:type\" content=\"article\" \/>\n<meta property=\"og:title\" content=\"Puzzle Sighisoara, Roumanie - Puzzle adulte 1000 pi\u00e8ces - D\u00e9couvrir l&#039;Europe\" \/>\n<meta property=\"og:description\" content=\"Puzzle Sighisoara, Roumanie - Puzzle adulte 1000 pi\u00e8ces - D\u00e9couvrir l&#039;Europe\" \/>\n<meta property=\"og:url\" content=\"https:\/\/business.roovi.com\/fr\/puzzle-sighisoara-roumanie-puzzle-adulte-1000-pieces-decouvrir-leurope\/p\/\" \/>\n<meta property=\"og:site_name\" content=\"Roovi B2B\" \/>\n<meta property=\"article:publisher\" content=\"https:\/\/www.facebook.com\/wwwjucariero\" \/>\n<meta property=\"article:modified_time\" content=\"2022-07-13T10:21:53+00:00\" \/>\n<meta property=\"og:image\" content=\"https:\/\/business.roovi.com\/wp-content\/uploads\/2018\/04\/65995-02-ansamblu_dimensiuni-cutie-22x22-cm.png\" \/>\n\t<meta property=\"og:image:width\" content=\"1200\" \/>\n\t<meta property=\"og:image:height\" content=\"1200\" \/>\n\t<meta property=\"og:image:type\" content=\"image\/png\" \/>\n<meta name=\"twitter:label1\" content=\"Dur\u00e9e de lecture estim\u00e9e\" \/>\n\t<meta name=\"twitter:data1\" content=\"4 minutes\" \/>\n<script type=\"application\/ld+json\" class=\"yoast-schema-graph\">{\"@context\":\"https:\/\/schema.org\",\"@graph\":[{\"@type\":\"WebPage\",\"@id\":\"https:\/\/business.roovi.com\/fr\/puzzle-sighisoara-roumanie-puzzle-adulte-1000-pieces-decouvrir-leurope\/p\/\",\"url\":\"https:\/\/business.roovi.com\/fr\/puzzle-sighisoara-roumanie-puzzle-adulte-1000-pieces-decouvrir-leurope\/p\/\",\"name\":\"Puzzle Sighisoara, Roumanie - Puzzle adulte 1000 pi\u00e8ces - D\u00e9couvrir l'Europe\",\"isPartOf\":{\"@id\":\"https:\/\/business.roovi.com\/fr\/#website\"},\"datePublished\":\"2018-04-16T10:56:17+00:00\",\"dateModified\":\"2022-07-13T10:21:53+00:00\",\"description\":\"Puzzle Sighisoara, Roumanie - Puzzle adulte 1000 pi\u00e8ces - D\u00e9couvrir l'Europe\",\"breadcrumb\":{\"@id\":\"https:\/\/business.roovi.com\/fr\/puzzle-sighisoara-roumanie-puzzle-adulte-1000-pieces-decouvrir-leurope\/p\/#breadcrumb\"},\"inLanguage\":\"fr-FR\",\"potentialAction\":[{\"@type\":\"ReadAction\",\"target\":[\"https:\/\/business.roovi.com\/fr\/puzzle-sighisoara-roumanie-puzzle-adulte-1000-pieces-decouvrir-leurope\/p\/\"]}]},{\"@type\":\"BreadcrumbList\",\"@id\":\"https:\/\/business.roovi.com\/fr\/puzzle-sighisoara-roumanie-puzzle-adulte-1000-pieces-decouvrir-leurope\/p\/#breadcrumb\",\"itemListElement\":[{\"@type\":\"ListItem\",\"position\":1,\"name\":\"Home\",\"item\":\"https:\/\/business.roovi.com\/fr\/\"},{\"@type\":\"ListItem\",\"position\":2,\"name\":\"Boutique\",\"item\":\"https:\/\/business.roovi.com\/fr\/boutique\/\"},{\"@type\":\"ListItem\",\"position\":3,\"name\":\"Puzzle Sighisoara, Roumanie &#8211; Puzzle adulte 1000 pi\u00e8ces &#8211; D\u00e9couvrir l&#8217;Europe\"}]},{\"@type\":\"WebSite\",\"@id\":\"https:\/\/business.roovi.com\/fr\/#website\",\"url\":\"https:\/\/business.roovi.com\/fr\/\",\"name\":\"Roovi B2B\",\"description\":\"Roovi Business Website\",\"potentialAction\":[{\"@type\":\"SearchAction\",\"target\":{\"@type\":\"EntryPoint\",\"urlTemplate\":\"https:\/\/business.roovi.com\/fr\/?s={search_term_string}\"},\"query-input\":\"required name=search_term_string\"}],\"inLanguage\":\"fr-FR\"}]}<\/script>\n<!-- \/ Yoast SEO plugin. -->","yoast_head_json":{"title":"Puzzle Sighisoara, Roumanie - Puzzle adulte 1000 pi\u00e8ces - D\u00e9couvrir l'Europe","description":"Puzzle Sighisoara, Roumanie - Puzzle adulte 1000 pi\u00e8ces - D\u00e9couvrir l'Europe","robots":{"index":"index","follow":"follow","max-snippet":"max-snippet:-1","max-image-preview":"max-image-preview:large","max-video-preview":"max-video-preview:-1"},"canonical":"https:\/\/business.roovi.com\/fr\/puzzle-sighisoara-roumanie-puzzle-adulte-1000-pieces-decouvrir-leurope\/p\/","og_locale":"fr_FR","og_type":"article","og_title":"Puzzle Sighisoara, Roumanie - Puzzle adulte 1000 pi\u00e8ces - D\u00e9couvrir l'Europe","og_description":"Puzzle Sighisoara, Roumanie - Puzzle adulte 1000 pi\u00e8ces - D\u00e9couvrir l'Europe","og_url":"https:\/\/business.roovi.com\/fr\/puzzle-sighisoara-roumanie-puzzle-adulte-1000-pieces-decouvrir-leurope\/p\/","og_site_name":"Roovi B2B","article_publisher":"https:\/\/www.facebook.com\/wwwjucariero","article_modified_time":"2022-07-13T10:21:53+00:00","og_image":[{"width":1200,"height":1200,"url":"https:\/\/business.roovi.com\/wp-content\/uploads\/2018\/04\/65995-02-ansamblu_dimensiuni-cutie-22x22-cm.png","type":"image\/png"}],"twitter_misc":{"Dur\u00e9e de lecture estim\u00e9e":"4 minutes"},"schema":{"@context":"https:\/\/schema.org","@graph":[{"@type":"WebPage","@id":"https:\/\/business.roovi.com\/fr\/puzzle-sighisoara-roumanie-puzzle-adulte-1000-pieces-decouvrir-leurope\/p\/","url":"https:\/\/business.roovi.com\/fr\/puzzle-sighisoara-roumanie-puzzle-adulte-1000-pieces-decouvrir-leurope\/p\/","name":"Puzzle Sighisoara, Roumanie - Puzzle adulte 1000 pi\u00e8ces - D\u00e9couvrir l'Europe","isPartOf":{"@id":"https:\/\/business.roovi.com\/fr\/#website"},"datePublished":"2018-04-16T10:56:17+00:00","dateModified":"2022-07-13T10:21:53+00:00","description":"Puzzle Sighisoara, Roumanie - Puzzle adulte 1000 pi\u00e8ces - D\u00e9couvrir l'Europe","breadcrumb":{"@id":"https:\/\/business.roovi.com\/fr\/puzzle-sighisoara-roumanie-puzzle-adulte-1000-pieces-decouvrir-leurope\/p\/#breadcrumb"},"inLanguage":"fr-FR","potentialAction":[{"@type":"ReadAction","target":["https:\/\/business.roovi.com\/fr\/puzzle-sighisoara-roumanie-puzzle-adulte-1000-pieces-decouvrir-leurope\/p\/"]}]},{"@type":"BreadcrumbList","@id":"https:\/\/business.roovi.com\/fr\/puzzle-sighisoara-roumanie-puzzle-adulte-1000-pieces-decouvrir-leurope\/p\/#breadcrumb","itemListElement":[{"@type":"ListItem","position":1,"name":"Home","item":"https:\/\/business.roovi.com\/fr\/"},{"@type":"ListItem","position":2,"name":"Boutique","item":"https:\/\/business.roovi.com\/fr\/boutique\/"},{"@type":"ListItem","position":3,"name":"Puzzle Sighisoara, Roumanie &#8211; Puzzle adulte 1000 pi\u00e8ces &#8211; D\u00e9couvrir l&#8217;Europe"}]},{"@type":"WebSite","@id":"https:\/\/business.roovi.com\/fr\/#website","url":"https:\/\/business.roovi.com\/fr\/","name":"Roovi B2B","description":"Roovi Business Website","potentialAction":[{"@type":"SearchAction","target":{"@type":"EntryPoint","urlTemplate":"https:\/\/business.roovi.com\/fr\/?s={search_term_string}"},"query-input":"required name=search_term_string"}],"inLanguage":"fr-FR"}]}},"_links":{"self":[{"href":"https:\/\/business.roovi.com\/fr\/wp-json\/wp\/v2\/product\/52958","targetHints":{"allow":["GET"]}}],"collection":[{"href":"https:\/\/business.roovi.com\/fr\/wp-json\/wp\/v2\/product"}],"about":[{"href":"https:\/\/business.roovi.com\/fr\/wp-json\/wp\/v2\/types\/product"}],"version-history":[{"count":0,"href":"https:\/\/business.roovi.com\/fr\/wp-json\/wp\/v2\/product\/52958\/revisions"}],"wp:featuredmedia":[{"embeddable":true,"href":"https:\/\/business.roovi.com\/fr\/wp-json\/wp\/v2\/media\/47495"}],"wp:attachment":[{"href":"https:\/\/business.roovi.com\/fr\/wp-json\/wp\/v2\/media?parent=52958"}],"wp:term":[{"taxonomy":"product_brand","embeddable":true,"href":"https:\/\/business.roovi.com\/fr\/wp-json\/wp\/v2\/product_brand?post=52958"},{"taxonomy":"product_cat","embeddable":true,"href":"https:\/\/business.roovi.com\/fr\/wp-json\/wp\/v2\/product_cat?post=52958"},{"taxonomy":"product_tag","embeddable":true,"href":"https:\/\/business.roovi.com\/fr\/wp-json\/wp\/v2\/product_tag?post=52958"}],"curies":[{"name":"wp","href":"https:\/\/api.w.org\/{rel}","templated":true}]}}