{"id":52959,"date":"2018-04-16T10:56:17","date_gmt":"2018-04-16T10:56:17","guid":{"rendered":"https:\/\/business.roovi.com\/puzzle-adulti-1000-piese-discover-europe-casa-batllo-barcelona\/p\/"},"modified":"2022-07-13T10:21:54","modified_gmt":"2022-07-13T10:21:54","slug":"casse-tete-casa-batllo-barcelone-casse-tete-adulte-1000-pieces-decouvrir-leurope","status":"publish","type":"product","link":"https:\/\/business.roovi.com\/fr\/casse-tete-casa-batllo-barcelone-casse-tete-adulte-1000-pieces-decouvrir-leurope\/p\/","title":{"rendered":"Casse-t\u00eate Casa Batll\u00f3, Barcelone &#8211; Casse-t\u00eate adulte 1000 pi\u00e8ces &#8211; D\u00e9couvrir l&rsquo;Europe"},"content":{"rendered":"<p><strong><em>Les sites fascinants d&rsquo;Europe t&rsquo;attendent pour que tu les explores avec la nouvelle collection de puzzles pour adultes de 1000 pi\u00e8ces Discover Europe.<\/em><\/strong><\/p>\n<p><span style=\"font-weight: 400;\">Cette collection fascinante ne pouvait pas manquer un point de rep\u00e8re embl\u00e9matique de Barcelone : la Casa <\/span><span style=\"font-weight: 400;\">Batll\u00f3<\/span><span style=\"font-weight: 400;\">. Le c\u00e9l\u00e8bre b\u00e2timent est l&rsquo;\u0153uvre de <\/span><span style=\"font-weight: 400;\">Antoni Gaud\u00ed, l&rsquo;architecte catalan qui a cr\u00e9\u00e9 un langage architectural unique qui d\u00e9fie toute classification <\/span><\/p>\n<p><span style=\"font-weight: 400;\">La conception de ce b\u00e2timent \u00e9voque l&rsquo;esprit libre et cr\u00e9atif du g\u00e9nial Gaud\u00ed. La fa\u00e7ade en mosa\u00efque de carreaux de c\u00e9ramique cass\u00e9s, le toit en arc de cercle comme le dos d&rsquo;un dragon et l&rsquo;harmonie parfaite des couleurs impressionnent chaque spectateur et les passants s&rsquo;arr\u00eatent pour admirer le magnifique b\u00e2timent \u00e0 tout moment de la journ\u00e9e.<\/span><\/p>\n<p><span style=\"font-weight: 400;\">Inspire-toi des pens\u00e9es cr\u00e9atives et recr\u00e9e la spectaculaire fa\u00e7ade en puzzle de 1000 pi\u00e8ces de la maison Batll\u00f3. Tu ressentiras les sentiments d&rsquo;un cr\u00e9ateur accompli des mains duquel na\u00eet un v\u00e9ritable chef-d&rsquo;\u0153uvre <\/span><\/p>\n<p><span style=\"font-weight: 400;\">\u00c0 la fin, une fa\u00e7ade exub\u00e9rante d&rsquo;inspiration marine ravira tes sens, t&#8217;emmenant dans un voyage unique dans le monde de la mer, de la beaut\u00e9 et de l&rsquo;art <\/span><\/p>\n<p><strong>Pourquoi choisir le puzzle 1000 pi\u00e8ces Casa Batll\u00f3 ?<\/strong><\/p>\n<p><span style=\"font-weight: 400;\">Tu as la possibilit\u00e9 de cr\u00e9er une image unique et d&rsquo;admirer en d\u00e9tail les \u00e9l\u00e9ments architecturaux exceptionnels d&rsquo;un monument c\u00e9l\u00e8bre dans le monde entier.<\/span><\/p>\n<p><span style=\"font-weight: 400;\">Tu obtiens un tableau de 68 x 47 cm qui donnera une touche raffin\u00e9e \u00e0 n&rsquo;importe quel endroit terne de ta maison.<\/span><\/p>\n<p><span style=\"font-weight: 400;\">Il est fabriqu\u00e9 en carton bleu de haute qualit\u00e9 qui rend les pi\u00e8ces solides m\u00eame lorsqu&rsquo;elles sont assembl\u00e9es plusieurs fois.<\/span><\/p>\n<p><span style=\"font-weight: 400;\">Nous utilisons uniquement des mat\u00e9riaux durables et recyclables pour la production de nos jeux de r\u00e9flexion.<\/span><\/p>\n<p><span style=\"font-weight: 400;\">Il a une finition semi-brillante et des couleurs vives qui font ressortir la beaut\u00e9 de l&rsquo;image.<\/span><\/p>\n<p><span style=\"font-weight: 400;\">Convient aux personnes de plus de 14 ans, une raison suppl\u00e9mentaire de faire d\u00e9couvrir aux adolescents l&rsquo;\u0153uvre du grand Gaud\u00ed.<\/span><\/p>\n<p><span style=\"font-weight: 400;\">Les jeux de r\u00e9flexion te procurent de multiples avantages qui se refl\u00e8tent dans tes activit\u00e9s actuelles :<\/span><\/p>\n<ul>\n<li><span style=\"font-weight: 400;\">Ils sont un outil pour se d\u00e9tacher du quotidien.<\/span><\/li>\n<li><span style=\"font-weight: 400;\">Ils cultivent la patience, la pers\u00e9v\u00e9rance et le souci du d\u00e9tail.<\/span><\/li>\n<li><span style=\"font-weight: 400;\">Ils am\u00e9liorent ta capacit\u00e9 \u00e0 r\u00e9soudre les probl\u00e8mes.<\/span><\/li>\n<li><span style=\"font-weight: 400;\">Ils augmentent les niveaux de dopamine, l&rsquo;hormone du bonheur, et te donnent un sentiment de satisfaction et d&rsquo;optimisme.<\/span><\/li>\n<li><span style=\"font-weight: 400;\">Ils t&rsquo;aident \u00e0 devenir plus productif car ils te permettent de rester concentr\u00e9 sur une seule t\u00e2che pendant un long moment.<\/span><\/li>\n<\/ul>\n<p><strong>Tu savais que&#8230; ?<\/strong><\/p>\n<p><span style=\"font-weight: 400;\">Nom <\/span><em><span style=\"font-weight: 400;\">Maison Batll\u00f3 <\/span><\/em><span style=\"font-weight: 400;\">signifie <\/span><em><span style=\"font-weight: 400;\">Maison des os<\/span><\/em><span style=\"font-weight: 400;\"> et vient du fait que les d\u00e9tails de la fa\u00e7ade sugg\u00e8rent des formes d&rsquo;os. Ce sont cens\u00e9s \u00eatre les os des victimes du dragon que St George a vaincu.<\/span><\/p>\n<p><span style=\"font-weight: 400;\">Josep Batll\u00f3, l&rsquo;homme d&rsquo;affaires qui a achet\u00e9 le b\u00e2timent en 1903, avait l&rsquo;intention de le d\u00e9molir et de construire une nouvelle maison. Mais Gaud\u00ed l&rsquo;a convaincu que ce n&rsquo;\u00e9tait pas n\u00e9cessaire, a repens\u00e9 sa conception et l&rsquo;a redessin\u00e9 dans son style Art nouveau inimitable.<\/span><\/p>\n<p><span style=\"font-weight: 400;\">La fa\u00e7ade de la Maison Batll\u00f3 pr\u00e9sente un type de d\u00e9coration faite de morceaux de verre bris\u00e9 assembl\u00e9s en mosa\u00efque, un proc\u00e9d\u00e9 appel\u00e9 <\/span><em><span style=\"font-weight: 400;\">trencad\u00eds <\/span><\/em><span style=\"font-weight: 400;\"> C&rsquo;\u00e9tait l&rsquo;une des techniques pr\u00e9f\u00e9r\u00e9es de l&rsquo;architecte en raison de sa durabilit\u00e9 et de sa valeur esth\u00e9tique.<\/span><\/p>\n<p><strong>Tu cherches un moyen d&rsquo;\u00e9vacuer le stress ? Le puzzle de 1000 pi\u00e8ces vient \u00e0 ton secours<\/strong><\/p>\n<p><span style=\"font-weight: 400;\">Lorsque tu passes du temps \u00e0 assembler un puzzle de 1000 pi\u00e8ces d&rsquo;un des chefs-d&rsquo;\u0153uvre de Gaud\u00ed, tu te lib\u00e8res des pens\u00e9es n\u00e9gatives et du stress. Tous les soucis disparaissent devant une \u0153uvre d&rsquo;art. Tu ressens une activit\u00e9 cr\u00e9ative et un \u00e9tat de paix que seules la beaut\u00e9 et la couleur peuvent apporter.<\/span><\/p>\n<p><span style=\"font-weight: 400;\">Laisse-toi emporter par l&rsquo;\u00e9nergie positive et l&rsquo;optimisme cr\u00e9atif que d\u00e9gage chaque pi\u00e8ce du puzzle adulte Casa Batll\u00f3 et fais une pause dans l&rsquo;agitation de la vie quotidienne.<\/span><\/p>\n<p><span style=\"font-weight: 400;\">Puzzle Casa Batll\u00f3 de 1000 pi\u00e8ces<\/span> <span style=\"font-weight: 400;\">tu peux l&rsquo;acheter pour l&rsquo;assembler lorsque tu ressens le besoin de te retirer dans ton monde int\u00e9rieur, pour passer du temps de qualit\u00e9 avec ta famille ou tes amis, ou m\u00eame pour l&rsquo;offrir \u00e0 tes proches.<\/span><\/p>\n<p><span style=\"font-weight: 400;\">D\u00e9couvre tous les puzzles de la gamme Discover Europe et cr\u00e9e ta propre collection \u00e9tonnante de puzzles de 1000 pi\u00e8ces <\/span><\/p><\/p>\n","protected":false},"excerpt":{"rendered":"<p>Les sites fascinants d&rsquo;Europe t&rsquo;attendent pour que tu les explores avec la nouvelle collection de puzzles pour adultes de 1000<\/p>\n","protected":false},"featured_media":47502,"template":"","meta":[],"product_brand":[],"product_cat":[2314,2316,2315],"product_tag":[],"class_list":{"0":"post-52959","1":"product","2":"type-product","3":"status-publish","4":"has-post-thumbnail","6":"product_cat-puzzles-fr","7":"product_cat-puzzles-de-1000-pieces","8":"product_cat-puzzles-pour-adultes","9":"pa_bax-7-fr","10":"pa_brand-d_toys-fr","11":"pa_country_of_manufacture-ro-fr","12":"pa_filter_age-14-fr","13":"pa_painter-discovereurope-fr","14":"pa_tip_ambalaj-boite","15":"pa_tip_puzzle-classique","17":"first","18":"instock","19":"taxable","20":"shipping-taxable","21":"product-type-simple"},"yoast_head":"<!-- This site is optimized with the Yoast SEO plugin v20.1 - https:\/\/yoast.com\/wordpress\/plugins\/seo\/ -->\n<title>Casse-t\u00eate Casa Batll\u00f3, Barcelone - Casse-t\u00eate adulte 1000 pi\u00e8ces - D\u00e9couvrir l&#039;Europe<\/title>\n<meta name=\"description\" content=\"Casse-t\u00eate Casa Batll\u00f3, Barcelone - Casse-t\u00eate adulte 1000 pi\u00e8ces - D\u00e9couvrir l&#039;Europe\" \/>\n<meta name=\"robots\" content=\"index, follow, max-snippet:-1, max-image-preview:large, max-video-preview:-1\" \/>\n<link rel=\"canonical\" href=\"https:\/\/business.roovi.com\/fr\/casse-tete-casa-batllo-barcelone-casse-tete-adulte-1000-pieces-decouvrir-leurope\/p\/\" \/>\n<meta property=\"og:locale\" content=\"fr_FR\" \/>\n<meta property=\"og:type\" content=\"article\" \/>\n<meta property=\"og:title\" content=\"Casse-t\u00eate Casa Batll\u00f3, Barcelone - Casse-t\u00eate adulte 1000 pi\u00e8ces - D\u00e9couvrir l&#039;Europe\" \/>\n<meta property=\"og:description\" content=\"Casse-t\u00eate Casa Batll\u00f3, Barcelone - Casse-t\u00eate adulte 1000 pi\u00e8ces - D\u00e9couvrir l&#039;Europe\" \/>\n<meta property=\"og:url\" content=\"https:\/\/business.roovi.com\/fr\/casse-tete-casa-batllo-barcelone-casse-tete-adulte-1000-pieces-decouvrir-leurope\/p\/\" \/>\n<meta property=\"og:site_name\" content=\"Roovi B2B\" \/>\n<meta property=\"article:publisher\" content=\"https:\/\/www.facebook.com\/wwwjucariero\" \/>\n<meta property=\"article:modified_time\" content=\"2022-07-13T10:21:54+00:00\" \/>\n<meta property=\"og:image\" content=\"https:\/\/business.roovi.com\/wp-content\/uploads\/2018\/04\/65995-04-ansamblu_dimensiuni-cutie-22x22-cm.png\" \/>\n\t<meta property=\"og:image:width\" content=\"1140\" \/>\n\t<meta property=\"og:image:height\" content=\"1140\" \/>\n\t<meta property=\"og:image:type\" content=\"image\/png\" \/>\n<meta name=\"twitter:label1\" content=\"Dur\u00e9e de lecture estim\u00e9e\" \/>\n\t<meta name=\"twitter:data1\" content=\"4 minutes\" \/>\n<script type=\"application\/ld+json\" class=\"yoast-schema-graph\">{\"@context\":\"https:\/\/schema.org\",\"@graph\":[{\"@type\":\"WebPage\",\"@id\":\"https:\/\/business.roovi.com\/fr\/casse-tete-casa-batllo-barcelone-casse-tete-adulte-1000-pieces-decouvrir-leurope\/p\/\",\"url\":\"https:\/\/business.roovi.com\/fr\/casse-tete-casa-batllo-barcelone-casse-tete-adulte-1000-pieces-decouvrir-leurope\/p\/\",\"name\":\"Casse-t\u00eate Casa Batll\u00f3, Barcelone - Casse-t\u00eate adulte 1000 pi\u00e8ces - D\u00e9couvrir l'Europe\",\"isPartOf\":{\"@id\":\"https:\/\/business.roovi.com\/fr\/#website\"},\"datePublished\":\"2018-04-16T10:56:17+00:00\",\"dateModified\":\"2022-07-13T10:21:54+00:00\",\"description\":\"Casse-t\u00eate Casa Batll\u00f3, Barcelone - Casse-t\u00eate adulte 1000 pi\u00e8ces - D\u00e9couvrir l'Europe\",\"breadcrumb\":{\"@id\":\"https:\/\/business.roovi.com\/fr\/casse-tete-casa-batllo-barcelone-casse-tete-adulte-1000-pieces-decouvrir-leurope\/p\/#breadcrumb\"},\"inLanguage\":\"fr-FR\",\"potentialAction\":[{\"@type\":\"ReadAction\",\"target\":[\"https:\/\/business.roovi.com\/fr\/casse-tete-casa-batllo-barcelone-casse-tete-adulte-1000-pieces-decouvrir-leurope\/p\/\"]}]},{\"@type\":\"BreadcrumbList\",\"@id\":\"https:\/\/business.roovi.com\/fr\/casse-tete-casa-batllo-barcelone-casse-tete-adulte-1000-pieces-decouvrir-leurope\/p\/#breadcrumb\",\"itemListElement\":[{\"@type\":\"ListItem\",\"position\":1,\"name\":\"Home\",\"item\":\"https:\/\/business.roovi.com\/fr\/\"},{\"@type\":\"ListItem\",\"position\":2,\"name\":\"Boutique\",\"item\":\"https:\/\/business.roovi.com\/fr\/boutique\/\"},{\"@type\":\"ListItem\",\"position\":3,\"name\":\"Casse-t\u00eate Casa Batll\u00f3, Barcelone &#8211; Casse-t\u00eate adulte 1000 pi\u00e8ces &#8211; D\u00e9couvrir l&#8217;Europe\"}]},{\"@type\":\"WebSite\",\"@id\":\"https:\/\/business.roovi.com\/fr\/#website\",\"url\":\"https:\/\/business.roovi.com\/fr\/\",\"name\":\"Roovi B2B\",\"description\":\"Roovi Business Website\",\"potentialAction\":[{\"@type\":\"SearchAction\",\"target\":{\"@type\":\"EntryPoint\",\"urlTemplate\":\"https:\/\/business.roovi.com\/fr\/?s={search_term_string}\"},\"query-input\":\"required name=search_term_string\"}],\"inLanguage\":\"fr-FR\"}]}<\/script>\n<!-- \/ Yoast SEO plugin. -->","yoast_head_json":{"title":"Casse-t\u00eate Casa Batll\u00f3, Barcelone - Casse-t\u00eate adulte 1000 pi\u00e8ces - D\u00e9couvrir l'Europe","description":"Casse-t\u00eate Casa Batll\u00f3, Barcelone - Casse-t\u00eate adulte 1000 pi\u00e8ces - D\u00e9couvrir l'Europe","robots":{"index":"index","follow":"follow","max-snippet":"max-snippet:-1","max-image-preview":"max-image-preview:large","max-video-preview":"max-video-preview:-1"},"canonical":"https:\/\/business.roovi.com\/fr\/casse-tete-casa-batllo-barcelone-casse-tete-adulte-1000-pieces-decouvrir-leurope\/p\/","og_locale":"fr_FR","og_type":"article","og_title":"Casse-t\u00eate Casa Batll\u00f3, Barcelone - Casse-t\u00eate adulte 1000 pi\u00e8ces - D\u00e9couvrir l'Europe","og_description":"Casse-t\u00eate Casa Batll\u00f3, Barcelone - Casse-t\u00eate adulte 1000 pi\u00e8ces - D\u00e9couvrir l'Europe","og_url":"https:\/\/business.roovi.com\/fr\/casse-tete-casa-batllo-barcelone-casse-tete-adulte-1000-pieces-decouvrir-leurope\/p\/","og_site_name":"Roovi B2B","article_publisher":"https:\/\/www.facebook.com\/wwwjucariero","article_modified_time":"2022-07-13T10:21:54+00:00","og_image":[{"width":1140,"height":1140,"url":"https:\/\/business.roovi.com\/wp-content\/uploads\/2018\/04\/65995-04-ansamblu_dimensiuni-cutie-22x22-cm.png","type":"image\/png"}],"twitter_misc":{"Dur\u00e9e de lecture estim\u00e9e":"4 minutes"},"schema":{"@context":"https:\/\/schema.org","@graph":[{"@type":"WebPage","@id":"https:\/\/business.roovi.com\/fr\/casse-tete-casa-batllo-barcelone-casse-tete-adulte-1000-pieces-decouvrir-leurope\/p\/","url":"https:\/\/business.roovi.com\/fr\/casse-tete-casa-batllo-barcelone-casse-tete-adulte-1000-pieces-decouvrir-leurope\/p\/","name":"Casse-t\u00eate Casa Batll\u00f3, Barcelone - Casse-t\u00eate adulte 1000 pi\u00e8ces - D\u00e9couvrir l'Europe","isPartOf":{"@id":"https:\/\/business.roovi.com\/fr\/#website"},"datePublished":"2018-04-16T10:56:17+00:00","dateModified":"2022-07-13T10:21:54+00:00","description":"Casse-t\u00eate Casa Batll\u00f3, Barcelone - Casse-t\u00eate adulte 1000 pi\u00e8ces - D\u00e9couvrir l'Europe","breadcrumb":{"@id":"https:\/\/business.roovi.com\/fr\/casse-tete-casa-batllo-barcelone-casse-tete-adulte-1000-pieces-decouvrir-leurope\/p\/#breadcrumb"},"inLanguage":"fr-FR","potentialAction":[{"@type":"ReadAction","target":["https:\/\/business.roovi.com\/fr\/casse-tete-casa-batllo-barcelone-casse-tete-adulte-1000-pieces-decouvrir-leurope\/p\/"]}]},{"@type":"BreadcrumbList","@id":"https:\/\/business.roovi.com\/fr\/casse-tete-casa-batllo-barcelone-casse-tete-adulte-1000-pieces-decouvrir-leurope\/p\/#breadcrumb","itemListElement":[{"@type":"ListItem","position":1,"name":"Home","item":"https:\/\/business.roovi.com\/fr\/"},{"@type":"ListItem","position":2,"name":"Boutique","item":"https:\/\/business.roovi.com\/fr\/boutique\/"},{"@type":"ListItem","position":3,"name":"Casse-t\u00eate Casa Batll\u00f3, Barcelone &#8211; Casse-t\u00eate adulte 1000 pi\u00e8ces &#8211; D\u00e9couvrir l&#8217;Europe"}]},{"@type":"WebSite","@id":"https:\/\/business.roovi.com\/fr\/#website","url":"https:\/\/business.roovi.com\/fr\/","name":"Roovi B2B","description":"Roovi Business Website","potentialAction":[{"@type":"SearchAction","target":{"@type":"EntryPoint","urlTemplate":"https:\/\/business.roovi.com\/fr\/?s={search_term_string}"},"query-input":"required name=search_term_string"}],"inLanguage":"fr-FR"}]}},"_links":{"self":[{"href":"https:\/\/business.roovi.com\/fr\/wp-json\/wp\/v2\/product\/52959","targetHints":{"allow":["GET"]}}],"collection":[{"href":"https:\/\/business.roovi.com\/fr\/wp-json\/wp\/v2\/product"}],"about":[{"href":"https:\/\/business.roovi.com\/fr\/wp-json\/wp\/v2\/types\/product"}],"version-history":[{"count":0,"href":"https:\/\/business.roovi.com\/fr\/wp-json\/wp\/v2\/product\/52959\/revisions"}],"wp:featuredmedia":[{"embeddable":true,"href":"https:\/\/business.roovi.com\/fr\/wp-json\/wp\/v2\/media\/47502"}],"wp:attachment":[{"href":"https:\/\/business.roovi.com\/fr\/wp-json\/wp\/v2\/media?parent=52959"}],"wp:term":[{"taxonomy":"product_brand","embeddable":true,"href":"https:\/\/business.roovi.com\/fr\/wp-json\/wp\/v2\/product_brand?post=52959"},{"taxonomy":"product_cat","embeddable":true,"href":"https:\/\/business.roovi.com\/fr\/wp-json\/wp\/v2\/product_cat?post=52959"},{"taxonomy":"product_tag","embeddable":true,"href":"https:\/\/business.roovi.com\/fr\/wp-json\/wp\/v2\/product_tag?post=52959"}],"curies":[{"name":"wp","href":"https:\/\/api.w.org\/{rel}","templated":true}]}}