{"id":53052,"date":"2018-04-16T10:56:17","date_gmt":"2018-04-16T10:56:17","guid":{"rendered":"https:\/\/business.roovi.com\/puzzle-adulti-1000-piese-cartoon-collection-colosseum\/p\/"},"modified":"2022-07-13T10:22:33","modified_gmt":"2022-07-13T10:22:33","slug":"casse-tete-colosseum-casse-tete-adulte-1000-pieces-cartoon-collection","status":"publish","type":"product","link":"https:\/\/business.roovi.com\/fr\/casse-tete-colosseum-casse-tete-adulte-1000-pieces-cartoon-collection\/p\/","title":{"rendered":"Casse-t\u00eate Colosseum &#8211; Casse-t\u00eate adulte 1000 pi\u00e8ces &#8211; Cartoon Collection"},"content":{"rendered":"<p><span style=\"font-weight: 400;\">Tu veux de nombreuses heures de plaisir et de d\u00e9tente pour sortir de ta routine quotidienne ? D\u00e9couvre le puzzle Cartoon collection &#8211; une gamme de puzzles de 1000 pi\u00e8ces avec des illustrations anim\u00e9es et des personnages adorables qui font du jeu de puzzle complexe un passe-temps m\u00e9morable.  <\/span><\/p>\n<p><span style=\"font-weight: 400;\">Tu pensais avoir vu le c\u00e9l\u00e8bre Colis\u00e9e repr\u00e9sent\u00e9 dans les illustrations ou les photos les plus originales ? Nous aussi, jusqu&rsquo;\u00e0 ce que nous voyions l&rsquo;illustration cr\u00e9\u00e9e par l&rsquo;artiste Attila Konya. La multitude de personnages amusants, les sc\u00e8nes amusantes dans lesquelles ils sont entra\u00een\u00e9s et tous les d\u00e9tails de couleur impeccables donnent l&rsquo;impression d&rsquo;un monde en mouvement, t&rsquo;invitant \u00e0 y participer.<\/span><\/p>\n<p><span style=\"font-weight: 400;\">Chaque personnage du puzzle 1000 Cartoon &#8211; Colosseum est unique, et cela te demandera de faire attention aux d\u00e9tails. Les pi\u00e8ces sont d\u00e9coup\u00e9es avec pr\u00e9cision et s&#8217;embo\u00eetent parfaitement. Tu peux donc admirer tous les d\u00e9tails fascinants d&rsquo;une image remarquable, pleine de couleurs et de vibrations positives.<\/span><\/p>\n<p><strong>Pourquoi choisir le puzzle Cartoon &#8211; Colosseum de 1000 pi\u00e8ces ?<\/strong><\/p>\n<p><span style=\"font-weight: 400;\">Tu cr\u00e9es ta propre peinture sp\u00e9ciale de 50 x 70 cm.<\/span><\/p>\n<p><span style=\"font-weight: 400;\">Il est fabriqu\u00e9 en carton bleu de haute qualit\u00e9 qui le rend r\u00e9sistant \u00e0 de multiples utilisations.<\/span><\/p>\n<p><span style=\"font-weight: 400;\">Elle a une finition sp\u00e9ciale semi-brillante dans des couleurs agr\u00e9ables qui mettent en valeur l&rsquo;originalit\u00e9 de l&rsquo;illustration.<\/span><\/p>\n<p><span style=\"font-weight: 400;\">C&rsquo;est un produit recyclable et durable, tu ne nuis donc pas \u00e0 la nature avec un jeu de puzzle.<\/span><\/p>\n<p><span style=\"font-weight: 400;\">Il convient aux personnes de plus de 14 ans et tu peux l&rsquo;assembler avec tes enfants adolescents.<\/span><\/p>\n<p><span style=\"font-weight: 400;\">Cela peut \u00eatre l&rsquo;occasion parfaite de d\u00e9connecter tes enfants des \u00e9crans et de passer ton temps libre ensemble.<\/span><\/p>\n<p><span style=\"font-weight: 400;\">Profite d&rsquo;un jeu de puzzle au design original et aux finitions exceptionnelles et entra\u00eene des comp\u00e9tences telles que :<\/span><\/p>\n<ul>\n<li><span style=\"font-weight: 400;\">Attention aux d\u00e9tails<\/span><\/li>\n<li><span style=\"font-weight: 400;\">Motricit\u00e9 fine<\/span><\/li>\n<li><span style=\"font-weight: 400;\">Capacit\u00e9 \u00e0 se concentrer<\/span><\/li>\n<li><span style=\"font-weight: 400;\">M\u00e9moire<\/span><\/li>\n<li><span style=\"font-weight: 400;\">Pens\u00e9e logique<\/span><\/li>\n<\/ul>\n<p><strong>Tu savais que&#8230; ?<\/strong><\/p>\n<p><span style=\"font-weight: 400;\">Entre 60 000 et 100 000 esclaves juifs auraient particip\u00e9 \u00e0 la construction du Colis\u00e9e.<\/span><\/p>\n<p><span style=\"font-weight: 400;\">Le Colis\u00e9e avait 80 entr\u00e9es et pouvait accueillir jusqu&rsquo;\u00e0 80 000 spectateurs pour assister \u00e0 divers \u00e9v\u00e9nements sportifs, jeux, combats de gladiateurs et chasses d&rsquo;animaux.<\/span><\/p>\n<p><span style=\"font-weight: 400;\">On dit que de nombreuses esp\u00e8ces d&rsquo;animaux sauvages ont \u00e9t\u00e9 extermin\u00e9es \u00e0 cette \u00e9poque. Lors de certains jeux, jusqu&rsquo;\u00e0 10 000 animaux ont \u00e9t\u00e9 tu\u00e9s en un seul jour.<\/span><\/p>\n<p><span style=\"font-weight: 400;\">Les combats de gladiateurs ne se sont pas arr\u00eat\u00e9s \u00e0 cause de la transition de l&rsquo;Empire romain vers le christianisme, mais pour des raisons financi\u00e8res. Au 5e si\u00e8cle, avec le d\u00e9clin de l&rsquo;Empire, il est devenu co\u00fbteux de payer des gladiateurs et de trouver des milliers d&rsquo;animaux sauvages.<\/span><\/p>\n<p><span style=\"font-weight: 400;\">Apr\u00e8s la p\u00e9riode des jeux, le Colis\u00e9e a \u00e9t\u00e9 utilis\u00e9 comme complexe d&rsquo;habitation, lieu de culte ou cimeti\u00e8re <\/span><\/p>\n<p><strong>Puzzle cartoon de 1000 pi\u00e8ces &#8211; Colosseum &#8211; un fabuleux exercice d&rsquo;imagination<\/strong><\/p>\n<p><span style=\"font-weight: 400;\">Tu ressens le besoin d&rsquo;\u00e9chapper \u00e0 la routine ? Avec le puzzle Colosseum de 1000 pi\u00e8ces, tu peux affiner tes comp\u00e9tences en mati\u00e8re de puzzle et entra\u00eener ton imagination. Une fois que tu es entr\u00e9 dans le monde des personnages qui ont envahi le Colis\u00e9e, tu fais partie de l&rsquo;histoire. Et tu l&rsquo;as assembl\u00e9, pi\u00e8ce par pi\u00e8ce.<\/span><\/p>\n<p><span style=\"font-weight: 400;\">Tu te sens comme un vrai d\u00e9tective qui reconstitue tous les d\u00e9tails, analyse les couleurs, les personnages et les sc\u00e8nes dr\u00f4les, et \u00e0 la fin, quand tu colles la derni\u00e8re pi\u00e8ce, tu ressens l&rsquo;incroyable satisfaction de l&rsquo;affaire r\u00e9ussie.<\/span><\/p>\n<p><span style=\"font-weight: 400;\">Le puzzle Colosseum de 1000 pi\u00e8ces de la collection de puzzles Cartoon peut aussi \u00eatre une occasion de socialiser et de s&rsquo;amuser avec des amis. Quelle que soit la version que tu choisis, ce merveilleux jeu de puzzle d\u00e9passera tes attentes <\/span><\/p>\n<p><span style=\"font-weight: 400;\">Ach\u00e8te Cartoon &#8211; Colosseum puzzle 1000 pi\u00e8ces pour vivre une exp\u00e9rience cr\u00e9ative magique ou offre-le en cadeau \u00e0 tes chers amis amateurs de puzzle.<\/span><\/p><\/p>\n","protected":false},"excerpt":{"rendered":"<p>Tu veux de nombreuses heures de plaisir et de d\u00e9tente pour sortir de ta routine quotidienne ? D\u00e9couvre le puzzle<\/p>\n","protected":false},"featured_media":47568,"template":"","meta":[],"product_brand":[],"product_cat":[2314,2316,2315],"product_tag":[],"class_list":{"0":"post-53052","1":"product","2":"type-product","3":"status-publish","4":"has-post-thumbnail","6":"product_cat-puzzles-fr","7":"product_cat-puzzles-de-1000-pieces","8":"product_cat-puzzles-pour-adultes","9":"pa_brand-d_toys-fr","10":"pa_country_of_manufacture-ro-fr","11":"pa_filter_age-14-fr","12":"pa_painter-cartooncollection-fr","13":"pa_tip_ambalaj-boite","14":"pa_tip_puzzle-classique","16":"first","17":"instock","18":"taxable","19":"shipping-taxable","20":"product-type-simple"},"yoast_head":"<!-- This site is optimized with the Yoast SEO plugin v20.1 - https:\/\/yoast.com\/wordpress\/plugins\/seo\/ -->\n<title>Casse-t\u00eate Colosseum - Casse-t\u00eate adulte 1000 pi\u00e8ces - Cartoon Collection<\/title>\n<meta name=\"description\" content=\"Casse-t\u00eate Colosseum - Casse-t\u00eate adulte 1000 pi\u00e8ces - Cartoon Collection\" \/>\n<meta name=\"robots\" content=\"index, follow, max-snippet:-1, max-image-preview:large, max-video-preview:-1\" \/>\n<link rel=\"canonical\" href=\"https:\/\/business.roovi.com\/fr\/casse-tete-colosseum-casse-tete-adulte-1000-pieces-cartoon-collection\/p\/\" \/>\n<meta property=\"og:locale\" content=\"fr_FR\" \/>\n<meta property=\"og:type\" content=\"article\" \/>\n<meta property=\"og:title\" content=\"Casse-t\u00eate Colosseum - Casse-t\u00eate adulte 1000 pi\u00e8ces - Cartoon Collection\" \/>\n<meta property=\"og:description\" content=\"Casse-t\u00eate Colosseum - Casse-t\u00eate adulte 1000 pi\u00e8ces - Cartoon Collection\" \/>\n<meta property=\"og:url\" content=\"https:\/\/business.roovi.com\/fr\/casse-tete-colosseum-casse-tete-adulte-1000-pieces-cartoon-collection\/p\/\" \/>\n<meta property=\"og:site_name\" content=\"Roovi B2B\" \/>\n<meta property=\"article:publisher\" content=\"https:\/\/www.facebook.com\/wwwjucariero\" \/>\n<meta property=\"article:modified_time\" content=\"2022-07-13T10:22:33+00:00\" \/>\n<meta property=\"og:image\" content=\"https:\/\/business.roovi.com\/wp-content\/uploads\/2018\/04\/61218-10_ansamblu_dimensiuni_cutie_cm_orizontal_1200x1200.png\" \/>\n\t<meta property=\"og:image:width\" content=\"1200\" \/>\n\t<meta property=\"og:image:height\" content=\"1200\" \/>\n\t<meta property=\"og:image:type\" content=\"image\/png\" \/>\n<meta name=\"twitter:label1\" content=\"Dur\u00e9e de lecture estim\u00e9e\" \/>\n\t<meta name=\"twitter:data1\" content=\"3 minutes\" \/>\n<script type=\"application\/ld+json\" class=\"yoast-schema-graph\">{\"@context\":\"https:\/\/schema.org\",\"@graph\":[{\"@type\":\"WebPage\",\"@id\":\"https:\/\/business.roovi.com\/fr\/casse-tete-colosseum-casse-tete-adulte-1000-pieces-cartoon-collection\/p\/\",\"url\":\"https:\/\/business.roovi.com\/fr\/casse-tete-colosseum-casse-tete-adulte-1000-pieces-cartoon-collection\/p\/\",\"name\":\"Casse-t\u00eate Colosseum - Casse-t\u00eate adulte 1000 pi\u00e8ces - Cartoon Collection\",\"isPartOf\":{\"@id\":\"https:\/\/business.roovi.com\/fr\/#website\"},\"datePublished\":\"2018-04-16T10:56:17+00:00\",\"dateModified\":\"2022-07-13T10:22:33+00:00\",\"description\":\"Casse-t\u00eate Colosseum - Casse-t\u00eate adulte 1000 pi\u00e8ces - Cartoon Collection\",\"breadcrumb\":{\"@id\":\"https:\/\/business.roovi.com\/fr\/casse-tete-colosseum-casse-tete-adulte-1000-pieces-cartoon-collection\/p\/#breadcrumb\"},\"inLanguage\":\"fr-FR\",\"potentialAction\":[{\"@type\":\"ReadAction\",\"target\":[\"https:\/\/business.roovi.com\/fr\/casse-tete-colosseum-casse-tete-adulte-1000-pieces-cartoon-collection\/p\/\"]}]},{\"@type\":\"BreadcrumbList\",\"@id\":\"https:\/\/business.roovi.com\/fr\/casse-tete-colosseum-casse-tete-adulte-1000-pieces-cartoon-collection\/p\/#breadcrumb\",\"itemListElement\":[{\"@type\":\"ListItem\",\"position\":1,\"name\":\"Home\",\"item\":\"https:\/\/business.roovi.com\/fr\/\"},{\"@type\":\"ListItem\",\"position\":2,\"name\":\"Boutique\",\"item\":\"https:\/\/business.roovi.com\/fr\/boutique\/\"},{\"@type\":\"ListItem\",\"position\":3,\"name\":\"Casse-t\u00eate Colosseum &#8211; Casse-t\u00eate adulte 1000 pi\u00e8ces &#8211; Cartoon Collection\"}]},{\"@type\":\"WebSite\",\"@id\":\"https:\/\/business.roovi.com\/fr\/#website\",\"url\":\"https:\/\/business.roovi.com\/fr\/\",\"name\":\"Roovi B2B\",\"description\":\"Roovi Business Website\",\"potentialAction\":[{\"@type\":\"SearchAction\",\"target\":{\"@type\":\"EntryPoint\",\"urlTemplate\":\"https:\/\/business.roovi.com\/fr\/?s={search_term_string}\"},\"query-input\":\"required name=search_term_string\"}],\"inLanguage\":\"fr-FR\"}]}<\/script>\n<!-- \/ Yoast SEO plugin. -->","yoast_head_json":{"title":"Casse-t\u00eate Colosseum - Casse-t\u00eate adulte 1000 pi\u00e8ces - Cartoon Collection","description":"Casse-t\u00eate Colosseum - Casse-t\u00eate adulte 1000 pi\u00e8ces - Cartoon Collection","robots":{"index":"index","follow":"follow","max-snippet":"max-snippet:-1","max-image-preview":"max-image-preview:large","max-video-preview":"max-video-preview:-1"},"canonical":"https:\/\/business.roovi.com\/fr\/casse-tete-colosseum-casse-tete-adulte-1000-pieces-cartoon-collection\/p\/","og_locale":"fr_FR","og_type":"article","og_title":"Casse-t\u00eate Colosseum - Casse-t\u00eate adulte 1000 pi\u00e8ces - Cartoon Collection","og_description":"Casse-t\u00eate Colosseum - Casse-t\u00eate adulte 1000 pi\u00e8ces - Cartoon Collection","og_url":"https:\/\/business.roovi.com\/fr\/casse-tete-colosseum-casse-tete-adulte-1000-pieces-cartoon-collection\/p\/","og_site_name":"Roovi B2B","article_publisher":"https:\/\/www.facebook.com\/wwwjucariero","article_modified_time":"2022-07-13T10:22:33+00:00","og_image":[{"width":1200,"height":1200,"url":"https:\/\/business.roovi.com\/wp-content\/uploads\/2018\/04\/61218-10_ansamblu_dimensiuni_cutie_cm_orizontal_1200x1200.png","type":"image\/png"}],"twitter_misc":{"Dur\u00e9e de lecture estim\u00e9e":"3 minutes"},"schema":{"@context":"https:\/\/schema.org","@graph":[{"@type":"WebPage","@id":"https:\/\/business.roovi.com\/fr\/casse-tete-colosseum-casse-tete-adulte-1000-pieces-cartoon-collection\/p\/","url":"https:\/\/business.roovi.com\/fr\/casse-tete-colosseum-casse-tete-adulte-1000-pieces-cartoon-collection\/p\/","name":"Casse-t\u00eate Colosseum - Casse-t\u00eate adulte 1000 pi\u00e8ces - Cartoon Collection","isPartOf":{"@id":"https:\/\/business.roovi.com\/fr\/#website"},"datePublished":"2018-04-16T10:56:17+00:00","dateModified":"2022-07-13T10:22:33+00:00","description":"Casse-t\u00eate Colosseum - Casse-t\u00eate adulte 1000 pi\u00e8ces - Cartoon Collection","breadcrumb":{"@id":"https:\/\/business.roovi.com\/fr\/casse-tete-colosseum-casse-tete-adulte-1000-pieces-cartoon-collection\/p\/#breadcrumb"},"inLanguage":"fr-FR","potentialAction":[{"@type":"ReadAction","target":["https:\/\/business.roovi.com\/fr\/casse-tete-colosseum-casse-tete-adulte-1000-pieces-cartoon-collection\/p\/"]}]},{"@type":"BreadcrumbList","@id":"https:\/\/business.roovi.com\/fr\/casse-tete-colosseum-casse-tete-adulte-1000-pieces-cartoon-collection\/p\/#breadcrumb","itemListElement":[{"@type":"ListItem","position":1,"name":"Home","item":"https:\/\/business.roovi.com\/fr\/"},{"@type":"ListItem","position":2,"name":"Boutique","item":"https:\/\/business.roovi.com\/fr\/boutique\/"},{"@type":"ListItem","position":3,"name":"Casse-t\u00eate Colosseum &#8211; Casse-t\u00eate adulte 1000 pi\u00e8ces &#8211; Cartoon Collection"}]},{"@type":"WebSite","@id":"https:\/\/business.roovi.com\/fr\/#website","url":"https:\/\/business.roovi.com\/fr\/","name":"Roovi B2B","description":"Roovi Business Website","potentialAction":[{"@type":"SearchAction","target":{"@type":"EntryPoint","urlTemplate":"https:\/\/business.roovi.com\/fr\/?s={search_term_string}"},"query-input":"required name=search_term_string"}],"inLanguage":"fr-FR"}]}},"_links":{"self":[{"href":"https:\/\/business.roovi.com\/fr\/wp-json\/wp\/v2\/product\/53052","targetHints":{"allow":["GET"]}}],"collection":[{"href":"https:\/\/business.roovi.com\/fr\/wp-json\/wp\/v2\/product"}],"about":[{"href":"https:\/\/business.roovi.com\/fr\/wp-json\/wp\/v2\/types\/product"}],"version-history":[{"count":0,"href":"https:\/\/business.roovi.com\/fr\/wp-json\/wp\/v2\/product\/53052\/revisions"}],"wp:featuredmedia":[{"embeddable":true,"href":"https:\/\/business.roovi.com\/fr\/wp-json\/wp\/v2\/media\/47568"}],"wp:attachment":[{"href":"https:\/\/business.roovi.com\/fr\/wp-json\/wp\/v2\/media?parent=53052"}],"wp:term":[{"taxonomy":"product_brand","embeddable":true,"href":"https:\/\/business.roovi.com\/fr\/wp-json\/wp\/v2\/product_brand?post=53052"},{"taxonomy":"product_cat","embeddable":true,"href":"https:\/\/business.roovi.com\/fr\/wp-json\/wp\/v2\/product_cat?post=53052"},{"taxonomy":"product_tag","embeddable":true,"href":"https:\/\/business.roovi.com\/fr\/wp-json\/wp\/v2\/product_tag?post=53052"}],"curies":[{"name":"wp","href":"https:\/\/api.w.org\/{rel}","templated":true}]}}