{"id":53056,"date":"2018-04-16T10:56:17","date_gmt":"2018-04-16T10:56:17","guid":{"rendered":"https:\/\/business.roovi.com\/puzzle-adulti-1000-piese-cartoon-collection-eiffel-tower\/p\/"},"modified":"2022-07-13T10:22:35","modified_gmt":"2022-07-13T10:22:35","slug":"cartoon-collection-puzzle-adulte-1000-pieces-tour-eiffel","status":"publish","type":"product","link":"https:\/\/business.roovi.com\/fr\/cartoon-collection-puzzle-adulte-1000-pieces-tour-eiffel\/p\/","title":{"rendered":"Cartoon Collection Puzzle Adulte 1000 pi\u00e8ces &#8211; Tour Eiffel"},"content":{"rendered":"<p><span style=\"font-weight: 400;\">Les jeux de puzzle de la collection Cartoon puzzle sont la meilleure \u00e9chappatoire au quotidien. Ils mettent ton esprit au d\u00e9fi, entra\u00eenent tes comp\u00e9tences en mati\u00e8re de casse-t\u00eate et te donnent une grande dose de plaisir.<\/span><\/p>\n<p><span style=\"font-weight: 400;\">La Tour Eiffel est une source d&rsquo;inspiration in\u00e9puisable. Cartoon 1000 Piece Puzzle &#8211; Eiffel Tower te donne une perspective amusante et originale sur le c\u00e9l\u00e8bre monument fran\u00e7ais <\/span><\/p>\n<p><span style=\"font-weight: 400;\">Des dizaines d&rsquo;adorables personnages participent \u00e0 la construction de la tour dans une illustration originale con\u00e7ue avec beaucoup d&rsquo;habilet\u00e9 et de savoir-faire. La multitude de d\u00e9tails, de personnages et de couleurs fait le bonheur de tout amateur de jeux de r\u00e9flexion, d\u00e9sireux de d\u00e9couvrir comme un vrai d\u00e9tective tous les indices qui permettent de compl\u00e9ter le tableau.<\/span><\/p>\n<p><span style=\"font-weight: 400;\">Un jeu de puzzle amusant que tu peux compl\u00e9ter seul quand tu veux t&rsquo;\u00e9chapper dans un monde anim\u00e9 loin de l&rsquo;agitation de la vie quotidienne. Ou tu peux le refaire avec tes enfants ou ta bande d&rsquo;amis. Quelle que soit la version que tu choisis, le puzzle Cartoon &#8211; Tour Eiffel de 1000 pi\u00e8ces te procurera un maximum de plaisir et de fabuleux souvenirs.<\/span><\/p>\n<p><strong>Pourquoi choisir le puzzle Tour Eiffel de 1000 pi\u00e8ces de la collection de puzzles Cartoon ?<\/strong><\/p>\n<p><span style=\"font-weight: 400;\">Lorsque la photo est pr\u00eate, tu obtiens une photo color\u00e9e et anim\u00e9e de 50 x 70 cm.<\/span><\/p>\n<p><span style=\"font-weight: 400;\">Tu peux encadrer la photo et d\u00e9corer ta maison avec.<\/span><\/p>\n<p><span style=\"font-weight: 400;\">Le puzzle est compos\u00e9 de <\/span><span style=\"font-weight: 400;\">le carton bleu de premi\u00e8re qualit\u00e9 le rend r\u00e9sistant \u00e0 de multiples assemblages.<\/span><\/p>\n<p><span style=\"font-weight: 400;\">La finition est semi-brillante dans des couleurs vives qui font ressortir la beaut\u00e9 de l&rsquo;illustration.<\/span><\/p>\n<p><span style=\"font-weight: 400;\">Les pi\u00e8ces sont d\u00e9coup\u00e9es avec pr\u00e9cision, uniques et s&rsquo;assemblent parfaitement pour former un v\u00e9ritable objet de collection.<\/span><\/p>\n<p><span style=\"font-weight: 400;\">Il est fabriqu\u00e9 \u00e0 partir de mat\u00e9riaux durables et recyclables.<\/span><\/p>\n<p><span style=\"font-weight: 400;\">Convient aux plus de 14 ans &#8211; raison de plus pour le refaire avec tes ados <\/span><\/p>\n<p><span style=\"font-weight: 400;\">Avec le puzzle Cartoon &#8211; Tour Eiffel de 1000 pi\u00e8ces, tu profites de nombreux avantages qu&rsquo;offre le jeu de puzzle :<\/span><\/p>\n<ul>\n<li><span style=\"font-weight: 400;\">Cela d\u00e9veloppe ton attention aux d\u00e9tails.<\/span><\/li>\n<li><span style=\"font-weight: 400;\">Elle cultive ta patience et ta pers\u00e9v\u00e9rance.<\/span><\/li>\n<li><span style=\"font-weight: 400;\">Cela te d\u00e9tend et te relaxe.<\/span><\/li>\n<li><span style=\"font-weight: 400;\">Il t&rsquo;aide \u00e0 rester concentr\u00e9 sur une seule t\u00e2che pendant une longue p\u00e9riode.<\/span><\/li>\n<li><span style=\"font-weight: 400;\">Il stimule la s\u00e9cr\u00e9tion de dopamine dans le cerveau et te donne un sentiment d&rsquo;optimisme et de bonheur.<\/span><\/li>\n<\/ul>\n<p><strong>Tu savais que&#8230; ?<\/strong><\/p>\n<p><span style=\"font-weight: 400;\">De son inauguration en 1889 \u00e0 aujourd&rsquo;hui, plus de 300 millions de personnes ont visit\u00e9 la Tour Eiffel, ce qui en fait le monument le plus visit\u00e9 au monde.<\/span><\/p>\n<p><span style=\"font-weight: 400;\">Le design de la Tour Eiffel a \u00e9t\u00e9 inspir\u00e9 par celui des ponts en fer construits par la Soci\u00e9t\u00e9 Eiffel au XIXe si\u00e8cle.<\/span><\/p>\n<p><span style=\"font-weight: 400;\">La Tour Eiffel devait durer environ 20 ans, mais elle a \u00e9t\u00e9 sauv\u00e9e par des exp\u00e9riences scientifiques, notamment les premi\u00e8res transmissions radio qu&rsquo;Eiffel a encourag\u00e9es.<\/span><\/p>\n<p><span style=\"font-weight: 400;\">Les Fran\u00e7ais n&rsquo;ont pas aim\u00e9 cette tour et elle a \u00e9t\u00e9 qualifi\u00e9e dans la presse de l&rsquo;\u00e9poque, en 1889, d&rsquo;une <\/span><em><span style=\"font-weight: 400;\">monstruosit\u00e9 architecturale<\/span><\/em><span style=\"font-weight: 400;\">.<\/span><\/p>\n<p><span style=\"font-weight: 400;\">Gustave Eiffel a am\u00e9nag\u00e9 un petit appartement pour ses amis au troisi\u00e8me \u00e9tage de la tour.<\/span><\/p>\n<p><strong>Puzzle cartoon 1000 pi\u00e8ces &#8211; La Tour Eiffel, une \u00e9vasion du quotidien<\/strong><\/p>\n<p><span style=\"font-weight: 400;\">Tous les amateurs de puzzles ressentent le besoin de donner du temps \u00e0 leur passion et de se retirer dans le monde du jeu de puzzle pour se d\u00e9connecter des probl\u00e8mes quotidiens. Le puzzle Tour Eiffel de 1000 pi\u00e8ces de la collection de puzzles Cartoon est id\u00e9al pour de tels moments.<\/span><\/p>\n<p><span style=\"font-weight: 400;\">Les sc\u00e8nes amusantes, m\u00e9ticuleusement cr\u00e9\u00e9es avec une attention maximale aux d\u00e9tails, capteront ton attention et te garderont connect\u00e9e pendant des heures \u00e0 l&rsquo;illustration dynamique et humoristique du puzzle <\/span><\/p>\n<p><span style=\"font-weight: 400;\">Si tu aimes passer ton temps \u00e0 faire des puzzles avec tes proches, tu peux organiser une soir\u00e9e m\u00e9morable o\u00f9 les adorables lutins du puzzle 1000 Pi\u00e8ces Tour Eiffel seront les stars. Tu obtiendras une superbe photo et tu recueilleras des souvenirs inoubliables avec tes proches.<\/span><\/p>\n<p><span style=\"font-weight: 400;\">Choisis le puzzle Tour Eiffel de 1000 pi\u00e8ces de la collection Cartoon et donne de la valeur \u00e0 ton temps libre. Que tu le compl\u00e8tes seule ou avec l&rsquo;aide de tes proches, ce merveilleux jeu de puzzle transforme les moments monotones en temps pr\u00e9cieux et relaxant.<\/span><\/p><\/p>\n","protected":false},"excerpt":{"rendered":"<p>Les jeux de puzzle de la collection Cartoon puzzle sont la meilleure \u00e9chappatoire au quotidien. Ils mettent ton esprit au<\/p>\n","protected":false},"featured_media":47582,"template":"","meta":[],"product_brand":[],"product_cat":[2314,2316,2315],"product_tag":[],"class_list":{"0":"post-53056","1":"product","2":"type-product","3":"status-publish","4":"has-post-thumbnail","6":"product_cat-puzzles-fr","7":"product_cat-puzzles-de-1000-pieces","8":"product_cat-puzzles-pour-adultes","9":"pa_brand-d_toys-fr","10":"pa_country_of_manufacture-ro-fr","11":"pa_filter_age-14-fr","12":"pa_painter-cartooncollection-fr","13":"pa_tip_ambalaj-boite","14":"pa_tip_puzzle-classique","16":"first","17":"instock","18":"taxable","19":"shipping-taxable","20":"product-type-simple"},"yoast_head":"<!-- This site is optimized with the Yoast SEO plugin v20.1 - https:\/\/yoast.com\/wordpress\/plugins\/seo\/ -->\n<title>Cartoon Collection Puzzle Adulte 1000 pi\u00e8ces - Tour Eiffel<\/title>\n<meta name=\"description\" content=\"Cartoon Collection Puzzle Adulte 1000 pi\u00e8ces - Tour Eiffel\" \/>\n<meta name=\"robots\" content=\"index, follow, max-snippet:-1, max-image-preview:large, max-video-preview:-1\" \/>\n<link rel=\"canonical\" href=\"https:\/\/business.roovi.com\/fr\/cartoon-collection-puzzle-adulte-1000-pieces-tour-eiffel\/p\/\" \/>\n<meta property=\"og:locale\" content=\"fr_FR\" \/>\n<meta property=\"og:type\" content=\"article\" \/>\n<meta property=\"og:title\" content=\"Cartoon Collection Puzzle Adulte 1000 pi\u00e8ces - Tour Eiffel\" \/>\n<meta property=\"og:description\" content=\"Cartoon Collection Puzzle Adulte 1000 pi\u00e8ces - Tour Eiffel\" \/>\n<meta property=\"og:url\" content=\"https:\/\/business.roovi.com\/fr\/cartoon-collection-puzzle-adulte-1000-pieces-tour-eiffel\/p\/\" \/>\n<meta property=\"og:site_name\" content=\"Roovi B2B\" \/>\n<meta property=\"article:publisher\" content=\"https:\/\/www.facebook.com\/wwwjucariero\" \/>\n<meta property=\"article:modified_time\" content=\"2022-07-13T10:22:35+00:00\" \/>\n<meta property=\"og:image\" content=\"https:\/\/business.roovi.com\/wp-content\/uploads\/2018\/04\/61218-11-ansamblu_dimensiuni-cutie-cm_vertical-1200x1200.png\" \/>\n\t<meta property=\"og:image:width\" content=\"840\" \/>\n\t<meta property=\"og:image:height\" content=\"840\" \/>\n\t<meta property=\"og:image:type\" content=\"image\/png\" \/>\n<meta name=\"twitter:label1\" content=\"Dur\u00e9e de lecture estim\u00e9e\" \/>\n\t<meta name=\"twitter:data1\" content=\"4 minutes\" \/>\n<script type=\"application\/ld+json\" class=\"yoast-schema-graph\">{\"@context\":\"https:\/\/schema.org\",\"@graph\":[{\"@type\":\"WebPage\",\"@id\":\"https:\/\/business.roovi.com\/fr\/cartoon-collection-puzzle-adulte-1000-pieces-tour-eiffel\/p\/\",\"url\":\"https:\/\/business.roovi.com\/fr\/cartoon-collection-puzzle-adulte-1000-pieces-tour-eiffel\/p\/\",\"name\":\"Cartoon Collection Puzzle Adulte 1000 pi\u00e8ces - Tour Eiffel\",\"isPartOf\":{\"@id\":\"https:\/\/business.roovi.com\/fr\/#website\"},\"datePublished\":\"2018-04-16T10:56:17+00:00\",\"dateModified\":\"2022-07-13T10:22:35+00:00\",\"description\":\"Cartoon Collection Puzzle Adulte 1000 pi\u00e8ces - Tour Eiffel\",\"breadcrumb\":{\"@id\":\"https:\/\/business.roovi.com\/fr\/cartoon-collection-puzzle-adulte-1000-pieces-tour-eiffel\/p\/#breadcrumb\"},\"inLanguage\":\"fr-FR\",\"potentialAction\":[{\"@type\":\"ReadAction\",\"target\":[\"https:\/\/business.roovi.com\/fr\/cartoon-collection-puzzle-adulte-1000-pieces-tour-eiffel\/p\/\"]}]},{\"@type\":\"BreadcrumbList\",\"@id\":\"https:\/\/business.roovi.com\/fr\/cartoon-collection-puzzle-adulte-1000-pieces-tour-eiffel\/p\/#breadcrumb\",\"itemListElement\":[{\"@type\":\"ListItem\",\"position\":1,\"name\":\"Home\",\"item\":\"https:\/\/business.roovi.com\/fr\/\"},{\"@type\":\"ListItem\",\"position\":2,\"name\":\"Boutique\",\"item\":\"https:\/\/business.roovi.com\/fr\/boutique\/\"},{\"@type\":\"ListItem\",\"position\":3,\"name\":\"Cartoon Collection Puzzle Adulte 1000 pi\u00e8ces &#8211; Tour Eiffel\"}]},{\"@type\":\"WebSite\",\"@id\":\"https:\/\/business.roovi.com\/fr\/#website\",\"url\":\"https:\/\/business.roovi.com\/fr\/\",\"name\":\"Roovi B2B\",\"description\":\"Roovi Business Website\",\"potentialAction\":[{\"@type\":\"SearchAction\",\"target\":{\"@type\":\"EntryPoint\",\"urlTemplate\":\"https:\/\/business.roovi.com\/fr\/?s={search_term_string}\"},\"query-input\":\"required name=search_term_string\"}],\"inLanguage\":\"fr-FR\"}]}<\/script>\n<!-- \/ Yoast SEO plugin. -->","yoast_head_json":{"title":"Cartoon Collection Puzzle Adulte 1000 pi\u00e8ces - Tour Eiffel","description":"Cartoon Collection Puzzle Adulte 1000 pi\u00e8ces - Tour Eiffel","robots":{"index":"index","follow":"follow","max-snippet":"max-snippet:-1","max-image-preview":"max-image-preview:large","max-video-preview":"max-video-preview:-1"},"canonical":"https:\/\/business.roovi.com\/fr\/cartoon-collection-puzzle-adulte-1000-pieces-tour-eiffel\/p\/","og_locale":"fr_FR","og_type":"article","og_title":"Cartoon Collection Puzzle Adulte 1000 pi\u00e8ces - Tour Eiffel","og_description":"Cartoon Collection Puzzle Adulte 1000 pi\u00e8ces - Tour Eiffel","og_url":"https:\/\/business.roovi.com\/fr\/cartoon-collection-puzzle-adulte-1000-pieces-tour-eiffel\/p\/","og_site_name":"Roovi B2B","article_publisher":"https:\/\/www.facebook.com\/wwwjucariero","article_modified_time":"2022-07-13T10:22:35+00:00","og_image":[{"width":840,"height":840,"url":"https:\/\/business.roovi.com\/wp-content\/uploads\/2018\/04\/61218-11-ansamblu_dimensiuni-cutie-cm_vertical-1200x1200.png","type":"image\/png"}],"twitter_misc":{"Dur\u00e9e de lecture estim\u00e9e":"4 minutes"},"schema":{"@context":"https:\/\/schema.org","@graph":[{"@type":"WebPage","@id":"https:\/\/business.roovi.com\/fr\/cartoon-collection-puzzle-adulte-1000-pieces-tour-eiffel\/p\/","url":"https:\/\/business.roovi.com\/fr\/cartoon-collection-puzzle-adulte-1000-pieces-tour-eiffel\/p\/","name":"Cartoon Collection Puzzle Adulte 1000 pi\u00e8ces - Tour Eiffel","isPartOf":{"@id":"https:\/\/business.roovi.com\/fr\/#website"},"datePublished":"2018-04-16T10:56:17+00:00","dateModified":"2022-07-13T10:22:35+00:00","description":"Cartoon Collection Puzzle Adulte 1000 pi\u00e8ces - Tour Eiffel","breadcrumb":{"@id":"https:\/\/business.roovi.com\/fr\/cartoon-collection-puzzle-adulte-1000-pieces-tour-eiffel\/p\/#breadcrumb"},"inLanguage":"fr-FR","potentialAction":[{"@type":"ReadAction","target":["https:\/\/business.roovi.com\/fr\/cartoon-collection-puzzle-adulte-1000-pieces-tour-eiffel\/p\/"]}]},{"@type":"BreadcrumbList","@id":"https:\/\/business.roovi.com\/fr\/cartoon-collection-puzzle-adulte-1000-pieces-tour-eiffel\/p\/#breadcrumb","itemListElement":[{"@type":"ListItem","position":1,"name":"Home","item":"https:\/\/business.roovi.com\/fr\/"},{"@type":"ListItem","position":2,"name":"Boutique","item":"https:\/\/business.roovi.com\/fr\/boutique\/"},{"@type":"ListItem","position":3,"name":"Cartoon Collection Puzzle Adulte 1000 pi\u00e8ces &#8211; Tour Eiffel"}]},{"@type":"WebSite","@id":"https:\/\/business.roovi.com\/fr\/#website","url":"https:\/\/business.roovi.com\/fr\/","name":"Roovi B2B","description":"Roovi Business Website","potentialAction":[{"@type":"SearchAction","target":{"@type":"EntryPoint","urlTemplate":"https:\/\/business.roovi.com\/fr\/?s={search_term_string}"},"query-input":"required name=search_term_string"}],"inLanguage":"fr-FR"}]}},"_links":{"self":[{"href":"https:\/\/business.roovi.com\/fr\/wp-json\/wp\/v2\/product\/53056","targetHints":{"allow":["GET"]}}],"collection":[{"href":"https:\/\/business.roovi.com\/fr\/wp-json\/wp\/v2\/product"}],"about":[{"href":"https:\/\/business.roovi.com\/fr\/wp-json\/wp\/v2\/types\/product"}],"version-history":[{"count":0,"href":"https:\/\/business.roovi.com\/fr\/wp-json\/wp\/v2\/product\/53056\/revisions"}],"wp:featuredmedia":[{"embeddable":true,"href":"https:\/\/business.roovi.com\/fr\/wp-json\/wp\/v2\/media\/47582"}],"wp:attachment":[{"href":"https:\/\/business.roovi.com\/fr\/wp-json\/wp\/v2\/media?parent=53056"}],"wp:term":[{"taxonomy":"product_brand","embeddable":true,"href":"https:\/\/business.roovi.com\/fr\/wp-json\/wp\/v2\/product_brand?post=53056"},{"taxonomy":"product_cat","embeddable":true,"href":"https:\/\/business.roovi.com\/fr\/wp-json\/wp\/v2\/product_cat?post=53056"},{"taxonomy":"product_tag","embeddable":true,"href":"https:\/\/business.roovi.com\/fr\/wp-json\/wp\/v2\/product_tag?post=53056"}],"curies":[{"name":"wp","href":"https:\/\/api.w.org\/{rel}","templated":true}]}}