{"id":53063,"date":"2018-04-16T10:56:17","date_gmt":"2018-04-16T10:56:17","guid":{"rendered":"https:\/\/business.roovi.com\/puzzle-adulti-1000-piese-vintage-posters-coins\/p\/"},"modified":"2022-07-13T10:22:38","modified_gmt":"2022-07-13T10:22:38","slug":"puzzle-1000-pieces-adult-posters-vintage-coins","status":"publish","type":"product","link":"https:\/\/business.roovi.com\/fr\/puzzle-1000-pieces-adult-posters-vintage-coins\/p\/","title":{"rendered":"Puzzle 1000 pi\u00e8ces Adult Posters Vintage &#8211; Coins"},"content":{"rendered":"<p><span style=\"font-weight: 400;\">Es-tu pr\u00eate \u00e0 passer l&rsquo;\u00e9preuve de la patience ? Nous avons pr\u00e9par\u00e9 pour toi un jeu de puzzle avec une image de beaucoup, beaucoup de vieilles pi\u00e8ces : le puzzle de 1000 pi\u00e8ces de monnaie vintage. Il te permet de rester connect\u00e9 et t&rsquo;offre jusqu&rsquo;\u00e0 30 heures de plaisir cr\u00e9atif.<\/span><\/p>\n<p><span style=\"font-weight: 400;\">Si tu es l&rsquo;un de ces amateurs de jeux de puzzle avec de petits d\u00e9tails, le puzzle 1000 Pi\u00e8ces \/ Coins de la collection de puzzles vintage sera certainement l&rsquo;occasion d&rsquo;exercer tes comp\u00e9tences d&rsquo;assemblage.<\/span><\/p>\n<p><span style=\"font-weight: 400;\">Ou peut-\u00eatre que tu \u00e9tais fascin\u00e9 par les pi\u00e8ces de monnaie quand tu \u00e9tais enfant et que tu aimais les collectionner. Un tableau avec autant de pi\u00e8ces anciennes te fera te sentir comme le collectionneur d&rsquo;antan, mais aussi comme l&rsquo;artiste d&rsquo;aujourd&rsquo;hui qui assemble 1000 pi\u00e8ces de puzzle et cr\u00e9e le tableau le plus fascinant de sa vie.<\/span><\/p>\n<p><span style=\"font-weight: 400;\">Tu peux utiliser une table basse standard pour soutenir les pi\u00e8ces et les assembler. La taille de l&rsquo;image reconstruite est de 50 x 70 cm. Si tu veux te souvenir \u00e0 jamais de ton travail minutieux, mets le tableau dans un cadre et expose-le dans un endroit de ta maison auquel tu veux donner de la personnalit\u00e9.<\/span><\/p>\n<p><span style=\"font-weight: 400;\">Comprend un puzzle de 1000 pi\u00e8ces de monnaie vintage :<\/span><\/p>\n<p><strong>Mat\u00e9riau du puzzle <\/strong><\/p>\n<p><strong>carton bleu de haute qualit\u00e9<\/strong><\/p>\n<p><strong>des mat\u00e9riaux durables et recyclables<\/strong><\/p>\n<p><strong>finition semi-brillante, couleurs vives<\/strong><\/p>\n<p><strong>Nombre de pi\u00e8ces de puzzle : 1000<\/strong><\/p>\n<p><strong>\u00c2ge recommand\u00e9 : 14+<\/strong><\/p>\n<p><span style=\"font-weight: 400;\">Le puzzle de 1000 pi\u00e8ces de monnaie anciennes t&rsquo;aide \u00e0 d\u00e9velopper de multiples comp\u00e9tences, comme par exemple :<\/span><\/p>\n<ul>\n<li><span style=\"font-weight: 400;\">M\u00e9moire \u00e0 court terme.<\/span><\/li>\n<li><span style=\"font-weight: 400;\">Habilet\u00e9 et coordination.<\/span><\/li>\n<li><span style=\"font-weight: 400;\">Pers\u00e9v\u00e9rance.<\/span><\/li>\n<li><span style=\"font-weight: 400;\">Capacit\u00e9 \u00e0 se concentrer.<\/span><\/li>\n<li><span style=\"font-weight: 400;\">Fais attention aux d\u00e9tails.<\/span><\/li>\n<li><span style=\"font-weight: 400;\">Pens\u00e9e logique.<\/span><\/li>\n<li><span style=\"font-weight: 400;\">Capacit\u00e9 \u00e0 r\u00e9soudre les probl\u00e8mes.<\/span><\/li>\n<\/ul>\n<p><strong>Tu savais que&#8230; ?<\/strong><\/p>\n<p><span style=\"font-weight: 400;\">Les pi\u00e8ces de monnaie ont \u00e9t\u00e9 introduites comme moyen de paiement aux alentours du 6e ou 5e si\u00e8cle avant J.-C., et leur invention est toujours entour\u00e9e de myst\u00e8re. H\u00e9rodote les a attribu\u00e9es aux Lydiens, tandis qu&rsquo;Aristote a affirm\u00e9 que les premi\u00e8res pi\u00e8ces ont \u00e9t\u00e9 frapp\u00e9es dans la r\u00e9gion de Phrygie.<\/span><\/p>\n<p><span style=\"font-weight: 400;\">L&rsquo;une des pi\u00e8ces de monnaie les plus ch\u00e8res au monde est le <\/span><span style=\"font-weight: 400;\">\u00ab\u00a0Cheveux qui coulent\u00a0\u00bb, un dollar en argent \u00e9mis en 1794 d&rsquo;une valeur de 10 millions de dollars.<\/span><\/p>\n<p><span style=\"font-weight: 400;\">La livre sterling a \u00e9t\u00e9 mise en circulation au 8e si\u00e8cle et est la plus ancienne pi\u00e8ce encore en circulation.<\/span><\/p>\n<p><span style=\"font-weight: 400;\">En janvier 2020, 135 milliards de pi\u00e8ces d&rsquo;euros \u00e9taient en circulation <\/span><\/p>\n<p><strong>Le puzzle de 1000 pi\u00e8ces de monnaie anciennes transforme une t\u00e2che laborieuse en un grand plaisir<\/strong><\/p>\n<p><span style=\"font-weight: 400;\">Le puzzle de 1000 pi\u00e8ces de monnaie anciennes peut aussi \u00eatre une bonne occasion de se plonger dans l&rsquo;histoire lointaine de l&rsquo;humanit\u00e9 et d&rsquo;apprendre les secrets des premi\u00e8res pi\u00e8ces de monnaie apparues sur le march\u00e9. Si tu veux que le travail sur cette image aille plus vite, fais aussi participer tes enfants au jeu du puzzle. Pr\u00e9parez autant d&rsquo;informations que possible sur les pi\u00e8ces de monnaie et racontez ensemble l&rsquo;histoire de l&rsquo;argent <\/span><\/p>\n<p><span style=\"font-weight: 400;\">L&rsquo;argent est un sujet br\u00fblant \u00e0 tout moment et plus t\u00f4t tu expliques ce sujet aux enfants, plus t\u00f4t ils comprendront sa valeur. Le jeu de puzzle &#8211; combinaison de conversation d&rsquo;argent est une occasion de s&rsquo;amuser et d&rsquo;apprendre.<\/span><\/p>\n<p><span style=\"font-weight: 400;\">Choisis le puzzle de 1000 pi\u00e8ces de monnaie anciennes de la collection de puzzles vintage et exerce ton esprit de mani\u00e8re agr\u00e9able et cr\u00e9ative. Si tu veux d\u00e9fier un ami pour tester sa patience et son sens du d\u00e9tail, ce jeu de puzzle est le cadeau id\u00e9al.<\/span><\/p><\/p>\n","protected":false},"excerpt":{"rendered":"<p>Es-tu pr\u00eate \u00e0 passer l&rsquo;\u00e9preuve de la patience ? Nous avons pr\u00e9par\u00e9 pour toi un jeu de puzzle avec une<\/p>\n","protected":false},"featured_media":47603,"template":"","meta":[],"product_brand":[],"product_cat":[2314,2316,2315],"product_tag":[],"class_list":{"0":"post-53063","1":"product","2":"type-product","3":"status-publish","4":"has-post-thumbnail","6":"product_cat-puzzles-fr","7":"product_cat-puzzles-de-1000-pieces","8":"product_cat-puzzles-pour-adultes","9":"pa_bax-10-fr","10":"pa_brand-d_toys-fr","11":"pa_country_of_manufacture-ro-fr","12":"pa_filter_age-14-fr","13":"pa_painter-posters-vintage","14":"pa_tip_ambalaj-boite","15":"pa_tip_puzzle-classique","17":"first","18":"instock","19":"taxable","20":"shipping-taxable","21":"product-type-simple"},"yoast_head":"<!-- This site is optimized with the Yoast SEO plugin v20.1 - https:\/\/yoast.com\/wordpress\/plugins\/seo\/ -->\n<title>Puzzle 1000 pi\u00e8ces Adult Posters Vintage - Coins<\/title>\n<meta name=\"description\" content=\"Puzzle 1000 pi\u00e8ces Adult Posters Vintage - Coins\" \/>\n<meta name=\"robots\" content=\"index, follow, max-snippet:-1, max-image-preview:large, max-video-preview:-1\" \/>\n<link rel=\"canonical\" href=\"https:\/\/business.roovi.com\/fr\/puzzle-1000-pieces-adult-posters-vintage-coins\/p\/\" \/>\n<meta property=\"og:locale\" content=\"fr_FR\" \/>\n<meta property=\"og:type\" content=\"article\" \/>\n<meta property=\"og:title\" content=\"Puzzle 1000 pi\u00e8ces Adult Posters Vintage - Coins\" \/>\n<meta property=\"og:description\" content=\"Puzzle 1000 pi\u00e8ces Adult Posters Vintage - Coins\" \/>\n<meta property=\"og:url\" content=\"https:\/\/business.roovi.com\/fr\/puzzle-1000-pieces-adult-posters-vintage-coins\/p\/\" \/>\n<meta property=\"og:site_name\" content=\"Roovi B2B\" \/>\n<meta property=\"article:publisher\" content=\"https:\/\/www.facebook.com\/wwwjucariero\" \/>\n<meta property=\"article:modified_time\" content=\"2022-07-13T10:22:38+00:00\" \/>\n<meta property=\"og:image\" content=\"https:\/\/business.roovi.com\/wp-content\/uploads\/2018\/04\/67555-13_ansamblu_dimensiuni_cutie_cm_orizontal_1200x1200.png\" \/>\n\t<meta property=\"og:image:width\" content=\"1200\" \/>\n\t<meta property=\"og:image:height\" content=\"1200\" \/>\n\t<meta property=\"og:image:type\" content=\"image\/png\" \/>\n<meta name=\"twitter:label1\" content=\"Dur\u00e9e de lecture estim\u00e9e\" \/>\n\t<meta name=\"twitter:data1\" content=\"3 minutes\" \/>\n<script type=\"application\/ld+json\" class=\"yoast-schema-graph\">{\"@context\":\"https:\/\/schema.org\",\"@graph\":[{\"@type\":\"WebPage\",\"@id\":\"https:\/\/business.roovi.com\/fr\/puzzle-1000-pieces-adult-posters-vintage-coins\/p\/\",\"url\":\"https:\/\/business.roovi.com\/fr\/puzzle-1000-pieces-adult-posters-vintage-coins\/p\/\",\"name\":\"Puzzle 1000 pi\u00e8ces Adult Posters Vintage - Coins\",\"isPartOf\":{\"@id\":\"https:\/\/business.roovi.com\/fr\/#website\"},\"datePublished\":\"2018-04-16T10:56:17+00:00\",\"dateModified\":\"2022-07-13T10:22:38+00:00\",\"description\":\"Puzzle 1000 pi\u00e8ces Adult Posters Vintage - Coins\",\"breadcrumb\":{\"@id\":\"https:\/\/business.roovi.com\/fr\/puzzle-1000-pieces-adult-posters-vintage-coins\/p\/#breadcrumb\"},\"inLanguage\":\"fr-FR\",\"potentialAction\":[{\"@type\":\"ReadAction\",\"target\":[\"https:\/\/business.roovi.com\/fr\/puzzle-1000-pieces-adult-posters-vintage-coins\/p\/\"]}]},{\"@type\":\"BreadcrumbList\",\"@id\":\"https:\/\/business.roovi.com\/fr\/puzzle-1000-pieces-adult-posters-vintage-coins\/p\/#breadcrumb\",\"itemListElement\":[{\"@type\":\"ListItem\",\"position\":1,\"name\":\"Home\",\"item\":\"https:\/\/business.roovi.com\/fr\/\"},{\"@type\":\"ListItem\",\"position\":2,\"name\":\"Boutique\",\"item\":\"https:\/\/business.roovi.com\/fr\/boutique\/\"},{\"@type\":\"ListItem\",\"position\":3,\"name\":\"Puzzle 1000 pi\u00e8ces Adult Posters Vintage &#8211; Coins\"}]},{\"@type\":\"WebSite\",\"@id\":\"https:\/\/business.roovi.com\/fr\/#website\",\"url\":\"https:\/\/business.roovi.com\/fr\/\",\"name\":\"Roovi B2B\",\"description\":\"Roovi Business Website\",\"potentialAction\":[{\"@type\":\"SearchAction\",\"target\":{\"@type\":\"EntryPoint\",\"urlTemplate\":\"https:\/\/business.roovi.com\/fr\/?s={search_term_string}\"},\"query-input\":\"required name=search_term_string\"}],\"inLanguage\":\"fr-FR\"}]}<\/script>\n<!-- \/ Yoast SEO plugin. -->","yoast_head_json":{"title":"Puzzle 1000 pi\u00e8ces Adult Posters Vintage - Coins","description":"Puzzle 1000 pi\u00e8ces Adult Posters Vintage - Coins","robots":{"index":"index","follow":"follow","max-snippet":"max-snippet:-1","max-image-preview":"max-image-preview:large","max-video-preview":"max-video-preview:-1"},"canonical":"https:\/\/business.roovi.com\/fr\/puzzle-1000-pieces-adult-posters-vintage-coins\/p\/","og_locale":"fr_FR","og_type":"article","og_title":"Puzzle 1000 pi\u00e8ces Adult Posters Vintage - Coins","og_description":"Puzzle 1000 pi\u00e8ces Adult Posters Vintage - Coins","og_url":"https:\/\/business.roovi.com\/fr\/puzzle-1000-pieces-adult-posters-vintage-coins\/p\/","og_site_name":"Roovi B2B","article_publisher":"https:\/\/www.facebook.com\/wwwjucariero","article_modified_time":"2022-07-13T10:22:38+00:00","og_image":[{"width":1200,"height":1200,"url":"https:\/\/business.roovi.com\/wp-content\/uploads\/2018\/04\/67555-13_ansamblu_dimensiuni_cutie_cm_orizontal_1200x1200.png","type":"image\/png"}],"twitter_misc":{"Dur\u00e9e de lecture estim\u00e9e":"3 minutes"},"schema":{"@context":"https:\/\/schema.org","@graph":[{"@type":"WebPage","@id":"https:\/\/business.roovi.com\/fr\/puzzle-1000-pieces-adult-posters-vintage-coins\/p\/","url":"https:\/\/business.roovi.com\/fr\/puzzle-1000-pieces-adult-posters-vintage-coins\/p\/","name":"Puzzle 1000 pi\u00e8ces Adult Posters Vintage - Coins","isPartOf":{"@id":"https:\/\/business.roovi.com\/fr\/#website"},"datePublished":"2018-04-16T10:56:17+00:00","dateModified":"2022-07-13T10:22:38+00:00","description":"Puzzle 1000 pi\u00e8ces Adult Posters Vintage - Coins","breadcrumb":{"@id":"https:\/\/business.roovi.com\/fr\/puzzle-1000-pieces-adult-posters-vintage-coins\/p\/#breadcrumb"},"inLanguage":"fr-FR","potentialAction":[{"@type":"ReadAction","target":["https:\/\/business.roovi.com\/fr\/puzzle-1000-pieces-adult-posters-vintage-coins\/p\/"]}]},{"@type":"BreadcrumbList","@id":"https:\/\/business.roovi.com\/fr\/puzzle-1000-pieces-adult-posters-vintage-coins\/p\/#breadcrumb","itemListElement":[{"@type":"ListItem","position":1,"name":"Home","item":"https:\/\/business.roovi.com\/fr\/"},{"@type":"ListItem","position":2,"name":"Boutique","item":"https:\/\/business.roovi.com\/fr\/boutique\/"},{"@type":"ListItem","position":3,"name":"Puzzle 1000 pi\u00e8ces Adult Posters Vintage &#8211; Coins"}]},{"@type":"WebSite","@id":"https:\/\/business.roovi.com\/fr\/#website","url":"https:\/\/business.roovi.com\/fr\/","name":"Roovi B2B","description":"Roovi Business Website","potentialAction":[{"@type":"SearchAction","target":{"@type":"EntryPoint","urlTemplate":"https:\/\/business.roovi.com\/fr\/?s={search_term_string}"},"query-input":"required name=search_term_string"}],"inLanguage":"fr-FR"}]}},"_links":{"self":[{"href":"https:\/\/business.roovi.com\/fr\/wp-json\/wp\/v2\/product\/53063","targetHints":{"allow":["GET"]}}],"collection":[{"href":"https:\/\/business.roovi.com\/fr\/wp-json\/wp\/v2\/product"}],"about":[{"href":"https:\/\/business.roovi.com\/fr\/wp-json\/wp\/v2\/types\/product"}],"version-history":[{"count":0,"href":"https:\/\/business.roovi.com\/fr\/wp-json\/wp\/v2\/product\/53063\/revisions"}],"wp:featuredmedia":[{"embeddable":true,"href":"https:\/\/business.roovi.com\/fr\/wp-json\/wp\/v2\/media\/47603"}],"wp:attachment":[{"href":"https:\/\/business.roovi.com\/fr\/wp-json\/wp\/v2\/media?parent=53063"}],"wp:term":[{"taxonomy":"product_brand","embeddable":true,"href":"https:\/\/business.roovi.com\/fr\/wp-json\/wp\/v2\/product_brand?post=53063"},{"taxonomy":"product_cat","embeddable":true,"href":"https:\/\/business.roovi.com\/fr\/wp-json\/wp\/v2\/product_cat?post=53063"},{"taxonomy":"product_tag","embeddable":true,"href":"https:\/\/business.roovi.com\/fr\/wp-json\/wp\/v2\/product_tag?post=53063"}],"curies":[{"name":"wp","href":"https:\/\/api.w.org\/{rel}","templated":true}]}}