{"id":53077,"date":"2018-04-16T10:56:17","date_gmt":"2018-04-16T10:56:17","guid":{"rendered":"https:\/\/business.roovi.com\/puzzle-1000-piese-imagini-din-romania-castelul-corvinilor-hunedoara-noaptea\/p\/"},"modified":"2022-07-13T10:22:45","modified_gmt":"2022-07-13T10:22:45","slug":"casse-tete-1000-pieces-photos-de-roumanie-chateau-de-corvinilor-hunedoara-la-nuit","status":"publish","type":"product","link":"https:\/\/business.roovi.com\/fr\/casse-tete-1000-pieces-photos-de-roumanie-chateau-de-corvinilor-hunedoara-la-nuit\/p\/","title":{"rendered":"Casse-t\u00eate 1000 pi\u00e8ces &#8211; Photos de Roumanie &#8211; Ch\u00e2teau de Corvinilor Hunedoara la nuit"},"content":{"rendered":"<p><span style=\"font-weight: 400;\">Le ch\u00e2teau de Huniazilor ou ch\u00e2teau de Corvin domine majestueusement la ville de Hunedoara et est une attraction touristique importante pour tous les passionn\u00e9s d&rsquo;histoire et du Moyen-\u00c2ge, \u00e9tant consid\u00e9r\u00e9 comme le plus grand monument m\u00e9di\u00e9val du sud-est de l&rsquo;Europe <\/span><\/p>\n<p><span style=\"font-weight: 400;\">Le ch\u00e2teau de Corvin est une construction imposante avec des murs massifs, jusqu&rsquo;\u00e0 2 m d&rsquo;\u00e9paisseur, faits de gros blocs de calcaire dolomitique et de pierre de rivi\u00e8re. Sa taille impressionnante est soulign\u00e9e par le style architectural gothique, qui couronne de fa\u00e7on exquise les salles int\u00e9rieures, les tours et les fa\u00e7ades ext\u00e9rieures du ch\u00e2teau.  <\/span><\/p>\n<p><span style=\"font-weight: 400;\">Les origines de la premi\u00e8re construction remontent au 14e si\u00e8cle, mais des traces de civilisations bien plus anciennes ont \u00e9t\u00e9 d\u00e9couvertes sur le site. Sous le r\u00e8gne de Iancu de Hunedoara, qui a d\u00e9cid\u00e9 de construire une forteresse au-dessus de l&rsquo;ancienne fortification d\u00e9fensive, la construction de ce qui allait devenir le grandiose Ch\u00e2teau des Hunyadiens a commenc\u00e9. Plus tard, le ch\u00e2teau est devenu la r\u00e9sidence de Matthias Corvinus, fils de Iancu de Hunedoara et roi de Hongrie <\/span><\/p>\n<p><span style=\"font-weight: 400;\">Gr\u00e2ce \u00e0 un puzzle de 1000 pi\u00e8ces, tu peux d\u00e9couvrir les d\u00e9tails impressionnants qui placent le ch\u00e2teau de Corvin dans le top 10 des plus belles destinations de contes de f\u00e9es en Europe, \u00e9tant consid\u00e9r\u00e9 comme l&rsquo;un des plus beaux ch\u00e2teaux du monde <\/span><\/p>\n<p><span style=\"font-weight: 400;\">Avec chaque pi\u00e8ce de puzzle parfaitement assortie, tu pourras dessiner les impressionnantes tours gothiques, le pont \u00e0 pyl\u00f4nes ou les murs massifs du ch\u00e2teau sur la falaise, et le r\u00e9sultat final sera une r\u00e9compense bien m\u00e9rit\u00e9e <\/span><\/p>\n<h2><span style=\"font-weight: 400;\">Pourquoi choisir un puzzle adulte 1000 pi\u00e8ces Pictures de Roumanie<\/span><\/h2>\n<ul>\n<li><span style=\"font-weight: 400;\">Un puzzle est un moyen relaxant de d\u00e9couvrir la beaut\u00e9 et le caract\u00e8re unique des sites touristiques et des l\u00e9gendes c\u00e9l\u00e8bres dans le monde entier.<\/span><\/li>\n<li><span style=\"font-weight: 400;\">\u00c0 la fin, tu obtiendras une photo fascinante du ch\u00e2teau de Corvin la nuit, qui peut facilement \u00eatre transform\u00e9e en tableau <\/span><\/li>\n<li><span style=\"font-weight: 400;\">La taille de ce puzzle est de 68 x 47 cm, assez grande pour devenir un centre de table d\u00e9coratif ou faire partie d&rsquo;une collection personnelle.<\/span><\/li>\n<li><span style=\"font-weight: 400;\">Il convient \u00e0 partir de 14 ans, avec un niveau de complexit\u00e9 moyen <\/span><\/li>\n<li><span style=\"font-weight: 400;\">Les pi\u00e8ces sont fabriqu\u00e9es en carton durable de tr\u00e8s haute qualit\u00e9, de sorte que le tableau peut \u00eatre assembl\u00e9 plusieurs fois sans que les pi\u00e8ces ne soient endommag\u00e9es.<\/span><\/li>\n<li><span style=\"font-weight: 400;\">Nous utilisons des mat\u00e9riaux recyclables et durables pour fabriquer chaque puzzle.<\/span><\/li>\n<li><span style=\"font-weight: 400;\">L&rsquo;agr\u00e9able finition semi-brillante fait ressortir les couleurs vives et donne de la clart\u00e9 \u00e0 l&rsquo;image.<\/span><\/li>\n<li><span style=\"font-weight: 400;\">Le jeu de puzzle est un entra\u00eenement mental pr\u00e9cieux, qui engage les deux h\u00e9misph\u00e8res du cerveau et aide \u00e0 am\u00e9liorer la m\u00e9moire.<\/span><\/li>\n<li><span style=\"font-weight: 400;\">C&rsquo;est un moyen agr\u00e9able d&rsquo;entra\u00eener et d&rsquo;entretenir la coordination, la motricit\u00e9 et la dext\u00e9rit\u00e9 \u00e0 tout \u00e2ge.<\/span><\/li>\n<li><span style=\"font-weight: 400;\">Il augmente l&rsquo;attention aux d\u00e9tails et la concentration.<\/span><\/li>\n<\/ul>\n<h2><span style=\"font-weight: 400;\">Savais-tu que..<\/span><\/h2>\n<p><span style=\"font-weight: 400;\">Le ch\u00e2teau de Corvin a servi de plateau de tournage pour de nombreuses publicit\u00e9s, \u00e9missions et films r\u00e9alis\u00e9s au fil des ans, dont Michael le Brave, Vlad l&rsquo;Empaleur, Nostradamus, ainsi que des productions internationales comme Dragonheart 4, Ghost Rider 2 et le film d&rsquo;horreur The Nun.<\/span><\/p>\n<p><span style=\"font-weight: 400;\">La fontaine dans la cour int\u00e9rieure du ch\u00e2teau est \u00e9galement li\u00e9e \u00e0 une l\u00e9gende. On dit qu&rsquo;elle a \u00e9t\u00e9 creus\u00e9e par trois prisonniers turcs \u00e0 qui Iancu de Hunedoara a promis la libert\u00e9 s&rsquo;ils pouvaient trouver de l&rsquo;eau. Apr\u00e8s 15 ans de travail et 30 m\u00e8tres de creusement, ils ont enfin r\u00e9ussi \u00e0 trouver l&rsquo;eau dont ils avaient tant besoin <\/span><\/p>\n<p><span style=\"font-weight: 400;\">Cependant, la promesse de Iancu n&rsquo;a pas \u00e9t\u00e9 tenue par sa femme et les 3 prisonniers ont \u00e9t\u00e9 envoy\u00e9s \u00e0 la mort. On dit qu&rsquo;ils ont inscrit sur le puits les mots \u00ab\u00a0Eau tu as, c\u0153ur tu n&rsquo;as pas !\u00a0\u00bb.<\/span><\/p>\n<h2><span style=\"font-weight: 400;\">Puzzle pour adultes de 1000 pi\u00e8ces &#8211; des heures de relaxation et de d\u00e9connexion<\/span><\/h2>\n<p><span style=\"font-weight: 400;\">Choisis de d\u00e9couvrir la Roumanie d&rsquo;une mani\u00e8re unique, en assemblant un puzzle et en reconstituant pi\u00e8ce par pi\u00e8ce l&rsquo;un des plus beaux ch\u00e2teaux d&rsquo;Europe <\/span><\/p>\n<p><span style=\"font-weight: 400;\">D\u00e9couvre le ch\u00e2teau de Corvin avec un puzzle de 1000 pi\u00e8ces et profite de quelques heures de d\u00e9tente cr\u00e9ative en trouvant les bonnes pi\u00e8ces pour compl\u00e9ter l&rsquo;image <\/span><\/p>\n<p><span style=\"font-weight: 400;\">De plus, assembler un puzzle avec des images de la Roumanie est une activit\u00e9 tr\u00e8s agr\u00e9able pour renouer avec tes origines. Un voyage dans notre longue et turbulente histoire, \u00e0 travers laquelle tu peux d\u00e9couvrir des d\u00e9tails et des monuments impressionnants, tout en te d\u00e9tendant et en te d\u00e9connectant de l&rsquo;agitation de la vie quotidienne.<\/span><\/p><\/p>\n","protected":false},"excerpt":{"rendered":"<p>Le ch\u00e2teau de Huniazilor ou ch\u00e2teau de Corvin domine majestueusement la ville de Hunedoara et est une attraction touristique importante<\/p>\n","protected":false},"featured_media":47619,"template":"","meta":[],"product_brand":[],"product_cat":[2314,2316,2315],"product_tag":[],"class_list":{"0":"post-53077","1":"product","2":"type-product","3":"status-publish","4":"has-post-thumbnail","6":"product_cat-puzzles-fr","7":"product_cat-puzzles-de-1000-pieces","8":"product_cat-puzzles-pour-adultes","9":"pa_bax-10-fr","10":"pa_brand-d_toys-fr","11":"pa_country_of_manufacture-ro-fr","12":"pa_filter_age-14-fr","13":"pa_painter-romania-fr","14":"pa_tip_ambalaj-boite","15":"pa_tip_puzzle-classique","17":"first","18":"instock","19":"taxable","20":"shipping-taxable","21":"product-type-simple"},"yoast_head":"<!-- This site is optimized with the Yoast SEO plugin v20.1 - https:\/\/yoast.com\/wordpress\/plugins\/seo\/ -->\n<title>Casse-t\u00eate 1000 pi\u00e8ces - Photos de Roumanie - Ch\u00e2teau de Corvinilor Hunedoara la nuit<\/title>\n<meta name=\"description\" content=\"Casse-t\u00eate 1000 pi\u00e8ces - Photos de Roumanie - Ch\u00e2teau de Corvinilor Hunedoara la nuit\" \/>\n<meta name=\"robots\" content=\"index, follow, max-snippet:-1, max-image-preview:large, max-video-preview:-1\" \/>\n<link rel=\"canonical\" href=\"https:\/\/business.roovi.com\/fr\/casse-tete-1000-pieces-photos-de-roumanie-chateau-de-corvinilor-hunedoara-la-nuit\/p\/\" \/>\n<meta property=\"og:locale\" content=\"fr_FR\" \/>\n<meta property=\"og:type\" content=\"article\" \/>\n<meta property=\"og:title\" content=\"Casse-t\u00eate 1000 pi\u00e8ces - Photos de Roumanie - Ch\u00e2teau de Corvinilor Hunedoara la nuit\" \/>\n<meta property=\"og:description\" content=\"Casse-t\u00eate 1000 pi\u00e8ces - Photos de Roumanie - Ch\u00e2teau de Corvinilor Hunedoara la nuit\" \/>\n<meta property=\"og:url\" content=\"https:\/\/business.roovi.com\/fr\/casse-tete-1000-pieces-photos-de-roumanie-chateau-de-corvinilor-hunedoara-la-nuit\/p\/\" \/>\n<meta property=\"og:site_name\" content=\"Roovi B2B\" \/>\n<meta property=\"article:publisher\" content=\"https:\/\/www.facebook.com\/wwwjucariero\" \/>\n<meta property=\"article:modified_time\" content=\"2022-07-13T10:22:45+00:00\" \/>\n<meta property=\"og:image\" content=\"https:\/\/business.roovi.com\/wp-content\/uploads\/2018\/04\/63038_13.jpg\" \/>\n\t<meta property=\"og:image:width\" content=\"1200\" \/>\n\t<meta property=\"og:image:height\" content=\"1200\" \/>\n\t<meta property=\"og:image:type\" content=\"image\/jpeg\" \/>\n<meta name=\"twitter:label1\" content=\"Dur\u00e9e de lecture estim\u00e9e\" \/>\n\t<meta name=\"twitter:data1\" content=\"4 minutes\" \/>\n<script type=\"application\/ld+json\" class=\"yoast-schema-graph\">{\"@context\":\"https:\/\/schema.org\",\"@graph\":[{\"@type\":\"WebPage\",\"@id\":\"https:\/\/business.roovi.com\/fr\/casse-tete-1000-pieces-photos-de-roumanie-chateau-de-corvinilor-hunedoara-la-nuit\/p\/\",\"url\":\"https:\/\/business.roovi.com\/fr\/casse-tete-1000-pieces-photos-de-roumanie-chateau-de-corvinilor-hunedoara-la-nuit\/p\/\",\"name\":\"Casse-t\u00eate 1000 pi\u00e8ces - Photos de Roumanie - Ch\u00e2teau de Corvinilor Hunedoara la nuit\",\"isPartOf\":{\"@id\":\"https:\/\/business.roovi.com\/fr\/#website\"},\"datePublished\":\"2018-04-16T10:56:17+00:00\",\"dateModified\":\"2022-07-13T10:22:45+00:00\",\"description\":\"Casse-t\u00eate 1000 pi\u00e8ces - Photos de Roumanie - Ch\u00e2teau de Corvinilor Hunedoara la nuit\",\"breadcrumb\":{\"@id\":\"https:\/\/business.roovi.com\/fr\/casse-tete-1000-pieces-photos-de-roumanie-chateau-de-corvinilor-hunedoara-la-nuit\/p\/#breadcrumb\"},\"inLanguage\":\"fr-FR\",\"potentialAction\":[{\"@type\":\"ReadAction\",\"target\":[\"https:\/\/business.roovi.com\/fr\/casse-tete-1000-pieces-photos-de-roumanie-chateau-de-corvinilor-hunedoara-la-nuit\/p\/\"]}]},{\"@type\":\"BreadcrumbList\",\"@id\":\"https:\/\/business.roovi.com\/fr\/casse-tete-1000-pieces-photos-de-roumanie-chateau-de-corvinilor-hunedoara-la-nuit\/p\/#breadcrumb\",\"itemListElement\":[{\"@type\":\"ListItem\",\"position\":1,\"name\":\"Home\",\"item\":\"https:\/\/business.roovi.com\/fr\/\"},{\"@type\":\"ListItem\",\"position\":2,\"name\":\"Boutique\",\"item\":\"https:\/\/business.roovi.com\/fr\/boutique\/\"},{\"@type\":\"ListItem\",\"position\":3,\"name\":\"Casse-t\u00eate 1000 pi\u00e8ces &#8211; Photos de Roumanie &#8211; Ch\u00e2teau de Corvinilor Hunedoara la nuit\"}]},{\"@type\":\"WebSite\",\"@id\":\"https:\/\/business.roovi.com\/fr\/#website\",\"url\":\"https:\/\/business.roovi.com\/fr\/\",\"name\":\"Roovi B2B\",\"description\":\"Roovi Business Website\",\"potentialAction\":[{\"@type\":\"SearchAction\",\"target\":{\"@type\":\"EntryPoint\",\"urlTemplate\":\"https:\/\/business.roovi.com\/fr\/?s={search_term_string}\"},\"query-input\":\"required name=search_term_string\"}],\"inLanguage\":\"fr-FR\"}]}<\/script>\n<!-- \/ Yoast SEO plugin. -->","yoast_head_json":{"title":"Casse-t\u00eate 1000 pi\u00e8ces - Photos de Roumanie - Ch\u00e2teau de Corvinilor Hunedoara la nuit","description":"Casse-t\u00eate 1000 pi\u00e8ces - Photos de Roumanie - Ch\u00e2teau de Corvinilor Hunedoara la nuit","robots":{"index":"index","follow":"follow","max-snippet":"max-snippet:-1","max-image-preview":"max-image-preview:large","max-video-preview":"max-video-preview:-1"},"canonical":"https:\/\/business.roovi.com\/fr\/casse-tete-1000-pieces-photos-de-roumanie-chateau-de-corvinilor-hunedoara-la-nuit\/p\/","og_locale":"fr_FR","og_type":"article","og_title":"Casse-t\u00eate 1000 pi\u00e8ces - Photos de Roumanie - Ch\u00e2teau de Corvinilor Hunedoara la nuit","og_description":"Casse-t\u00eate 1000 pi\u00e8ces - Photos de Roumanie - Ch\u00e2teau de Corvinilor Hunedoara la nuit","og_url":"https:\/\/business.roovi.com\/fr\/casse-tete-1000-pieces-photos-de-roumanie-chateau-de-corvinilor-hunedoara-la-nuit\/p\/","og_site_name":"Roovi B2B","article_publisher":"https:\/\/www.facebook.com\/wwwjucariero","article_modified_time":"2022-07-13T10:22:45+00:00","og_image":[{"width":1200,"height":1200,"url":"https:\/\/business.roovi.com\/wp-content\/uploads\/2018\/04\/63038_13.jpg","type":"image\/jpeg"}],"twitter_misc":{"Dur\u00e9e de lecture estim\u00e9e":"4 minutes"},"schema":{"@context":"https:\/\/schema.org","@graph":[{"@type":"WebPage","@id":"https:\/\/business.roovi.com\/fr\/casse-tete-1000-pieces-photos-de-roumanie-chateau-de-corvinilor-hunedoara-la-nuit\/p\/","url":"https:\/\/business.roovi.com\/fr\/casse-tete-1000-pieces-photos-de-roumanie-chateau-de-corvinilor-hunedoara-la-nuit\/p\/","name":"Casse-t\u00eate 1000 pi\u00e8ces - Photos de Roumanie - Ch\u00e2teau de Corvinilor Hunedoara la nuit","isPartOf":{"@id":"https:\/\/business.roovi.com\/fr\/#website"},"datePublished":"2018-04-16T10:56:17+00:00","dateModified":"2022-07-13T10:22:45+00:00","description":"Casse-t\u00eate 1000 pi\u00e8ces - Photos de Roumanie - Ch\u00e2teau de Corvinilor Hunedoara la nuit","breadcrumb":{"@id":"https:\/\/business.roovi.com\/fr\/casse-tete-1000-pieces-photos-de-roumanie-chateau-de-corvinilor-hunedoara-la-nuit\/p\/#breadcrumb"},"inLanguage":"fr-FR","potentialAction":[{"@type":"ReadAction","target":["https:\/\/business.roovi.com\/fr\/casse-tete-1000-pieces-photos-de-roumanie-chateau-de-corvinilor-hunedoara-la-nuit\/p\/"]}]},{"@type":"BreadcrumbList","@id":"https:\/\/business.roovi.com\/fr\/casse-tete-1000-pieces-photos-de-roumanie-chateau-de-corvinilor-hunedoara-la-nuit\/p\/#breadcrumb","itemListElement":[{"@type":"ListItem","position":1,"name":"Home","item":"https:\/\/business.roovi.com\/fr\/"},{"@type":"ListItem","position":2,"name":"Boutique","item":"https:\/\/business.roovi.com\/fr\/boutique\/"},{"@type":"ListItem","position":3,"name":"Casse-t\u00eate 1000 pi\u00e8ces &#8211; Photos de Roumanie &#8211; Ch\u00e2teau de Corvinilor Hunedoara la nuit"}]},{"@type":"WebSite","@id":"https:\/\/business.roovi.com\/fr\/#website","url":"https:\/\/business.roovi.com\/fr\/","name":"Roovi B2B","description":"Roovi Business Website","potentialAction":[{"@type":"SearchAction","target":{"@type":"EntryPoint","urlTemplate":"https:\/\/business.roovi.com\/fr\/?s={search_term_string}"},"query-input":"required name=search_term_string"}],"inLanguage":"fr-FR"}]}},"_links":{"self":[{"href":"https:\/\/business.roovi.com\/fr\/wp-json\/wp\/v2\/product\/53077","targetHints":{"allow":["GET"]}}],"collection":[{"href":"https:\/\/business.roovi.com\/fr\/wp-json\/wp\/v2\/product"}],"about":[{"href":"https:\/\/business.roovi.com\/fr\/wp-json\/wp\/v2\/types\/product"}],"version-history":[{"count":0,"href":"https:\/\/business.roovi.com\/fr\/wp-json\/wp\/v2\/product\/53077\/revisions"}],"wp:featuredmedia":[{"embeddable":true,"href":"https:\/\/business.roovi.com\/fr\/wp-json\/wp\/v2\/media\/47619"}],"wp:attachment":[{"href":"https:\/\/business.roovi.com\/fr\/wp-json\/wp\/v2\/media?parent=53077"}],"wp:term":[{"taxonomy":"product_brand","embeddable":true,"href":"https:\/\/business.roovi.com\/fr\/wp-json\/wp\/v2\/product_brand?post=53077"},{"taxonomy":"product_cat","embeddable":true,"href":"https:\/\/business.roovi.com\/fr\/wp-json\/wp\/v2\/product_cat?post=53077"},{"taxonomy":"product_tag","embeddable":true,"href":"https:\/\/business.roovi.com\/fr\/wp-json\/wp\/v2\/product_tag?post=53077"}],"curies":[{"name":"wp","href":"https:\/\/api.w.org\/{rel}","templated":true}]}}