{"id":53117,"date":"2018-04-16T10:56:17","date_gmt":"2018-04-16T10:56:17","guid":{"rendered":"https:\/\/business.roovi.com\/puzzle-adulti-2000-piese-pieter-bruegel-cel-batran-the-fall-of-rebel-angels\/p\/"},"modified":"2022-10-20T11:28:09","modified_gmt":"2022-10-20T11:28:09","slug":"puzzle-pieter-bruegel-the-elder-la-chute-des-anges-rebelles-puzzle-adulte-2000-pieces","status":"publish","type":"product","link":"https:\/\/business.roovi.com\/fr\/puzzle-pieter-bruegel-the-elder-la-chute-des-anges-rebelles-puzzle-adulte-2000-pieces\/p\/","title":{"rendered":"Puzzle Pieter Bruegel the Elder &#8211; La chute des anges rebelles &#8211; puzzle adulte 2000 pi\u00e8ces"},"content":{"rendered":"<p><span style=\"font-weight: 400; font-size: 14px;\">Tu as envie de faire une pause dans ta vie tr\u00e9pidante ? Assemble des puzzles de 2000 pi\u00e8ces parmi la plus grande gamme de puzzles d&rsquo;art de Roumanie et profite de moments de d\u00e9tente uniques <\/span><\/p>\n<p><span style=\"font-weight: 400; font-size: 14px;\">Nous avons pour toi d&rsquo;\u00e9tonnantes recommandations de puzzles d&rsquo;art avec des images de peintures c\u00e9l\u00e8bres. Rel\u00e8ve le d\u00e9fi et fais-toi plaisir avec les chefs-d&rsquo;\u0153uvre artistiques les plus c\u00e9l\u00e8bres en jeux de r\u00e9flexion !<\/span><\/p>\n<p><span style=\"font-weight: 400; font-size: 14px;\">Pieter Bruegel l&rsquo;Ancien &#8211; La chute des anges rebelles est un puzzle d&rsquo;art exceptionnel repr\u00e9sentant l&rsquo;image des anges d\u00e9chus bannis du ciel, men\u00e9s par Lucifer. Les anges d\u00e9chus se m\u00ealent \u00e0 d&rsquo;autres cr\u00e9atures impies qui connaissent le m\u00eame sort. La peinture offre une interpr\u00e9tation color\u00e9e du th\u00e8me biblique familier de l&rsquo;expulsion de Lucifer du paradis divin <\/span><\/p>\n<p><span style=\"font-weight: 400; font-size: 14px;\">La pl\u00e9thore de couleurs et l&rsquo;entassement des personnages constituent un d\u00e9fi pour tout amateur de jeux de r\u00e9flexion. Mais rien n&rsquo;est comparable \u00e0 la satisfaction que tu \u00e9prouves lorsque tu colles la derni\u00e8re pi\u00e8ce et que tu obtiens l&rsquo;image compl\u00e8te.<\/span><\/p>\n<p><span style=\"font-weight: 400; font-size: 14px;\">Puzzle d&rsquo;art de Pieter Bruegel l&rsquo;Ancien &#8211; La chute des anges rebelles &#8211; caract\u00e9ristiques <\/span><\/p>\n<p><span style=\"font-size: 14px;\"><strong>Taille de l&rsquo;image reconstitu\u00e9e : 96 x 68 cm <\/strong><span style=\"font-weight: 400;\">Une table basse standard peut \u00eatre utilis\u00e9e pour soutenir les pi\u00e8ces du puzzle.<\/span><\/span><\/p>\n<p><span style=\"font-size: 14px;\"><strong>Mat\u00e9riau du puzzle <\/strong><\/span><\/p>\n<p><span style=\"font-size: 14px;\"><strong>carton bleu de haute qualit\u00e9<\/strong><\/span><\/p>\n<p><span style=\"font-size: 14px;\"><strong>des mat\u00e9riaux durables et recyclables<\/strong><\/span><\/p>\n<p><span style=\"font-size: 14px;\"><strong>finition semi-brillante, couleurs vives<\/strong><\/span><\/p>\n<p><span style=\"font-size: 14px;\"><strong>Nombre de pi\u00e8ces de puzzle : 2000<\/strong><\/span><\/p>\n<p><span style=\"font-size: 14px;\"><strong>\u00c2ge recommand\u00e9 : 14+<\/strong><\/span><\/p>\n<p><span style=\"font-size: 14px;\"><strong>Jeux de puzzle &#8211; un excellent entra\u00eenement mental<\/strong><\/span><\/p>\n<p><span style=\"font-weight: 400; font-size: 14px;\">Lorsque tu travailles sur un puzzle pour adultes, tu fais faire \u00e0 ton cerveau un entra\u00eenement complet. C&rsquo;est comme aller \u00e0 la salle de sport avec lui. L&rsquo;h\u00e9misph\u00e8re droit du cerveau, qui contr\u00f4le la pens\u00e9e cr\u00e9ative et l&rsquo;intuition, et l&rsquo;h\u00e9misph\u00e8re gauche du cerveau, qui est responsable de la logique, sont tous deux impliqu\u00e9s pendant l&rsquo;activit\u00e9 d&rsquo;assemblage du jeu de puzzle.<\/span><\/p>\n<p><span style=\"font-size: 14px;\"><strong>Les jeux de puzzle t&rsquo;aident \u00e0 avoir une meilleure m\u00e9moire<\/strong><\/span><\/p>\n<p><span style=\"font-weight: 400; font-size: 14px;\">De plus, on a d\u00e9couvert que les personnes qui consacrent au moins 30 minutes par jour \u00e0 cette activit\u00e9 relaxante ont moins de risques de d\u00e9velopper la maladie d&rsquo;Alzheimer ou de perdre la m\u00e9moire plus tard dans la vie <\/span><\/p>\n<p><span style=\"font-size: 14px;\"><strong>\u00c0 propos de la peinture <\/strong><strong><em>La chute des anges rebelles<\/em><\/strong><strong> le savais-tu ?<\/strong><\/span><\/p>\n<p><span style=\"font-size: 14px;\"><span style=\"font-weight: 400;\">On pensait \u00e0 l&rsquo;origine que la peinture appartenait \u00e0 <\/span><span style=\"font-weight: 400;\">Hieronymus Bosch, un autre peintre n\u00e9erlandais <\/span><\/span><\/p>\n<p><span style=\"font-weight: 400; font-size: 14px;\">Bruegel a pris des motifs du Jugement dernier pour cr\u00e9er cette \u0153uvre.<\/span><\/p>\n<p><span style=\"font-weight: 400; font-size: 14px;\">La figure centrale du tableau est l&rsquo;archange Michel arm\u00e9 d&rsquo;une \u00e9p\u00e9e avec laquelle il vainc les anges d\u00e9chus et les cr\u00e9atures d\u00e9moniaques.<\/span><\/p>\n<p><span style=\"font-weight: 400; font-size: 14px;\">Le conflit entre le bien et le mal et le vice et la vertu sont des th\u00e8mes r\u00e9currents dans toute l&rsquo;\u0153uvre de Bruegel l&rsquo;Ancien.<\/span><\/p>\n<p><span style=\"font-weight: 400; font-size: 14px;\">La c\u00e9l\u00e8bre peinture du 16\u00e8me si\u00e8cle est une source d&rsquo;inspiration pour le 21\u00e8me si\u00e8cle. En 2016, une marque de v\u00eatements japonaise a utilis\u00e9 l&rsquo;image comme impression sur une veste de sa collection automne\/hiver.<\/span><\/p>\n<p><span style=\"font-size: 14px;\"><strong>Puzzles artistiques : 5 avantages qu&rsquo;ils te procurent<\/strong><\/span><\/p>\n<p><span style=\"font-weight: 400; font-size: 14px;\">Ils d\u00e9veloppent ta cr\u00e9ativit\u00e9 car tu te sens comme un vrai d\u00e9tective qui cherche des indices pour recr\u00e9er l&rsquo;image du puzzle artistique.<\/span><\/p>\n<p><span style=\"font-weight: 400; font-size: 14px;\">Ils t&rsquo;offrent jusqu&rsquo;\u00e0 30 heures de d\u00e9tente \u00e0 savourer avec tes proches si tu choisis de les rassembler.<\/span><\/p>\n<p><span style=\"font-weight: 400; font-size: 14px;\">Elle \u00e9veille ta curiosit\u00e9 pour les valeurs artistiques, car lorsque tu d\u00e9couvres un merveilleux tableau, tu veux en savoir plus sur son auteur et sur l&rsquo;\u0153uvre que tu recr\u00e9es.<\/span><\/p>\n<p><span style=\"font-weight: 400; font-size: 14px;\">Il te donne l&rsquo;occasion de cr\u00e9er de tes propres mains une peinture d&rsquo;art sous forme de puzzle de 2 000 pi\u00e8ces.<\/span><\/p>\n<p><span style=\"font-weight: 400; font-size: 14px;\">Il d\u00e9veloppe tes comp\u00e9tences en mati\u00e8re de cr\u00e9ation de puzzles que tu pourras montrer \u00e0 tes amis avec qui tu partages la m\u00eame passion.<\/span><\/p>\n<p><span style=\"font-weight: 400; font-size: 14px;\">Retravailler un c\u00e9l\u00e8bre th\u00e8me biblique \u00e0 partir d&rsquo;un puzzle de 2000 pi\u00e8ces est un plaisir unique. Ach\u00e8te le puzzle d&rsquo;art de Pieter Bruegel l&rsquo;Ancien &#8211; La chute des anges rebelles et fais l&rsquo;exp\u00e9rience d&rsquo;une grande activit\u00e9 de d\u00e9tente. D\u00e9couvre toutes les \u00e9nigmes artistiques avec des images de la dynastie Bruegel et cr\u00e9e ta propre collection d&rsquo;art incroyable \u00e0 partir de jeux de r\u00e9flexion.<\/span><\/p>\n<p><span style=\"font-weight: 400; font-size: 14px;\">Le puzzle d&rsquo;art Pieter Bruegel the Elder &#8211; Fall of the Rebel Angels est un cadeau appropri\u00e9 pour les amateurs d&rsquo;art ou les adultes passionn\u00e9s de puzzle.<\/span><\/p>\n","protected":false},"excerpt":{"rendered":"<p>Tu as envie de faire une pause dans ta vie tr\u00e9pidante ? Assemble des puzzles de 2000 pi\u00e8ces parmi la<\/p>\n","protected":false},"featured_media":58947,"template":"","meta":[],"product_brand":[],"product_cat":[2314,2384,2315],"product_tag":[],"class_list":{"0":"post-53117","1":"product","2":"type-product","3":"status-publish","4":"has-post-thumbnail","6":"product_cat-puzzles-fr","7":"product_cat-puzzles-de-2000-pieces","8":"product_cat-puzzles-pour-adultes","9":"pa_bax-10-fr","10":"pa_brand-d_toys-fr","11":"pa_country_of_manufacture-ro-fr","12":"pa_filter_age-14-fr","13":"pa_painter-pieterbreugeltheelder-fr","14":"pa_tip_ambalaj-boite","15":"pa_tip_puzzle-classique","17":"first","18":"instock","19":"taxable","20":"shipping-taxable","21":"product-type-simple"},"yoast_head":"<!-- This site is optimized with the Yoast SEO plugin v20.1 - https:\/\/yoast.com\/wordpress\/plugins\/seo\/ -->\n<title>Puzzle Pieter Bruegel the Elder - La chute des anges rebelles - puzzle adulte 2000 pi\u00e8ces<\/title>\n<meta name=\"description\" content=\"Puzzle Pieter Bruegel the Elder - La chute des anges rebelles - puzzle adulte 2000 pi\u00e8ces\" \/>\n<meta name=\"robots\" content=\"index, follow, max-snippet:-1, max-image-preview:large, max-video-preview:-1\" \/>\n<link rel=\"canonical\" href=\"https:\/\/business.roovi.com\/fr\/puzzle-pieter-bruegel-the-elder-la-chute-des-anges-rebelles-puzzle-adulte-2000-pieces\/p\/\" \/>\n<meta property=\"og:locale\" content=\"fr_FR\" \/>\n<meta property=\"og:type\" content=\"article\" \/>\n<meta property=\"og:title\" content=\"Puzzle Pieter Bruegel the Elder - La chute des anges rebelles - puzzle adulte 2000 pi\u00e8ces\" \/>\n<meta property=\"og:description\" content=\"Puzzle Pieter Bruegel the Elder - La chute des anges rebelles - puzzle adulte 2000 pi\u00e8ces\" \/>\n<meta property=\"og:url\" content=\"https:\/\/business.roovi.com\/fr\/puzzle-pieter-bruegel-the-elder-la-chute-des-anges-rebelles-puzzle-adulte-2000-pieces\/p\/\" \/>\n<meta property=\"og:site_name\" content=\"Roovi B2B\" \/>\n<meta property=\"article:publisher\" content=\"https:\/\/www.facebook.com\/wwwjucariero\" \/>\n<meta property=\"article:modified_time\" content=\"2022-10-20T11:28:09+00:00\" \/>\n<meta property=\"og:image\" content=\"https:\/\/business.roovi.com\/wp-content\/uploads\/2018\/04\/01_MAIN-8.jpg\" \/>\n\t<meta property=\"og:image:width\" content=\"1200\" \/>\n\t<meta property=\"og:image:height\" content=\"1200\" \/>\n\t<meta property=\"og:image:type\" content=\"image\/jpeg\" \/>\n<meta name=\"twitter:label1\" content=\"Dur\u00e9e de lecture estim\u00e9e\" \/>\n\t<meta name=\"twitter:data1\" content=\"4 minutes\" \/>\n<script type=\"application\/ld+json\" class=\"yoast-schema-graph\">{\"@context\":\"https:\/\/schema.org\",\"@graph\":[{\"@type\":\"WebPage\",\"@id\":\"https:\/\/business.roovi.com\/fr\/puzzle-pieter-bruegel-the-elder-la-chute-des-anges-rebelles-puzzle-adulte-2000-pieces\/p\/\",\"url\":\"https:\/\/business.roovi.com\/fr\/puzzle-pieter-bruegel-the-elder-la-chute-des-anges-rebelles-puzzle-adulte-2000-pieces\/p\/\",\"name\":\"Puzzle Pieter Bruegel the Elder - La chute des anges rebelles - puzzle adulte 2000 pi\u00e8ces\",\"isPartOf\":{\"@id\":\"https:\/\/business.roovi.com\/fr\/#website\"},\"datePublished\":\"2018-04-16T10:56:17+00:00\",\"dateModified\":\"2022-10-20T11:28:09+00:00\",\"description\":\"Puzzle Pieter Bruegel the Elder - La chute des anges rebelles - puzzle adulte 2000 pi\u00e8ces\",\"breadcrumb\":{\"@id\":\"https:\/\/business.roovi.com\/fr\/puzzle-pieter-bruegel-the-elder-la-chute-des-anges-rebelles-puzzle-adulte-2000-pieces\/p\/#breadcrumb\"},\"inLanguage\":\"fr-FR\",\"potentialAction\":[{\"@type\":\"ReadAction\",\"target\":[\"https:\/\/business.roovi.com\/fr\/puzzle-pieter-bruegel-the-elder-la-chute-des-anges-rebelles-puzzle-adulte-2000-pieces\/p\/\"]}]},{\"@type\":\"BreadcrumbList\",\"@id\":\"https:\/\/business.roovi.com\/fr\/puzzle-pieter-bruegel-the-elder-la-chute-des-anges-rebelles-puzzle-adulte-2000-pieces\/p\/#breadcrumb\",\"itemListElement\":[{\"@type\":\"ListItem\",\"position\":1,\"name\":\"Home\",\"item\":\"https:\/\/business.roovi.com\/fr\/\"},{\"@type\":\"ListItem\",\"position\":2,\"name\":\"Boutique\",\"item\":\"https:\/\/business.roovi.com\/fr\/boutique\/\"},{\"@type\":\"ListItem\",\"position\":3,\"name\":\"Puzzle Pieter Bruegel the Elder &#8211; La chute des anges rebelles &#8211; puzzle adulte 2000 pi\u00e8ces\"}]},{\"@type\":\"WebSite\",\"@id\":\"https:\/\/business.roovi.com\/fr\/#website\",\"url\":\"https:\/\/business.roovi.com\/fr\/\",\"name\":\"Roovi B2B\",\"description\":\"Roovi Business Website\",\"potentialAction\":[{\"@type\":\"SearchAction\",\"target\":{\"@type\":\"EntryPoint\",\"urlTemplate\":\"https:\/\/business.roovi.com\/fr\/?s={search_term_string}\"},\"query-input\":\"required name=search_term_string\"}],\"inLanguage\":\"fr-FR\"}]}<\/script>\n<!-- \/ Yoast SEO plugin. -->","yoast_head_json":{"title":"Puzzle Pieter Bruegel the Elder - La chute des anges rebelles - puzzle adulte 2000 pi\u00e8ces","description":"Puzzle Pieter Bruegel the Elder - La chute des anges rebelles - puzzle adulte 2000 pi\u00e8ces","robots":{"index":"index","follow":"follow","max-snippet":"max-snippet:-1","max-image-preview":"max-image-preview:large","max-video-preview":"max-video-preview:-1"},"canonical":"https:\/\/business.roovi.com\/fr\/puzzle-pieter-bruegel-the-elder-la-chute-des-anges-rebelles-puzzle-adulte-2000-pieces\/p\/","og_locale":"fr_FR","og_type":"article","og_title":"Puzzle Pieter Bruegel the Elder - La chute des anges rebelles - puzzle adulte 2000 pi\u00e8ces","og_description":"Puzzle Pieter Bruegel the Elder - La chute des anges rebelles - puzzle adulte 2000 pi\u00e8ces","og_url":"https:\/\/business.roovi.com\/fr\/puzzle-pieter-bruegel-the-elder-la-chute-des-anges-rebelles-puzzle-adulte-2000-pieces\/p\/","og_site_name":"Roovi B2B","article_publisher":"https:\/\/www.facebook.com\/wwwjucariero","article_modified_time":"2022-10-20T11:28:09+00:00","og_image":[{"width":1200,"height":1200,"url":"https:\/\/business.roovi.com\/wp-content\/uploads\/2018\/04\/01_MAIN-8.jpg","type":"image\/jpeg"}],"twitter_misc":{"Dur\u00e9e de lecture estim\u00e9e":"4 minutes"},"schema":{"@context":"https:\/\/schema.org","@graph":[{"@type":"WebPage","@id":"https:\/\/business.roovi.com\/fr\/puzzle-pieter-bruegel-the-elder-la-chute-des-anges-rebelles-puzzle-adulte-2000-pieces\/p\/","url":"https:\/\/business.roovi.com\/fr\/puzzle-pieter-bruegel-the-elder-la-chute-des-anges-rebelles-puzzle-adulte-2000-pieces\/p\/","name":"Puzzle Pieter Bruegel the Elder - La chute des anges rebelles - puzzle adulte 2000 pi\u00e8ces","isPartOf":{"@id":"https:\/\/business.roovi.com\/fr\/#website"},"datePublished":"2018-04-16T10:56:17+00:00","dateModified":"2022-10-20T11:28:09+00:00","description":"Puzzle Pieter Bruegel the Elder - La chute des anges rebelles - puzzle adulte 2000 pi\u00e8ces","breadcrumb":{"@id":"https:\/\/business.roovi.com\/fr\/puzzle-pieter-bruegel-the-elder-la-chute-des-anges-rebelles-puzzle-adulte-2000-pieces\/p\/#breadcrumb"},"inLanguage":"fr-FR","potentialAction":[{"@type":"ReadAction","target":["https:\/\/business.roovi.com\/fr\/puzzle-pieter-bruegel-the-elder-la-chute-des-anges-rebelles-puzzle-adulte-2000-pieces\/p\/"]}]},{"@type":"BreadcrumbList","@id":"https:\/\/business.roovi.com\/fr\/puzzle-pieter-bruegel-the-elder-la-chute-des-anges-rebelles-puzzle-adulte-2000-pieces\/p\/#breadcrumb","itemListElement":[{"@type":"ListItem","position":1,"name":"Home","item":"https:\/\/business.roovi.com\/fr\/"},{"@type":"ListItem","position":2,"name":"Boutique","item":"https:\/\/business.roovi.com\/fr\/boutique\/"},{"@type":"ListItem","position":3,"name":"Puzzle Pieter Bruegel the Elder &#8211; La chute des anges rebelles &#8211; puzzle adulte 2000 pi\u00e8ces"}]},{"@type":"WebSite","@id":"https:\/\/business.roovi.com\/fr\/#website","url":"https:\/\/business.roovi.com\/fr\/","name":"Roovi B2B","description":"Roovi Business Website","potentialAction":[{"@type":"SearchAction","target":{"@type":"EntryPoint","urlTemplate":"https:\/\/business.roovi.com\/fr\/?s={search_term_string}"},"query-input":"required name=search_term_string"}],"inLanguage":"fr-FR"}]}},"_links":{"self":[{"href":"https:\/\/business.roovi.com\/fr\/wp-json\/wp\/v2\/product\/53117","targetHints":{"allow":["GET"]}}],"collection":[{"href":"https:\/\/business.roovi.com\/fr\/wp-json\/wp\/v2\/product"}],"about":[{"href":"https:\/\/business.roovi.com\/fr\/wp-json\/wp\/v2\/types\/product"}],"version-history":[{"count":0,"href":"https:\/\/business.roovi.com\/fr\/wp-json\/wp\/v2\/product\/53117\/revisions"}],"wp:featuredmedia":[{"embeddable":true,"href":"https:\/\/business.roovi.com\/fr\/wp-json\/wp\/v2\/media\/58947"}],"wp:attachment":[{"href":"https:\/\/business.roovi.com\/fr\/wp-json\/wp\/v2\/media?parent=53117"}],"wp:term":[{"taxonomy":"product_brand","embeddable":true,"href":"https:\/\/business.roovi.com\/fr\/wp-json\/wp\/v2\/product_brand?post=53117"},{"taxonomy":"product_cat","embeddable":true,"href":"https:\/\/business.roovi.com\/fr\/wp-json\/wp\/v2\/product_cat?post=53117"},{"taxonomy":"product_tag","embeddable":true,"href":"https:\/\/business.roovi.com\/fr\/wp-json\/wp\/v2\/product_tag?post=53117"}],"curies":[{"name":"wp","href":"https:\/\/api.w.org\/{rel}","templated":true}]}}