{"id":53120,"date":"2018-04-16T10:56:17","date_gmt":"2018-04-16T10:56:17","guid":{"rendered":"https:\/\/business.roovi.com\/puzzle-adulti-2000-piese-john-william-waterhouse-ulysses-and-the-sirens\/p\/"},"modified":"2022-10-20T11:40:44","modified_gmt":"2022-10-20T11:40:44","slug":"puzzle-adulte-2000-pieces-john-william-waterhouse-ulysse-et-les-sirenes","status":"publish","type":"product","link":"https:\/\/business.roovi.com\/fr\/puzzle-adulte-2000-pieces-john-william-waterhouse-ulysse-et-les-sirenes\/p\/","title":{"rendered":"Puzzle adulte 2000 pi\u00e8ces John William Waterhouse &#8211; Ulysse et les sir\u00e8nes"},"content":{"rendered":"<p><span style=\"font-weight: 400;\">Tu veux un d\u00e9fi vraiment, vraiment difficile ? Arrange 2000 pi\u00e8ces d&rsquo;un puzzle d&rsquo;art et cr\u00e9e une peinture \u00e9tonnante. Fais appel \u00e0 ta bande d&rsquo;amis et transforme les heures ennuyeuses en temps de qualit\u00e9 avec tes proches.<\/span><\/p>\n<p><span style=\"font-weight: 400;\">Le puzzle de 2000 pi\u00e8ces de John William Waterhouse &#8211; Ulysse et les Sir\u00e8nes t&rsquo;aide \u00e0 d\u00e9couvrir la beaut\u00e9 et la sophistication du courant pr\u00e9rapha\u00e9lite. La peinture de Waterhouse c\u00e9l\u00e8bre le savoir-faire consomm\u00e9 de l&rsquo;artiste renomm\u00e9. L&rsquo;\u0153uvre a connu un \u00e9norme succ\u00e8s depuis sa premi\u00e8re pr\u00e9sentation publique en 1891 <\/span><\/p>\n<p><span style=\"font-weight: 400;\">L&rsquo;image repr\u00e9sente un \u00e9pisode des voyages du h\u00e9ros grec Ulysse tels qu&rsquo;ils sont racont\u00e9s dans l&rsquo;Odyss\u00e9e d&rsquo;Hom\u00e8re. Les sir\u00e8nes tentent d&rsquo;attirer l&rsquo;\u00e9quipage d&rsquo;Ulysse dans les eaux de la mort avec leurs chants enchanteurs. Ulysse veut les entendre et pour \u00e9viter de les suivre, il prend la d\u00e9cision de s&rsquo;attacher au m\u00e2t.<\/span><\/p>\n<p><span style=\"font-weight: 400;\">R\u00e9soudre ce puzzle de 2000 pi\u00e8ces Ulysse et les Sir\u00e8nes, c&rsquo;est comme lire un chapitre fascinant de l&rsquo;Odyss\u00e9e d&rsquo;Hom\u00e8re. Rel\u00e8ve le d\u00e9fi et cr\u00e9e \u00e0 partir d&rsquo;un puzzle artistique une sc\u00e8ne \u00e9tonnante.<\/span><\/p>\n<p><span style=\"font-weight: 400;\">Tu peux utiliser une table basse standard pour l&rsquo;assemblage. Les dimensions de l&rsquo;image reconstruite sont de 96 x 68 cm. Tu trouveras plus d&rsquo;informations sur le puzzle de 2000 pi\u00e8ces John William Waterhouse &#8211; Ulysse et les Sir\u00e8nes ci-dessous :<\/span><\/p>\n<p><strong>Mat\u00e9riau du puzzle <\/strong><\/p>\n<p><strong>carton bleu de haute qualit\u00e9<\/strong><\/p>\n<p><strong>des mat\u00e9riaux durables et recyclables<\/strong><\/p>\n<p><strong>finition semi-brillante, couleurs vives<\/strong><\/p>\n<p><strong>Nombre de pi\u00e8ces de puzzle : 2000<\/strong><\/p>\n<p><strong>\u00c2ge recommand\u00e9 : 14+<\/strong><\/p>\n<p><strong>3 signes que tu es pr\u00eate \u00e0 t&rsquo;attaquer \u00e0 un puzzle de 2000 pi\u00e8ces<\/strong><\/p>\n<p><span style=\"font-weight: 400;\">Tu as encore des doutes sur le fait de t&rsquo;attaquer \u00e0 un puzzle de 2000 pi\u00e8ces ? Si tu reconnais les 3 signes ci-dessous, alors tu es pr\u00eat \u00e0 faire passer les jeux de r\u00e9flexion au niveau sup\u00e9rieur :<\/span><\/p>\n<p><strong>Tu as d\u00e9j\u00e0 r\u00e9solu de nombreux puzzles de 1000 pi\u00e8ces <\/strong><span style=\"font-weight: 400;\">Si<\/span> <span style=\"font-weight: 400;\">si tu as d\u00e9j\u00e0 de l&rsquo;exp\u00e9rience dans l&rsquo;assemblage de puzzles de 1000 pi\u00e8ces que tu r\u00e9sous facilement et que tu ne les trouves plus inachevables, tu peux prendre courage et t&rsquo;aventurer \u00e0 compl\u00e9ter ton premier puzzle de 2000 pi\u00e8ces.<\/span><\/p>\n<p><strong>Tu es un ma\u00eetre strat\u00e8ge.<\/strong><span style=\"font-weight: 400;\"> Aimes-tu \u00e9tablir des strat\u00e9gies et trouver les meilleures fa\u00e7ons de compl\u00e9ter le cadre du puzzle ? D\u00e8s que le cadre est pr\u00eat, trouves-tu facilement les bonnes pi\u00e8ces et composes-tu les 1000 images du puzzle sans difficult\u00e9 ? Il est ensuite temps de relever un nouveau d\u00e9fi : le puzzle 2000 pi\u00e8ces.<\/span><\/p>\n<p><strong>Tu as une patience de fer et rien ne peut te distraire de ton objectif.<\/strong><span style=\"font-weight: 400;\"> Tu as longuement entra\u00een\u00e9 ta patience et ta concentration, et tu r\u00e9coltes maintenant les fruits de tes comp\u00e9tences pointues. Tu trouves qu&rsquo;il est facile de r\u00e9soudre un puzzle de 1000 pi\u00e8ces et tu sens que tu peux faire plus ? Puzzle 2000 pi\u00e8ces fait passer ta passion pour les puzzles au niveau sup\u00e9rieur.<\/span><\/p>\n<p><strong>Tu savais que&#8230; ?<\/strong><\/p>\n<p><span style=\"font-weight: 400;\">La repr\u00e9sentation des sir\u00e8nes \u00e9tait l&rsquo;aspect le plus controvers\u00e9 de la peinture de Waterhouse ? Pour l&rsquo;\u00e9poque victorienne, les sir\u00e8nes ail\u00e9es \u00e9taient une surprise. Ils s&rsquo;attendaient \u00e0 voir des nymphes molles, comme c&rsquo;\u00e9tait le style de l&rsquo;\u00e9poque.<\/span><\/p>\n<p><span style=\"font-weight: 400;\">Apparemment, le motif de la sir\u00e8ne ail\u00e9e a \u00e9t\u00e9 repris par l&rsquo;artiste \u00e0 partir de vaisseaux grecs classiques.<\/span><\/p>\n<p><span style=\"font-weight: 400;\">John William Waterhouse est n\u00e9 \u00e0 Rome mais a v\u00e9cu en Grande-Bretagne toute sa vie.<\/span><\/p>\n<p><span style=\"font-weight: 400;\">L&rsquo;artiste est c\u00e9l\u00e8bre pour ses peintures de th\u00e8mes de la mythologie grecque et des l\u00e9gendes du roi Arthur.<\/span><\/p>\n<p><span style=\"font-weight: 400;\">La date exacte de sa naissance n&rsquo;est pas connue. Cependant, on sait qu&rsquo;il a \u00e9t\u00e9 baptis\u00e9 le 6 avril 1849.<\/span><\/p>\n<p><strong>Casse-t\u00eate artistique de John William Waterhouse &#8211; Ulysse et les sir\u00e8nes pour une relaxation profonde<\/strong><\/p>\n<p><span style=\"font-weight: 400;\">Les effets des jeux de r\u00e9flexion sur la sant\u00e9 mentale sont ind\u00e9niables. Cette activit\u00e9 impliquant une patience de fer et une concentration maximale t&rsquo;aide \u00e0 te d\u00e9tendre profond\u00e9ment. Les effets de l&rsquo;assemblage de l&rsquo;image du puzzle de 2000 pi\u00e8ces sont similaires \u00e0 ceux de la m\u00e9ditation.<\/span><\/p>\n<p><span style=\"font-weight: 400;\">Ton esprit se lib\u00e8re des soucis quotidiens et se concentre sur une seule t\u00e2che : recr\u00e9er l&rsquo;image d&rsquo;art dans le puzzle de 2000 pi\u00e8ces. Lorsque tu poses la derni\u00e8re pi\u00e8ce du puzzle, tu \u00e9prouves un sentiment unique de satisfaction int\u00e9rieure. En outre, tu te sens plus optimiste et de tr\u00e8s bonne humeur.<\/span><\/p>\n<p><span style=\"font-weight: 400;\">Choisis ce fascinant puzzle artistique Ulysse et les sir\u00e8nes et compl\u00e8te le tableau avec tes meilleurs amis. Organise des soir\u00e9es casse-t\u00eate et connecte-toi vraiment avec les personnes les plus ch\u00e8res de ta vie.<\/span><\/p>\n<p><span style=\"font-weight: 400;\">Si tu veux passer de nombreuses heures de d\u00e9tente, le puzzle de 2000 pi\u00e8ces de John William Waterhouse &#8211; Ulysse et les sir\u00e8nes est le choix id\u00e9al. Tu veux que tes amis se souviennent de toi ? Offre-leur un cadeau qui mettra s\u00e9rieusement \u00e0 l&rsquo;\u00e9preuve leur sens du d\u00e9tail et leur patience : le puzzle artistique John William Waterhouse &#8211; Ulysse et les sir\u00e8nes !<\/span><\/p>\n","protected":false},"excerpt":{"rendered":"<p>Tu veux un d\u00e9fi vraiment, vraiment difficile ? Arrange 2000 pi\u00e8ces d&rsquo;un puzzle d&rsquo;art et cr\u00e9e une peinture \u00e9tonnante. Fais<\/p>\n","protected":false},"featured_media":58958,"template":"","meta":[],"product_brand":[],"product_cat":[2314,2384,2315],"product_tag":[],"class_list":{"0":"post-53120","1":"product","2":"type-product","3":"status-publish","4":"has-post-thumbnail","6":"product_cat-puzzles-fr","7":"product_cat-puzzles-de-2000-pieces","8":"product_cat-puzzles-pour-adultes","9":"pa_bax-10-fr","10":"pa_brand-d_toys-fr","11":"pa_country_of_manufacture-ro-fr","12":"pa_filter_age-14-fr","13":"pa_painter-johnwilliamwaterhouse-fr","14":"pa_tip_ambalaj-boite","15":"pa_tip_puzzle-classique","17":"first","18":"instock","19":"taxable","20":"shipping-taxable","21":"product-type-simple"},"yoast_head":"<!-- This site is optimized with the Yoast SEO plugin v20.1 - https:\/\/yoast.com\/wordpress\/plugins\/seo\/ -->\n<title>Puzzle adulte 2000 pi\u00e8ces John William Waterhouse - Ulysse et les sir\u00e8nes<\/title>\n<meta name=\"description\" content=\"Puzzle adulte 2000 pi\u00e8ces John William Waterhouse - Ulysse et les sir\u00e8nes\" \/>\n<meta name=\"robots\" content=\"index, follow, max-snippet:-1, max-image-preview:large, max-video-preview:-1\" \/>\n<link rel=\"canonical\" href=\"https:\/\/business.roovi.com\/fr\/puzzle-adulte-2000-pieces-john-william-waterhouse-ulysse-et-les-sirenes\/p\/\" \/>\n<meta property=\"og:locale\" content=\"fr_FR\" \/>\n<meta property=\"og:type\" content=\"article\" \/>\n<meta property=\"og:title\" content=\"Puzzle adulte 2000 pi\u00e8ces John William Waterhouse - Ulysse et les sir\u00e8nes\" \/>\n<meta property=\"og:description\" content=\"Puzzle adulte 2000 pi\u00e8ces John William Waterhouse - Ulysse et les sir\u00e8nes\" \/>\n<meta property=\"og:url\" content=\"https:\/\/business.roovi.com\/fr\/puzzle-adulte-2000-pieces-john-william-waterhouse-ulysse-et-les-sirenes\/p\/\" \/>\n<meta property=\"og:site_name\" content=\"Roovi B2B\" \/>\n<meta property=\"article:publisher\" content=\"https:\/\/www.facebook.com\/wwwjucariero\" \/>\n<meta property=\"article:modified_time\" content=\"2022-10-20T11:40:44+00:00\" \/>\n<meta property=\"og:image\" content=\"https:\/\/business.roovi.com\/wp-content\/uploads\/2018\/04\/01_MAIN-9.jpg\" \/>\n\t<meta property=\"og:image:width\" content=\"1200\" \/>\n\t<meta property=\"og:image:height\" content=\"1200\" \/>\n\t<meta property=\"og:image:type\" content=\"image\/jpeg\" \/>\n<meta name=\"twitter:label1\" content=\"Dur\u00e9e de lecture estim\u00e9e\" \/>\n\t<meta name=\"twitter:data1\" content=\"5 minutes\" \/>\n<script type=\"application\/ld+json\" class=\"yoast-schema-graph\">{\"@context\":\"https:\/\/schema.org\",\"@graph\":[{\"@type\":\"WebPage\",\"@id\":\"https:\/\/business.roovi.com\/fr\/puzzle-adulte-2000-pieces-john-william-waterhouse-ulysse-et-les-sirenes\/p\/\",\"url\":\"https:\/\/business.roovi.com\/fr\/puzzle-adulte-2000-pieces-john-william-waterhouse-ulysse-et-les-sirenes\/p\/\",\"name\":\"Puzzle adulte 2000 pi\u00e8ces John William Waterhouse - Ulysse et les sir\u00e8nes\",\"isPartOf\":{\"@id\":\"https:\/\/business.roovi.com\/fr\/#website\"},\"datePublished\":\"2018-04-16T10:56:17+00:00\",\"dateModified\":\"2022-10-20T11:40:44+00:00\",\"description\":\"Puzzle adulte 2000 pi\u00e8ces John William Waterhouse - Ulysse et les sir\u00e8nes\",\"breadcrumb\":{\"@id\":\"https:\/\/business.roovi.com\/fr\/puzzle-adulte-2000-pieces-john-william-waterhouse-ulysse-et-les-sirenes\/p\/#breadcrumb\"},\"inLanguage\":\"fr-FR\",\"potentialAction\":[{\"@type\":\"ReadAction\",\"target\":[\"https:\/\/business.roovi.com\/fr\/puzzle-adulte-2000-pieces-john-william-waterhouse-ulysse-et-les-sirenes\/p\/\"]}]},{\"@type\":\"BreadcrumbList\",\"@id\":\"https:\/\/business.roovi.com\/fr\/puzzle-adulte-2000-pieces-john-william-waterhouse-ulysse-et-les-sirenes\/p\/#breadcrumb\",\"itemListElement\":[{\"@type\":\"ListItem\",\"position\":1,\"name\":\"Home\",\"item\":\"https:\/\/business.roovi.com\/fr\/\"},{\"@type\":\"ListItem\",\"position\":2,\"name\":\"Boutique\",\"item\":\"https:\/\/business.roovi.com\/fr\/boutique\/\"},{\"@type\":\"ListItem\",\"position\":3,\"name\":\"Puzzle adulte 2000 pi\u00e8ces John William Waterhouse &#8211; Ulysse et les sir\u00e8nes\"}]},{\"@type\":\"WebSite\",\"@id\":\"https:\/\/business.roovi.com\/fr\/#website\",\"url\":\"https:\/\/business.roovi.com\/fr\/\",\"name\":\"Roovi B2B\",\"description\":\"Roovi Business Website\",\"potentialAction\":[{\"@type\":\"SearchAction\",\"target\":{\"@type\":\"EntryPoint\",\"urlTemplate\":\"https:\/\/business.roovi.com\/fr\/?s={search_term_string}\"},\"query-input\":\"required name=search_term_string\"}],\"inLanguage\":\"fr-FR\"}]}<\/script>\n<!-- \/ Yoast SEO plugin. -->","yoast_head_json":{"title":"Puzzle adulte 2000 pi\u00e8ces John William Waterhouse - Ulysse et les sir\u00e8nes","description":"Puzzle adulte 2000 pi\u00e8ces John William Waterhouse - Ulysse et les sir\u00e8nes","robots":{"index":"index","follow":"follow","max-snippet":"max-snippet:-1","max-image-preview":"max-image-preview:large","max-video-preview":"max-video-preview:-1"},"canonical":"https:\/\/business.roovi.com\/fr\/puzzle-adulte-2000-pieces-john-william-waterhouse-ulysse-et-les-sirenes\/p\/","og_locale":"fr_FR","og_type":"article","og_title":"Puzzle adulte 2000 pi\u00e8ces John William Waterhouse - Ulysse et les sir\u00e8nes","og_description":"Puzzle adulte 2000 pi\u00e8ces John William Waterhouse - Ulysse et les sir\u00e8nes","og_url":"https:\/\/business.roovi.com\/fr\/puzzle-adulte-2000-pieces-john-william-waterhouse-ulysse-et-les-sirenes\/p\/","og_site_name":"Roovi B2B","article_publisher":"https:\/\/www.facebook.com\/wwwjucariero","article_modified_time":"2022-10-20T11:40:44+00:00","og_image":[{"width":1200,"height":1200,"url":"https:\/\/business.roovi.com\/wp-content\/uploads\/2018\/04\/01_MAIN-9.jpg","type":"image\/jpeg"}],"twitter_misc":{"Dur\u00e9e de lecture estim\u00e9e":"5 minutes"},"schema":{"@context":"https:\/\/schema.org","@graph":[{"@type":"WebPage","@id":"https:\/\/business.roovi.com\/fr\/puzzle-adulte-2000-pieces-john-william-waterhouse-ulysse-et-les-sirenes\/p\/","url":"https:\/\/business.roovi.com\/fr\/puzzle-adulte-2000-pieces-john-william-waterhouse-ulysse-et-les-sirenes\/p\/","name":"Puzzle adulte 2000 pi\u00e8ces John William Waterhouse - Ulysse et les sir\u00e8nes","isPartOf":{"@id":"https:\/\/business.roovi.com\/fr\/#website"},"datePublished":"2018-04-16T10:56:17+00:00","dateModified":"2022-10-20T11:40:44+00:00","description":"Puzzle adulte 2000 pi\u00e8ces John William Waterhouse - Ulysse et les sir\u00e8nes","breadcrumb":{"@id":"https:\/\/business.roovi.com\/fr\/puzzle-adulte-2000-pieces-john-william-waterhouse-ulysse-et-les-sirenes\/p\/#breadcrumb"},"inLanguage":"fr-FR","potentialAction":[{"@type":"ReadAction","target":["https:\/\/business.roovi.com\/fr\/puzzle-adulte-2000-pieces-john-william-waterhouse-ulysse-et-les-sirenes\/p\/"]}]},{"@type":"BreadcrumbList","@id":"https:\/\/business.roovi.com\/fr\/puzzle-adulte-2000-pieces-john-william-waterhouse-ulysse-et-les-sirenes\/p\/#breadcrumb","itemListElement":[{"@type":"ListItem","position":1,"name":"Home","item":"https:\/\/business.roovi.com\/fr\/"},{"@type":"ListItem","position":2,"name":"Boutique","item":"https:\/\/business.roovi.com\/fr\/boutique\/"},{"@type":"ListItem","position":3,"name":"Puzzle adulte 2000 pi\u00e8ces John William Waterhouse &#8211; Ulysse et les sir\u00e8nes"}]},{"@type":"WebSite","@id":"https:\/\/business.roovi.com\/fr\/#website","url":"https:\/\/business.roovi.com\/fr\/","name":"Roovi B2B","description":"Roovi Business Website","potentialAction":[{"@type":"SearchAction","target":{"@type":"EntryPoint","urlTemplate":"https:\/\/business.roovi.com\/fr\/?s={search_term_string}"},"query-input":"required name=search_term_string"}],"inLanguage":"fr-FR"}]}},"_links":{"self":[{"href":"https:\/\/business.roovi.com\/fr\/wp-json\/wp\/v2\/product\/53120","targetHints":{"allow":["GET"]}}],"collection":[{"href":"https:\/\/business.roovi.com\/fr\/wp-json\/wp\/v2\/product"}],"about":[{"href":"https:\/\/business.roovi.com\/fr\/wp-json\/wp\/v2\/types\/product"}],"version-history":[{"count":0,"href":"https:\/\/business.roovi.com\/fr\/wp-json\/wp\/v2\/product\/53120\/revisions"}],"wp:featuredmedia":[{"embeddable":true,"href":"https:\/\/business.roovi.com\/fr\/wp-json\/wp\/v2\/media\/58958"}],"wp:attachment":[{"href":"https:\/\/business.roovi.com\/fr\/wp-json\/wp\/v2\/media?parent=53120"}],"wp:term":[{"taxonomy":"product_brand","embeddable":true,"href":"https:\/\/business.roovi.com\/fr\/wp-json\/wp\/v2\/product_brand?post=53120"},{"taxonomy":"product_cat","embeddable":true,"href":"https:\/\/business.roovi.com\/fr\/wp-json\/wp\/v2\/product_cat?post=53120"},{"taxonomy":"product_tag","embeddable":true,"href":"https:\/\/business.roovi.com\/fr\/wp-json\/wp\/v2\/product_tag?post=53120"}],"curies":[{"name":"wp","href":"https:\/\/api.w.org\/{rel}","templated":true}]}}