{"id":53125,"date":"2018-04-16T10:56:17","date_gmt":"2018-04-16T10:56:17","guid":{"rendered":"https:\/\/business.roovi.com\/puzzle-adulti-1000-piese-kurti-andrea-snow-whitealba-ca-zapada\/p\/"},"modified":"2022-07-13T10:23:08","modified_gmt":"2022-07-13T10:23:08","slug":"kurti-andrea-puzzle-1000-pieces-pour-adultes-blanche-neige","status":"publish","type":"product","link":"https:\/\/business.roovi.com\/fr\/kurti-andrea-puzzle-1000-pieces-pour-adultes-blanche-neige\/p\/","title":{"rendered":"K\u00fcrti Andrea Puzzle 1000 pi\u00e8ces pour adultes &#8211; Blanche-Neige"},"content":{"rendered":"<p><span style=\"font-weight: 400;\">Tu es fascin\u00e9 par les histoires et tu es un passionn\u00e9 de jeux de r\u00e9flexion ? Nous avons la combinaison id\u00e9ale pour toi : le puzzle de 1000 pi\u00e8ces de Blanche-Neige avec une superbe illustration de l&rsquo;artiste K\u00fcrti Andrea.<\/span><\/p>\n<p><span style=\"font-weight: 400;\">Revivez la magie de l&rsquo;histoire classique de l&rsquo;enfance en terminant ce jeu de puzzle \u00e9tonnant. Si tu aimes les puzzles pour adultes avec des d\u00e9tails complexes et des images magnifiquement con\u00e7ues, tu appr\u00e9cieras d&rsquo;autant plus ce puzzle de 1000 pi\u00e8ces.<\/span><\/p>\n<p><span style=\"font-weight: 400;\">Cela peut \u00eatre l&rsquo;occasion parfaite de passer du temps de qualit\u00e9 avec tes enfants adolescents. Garde s\u00fbrement la nostalgie de ton enfance lorsque tu leur as fait d\u00e9couvrir l&rsquo;histoire de Blanche-Neige. Tu as maintenant la possibilit\u00e9 de recr\u00e9er ensemble l&rsquo;histoire du puzzle de 1000 pi\u00e8ces. \u00c0 la fin, tu auras une photo fascinante que tu pourras encadrer et ch\u00e9rir \u00e0 jamais les souvenirs de moments heureux pass\u00e9s ensemble.<\/span><\/p>\n<p><strong>Pourquoi choisir le puzzle 1000 pi\u00e8ces K\u00fcrti Andrea &#8211; Blanche-Neige ?<\/strong><\/p>\n<p><span style=\"font-weight: 400;\">Tu obtiens une photo fascinante de 50 x 70 cm.<\/span><\/p>\n<p><span style=\"font-weight: 400;\">C&rsquo;est un puzzle en carton bleu de haute qualit\u00e9.<\/span><\/p>\n<p><span style=\"font-weight: 400;\">Les mat\u00e9riaux dont il est fait sont durables, recyclables et r\u00e9sistants.<\/span><\/p>\n<p><span style=\"font-weight: 400;\">Elle a une finition semi-brillante dans des couleurs vives.<\/span><\/p>\n<p><span style=\"font-weight: 400;\">Il est recommand\u00e9 aux personnes de plus de 14 ans et tu peux le monter avec tes enfants adolescents.<\/span><\/p>\n<p><strong>Le puzzle 1000 pi\u00e8ces de Blanche-Neige et ses avantages \u00e9tonnants<\/strong><\/p>\n<p><span style=\"font-weight: 400;\">Une passion pour les jeux de r\u00e9flexion t&rsquo;apporte plus que de la d\u00e9tente et du plaisir. Elle d\u00e9veloppe des comp\u00e9tences que tu utilises dans les activit\u00e9s quotidiennes :<\/span><\/p>\n<p><span style=\"font-weight: 400;\">Comp\u00e9tences en mati\u00e8re de r\u00e9solution de probl\u00e8mes.<\/span><\/p>\n<p><span style=\"font-weight: 400;\">M\u00e9moire \u00e0 court terme.<\/span><\/p>\n<p><span style=\"font-weight: 400;\">Habilet\u00e9.<\/span><\/p>\n<p><span style=\"font-weight: 400;\">Fais attention aux d\u00e9tails.<\/span><\/p>\n<p><span style=\"font-weight: 400;\">Pers\u00e9v\u00e9rance.<\/span><\/p>\n<p><span style=\"font-weight: 400;\">Coordination main-\u0153il.<\/span><\/p>\n<p><span style=\"font-weight: 400;\">Pens\u00e9e logique.<\/span><\/p>\n<p><strong>Curiosit\u00e9s sur Blanche-Neige<\/strong><\/p>\n<p><span style=\"font-weight: 400;\">L&rsquo;histoire de Blanche-Neige a apparemment \u00e9t\u00e9 inspir\u00e9e par la vie de Margaretha von Waldeck, une comtesse allemande n\u00e9e en 1533 qui a \u00e9t\u00e9 forc\u00e9e par sa mar\u00e2tre \u00e0 d\u00e9m\u00e9nager \u00e0 Bruxelles. C&rsquo;est l\u00e0 qu&rsquo;elle a rencontr\u00e9 et est tomb\u00e9e amoureuse du prince Philippe II d&rsquo;Espagne, mais ses parents n&rsquo;approuvaient pas leur relation. Margaretha est morte dans des circonstances myst\u00e9rieuses, \u00e0 seulement 21 ans, apr\u00e8s avoir \u00e9t\u00e9 empoisonn\u00e9e.<\/span><\/p>\n<p><span style=\"font-weight: 400;\">Le p\u00e8re de la fille poss\u00e9dait une mine de cuivre o\u00f9 les enfants travaillaient. En raison des conditions de travail difficiles et du manque de nourriture, ils ne se sont pas d\u00e9velopp\u00e9s correctement et sont rest\u00e9s de petite taille.<\/span><\/p>\n<p><span style=\"font-weight: 400;\">Il existe de nombreuses versions de l&rsquo;histoire, principalement dans les pays europ\u00e9ens, mais aussi sur d&rsquo;autres continents comme l&rsquo;Am\u00e9rique et l&rsquo;Afrique.<\/span><\/p>\n<p><span style=\"font-weight: 400;\">Dans la version africaine, les nains sont remplac\u00e9s par des brigands, et dans une version italienne de l&rsquo;histoire, les protecteurs de Blanche-Neige sont des femmes plut\u00f4t que des hommes.<\/span><\/p>\n<p><strong>Savais-tu que les jeux de r\u00e9flexion stimulent la s\u00e9cr\u00e9tion de dopamine et te rendent plus heureux ? <\/strong><\/p>\n<p><span style=\"font-weight: 400;\">La dopamine est un neurotransmetteur, une substance qui transmet des signaux entre les cellules nerveuses. La concentration de dopamine dans le cerveau humain influence l&rsquo;humeur, la m\u00e9moire et la concentration <\/span><\/p>\n<p><span style=\"font-weight: 400;\">Il a \u00e9t\u00e9 d\u00e9couvert que le cerveau lib\u00e8re plus de dopamine pendant les jeux de puzzle, ce qui explique pourquoi les amateurs de puzzle ressentent un si fort sentiment de plaisir et de satisfaction et sont motiv\u00e9s pour continuer \u00e0 essayer de nouveaux jeux de puzzle.<\/span><\/p>\n<p><span style=\"font-weight: 400;\">Si toi aussi tu veux ressentir un sentiment de bonheur et beaucoup d&rsquo;ondes positives, choisis le puzzle 1000 pi\u00e8ces de Blanche-Neige. Tu peux le mettre en place chaque fois que tu ressens le besoin d&rsquo;un d\u00e9fi constructif, seul ou en compagnie de tes proches.<\/span><\/p>\n<p><span style=\"font-weight: 400;\">De plus, le puzzle 1000 pi\u00e8ces de Blanche-Neige, dans une repr\u00e9sentation illustrative exceptionnelle de l&rsquo;artiste K\u00fcrti Andrea, peut \u00eatre un excellent cadeau pour les amateurs de jeux de puzzle ou d&rsquo;activit\u00e9s cr\u00e9atives.<\/span><\/p><\/p>\n","protected":false},"excerpt":{"rendered":"<p>Tu es fascin\u00e9 par les histoires et tu es un passionn\u00e9 de jeux de r\u00e9flexion ? Nous avons la combinaison<\/p>\n","protected":false},"featured_media":47672,"template":"","meta":[],"product_brand":[],"product_cat":[2314,2316,2315],"product_tag":[],"class_list":{"0":"post-53125","1":"product","2":"type-product","3":"status-publish","4":"has-post-thumbnail","6":"product_cat-puzzles-fr","7":"product_cat-puzzles-de-1000-pieces","8":"product_cat-puzzles-pour-adultes","9":"pa_bax-10-fr","10":"pa_brand-d_toys-fr","11":"pa_country_of_manufacture-ro-fr","12":"pa_filter_age-14-fr","13":"pa_painter-kurtiandrea-fr","14":"pa_tip_ambalaj-boite","15":"pa_tip_puzzle-classique","17":"first","18":"instock","19":"taxable","20":"shipping-taxable","21":"product-type-simple"},"yoast_head":"<!-- This site is optimized with the Yoast SEO plugin v20.1 - https:\/\/yoast.com\/wordpress\/plugins\/seo\/ -->\n<title>K\u00fcrti Andrea Puzzle 1000 pi\u00e8ces pour adultes - Blanche-Neige<\/title>\n<meta name=\"description\" content=\"K\u00fcrti Andrea Puzzle 1000 pi\u00e8ces pour adultes - Blanche-Neige\" \/>\n<meta name=\"robots\" content=\"index, follow, max-snippet:-1, max-image-preview:large, max-video-preview:-1\" \/>\n<link rel=\"canonical\" href=\"https:\/\/business.roovi.com\/fr\/kurti-andrea-puzzle-1000-pieces-pour-adultes-blanche-neige\/p\/\" \/>\n<meta property=\"og:locale\" content=\"fr_FR\" \/>\n<meta property=\"og:type\" content=\"article\" \/>\n<meta property=\"og:title\" content=\"K\u00fcrti Andrea Puzzle 1000 pi\u00e8ces pour adultes - Blanche-Neige\" \/>\n<meta property=\"og:description\" content=\"K\u00fcrti Andrea Puzzle 1000 pi\u00e8ces pour adultes - Blanche-Neige\" \/>\n<meta property=\"og:url\" content=\"https:\/\/business.roovi.com\/fr\/kurti-andrea-puzzle-1000-pieces-pour-adultes-blanche-neige\/p\/\" \/>\n<meta property=\"og:site_name\" content=\"Roovi B2B\" \/>\n<meta property=\"article:publisher\" content=\"https:\/\/www.facebook.com\/wwwjucariero\" \/>\n<meta property=\"article:modified_time\" content=\"2022-07-13T10:23:08+00:00\" \/>\n<meta property=\"og:image\" content=\"https:\/\/business.roovi.com\/wp-content\/uploads\/2018\/04\/72870-1_ansamblu_dimensiuni_cutie_cm_vertical_1200x1200.png\" \/>\n\t<meta property=\"og:image:width\" content=\"1200\" \/>\n\t<meta property=\"og:image:height\" content=\"1200\" \/>\n\t<meta property=\"og:image:type\" content=\"image\/png\" \/>\n<meta name=\"twitter:label1\" content=\"Dur\u00e9e de lecture estim\u00e9e\" \/>\n\t<meta name=\"twitter:data1\" content=\"3 minutes\" \/>\n<script type=\"application\/ld+json\" class=\"yoast-schema-graph\">{\"@context\":\"https:\/\/schema.org\",\"@graph\":[{\"@type\":\"WebPage\",\"@id\":\"https:\/\/business.roovi.com\/fr\/kurti-andrea-puzzle-1000-pieces-pour-adultes-blanche-neige\/p\/\",\"url\":\"https:\/\/business.roovi.com\/fr\/kurti-andrea-puzzle-1000-pieces-pour-adultes-blanche-neige\/p\/\",\"name\":\"K\u00fcrti Andrea Puzzle 1000 pi\u00e8ces pour adultes - Blanche-Neige\",\"isPartOf\":{\"@id\":\"https:\/\/business.roovi.com\/fr\/#website\"},\"datePublished\":\"2018-04-16T10:56:17+00:00\",\"dateModified\":\"2022-07-13T10:23:08+00:00\",\"description\":\"K\u00fcrti Andrea Puzzle 1000 pi\u00e8ces pour adultes - Blanche-Neige\",\"breadcrumb\":{\"@id\":\"https:\/\/business.roovi.com\/fr\/kurti-andrea-puzzle-1000-pieces-pour-adultes-blanche-neige\/p\/#breadcrumb\"},\"inLanguage\":\"fr-FR\",\"potentialAction\":[{\"@type\":\"ReadAction\",\"target\":[\"https:\/\/business.roovi.com\/fr\/kurti-andrea-puzzle-1000-pieces-pour-adultes-blanche-neige\/p\/\"]}]},{\"@type\":\"BreadcrumbList\",\"@id\":\"https:\/\/business.roovi.com\/fr\/kurti-andrea-puzzle-1000-pieces-pour-adultes-blanche-neige\/p\/#breadcrumb\",\"itemListElement\":[{\"@type\":\"ListItem\",\"position\":1,\"name\":\"Home\",\"item\":\"https:\/\/business.roovi.com\/fr\/\"},{\"@type\":\"ListItem\",\"position\":2,\"name\":\"Boutique\",\"item\":\"https:\/\/business.roovi.com\/fr\/boutique\/\"},{\"@type\":\"ListItem\",\"position\":3,\"name\":\"K\u00fcrti Andrea Puzzle 1000 pi\u00e8ces pour adultes &#8211; Blanche-Neige\"}]},{\"@type\":\"WebSite\",\"@id\":\"https:\/\/business.roovi.com\/fr\/#website\",\"url\":\"https:\/\/business.roovi.com\/fr\/\",\"name\":\"Roovi B2B\",\"description\":\"Roovi Business Website\",\"potentialAction\":[{\"@type\":\"SearchAction\",\"target\":{\"@type\":\"EntryPoint\",\"urlTemplate\":\"https:\/\/business.roovi.com\/fr\/?s={search_term_string}\"},\"query-input\":\"required name=search_term_string\"}],\"inLanguage\":\"fr-FR\"}]}<\/script>\n<!-- \/ Yoast SEO plugin. -->","yoast_head_json":{"title":"K\u00fcrti Andrea Puzzle 1000 pi\u00e8ces pour adultes - Blanche-Neige","description":"K\u00fcrti Andrea Puzzle 1000 pi\u00e8ces pour adultes - Blanche-Neige","robots":{"index":"index","follow":"follow","max-snippet":"max-snippet:-1","max-image-preview":"max-image-preview:large","max-video-preview":"max-video-preview:-1"},"canonical":"https:\/\/business.roovi.com\/fr\/kurti-andrea-puzzle-1000-pieces-pour-adultes-blanche-neige\/p\/","og_locale":"fr_FR","og_type":"article","og_title":"K\u00fcrti Andrea Puzzle 1000 pi\u00e8ces pour adultes - Blanche-Neige","og_description":"K\u00fcrti Andrea Puzzle 1000 pi\u00e8ces pour adultes - Blanche-Neige","og_url":"https:\/\/business.roovi.com\/fr\/kurti-andrea-puzzle-1000-pieces-pour-adultes-blanche-neige\/p\/","og_site_name":"Roovi B2B","article_publisher":"https:\/\/www.facebook.com\/wwwjucariero","article_modified_time":"2022-07-13T10:23:08+00:00","og_image":[{"width":1200,"height":1200,"url":"https:\/\/business.roovi.com\/wp-content\/uploads\/2018\/04\/72870-1_ansamblu_dimensiuni_cutie_cm_vertical_1200x1200.png","type":"image\/png"}],"twitter_misc":{"Dur\u00e9e de lecture estim\u00e9e":"3 minutes"},"schema":{"@context":"https:\/\/schema.org","@graph":[{"@type":"WebPage","@id":"https:\/\/business.roovi.com\/fr\/kurti-andrea-puzzle-1000-pieces-pour-adultes-blanche-neige\/p\/","url":"https:\/\/business.roovi.com\/fr\/kurti-andrea-puzzle-1000-pieces-pour-adultes-blanche-neige\/p\/","name":"K\u00fcrti Andrea Puzzle 1000 pi\u00e8ces pour adultes - Blanche-Neige","isPartOf":{"@id":"https:\/\/business.roovi.com\/fr\/#website"},"datePublished":"2018-04-16T10:56:17+00:00","dateModified":"2022-07-13T10:23:08+00:00","description":"K\u00fcrti Andrea Puzzle 1000 pi\u00e8ces pour adultes - Blanche-Neige","breadcrumb":{"@id":"https:\/\/business.roovi.com\/fr\/kurti-andrea-puzzle-1000-pieces-pour-adultes-blanche-neige\/p\/#breadcrumb"},"inLanguage":"fr-FR","potentialAction":[{"@type":"ReadAction","target":["https:\/\/business.roovi.com\/fr\/kurti-andrea-puzzle-1000-pieces-pour-adultes-blanche-neige\/p\/"]}]},{"@type":"BreadcrumbList","@id":"https:\/\/business.roovi.com\/fr\/kurti-andrea-puzzle-1000-pieces-pour-adultes-blanche-neige\/p\/#breadcrumb","itemListElement":[{"@type":"ListItem","position":1,"name":"Home","item":"https:\/\/business.roovi.com\/fr\/"},{"@type":"ListItem","position":2,"name":"Boutique","item":"https:\/\/business.roovi.com\/fr\/boutique\/"},{"@type":"ListItem","position":3,"name":"K\u00fcrti Andrea Puzzle 1000 pi\u00e8ces pour adultes &#8211; Blanche-Neige"}]},{"@type":"WebSite","@id":"https:\/\/business.roovi.com\/fr\/#website","url":"https:\/\/business.roovi.com\/fr\/","name":"Roovi B2B","description":"Roovi Business Website","potentialAction":[{"@type":"SearchAction","target":{"@type":"EntryPoint","urlTemplate":"https:\/\/business.roovi.com\/fr\/?s={search_term_string}"},"query-input":"required name=search_term_string"}],"inLanguage":"fr-FR"}]}},"_links":{"self":[{"href":"https:\/\/business.roovi.com\/fr\/wp-json\/wp\/v2\/product\/53125","targetHints":{"allow":["GET"]}}],"collection":[{"href":"https:\/\/business.roovi.com\/fr\/wp-json\/wp\/v2\/product"}],"about":[{"href":"https:\/\/business.roovi.com\/fr\/wp-json\/wp\/v2\/types\/product"}],"version-history":[{"count":0,"href":"https:\/\/business.roovi.com\/fr\/wp-json\/wp\/v2\/product\/53125\/revisions"}],"wp:featuredmedia":[{"embeddable":true,"href":"https:\/\/business.roovi.com\/fr\/wp-json\/wp\/v2\/media\/47672"}],"wp:attachment":[{"href":"https:\/\/business.roovi.com\/fr\/wp-json\/wp\/v2\/media?parent=53125"}],"wp:term":[{"taxonomy":"product_brand","embeddable":true,"href":"https:\/\/business.roovi.com\/fr\/wp-json\/wp\/v2\/product_brand?post=53125"},{"taxonomy":"product_cat","embeddable":true,"href":"https:\/\/business.roovi.com\/fr\/wp-json\/wp\/v2\/product_cat?post=53125"},{"taxonomy":"product_tag","embeddable":true,"href":"https:\/\/business.roovi.com\/fr\/wp-json\/wp\/v2\/product_tag?post=53125"}],"curies":[{"name":"wp","href":"https:\/\/api.w.org\/{rel}","templated":true}]}}