{"id":53128,"date":"2018-04-16T10:56:17","date_gmt":"2018-04-16T10:56:17","guid":{"rendered":"https:\/\/business.roovi.com\/puzzle-adulti-1000-piese-kurti-andrea-the-frog-princess\/p\/"},"modified":"2022-07-13T10:23:10","modified_gmt":"2022-07-13T10:23:10","slug":"puzzle-adulte-1000-pieces-kurti-andrea-la-princesse-grenouille","status":"publish","type":"product","link":"https:\/\/business.roovi.com\/fr\/puzzle-adulte-1000-pieces-kurti-andrea-la-princesse-grenouille\/p\/","title":{"rendered":"Puzzle adulte 1000 pi\u00e8ces K\u00fcrti Andrea &#8211; La Princesse Grenouille"},"content":{"rendered":"<p><span style=\"font-weight: 400;\">Tu te sens inspir\u00e9 et pr\u00eat \u00e0 relever un d\u00e9fi cr\u00e9atif ? Le puzzle 1000 pi\u00e8ces Frog Princess transforme ta passion pour les puzzles en une aventure passionnante. Recadre l&rsquo;illustration unique avec une sc\u00e8ne tir\u00e9e de <\/span><em><span style=\"font-weight: 400;\">La Princesse et la Grenouille<\/span><\/em><span style=\"font-weight: 400;\"> et vis la magie des contes de f\u00e9es classiques.<\/span><\/p>\n<p><span style=\"font-weight: 400;\">Le jeu et l&rsquo;histoire sont parfaitement entrelac\u00e9s dans le puzzle de 1000 pi\u00e8ces de K\u00fcrti Andrea &#8211; La Princesse Grenouille <\/span><span style=\"font-weight: 400;\">Artiste<\/span> <span style=\"font-weight: 400;\">K\u00fcrti Andrea a inclus cette image sp\u00e9ciale dans sa s\u00e9rie d&rsquo;illustrations originales repr\u00e9sentant des histoires classiques qui te rappellent le charme de l&rsquo;enfance <\/span><\/p>\n<p><span style=\"font-weight: 400;\">Si tu veux donner de la valeur \u00e0 ton temps libre ou cr\u00e9er des souvenirs inoubliables avec tes enfants, le puzzle 1000 pi\u00e8ces de La Princesse et la Grenouille est le choix id\u00e9al. Un design innovant et des d\u00e9tails \u00e9tonnants cr\u00e9\u00e9s avec le savoir-faire d&rsquo;un artiste accompli, voil\u00e0 ce qui te ravira lorsque tu t&rsquo;assi\u00e9ras confortablement pour reconstituer le tableau de ce fascinant puzzle de 1000 pi\u00e8ces.<\/span><\/p>\n<p><strong>Pourquoi choisir le puzzle 1000 pi\u00e8ces de la Princesse et la Grenouille ?<\/strong><\/p>\n<p><span style=\"font-weight: 400;\">Construis de tes propres mains un superbe tableau de 50 x 70 cm.<\/span><\/p>\n<p><span style=\"font-weight: 400;\">C&rsquo;est un puzzle fabriqu\u00e9 en carton bleu de premi\u00e8re qualit\u00e9.<\/span><\/p>\n<p><span style=\"font-weight: 400;\">Il r\u00e9siste \u00e0 l&rsquo;\u00e9preuve du temps, avec des utilisations multiples.<\/span><\/p>\n<p><span style=\"font-weight: 400;\">C&rsquo;est un produit durable, recyclable et respectueux de l&rsquo;environnement.<\/span><\/p>\n<p><span style=\"font-weight: 400;\">Elle a une finition semi-brillante de haute qualit\u00e9 dans des couleurs vives.<\/span><\/p>\n<p><span style=\"font-weight: 400;\">Il peut \u00eatre assembl\u00e9 par des personnes de plus de 14 ans, ce qui en fait une excellente occasion de passer du temps avec les adolescents de la famille.<\/span><\/p>\n<p><span style=\"font-weight: 400;\">Le puzzle 1000 pi\u00e8ces de La Princesse et la Grenouille est un puzzle artistique qui entra\u00eene tes comp\u00e9tences d&rsquo;assemblage de puzzle et apporte de multiples avantages :<\/span><\/p>\n<ul>\n<li><span style=\"font-weight: 400;\">Il d\u00e9veloppe ta cr\u00e9ativit\u00e9.<\/span><\/li>\n<li><span style=\"font-weight: 400;\">Cela augmente ton attention aux d\u00e9tails.<\/span><\/li>\n<li><span style=\"font-weight: 400;\">C&rsquo;est l&rsquo;occasion de se d\u00e9tendre et de se d\u00e9tacher du quotidien.<\/span><\/li>\n<li><span style=\"font-weight: 400;\">Il t&rsquo;aide \u00e0 te concentrer sur une seule t\u00e2che et \u00e0 la r\u00e9soudre.<\/span><\/li>\n<li><span style=\"font-weight: 400;\">Il te donne l&rsquo;occasion de cr\u00e9er un objet d\u00e9coratif pour embellir ta maison.<\/span><\/li>\n<li><span style=\"font-weight: 400;\">C&rsquo;est l&rsquo;occasion id\u00e9ale de socialiser avec tes amis et de nouer des liens \u00e9troits avec tes proches.<\/span><\/li>\n<\/ul>\n<p><strong>Tu savais que&#8230; ?<\/strong><\/p>\n<p><span style=\"font-weight: 400;\">Les jeux de puzzle ont un effet similaire \u00e0 la m\u00e9ditation. Lorsque tu assembles l&rsquo;image dans un puzzle de 1000 pi\u00e8ces, ton esprit se concentre intens\u00e9ment et se calme. Tu te connectes sans effort au moment pr\u00e9sent et ressens une profonde relaxation.<\/span><\/p>\n<p><span style=\"font-weight: 400;\">Les jeux de puzzle stimulent la s\u00e9cr\u00e9tion de dopamine, l&rsquo;hormone du bonheur. Cela explique l&rsquo;incroyable sentiment de satisfaction et de joie lorsque tu assembles la derni\u00e8re pi\u00e8ce du puzzle 1000.<\/span><\/p>\n<p><span style=\"font-weight: 400;\">Les jeux de puzzle entra\u00eenent les deux h\u00e9misph\u00e8res du cerveau et constituent un excellent exercice mental. Pour cette raison, les personnes qui passent au moins 30 minutes \u00e0 faire des puzzles chaque jour ont un risque plus faible de d\u00e9velopper des maladies neurod\u00e9g\u00e9n\u00e9ratives comme Alzheimer ou la d\u00e9mence.<\/span><\/p>\n<p><strong>Fais une pause dans la vie num\u00e9rique avec le puzzle de 1000 pi\u00e8ces Princesse et la Grenouille<\/strong><\/p>\n<p><span style=\"font-weight: 400;\">Tu ressens le besoin de te d\u00e9connecter de tes \u00e9crans ? Le puzzle 1000 pi\u00e8ces de La Princesse et la Grenouille peut \u00eatre une bonne occasion de faire une d\u00e9sintoxication num\u00e9rique. \u00c9tale les pi\u00e8ces sur une table basse dans ton salon, fais infuser du th\u00e9 aromatique et profite jusqu&rsquo;\u00e0 30 heures de d\u00e9tente et de plaisir authentique.<\/span><\/p>\n<p><span style=\"font-weight: 400;\">Ach\u00e8te maintenant le puzzle 1000 pi\u00e8ces de la Princesse et la Grenouille et cr\u00e9e ton propre tableau de conte de f\u00e9es. D\u00e9couvre toute la collection de puzzles de 1000 pi\u00e8ces avec des illustrations exquises de contes de f\u00e9es classiques et entre dans le monde magique des c\u00e9l\u00e8bres contes de f\u00e9es.<\/span><\/p>\n<p><span style=\"font-weight: 400;\">Le puzzle 1000 pi\u00e8ces de la Princesse et la Grenouille peut \u00eatre un excellent cadeau pour les amateurs de jeux de puzzle ou pour les amoureux des d\u00e9fis cr\u00e9atifs.<\/span><\/p><\/p>\n","protected":false},"excerpt":{"rendered":"<p>Tu te sens inspir\u00e9 et pr\u00eat \u00e0 relever un d\u00e9fi cr\u00e9atif ? Le puzzle 1000 pi\u00e8ces Frog Princess transforme ta<\/p>\n","protected":false},"featured_media":47679,"template":"","meta":[],"product_brand":[],"product_cat":[2314,2316,2315],"product_tag":[],"class_list":{"0":"post-53128","1":"product","2":"type-product","3":"status-publish","4":"has-post-thumbnail","6":"product_cat-puzzles-fr","7":"product_cat-puzzles-de-1000-pieces","8":"product_cat-puzzles-pour-adultes","9":"pa_bax-10-fr","10":"pa_brand-d_toys-fr","11":"pa_country_of_manufacture-ro-fr","12":"pa_filter_age-14-fr","13":"pa_painter-kurtiandrea-fr","14":"pa_tip_ambalaj-boite","15":"pa_tip_puzzle-classique","17":"first","18":"instock","19":"taxable","20":"shipping-taxable","21":"product-type-simple"},"yoast_head":"<!-- This site is optimized with the Yoast SEO plugin v20.1 - https:\/\/yoast.com\/wordpress\/plugins\/seo\/ -->\n<title>Puzzle adulte 1000 pi\u00e8ces K\u00fcrti Andrea - La Princesse Grenouille<\/title>\n<meta name=\"description\" content=\"Puzzle adulte 1000 pi\u00e8ces K\u00fcrti Andrea - La Princesse Grenouille\" \/>\n<meta name=\"robots\" content=\"index, follow, max-snippet:-1, max-image-preview:large, max-video-preview:-1\" \/>\n<link rel=\"canonical\" href=\"https:\/\/business.roovi.com\/fr\/puzzle-adulte-1000-pieces-kurti-andrea-la-princesse-grenouille\/p\/\" \/>\n<meta property=\"og:locale\" content=\"fr_FR\" \/>\n<meta property=\"og:type\" content=\"article\" \/>\n<meta property=\"og:title\" content=\"Puzzle adulte 1000 pi\u00e8ces K\u00fcrti Andrea - La Princesse Grenouille\" \/>\n<meta property=\"og:description\" content=\"Puzzle adulte 1000 pi\u00e8ces K\u00fcrti Andrea - La Princesse Grenouille\" \/>\n<meta property=\"og:url\" content=\"https:\/\/business.roovi.com\/fr\/puzzle-adulte-1000-pieces-kurti-andrea-la-princesse-grenouille\/p\/\" \/>\n<meta property=\"og:site_name\" content=\"Roovi B2B\" \/>\n<meta property=\"article:publisher\" content=\"https:\/\/www.facebook.com\/wwwjucariero\" \/>\n<meta property=\"article:modified_time\" content=\"2022-07-13T10:23:10+00:00\" \/>\n<meta property=\"og:image\" content=\"https:\/\/business.roovi.com\/wp-content\/uploads\/2018\/04\/72870-2_ansamblu_dimensiuni_cutie_cm_vertical_1200x1200.png\" \/>\n\t<meta property=\"og:image:width\" content=\"1200\" \/>\n\t<meta property=\"og:image:height\" content=\"1200\" \/>\n\t<meta property=\"og:image:type\" content=\"image\/png\" \/>\n<meta name=\"twitter:label1\" content=\"Dur\u00e9e de lecture estim\u00e9e\" \/>\n\t<meta name=\"twitter:data1\" content=\"3 minutes\" \/>\n<script type=\"application\/ld+json\" class=\"yoast-schema-graph\">{\"@context\":\"https:\/\/schema.org\",\"@graph\":[{\"@type\":\"WebPage\",\"@id\":\"https:\/\/business.roovi.com\/fr\/puzzle-adulte-1000-pieces-kurti-andrea-la-princesse-grenouille\/p\/\",\"url\":\"https:\/\/business.roovi.com\/fr\/puzzle-adulte-1000-pieces-kurti-andrea-la-princesse-grenouille\/p\/\",\"name\":\"Puzzle adulte 1000 pi\u00e8ces K\u00fcrti Andrea - La Princesse Grenouille\",\"isPartOf\":{\"@id\":\"https:\/\/business.roovi.com\/fr\/#website\"},\"datePublished\":\"2018-04-16T10:56:17+00:00\",\"dateModified\":\"2022-07-13T10:23:10+00:00\",\"description\":\"Puzzle adulte 1000 pi\u00e8ces K\u00fcrti Andrea - La Princesse Grenouille\",\"breadcrumb\":{\"@id\":\"https:\/\/business.roovi.com\/fr\/puzzle-adulte-1000-pieces-kurti-andrea-la-princesse-grenouille\/p\/#breadcrumb\"},\"inLanguage\":\"fr-FR\",\"potentialAction\":[{\"@type\":\"ReadAction\",\"target\":[\"https:\/\/business.roovi.com\/fr\/puzzle-adulte-1000-pieces-kurti-andrea-la-princesse-grenouille\/p\/\"]}]},{\"@type\":\"BreadcrumbList\",\"@id\":\"https:\/\/business.roovi.com\/fr\/puzzle-adulte-1000-pieces-kurti-andrea-la-princesse-grenouille\/p\/#breadcrumb\",\"itemListElement\":[{\"@type\":\"ListItem\",\"position\":1,\"name\":\"Home\",\"item\":\"https:\/\/business.roovi.com\/fr\/\"},{\"@type\":\"ListItem\",\"position\":2,\"name\":\"Boutique\",\"item\":\"https:\/\/business.roovi.com\/fr\/boutique\/\"},{\"@type\":\"ListItem\",\"position\":3,\"name\":\"Puzzle adulte 1000 pi\u00e8ces K\u00fcrti Andrea &#8211; La Princesse Grenouille\"}]},{\"@type\":\"WebSite\",\"@id\":\"https:\/\/business.roovi.com\/fr\/#website\",\"url\":\"https:\/\/business.roovi.com\/fr\/\",\"name\":\"Roovi B2B\",\"description\":\"Roovi Business Website\",\"potentialAction\":[{\"@type\":\"SearchAction\",\"target\":{\"@type\":\"EntryPoint\",\"urlTemplate\":\"https:\/\/business.roovi.com\/fr\/?s={search_term_string}\"},\"query-input\":\"required name=search_term_string\"}],\"inLanguage\":\"fr-FR\"}]}<\/script>\n<!-- \/ Yoast SEO plugin. -->","yoast_head_json":{"title":"Puzzle adulte 1000 pi\u00e8ces K\u00fcrti Andrea - La Princesse Grenouille","description":"Puzzle adulte 1000 pi\u00e8ces K\u00fcrti Andrea - La Princesse Grenouille","robots":{"index":"index","follow":"follow","max-snippet":"max-snippet:-1","max-image-preview":"max-image-preview:large","max-video-preview":"max-video-preview:-1"},"canonical":"https:\/\/business.roovi.com\/fr\/puzzle-adulte-1000-pieces-kurti-andrea-la-princesse-grenouille\/p\/","og_locale":"fr_FR","og_type":"article","og_title":"Puzzle adulte 1000 pi\u00e8ces K\u00fcrti Andrea - La Princesse Grenouille","og_description":"Puzzle adulte 1000 pi\u00e8ces K\u00fcrti Andrea - La Princesse Grenouille","og_url":"https:\/\/business.roovi.com\/fr\/puzzle-adulte-1000-pieces-kurti-andrea-la-princesse-grenouille\/p\/","og_site_name":"Roovi B2B","article_publisher":"https:\/\/www.facebook.com\/wwwjucariero","article_modified_time":"2022-07-13T10:23:10+00:00","og_image":[{"width":1200,"height":1200,"url":"https:\/\/business.roovi.com\/wp-content\/uploads\/2018\/04\/72870-2_ansamblu_dimensiuni_cutie_cm_vertical_1200x1200.png","type":"image\/png"}],"twitter_misc":{"Dur\u00e9e de lecture estim\u00e9e":"3 minutes"},"schema":{"@context":"https:\/\/schema.org","@graph":[{"@type":"WebPage","@id":"https:\/\/business.roovi.com\/fr\/puzzle-adulte-1000-pieces-kurti-andrea-la-princesse-grenouille\/p\/","url":"https:\/\/business.roovi.com\/fr\/puzzle-adulte-1000-pieces-kurti-andrea-la-princesse-grenouille\/p\/","name":"Puzzle adulte 1000 pi\u00e8ces K\u00fcrti Andrea - La Princesse Grenouille","isPartOf":{"@id":"https:\/\/business.roovi.com\/fr\/#website"},"datePublished":"2018-04-16T10:56:17+00:00","dateModified":"2022-07-13T10:23:10+00:00","description":"Puzzle adulte 1000 pi\u00e8ces K\u00fcrti Andrea - La Princesse Grenouille","breadcrumb":{"@id":"https:\/\/business.roovi.com\/fr\/puzzle-adulte-1000-pieces-kurti-andrea-la-princesse-grenouille\/p\/#breadcrumb"},"inLanguage":"fr-FR","potentialAction":[{"@type":"ReadAction","target":["https:\/\/business.roovi.com\/fr\/puzzle-adulte-1000-pieces-kurti-andrea-la-princesse-grenouille\/p\/"]}]},{"@type":"BreadcrumbList","@id":"https:\/\/business.roovi.com\/fr\/puzzle-adulte-1000-pieces-kurti-andrea-la-princesse-grenouille\/p\/#breadcrumb","itemListElement":[{"@type":"ListItem","position":1,"name":"Home","item":"https:\/\/business.roovi.com\/fr\/"},{"@type":"ListItem","position":2,"name":"Boutique","item":"https:\/\/business.roovi.com\/fr\/boutique\/"},{"@type":"ListItem","position":3,"name":"Puzzle adulte 1000 pi\u00e8ces K\u00fcrti Andrea &#8211; La Princesse Grenouille"}]},{"@type":"WebSite","@id":"https:\/\/business.roovi.com\/fr\/#website","url":"https:\/\/business.roovi.com\/fr\/","name":"Roovi B2B","description":"Roovi Business Website","potentialAction":[{"@type":"SearchAction","target":{"@type":"EntryPoint","urlTemplate":"https:\/\/business.roovi.com\/fr\/?s={search_term_string}"},"query-input":"required name=search_term_string"}],"inLanguage":"fr-FR"}]}},"_links":{"self":[{"href":"https:\/\/business.roovi.com\/fr\/wp-json\/wp\/v2\/product\/53128","targetHints":{"allow":["GET"]}}],"collection":[{"href":"https:\/\/business.roovi.com\/fr\/wp-json\/wp\/v2\/product"}],"about":[{"href":"https:\/\/business.roovi.com\/fr\/wp-json\/wp\/v2\/types\/product"}],"version-history":[{"count":0,"href":"https:\/\/business.roovi.com\/fr\/wp-json\/wp\/v2\/product\/53128\/revisions"}],"wp:featuredmedia":[{"embeddable":true,"href":"https:\/\/business.roovi.com\/fr\/wp-json\/wp\/v2\/media\/47679"}],"wp:attachment":[{"href":"https:\/\/business.roovi.com\/fr\/wp-json\/wp\/v2\/media?parent=53128"}],"wp:term":[{"taxonomy":"product_brand","embeddable":true,"href":"https:\/\/business.roovi.com\/fr\/wp-json\/wp\/v2\/product_brand?post=53128"},{"taxonomy":"product_cat","embeddable":true,"href":"https:\/\/business.roovi.com\/fr\/wp-json\/wp\/v2\/product_cat?post=53128"},{"taxonomy":"product_tag","embeddable":true,"href":"https:\/\/business.roovi.com\/fr\/wp-json\/wp\/v2\/product_tag?post=53128"}],"curies":[{"name":"wp","href":"https:\/\/api.w.org\/{rel}","templated":true}]}}