{"id":53135,"date":"2018-04-16T10:56:17","date_gmt":"2018-04-16T10:56:17","guid":{"rendered":"https:\/\/business.roovi.com\/puzzle-adulti-1000-piese-kurti-andrea-sleeping-beautyfrumoasa-adormita\/p\/"},"modified":"2022-10-18T09:05:33","modified_gmt":"2022-10-18T09:05:33","slug":"puzzle-adulte-1000-pieces-kurti-andrea-la-belle-au-bois-dormant","status":"publish","type":"product","link":"https:\/\/business.roovi.com\/fr\/puzzle-adulte-1000-pieces-kurti-andrea-la-belle-au-bois-dormant\/p\/","title":{"rendered":"Puzzle adulte 1000 pi\u00e8ces K\u00fcrti Andrea &#8211; La Belle au bois dormant"},"content":{"rendered":"<p><span style=\"font-weight: 400;\">N&rsquo;as-tu pas aim\u00e9 les contes de f\u00e9es sur les princes et les princesses quand tu \u00e9tais enfant et attendu avec impatience la fin heureuse ? Revivez la magie de l&rsquo;enfance avec le puzzle de 1000 pi\u00e8ces de la Belle au bois dormant : une fabuleuse illustration pleine de couleurs et d&rsquo;\u00e9nergie positive de l&rsquo;artiste K\u00fcrti Andrea.<\/span><\/p>\n<p><span style=\"font-weight: 400;\">Tant d&rsquo;images de sc\u00e8nes de l&rsquo;histoire classique de la Belle au bois dormant ont \u00e9t\u00e9 \u00e9crites et cr\u00e9\u00e9es que l&rsquo;on pourrait penser que rien ne peut te surprendre. Mais le moment o\u00f9 tu ouvres cet \u00e9tonnant puzzle de 1000 pi\u00e8ces est magique, et la vision originale de l&rsquo;artiste K\u00fcrti Andrea r\u00e9veille la nostalgie de l&rsquo;enfance.<\/span><\/p>\n<p><span style=\"font-weight: 400;\">La sc\u00e8ne diaphane de la Belle au bois dormant met au d\u00e9fi ton imagination et ta pers\u00e9v\u00e9rance. Observe chaque d\u00e9tail, trouve les bonnes pi\u00e8ces et cr\u00e9e un tableau artistique aux couleurs vives. Fais aussi participer tes enfants adolescents \u00e0 l&rsquo;histoire fantastique. Ils appr\u00e9cieront de passer de merveilleux moments ensemble.<\/span><\/p>\n<p><strong>Pourquoi choisir le puzzle 1000 pi\u00e8ces de la Belle au bois dormant ?<\/strong><\/p>\n<ul>\n<li><span style=\"font-weight: 400;\">Tu as l&rsquo;occasion unique de cr\u00e9er une \u0153uvre d&rsquo;art de 50 x 70 cm.<\/span><\/li>\n<li><span style=\"font-weight: 400;\">C&rsquo;est un puzzle de 1000 pi\u00e8ces en carton bleu de haute qualit\u00e9.<\/span><\/li>\n<li><span style=\"font-weight: 400;\">Il est fabriqu\u00e9 \u00e0 partir de mat\u00e9riaux durables et recyclables<\/span><\/li>\n<li><span style=\"font-weight: 400;\">Il dure dans le temps, tu peux donc le r\u00e9utiliser aussi souvent que tu veux et la qualit\u00e9 de l&rsquo;image sera impeccable \u00e0 chaque fois que tu l&rsquo;utiliseras.<\/span><\/li>\n<li><span style=\"font-weight: 400;\">Elle a une finition semi-brillante dans des couleurs agr\u00e9ables.<\/span><\/li>\n<li><span style=\"font-weight: 400;\">Recommand\u00e9 aux personnes de plus de 14 ans &#8211; une bonne occasion de le mettre en place avec tes enfants adolescents.<\/span><\/li>\n<\/ul>\n<p><span style=\"font-weight: 400;\">De plus, tu peux profiter d&rsquo;avantages incroyables avec ce merveilleux puzzle de 1000 pi\u00e8ces :<\/span><\/p>\n<p><span style=\"font-weight: 400;\">Tu te d\u00e9connectes des probl\u00e8mes quotidiens et tu entres dans un monde fantastique et f\u00e9erique.<\/span><\/p>\n<p><span style=\"font-weight: 400;\">Tu cultives ta passion pour les jeux de r\u00e9flexion et tu affines tes comp\u00e9tences en mati\u00e8re de cr\u00e9ation d&rsquo;images.<\/span><\/p>\n<p><span style=\"font-weight: 400;\">C&rsquo;est une bonne occasion de renforcer ta relation avec tes enfants adolescents.<\/span><\/p>\n<p><span style=\"font-weight: 400;\">Tu peux encadrer la photo que tu as faite avec eux et l&rsquo;exposer dans leur chambre pour garder vivants les souvenirs des bons moments que vous avez pass\u00e9s ensemble.<\/span><\/p>\n<p><span style=\"font-weight: 400;\">Avec tes enfants, tu peux entra\u00eener ta patience et ton sens du d\u00e9tail.<\/span><\/p>\n<p><strong>Tu savais que&#8230; ?<\/strong><\/p>\n<p><span style=\"font-weight: 400;\">La plus ancienne version de l&rsquo;histoire de la Belle au bois dormant date de 1330-1344.<\/span><\/p>\n<p><span style=\"font-weight: 400;\">Il a fallu \u00e0 Walt Disney six ans et 6 millions de dollars pour r\u00e9aliser le c\u00e9l\u00e8bre film d&rsquo;animation <\/span><em><span style=\"font-weight: 400;\">La Belle au bois dormant<\/span><\/em><span style=\"font-weight: 400;\"> en 1959.<\/span><\/p>\n<p><span style=\"font-weight: 400;\">Les f\u00e9ministes les plus ardentes pensent que cette histoire ne devrait pas \u00eatre racont\u00e9e car elle met en \u00e9vidence la passivit\u00e9 des femmes.<\/span><\/p>\n<p><span style=\"font-weight: 400;\"> Malgr\u00e9 la controverse, la Belle au bois dormant est une source d&rsquo;inspiration constante pour les \u00e9crivains, les peintres, les cin\u00e9astes et m\u00eame les cr\u00e9ateurs de jeux vid\u00e9o.<\/span><\/p>\n<p><strong>Le puzzle de 1000 pi\u00e8ces de la Belle au bois dormant t&#8217;emm\u00e8ne sur les chemins des contes de f\u00e9es<\/strong><\/p>\n<p><span style=\"font-weight: 400;\">Lorsque tu assembles le puzzle de 1000 pi\u00e8ces de la Belle au bois dormant, tu entres dans le monde fascinant des contes de f\u00e9es classiques. Ton imagination n&rsquo;a pas de limites, c&rsquo;est comme quand tu \u00e9tais enfant et que tu lisais le texte, tu imagines le film de l&rsquo;histoire et vis les sc\u00e8nes avec une intensit\u00e9 maximale.<\/span><\/p>\n<p><span style=\"font-weight: 400;\">La beaut\u00e9 de ce jeu de puzzle est la relaxation et le d\u00e9tachement total qu&rsquo;il te procure. Fais l&rsquo;exp\u00e9rience de cette activit\u00e9 incroyable et recharge tes batteries avec beaucoup d&rsquo;\u00e9nergie positive et de hautes vibrations.<\/span><\/p>\n<p><span style=\"font-weight: 400;\">Le puzzle de 1000 pi\u00e8ces de la Belle au bois dormant peut \u00eatre conserv\u00e9 \u00e0 la maison et rejou\u00e9 chaque fois que la monotonie prend le dessus sur ton temps libre. Tu peux aussi l&rsquo;acheter pour tes chers amis pour les f\u00eates ou les anniversaires.<\/span><\/p>\n","protected":false},"excerpt":{"rendered":"<p>N&rsquo;as-tu pas aim\u00e9 les contes de f\u00e9es sur les princes et les princesses quand tu \u00e9tais enfant et attendu avec<\/p>\n","protected":false},"featured_media":47693,"template":"","meta":[],"product_brand":[],"product_cat":[2314,2316,2315],"product_tag":[],"class_list":{"0":"post-53135","1":"product","2":"type-product","3":"status-publish","4":"has-post-thumbnail","6":"product_cat-puzzles-fr","7":"product_cat-puzzles-de-1000-pieces","8":"product_cat-puzzles-pour-adultes","9":"pa_bax-10-fr","10":"pa_brand-d_toys-fr","11":"pa_country_of_manufacture-ro-fr","12":"pa_filter_age-14-fr","13":"pa_painter-kurtiandrea-fr","14":"pa_tip_ambalaj-boite","15":"pa_tip_puzzle-classique","17":"first","18":"instock","19":"taxable","20":"shipping-taxable","21":"product-type-simple"},"yoast_head":"<!-- This site is optimized with the Yoast SEO plugin v20.1 - https:\/\/yoast.com\/wordpress\/plugins\/seo\/ -->\n<title>Puzzle adulte 1000 pi\u00e8ces K\u00fcrti Andrea - La Belle au bois dormant<\/title>\n<meta name=\"description\" content=\"Puzzle adulte 1000 pi\u00e8ces K\u00fcrti Andrea - La Belle au bois dormant\" \/>\n<meta name=\"robots\" content=\"index, follow, max-snippet:-1, max-image-preview:large, max-video-preview:-1\" \/>\n<link rel=\"canonical\" href=\"https:\/\/business.roovi.com\/fr\/puzzle-adulte-1000-pieces-kurti-andrea-la-belle-au-bois-dormant\/p\/\" \/>\n<meta property=\"og:locale\" content=\"fr_FR\" \/>\n<meta property=\"og:type\" content=\"article\" \/>\n<meta property=\"og:title\" content=\"Puzzle adulte 1000 pi\u00e8ces K\u00fcrti Andrea - La Belle au bois dormant\" \/>\n<meta property=\"og:description\" content=\"Puzzle adulte 1000 pi\u00e8ces K\u00fcrti Andrea - La Belle au bois dormant\" \/>\n<meta property=\"og:url\" content=\"https:\/\/business.roovi.com\/fr\/puzzle-adulte-1000-pieces-kurti-andrea-la-belle-au-bois-dormant\/p\/\" \/>\n<meta property=\"og:site_name\" content=\"Roovi B2B\" \/>\n<meta property=\"article:publisher\" content=\"https:\/\/www.facebook.com\/wwwjucariero\" \/>\n<meta property=\"article:modified_time\" content=\"2022-10-18T09:05:33+00:00\" \/>\n<meta property=\"og:image\" content=\"https:\/\/business.roovi.com\/wp-content\/uploads\/2018\/04\/72870-4_ansamblu_dimensiuni_cutie_cm_vertical_1200x1200.png\" \/>\n\t<meta property=\"og:image:width\" content=\"1200\" \/>\n\t<meta property=\"og:image:height\" content=\"1200\" \/>\n\t<meta property=\"og:image:type\" content=\"image\/png\" \/>\n<meta name=\"twitter:label1\" content=\"Dur\u00e9e de lecture estim\u00e9e\" \/>\n\t<meta name=\"twitter:data1\" content=\"3 minutes\" \/>\n<script type=\"application\/ld+json\" class=\"yoast-schema-graph\">{\"@context\":\"https:\/\/schema.org\",\"@graph\":[{\"@type\":\"WebPage\",\"@id\":\"https:\/\/business.roovi.com\/fr\/puzzle-adulte-1000-pieces-kurti-andrea-la-belle-au-bois-dormant\/p\/\",\"url\":\"https:\/\/business.roovi.com\/fr\/puzzle-adulte-1000-pieces-kurti-andrea-la-belle-au-bois-dormant\/p\/\",\"name\":\"Puzzle adulte 1000 pi\u00e8ces K\u00fcrti Andrea - La Belle au bois dormant\",\"isPartOf\":{\"@id\":\"https:\/\/business.roovi.com\/fr\/#website\"},\"datePublished\":\"2018-04-16T10:56:17+00:00\",\"dateModified\":\"2022-10-18T09:05:33+00:00\",\"description\":\"Puzzle adulte 1000 pi\u00e8ces K\u00fcrti Andrea - La Belle au bois dormant\",\"breadcrumb\":{\"@id\":\"https:\/\/business.roovi.com\/fr\/puzzle-adulte-1000-pieces-kurti-andrea-la-belle-au-bois-dormant\/p\/#breadcrumb\"},\"inLanguage\":\"fr-FR\",\"potentialAction\":[{\"@type\":\"ReadAction\",\"target\":[\"https:\/\/business.roovi.com\/fr\/puzzle-adulte-1000-pieces-kurti-andrea-la-belle-au-bois-dormant\/p\/\"]}]},{\"@type\":\"BreadcrumbList\",\"@id\":\"https:\/\/business.roovi.com\/fr\/puzzle-adulte-1000-pieces-kurti-andrea-la-belle-au-bois-dormant\/p\/#breadcrumb\",\"itemListElement\":[{\"@type\":\"ListItem\",\"position\":1,\"name\":\"Home\",\"item\":\"https:\/\/business.roovi.com\/fr\/\"},{\"@type\":\"ListItem\",\"position\":2,\"name\":\"Boutique\",\"item\":\"https:\/\/business.roovi.com\/fr\/boutique\/\"},{\"@type\":\"ListItem\",\"position\":3,\"name\":\"Puzzle adulte 1000 pi\u00e8ces K\u00fcrti Andrea &#8211; La Belle au bois dormant\"}]},{\"@type\":\"WebSite\",\"@id\":\"https:\/\/business.roovi.com\/fr\/#website\",\"url\":\"https:\/\/business.roovi.com\/fr\/\",\"name\":\"Roovi B2B\",\"description\":\"Roovi Business Website\",\"potentialAction\":[{\"@type\":\"SearchAction\",\"target\":{\"@type\":\"EntryPoint\",\"urlTemplate\":\"https:\/\/business.roovi.com\/fr\/?s={search_term_string}\"},\"query-input\":\"required name=search_term_string\"}],\"inLanguage\":\"fr-FR\"}]}<\/script>\n<!-- \/ Yoast SEO plugin. -->","yoast_head_json":{"title":"Puzzle adulte 1000 pi\u00e8ces K\u00fcrti Andrea - La Belle au bois dormant","description":"Puzzle adulte 1000 pi\u00e8ces K\u00fcrti Andrea - La Belle au bois dormant","robots":{"index":"index","follow":"follow","max-snippet":"max-snippet:-1","max-image-preview":"max-image-preview:large","max-video-preview":"max-video-preview:-1"},"canonical":"https:\/\/business.roovi.com\/fr\/puzzle-adulte-1000-pieces-kurti-andrea-la-belle-au-bois-dormant\/p\/","og_locale":"fr_FR","og_type":"article","og_title":"Puzzle adulte 1000 pi\u00e8ces K\u00fcrti Andrea - La Belle au bois dormant","og_description":"Puzzle adulte 1000 pi\u00e8ces K\u00fcrti Andrea - La Belle au bois dormant","og_url":"https:\/\/business.roovi.com\/fr\/puzzle-adulte-1000-pieces-kurti-andrea-la-belle-au-bois-dormant\/p\/","og_site_name":"Roovi B2B","article_publisher":"https:\/\/www.facebook.com\/wwwjucariero","article_modified_time":"2022-10-18T09:05:33+00:00","og_image":[{"width":1200,"height":1200,"url":"https:\/\/business.roovi.com\/wp-content\/uploads\/2018\/04\/72870-4_ansamblu_dimensiuni_cutie_cm_vertical_1200x1200.png","type":"image\/png"}],"twitter_misc":{"Dur\u00e9e de lecture estim\u00e9e":"3 minutes"},"schema":{"@context":"https:\/\/schema.org","@graph":[{"@type":"WebPage","@id":"https:\/\/business.roovi.com\/fr\/puzzle-adulte-1000-pieces-kurti-andrea-la-belle-au-bois-dormant\/p\/","url":"https:\/\/business.roovi.com\/fr\/puzzle-adulte-1000-pieces-kurti-andrea-la-belle-au-bois-dormant\/p\/","name":"Puzzle adulte 1000 pi\u00e8ces K\u00fcrti Andrea - La Belle au bois dormant","isPartOf":{"@id":"https:\/\/business.roovi.com\/fr\/#website"},"datePublished":"2018-04-16T10:56:17+00:00","dateModified":"2022-10-18T09:05:33+00:00","description":"Puzzle adulte 1000 pi\u00e8ces K\u00fcrti Andrea - La Belle au bois dormant","breadcrumb":{"@id":"https:\/\/business.roovi.com\/fr\/puzzle-adulte-1000-pieces-kurti-andrea-la-belle-au-bois-dormant\/p\/#breadcrumb"},"inLanguage":"fr-FR","potentialAction":[{"@type":"ReadAction","target":["https:\/\/business.roovi.com\/fr\/puzzle-adulte-1000-pieces-kurti-andrea-la-belle-au-bois-dormant\/p\/"]}]},{"@type":"BreadcrumbList","@id":"https:\/\/business.roovi.com\/fr\/puzzle-adulte-1000-pieces-kurti-andrea-la-belle-au-bois-dormant\/p\/#breadcrumb","itemListElement":[{"@type":"ListItem","position":1,"name":"Home","item":"https:\/\/business.roovi.com\/fr\/"},{"@type":"ListItem","position":2,"name":"Boutique","item":"https:\/\/business.roovi.com\/fr\/boutique\/"},{"@type":"ListItem","position":3,"name":"Puzzle adulte 1000 pi\u00e8ces K\u00fcrti Andrea &#8211; La Belle au bois dormant"}]},{"@type":"WebSite","@id":"https:\/\/business.roovi.com\/fr\/#website","url":"https:\/\/business.roovi.com\/fr\/","name":"Roovi B2B","description":"Roovi Business Website","potentialAction":[{"@type":"SearchAction","target":{"@type":"EntryPoint","urlTemplate":"https:\/\/business.roovi.com\/fr\/?s={search_term_string}"},"query-input":"required name=search_term_string"}],"inLanguage":"fr-FR"}]}},"_links":{"self":[{"href":"https:\/\/business.roovi.com\/fr\/wp-json\/wp\/v2\/product\/53135","targetHints":{"allow":["GET"]}}],"collection":[{"href":"https:\/\/business.roovi.com\/fr\/wp-json\/wp\/v2\/product"}],"about":[{"href":"https:\/\/business.roovi.com\/fr\/wp-json\/wp\/v2\/types\/product"}],"version-history":[{"count":0,"href":"https:\/\/business.roovi.com\/fr\/wp-json\/wp\/v2\/product\/53135\/revisions"}],"wp:featuredmedia":[{"embeddable":true,"href":"https:\/\/business.roovi.com\/fr\/wp-json\/wp\/v2\/media\/47693"}],"wp:attachment":[{"href":"https:\/\/business.roovi.com\/fr\/wp-json\/wp\/v2\/media?parent=53135"}],"wp:term":[{"taxonomy":"product_brand","embeddable":true,"href":"https:\/\/business.roovi.com\/fr\/wp-json\/wp\/v2\/product_brand?post=53135"},{"taxonomy":"product_cat","embeddable":true,"href":"https:\/\/business.roovi.com\/fr\/wp-json\/wp\/v2\/product_cat?post=53135"},{"taxonomy":"product_tag","embeddable":true,"href":"https:\/\/business.roovi.com\/fr\/wp-json\/wp\/v2\/product_tag?post=53135"}],"curies":[{"name":"wp","href":"https:\/\/api.w.org\/{rel}","templated":true}]}}