{"id":53140,"date":"2018-04-16T10:56:17","date_gmt":"2018-04-16T10:56:17","guid":{"rendered":"https:\/\/business.roovi.com\/puzzle-adulti-1000-piese-kurti-andrea-tropical-pasari-exotice\/p\/"},"modified":"2022-07-13T10:23:19","modified_gmt":"2022-07-13T10:23:19","slug":"kurti-andrea-puzzle-adulte-de-1000-pieces-tropical-oiseaux-exotiques","status":"publish","type":"product","link":"https:\/\/business.roovi.com\/fr\/kurti-andrea-puzzle-adulte-de-1000-pieces-tropical-oiseaux-exotiques\/p\/","title":{"rendered":"K\u00fcrti Andrea Puzzle adulte de 1000 pi\u00e8ces &#8211; Tropical &#8211; Oiseaux exotiques"},"content":{"rendered":"<p><span style=\"font-weight: 400;\">Tu aimes donner de la valeur \u00e0 ton temps libre avec des puzzles de 1000 pi\u00e8ces ? Que dirais-tu d&rsquo;une d\u00e9licieuse collection de jeux de puzzle d&rsquo;images tropicales, color\u00e9es et vibrantes ?<\/span><\/p>\n<p><span style=\"font-weight: 400;\">Le puzzle de 1000 pi\u00e8ces de K\u00fcrti Andrea &#8211; Tropical &#8211; Oiseaux exotiques est l&rsquo;un des jeux de puzzle de la collection de puzzles tropicaux. L&rsquo;artiste K\u00fcrti Andrea t&rsquo;offre un tableau aux couleurs vives dans lequel elle a imagin\u00e9 un univers tropical avec des oiseaux exotiques.<\/span><\/p>\n<p><span style=\"font-weight: 400;\">Deux perroquets color\u00e9s sont assis c\u00f4te \u00e0 c\u00f4te sur une branche. En dessous, trois toucans semblent \u00eatre assis sur une chaise. Tous ces merveilleux oiseaux sont plac\u00e9s dans un cadre fascinant, entour\u00e9 d&rsquo;une v\u00e9g\u00e9tation color\u00e9e. Un \u00e9lan d&rsquo;optimisme et des vibrations positives, voil\u00e0 ce que v\u00e9hicule cette illustration unique.<\/span><\/p>\n<p><span style=\"font-weight: 400;\">La richesse des couleurs peut te rebuter un peu, mais avec de la patience et de la pers\u00e9v\u00e9rance, tu pourras recr\u00e9er l&rsquo;ensemble du tableau. Tu peux demander \u00e0 tes enfants ou \u00e0 tes amis proches de te donner un coup de main, et en plus d&rsquo;une photo \u00e9poustouflante, tu vivras une exp\u00e9rience m\u00e9morable de plaisir collectif.<\/span><\/p>\n<p><strong>Pourquoi choisir le puzzle 1000 pi\u00e8ces K\u00fcrti Andrea &#8211; Tropical &#8211; Oiseaux exotiques ?<\/strong><\/p>\n<p><span style=\"font-weight: 400;\">Tu obtiendras une superbe photo de 50 x 70 cm \u00e0 partir de 1000 pi\u00e8ces.<\/span><\/p>\n<p><span style=\"font-weight: 400;\">C&rsquo;est un puzzle fabriqu\u00e9 en carton bleu de qualit\u00e9 sup\u00e9rieure, ce qui en fait le cadeau id\u00e9al pour les amateurs de puzzles de 1000 pi\u00e8ces.<\/span><\/p>\n<p><span style=\"font-weight: 400;\">Il est respectueux de la nature et durable, fabriqu\u00e9 \u00e0 partir de mat\u00e9riaux durables, recyclables et r\u00e9sistants.<\/span><\/p>\n<p><span style=\"font-weight: 400;\">Elle a une finition semi-brillante et des couleurs vives et tr\u00e8s agr\u00e9ables.<\/span><\/p>\n<p><span style=\"font-weight: 400;\">Il convient aux plus de 14 ans, alors profite de l&rsquo;occasion pour faire d\u00e9couvrir le monde des jeux de r\u00e9flexion \u00e0 tes enfants adolescents.<\/span><\/p>\n<p><span style=\"font-weight: 400;\">Le puzzle de 1000 pi\u00e8ces de K\u00fcrti Andrea &#8211; Tropical &#8211; Oiseaux exotiques t&rsquo;offre des avantages incroyables :<\/span><\/p>\n<ul>\n<li><span style=\"font-weight: 400;\">Il t&rsquo;aide \u00e0 te d\u00e9tendre et \u00e0 t&rsquo;\u00e9chapper du quotidien.<\/span><\/li>\n<li><span style=\"font-weight: 400;\">C&rsquo;est l&rsquo;occasion id\u00e9ale de socialiser avec tes amis ou de resserrer les liens avec ta famille.<\/span><\/li>\n<li><span style=\"font-weight: 400;\">Il d\u00e9veloppe ton imagination et te fait voyager vers des destinations exotiques.<\/span><\/li>\n<li><span style=\"font-weight: 400;\">Il te donne l&rsquo;impression d&rsquo;\u00eatre un vrai d\u00e9tective \u00e0 la recherche de la solution d&rsquo;un cas particulier dans un monde exotique.<\/span><\/li>\n<li><span style=\"font-weight: 400;\">Il t&rsquo;aide \u00e0 am\u00e9liorer ta concentration.<\/span><\/li>\n<\/ul>\n<p><strong>Tu savais que&#8230; ?<\/strong><\/p>\n<p><span style=\"font-weight: 400;\">Les perroquets sont des oiseaux monogames.<\/span><\/p>\n<p><span style=\"font-weight: 400;\">Les perroquets se nourrissent non seulement de graines et de plantes, mais aussi de viande, ce sont donc des omnivores.<\/span><\/p>\n<p><span style=\"font-weight: 400;\">Certaines esp\u00e8ces de perroquets vivent jusqu&rsquo;\u00e0 80 ans.<\/span><\/p>\n<p><span style=\"font-weight: 400;\">Les toucans boivent rarement de l&rsquo;eau, et certaines esp\u00e8ces ne boivent pas du tout.<\/span><\/p>\n<p><span style=\"font-weight: 400;\">Les toucans ont une longue langue pouvant atteindre 14 cm et une vue per\u00e7ante.<\/span><\/p>\n<p><span style=\"font-weight: 400;\">Contrairement aux perroquets, qui vivent plus longtemps, les toucans vivent rarement plus de 20 ans.<\/span><\/p>\n<p><strong>K\u00fcrti Andrea Puzzle de 1000 pi\u00e8ces Oiseaux exotiques pour la d\u00e9tente en famille<\/strong><\/p>\n<p><span style=\"font-weight: 400;\">Si tu veux \u00e9gayer tes journ\u00e9es d&rsquo;hiver lorsque le soleil se couche rapidement et que tu passes beaucoup de temps \u00e0 l&rsquo;int\u00e9rieur, un puzzle de 1000 pi\u00e8ces est une option amusante et relaxante qui vaut la peine d&rsquo;\u00eatre envisag\u00e9e.<\/span><\/p>\n<p><span style=\"font-weight: 400;\">Cela peut \u00eatre l&rsquo;occasion parfaite de souder les relations familiales ou de communiquer davantage avec les proches. Les moments de d\u00e9tente sont toujours b\u00e9n\u00e9fiques et t&rsquo;aident \u00e0 te connecter avec tes proches <\/span><\/p>\n<p><span style=\"font-weight: 400;\">Entra\u00eene-toi \u00e0 travailler ensemble : partage les pi\u00e8ces, refais des parties de l&rsquo;image en couleur ou cherche ensemble les pi\u00e8ces qui composent le cadre de l&rsquo;image. Savoure le plaisir de coller la derni\u00e8re pi\u00e8ce \u00e0 la fin et reprends l&rsquo;activit\u00e9 chaque fois que tu ressens le besoin d&rsquo;une activit\u00e9 cr\u00e9ative. Ou mets la photo dans le cadre et garde le souvenir de moments familiaux inoubliables.<\/span><\/p>\n<p><span style=\"font-weight: 400;\">Le puzzle de 1000 pi\u00e8ces de K\u00fcrti Andrea &#8211; Oiseaux exotiques peut \u00eatre un excellent cadeau pour diverses occasions d&rsquo;anniversaire ou de vacances pour les amis amateurs de puzzle.<\/span><\/p><\/p>\n","protected":false},"excerpt":{"rendered":"<p>Tu aimes donner de la valeur \u00e0 ton temps libre avec des puzzles de 1000 pi\u00e8ces ? Que dirais-tu d&rsquo;une<\/p>\n","protected":false},"featured_media":47700,"template":"","meta":[],"product_brand":[],"product_cat":[2314,2316,2315],"product_tag":[],"class_list":{"0":"post-53140","1":"product","2":"type-product","3":"status-publish","4":"has-post-thumbnail","6":"product_cat-puzzles-fr","7":"product_cat-puzzles-de-1000-pieces","8":"product_cat-puzzles-pour-adultes","9":"pa_bax-10-fr","10":"pa_brand-d_toys-fr","11":"pa_country_of_manufacture-ro-fr","12":"pa_filter_age-14-fr","13":"pa_painter-kurtiandrea-fr","14":"pa_tip_ambalaj-boite","15":"pa_tip_puzzle-classique","17":"first","18":"instock","19":"taxable","20":"shipping-taxable","21":"product-type-simple"},"yoast_head":"<!-- This site is optimized with the Yoast SEO plugin v20.1 - https:\/\/yoast.com\/wordpress\/plugins\/seo\/ -->\n<title>K\u00fcrti Andrea Puzzle adulte de 1000 pi\u00e8ces - Tropical - Oiseaux exotiques<\/title>\n<meta name=\"description\" content=\"K\u00fcrti Andrea Puzzle adulte de 1000 pi\u00e8ces - Tropical - Oiseaux exotiques\" \/>\n<meta name=\"robots\" content=\"index, follow, max-snippet:-1, max-image-preview:large, max-video-preview:-1\" \/>\n<link rel=\"canonical\" href=\"https:\/\/business.roovi.com\/fr\/kurti-andrea-puzzle-adulte-de-1000-pieces-tropical-oiseaux-exotiques\/p\/\" \/>\n<meta property=\"og:locale\" content=\"fr_FR\" \/>\n<meta property=\"og:type\" content=\"article\" \/>\n<meta property=\"og:title\" content=\"K\u00fcrti Andrea Puzzle adulte de 1000 pi\u00e8ces - Tropical - Oiseaux exotiques\" \/>\n<meta property=\"og:description\" content=\"K\u00fcrti Andrea Puzzle adulte de 1000 pi\u00e8ces - Tropical - Oiseaux exotiques\" \/>\n<meta property=\"og:url\" content=\"https:\/\/business.roovi.com\/fr\/kurti-andrea-puzzle-adulte-de-1000-pieces-tropical-oiseaux-exotiques\/p\/\" \/>\n<meta property=\"og:site_name\" content=\"Roovi B2B\" \/>\n<meta property=\"article:publisher\" content=\"https:\/\/www.facebook.com\/wwwjucariero\" \/>\n<meta property=\"article:modified_time\" content=\"2022-07-13T10:23:19+00:00\" \/>\n<meta property=\"og:image\" content=\"https:\/\/business.roovi.com\/wp-content\/uploads\/2018\/04\/72887-01_ansamblu_dimensiuni_cutie_1200x1200.png\" \/>\n\t<meta property=\"og:image:width\" content=\"1200\" \/>\n\t<meta property=\"og:image:height\" content=\"1200\" \/>\n\t<meta property=\"og:image:type\" content=\"image\/png\" \/>\n<meta name=\"twitter:label1\" content=\"Dur\u00e9e de lecture estim\u00e9e\" \/>\n\t<meta name=\"twitter:data1\" content=\"3 minutes\" \/>\n<script type=\"application\/ld+json\" class=\"yoast-schema-graph\">{\"@context\":\"https:\/\/schema.org\",\"@graph\":[{\"@type\":\"WebPage\",\"@id\":\"https:\/\/business.roovi.com\/fr\/kurti-andrea-puzzle-adulte-de-1000-pieces-tropical-oiseaux-exotiques\/p\/\",\"url\":\"https:\/\/business.roovi.com\/fr\/kurti-andrea-puzzle-adulte-de-1000-pieces-tropical-oiseaux-exotiques\/p\/\",\"name\":\"K\u00fcrti Andrea Puzzle adulte de 1000 pi\u00e8ces - Tropical - Oiseaux exotiques\",\"isPartOf\":{\"@id\":\"https:\/\/business.roovi.com\/fr\/#website\"},\"datePublished\":\"2018-04-16T10:56:17+00:00\",\"dateModified\":\"2022-07-13T10:23:19+00:00\",\"description\":\"K\u00fcrti Andrea Puzzle adulte de 1000 pi\u00e8ces - Tropical - Oiseaux exotiques\",\"breadcrumb\":{\"@id\":\"https:\/\/business.roovi.com\/fr\/kurti-andrea-puzzle-adulte-de-1000-pieces-tropical-oiseaux-exotiques\/p\/#breadcrumb\"},\"inLanguage\":\"fr-FR\",\"potentialAction\":[{\"@type\":\"ReadAction\",\"target\":[\"https:\/\/business.roovi.com\/fr\/kurti-andrea-puzzle-adulte-de-1000-pieces-tropical-oiseaux-exotiques\/p\/\"]}]},{\"@type\":\"BreadcrumbList\",\"@id\":\"https:\/\/business.roovi.com\/fr\/kurti-andrea-puzzle-adulte-de-1000-pieces-tropical-oiseaux-exotiques\/p\/#breadcrumb\",\"itemListElement\":[{\"@type\":\"ListItem\",\"position\":1,\"name\":\"Home\",\"item\":\"https:\/\/business.roovi.com\/fr\/\"},{\"@type\":\"ListItem\",\"position\":2,\"name\":\"Boutique\",\"item\":\"https:\/\/business.roovi.com\/fr\/boutique\/\"},{\"@type\":\"ListItem\",\"position\":3,\"name\":\"K\u00fcrti Andrea Puzzle adulte de 1000 pi\u00e8ces &#8211; Tropical &#8211; Oiseaux exotiques\"}]},{\"@type\":\"WebSite\",\"@id\":\"https:\/\/business.roovi.com\/fr\/#website\",\"url\":\"https:\/\/business.roovi.com\/fr\/\",\"name\":\"Roovi B2B\",\"description\":\"Roovi Business Website\",\"potentialAction\":[{\"@type\":\"SearchAction\",\"target\":{\"@type\":\"EntryPoint\",\"urlTemplate\":\"https:\/\/business.roovi.com\/fr\/?s={search_term_string}\"},\"query-input\":\"required name=search_term_string\"}],\"inLanguage\":\"fr-FR\"}]}<\/script>\n<!-- \/ Yoast SEO plugin. -->","yoast_head_json":{"title":"K\u00fcrti Andrea Puzzle adulte de 1000 pi\u00e8ces - Tropical - Oiseaux exotiques","description":"K\u00fcrti Andrea Puzzle adulte de 1000 pi\u00e8ces - Tropical - Oiseaux exotiques","robots":{"index":"index","follow":"follow","max-snippet":"max-snippet:-1","max-image-preview":"max-image-preview:large","max-video-preview":"max-video-preview:-1"},"canonical":"https:\/\/business.roovi.com\/fr\/kurti-andrea-puzzle-adulte-de-1000-pieces-tropical-oiseaux-exotiques\/p\/","og_locale":"fr_FR","og_type":"article","og_title":"K\u00fcrti Andrea Puzzle adulte de 1000 pi\u00e8ces - Tropical - Oiseaux exotiques","og_description":"K\u00fcrti Andrea Puzzle adulte de 1000 pi\u00e8ces - Tropical - Oiseaux exotiques","og_url":"https:\/\/business.roovi.com\/fr\/kurti-andrea-puzzle-adulte-de-1000-pieces-tropical-oiseaux-exotiques\/p\/","og_site_name":"Roovi B2B","article_publisher":"https:\/\/www.facebook.com\/wwwjucariero","article_modified_time":"2022-07-13T10:23:19+00:00","og_image":[{"width":1200,"height":1200,"url":"https:\/\/business.roovi.com\/wp-content\/uploads\/2018\/04\/72887-01_ansamblu_dimensiuni_cutie_1200x1200.png","type":"image\/png"}],"twitter_misc":{"Dur\u00e9e de lecture estim\u00e9e":"3 minutes"},"schema":{"@context":"https:\/\/schema.org","@graph":[{"@type":"WebPage","@id":"https:\/\/business.roovi.com\/fr\/kurti-andrea-puzzle-adulte-de-1000-pieces-tropical-oiseaux-exotiques\/p\/","url":"https:\/\/business.roovi.com\/fr\/kurti-andrea-puzzle-adulte-de-1000-pieces-tropical-oiseaux-exotiques\/p\/","name":"K\u00fcrti Andrea Puzzle adulte de 1000 pi\u00e8ces - Tropical - Oiseaux exotiques","isPartOf":{"@id":"https:\/\/business.roovi.com\/fr\/#website"},"datePublished":"2018-04-16T10:56:17+00:00","dateModified":"2022-07-13T10:23:19+00:00","description":"K\u00fcrti Andrea Puzzle adulte de 1000 pi\u00e8ces - Tropical - Oiseaux exotiques","breadcrumb":{"@id":"https:\/\/business.roovi.com\/fr\/kurti-andrea-puzzle-adulte-de-1000-pieces-tropical-oiseaux-exotiques\/p\/#breadcrumb"},"inLanguage":"fr-FR","potentialAction":[{"@type":"ReadAction","target":["https:\/\/business.roovi.com\/fr\/kurti-andrea-puzzle-adulte-de-1000-pieces-tropical-oiseaux-exotiques\/p\/"]}]},{"@type":"BreadcrumbList","@id":"https:\/\/business.roovi.com\/fr\/kurti-andrea-puzzle-adulte-de-1000-pieces-tropical-oiseaux-exotiques\/p\/#breadcrumb","itemListElement":[{"@type":"ListItem","position":1,"name":"Home","item":"https:\/\/business.roovi.com\/fr\/"},{"@type":"ListItem","position":2,"name":"Boutique","item":"https:\/\/business.roovi.com\/fr\/boutique\/"},{"@type":"ListItem","position":3,"name":"K\u00fcrti Andrea Puzzle adulte de 1000 pi\u00e8ces &#8211; Tropical &#8211; Oiseaux exotiques"}]},{"@type":"WebSite","@id":"https:\/\/business.roovi.com\/fr\/#website","url":"https:\/\/business.roovi.com\/fr\/","name":"Roovi B2B","description":"Roovi Business Website","potentialAction":[{"@type":"SearchAction","target":{"@type":"EntryPoint","urlTemplate":"https:\/\/business.roovi.com\/fr\/?s={search_term_string}"},"query-input":"required name=search_term_string"}],"inLanguage":"fr-FR"}]}},"_links":{"self":[{"href":"https:\/\/business.roovi.com\/fr\/wp-json\/wp\/v2\/product\/53140","targetHints":{"allow":["GET"]}}],"collection":[{"href":"https:\/\/business.roovi.com\/fr\/wp-json\/wp\/v2\/product"}],"about":[{"href":"https:\/\/business.roovi.com\/fr\/wp-json\/wp\/v2\/types\/product"}],"version-history":[{"count":0,"href":"https:\/\/business.roovi.com\/fr\/wp-json\/wp\/v2\/product\/53140\/revisions"}],"wp:featuredmedia":[{"embeddable":true,"href":"https:\/\/business.roovi.com\/fr\/wp-json\/wp\/v2\/media\/47700"}],"wp:attachment":[{"href":"https:\/\/business.roovi.com\/fr\/wp-json\/wp\/v2\/media?parent=53140"}],"wp:term":[{"taxonomy":"product_brand","embeddable":true,"href":"https:\/\/business.roovi.com\/fr\/wp-json\/wp\/v2\/product_brand?post=53140"},{"taxonomy":"product_cat","embeddable":true,"href":"https:\/\/business.roovi.com\/fr\/wp-json\/wp\/v2\/product_cat?post=53140"},{"taxonomy":"product_tag","embeddable":true,"href":"https:\/\/business.roovi.com\/fr\/wp-json\/wp\/v2\/product_tag?post=53140"}],"curies":[{"name":"wp","href":"https:\/\/api.w.org\/{rel}","templated":true}]}}