{"id":53141,"date":"2018-04-16T10:56:17","date_gmt":"2018-04-16T10:56:17","guid":{"rendered":"https:\/\/business.roovi.com\/puzzle-adulti-1000-piese-kurti-andrea-tropical-flamingo\/p\/"},"modified":"2022-07-13T10:23:20","modified_gmt":"2022-07-13T10:23:20","slug":"kurti-andrea-1000-pieces-puzzle-adulte-tropical-flamingo","status":"publish","type":"product","link":"https:\/\/business.roovi.com\/fr\/kurti-andrea-1000-pieces-puzzle-adulte-tropical-flamingo\/p\/","title":{"rendered":"K\u00fcrti Andrea 1000 pi\u00e8ces puzzle adulte &#8211; Tropical &#8211; Flamingo"},"content":{"rendered":"<p><span style=\"font-weight: 400;\">Tu aimes les jeux de puzzle et tu veux recr\u00e9er des images uniques qui mettent au d\u00e9fi tes comp\u00e9tences et ton sens du d\u00e9tail ? Le puzzle de 1000 pi\u00e8ces avec des oiseaux flamands rendus de mani\u00e8re non conventionnelle ravit tes sens et te procure jusqu&rsquo;\u00e0 30 heures de plaisir relaxant.<\/span><\/p>\n<p><span style=\"font-weight: 400;\">Le puzzle 1000 pi\u00e8ces &#8211; Flamingo fait partie de la collection de puzzles tropicaux de l&rsquo;artiste K\u00fcrti Andrea. La cr\u00e9atrice a imagin\u00e9 une colonie de flamants roses qu&rsquo;elle a color\u00e9s et plac\u00e9s dans un d\u00e9cor exotique anim\u00e9 <\/span><\/p>\n<p><span style=\"font-weight: 400;\">Chaque oiseau flamant rose de ce superbe puzzle pour adultes est unique. Les teintes similaires risquent de te rebuter. Mais si tu as suffisamment de pratique des jeux de puzzle, tu pourras reconstituer l&rsquo;image sans grande difficult\u00e9.<\/span><\/p>\n<p><span style=\"font-weight: 400;\">Tu peux utiliser une table basse standard pour soutenir les pi\u00e8ces et composer l&rsquo;image du puzzle flamant rose de 1000 pi\u00e8ces. L&rsquo;image reconstitu\u00e9e mesure 50 x 70 cm.<\/span><\/p>\n<p><strong>Pourquoi choisir le puzzle 1000 pi\u00e8ces K\u00fcrti Andrea &#8211; Tropical &#8211; Flamingo ? <\/strong><\/p>\n<p><span style=\"font-weight: 400;\">Tu obtiendras un puzzle fascinant de 1000 pi\u00e8ces qui embellira ta maison.<\/span><\/p>\n<p><span style=\"font-weight: 400;\">C&rsquo;est un jeu de puzzle produit \u00e0 partir de carton bleu de haute qualit\u00e9 et peut \u00eatre un excellent cadeau pour les amis amateurs de puzzle.<\/span><\/p>\n<p><span style=\"font-weight: 400;\">Il est respectueux de la nature, car il est fabriqu\u00e9 \u00e0 partir de mat\u00e9riaux recyclables et durables.<\/span><\/p>\n<p><span style=\"font-weight: 400;\">Elle r\u00e9siste \u00e0 l&rsquo;\u00e9preuve du temps et \u00e0 de multiples utilisations, car elle est faite de mat\u00e9riaux durables.<\/span><\/p>\n<p><span style=\"font-weight: 400;\">Elle a une finition semi-brillante dans des couleurs vives.<\/span><\/p>\n<p><span style=\"font-weight: 400;\">Il convient aux personnes de plus de 14 ans, tu peux donc faire participer des adolescents \u00e0 l&rsquo;activit\u00e9 d&rsquo;assemblage.<\/span><\/p>\n<p><span style=\"font-weight: 400;\">K\u00fcrti Andrea &#8211; Tropical &#8211; Flamingo Puzzle de 1000 pi\u00e8ces et les avantages qu&rsquo;il t&rsquo;offre :<\/span><\/p>\n<ul>\n<li><span style=\"font-weight: 400;\">Cr\u00e9e une image fabuleuse que tu peux exposer dans l&rsquo;une des pi\u00e8ces de ta maison.<\/span><\/li>\n<li><span style=\"font-weight: 400;\">C&rsquo;est l&rsquo;occasion parfaite de passer ton temps libre de mani\u00e8re cr\u00e9ative.<\/span><\/li>\n<li><span style=\"font-weight: 400;\">Cela t&rsquo;aide \u00e0 entra\u00eener ton attention aux d\u00e9tails.<\/span><\/li>\n<li><span style=\"font-weight: 400;\">Elle d\u00e9veloppe ton imagination et ton sens esth\u00e9tique.<\/span><\/li>\n<li><span style=\"font-weight: 400;\">C&rsquo;est une bonne occasion de socialiser et de cr\u00e9er des liens avec tes enfants adolescents.<\/span><\/li>\n<li><span style=\"font-weight: 400;\">Cela peut \u00eatre un moyen de se d\u00e9tendre et de se d\u00e9connecter des \u00e9crans des appareils mobiles.<\/span><\/li>\n<li><span style=\"font-weight: 400;\">Il t&rsquo;aide \u00e0 entrer dans un \u00e9tat de profonde concentration et \u00e0 maintenir cet \u00e9tat.<\/span><\/li>\n<\/ul>\n<p><strong>Tu savais que&#8230; ?<\/strong><\/p>\n<p><span style=\"font-weight: 400;\">Il existe 6 esp\u00e8ces de flamants roses dans le monde.<\/span><\/p>\n<p><span style=\"font-weight: 400;\">Les flamants roses femelles et m\u00e2les s&rsquo;assoient sur les \u0153ufs jusqu&rsquo;\u00e0 ce que les poussins \u00e9closent.<\/span><\/p>\n<p><span style=\"font-weight: 400;\">La couleur de leurs plumes est due \u00e0 leur alimentation riche en b\u00eata-carot\u00e8ne.<\/span><\/p>\n<p><span style=\"font-weight: 400;\">Les poussins de flamants roses n&rsquo;ont pas de bec courb\u00e9, mais acqui\u00e8rent cette forme plus tard.<\/span><\/p>\n<p><span style=\"font-weight: 400;\">Les flamants roses ne respirent pas pendant qu&rsquo;ils mangent.<\/span><\/p>\n<p><span style=\"font-weight: 400;\">Le flamant rose qui a v\u00e9cu le plus longtemps a v\u00e9cu 83 ans.<\/span><\/p>\n<p><strong>Le puzzle de 1000 pi\u00e8ces rompt la monotonie des journ\u00e9es froides<\/strong><\/p>\n<p><span style=\"font-weight: 400;\">Les jours de mauvais temps sont difficiles \u00e0 trouver et tu ressens le besoin de briser la routine ? Choisis le puzzle tropical &#8211; flamant rose de 1000 pi\u00e8ces et construis avec les enfants un tableau \u00e9tonnant qu&rsquo;ils ne sont pas pr\u00eats d&rsquo;oublier. Profite de cette occasion pour renforcer les relations avec tes enfants et leur apprendre le travail d&rsquo;\u00e9quipe.<\/span><\/p>\n<p><span style=\"font-weight: 400;\">Le puzzle de 1000 pi\u00e8ces de K\u00fcrti Andrea &#8211; Tropical &#8211; Flamingo peut \u00eatre conserv\u00e9 \u00e0 la maison et refait avec tes proches chaque fois que tu ressens le besoin d&rsquo;un d\u00e9fi cr\u00e9atif.<\/span><\/p>\n<p><span style=\"font-weight: 400;\">Ach\u00e8te un puzzle 1000 pi\u00e8ces &#8211; flamant rose et cr\u00e9e un tableau original qui sera superbe sur l&rsquo;un des murs de ta maison. D\u00e9couvre tous les jeux de puzzle de la gamme puzzle tropical et cr\u00e9e ta propre collection unique de puzzles de 1000 pi\u00e8ces <\/span><\/p>\n<p><span style=\"font-weight: 400;\">Tu veux surprendre tes amis pour les f\u00eates ? Le puzzle flamant rose de 1000 pi\u00e8ces \u00e9limine le stress de la recherche de cadeaux et met des sourires sur le visage de tes proches.<\/span><\/p><\/p>\n","protected":false},"excerpt":{"rendered":"<p>Tu aimes les jeux de puzzle et tu veux recr\u00e9er des images uniques qui mettent au d\u00e9fi tes comp\u00e9tences et<\/p>\n","protected":false},"featured_media":47707,"template":"","meta":[],"product_brand":[],"product_cat":[2314,2316,2315],"product_tag":[],"class_list":{"0":"post-53141","1":"product","2":"type-product","3":"status-publish","4":"has-post-thumbnail","6":"product_cat-puzzles-fr","7":"product_cat-puzzles-de-1000-pieces","8":"product_cat-puzzles-pour-adultes","9":"pa_bax-10-fr","10":"pa_brand-d_toys-fr","11":"pa_country_of_manufacture-ro-fr","12":"pa_filter_age-14-fr","13":"pa_painter-kurtiandrea-fr","14":"pa_tip_ambalaj-boite","15":"pa_tip_puzzle-classique","17":"first","18":"instock","19":"taxable","20":"shipping-taxable","21":"product-type-simple"},"yoast_head":"<!-- This site is optimized with the Yoast SEO plugin v20.1 - https:\/\/yoast.com\/wordpress\/plugins\/seo\/ -->\n<title>K\u00fcrti Andrea 1000 pi\u00e8ces puzzle adulte - Tropical - Flamingo<\/title>\n<meta name=\"description\" content=\"K\u00fcrti Andrea 1000 pi\u00e8ces puzzle adulte - Tropical - Flamingo\" \/>\n<meta name=\"robots\" content=\"index, follow, max-snippet:-1, max-image-preview:large, max-video-preview:-1\" \/>\n<link rel=\"canonical\" href=\"https:\/\/business.roovi.com\/fr\/kurti-andrea-1000-pieces-puzzle-adulte-tropical-flamingo\/p\/\" \/>\n<meta property=\"og:locale\" content=\"fr_FR\" \/>\n<meta property=\"og:type\" content=\"article\" \/>\n<meta property=\"og:title\" content=\"K\u00fcrti Andrea 1000 pi\u00e8ces puzzle adulte - Tropical - Flamingo\" \/>\n<meta property=\"og:description\" content=\"K\u00fcrti Andrea 1000 pi\u00e8ces puzzle adulte - Tropical - Flamingo\" \/>\n<meta property=\"og:url\" content=\"https:\/\/business.roovi.com\/fr\/kurti-andrea-1000-pieces-puzzle-adulte-tropical-flamingo\/p\/\" \/>\n<meta property=\"og:site_name\" content=\"Roovi B2B\" \/>\n<meta property=\"article:publisher\" content=\"https:\/\/www.facebook.com\/wwwjucariero\" \/>\n<meta property=\"article:modified_time\" content=\"2022-07-13T10:23:20+00:00\" \/>\n<meta property=\"og:image\" content=\"https:\/\/business.roovi.com\/wp-content\/uploads\/2018\/04\/72887-02_ansamblu_dimensiuni_cutie_cm_vertical_1200x1200.png\" \/>\n\t<meta property=\"og:image:width\" content=\"1200\" \/>\n\t<meta property=\"og:image:height\" content=\"1200\" \/>\n\t<meta property=\"og:image:type\" content=\"image\/png\" \/>\n<meta name=\"twitter:label1\" content=\"Dur\u00e9e de lecture estim\u00e9e\" \/>\n\t<meta name=\"twitter:data1\" content=\"3 minutes\" \/>\n<script type=\"application\/ld+json\" class=\"yoast-schema-graph\">{\"@context\":\"https:\/\/schema.org\",\"@graph\":[{\"@type\":\"WebPage\",\"@id\":\"https:\/\/business.roovi.com\/fr\/kurti-andrea-1000-pieces-puzzle-adulte-tropical-flamingo\/p\/\",\"url\":\"https:\/\/business.roovi.com\/fr\/kurti-andrea-1000-pieces-puzzle-adulte-tropical-flamingo\/p\/\",\"name\":\"K\u00fcrti Andrea 1000 pi\u00e8ces puzzle adulte - Tropical - Flamingo\",\"isPartOf\":{\"@id\":\"https:\/\/business.roovi.com\/fr\/#website\"},\"datePublished\":\"2018-04-16T10:56:17+00:00\",\"dateModified\":\"2022-07-13T10:23:20+00:00\",\"description\":\"K\u00fcrti Andrea 1000 pi\u00e8ces puzzle adulte - Tropical - Flamingo\",\"breadcrumb\":{\"@id\":\"https:\/\/business.roovi.com\/fr\/kurti-andrea-1000-pieces-puzzle-adulte-tropical-flamingo\/p\/#breadcrumb\"},\"inLanguage\":\"fr-FR\",\"potentialAction\":[{\"@type\":\"ReadAction\",\"target\":[\"https:\/\/business.roovi.com\/fr\/kurti-andrea-1000-pieces-puzzle-adulte-tropical-flamingo\/p\/\"]}]},{\"@type\":\"BreadcrumbList\",\"@id\":\"https:\/\/business.roovi.com\/fr\/kurti-andrea-1000-pieces-puzzle-adulte-tropical-flamingo\/p\/#breadcrumb\",\"itemListElement\":[{\"@type\":\"ListItem\",\"position\":1,\"name\":\"Home\",\"item\":\"https:\/\/business.roovi.com\/fr\/\"},{\"@type\":\"ListItem\",\"position\":2,\"name\":\"Boutique\",\"item\":\"https:\/\/business.roovi.com\/fr\/boutique\/\"},{\"@type\":\"ListItem\",\"position\":3,\"name\":\"K\u00fcrti Andrea 1000 pi\u00e8ces puzzle adulte &#8211; Tropical &#8211; Flamingo\"}]},{\"@type\":\"WebSite\",\"@id\":\"https:\/\/business.roovi.com\/fr\/#website\",\"url\":\"https:\/\/business.roovi.com\/fr\/\",\"name\":\"Roovi B2B\",\"description\":\"Roovi Business Website\",\"potentialAction\":[{\"@type\":\"SearchAction\",\"target\":{\"@type\":\"EntryPoint\",\"urlTemplate\":\"https:\/\/business.roovi.com\/fr\/?s={search_term_string}\"},\"query-input\":\"required name=search_term_string\"}],\"inLanguage\":\"fr-FR\"}]}<\/script>\n<!-- \/ Yoast SEO plugin. -->","yoast_head_json":{"title":"K\u00fcrti Andrea 1000 pi\u00e8ces puzzle adulte - Tropical - Flamingo","description":"K\u00fcrti Andrea 1000 pi\u00e8ces puzzle adulte - Tropical - Flamingo","robots":{"index":"index","follow":"follow","max-snippet":"max-snippet:-1","max-image-preview":"max-image-preview:large","max-video-preview":"max-video-preview:-1"},"canonical":"https:\/\/business.roovi.com\/fr\/kurti-andrea-1000-pieces-puzzle-adulte-tropical-flamingo\/p\/","og_locale":"fr_FR","og_type":"article","og_title":"K\u00fcrti Andrea 1000 pi\u00e8ces puzzle adulte - Tropical - Flamingo","og_description":"K\u00fcrti Andrea 1000 pi\u00e8ces puzzle adulte - Tropical - Flamingo","og_url":"https:\/\/business.roovi.com\/fr\/kurti-andrea-1000-pieces-puzzle-adulte-tropical-flamingo\/p\/","og_site_name":"Roovi B2B","article_publisher":"https:\/\/www.facebook.com\/wwwjucariero","article_modified_time":"2022-07-13T10:23:20+00:00","og_image":[{"width":1200,"height":1200,"url":"https:\/\/business.roovi.com\/wp-content\/uploads\/2018\/04\/72887-02_ansamblu_dimensiuni_cutie_cm_vertical_1200x1200.png","type":"image\/png"}],"twitter_misc":{"Dur\u00e9e de lecture estim\u00e9e":"3 minutes"},"schema":{"@context":"https:\/\/schema.org","@graph":[{"@type":"WebPage","@id":"https:\/\/business.roovi.com\/fr\/kurti-andrea-1000-pieces-puzzle-adulte-tropical-flamingo\/p\/","url":"https:\/\/business.roovi.com\/fr\/kurti-andrea-1000-pieces-puzzle-adulte-tropical-flamingo\/p\/","name":"K\u00fcrti Andrea 1000 pi\u00e8ces puzzle adulte - Tropical - Flamingo","isPartOf":{"@id":"https:\/\/business.roovi.com\/fr\/#website"},"datePublished":"2018-04-16T10:56:17+00:00","dateModified":"2022-07-13T10:23:20+00:00","description":"K\u00fcrti Andrea 1000 pi\u00e8ces puzzle adulte - Tropical - Flamingo","breadcrumb":{"@id":"https:\/\/business.roovi.com\/fr\/kurti-andrea-1000-pieces-puzzle-adulte-tropical-flamingo\/p\/#breadcrumb"},"inLanguage":"fr-FR","potentialAction":[{"@type":"ReadAction","target":["https:\/\/business.roovi.com\/fr\/kurti-andrea-1000-pieces-puzzle-adulte-tropical-flamingo\/p\/"]}]},{"@type":"BreadcrumbList","@id":"https:\/\/business.roovi.com\/fr\/kurti-andrea-1000-pieces-puzzle-adulte-tropical-flamingo\/p\/#breadcrumb","itemListElement":[{"@type":"ListItem","position":1,"name":"Home","item":"https:\/\/business.roovi.com\/fr\/"},{"@type":"ListItem","position":2,"name":"Boutique","item":"https:\/\/business.roovi.com\/fr\/boutique\/"},{"@type":"ListItem","position":3,"name":"K\u00fcrti Andrea 1000 pi\u00e8ces puzzle adulte &#8211; Tropical &#8211; Flamingo"}]},{"@type":"WebSite","@id":"https:\/\/business.roovi.com\/fr\/#website","url":"https:\/\/business.roovi.com\/fr\/","name":"Roovi B2B","description":"Roovi Business Website","potentialAction":[{"@type":"SearchAction","target":{"@type":"EntryPoint","urlTemplate":"https:\/\/business.roovi.com\/fr\/?s={search_term_string}"},"query-input":"required name=search_term_string"}],"inLanguage":"fr-FR"}]}},"_links":{"self":[{"href":"https:\/\/business.roovi.com\/fr\/wp-json\/wp\/v2\/product\/53141","targetHints":{"allow":["GET"]}}],"collection":[{"href":"https:\/\/business.roovi.com\/fr\/wp-json\/wp\/v2\/product"}],"about":[{"href":"https:\/\/business.roovi.com\/fr\/wp-json\/wp\/v2\/types\/product"}],"version-history":[{"count":0,"href":"https:\/\/business.roovi.com\/fr\/wp-json\/wp\/v2\/product\/53141\/revisions"}],"wp:featuredmedia":[{"embeddable":true,"href":"https:\/\/business.roovi.com\/fr\/wp-json\/wp\/v2\/media\/47707"}],"wp:attachment":[{"href":"https:\/\/business.roovi.com\/fr\/wp-json\/wp\/v2\/media?parent=53141"}],"wp:term":[{"taxonomy":"product_brand","embeddable":true,"href":"https:\/\/business.roovi.com\/fr\/wp-json\/wp\/v2\/product_brand?post=53141"},{"taxonomy":"product_cat","embeddable":true,"href":"https:\/\/business.roovi.com\/fr\/wp-json\/wp\/v2\/product_cat?post=53141"},{"taxonomy":"product_tag","embeddable":true,"href":"https:\/\/business.roovi.com\/fr\/wp-json\/wp\/v2\/product_tag?post=53141"}],"curies":[{"name":"wp","href":"https:\/\/api.w.org\/{rel}","templated":true}]}}