{"id":53145,"date":"2018-04-16T10:56:17","date_gmt":"2018-04-16T10:56:17","guid":{"rendered":"https:\/\/business.roovi.com\/puzzle-adulti-1000-piese-kurti-andrea-tropical-animale-exotice\/p\/"},"modified":"2022-07-13T10:23:22","modified_gmt":"2022-07-13T10:23:22","slug":"kurti-andrea-puzzle-adulte-de-1000-pieces-tropical-animaux-exotiques","status":"publish","type":"product","link":"https:\/\/business.roovi.com\/fr\/kurti-andrea-puzzle-adulte-de-1000-pieces-tropical-animaux-exotiques\/p\/","title":{"rendered":"K\u00fcrti Andrea Puzzle adulte de 1000 pi\u00e8ces &#8211; Tropical &#8211; Animaux exotiques"},"content":{"rendered":"<p><span style=\"font-weight: 400;\">Tu aimes donner de la valeur \u00e0 ton temps en compl\u00e9tant des jeux de puzzle et tu aimerais que tes enfants partagent ta passion ? Le puzzle 1000 pi\u00e8ces d&rsquo;Animaux exotiques est l&rsquo;occasion id\u00e9ale pour inciter les adolescents \u00e0 poser leurs \u00e9crans et \u00e0 se connecter en famille.<\/span><\/p>\n<p><span style=\"font-weight: 400;\">L&rsquo;artiste K\u00fcrti Andrea a cr\u00e9\u00e9 une illustration \u00e9tonnante tout droit sortie d&rsquo;un dessin anim\u00e9 d&rsquo;animaux de la savane africaine. Au centre de l&rsquo;image se trouve le grand \u00e9l\u00e9phant d&rsquo;Afrique, \u00e0 c\u00f4t\u00e9 de lui se trouve un z\u00e8bre, sur un c\u00f4t\u00e9 se trouve le long cou d&rsquo;une girafe, et de l&rsquo;autre c\u00f4t\u00e9 le roi lion regarde son public. La douce t\u00eate d&rsquo;un singe \u00e9merge de la riche v\u00e9g\u00e9tation. Tous ces animaux exotiques sont entour\u00e9s de plantes exotiques, repr\u00e9sent\u00e9es dans des couleurs chaudes.<\/span><\/p>\n<p><span style=\"font-weight: 400;\">Les d\u00e9tails \u00e9tonnants et les couleurs vives te donnent une bonne humeur et beaucoup d&rsquo;ondes positives. L&rsquo;image anim\u00e9e plaira certainement aux enfants, qui seront tes aides pour compl\u00e9ter le tableau. \u00c0 la fin, tu peux les r\u00e9compenser en mettant la premi\u00e8re image du puzzle de 1000 pi\u00e8ces dans leur cadre et en d\u00e9corant leur chambre avec.<\/span><\/p>\n<p><strong>Pourquoi choisir le puzzle de 1000 pi\u00e8ces K\u00fcrti Andrea &#8211; Tropical &#8211; Animaux exotiques ? <\/strong><\/p>\n<p><span style=\"font-weight: 400;\">Tu obtiendras une image de 50 x 70 cm \u00e0 partir du puzzle de 1000 pi\u00e8ces.<\/span><\/p>\n<p><span style=\"font-weight: 400;\">Ce puzzle est fabriqu\u00e9 en carton bleu de qualit\u00e9 sup\u00e9rieure, ce qui en fait le cadeau id\u00e9al pour les amateurs de puzzle 1000 pi\u00e8ces.<\/span><\/p>\n<p><span style=\"font-weight: 400;\">Il est respectueux de la nature et durable, fabriqu\u00e9 \u00e0 partir de mat\u00e9riaux durables, recyclables et r\u00e9sistants.<\/span><\/p>\n<p><span style=\"font-weight: 400;\">Ses finitions semi-brillantes et ses couleurs vives font le bonheur des adultes et des enfants.<\/span><\/p>\n<p><span style=\"font-weight: 400;\">Il est adapt\u00e9 aux personnes de plus de 14 ans, donc il n&rsquo;est bon que pour toi et tes enfants adolescents.<\/span><\/p>\n<p><strong>Le jeu de puzzle Exotic Animals entra\u00eene tes comp\u00e9tences telles que :<\/strong><\/p>\n<p><span style=\"font-weight: 400;\">M\u00e9moire<\/span><\/p>\n<p><span style=\"font-weight: 400;\">Attention<\/span><\/p>\n<p><span style=\"font-weight: 400;\">Pers\u00e9v\u00e9rance<\/span><\/p>\n<p><span style=\"font-weight: 400;\">Comp\u00e9tence<\/span><\/p>\n<p><span style=\"font-weight: 400;\">Pens\u00e9e logique<\/span><\/p>\n<p><span style=\"font-weight: 400;\">Comp\u00e9tences visuelles et spatiales<\/span><\/p>\n<p><strong>Tu savais que&#8230; ?<\/strong><\/p>\n<p><span style=\"font-weight: 400;\">La savane africaine repr\u00e9sente environ 65% du continent africain.<\/span><\/p>\n<p><span style=\"font-weight: 400;\">La plupart des ressources du continent proviennent de la savane car on y cultive diverses cultures comme le millet, le ma\u00efs, le sorgho et la canne \u00e0 sucre.<\/span><\/p>\n<p><span style=\"font-weight: 400;\">La majorit\u00e9 de la population de lions vit dans la savane africaine, mais il y en a aussi quelques-uns en Inde.<\/span><\/p>\n<p><span style=\"font-weight: 400;\">Les lions chassent principalement pendant les orages, la nuit. La vision nocturne est excellente et les sons de la temp\u00eate leur donnent un avantage consid\u00e9rable sur leurs proies.<\/span><\/p>\n<p><span style=\"font-weight: 400;\">L&rsquo;\u00e9l\u00e9phant d&rsquo;Afrique est connu comme \u00ab\u00a0l&rsquo;ing\u00e9nieur de l&rsquo;\u00e9cosyst\u00e8me\u00a0\u00bb. Par exemple, ils d\u00e9racinent les arbres dans la savane, ce qui permet de garder le paysage ouvert pour que les z\u00e8bres et autres herbivores de plaine puissent prosp\u00e9rer.<\/span><\/p>\n<p><strong>Puzzle de 1000 pi\u00e8ces<\/strong> <strong>&#8211; Les animaux exotiques t&rsquo;inspirent pour \u00eatre cr\u00e9atif<\/strong><\/p>\n<p><span style=\"font-weight: 400;\">Si tu choisis de terminer ce jeu de puzzle color\u00e9 et anim\u00e9 avec tes enfants, il peut \u00eatre le point de d\u00e9part de discussions divertissantes et \u00e9ducatives sur la terre lointaine de la savane ou les animaux sauvages exotiques.<\/span><\/p>\n<p><span style=\"font-weight: 400;\">Profite d&rsquo;un puzzle exceptionnel de 1000 pi\u00e8ces et cr\u00e9e un sc\u00e9nario fabuleux o\u00f9 les enfants sont des d\u00e9tectives \u00e0 la recherche d&rsquo;indices dans la savane africaine pour r\u00e9soudre le myst\u00e8re des animaux sauvages <\/span><\/p>\n<p><span style=\"font-weight: 400;\">Le puzzle 1000 pi\u00e8ces d&rsquo;Animaux exotiques offre plus que du plaisir : des souvenirs pr\u00e9cieux avec les personnes les plus importantes de ta vie.<\/span><\/p>\n<p><span style=\"font-weight: 400;\">Ce puzzle pour adultes est id\u00e9al \u00e0 garder \u00e0 la maison et \u00e0 recr\u00e9er chaque fois que tu ressens le besoin de rompre la monotonie. Ou, si tu veux faire plaisir \u00e0 d&rsquo;autres familles avec des adolescents, le puzzle de 1000 pi\u00e8ces de K\u00fcrti Andrea &#8211; Tropical &#8211; Animaux exotiques est le choix parfait.<\/span><\/p><\/p>\n","protected":false},"excerpt":{"rendered":"<p>Tu aimes donner de la valeur \u00e0 ton temps en compl\u00e9tant des jeux de puzzle et tu aimerais que tes<\/p>\n","protected":false},"featured_media":47729,"template":"","meta":[],"product_brand":[],"product_cat":[2314,2316,2315],"product_tag":[],"class_list":{"0":"post-53145","1":"product","2":"type-product","3":"status-publish","4":"has-post-thumbnail","6":"product_cat-puzzles-fr","7":"product_cat-puzzles-de-1000-pieces","8":"product_cat-puzzles-pour-adultes","9":"pa_bax-10-fr","10":"pa_brand-d_toys-fr","11":"pa_country_of_manufacture-ro-fr","12":"pa_filter_age-14-fr","13":"pa_painter-kurtiandrea-fr","14":"pa_tip_ambalaj-boite","15":"pa_tip_puzzle-classique","17":"first","18":"instock","19":"taxable","20":"shipping-taxable","21":"product-type-simple"},"yoast_head":"<!-- This site is optimized with the Yoast SEO plugin v20.1 - https:\/\/yoast.com\/wordpress\/plugins\/seo\/ -->\n<title>K\u00fcrti Andrea Puzzle adulte de 1000 pi\u00e8ces - Tropical - Animaux exotiques<\/title>\n<meta name=\"description\" content=\"K\u00fcrti Andrea Puzzle adulte de 1000 pi\u00e8ces - Tropical - Animaux exotiques\" \/>\n<meta name=\"robots\" content=\"index, follow, max-snippet:-1, max-image-preview:large, max-video-preview:-1\" \/>\n<link rel=\"canonical\" href=\"https:\/\/business.roovi.com\/fr\/kurti-andrea-puzzle-adulte-de-1000-pieces-tropical-animaux-exotiques\/p\/\" \/>\n<meta property=\"og:locale\" content=\"fr_FR\" \/>\n<meta property=\"og:type\" content=\"article\" \/>\n<meta property=\"og:title\" content=\"K\u00fcrti Andrea Puzzle adulte de 1000 pi\u00e8ces - Tropical - Animaux exotiques\" \/>\n<meta property=\"og:description\" content=\"K\u00fcrti Andrea Puzzle adulte de 1000 pi\u00e8ces - Tropical - Animaux exotiques\" \/>\n<meta property=\"og:url\" content=\"https:\/\/business.roovi.com\/fr\/kurti-andrea-puzzle-adulte-de-1000-pieces-tropical-animaux-exotiques\/p\/\" \/>\n<meta property=\"og:site_name\" content=\"Roovi B2B\" \/>\n<meta property=\"article:publisher\" content=\"https:\/\/www.facebook.com\/wwwjucariero\" \/>\n<meta property=\"article:modified_time\" content=\"2022-07-13T10:23:22+00:00\" \/>\n<meta property=\"og:image\" content=\"https:\/\/business.roovi.com\/wp-content\/uploads\/2018\/04\/72887-4_ansamblu_dimensiuni_cutie_cm_orizontal_1200x1200.png\" \/>\n\t<meta property=\"og:image:width\" content=\"1200\" \/>\n\t<meta property=\"og:image:height\" content=\"1200\" \/>\n\t<meta property=\"og:image:type\" content=\"image\/png\" \/>\n<meta name=\"twitter:label1\" content=\"Dur\u00e9e de lecture estim\u00e9e\" \/>\n\t<meta name=\"twitter:data1\" content=\"3 minutes\" \/>\n<script type=\"application\/ld+json\" class=\"yoast-schema-graph\">{\"@context\":\"https:\/\/schema.org\",\"@graph\":[{\"@type\":\"WebPage\",\"@id\":\"https:\/\/business.roovi.com\/fr\/kurti-andrea-puzzle-adulte-de-1000-pieces-tropical-animaux-exotiques\/p\/\",\"url\":\"https:\/\/business.roovi.com\/fr\/kurti-andrea-puzzle-adulte-de-1000-pieces-tropical-animaux-exotiques\/p\/\",\"name\":\"K\u00fcrti Andrea Puzzle adulte de 1000 pi\u00e8ces - Tropical - Animaux exotiques\",\"isPartOf\":{\"@id\":\"https:\/\/business.roovi.com\/fr\/#website\"},\"datePublished\":\"2018-04-16T10:56:17+00:00\",\"dateModified\":\"2022-07-13T10:23:22+00:00\",\"description\":\"K\u00fcrti Andrea Puzzle adulte de 1000 pi\u00e8ces - Tropical - Animaux exotiques\",\"breadcrumb\":{\"@id\":\"https:\/\/business.roovi.com\/fr\/kurti-andrea-puzzle-adulte-de-1000-pieces-tropical-animaux-exotiques\/p\/#breadcrumb\"},\"inLanguage\":\"fr-FR\",\"potentialAction\":[{\"@type\":\"ReadAction\",\"target\":[\"https:\/\/business.roovi.com\/fr\/kurti-andrea-puzzle-adulte-de-1000-pieces-tropical-animaux-exotiques\/p\/\"]}]},{\"@type\":\"BreadcrumbList\",\"@id\":\"https:\/\/business.roovi.com\/fr\/kurti-andrea-puzzle-adulte-de-1000-pieces-tropical-animaux-exotiques\/p\/#breadcrumb\",\"itemListElement\":[{\"@type\":\"ListItem\",\"position\":1,\"name\":\"Home\",\"item\":\"https:\/\/business.roovi.com\/fr\/\"},{\"@type\":\"ListItem\",\"position\":2,\"name\":\"Boutique\",\"item\":\"https:\/\/business.roovi.com\/fr\/boutique\/\"},{\"@type\":\"ListItem\",\"position\":3,\"name\":\"K\u00fcrti Andrea Puzzle adulte de 1000 pi\u00e8ces &#8211; Tropical &#8211; Animaux exotiques\"}]},{\"@type\":\"WebSite\",\"@id\":\"https:\/\/business.roovi.com\/fr\/#website\",\"url\":\"https:\/\/business.roovi.com\/fr\/\",\"name\":\"Roovi B2B\",\"description\":\"Roovi Business Website\",\"potentialAction\":[{\"@type\":\"SearchAction\",\"target\":{\"@type\":\"EntryPoint\",\"urlTemplate\":\"https:\/\/business.roovi.com\/fr\/?s={search_term_string}\"},\"query-input\":\"required name=search_term_string\"}],\"inLanguage\":\"fr-FR\"}]}<\/script>\n<!-- \/ Yoast SEO plugin. -->","yoast_head_json":{"title":"K\u00fcrti Andrea Puzzle adulte de 1000 pi\u00e8ces - Tropical - Animaux exotiques","description":"K\u00fcrti Andrea Puzzle adulte de 1000 pi\u00e8ces - Tropical - Animaux exotiques","robots":{"index":"index","follow":"follow","max-snippet":"max-snippet:-1","max-image-preview":"max-image-preview:large","max-video-preview":"max-video-preview:-1"},"canonical":"https:\/\/business.roovi.com\/fr\/kurti-andrea-puzzle-adulte-de-1000-pieces-tropical-animaux-exotiques\/p\/","og_locale":"fr_FR","og_type":"article","og_title":"K\u00fcrti Andrea Puzzle adulte de 1000 pi\u00e8ces - Tropical - Animaux exotiques","og_description":"K\u00fcrti Andrea Puzzle adulte de 1000 pi\u00e8ces - Tropical - Animaux exotiques","og_url":"https:\/\/business.roovi.com\/fr\/kurti-andrea-puzzle-adulte-de-1000-pieces-tropical-animaux-exotiques\/p\/","og_site_name":"Roovi B2B","article_publisher":"https:\/\/www.facebook.com\/wwwjucariero","article_modified_time":"2022-07-13T10:23:22+00:00","og_image":[{"width":1200,"height":1200,"url":"https:\/\/business.roovi.com\/wp-content\/uploads\/2018\/04\/72887-4_ansamblu_dimensiuni_cutie_cm_orizontal_1200x1200.png","type":"image\/png"}],"twitter_misc":{"Dur\u00e9e de lecture estim\u00e9e":"3 minutes"},"schema":{"@context":"https:\/\/schema.org","@graph":[{"@type":"WebPage","@id":"https:\/\/business.roovi.com\/fr\/kurti-andrea-puzzle-adulte-de-1000-pieces-tropical-animaux-exotiques\/p\/","url":"https:\/\/business.roovi.com\/fr\/kurti-andrea-puzzle-adulte-de-1000-pieces-tropical-animaux-exotiques\/p\/","name":"K\u00fcrti Andrea Puzzle adulte de 1000 pi\u00e8ces - Tropical - Animaux exotiques","isPartOf":{"@id":"https:\/\/business.roovi.com\/fr\/#website"},"datePublished":"2018-04-16T10:56:17+00:00","dateModified":"2022-07-13T10:23:22+00:00","description":"K\u00fcrti Andrea Puzzle adulte de 1000 pi\u00e8ces - Tropical - Animaux exotiques","breadcrumb":{"@id":"https:\/\/business.roovi.com\/fr\/kurti-andrea-puzzle-adulte-de-1000-pieces-tropical-animaux-exotiques\/p\/#breadcrumb"},"inLanguage":"fr-FR","potentialAction":[{"@type":"ReadAction","target":["https:\/\/business.roovi.com\/fr\/kurti-andrea-puzzle-adulte-de-1000-pieces-tropical-animaux-exotiques\/p\/"]}]},{"@type":"BreadcrumbList","@id":"https:\/\/business.roovi.com\/fr\/kurti-andrea-puzzle-adulte-de-1000-pieces-tropical-animaux-exotiques\/p\/#breadcrumb","itemListElement":[{"@type":"ListItem","position":1,"name":"Home","item":"https:\/\/business.roovi.com\/fr\/"},{"@type":"ListItem","position":2,"name":"Boutique","item":"https:\/\/business.roovi.com\/fr\/boutique\/"},{"@type":"ListItem","position":3,"name":"K\u00fcrti Andrea Puzzle adulte de 1000 pi\u00e8ces &#8211; Tropical &#8211; Animaux exotiques"}]},{"@type":"WebSite","@id":"https:\/\/business.roovi.com\/fr\/#website","url":"https:\/\/business.roovi.com\/fr\/","name":"Roovi B2B","description":"Roovi Business Website","potentialAction":[{"@type":"SearchAction","target":{"@type":"EntryPoint","urlTemplate":"https:\/\/business.roovi.com\/fr\/?s={search_term_string}"},"query-input":"required name=search_term_string"}],"inLanguage":"fr-FR"}]}},"_links":{"self":[{"href":"https:\/\/business.roovi.com\/fr\/wp-json\/wp\/v2\/product\/53145","targetHints":{"allow":["GET"]}}],"collection":[{"href":"https:\/\/business.roovi.com\/fr\/wp-json\/wp\/v2\/product"}],"about":[{"href":"https:\/\/business.roovi.com\/fr\/wp-json\/wp\/v2\/types\/product"}],"version-history":[{"count":0,"href":"https:\/\/business.roovi.com\/fr\/wp-json\/wp\/v2\/product\/53145\/revisions"}],"wp:featuredmedia":[{"embeddable":true,"href":"https:\/\/business.roovi.com\/fr\/wp-json\/wp\/v2\/media\/47729"}],"wp:attachment":[{"href":"https:\/\/business.roovi.com\/fr\/wp-json\/wp\/v2\/media?parent=53145"}],"wp:term":[{"taxonomy":"product_brand","embeddable":true,"href":"https:\/\/business.roovi.com\/fr\/wp-json\/wp\/v2\/product_brand?post=53145"},{"taxonomy":"product_cat","embeddable":true,"href":"https:\/\/business.roovi.com\/fr\/wp-json\/wp\/v2\/product_cat?post=53145"},{"taxonomy":"product_tag","embeddable":true,"href":"https:\/\/business.roovi.com\/fr\/wp-json\/wp\/v2\/product_tag?post=53145"}],"curies":[{"name":"wp","href":"https:\/\/api.w.org\/{rel}","templated":true}]}}