{"id":53152,"date":"2018-04-16T10:56:17","date_gmt":"2018-04-16T10:56:17","guid":{"rendered":"https:\/\/business.roovi.com\/puzzle-adulti-jacques-louis-david-the-emperor-napoleon-in-his-study-at-the-tuileries-1000-piese-2\/p\/"},"modified":"2022-07-13T10:23:26","modified_gmt":"2022-07-13T10:23:26","slug":"jacques-louis-david-puzzle-adulte-de-1000-pieces-lempereur-napoleon-dans-son-etude-aux-tuileries-2","status":"publish","type":"product","link":"https:\/\/business.roovi.com\/fr\/jacques-louis-david-puzzle-adulte-de-1000-pieces-lempereur-napoleon-dans-son-etude-aux-tuileries-2\/p\/","title":{"rendered":"Jacques-Louis David Puzzle adulte de 1000 pi\u00e8ces &#8211; L&rsquo;Empereur Napol\u00e9on dans son \u00e9tude aux Tuileries"},"content":{"rendered":"<p><span style=\"font-weight: 400;\">D\u00e9couvre la plus grande gamme de puzzles d&rsquo;art et cr\u00e9e ta propre collection de tableaux \u00e0 partir de puzzles de 1000 pi\u00e8ces ! Tu trouveras ici des puzzles pour adultes de la plus haute qualit\u00e9 repr\u00e9sentant des tableaux c\u00e9l\u00e8bres d&rsquo;auteurs reconnus tels que Rembrandt, Monet, Van Gogh et bien d&rsquo;autres.<\/span><\/p>\n<p><span style=\"font-weight: 400;\">Jacques-Louis David &#8211; L&rsquo;Empereur Napol\u00e9on dans son cabinet de travail aux Tuileries\/Napol\u00e9on dans son cabinet de travail est l&rsquo;un des centaines de puzzles pour adultes qui peuvent rendre tes soir\u00e9es plus dynamiques et relaxantes. Le puzzle de 1000 pi\u00e8ces repr\u00e9sente l&rsquo;image du tableau du m\u00eame nom par l&rsquo;artiste connu sous le nom de peintre de Napol\u00e9on. La peinture montre le souverain dans son bureau, dans son uniforme <\/span><span style=\"font-weight: 400;\">en tant que Colonel des Gardes Grenadiers Imp\u00e9riaux, portant deux d\u00e9corations sur sa poitrine, en t\u00e9moignage de ses m\u00e9rites militaires <\/span><\/p>\n<p><span style=\"font-weight: 400;\">Le tableau r\u00e9sultant mesure 50 x 70 cm et peut \u00eatre recr\u00e9\u00e9 sur une table basse ordinaire.<\/span><\/p>\n<p><span style=\"font-weight: 400;\">Autres caract\u00e9ristiques du puzzle Napol\u00e9on de 1000 pi\u00e8ces dans son bureau :<\/span><\/p>\n<p><strong>Mat\u00e9riau du puzzle <\/strong><\/p>\n<p><strong>carton bleu de haute qualit\u00e9<\/strong><\/p>\n<p><strong>des mat\u00e9riaux durables et recyclables<\/strong><\/p>\n<p><strong>finition semi-brillante, couleurs vives<\/strong><\/p>\n<p><strong>Nombre de pi\u00e8ces de puzzle : 1000<\/strong><\/p>\n<p><strong>\u00c2ge recommand\u00e9 : 14+<\/strong><\/p>\n<p><strong>Assemble 1000 pi\u00e8ces pour d\u00e9velopper ton sens du d\u00e9tail<\/strong><\/p>\n<p><span style=\"font-weight: 400;\">Lorsque tu assembles un puzzle de 1000 pi\u00e8ces, tu t&rsquo;aper\u00e7ois que beaucoup de pi\u00e8ces sont sem\u00e9es, et l&rsquo;attention port\u00e9e au moindre d\u00e9tail est extr\u00eamement importante. Tu dois entra\u00eener tes yeux et trouver les petites diff\u00e9rences de forme ou de couleur. La capacit\u00e9 \u00e0 capturer les petits d\u00e9tails est tr\u00e8s importante dans de nombreux domaines du travail ou de la vie quotidienne. Lorsque tu es plus attentif et pr\u00e9cis, la qualit\u00e9 de ton travail augmente.<\/span><\/p>\n<p><strong>Assemble le puzzle de 1000 pi\u00e8ces et am\u00e9liore tes comp\u00e9tences en r\u00e9solution de probl\u00e8mes<\/strong><\/p>\n<p><span style=\"font-weight: 400;\">Pour r\u00e9soudre l&rsquo;\u00e9nigme d&rsquo;un puzzle de 1000 pi\u00e8ces, tu dois regarder l&rsquo;image sous plusieurs angles et essayer diff\u00e9rentes approches. Toutes ne seront pas bonnes, mais les petits \u00e9checs t&rsquo;aideront \u00e0 avancer et \u00e0 am\u00e9liorer ta strat\u00e9gie jusqu&rsquo;\u00e0 ce que l&rsquo;image finale soit pr\u00eate. La formation \u00e0 ces comp\u00e9tences peut aussi \u00eatre utile sur le lieu de travail en t&rsquo;aidant \u00e0 trouver des solutions innovantes aux probl\u00e8mes qui se pr\u00e9sentent.<\/span><\/p>\n<p><strong>Qui \u00e9tait <\/strong><strong>Jacques-Louis David ?<\/strong><\/p>\n<p><span style=\"font-weight: 400;\">Jacques-Louis David \u00e9tait le peintre officiel de la Cour imp\u00e9riale de Napol\u00e9on Bonaparte et un repr\u00e9sentant majeur du n\u00e9oclassicisme fran\u00e7ais.<\/span><\/p>\n<p><span style=\"font-weight: 400;\">David a produit de nombreux tableaux repr\u00e9sentant Napol\u00e9on. Cette \u0153uvre est le dernier tableau consacr\u00e9 \u00e0 Napol\u00e9on Ier et ne parvient pas \u00e0 capturer la grandeur du souverain, comme dans les \u0153uvres pr\u00e9c\u00e9dentes telles que Napol\u00e9on traversant les Alpes.<\/span><\/p>\n<p><span style=\"font-weight: 400;\">Le portrait a \u00e9t\u00e9 peint en 1812, l&rsquo;ann\u00e9e de la premi\u00e8re d\u00e9faite de Napol\u00e9on face aux Russes. La peinture d\u00e9peint un souverain m\u00e9lancolique et fatigu\u00e9.<\/span><\/p>\n<p><span style=\"font-weight: 400;\">Il semble que Napol\u00e9on n&rsquo;ait pas pos\u00e9 lui-m\u00eame pour le tableau.<\/span><\/p>\n<p><span style=\"font-weight: 400;\">La peinture a \u00e9t\u00e9 command\u00e9e par un admirateur de Napol\u00e9on, <\/span><span style=\"font-weight: 400;\">le noble \u00e9cossais Alexander Douglas-Hamilton qui voulait une collection de peintures de toutes les t\u00eates couronn\u00e9es d&rsquo;Europe.<\/span><\/p>\n<p><strong>4 merveilleux avantages des puzzles pour adultes<\/strong><\/p>\n<p><span style=\"font-weight: 400;\">Ils sont un excellent moyen de passer ton temps libre de mani\u00e8re constructive.<\/span><\/p>\n<p><span style=\"font-weight: 400;\">Ils aident \u00e0 soulager le stress.<\/span><\/p>\n<p><span style=\"font-weight: 400;\">Ils te donnent une bonne dose de plaisir familial lorsque tu les compl\u00e8tes avec les membres de ta famille.<\/span><\/p>\n<p><span style=\"font-weight: 400;\">Ils te donnent un sentiment g\u00e9n\u00e9ral de bien-\u00eatre et d&rsquo;optimisme.<\/span><\/p>\n<p><span style=\"font-weight: 400;\">Mets-toi dans la peau du peintre David et r\u00e9alise le c\u00e9l\u00e8bre portrait de Napol\u00e9on \u00e0 partir d&rsquo;un puzzle de 1000 pi\u00e8ces dans son bureau ! Termine ce merveilleux puzzle d&rsquo;art et tu profiteras d&rsquo;une peinture exceptionnelle de la plus haute qualit\u00e9. Le puzzle de 1000 pi\u00e8ces Jacques-Louis David &#8211; L&rsquo;Empereur Napol\u00e9on dans son \u00e9tude aux Tuileries\/Napol\u00e9on dans son \u00e9tude aux Tuileries est un jeu de puzzle id\u00e9al pour les amateurs d&rsquo;art et les amoureux des puzzles de 1000 pi\u00e8ces, ainsi qu&rsquo;un merveilleux cadeau \u00e0 offrir \u00e0 ses proches lors d&rsquo;occasions sp\u00e9ciales.<\/span><\/p>\n","protected":false},"excerpt":{"rendered":"<p>D\u00e9couvre la plus grande gamme de puzzles d&rsquo;art et cr\u00e9e ta propre collection de tableaux \u00e0 partir de puzzles de<\/p>\n","protected":false},"featured_media":63321,"template":"","meta":[],"product_brand":[],"product_cat":[2314,2316,2315],"product_tag":[],"class_list":{"0":"post-53152","1":"product","2":"type-product","3":"status-publish","4":"has-post-thumbnail","6":"product_cat-puzzles-fr","7":"product_cat-puzzles-de-1000-pieces","8":"product_cat-puzzles-pour-adultes","9":"pa_bax-10-fr","10":"pa_brand-d_toys-fr","11":"pa_country_of_manufacture-ro-fr","12":"pa_filter_age-14-fr","13":"pa_painter-jacques_louisdavid-fr","14":"pa_tip_ambalaj-boite","15":"pa_tip_puzzle-classique","17":"first","18":"instock","19":"taxable","20":"shipping-taxable","21":"product-type-simple"},"yoast_head":"<!-- This site is optimized with the Yoast SEO plugin v20.1 - https:\/\/yoast.com\/wordpress\/plugins\/seo\/ -->\n<title>Jacques-Louis David Puzzle adulte de 1000 pi\u00e8ces - L&#039;Empereur Napol\u00e9on dans son \u00e9tude aux Tuileries<\/title>\n<meta name=\"description\" content=\"Jacques-Louis David Puzzle adulte de 1000 pi\u00e8ces - L&#039;Empereur Napol\u00e9on dans son \u00e9tude aux Tuileries\" \/>\n<meta name=\"robots\" content=\"index, follow, max-snippet:-1, max-image-preview:large, max-video-preview:-1\" \/>\n<link rel=\"canonical\" href=\"https:\/\/business.roovi.com\/fr\/jacques-louis-david-puzzle-adulte-de-1000-pieces-lempereur-napoleon-dans-son-etude-aux-tuileries-2\/p\/\" \/>\n<meta property=\"og:locale\" content=\"fr_FR\" \/>\n<meta property=\"og:type\" content=\"article\" \/>\n<meta property=\"og:title\" content=\"Jacques-Louis David Puzzle adulte de 1000 pi\u00e8ces - L&#039;Empereur Napol\u00e9on dans son \u00e9tude aux Tuileries\" \/>\n<meta property=\"og:description\" content=\"Jacques-Louis David Puzzle adulte de 1000 pi\u00e8ces - L&#039;Empereur Napol\u00e9on dans son \u00e9tude aux Tuileries\" \/>\n<meta property=\"og:url\" content=\"https:\/\/business.roovi.com\/fr\/jacques-louis-david-puzzle-adulte-de-1000-pieces-lempereur-napoleon-dans-son-etude-aux-tuileries-2\/p\/\" \/>\n<meta property=\"og:site_name\" content=\"Roovi B2B\" \/>\n<meta property=\"article:publisher\" content=\"https:\/\/www.facebook.com\/wwwjucariero\" \/>\n<meta property=\"article:modified_time\" content=\"2022-07-13T10:23:26+00:00\" \/>\n<meta property=\"og:image\" content=\"https:\/\/business.roovi.com\/wp-content\/uploads\/2018\/04\/72719-02_ansamblu_dimensiuni_cutie_cm.png\" \/>\n\t<meta property=\"og:image:width\" content=\"2000\" \/>\n\t<meta property=\"og:image:height\" content=\"2000\" \/>\n\t<meta property=\"og:image:type\" content=\"image\/png\" \/>\n<meta name=\"twitter:label1\" content=\"Dur\u00e9e de lecture estim\u00e9e\" \/>\n\t<meta name=\"twitter:data1\" content=\"3 minutes\" \/>\n<script type=\"application\/ld+json\" class=\"yoast-schema-graph\">{\"@context\":\"https:\/\/schema.org\",\"@graph\":[{\"@type\":\"WebPage\",\"@id\":\"https:\/\/business.roovi.com\/fr\/jacques-louis-david-puzzle-adulte-de-1000-pieces-lempereur-napoleon-dans-son-etude-aux-tuileries-2\/p\/\",\"url\":\"https:\/\/business.roovi.com\/fr\/jacques-louis-david-puzzle-adulte-de-1000-pieces-lempereur-napoleon-dans-son-etude-aux-tuileries-2\/p\/\",\"name\":\"Jacques-Louis David Puzzle adulte de 1000 pi\u00e8ces - L'Empereur Napol\u00e9on dans son \u00e9tude aux Tuileries\",\"isPartOf\":{\"@id\":\"https:\/\/business.roovi.com\/fr\/#website\"},\"datePublished\":\"2018-04-16T10:56:17+00:00\",\"dateModified\":\"2022-07-13T10:23:26+00:00\",\"description\":\"Jacques-Louis David Puzzle adulte de 1000 pi\u00e8ces - L'Empereur Napol\u00e9on dans son \u00e9tude aux Tuileries\",\"breadcrumb\":{\"@id\":\"https:\/\/business.roovi.com\/fr\/jacques-louis-david-puzzle-adulte-de-1000-pieces-lempereur-napoleon-dans-son-etude-aux-tuileries-2\/p\/#breadcrumb\"},\"inLanguage\":\"fr-FR\",\"potentialAction\":[{\"@type\":\"ReadAction\",\"target\":[\"https:\/\/business.roovi.com\/fr\/jacques-louis-david-puzzle-adulte-de-1000-pieces-lempereur-napoleon-dans-son-etude-aux-tuileries-2\/p\/\"]}]},{\"@type\":\"BreadcrumbList\",\"@id\":\"https:\/\/business.roovi.com\/fr\/jacques-louis-david-puzzle-adulte-de-1000-pieces-lempereur-napoleon-dans-son-etude-aux-tuileries-2\/p\/#breadcrumb\",\"itemListElement\":[{\"@type\":\"ListItem\",\"position\":1,\"name\":\"Home\",\"item\":\"https:\/\/business.roovi.com\/fr\/\"},{\"@type\":\"ListItem\",\"position\":2,\"name\":\"Boutique\",\"item\":\"https:\/\/business.roovi.com\/fr\/boutique\/\"},{\"@type\":\"ListItem\",\"position\":3,\"name\":\"Jacques-Louis David Puzzle adulte de 1000 pi\u00e8ces &#8211; L&#8217;Empereur Napol\u00e9on dans son \u00e9tude aux Tuileries\"}]},{\"@type\":\"WebSite\",\"@id\":\"https:\/\/business.roovi.com\/fr\/#website\",\"url\":\"https:\/\/business.roovi.com\/fr\/\",\"name\":\"Roovi B2B\",\"description\":\"Roovi Business Website\",\"potentialAction\":[{\"@type\":\"SearchAction\",\"target\":{\"@type\":\"EntryPoint\",\"urlTemplate\":\"https:\/\/business.roovi.com\/fr\/?s={search_term_string}\"},\"query-input\":\"required name=search_term_string\"}],\"inLanguage\":\"fr-FR\"}]}<\/script>\n<!-- \/ Yoast SEO plugin. -->","yoast_head_json":{"title":"Jacques-Louis David Puzzle adulte de 1000 pi\u00e8ces - L'Empereur Napol\u00e9on dans son \u00e9tude aux Tuileries","description":"Jacques-Louis David Puzzle adulte de 1000 pi\u00e8ces - L'Empereur Napol\u00e9on dans son \u00e9tude aux Tuileries","robots":{"index":"index","follow":"follow","max-snippet":"max-snippet:-1","max-image-preview":"max-image-preview:large","max-video-preview":"max-video-preview:-1"},"canonical":"https:\/\/business.roovi.com\/fr\/jacques-louis-david-puzzle-adulte-de-1000-pieces-lempereur-napoleon-dans-son-etude-aux-tuileries-2\/p\/","og_locale":"fr_FR","og_type":"article","og_title":"Jacques-Louis David Puzzle adulte de 1000 pi\u00e8ces - L'Empereur Napol\u00e9on dans son \u00e9tude aux Tuileries","og_description":"Jacques-Louis David Puzzle adulte de 1000 pi\u00e8ces - L'Empereur Napol\u00e9on dans son \u00e9tude aux Tuileries","og_url":"https:\/\/business.roovi.com\/fr\/jacques-louis-david-puzzle-adulte-de-1000-pieces-lempereur-napoleon-dans-son-etude-aux-tuileries-2\/p\/","og_site_name":"Roovi B2B","article_publisher":"https:\/\/www.facebook.com\/wwwjucariero","article_modified_time":"2022-07-13T10:23:26+00:00","og_image":[{"width":2000,"height":2000,"url":"https:\/\/business.roovi.com\/wp-content\/uploads\/2018\/04\/72719-02_ansamblu_dimensiuni_cutie_cm.png","type":"image\/png"}],"twitter_misc":{"Dur\u00e9e de lecture estim\u00e9e":"3 minutes"},"schema":{"@context":"https:\/\/schema.org","@graph":[{"@type":"WebPage","@id":"https:\/\/business.roovi.com\/fr\/jacques-louis-david-puzzle-adulte-de-1000-pieces-lempereur-napoleon-dans-son-etude-aux-tuileries-2\/p\/","url":"https:\/\/business.roovi.com\/fr\/jacques-louis-david-puzzle-adulte-de-1000-pieces-lempereur-napoleon-dans-son-etude-aux-tuileries-2\/p\/","name":"Jacques-Louis David Puzzle adulte de 1000 pi\u00e8ces - L'Empereur Napol\u00e9on dans son \u00e9tude aux Tuileries","isPartOf":{"@id":"https:\/\/business.roovi.com\/fr\/#website"},"datePublished":"2018-04-16T10:56:17+00:00","dateModified":"2022-07-13T10:23:26+00:00","description":"Jacques-Louis David Puzzle adulte de 1000 pi\u00e8ces - L'Empereur Napol\u00e9on dans son \u00e9tude aux Tuileries","breadcrumb":{"@id":"https:\/\/business.roovi.com\/fr\/jacques-louis-david-puzzle-adulte-de-1000-pieces-lempereur-napoleon-dans-son-etude-aux-tuileries-2\/p\/#breadcrumb"},"inLanguage":"fr-FR","potentialAction":[{"@type":"ReadAction","target":["https:\/\/business.roovi.com\/fr\/jacques-louis-david-puzzle-adulte-de-1000-pieces-lempereur-napoleon-dans-son-etude-aux-tuileries-2\/p\/"]}]},{"@type":"BreadcrumbList","@id":"https:\/\/business.roovi.com\/fr\/jacques-louis-david-puzzle-adulte-de-1000-pieces-lempereur-napoleon-dans-son-etude-aux-tuileries-2\/p\/#breadcrumb","itemListElement":[{"@type":"ListItem","position":1,"name":"Home","item":"https:\/\/business.roovi.com\/fr\/"},{"@type":"ListItem","position":2,"name":"Boutique","item":"https:\/\/business.roovi.com\/fr\/boutique\/"},{"@type":"ListItem","position":3,"name":"Jacques-Louis David Puzzle adulte de 1000 pi\u00e8ces &#8211; L&#8217;Empereur Napol\u00e9on dans son \u00e9tude aux Tuileries"}]},{"@type":"WebSite","@id":"https:\/\/business.roovi.com\/fr\/#website","url":"https:\/\/business.roovi.com\/fr\/","name":"Roovi B2B","description":"Roovi Business Website","potentialAction":[{"@type":"SearchAction","target":{"@type":"EntryPoint","urlTemplate":"https:\/\/business.roovi.com\/fr\/?s={search_term_string}"},"query-input":"required name=search_term_string"}],"inLanguage":"fr-FR"}]}},"_links":{"self":[{"href":"https:\/\/business.roovi.com\/fr\/wp-json\/wp\/v2\/product\/53152","targetHints":{"allow":["GET"]}}],"collection":[{"href":"https:\/\/business.roovi.com\/fr\/wp-json\/wp\/v2\/product"}],"about":[{"href":"https:\/\/business.roovi.com\/fr\/wp-json\/wp\/v2\/types\/product"}],"version-history":[{"count":0,"href":"https:\/\/business.roovi.com\/fr\/wp-json\/wp\/v2\/product\/53152\/revisions"}],"wp:featuredmedia":[{"embeddable":true,"href":"https:\/\/business.roovi.com\/fr\/wp-json\/wp\/v2\/media\/63321"}],"wp:attachment":[{"href":"https:\/\/business.roovi.com\/fr\/wp-json\/wp\/v2\/media?parent=53152"}],"wp:term":[{"taxonomy":"product_brand","embeddable":true,"href":"https:\/\/business.roovi.com\/fr\/wp-json\/wp\/v2\/product_brand?post=53152"},{"taxonomy":"product_cat","embeddable":true,"href":"https:\/\/business.roovi.com\/fr\/wp-json\/wp\/v2\/product_cat?post=53152"},{"taxonomy":"product_tag","embeddable":true,"href":"https:\/\/business.roovi.com\/fr\/wp-json\/wp\/v2\/product_tag?post=53152"}],"curies":[{"name":"wp","href":"https:\/\/api.w.org\/{rel}","templated":true}]}}