{"id":53153,"date":"2018-04-16T10:56:17","date_gmt":"2018-04-16T10:56:17","guid":{"rendered":"https:\/\/business.roovi.com\/puzzle-adulti-1000-piese-jean-leon-gerome-pool-in-a-harem\/p\/"},"modified":"2022-07-13T10:23:27","modified_gmt":"2022-07-13T10:23:27","slug":"jean-leon-gerome-puzzle-adulte-1000-pieces-piscine-dans-un-harem","status":"publish","type":"product","link":"https:\/\/business.roovi.com\/fr\/jean-leon-gerome-puzzle-adulte-1000-pieces-piscine-dans-un-harem\/p\/","title":{"rendered":"Jean-L\u00e9on G\u00e9r\u00f4me Puzzle adulte 1000 pi\u00e8ces &#8211; Piscine dans un Harem"},"content":{"rendered":"<p><span style=\"font-weight: 400;\">Tu cherches une activit\u00e9 relaxante et amusante ? Que penses-tu d&rsquo;assembler des puzzles d&rsquo;art ? Choisis dans notre collection de puzzles pour adultes avec des images des tableaux les plus c\u00e9l\u00e8bres du monde et construis ta propre collection d&rsquo;art. Nous garantissons jusqu&rsquo;\u00e0 30 heures de d\u00e9tente par puzzle de 1000 pi\u00e8ces. De plus, tu cr\u00e9eras de magnifiques peintures artistiques qui seront superbes sur tes murs.<\/span><\/p>\n<p><span style=\"font-weight: 400;\">Le puzzle de 1000 pi\u00e8ces de Jean-L\u00e9on G\u00e9r\u00f4me &#8211; Pool in a Harem\/Piscina in un harem est l&rsquo;une de nos recommandations pour toi. Un puzzle de 1000 pi\u00e8ces pr\u00e9sentant l&rsquo;image d&rsquo;une \u0153uvre qui capture une partie invisible du monde musulman du 19\u00e8me si\u00e8cle. L&rsquo;artiste n&rsquo;oublie pas de mettre en avant les repr\u00e9sentations explicites des groupes ethniques : au centre se trouvent deux femmes blanches et un esclave noir. G\u00e9r\u00f4me a soigneusement esquiss\u00e9 les d\u00e9tails pr\u00e9cis des sols, du marbre, des meubles et m\u00eame des v\u00eatements <\/span><\/p>\n<p><span style=\"font-weight: 400;\">Tu es confront\u00e9e \u00e0 une \u0153uvre splendide, que tu retravailleras avec patience et pers\u00e9v\u00e9rance. Le tableau final mesure 50 x 70 cm et peut \u00eatre assembl\u00e9 \u00e0 l&rsquo;aide d&rsquo;une table basse ordinaire.<\/span><\/p>\n<p><span style=\"font-weight: 400;\">Plus de d\u00e9tails sur le puzzle de 1000 pi\u00e8ces de Jean-L\u00e9on G\u00e9r\u00f4me &#8211; Pool in a Harem\/Piscina in un harem :<\/span><\/p>\n<p><strong>Mat\u00e9riau du puzzle <\/strong><\/p>\n<p><strong>carton bleu de haute qualit\u00e9<\/strong><\/p>\n<p><strong>des mat\u00e9riaux durables et recyclables<\/strong><\/p>\n<p><strong>finition semi-brillante, couleurs vives<\/strong><\/p>\n<p><strong>Nombre de pi\u00e8ces de puzzle : 1000<\/strong><\/p>\n<p><strong>\u00c2ge recommand\u00e9 : 14+<\/strong><\/p>\n<p><strong>Les puzzles artistiques t&rsquo;aident \u00e0 d\u00e9velopper au moins 5 comp\u00e9tences<\/strong><\/p>\n<p><strong>Voici ce qu&rsquo;ils sont :<\/strong><\/p>\n<p><strong> Fais attention aux d\u00e9tails <\/strong><span style=\"font-weight: 400;\">Les puzzles d&rsquo;art te font te sentir comme un vrai d\u00e9tective qui cherche les bonnes pi\u00e8ces et r\u00e9sout le cas myst\u00e9rieux de l&rsquo;\u0153uvre d&rsquo;art.<\/span><\/p>\n<p><strong> Logic<\/strong><span style=\"font-weight: 400;\"> &#8211; en associant des pi\u00e8ces qui se ressemblent et qui constituent l&rsquo;image compl\u00e8te.<\/span><\/p>\n<p><strong> L&rsquo;imagination.<\/strong><span style=\"font-weight: 400;\"> En compl\u00e9tant des \u00e9nigmes artistiques, tu d\u00e9couvres les petits secrets de l&rsquo;\u0153uvre et ton imagination t&#8217;emm\u00e8ne dans le monde de la couleur.<\/span><\/p>\n<p><strong> Pers\u00e9v\u00e9rance.<\/strong><span style=\"font-weight: 400;\"> Gr\u00e2ce aux \u00e9nigmes artistiques, tu entra\u00eenes cette comp\u00e9tence et apprends \u00e0 ne jamais abandonner, m\u00eame si la situation semble d\u00e9sesp\u00e9r\u00e9e.<\/span><\/p>\n<p><strong> Patience<\/strong><span style=\"font-weight: 400;\"> qui feront de ton assemblage de puzzle d&rsquo;art une exp\u00e9rience r\u00e9ussie.<\/span><\/p>\n<p><strong>Qu&rsquo;est-ce que tu ne savais pas sur Jean-L\u00e9on G\u00e9r\u00f4me et l&rsquo;\u0153uvre Pool in a Harem ? <\/strong><\/p>\n<p><span style=\"font-weight: 400;\">L&rsquo;artiste a cr\u00e9\u00e9 cette \u0153uvre apr\u00e8s plusieurs visites en Orient.<\/span><\/p>\n<p><span style=\"font-weight: 400;\">G\u00e9r\u00f4me met en valeur l&rsquo;architecture et les paysages dans une technique bien connue sous le nom de \u00ab\u00a0r\u00e9alisme acad\u00e9mique\u00a0\u00bb <\/span><\/p>\n<p><span style=\"font-weight: 400;\">Pour rendre le tableau plus sp\u00e9cial, le peintre a achet\u00e9 des photos du lieu repr\u00e9sent\u00e9 dans l&rsquo;atelier d&rsquo;Abdullah Freres. Pour cette raison, la peinture est consid\u00e9r\u00e9e comme ornementale.<\/span><\/p>\n<p><span style=\"font-weight: 400;\">Connu pour son esprit critique, il s&rsquo;est publiquement moqu\u00e9 de plusieurs de ses contemporains impressionnistes, \u00c9douard Manet et Claude Monet <\/span><\/p>\n<p><span style=\"font-weight: 400;\">Pendant les 25 derni\u00e8res ann\u00e9es de sa vie, il a consacr\u00e9 sa carri\u00e8re \u00e0 la sculpture.<\/span><\/p>\n<p><strong>Les jeux de r\u00e9flexion te d\u00e9connectent de tes \u00e9crans et te connectent \u00e0 tes proches !<\/strong><\/p>\n<p><span style=\"font-weight: 400;\">Fais une pause des \u00e9crans et d\u00e9couvre la beaut\u00e9 de faire des puzzles de 1000 pi\u00e8ces avec tes proches. Entra\u00eene tes enfants, tes grands-parents ou ton groupe d&rsquo;amis dans cette activit\u00e9. Ensemble, tu passeras du temps de qualit\u00e9, et tu am\u00e9lioreras ta capacit\u00e9 \u00e0 travailler en \u00e9quipe et \u00e0 communiquer efficacement.<\/span><span style=\"font-weight: 400;\">Ach\u00e8te maintenant le puzzle d&rsquo;art de Jean-L\u00e9on G\u00e9r\u00f4me &#8211; Piscine dans un Harem\/Pool in a Harem et recr\u00e9e une fabuleuse sc\u00e8ne orientale. Encadre le tableau termin\u00e9 du puzzle de 1000 pi\u00e8ces et place-le dans ta pi\u00e8ce pr\u00e9f\u00e9r\u00e9e <\/span><span style=\"font-weight: 400;\">Si tu veux faire une belle surprise \u00e0 une bonne amie, ce jeu de puzzle de la collection de puzzle d&rsquo;art est le choix parfait !<\/span><\/p>\n","protected":false},"excerpt":{"rendered":"<p>Tu cherches une activit\u00e9 relaxante et amusante ? Que penses-tu d&rsquo;assembler des puzzles d&rsquo;art ? Choisis dans notre collection de<\/p>\n","protected":false},"featured_media":63350,"template":"","meta":[],"product_brand":[],"product_cat":[2314,2316,2315],"product_tag":[],"class_list":{"0":"post-53153","1":"product","2":"type-product","3":"status-publish","4":"has-post-thumbnail","6":"product_cat-puzzles-fr","7":"product_cat-puzzles-de-1000-pieces","8":"product_cat-puzzles-pour-adultes","9":"pa_bax-10-fr","10":"pa_brand-d_toys-fr","11":"pa_country_of_manufacture-ro-fr","12":"pa_filter_age-14-fr","13":"pa_painter-jean_leongerome-fr","14":"pa_tip_ambalaj-boite","15":"pa_tip_puzzle-classique","17":"first","18":"instock","19":"taxable","20":"shipping-taxable","21":"product-type-simple"},"yoast_head":"<!-- This site is optimized with the Yoast SEO plugin v20.1 - https:\/\/yoast.com\/wordpress\/plugins\/seo\/ -->\n<title>Jean-L\u00e9on G\u00e9r\u00f4me Puzzle adulte 1000 pi\u00e8ces - Piscine dans un Harem<\/title>\n<meta name=\"description\" content=\"Jean-L\u00e9on G\u00e9r\u00f4me Puzzle adulte 1000 pi\u00e8ces - Piscine dans un Harem\" \/>\n<meta name=\"robots\" content=\"index, follow, max-snippet:-1, max-image-preview:large, max-video-preview:-1\" \/>\n<link rel=\"canonical\" href=\"https:\/\/business.roovi.com\/fr\/jean-leon-gerome-puzzle-adulte-1000-pieces-piscine-dans-un-harem\/p\/\" \/>\n<meta property=\"og:locale\" content=\"fr_FR\" \/>\n<meta property=\"og:type\" content=\"article\" \/>\n<meta property=\"og:title\" content=\"Jean-L\u00e9on G\u00e9r\u00f4me Puzzle adulte 1000 pi\u00e8ces - Piscine dans un Harem\" \/>\n<meta property=\"og:description\" content=\"Jean-L\u00e9on G\u00e9r\u00f4me Puzzle adulte 1000 pi\u00e8ces - Piscine dans un Harem\" \/>\n<meta property=\"og:url\" content=\"https:\/\/business.roovi.com\/fr\/jean-leon-gerome-puzzle-adulte-1000-pieces-piscine-dans-un-harem\/p\/\" \/>\n<meta property=\"og:site_name\" content=\"Roovi B2B\" \/>\n<meta property=\"article:publisher\" content=\"https:\/\/www.facebook.com\/wwwjucariero\" \/>\n<meta property=\"article:modified_time\" content=\"2022-07-13T10:23:27+00:00\" \/>\n<meta property=\"og:image\" content=\"https:\/\/business.roovi.com\/wp-content\/uploads\/2018\/04\/ansamblu_dimensiuni_cutie_cm_1200x1200.png\" \/>\n\t<meta property=\"og:image:width\" content=\"1200\" \/>\n\t<meta property=\"og:image:height\" content=\"1200\" \/>\n\t<meta property=\"og:image:type\" content=\"image\/png\" \/>\n<meta name=\"twitter:label1\" content=\"Dur\u00e9e de lecture estim\u00e9e\" \/>\n\t<meta name=\"twitter:data1\" content=\"3 minutes\" \/>\n<script type=\"application\/ld+json\" class=\"yoast-schema-graph\">{\"@context\":\"https:\/\/schema.org\",\"@graph\":[{\"@type\":\"WebPage\",\"@id\":\"https:\/\/business.roovi.com\/fr\/jean-leon-gerome-puzzle-adulte-1000-pieces-piscine-dans-un-harem\/p\/\",\"url\":\"https:\/\/business.roovi.com\/fr\/jean-leon-gerome-puzzle-adulte-1000-pieces-piscine-dans-un-harem\/p\/\",\"name\":\"Jean-L\u00e9on G\u00e9r\u00f4me Puzzle adulte 1000 pi\u00e8ces - Piscine dans un Harem\",\"isPartOf\":{\"@id\":\"https:\/\/business.roovi.com\/fr\/#website\"},\"datePublished\":\"2018-04-16T10:56:17+00:00\",\"dateModified\":\"2022-07-13T10:23:27+00:00\",\"description\":\"Jean-L\u00e9on G\u00e9r\u00f4me Puzzle adulte 1000 pi\u00e8ces - Piscine dans un Harem\",\"breadcrumb\":{\"@id\":\"https:\/\/business.roovi.com\/fr\/jean-leon-gerome-puzzle-adulte-1000-pieces-piscine-dans-un-harem\/p\/#breadcrumb\"},\"inLanguage\":\"fr-FR\",\"potentialAction\":[{\"@type\":\"ReadAction\",\"target\":[\"https:\/\/business.roovi.com\/fr\/jean-leon-gerome-puzzle-adulte-1000-pieces-piscine-dans-un-harem\/p\/\"]}]},{\"@type\":\"BreadcrumbList\",\"@id\":\"https:\/\/business.roovi.com\/fr\/jean-leon-gerome-puzzle-adulte-1000-pieces-piscine-dans-un-harem\/p\/#breadcrumb\",\"itemListElement\":[{\"@type\":\"ListItem\",\"position\":1,\"name\":\"Home\",\"item\":\"https:\/\/business.roovi.com\/fr\/\"},{\"@type\":\"ListItem\",\"position\":2,\"name\":\"Boutique\",\"item\":\"https:\/\/business.roovi.com\/fr\/boutique\/\"},{\"@type\":\"ListItem\",\"position\":3,\"name\":\"Jean-L\u00e9on G\u00e9r\u00f4me Puzzle adulte 1000 pi\u00e8ces &#8211; Piscine dans un Harem\"}]},{\"@type\":\"WebSite\",\"@id\":\"https:\/\/business.roovi.com\/fr\/#website\",\"url\":\"https:\/\/business.roovi.com\/fr\/\",\"name\":\"Roovi B2B\",\"description\":\"Roovi Business Website\",\"potentialAction\":[{\"@type\":\"SearchAction\",\"target\":{\"@type\":\"EntryPoint\",\"urlTemplate\":\"https:\/\/business.roovi.com\/fr\/?s={search_term_string}\"},\"query-input\":\"required name=search_term_string\"}],\"inLanguage\":\"fr-FR\"}]}<\/script>\n<!-- \/ Yoast SEO plugin. -->","yoast_head_json":{"title":"Jean-L\u00e9on G\u00e9r\u00f4me Puzzle adulte 1000 pi\u00e8ces - Piscine dans un Harem","description":"Jean-L\u00e9on G\u00e9r\u00f4me Puzzle adulte 1000 pi\u00e8ces - Piscine dans un Harem","robots":{"index":"index","follow":"follow","max-snippet":"max-snippet:-1","max-image-preview":"max-image-preview:large","max-video-preview":"max-video-preview:-1"},"canonical":"https:\/\/business.roovi.com\/fr\/jean-leon-gerome-puzzle-adulte-1000-pieces-piscine-dans-un-harem\/p\/","og_locale":"fr_FR","og_type":"article","og_title":"Jean-L\u00e9on G\u00e9r\u00f4me Puzzle adulte 1000 pi\u00e8ces - Piscine dans un Harem","og_description":"Jean-L\u00e9on G\u00e9r\u00f4me Puzzle adulte 1000 pi\u00e8ces - Piscine dans un Harem","og_url":"https:\/\/business.roovi.com\/fr\/jean-leon-gerome-puzzle-adulte-1000-pieces-piscine-dans-un-harem\/p\/","og_site_name":"Roovi B2B","article_publisher":"https:\/\/www.facebook.com\/wwwjucariero","article_modified_time":"2022-07-13T10:23:27+00:00","og_image":[{"width":1200,"height":1200,"url":"https:\/\/business.roovi.com\/wp-content\/uploads\/2018\/04\/ansamblu_dimensiuni_cutie_cm_1200x1200.png","type":"image\/png"}],"twitter_misc":{"Dur\u00e9e de lecture estim\u00e9e":"3 minutes"},"schema":{"@context":"https:\/\/schema.org","@graph":[{"@type":"WebPage","@id":"https:\/\/business.roovi.com\/fr\/jean-leon-gerome-puzzle-adulte-1000-pieces-piscine-dans-un-harem\/p\/","url":"https:\/\/business.roovi.com\/fr\/jean-leon-gerome-puzzle-adulte-1000-pieces-piscine-dans-un-harem\/p\/","name":"Jean-L\u00e9on G\u00e9r\u00f4me Puzzle adulte 1000 pi\u00e8ces - Piscine dans un Harem","isPartOf":{"@id":"https:\/\/business.roovi.com\/fr\/#website"},"datePublished":"2018-04-16T10:56:17+00:00","dateModified":"2022-07-13T10:23:27+00:00","description":"Jean-L\u00e9on G\u00e9r\u00f4me Puzzle adulte 1000 pi\u00e8ces - Piscine dans un Harem","breadcrumb":{"@id":"https:\/\/business.roovi.com\/fr\/jean-leon-gerome-puzzle-adulte-1000-pieces-piscine-dans-un-harem\/p\/#breadcrumb"},"inLanguage":"fr-FR","potentialAction":[{"@type":"ReadAction","target":["https:\/\/business.roovi.com\/fr\/jean-leon-gerome-puzzle-adulte-1000-pieces-piscine-dans-un-harem\/p\/"]}]},{"@type":"BreadcrumbList","@id":"https:\/\/business.roovi.com\/fr\/jean-leon-gerome-puzzle-adulte-1000-pieces-piscine-dans-un-harem\/p\/#breadcrumb","itemListElement":[{"@type":"ListItem","position":1,"name":"Home","item":"https:\/\/business.roovi.com\/fr\/"},{"@type":"ListItem","position":2,"name":"Boutique","item":"https:\/\/business.roovi.com\/fr\/boutique\/"},{"@type":"ListItem","position":3,"name":"Jean-L\u00e9on G\u00e9r\u00f4me Puzzle adulte 1000 pi\u00e8ces &#8211; Piscine dans un Harem"}]},{"@type":"WebSite","@id":"https:\/\/business.roovi.com\/fr\/#website","url":"https:\/\/business.roovi.com\/fr\/","name":"Roovi B2B","description":"Roovi Business Website","potentialAction":[{"@type":"SearchAction","target":{"@type":"EntryPoint","urlTemplate":"https:\/\/business.roovi.com\/fr\/?s={search_term_string}"},"query-input":"required name=search_term_string"}],"inLanguage":"fr-FR"}]}},"_links":{"self":[{"href":"https:\/\/business.roovi.com\/fr\/wp-json\/wp\/v2\/product\/53153","targetHints":{"allow":["GET"]}}],"collection":[{"href":"https:\/\/business.roovi.com\/fr\/wp-json\/wp\/v2\/product"}],"about":[{"href":"https:\/\/business.roovi.com\/fr\/wp-json\/wp\/v2\/types\/product"}],"version-history":[{"count":0,"href":"https:\/\/business.roovi.com\/fr\/wp-json\/wp\/v2\/product\/53153\/revisions"}],"wp:featuredmedia":[{"embeddable":true,"href":"https:\/\/business.roovi.com\/fr\/wp-json\/wp\/v2\/media\/63350"}],"wp:attachment":[{"href":"https:\/\/business.roovi.com\/fr\/wp-json\/wp\/v2\/media?parent=53153"}],"wp:term":[{"taxonomy":"product_brand","embeddable":true,"href":"https:\/\/business.roovi.com\/fr\/wp-json\/wp\/v2\/product_brand?post=53153"},{"taxonomy":"product_cat","embeddable":true,"href":"https:\/\/business.roovi.com\/fr\/wp-json\/wp\/v2\/product_cat?post=53153"},{"taxonomy":"product_tag","embeddable":true,"href":"https:\/\/business.roovi.com\/fr\/wp-json\/wp\/v2\/product_tag?post=53153"}],"curies":[{"name":"wp","href":"https:\/\/api.w.org\/{rel}","templated":true}]}}