{"id":53154,"date":"2018-04-16T10:56:17","date_gmt":"2018-04-16T10:56:17","guid":{"rendered":"https:\/\/business.roovi.com\/puzzle-adulti-1000-piese-jean-leon-gerome-carpet-merchant-in-cairo\/p\/"},"modified":"2022-07-13T10:23:28","modified_gmt":"2022-07-13T10:23:28","slug":"jean-leon-gerome-puzzle-adulte-1000-pieces-marchand-de-tapis-au-caire","status":"publish","type":"product","link":"https:\/\/business.roovi.com\/fr\/jean-leon-gerome-puzzle-adulte-1000-pieces-marchand-de-tapis-au-caire\/p\/","title":{"rendered":"Jean-L\u00e9on G\u00e9r\u00f4me Puzzle adulte 1000 pi\u00e8ces &#8211; Marchand de tapis au Caire"},"content":{"rendered":"<p><span style=\"font-weight: 400;\">Tu cherches une activit\u00e9 relaxante pour te sortir de ta routine quotidienne ? Assemble des puzzles de 1000 pi\u00e8ces de la plus grande collection de puzzles d&rsquo;art de Roumanie et donne de la valeur \u00e0 ton temps libre ! De plus, tu as la possibilit\u00e9 d&#8217;embellir ta maison avec des objets d\u00e9coratifs sp\u00e9ciaux : des tableaux faits de pi\u00e8ces de puzzle d&rsquo;art.<\/span><\/p>\n<p><span style=\"font-weight: 400;\">Si tu pr\u00e9f\u00e8res l&rsquo;exotisme et le myst\u00e8re du monde arabe, le puzzle de 1000 pi\u00e8ces Jean-L\u00e9on G\u00e9r\u00f4me &#8211; Marchand de tapis au Caire est le choix id\u00e9al. Retrouve dans cette \u00e9nigme artistique l&rsquo;\u00e9tonnant tableau repr\u00e9sentant un march\u00e9 de tapis au Caire que l&rsquo;artiste a visit\u00e9 en 1885. Ce tableau fait partie d&rsquo;une s\u00e9rie de peintures orientalistes que G\u00e9r\u00f4me a r\u00e9alis\u00e9es apr\u00e8s ses voyages au Moyen-Orient. Tu as maintenant l&rsquo;occasion unique de d\u00e9couvrir une petite partie du fascinant monde arabe du 19e si\u00e8cle, vu \u00e0 travers les yeux de l&rsquo;artiste fran\u00e7ais. L&rsquo;image reconstruite mesure 50 x 70 cm et peut \u00eatre assembl\u00e9e \u00e0 l&rsquo;aide d&rsquo;une table basse ordinaire.<\/span><\/p>\n<p><span style=\"font-weight: 400;\">Pour en savoir plus sur le puzzle artistique Jean-L\u00e9on G\u00e9r\u00f4me &#8211; Marchand de tapis au Caire, clique ici :<\/span><\/p>\n<p><strong>Puzzle mat\u00e9riel <\/strong><\/p>\n<p><strong>carton bleu de haute qualit\u00e9<\/strong><\/p>\n<p><strong>des mat\u00e9riaux durables et recyclables<\/strong><\/p>\n<p><strong>finition semi-brillante, couleurs vives<\/strong><\/p>\n<p><strong>Nombre de pi\u00e8ces de puzzle : 1000<\/strong><\/p>\n<p><strong>\u00c2ge recommand\u00e9 : 14+<\/strong><\/p>\n<p><strong>Les jeux de r\u00e9flexion sont un excellent moyen de se connecter avec ses proches<\/strong><\/p>\n<p><span style=\"font-weight: 400;\">Tu cherches une activit\u00e9 qui te rapproche des enfants ? Envisage d&rsquo;assembler des puzzles pour adultes. Les enfants sont r\u00e9ceptifs aux jeux familiaux et sont s\u00fbrs d&rsquo;appr\u00e9cier le temps pass\u00e9 ensemble. Tu peux aussi proposer cette activit\u00e9 relaxante \u00e0 tes amis pour les week-ends o\u00f9 le mauvais temps te retient \u00e0 l&rsquo;int\u00e9rieur.<\/span><\/p>\n<p><strong>Les jeux de puzzle te gardent loin des \u00e9crans<\/strong><\/p>\n<p><span style=\"font-weight: 400;\">Rester loin des \u00e9crans des appareils modernes peut \u00eatre difficile, mais c&rsquo;est une t\u00e2che essentielle pour ta sant\u00e9 physique et mentale. Les jeux de r\u00e9flexion accaparent toute ton attention et deviennent magiques une fois qu&rsquo;ils t&rsquo;ont rendu accro <\/span><\/p>\n<p><strong>Les jeux de puzzle maintiennent ton cerveau actif<\/strong><\/p>\n<p><span style=\"font-weight: 400;\">Assemble des puzzles de 1000 pi\u00e8ces et entra\u00eene ton cerveau tous les jours ! Cette activit\u00e9 t&rsquo;aidera \u00e0 am\u00e9liorer tes comp\u00e9tences en r\u00e9solution de probl\u00e8mes ainsi que d&rsquo;autres comp\u00e9tences comme la concentration et l&rsquo;attention aux d\u00e9tails.<\/span><\/p>\n<p><strong>Savais-tu que Jean-L\u00e9on G\u00e9r\u00f4me&#8230; ?<\/strong><\/p>\n<p><span style=\"font-weight: 400;\">Lors de ses voyages au Moyen-Orient, il a collect\u00e9 divers artefacts qu&rsquo;il a ensuite utilis\u00e9s dans ses peintures.<\/span><\/p>\n<p><span style=\"font-weight: 400;\">Beaucoup de ses \u0153uvres orientalistes ont \u00e9t\u00e9 cr\u00e9\u00e9es \u00e0 partir de son imagination.<\/span><\/p>\n<p><span style=\"font-weight: 400;\">Il a connu un succ\u00e8s transatlantique. Il a vendu 144 tableaux de son vivant \u00e0 de riches Am\u00e9ricains qui ont trouv\u00e9 son travail complexe et instructif.<\/span><\/p>\n<p><span style=\"font-weight: 400;\">Il \u00e9tait un critique f\u00e9roce des impressionnistes.<\/span><\/p>\n<p><span style=\"font-weight: 400;\">Pendant les 25 derni\u00e8res ann\u00e9es de sa vie, il s&rsquo;est consacr\u00e9 \u00e0 la sculpture.<\/span><\/p>\n<p><span style=\"font-weight: 400;\">Choisis des \u00e9nigmes artistiques et tu le feras :<\/span><\/p>\n<ul>\n<li><strong>am\u00e9liore ton sens de l&rsquo;esth\u00e9tique.<\/strong><\/li>\n<li><strong>cr\u00e9er de v\u00e9ritables tableaux d&rsquo;art.<\/strong><\/li>\n<li><strong>d\u00e9veloppe ton imagination <\/strong><\/li>\n<li><strong>am\u00e9liore ta capacit\u00e9 \u00e0 terminer les jeux de puzzle.<\/strong><\/li>\n<\/ul>\n<p><span style=\"font-weight: 400;\">Cr\u00e9e maintenant ta propre \u0153uvre d&rsquo;art aux couleurs vives avec le puzzle de 1000 pi\u00e8ces Jean-L\u00e9on G\u00e9r\u00f4me &#8211; Marchand de tapis au Caire. Ach\u00e8te ce merveilleux puzzle d&rsquo;art et profite d&rsquo;une peinture profonde sur un th\u00e8me oriental. Ce puzzle pour adultes peut \u00eatre le premier de ta propre collection de puzzles d&rsquo;art. Commande-le, assemble-le, encadre-le ! <\/span><\/p>\n<p><span style=\"font-weight: 400;\">Si tu cherches un cadeau pour un ami sp\u00e9cial, le puzzle de 1000 pi\u00e8ces de Jean-L\u00e9on G\u00e9r\u00f4me &#8211; Marchand de tapis au Caire est le choix parfait !<\/span><\/p><\/p>\n","protected":false},"excerpt":{"rendered":"<p>Tu cherches une activit\u00e9 relaxante pour te sortir de ta routine quotidienne ? Assemble des puzzles de 1000 pi\u00e8ces de<\/p>\n","protected":false},"featured_media":63358,"template":"","meta":[],"product_brand":[],"product_cat":[1607,1608,1610],"product_tag":[],"class_list":{"0":"post-53154","1":"product","2":"type-product","3":"status-publish","4":"has-post-thumbnail","6":"product_cat-puzzles","7":"product_cat-adult-jigsaw-puzzles","8":"product_cat-1000-piece-jigsaw-puzzles","9":"pa_bax-10-en","10":"pa_brand-d_toys-en","11":"pa_country_of_manufacture-ro-en","12":"pa_filter_age-14-en","13":"pa_painter-jean_leongerome-en","14":"pa_tip_ambalaj-box","15":"pa_tip_puzzle-classic","17":"first","18":"instock","19":"taxable","20":"shipping-taxable","21":"product-type-simple"},"yoast_head":"<!-- This site is optimized with the Yoast SEO plugin v20.1 - https:\/\/yoast.com\/wordpress\/plugins\/seo\/ -->\n<title>Jean-L\u00e9on G\u00e9r\u00f4me Puzzle adulte 1000 pi\u00e8ces - Marchand de tapis au Caire<\/title>\n<meta name=\"description\" content=\"Jean-L\u00e9on G\u00e9r\u00f4me Puzzle adulte 1000 pi\u00e8ces - Marchand de tapis au Caire\" \/>\n<meta name=\"robots\" content=\"index, follow, max-snippet:-1, max-image-preview:large, max-video-preview:-1\" \/>\n<link rel=\"canonical\" href=\"https:\/\/business.roovi.com\/fr\/jean-leon-gerome-puzzle-adulte-1000-pieces-marchand-de-tapis-au-caire\/p\/\" \/>\n<meta property=\"og:locale\" content=\"fr_FR\" \/>\n<meta property=\"og:type\" content=\"article\" \/>\n<meta property=\"og:title\" content=\"Jean-L\u00e9on G\u00e9r\u00f4me Puzzle adulte 1000 pi\u00e8ces - Marchand de tapis au Caire\" \/>\n<meta property=\"og:description\" content=\"Jean-L\u00e9on G\u00e9r\u00f4me Puzzle adulte 1000 pi\u00e8ces - Marchand de tapis au Caire\" \/>\n<meta property=\"og:url\" content=\"https:\/\/business.roovi.com\/fr\/jean-leon-gerome-puzzle-adulte-1000-pieces-marchand-de-tapis-au-caire\/p\/\" \/>\n<meta property=\"og:site_name\" content=\"Roovi B2B\" \/>\n<meta property=\"article:publisher\" content=\"https:\/\/www.facebook.com\/wwwjucariero\" \/>\n<meta property=\"article:modified_time\" content=\"2022-07-13T10:23:28+00:00\" \/>\n<meta property=\"og:image\" content=\"https:\/\/business.roovi.com\/wp-content\/uploads\/2018\/04\/72726-03_ansamblu_dimensiuni_cutie_cm_1200x1200.png\" \/>\n\t<meta property=\"og:image:width\" content=\"1200\" \/>\n\t<meta property=\"og:image:height\" content=\"1200\" \/>\n\t<meta property=\"og:image:type\" content=\"image\/png\" \/>\n<meta name=\"twitter:label1\" content=\"Dur\u00e9e de lecture estim\u00e9e\" \/>\n\t<meta name=\"twitter:data1\" content=\"3 minutes\" \/>\n<script type=\"application\/ld+json\" class=\"yoast-schema-graph\">{\"@context\":\"https:\/\/schema.org\",\"@graph\":[{\"@type\":\"WebPage\",\"@id\":\"https:\/\/business.roovi.com\/fr\/jean-leon-gerome-puzzle-adulte-1000-pieces-marchand-de-tapis-au-caire\/p\/\",\"url\":\"https:\/\/business.roovi.com\/fr\/jean-leon-gerome-puzzle-adulte-1000-pieces-marchand-de-tapis-au-caire\/p\/\",\"name\":\"Jean-L\u00e9on G\u00e9r\u00f4me Puzzle adulte 1000 pi\u00e8ces - Marchand de tapis au Caire\",\"isPartOf\":{\"@id\":\"https:\/\/business.roovi.com\/fr\/#website\"},\"datePublished\":\"2018-04-16T10:56:17+00:00\",\"dateModified\":\"2022-07-13T10:23:28+00:00\",\"description\":\"Jean-L\u00e9on G\u00e9r\u00f4me Puzzle adulte 1000 pi\u00e8ces - Marchand de tapis au Caire\",\"breadcrumb\":{\"@id\":\"https:\/\/business.roovi.com\/fr\/jean-leon-gerome-puzzle-adulte-1000-pieces-marchand-de-tapis-au-caire\/p\/#breadcrumb\"},\"inLanguage\":\"fr-FR\",\"potentialAction\":[{\"@type\":\"ReadAction\",\"target\":[\"https:\/\/business.roovi.com\/fr\/jean-leon-gerome-puzzle-adulte-1000-pieces-marchand-de-tapis-au-caire\/p\/\"]}]},{\"@type\":\"BreadcrumbList\",\"@id\":\"https:\/\/business.roovi.com\/fr\/jean-leon-gerome-puzzle-adulte-1000-pieces-marchand-de-tapis-au-caire\/p\/#breadcrumb\",\"itemListElement\":[{\"@type\":\"ListItem\",\"position\":1,\"name\":\"Home\",\"item\":\"https:\/\/business.roovi.com\/fr\/\"},{\"@type\":\"ListItem\",\"position\":2,\"name\":\"Boutique\",\"item\":\"https:\/\/business.roovi.com\/fr\/boutique\/\"},{\"@type\":\"ListItem\",\"position\":3,\"name\":\"Jean-L\u00e9on G\u00e9r\u00f4me Puzzle adulte 1000 pi\u00e8ces &#8211; Marchand de tapis au Caire\"}]},{\"@type\":\"WebSite\",\"@id\":\"https:\/\/business.roovi.com\/fr\/#website\",\"url\":\"https:\/\/business.roovi.com\/fr\/\",\"name\":\"Roovi B2B\",\"description\":\"Roovi Business Website\",\"potentialAction\":[{\"@type\":\"SearchAction\",\"target\":{\"@type\":\"EntryPoint\",\"urlTemplate\":\"https:\/\/business.roovi.com\/fr\/?s={search_term_string}\"},\"query-input\":\"required name=search_term_string\"}],\"inLanguage\":\"fr-FR\"}]}<\/script>\n<!-- \/ Yoast SEO plugin. -->","yoast_head_json":{"title":"Jean-L\u00e9on G\u00e9r\u00f4me Puzzle adulte 1000 pi\u00e8ces - Marchand de tapis au Caire","description":"Jean-L\u00e9on G\u00e9r\u00f4me Puzzle adulte 1000 pi\u00e8ces - Marchand de tapis au Caire","robots":{"index":"index","follow":"follow","max-snippet":"max-snippet:-1","max-image-preview":"max-image-preview:large","max-video-preview":"max-video-preview:-1"},"canonical":"https:\/\/business.roovi.com\/fr\/jean-leon-gerome-puzzle-adulte-1000-pieces-marchand-de-tapis-au-caire\/p\/","og_locale":"fr_FR","og_type":"article","og_title":"Jean-L\u00e9on G\u00e9r\u00f4me Puzzle adulte 1000 pi\u00e8ces - Marchand de tapis au Caire","og_description":"Jean-L\u00e9on G\u00e9r\u00f4me Puzzle adulte 1000 pi\u00e8ces - Marchand de tapis au Caire","og_url":"https:\/\/business.roovi.com\/fr\/jean-leon-gerome-puzzle-adulte-1000-pieces-marchand-de-tapis-au-caire\/p\/","og_site_name":"Roovi B2B","article_publisher":"https:\/\/www.facebook.com\/wwwjucariero","article_modified_time":"2022-07-13T10:23:28+00:00","og_image":[{"width":1200,"height":1200,"url":"https:\/\/business.roovi.com\/wp-content\/uploads\/2018\/04\/72726-03_ansamblu_dimensiuni_cutie_cm_1200x1200.png","type":"image\/png"}],"twitter_misc":{"Dur\u00e9e de lecture estim\u00e9e":"3 minutes"},"schema":{"@context":"https:\/\/schema.org","@graph":[{"@type":"WebPage","@id":"https:\/\/business.roovi.com\/fr\/jean-leon-gerome-puzzle-adulte-1000-pieces-marchand-de-tapis-au-caire\/p\/","url":"https:\/\/business.roovi.com\/fr\/jean-leon-gerome-puzzle-adulte-1000-pieces-marchand-de-tapis-au-caire\/p\/","name":"Jean-L\u00e9on G\u00e9r\u00f4me Puzzle adulte 1000 pi\u00e8ces - Marchand de tapis au Caire","isPartOf":{"@id":"https:\/\/business.roovi.com\/fr\/#website"},"datePublished":"2018-04-16T10:56:17+00:00","dateModified":"2022-07-13T10:23:28+00:00","description":"Jean-L\u00e9on G\u00e9r\u00f4me Puzzle adulte 1000 pi\u00e8ces - Marchand de tapis au Caire","breadcrumb":{"@id":"https:\/\/business.roovi.com\/fr\/jean-leon-gerome-puzzle-adulte-1000-pieces-marchand-de-tapis-au-caire\/p\/#breadcrumb"},"inLanguage":"fr-FR","potentialAction":[{"@type":"ReadAction","target":["https:\/\/business.roovi.com\/fr\/jean-leon-gerome-puzzle-adulte-1000-pieces-marchand-de-tapis-au-caire\/p\/"]}]},{"@type":"BreadcrumbList","@id":"https:\/\/business.roovi.com\/fr\/jean-leon-gerome-puzzle-adulte-1000-pieces-marchand-de-tapis-au-caire\/p\/#breadcrumb","itemListElement":[{"@type":"ListItem","position":1,"name":"Home","item":"https:\/\/business.roovi.com\/fr\/"},{"@type":"ListItem","position":2,"name":"Boutique","item":"https:\/\/business.roovi.com\/fr\/boutique\/"},{"@type":"ListItem","position":3,"name":"Jean-L\u00e9on G\u00e9r\u00f4me Puzzle adulte 1000 pi\u00e8ces &#8211; Marchand de tapis au Caire"}]},{"@type":"WebSite","@id":"https:\/\/business.roovi.com\/fr\/#website","url":"https:\/\/business.roovi.com\/fr\/","name":"Roovi B2B","description":"Roovi Business Website","potentialAction":[{"@type":"SearchAction","target":{"@type":"EntryPoint","urlTemplate":"https:\/\/business.roovi.com\/fr\/?s={search_term_string}"},"query-input":"required name=search_term_string"}],"inLanguage":"fr-FR"}]}},"_links":{"self":[{"href":"https:\/\/business.roovi.com\/fr\/wp-json\/wp\/v2\/product\/53154","targetHints":{"allow":["GET"]}}],"collection":[{"href":"https:\/\/business.roovi.com\/fr\/wp-json\/wp\/v2\/product"}],"about":[{"href":"https:\/\/business.roovi.com\/fr\/wp-json\/wp\/v2\/types\/product"}],"version-history":[{"count":0,"href":"https:\/\/business.roovi.com\/fr\/wp-json\/wp\/v2\/product\/53154\/revisions"}],"wp:featuredmedia":[{"embeddable":true,"href":"https:\/\/business.roovi.com\/fr\/wp-json\/wp\/v2\/media\/63358"}],"wp:attachment":[{"href":"https:\/\/business.roovi.com\/fr\/wp-json\/wp\/v2\/media?parent=53154"}],"wp:term":[{"taxonomy":"product_brand","embeddable":true,"href":"https:\/\/business.roovi.com\/fr\/wp-json\/wp\/v2\/product_brand?post=53154"},{"taxonomy":"product_cat","embeddable":true,"href":"https:\/\/business.roovi.com\/fr\/wp-json\/wp\/v2\/product_cat?post=53154"},{"taxonomy":"product_tag","embeddable":true,"href":"https:\/\/business.roovi.com\/fr\/wp-json\/wp\/v2\/product_tag?post=53154"}],"curies":[{"name":"wp","href":"https:\/\/api.w.org\/{rel}","templated":true}]}}