{"id":53161,"date":"2018-04-16T10:56:17","date_gmt":"2018-04-16T10:56:17","guid":{"rendered":"https:\/\/business.roovi.com\/puzzle-adulti-1000-piese-pierre-auguste-cot-spring-primavara\/p\/"},"modified":"2022-07-13T10:23:31","modified_gmt":"2022-07-13T10:23:31","slug":"puzzle-adulte-1000-pieces-pierre-auguste-cot-printemps","status":"publish","type":"product","link":"https:\/\/business.roovi.com\/fr\/puzzle-adulte-1000-pieces-pierre-auguste-cot-printemps\/p\/","title":{"rendered":"Puzzle adulte 1000 pi\u00e8ces Pierre-Auguste Cot &#8211; Printemps"},"content":{"rendered":"<p><span style=\"font-weight: 400; font-size: 14px;\">Tu cherches une activit\u00e9 relaxante pour le week-end ? Les puzzles d&rsquo;art sont exactement ce dont tu as besoin. Choisis des puzzles de 1000 pi\u00e8ces parmi des centaines de mod\u00e8les disponibles dans la c\u00e9l\u00e8bre collection de puzzles d&rsquo;art de peintures. Assemble les images et profite de tableaux d&rsquo;art spectaculaires r\u00e9alis\u00e9s par toi-m\u00eame !<\/span><\/p>\n<p><span style=\"font-weight: 400; font-size: 14px;\">Le puzzle de 1000 pi\u00e8ces de Pierre-Auguste Cot &#8211; Printemps est une reproduction de l&rsquo;image du c\u00e9l\u00e8bre tableau cr\u00e9\u00e9e avec une finesse technique remarquable par l&rsquo;artiste fran\u00e7ais. Le tableau repr\u00e9sente un couple romantique profitant de la magie de l&rsquo;amour dans une balan\u00e7oire dans une for\u00eat ou un jardin. Recr\u00e9er l&rsquo;image d&rsquo;une douce romance \u00e0 partir de 1000 pi\u00e8ces de puzzle est un vrai bonheur. Tu peux utiliser une table basse standard pour soutenir les pi\u00e8ces. L&rsquo;image du tableau reconstitu\u00e9 dans ce puzzle artistique mesure 50 x 70 cm.<\/span><\/p>\n<p><span style=\"font-weight: 400; font-size: 14px;\">Caract\u00e9ristiques Puzzle d&rsquo;art Pierre-Auguste Cot &#8211; Printemps :<\/span><\/p>\n<p><span style=\"font-size: 14px;\"><strong>Mat\u00e9riau du puzzle <\/strong><\/span><\/p>\n<p><span style=\"font-size: 14px;\"><strong>carton bleu de haute qualit\u00e9<\/strong><\/span><\/p>\n<p><span style=\"font-size: 14px;\"><strong>des mat\u00e9riaux durables et recyclables<\/strong><\/span><\/p>\n<p><span style=\"font-size: 14px;\"><strong>finition semi-brillante, couleurs vives<\/strong><\/span><\/p>\n<p><span style=\"font-size: 14px;\"><strong>Nombre de pi\u00e8ces de puzzle : 1000<\/strong><\/span><\/p>\n<p><span style=\"font-size: 14px;\"><strong>\u00c2ge recommand\u00e9 : 14+<\/strong><\/span><\/p>\n<p><span style=\"font-size: 14px;\"><strong>Les jeux de puzzle enseignent la patience<\/strong><\/span><\/p>\n<p><span style=\"font-weight: 400; font-size: 14px;\">La solution d&rsquo;un jeu de puzzle n&rsquo;est pas toujours \u00e9vidente. Tu dois faire preuve de patience pour pouvoir compl\u00e9ter l&rsquo;image compl\u00e8te du puzzle de 1000 pi\u00e8ces. Pratiquer chaque jour t&rsquo;apportera un sentiment de calme et de patience que tu conserveras dans d&rsquo;autres situations quotidiennes.<\/span><\/p>\n<p><span style=\"font-size: 14px;\"><strong>Jeux de puzzle et estime de soi<\/strong><\/span><\/p>\n<p><span style=\"font-weight: 400; font-size: 14px;\">Lorsque tu poses la derni\u00e8re pi\u00e8ce du puzzle 1000, tu ressens une incroyable satisfaction du travail accompli. Chaque projet termin\u00e9 renforce ta confiance en tes propres forces, et un puzzle de 1000 pi\u00e8ces termin\u00e9 est justement un tel projet.<\/span><\/p>\n<p><span style=\"font-size: 14px;\"><strong>Connais-tu Pierre-August Cot ?<\/strong><\/span><\/p>\n<p><span style=\"font-weight: 400; font-size: 14px;\">Il \u00e9tait un peintre fran\u00e7ais du 19\u00e8me si\u00e8cle. Il a \u00e9tudi\u00e9 \u00e0 l&rsquo;\u00c9cole des Beaux-Arts et a fait ses d\u00e9buts au Salon de Paris en 1863&#8230;<\/span><\/p>\n<p><span style=\"font-weight: 400; font-size: 14px;\">Il a b\u00e9n\u00e9fici\u00e9 de la protection du sculpteur acad\u00e9mique Francisque Duret, dont il a \u00e9pous\u00e9 la fille.<\/span><\/p>\n<p><span style=\"font-weight: 400; font-size: 14px;\">Il a re\u00e7u divers prix et m\u00e9dailles, et en 1874, il a \u00e9t\u00e9 fait Chevalier de la L\u00e9gion d&rsquo;honneur.<\/span><\/p>\n<p><span style=\"font-weight: 400; font-size: 14px;\">De son vivant, il jouissait d&rsquo;une grande popularit\u00e9 et \u00e9tait l&rsquo;un des peintres parisiens les plus prosp\u00e8res.<\/span><\/p>\n<p><span style=\"font-size: 14px;\"><span style=\"font-weight: 400;\">Peinture <\/span><em><span style=\"font-weight: 400;\">Printemps<\/span><\/em><span style=\"font-weight: 400;\"> a \u00e9t\u00e9 son \u0153uvre la plus r\u00e9ussie <\/span><\/span><\/p>\n<p><span style=\"font-size: 14px;\"><span style=\"font-weight: 400;\">Largement admir\u00e9, <\/span><em><span style=\"font-weight: 400;\">Printemps<\/span><\/em><span style=\"font-weight: 400;\"> a \u00e9t\u00e9 copi\u00e9 dans des gravures, des \u00e9ventails, de la porcelaine, des tapisseries et d&rsquo;autres objets d\u00e9coratifs.<\/span><\/span><\/p>\n<p><span style=\"font-size: 14px;\"><strong>Pourquoi est-ce si agr\u00e9able d&rsquo;assembler un puzzle artistique ?<\/strong><\/span><\/p>\n<p><span style=\"font-weight: 400; font-size: 14px;\">La raison pour laquelle assembler des puzzles pour adultes fait du bien est scientifiquement prouv\u00e9e. Pendant cette activit\u00e9, le cerveau humain s\u00e9cr\u00e8te plus de dopamine. C&rsquo;est un neurotransmetteur responsable du sentiment de bien-\u00eatre, de l&rsquo;optimisme et du bonheur. Voici comment tu deviens plus d\u00e9tendu et plus heureux \u00e0 mesure que tu te rapproches de la solution finale du jeu de puzzle.<\/span><\/p>\n<p><span style=\"font-weight: 400; font-size: 14px;\">Tu veux une \u0153uvre d&rsquo;art extraordinaire ou tu veux peut-\u00eatre surprendre agr\u00e9ablement un ami avec un cadeau sp\u00e9cial ? Acheter maintenant Le puzzle de 1000 pi\u00e8ces de Pierre-Auguste Cot &#8211; Printemps de notre collection de puzzles d&rsquo;art apportera de la joie \u00e0 ton \u00e2me et au c\u0153ur de tes proches.<\/span><\/p><\/p>\n","protected":false},"excerpt":{"rendered":"<p>Tu cherches une activit\u00e9 relaxante pour le week-end ? Les puzzles d&rsquo;art sont exactement ce dont tu as besoin. Choisis<\/p>\n","protected":false},"featured_media":63383,"template":"","meta":[],"product_brand":[],"product_cat":[2314,2316,2315],"product_tag":[],"class_list":{"0":"post-53161","1":"product","2":"type-product","3":"status-publish","4":"has-post-thumbnail","6":"product_cat-puzzles-fr","7":"product_cat-puzzles-de-1000-pieces","8":"product_cat-puzzles-pour-adultes","9":"pa_bax-10-fr","10":"pa_brand-d_toys-fr","11":"pa_country_of_manufacture-ro-fr","12":"pa_filter_age-14-fr","13":"pa_painter-pierreaugustecot-fr","14":"pa_tip_ambalaj-boite","15":"pa_tip_puzzle-classique","17":"first","18":"instock","19":"taxable","20":"shipping-taxable","21":"product-type-simple"},"yoast_head":"<!-- This site is optimized with the Yoast SEO plugin v20.1 - https:\/\/yoast.com\/wordpress\/plugins\/seo\/ -->\n<title>Puzzle adulte 1000 pi\u00e8ces Pierre-Auguste Cot - Printemps<\/title>\n<meta name=\"description\" content=\"Puzzle adulte 1000 pi\u00e8ces Pierre-Auguste Cot - Printemps\" \/>\n<meta name=\"robots\" content=\"index, follow, max-snippet:-1, max-image-preview:large, max-video-preview:-1\" \/>\n<link rel=\"canonical\" href=\"https:\/\/business.roovi.com\/fr\/puzzle-adulte-1000-pieces-pierre-auguste-cot-printemps\/p\/\" \/>\n<meta property=\"og:locale\" content=\"fr_FR\" \/>\n<meta property=\"og:type\" content=\"article\" \/>\n<meta property=\"og:title\" content=\"Puzzle adulte 1000 pi\u00e8ces Pierre-Auguste Cot - Printemps\" \/>\n<meta property=\"og:description\" content=\"Puzzle adulte 1000 pi\u00e8ces Pierre-Auguste Cot - Printemps\" \/>\n<meta property=\"og:url\" content=\"https:\/\/business.roovi.com\/fr\/puzzle-adulte-1000-pieces-pierre-auguste-cot-printemps\/p\/\" \/>\n<meta property=\"og:site_name\" content=\"Roovi B2B\" \/>\n<meta property=\"article:publisher\" content=\"https:\/\/www.facebook.com\/wwwjucariero\" \/>\n<meta property=\"article:modified_time\" content=\"2022-07-13T10:23:31+00:00\" \/>\n<meta property=\"og:image\" content=\"https:\/\/business.roovi.com\/wp-content\/uploads\/2018\/04\/72740-02_ansamblu_dimensiuni_cutie_cm_1200x1200.png\" \/>\n\t<meta property=\"og:image:width\" content=\"1200\" \/>\n\t<meta property=\"og:image:height\" content=\"1200\" \/>\n\t<meta property=\"og:image:type\" content=\"image\/png\" \/>\n<meta name=\"twitter:label1\" content=\"Dur\u00e9e de lecture estim\u00e9e\" \/>\n\t<meta name=\"twitter:data1\" content=\"3 minutes\" \/>\n<script type=\"application\/ld+json\" class=\"yoast-schema-graph\">{\"@context\":\"https:\/\/schema.org\",\"@graph\":[{\"@type\":\"WebPage\",\"@id\":\"https:\/\/business.roovi.com\/fr\/puzzle-adulte-1000-pieces-pierre-auguste-cot-printemps\/p\/\",\"url\":\"https:\/\/business.roovi.com\/fr\/puzzle-adulte-1000-pieces-pierre-auguste-cot-printemps\/p\/\",\"name\":\"Puzzle adulte 1000 pi\u00e8ces Pierre-Auguste Cot - Printemps\",\"isPartOf\":{\"@id\":\"https:\/\/business.roovi.com\/fr\/#website\"},\"datePublished\":\"2018-04-16T10:56:17+00:00\",\"dateModified\":\"2022-07-13T10:23:31+00:00\",\"description\":\"Puzzle adulte 1000 pi\u00e8ces Pierre-Auguste Cot - Printemps\",\"breadcrumb\":{\"@id\":\"https:\/\/business.roovi.com\/fr\/puzzle-adulte-1000-pieces-pierre-auguste-cot-printemps\/p\/#breadcrumb\"},\"inLanguage\":\"fr-FR\",\"potentialAction\":[{\"@type\":\"ReadAction\",\"target\":[\"https:\/\/business.roovi.com\/fr\/puzzle-adulte-1000-pieces-pierre-auguste-cot-printemps\/p\/\"]}]},{\"@type\":\"BreadcrumbList\",\"@id\":\"https:\/\/business.roovi.com\/fr\/puzzle-adulte-1000-pieces-pierre-auguste-cot-printemps\/p\/#breadcrumb\",\"itemListElement\":[{\"@type\":\"ListItem\",\"position\":1,\"name\":\"Home\",\"item\":\"https:\/\/business.roovi.com\/fr\/\"},{\"@type\":\"ListItem\",\"position\":2,\"name\":\"Boutique\",\"item\":\"https:\/\/business.roovi.com\/fr\/boutique\/\"},{\"@type\":\"ListItem\",\"position\":3,\"name\":\"Puzzle adulte 1000 pi\u00e8ces Pierre-Auguste Cot &#8211; Printemps\"}]},{\"@type\":\"WebSite\",\"@id\":\"https:\/\/business.roovi.com\/fr\/#website\",\"url\":\"https:\/\/business.roovi.com\/fr\/\",\"name\":\"Roovi B2B\",\"description\":\"Roovi Business Website\",\"potentialAction\":[{\"@type\":\"SearchAction\",\"target\":{\"@type\":\"EntryPoint\",\"urlTemplate\":\"https:\/\/business.roovi.com\/fr\/?s={search_term_string}\"},\"query-input\":\"required name=search_term_string\"}],\"inLanguage\":\"fr-FR\"}]}<\/script>\n<!-- \/ Yoast SEO plugin. -->","yoast_head_json":{"title":"Puzzle adulte 1000 pi\u00e8ces Pierre-Auguste Cot - Printemps","description":"Puzzle adulte 1000 pi\u00e8ces Pierre-Auguste Cot - Printemps","robots":{"index":"index","follow":"follow","max-snippet":"max-snippet:-1","max-image-preview":"max-image-preview:large","max-video-preview":"max-video-preview:-1"},"canonical":"https:\/\/business.roovi.com\/fr\/puzzle-adulte-1000-pieces-pierre-auguste-cot-printemps\/p\/","og_locale":"fr_FR","og_type":"article","og_title":"Puzzle adulte 1000 pi\u00e8ces Pierre-Auguste Cot - Printemps","og_description":"Puzzle adulte 1000 pi\u00e8ces Pierre-Auguste Cot - Printemps","og_url":"https:\/\/business.roovi.com\/fr\/puzzle-adulte-1000-pieces-pierre-auguste-cot-printemps\/p\/","og_site_name":"Roovi B2B","article_publisher":"https:\/\/www.facebook.com\/wwwjucariero","article_modified_time":"2022-07-13T10:23:31+00:00","og_image":[{"width":1200,"height":1200,"url":"https:\/\/business.roovi.com\/wp-content\/uploads\/2018\/04\/72740-02_ansamblu_dimensiuni_cutie_cm_1200x1200.png","type":"image\/png"}],"twitter_misc":{"Dur\u00e9e de lecture estim\u00e9e":"3 minutes"},"schema":{"@context":"https:\/\/schema.org","@graph":[{"@type":"WebPage","@id":"https:\/\/business.roovi.com\/fr\/puzzle-adulte-1000-pieces-pierre-auguste-cot-printemps\/p\/","url":"https:\/\/business.roovi.com\/fr\/puzzle-adulte-1000-pieces-pierre-auguste-cot-printemps\/p\/","name":"Puzzle adulte 1000 pi\u00e8ces Pierre-Auguste Cot - Printemps","isPartOf":{"@id":"https:\/\/business.roovi.com\/fr\/#website"},"datePublished":"2018-04-16T10:56:17+00:00","dateModified":"2022-07-13T10:23:31+00:00","description":"Puzzle adulte 1000 pi\u00e8ces Pierre-Auguste Cot - Printemps","breadcrumb":{"@id":"https:\/\/business.roovi.com\/fr\/puzzle-adulte-1000-pieces-pierre-auguste-cot-printemps\/p\/#breadcrumb"},"inLanguage":"fr-FR","potentialAction":[{"@type":"ReadAction","target":["https:\/\/business.roovi.com\/fr\/puzzle-adulte-1000-pieces-pierre-auguste-cot-printemps\/p\/"]}]},{"@type":"BreadcrumbList","@id":"https:\/\/business.roovi.com\/fr\/puzzle-adulte-1000-pieces-pierre-auguste-cot-printemps\/p\/#breadcrumb","itemListElement":[{"@type":"ListItem","position":1,"name":"Home","item":"https:\/\/business.roovi.com\/fr\/"},{"@type":"ListItem","position":2,"name":"Boutique","item":"https:\/\/business.roovi.com\/fr\/boutique\/"},{"@type":"ListItem","position":3,"name":"Puzzle adulte 1000 pi\u00e8ces Pierre-Auguste Cot &#8211; Printemps"}]},{"@type":"WebSite","@id":"https:\/\/business.roovi.com\/fr\/#website","url":"https:\/\/business.roovi.com\/fr\/","name":"Roovi B2B","description":"Roovi Business Website","potentialAction":[{"@type":"SearchAction","target":{"@type":"EntryPoint","urlTemplate":"https:\/\/business.roovi.com\/fr\/?s={search_term_string}"},"query-input":"required name=search_term_string"}],"inLanguage":"fr-FR"}]}},"_links":{"self":[{"href":"https:\/\/business.roovi.com\/fr\/wp-json\/wp\/v2\/product\/53161","targetHints":{"allow":["GET"]}}],"collection":[{"href":"https:\/\/business.roovi.com\/fr\/wp-json\/wp\/v2\/product"}],"about":[{"href":"https:\/\/business.roovi.com\/fr\/wp-json\/wp\/v2\/types\/product"}],"version-history":[{"count":0,"href":"https:\/\/business.roovi.com\/fr\/wp-json\/wp\/v2\/product\/53161\/revisions"}],"wp:featuredmedia":[{"embeddable":true,"href":"https:\/\/business.roovi.com\/fr\/wp-json\/wp\/v2\/media\/63383"}],"wp:attachment":[{"href":"https:\/\/business.roovi.com\/fr\/wp-json\/wp\/v2\/media?parent=53161"}],"wp:term":[{"taxonomy":"product_brand","embeddable":true,"href":"https:\/\/business.roovi.com\/fr\/wp-json\/wp\/v2\/product_brand?post=53161"},{"taxonomy":"product_cat","embeddable":true,"href":"https:\/\/business.roovi.com\/fr\/wp-json\/wp\/v2\/product_cat?post=53161"},{"taxonomy":"product_tag","embeddable":true,"href":"https:\/\/business.roovi.com\/fr\/wp-json\/wp\/v2\/product_tag?post=53161"}],"curies":[{"name":"wp","href":"https:\/\/api.w.org\/{rel}","templated":true}]}}