{"id":53162,"date":"2018-04-16T10:56:17","date_gmt":"2018-04-16T10:56:17","guid":{"rendered":"https:\/\/business.roovi.com\/puzzle-adulti-1000-piese-john-william-waterhouse-echo-and-narcissus\/p\/"},"modified":"2022-07-13T10:23:32","modified_gmt":"2022-07-13T10:23:32","slug":"puzzle-adulte-1000-pieces-john-william-waterhouse-echo-et-narcisse","status":"publish","type":"product","link":"https:\/\/business.roovi.com\/fr\/puzzle-adulte-1000-pieces-john-william-waterhouse-echo-et-narcisse\/p\/","title":{"rendered":"Puzzle adulte 1000 pi\u00e8ces John William Waterhouse &#8211; Echo et Narcisse"},"content":{"rendered":"<p><span style=\"font-weight: 400;\">Tu te sens inspir\u00e9 ? Nous te mettons au d\u00e9fi de faire des puzzles de 1000 pi\u00e8ces \u00e0 partir de notre plus grande collection de puzzles d&rsquo;art ! Tu as jusqu&rsquo;\u00e0 30 heures de plaisir relaxant, et \u00e0 la fin, tu obtiens un chef-d&rsquo;\u0153uvre d&rsquo;art cr\u00e9\u00e9 de tes propres mains !<\/span><\/p>\n<p><span style=\"font-weight: 400;\">Le puzzle de 1000 pi\u00e8ces de John William Waterhouse &#8211; Echo et Narcisse met en sc\u00e8ne le mythe de Narcisse tombant amoureux de sa propre image, rendu sous forme de peinture. Si tu es passionn\u00e9 par les th\u00e8mes mythologiques et les grands chefs-d&rsquo;\u0153uvre de l&rsquo;art, cette magnifique peinture te fascinera certainement. Et le d\u00e9fi de le recr\u00e9er sera une exp\u00e9rience d\u00e9licieuse.<\/span><\/p>\n<p><span style=\"font-weight: 400;\">Pour assembler le puzzle de 1000 pi\u00e8ces, tu peux utiliser une table basse ordinaire pour soutenir les pi\u00e8ces. L&rsquo;image reconstruite mesure 50 x 70 cm.<\/span><\/p>\n<p><span style=\"font-weight: 400;\">Caract\u00e9ristiques du puzzle artistique John William Waterhouse &#8211; Echo et Narcisse<\/span><\/p>\n<p><strong>Mat\u00e9riau du puzzle <\/strong><\/p>\n<p><strong>carton bleu de haute qualit\u00e9<\/strong><\/p>\n<p><strong>des mat\u00e9riaux durables et recyclables<\/strong><\/p>\n<p><strong>finition semi-brillante, couleurs vives<\/strong><\/p>\n<p><strong>Nombre de pi\u00e8ces de puzzle : 1000<\/strong><\/p>\n<p><strong>\u00c2ge recommand\u00e9 : 14+<\/strong><\/p>\n<p><strong>Les jeux de puzzle aident \u00e0 soulager le stress<\/strong><\/p>\n<p><span style=\"font-weight: 400;\">Les puzzles pour adultes ont la propri\u00e9t\u00e9 \u00e9tonnante de d\u00e9tendre et de soulager le stress. On a d\u00e9couvert que pendant l&rsquo;activit\u00e9 d&rsquo;assemblage, le cerveau humain passe de l&rsquo;\u00e9tat \u00ab\u00a0Beta\u00a0\u00bb ou \u00e9veill\u00e9 \u00e0 l&rsquo;\u00e9tat \u00ab\u00a0Alpha\u00a0\u00bb que nous avons lorsque nous r\u00eavons. C&rsquo;est pourquoi les puzzles t&rsquo;aident :<\/span><\/p>\n<ul>\n<li><span style=\"font-weight: 400;\">Avoir une meilleure humeur<\/span><\/li>\n<li><span style=\"font-weight: 400;\">D\u00e9connecte-toi de tous tes probl\u00e8mes quotidiens<\/span><\/li>\n<li><span style=\"font-weight: 400;\">Avoir un \u00e9tat de sant\u00e9 g\u00e9n\u00e9ral am\u00e9lior\u00e9.<\/span><\/li>\n<li><span style=\"font-weight: 400;\">Sois plus calme et plus confiant.<\/span><\/li>\n<\/ul>\n<p><strong>\u00c0 propos de <\/strong><strong>Tu connaissais John William Waterhouse ?<\/strong><\/p>\n<ul>\n<li><span style=\"font-weight: 400;\">Il vient d&rsquo;une famille d&rsquo;artistes, mais sa date de naissance exacte n&rsquo;est pas connue.<\/span><\/li>\n<li><span style=\"font-weight: 400;\">Il est n\u00e9 \u00e0 Rome et a \u00e9t\u00e9 surnomm\u00e9 \u00ab\u00a0Nino\u00a0\u00bb pendant son enfance.<\/span><\/li>\n<li><span style=\"font-weight: 400;\">\u00c0 l&rsquo;origine, il peignait dans le style acad\u00e9mique, mais il est ensuite pass\u00e9 au style pr\u00e9rapha\u00e9lite.<\/span><\/li>\n<li><span style=\"font-weight: 400;\">Il \u00e9tait mari\u00e9 \u00e0 une peintre avec qui il a eu deux filles qui sont mortes dans leur enfance.<\/span><\/li>\n<li><span style=\"font-weight: 400;\">Il est surtout connu pour ses nombreuses \u0153uvres avec des sujets de la mythologie grecque.<\/span><\/li>\n<\/ul>\n<p><strong>5 comp\u00e9tences que tu d\u00e9veloppes avec les puzzles d&rsquo;art<\/strong><\/p>\n<p><strong>1. Sens esth\u00e9tique<\/strong><span style=\"font-weight: 400;\"> &#8211; passer jusqu&rsquo;\u00e0 30 heures \u00e0 se d\u00e9tendre en compagnie d&rsquo;un puzzle artistique ne peut qu&rsquo;amener ton sens des couleurs \u00e0 un niveau sup\u00e9rieur.<\/span><\/p>\n<p><strong>2. Imagination <\/strong><span style=\"font-weight: 400;\">&#8211; Refaire un puzzle artistique est une excellente raison de d\u00e9velopper ton imagination. Lorsque tu mets chaque pi\u00e8ce en place et que l&rsquo;image commence \u00e0 prendre forme, tu d\u00e9bloques le myst\u00e8re d&rsquo;une \u0153uvre \u00e9tablie et tu en cr\u00e9es ta propre vision.<\/span><\/p>\n<p><strong>3. Pers\u00e9v\u00e9rance<\/strong><span style=\"font-weight: 400;\"> &#8211; m\u00eame s&rsquo;il semble parfois difficile de reconstituer l&rsquo;ensemble du tableau, tu n&rsquo;abandonnes pas et tu travailles dur jusqu&rsquo;\u00e0 ce que le puzzle de 1000 pi\u00e8ces soit termin\u00e9.<\/span><\/p>\n<p><strong>4. Patience<\/strong><span style=\"font-weight: 400;\"> &#8211; qui m\u00e8ne \u00e0 une exp\u00e9rience r\u00e9ussie : l&rsquo;image du puzzle de 1000 pi\u00e8ces est termin\u00e9e, et tu ressens un grand sentiment de satisfaction pour un travail bien fait.<\/span><\/p>\n<p><strong>5. Les comp\u00e9tences pour refaire le puzzle de 1000 pi\u00e8ces<\/strong><span style=\"font-weight: 400;\"> que tu peux montrer lors de s\u00e9ances de puzzle avec tes amis.<\/span><\/p>\n<p><span style=\"font-weight: 400;\">Acheter un puzzle de 1000 pi\u00e8ces maintenant <\/span><span style=\"font-weight: 400;\">John William Waterhouse &#8211; Echo et Narcisse et laisse la couleur r\u00e9v\u00e9ler le mythe grec de Narcisse qui tombe amoureux de lui-m\u00eame en ignorant la sensualit\u00e9 de la belle Echo. Pour une exp\u00e9rience compl\u00e8te d&rsquo;amusement et de d\u00e9tente, invite tes amis et reconstitue l&rsquo;image de ce fabuleux puzzle artistique.<\/span><\/p>\n<p><span style=\"font-weight: 400;\">Tu cherches des cadeaux et tu es \u00e0 court d&rsquo;id\u00e9es ? Casse-t\u00eate <\/span><span style=\"font-weight: 400;\">1000 pi\u00e8ces <\/span><span style=\"font-weight: 400;\">John William Waterhouse &#8211; Echo et Narcisse est la solution id\u00e9ale si tu veux offrir une surprise inoubliable \u00e0 tes amis amateurs de casse-t\u00eate.<\/span><\/p><\/p>\n","protected":false},"excerpt":{"rendered":"<p>Tu te sens inspir\u00e9 ? Nous te mettons au d\u00e9fi de faire des puzzles de 1000 pi\u00e8ces \u00e0 partir de<\/p>\n","protected":false},"featured_media":63407,"template":"","meta":[],"product_brand":[],"product_cat":[2314,2316,2315],"product_tag":[],"class_list":{"0":"post-53162","1":"product","2":"type-product","3":"status-publish","4":"has-post-thumbnail","6":"product_cat-puzzles-fr","7":"product_cat-puzzles-de-1000-pieces","8":"product_cat-puzzles-pour-adultes","9":"pa_bax-10-fr","10":"pa_brand-d_toys-fr","11":"pa_country_of_manufacture-ro-fr","12":"pa_filter_age-14-fr","13":"pa_painter-johnwilliamwaterhouse-fr","14":"pa_tip_ambalaj-boite","15":"pa_tip_puzzle-classique","17":"first","18":"instock","19":"taxable","20":"shipping-taxable","21":"product-type-simple"},"yoast_head":"<!-- This site is optimized with the Yoast SEO plugin v20.1 - https:\/\/yoast.com\/wordpress\/plugins\/seo\/ -->\n<title>Puzzle adulte 1000 pi\u00e8ces John William Waterhouse - Echo et Narcisse<\/title>\n<meta name=\"description\" content=\"Puzzle adulte 1000 pi\u00e8ces John William Waterhouse - Echo et Narcisse\" \/>\n<meta name=\"robots\" content=\"index, follow, max-snippet:-1, max-image-preview:large, max-video-preview:-1\" \/>\n<link rel=\"canonical\" href=\"https:\/\/business.roovi.com\/fr\/puzzle-adulte-1000-pieces-john-william-waterhouse-echo-et-narcisse\/p\/\" \/>\n<meta property=\"og:locale\" content=\"fr_FR\" \/>\n<meta property=\"og:type\" content=\"article\" \/>\n<meta property=\"og:title\" content=\"Puzzle adulte 1000 pi\u00e8ces John William Waterhouse - Echo et Narcisse\" \/>\n<meta property=\"og:description\" content=\"Puzzle adulte 1000 pi\u00e8ces John William Waterhouse - Echo et Narcisse\" \/>\n<meta property=\"og:url\" content=\"https:\/\/business.roovi.com\/fr\/puzzle-adulte-1000-pieces-john-william-waterhouse-echo-et-narcisse\/p\/\" \/>\n<meta property=\"og:site_name\" content=\"Roovi B2B\" \/>\n<meta property=\"article:publisher\" content=\"https:\/\/www.facebook.com\/wwwjucariero\" \/>\n<meta property=\"article:modified_time\" content=\"2022-07-13T10:23:32+00:00\" \/>\n<meta property=\"og:image\" content=\"https:\/\/business.roovi.com\/wp-content\/uploads\/2018\/04\/72757-02_ansamblu_dimensiuni_cutie_cm_orizontal_1200x1200.png\" \/>\n\t<meta property=\"og:image:width\" content=\"1200\" \/>\n\t<meta property=\"og:image:height\" content=\"1200\" \/>\n\t<meta property=\"og:image:type\" content=\"image\/png\" \/>\n<meta name=\"twitter:label1\" content=\"Dur\u00e9e de lecture estim\u00e9e\" \/>\n\t<meta name=\"twitter:data1\" content=\"3 minutes\" \/>\n<script type=\"application\/ld+json\" class=\"yoast-schema-graph\">{\"@context\":\"https:\/\/schema.org\",\"@graph\":[{\"@type\":\"WebPage\",\"@id\":\"https:\/\/business.roovi.com\/fr\/puzzle-adulte-1000-pieces-john-william-waterhouse-echo-et-narcisse\/p\/\",\"url\":\"https:\/\/business.roovi.com\/fr\/puzzle-adulte-1000-pieces-john-william-waterhouse-echo-et-narcisse\/p\/\",\"name\":\"Puzzle adulte 1000 pi\u00e8ces John William Waterhouse - Echo et Narcisse\",\"isPartOf\":{\"@id\":\"https:\/\/business.roovi.com\/fr\/#website\"},\"datePublished\":\"2018-04-16T10:56:17+00:00\",\"dateModified\":\"2022-07-13T10:23:32+00:00\",\"description\":\"Puzzle adulte 1000 pi\u00e8ces John William Waterhouse - Echo et Narcisse\",\"breadcrumb\":{\"@id\":\"https:\/\/business.roovi.com\/fr\/puzzle-adulte-1000-pieces-john-william-waterhouse-echo-et-narcisse\/p\/#breadcrumb\"},\"inLanguage\":\"fr-FR\",\"potentialAction\":[{\"@type\":\"ReadAction\",\"target\":[\"https:\/\/business.roovi.com\/fr\/puzzle-adulte-1000-pieces-john-william-waterhouse-echo-et-narcisse\/p\/\"]}]},{\"@type\":\"BreadcrumbList\",\"@id\":\"https:\/\/business.roovi.com\/fr\/puzzle-adulte-1000-pieces-john-william-waterhouse-echo-et-narcisse\/p\/#breadcrumb\",\"itemListElement\":[{\"@type\":\"ListItem\",\"position\":1,\"name\":\"Home\",\"item\":\"https:\/\/business.roovi.com\/fr\/\"},{\"@type\":\"ListItem\",\"position\":2,\"name\":\"Boutique\",\"item\":\"https:\/\/business.roovi.com\/fr\/boutique\/\"},{\"@type\":\"ListItem\",\"position\":3,\"name\":\"Puzzle adulte 1000 pi\u00e8ces John William Waterhouse &#8211; Echo et Narcisse\"}]},{\"@type\":\"WebSite\",\"@id\":\"https:\/\/business.roovi.com\/fr\/#website\",\"url\":\"https:\/\/business.roovi.com\/fr\/\",\"name\":\"Roovi B2B\",\"description\":\"Roovi Business Website\",\"potentialAction\":[{\"@type\":\"SearchAction\",\"target\":{\"@type\":\"EntryPoint\",\"urlTemplate\":\"https:\/\/business.roovi.com\/fr\/?s={search_term_string}\"},\"query-input\":\"required name=search_term_string\"}],\"inLanguage\":\"fr-FR\"}]}<\/script>\n<!-- \/ Yoast SEO plugin. -->","yoast_head_json":{"title":"Puzzle adulte 1000 pi\u00e8ces John William Waterhouse - Echo et Narcisse","description":"Puzzle adulte 1000 pi\u00e8ces John William Waterhouse - Echo et Narcisse","robots":{"index":"index","follow":"follow","max-snippet":"max-snippet:-1","max-image-preview":"max-image-preview:large","max-video-preview":"max-video-preview:-1"},"canonical":"https:\/\/business.roovi.com\/fr\/puzzle-adulte-1000-pieces-john-william-waterhouse-echo-et-narcisse\/p\/","og_locale":"fr_FR","og_type":"article","og_title":"Puzzle adulte 1000 pi\u00e8ces John William Waterhouse - Echo et Narcisse","og_description":"Puzzle adulte 1000 pi\u00e8ces John William Waterhouse - Echo et Narcisse","og_url":"https:\/\/business.roovi.com\/fr\/puzzle-adulte-1000-pieces-john-william-waterhouse-echo-et-narcisse\/p\/","og_site_name":"Roovi B2B","article_publisher":"https:\/\/www.facebook.com\/wwwjucariero","article_modified_time":"2022-07-13T10:23:32+00:00","og_image":[{"width":1200,"height":1200,"url":"https:\/\/business.roovi.com\/wp-content\/uploads\/2018\/04\/72757-02_ansamblu_dimensiuni_cutie_cm_orizontal_1200x1200.png","type":"image\/png"}],"twitter_misc":{"Dur\u00e9e de lecture estim\u00e9e":"3 minutes"},"schema":{"@context":"https:\/\/schema.org","@graph":[{"@type":"WebPage","@id":"https:\/\/business.roovi.com\/fr\/puzzle-adulte-1000-pieces-john-william-waterhouse-echo-et-narcisse\/p\/","url":"https:\/\/business.roovi.com\/fr\/puzzle-adulte-1000-pieces-john-william-waterhouse-echo-et-narcisse\/p\/","name":"Puzzle adulte 1000 pi\u00e8ces John William Waterhouse - Echo et Narcisse","isPartOf":{"@id":"https:\/\/business.roovi.com\/fr\/#website"},"datePublished":"2018-04-16T10:56:17+00:00","dateModified":"2022-07-13T10:23:32+00:00","description":"Puzzle adulte 1000 pi\u00e8ces John William Waterhouse - Echo et Narcisse","breadcrumb":{"@id":"https:\/\/business.roovi.com\/fr\/puzzle-adulte-1000-pieces-john-william-waterhouse-echo-et-narcisse\/p\/#breadcrumb"},"inLanguage":"fr-FR","potentialAction":[{"@type":"ReadAction","target":["https:\/\/business.roovi.com\/fr\/puzzle-adulte-1000-pieces-john-william-waterhouse-echo-et-narcisse\/p\/"]}]},{"@type":"BreadcrumbList","@id":"https:\/\/business.roovi.com\/fr\/puzzle-adulte-1000-pieces-john-william-waterhouse-echo-et-narcisse\/p\/#breadcrumb","itemListElement":[{"@type":"ListItem","position":1,"name":"Home","item":"https:\/\/business.roovi.com\/fr\/"},{"@type":"ListItem","position":2,"name":"Boutique","item":"https:\/\/business.roovi.com\/fr\/boutique\/"},{"@type":"ListItem","position":3,"name":"Puzzle adulte 1000 pi\u00e8ces John William Waterhouse &#8211; Echo et Narcisse"}]},{"@type":"WebSite","@id":"https:\/\/business.roovi.com\/fr\/#website","url":"https:\/\/business.roovi.com\/fr\/","name":"Roovi B2B","description":"Roovi Business Website","potentialAction":[{"@type":"SearchAction","target":{"@type":"EntryPoint","urlTemplate":"https:\/\/business.roovi.com\/fr\/?s={search_term_string}"},"query-input":"required name=search_term_string"}],"inLanguage":"fr-FR"}]}},"_links":{"self":[{"href":"https:\/\/business.roovi.com\/fr\/wp-json\/wp\/v2\/product\/53162","targetHints":{"allow":["GET"]}}],"collection":[{"href":"https:\/\/business.roovi.com\/fr\/wp-json\/wp\/v2\/product"}],"about":[{"href":"https:\/\/business.roovi.com\/fr\/wp-json\/wp\/v2\/types\/product"}],"version-history":[{"count":0,"href":"https:\/\/business.roovi.com\/fr\/wp-json\/wp\/v2\/product\/53162\/revisions"}],"wp:featuredmedia":[{"embeddable":true,"href":"https:\/\/business.roovi.com\/fr\/wp-json\/wp\/v2\/media\/63407"}],"wp:attachment":[{"href":"https:\/\/business.roovi.com\/fr\/wp-json\/wp\/v2\/media?parent=53162"}],"wp:term":[{"taxonomy":"product_brand","embeddable":true,"href":"https:\/\/business.roovi.com\/fr\/wp-json\/wp\/v2\/product_brand?post=53162"},{"taxonomy":"product_cat","embeddable":true,"href":"https:\/\/business.roovi.com\/fr\/wp-json\/wp\/v2\/product_cat?post=53162"},{"taxonomy":"product_tag","embeddable":true,"href":"https:\/\/business.roovi.com\/fr\/wp-json\/wp\/v2\/product_tag?post=53162"}],"curies":[{"name":"wp","href":"https:\/\/api.w.org\/{rel}","templated":true}]}}