{"id":53166,"date":"2018-04-16T10:56:17","date_gmt":"2018-04-16T10:56:17","guid":{"rendered":"https:\/\/business.roovi.com\/puzzle-adulti-1000-piese-john-william-waterhouse-lamia\/p\/"},"modified":"2022-07-13T10:23:34","modified_gmt":"2022-07-13T10:23:34","slug":"puzzle-adulte-de-1000-pieces-john-william-waterhouse-lamia","status":"publish","type":"product","link":"https:\/\/business.roovi.com\/fr\/puzzle-adulte-de-1000-pieces-john-william-waterhouse-lamia\/p\/","title":{"rendered":"Puzzle adulte de 1000 pi\u00e8ces John William Waterhouse &#8211; Lamia"},"content":{"rendered":"<p><span style=\"font-weight: 400;\">Tu veux \u00eatre un vrai d\u00e9tective ? Avec le puzzle de 1000 pi\u00e8ces de la collection de puzzles d&rsquo;art, d\u00e9couvre les myst\u00e8res les plus myst\u00e9rieux de tableaux c\u00e9l\u00e8bres. Rel\u00e8ve le d\u00e9fi et vis une exp\u00e9rience relaxante et amusante en compagnie des jeux de r\u00e9flexion.<\/span><\/p>\n<p><span style=\"font-weight: 400;\">Certains peintres \u00e9taient fascin\u00e9s par les myst\u00e8res des po\u00e8mes anciens et ont peint des sc\u00e8nes m\u00e9morables en couleur. Le puzzle de 1000 pi\u00e8ces de John William Waterhouse &#8211; Lamia est l&rsquo;un de ces exemples. Waterhouse a souvent peint des sujets gr\u00e9co-romains <\/span><em><span style=\"font-weight: 400;\">Lamia<\/span><\/em><span style=\"font-weight: 400;\"> s&rsquo;inspire du po\u00e8me de 1820 de John Keats.<\/span><\/p>\n<p><span style=\"font-weight: 400;\">Retrouve dans un puzzle de 1000 pi\u00e8ces la sc\u00e8ne dans laquelle un jeune chevalier tombe profond\u00e9ment amoureux d&rsquo;une belle fille qui est en fait un serpent monstrueux qui se m\u00e9tamorphose sous forme humaine pour pi\u00e9ger de jeunes hommes na\u00effs.<\/span><\/p>\n<p><span style=\"font-weight: 400;\">Tu seras surprise par le regard intense du chevalier perdu dans les charmes de l&rsquo;\u00eatre aim\u00e9. Le seul indice qui trahit l&rsquo;identit\u00e9 du monstre est la peau de serpent rougeoyante qui entoure la fille. Recadre l&rsquo;image de ce po\u00e8me-tabouret et appr\u00e9cie une \u0153uvre d&rsquo;art aux significations cach\u00e9es.<\/span><\/p>\n<p><span style=\"font-weight: 400;\">Lis plus sur ce puzzle artistique ci-dessous :<\/span><\/p>\n<p><strong>Puzzle mat\u00e9riel <\/strong><\/p>\n<p><strong>carton bleu de haute qualit\u00e9<\/strong><\/p>\n<p><strong>des mat\u00e9riaux durables et recyclables<\/strong><\/p>\n<p><strong>finition semi-brillante, couleurs vives<\/strong><\/p>\n<p><strong>Nombre de pi\u00e8ces de puzzle : 1000<\/strong><\/p>\n<p><strong>\u00c2ge recommand\u00e9 : 14+<\/strong><\/p>\n<p><strong>Casse-t\u00eate d&rsquo;art John William Waterhouse &#8211; Lamia se d\u00e9tend et se r\u00e9jouit<\/strong><\/p>\n<p><span style=\"font-weight: 400;\">Recr\u00e9er une image \u00e9tonnante \u00e0 partir d&rsquo;un puzzle artistique est un plaisir pour tous les sens. De plus, tu b\u00e9n\u00e9ficies de nombreux avantages :<\/span><\/p>\n<ul>\n<li><span style=\"font-weight: 400;\">Tu d\u00e9veloppes ton attention aux d\u00e9tails.<\/span><\/li>\n<li><span style=\"font-weight: 400;\">Tu d\u00e9veloppes ta pens\u00e9e logique en assemblant des pi\u00e8ces similaires.<\/span><\/li>\n<li><span style=\"font-weight: 400;\">Tu enrichis ton imagination <\/span><\/li>\n<li><span style=\"font-weight: 400;\">Tu entra\u00eenes ta patience et ta pers\u00e9v\u00e9rance.<\/span><\/li>\n<li><span style=\"font-weight: 400;\">Tu apprends \u00e0 ne pas abandonner lorsque tu ne sembles pas trouver de solution.<\/span><\/li>\n<\/ul>\n<p><strong>6 informations sur John William Waterhouse<\/strong><\/p>\n<ul>\n<li><span style=\"font-weight: 400;\">Peintre anglais d&rsquo;origine italienne, c\u00e9l\u00e8bre pour ses peintures dans le style pr\u00e9rapha\u00e9lite.<\/span><\/li>\n<li><span style=\"font-weight: 400;\">Il vivait une vie simple, tranquille et extr\u00eamement discr\u00e8te. On ne sait pas grand-chose de sa vie.<\/span><\/li>\n<li><span style=\"font-weight: 400;\">Ses amis et sa famille l&rsquo;appelaient Nino.<\/span><\/li>\n<li><span style=\"font-weight: 400;\">Il a adopt\u00e9 un style de peinture unique repr\u00e9sentant des sc\u00e8nes classiques et mythiques.<\/span><\/li>\n<li><span style=\"font-weight: 400;\">Passionn\u00e9 par la beaut\u00e9 naturelle et les figures f\u00e9minines belles et fortes, il a peint de nombreux portraits de femmes c\u00e9l\u00e8bres de l&rsquo;\u00e9poque.<\/span><\/li>\n<li><span style=\"font-weight: 400;\">Il est mort d&rsquo;un cancer, laissant sa <\/span><em><span style=\"font-weight: 400;\">S\u00e9rie Ophelia, <\/span><\/em><span style=\"font-weight: 400;\">un th\u00e8me sur lequel il a travaill\u00e9 intensivement.<\/span><em><span style=\"font-weight: 400;\"> <\/span><\/em><\/li>\n<\/ul>\n<p><strong>Obtiens un objet d\u00e9coratif sp\u00e9cial d&rsquo;un puzzle d&rsquo;art <\/strong><strong>John William Waterhouse &#8211; Lamia<\/strong><\/p>\n<p><span style=\"font-weight: 400;\">Retravailler une belle image n&rsquo;est pas seulement une activit\u00e9 relaxante, mais aussi un moyen d&rsquo;acc\u00e9der \u00e0 un monde paisible. Cela te donne aussi la satisfaction d&rsquo;avoir cr\u00e9\u00e9 de tes propres mains un chef-d&rsquo;\u0153uvre d&rsquo;art que tu peux admirer \u00e0 tout moment et avec lequel tu peux d\u00e9corer ta pi\u00e8ce pr\u00e9f\u00e9r\u00e9e <\/span><\/p>\n<p><span style=\"font-weight: 400;\">Profite de tous les avantages d&rsquo;un puzzle d&rsquo;art en achetant ce merveilleux puzzle de 1000 pi\u00e8ces <\/span><span style=\"font-weight: 400;\">John William Waterhouse &#8211; Lamia<\/span><span style=\"font-weight: 400;\"><\/span><\/p>\n<p><span style=\"font-weight: 400;\">Enrichis ta collection de tableaux de puzzles de 1000 pi\u00e8ces ou offre ce merveilleux ensemble de puzzles en cadeau.<\/span><\/p><\/p>\n","protected":false},"excerpt":{"rendered":"<p>Tu veux \u00eatre un vrai d\u00e9tective ? Avec le puzzle de 1000 pi\u00e8ces de la collection de puzzles d&rsquo;art, d\u00e9couvre<\/p>\n","protected":false},"featured_media":63395,"template":"","meta":[],"product_brand":[],"product_cat":[2314,2316,2315],"product_tag":[],"class_list":{"0":"post-53166","1":"product","2":"type-product","3":"status-publish","4":"has-post-thumbnail","6":"product_cat-puzzles-fr","7":"product_cat-puzzles-de-1000-pieces","8":"product_cat-puzzles-pour-adultes","9":"pa_bax-10-fr","10":"pa_brand-d_toys-fr","11":"pa_country_of_manufacture-ro-fr","12":"pa_filter_age-14-fr","13":"pa_painter-johnwilliamwaterhouse-fr","14":"pa_tip_ambalaj-boite","15":"pa_tip_puzzle-classique","17":"first","18":"onbackorder","19":"taxable","20":"shipping-taxable","21":"product-type-simple"},"yoast_head":"<!-- This site is optimized with the Yoast SEO plugin v20.1 - https:\/\/yoast.com\/wordpress\/plugins\/seo\/ -->\n<title>Puzzle adulte de 1000 pi\u00e8ces John William Waterhouse - Lamia<\/title>\n<meta name=\"description\" content=\"Puzzle adulte de 1000 pi\u00e8ces John William Waterhouse - Lamia\" \/>\n<meta name=\"robots\" content=\"index, follow, max-snippet:-1, max-image-preview:large, max-video-preview:-1\" \/>\n<link rel=\"canonical\" href=\"https:\/\/business.roovi.com\/fr\/puzzle-adulte-de-1000-pieces-john-william-waterhouse-lamia\/p\/\" \/>\n<meta property=\"og:locale\" content=\"fr_FR\" \/>\n<meta property=\"og:type\" content=\"article\" \/>\n<meta property=\"og:title\" content=\"Puzzle adulte de 1000 pi\u00e8ces John William Waterhouse - Lamia\" \/>\n<meta property=\"og:description\" content=\"Puzzle adulte de 1000 pi\u00e8ces John William Waterhouse - Lamia\" \/>\n<meta property=\"og:url\" content=\"https:\/\/business.roovi.com\/fr\/puzzle-adulte-de-1000-pieces-john-william-waterhouse-lamia\/p\/\" \/>\n<meta property=\"og:site_name\" content=\"Roovi B2B\" \/>\n<meta property=\"article:publisher\" content=\"https:\/\/www.facebook.com\/wwwjucariero\" \/>\n<meta property=\"article:modified_time\" content=\"2022-07-13T10:23:34+00:00\" \/>\n<meta property=\"og:image\" content=\"https:\/\/business.roovi.com\/wp-content\/uploads\/2018\/04\/72757-03_ansamblu_dimensiuni_cutie_cm_vertical.png\" \/>\n\t<meta property=\"og:image:width\" content=\"1200\" \/>\n\t<meta property=\"og:image:height\" content=\"1200\" \/>\n\t<meta property=\"og:image:type\" content=\"image\/png\" \/>\n<meta name=\"twitter:label1\" content=\"Dur\u00e9e de lecture estim\u00e9e\" \/>\n\t<meta name=\"twitter:data1\" content=\"3 minutes\" \/>\n<script type=\"application\/ld+json\" class=\"yoast-schema-graph\">{\"@context\":\"https:\/\/schema.org\",\"@graph\":[{\"@type\":\"WebPage\",\"@id\":\"https:\/\/business.roovi.com\/fr\/puzzle-adulte-de-1000-pieces-john-william-waterhouse-lamia\/p\/\",\"url\":\"https:\/\/business.roovi.com\/fr\/puzzle-adulte-de-1000-pieces-john-william-waterhouse-lamia\/p\/\",\"name\":\"Puzzle adulte de 1000 pi\u00e8ces John William Waterhouse - Lamia\",\"isPartOf\":{\"@id\":\"https:\/\/business.roovi.com\/fr\/#website\"},\"datePublished\":\"2018-04-16T10:56:17+00:00\",\"dateModified\":\"2022-07-13T10:23:34+00:00\",\"description\":\"Puzzle adulte de 1000 pi\u00e8ces John William Waterhouse - Lamia\",\"breadcrumb\":{\"@id\":\"https:\/\/business.roovi.com\/fr\/puzzle-adulte-de-1000-pieces-john-william-waterhouse-lamia\/p\/#breadcrumb\"},\"inLanguage\":\"fr-FR\",\"potentialAction\":[{\"@type\":\"ReadAction\",\"target\":[\"https:\/\/business.roovi.com\/fr\/puzzle-adulte-de-1000-pieces-john-william-waterhouse-lamia\/p\/\"]}]},{\"@type\":\"BreadcrumbList\",\"@id\":\"https:\/\/business.roovi.com\/fr\/puzzle-adulte-de-1000-pieces-john-william-waterhouse-lamia\/p\/#breadcrumb\",\"itemListElement\":[{\"@type\":\"ListItem\",\"position\":1,\"name\":\"Home\",\"item\":\"https:\/\/business.roovi.com\/fr\/\"},{\"@type\":\"ListItem\",\"position\":2,\"name\":\"Boutique\",\"item\":\"https:\/\/business.roovi.com\/fr\/boutique\/\"},{\"@type\":\"ListItem\",\"position\":3,\"name\":\"Puzzle adulte de 1000 pi\u00e8ces John William Waterhouse &#8211; Lamia\"}]},{\"@type\":\"WebSite\",\"@id\":\"https:\/\/business.roovi.com\/fr\/#website\",\"url\":\"https:\/\/business.roovi.com\/fr\/\",\"name\":\"Roovi B2B\",\"description\":\"Roovi Business Website\",\"potentialAction\":[{\"@type\":\"SearchAction\",\"target\":{\"@type\":\"EntryPoint\",\"urlTemplate\":\"https:\/\/business.roovi.com\/fr\/?s={search_term_string}\"},\"query-input\":\"required name=search_term_string\"}],\"inLanguage\":\"fr-FR\"}]}<\/script>\n<!-- \/ Yoast SEO plugin. -->","yoast_head_json":{"title":"Puzzle adulte de 1000 pi\u00e8ces John William Waterhouse - Lamia","description":"Puzzle adulte de 1000 pi\u00e8ces John William Waterhouse - Lamia","robots":{"index":"index","follow":"follow","max-snippet":"max-snippet:-1","max-image-preview":"max-image-preview:large","max-video-preview":"max-video-preview:-1"},"canonical":"https:\/\/business.roovi.com\/fr\/puzzle-adulte-de-1000-pieces-john-william-waterhouse-lamia\/p\/","og_locale":"fr_FR","og_type":"article","og_title":"Puzzle adulte de 1000 pi\u00e8ces John William Waterhouse - Lamia","og_description":"Puzzle adulte de 1000 pi\u00e8ces John William Waterhouse - Lamia","og_url":"https:\/\/business.roovi.com\/fr\/puzzle-adulte-de-1000-pieces-john-william-waterhouse-lamia\/p\/","og_site_name":"Roovi B2B","article_publisher":"https:\/\/www.facebook.com\/wwwjucariero","article_modified_time":"2022-07-13T10:23:34+00:00","og_image":[{"width":1200,"height":1200,"url":"https:\/\/business.roovi.com\/wp-content\/uploads\/2018\/04\/72757-03_ansamblu_dimensiuni_cutie_cm_vertical.png","type":"image\/png"}],"twitter_misc":{"Dur\u00e9e de lecture estim\u00e9e":"3 minutes"},"schema":{"@context":"https:\/\/schema.org","@graph":[{"@type":"WebPage","@id":"https:\/\/business.roovi.com\/fr\/puzzle-adulte-de-1000-pieces-john-william-waterhouse-lamia\/p\/","url":"https:\/\/business.roovi.com\/fr\/puzzle-adulte-de-1000-pieces-john-william-waterhouse-lamia\/p\/","name":"Puzzle adulte de 1000 pi\u00e8ces John William Waterhouse - Lamia","isPartOf":{"@id":"https:\/\/business.roovi.com\/fr\/#website"},"datePublished":"2018-04-16T10:56:17+00:00","dateModified":"2022-07-13T10:23:34+00:00","description":"Puzzle adulte de 1000 pi\u00e8ces John William Waterhouse - Lamia","breadcrumb":{"@id":"https:\/\/business.roovi.com\/fr\/puzzle-adulte-de-1000-pieces-john-william-waterhouse-lamia\/p\/#breadcrumb"},"inLanguage":"fr-FR","potentialAction":[{"@type":"ReadAction","target":["https:\/\/business.roovi.com\/fr\/puzzle-adulte-de-1000-pieces-john-william-waterhouse-lamia\/p\/"]}]},{"@type":"BreadcrumbList","@id":"https:\/\/business.roovi.com\/fr\/puzzle-adulte-de-1000-pieces-john-william-waterhouse-lamia\/p\/#breadcrumb","itemListElement":[{"@type":"ListItem","position":1,"name":"Home","item":"https:\/\/business.roovi.com\/fr\/"},{"@type":"ListItem","position":2,"name":"Boutique","item":"https:\/\/business.roovi.com\/fr\/boutique\/"},{"@type":"ListItem","position":3,"name":"Puzzle adulte de 1000 pi\u00e8ces John William Waterhouse &#8211; Lamia"}]},{"@type":"WebSite","@id":"https:\/\/business.roovi.com\/fr\/#website","url":"https:\/\/business.roovi.com\/fr\/","name":"Roovi B2B","description":"Roovi Business Website","potentialAction":[{"@type":"SearchAction","target":{"@type":"EntryPoint","urlTemplate":"https:\/\/business.roovi.com\/fr\/?s={search_term_string}"},"query-input":"required name=search_term_string"}],"inLanguage":"fr-FR"}]}},"_links":{"self":[{"href":"https:\/\/business.roovi.com\/fr\/wp-json\/wp\/v2\/product\/53166","targetHints":{"allow":["GET"]}}],"collection":[{"href":"https:\/\/business.roovi.com\/fr\/wp-json\/wp\/v2\/product"}],"about":[{"href":"https:\/\/business.roovi.com\/fr\/wp-json\/wp\/v2\/types\/product"}],"version-history":[{"count":0,"href":"https:\/\/business.roovi.com\/fr\/wp-json\/wp\/v2\/product\/53166\/revisions"}],"wp:featuredmedia":[{"embeddable":true,"href":"https:\/\/business.roovi.com\/fr\/wp-json\/wp\/v2\/media\/63395"}],"wp:attachment":[{"href":"https:\/\/business.roovi.com\/fr\/wp-json\/wp\/v2\/media?parent=53166"}],"wp:term":[{"taxonomy":"product_brand","embeddable":true,"href":"https:\/\/business.roovi.com\/fr\/wp-json\/wp\/v2\/product_brand?post=53166"},{"taxonomy":"product_cat","embeddable":true,"href":"https:\/\/business.roovi.com\/fr\/wp-json\/wp\/v2\/product_cat?post=53166"},{"taxonomy":"product_tag","embeddable":true,"href":"https:\/\/business.roovi.com\/fr\/wp-json\/wp\/v2\/product_tag?post=53166"}],"curies":[{"name":"wp","href":"https:\/\/api.w.org\/{rel}","templated":true}]}}