{"id":53173,"date":"2018-04-16T10:56:17","date_gmt":"2018-04-16T10:56:17","guid":{"rendered":"https:\/\/business.roovi.com\/puzzle-adulti-1000-piese-james-tissot-a-convalescent\/p\/"},"modified":"2022-07-13T10:23:38","modified_gmt":"2022-07-13T10:23:38","slug":"james-tissot-puzzle-adulte-1000-pieces-un-convalescent","status":"publish","type":"product","link":"https:\/\/business.roovi.com\/fr\/james-tissot-puzzle-adulte-1000-pieces-un-convalescent\/p\/","title":{"rendered":"James Tissot Puzzle Adulte 1000 pi\u00e8ces &#8211; Un convalescent"},"content":{"rendered":"<p><span style=\"font-weight: 400;\">Tu t&rsquo;es d\u00e9j\u00e0 demand\u00e9 ce qui inspire les artistes \u00e0 cr\u00e9er dans leur propre style unique et ce qui les a pouss\u00e9s \u00e0 aborder un courant artistique particulier ?<\/span><\/p>\n<p><span style=\"font-weight: 400;\">Si tu es passionn\u00e9 d&rsquo;art ou si tu veux simplement un d\u00e9fi digne d&rsquo;un amateur de puzzle, alors un puzzle de 1000 pi\u00e8ces repr\u00e9sentant le tableau de James Tissot, Un convalescent, peut \u00eatre le bon choix <\/span><\/p>\n<p><span style=\"font-weight: 400;\">Ce puzzle d&rsquo;art repr\u00e9sente l&rsquo;une des peintures de James Tissot datant de l&rsquo;\u00e9poque o\u00f9 il vivait en Angleterre en tant que r\u00e9fugi\u00e9 politique apr\u00e8s la guerre franco-prussienne. Une p\u00e9riode prolifique pendant laquelle il a cr\u00e9\u00e9 de nombreuses peintures \u00e0 l&rsquo;huile sur toile, surprenant ses admirateurs avec ses instantan\u00e9s r\u00e9alistes d\u00e9crivant la vie somptueuse de la noblesse britannique victorienne.<\/span><\/p>\n<p><span style=\"font-weight: 400;\">Ses sc\u00e8nes d\u00e9taill\u00e9es sont surtout impressionnantes pour la pr\u00e9cision avec laquelle il parvient \u00e0 les capturer, comme dans une photographie, m\u00eame en l&rsquo;absence d&rsquo;une palette de couleurs attrayante, comme ce paysage tomnathique d\u00e9lav\u00e9 <\/span><\/p>\n<p><span style=\"font-weight: 400;\">Un convalescent a \u00e9t\u00e9 peint en 1876, lorsque Tissot a rencontr\u00e9 sa muse bien-aim\u00e9e, Kathleen Newton, qui est \u00e9galement devenue sa compagne de vie et avec laquelle il s&rsquo;est retir\u00e9 de la vie sociale fastueuse et a form\u00e9 un petit cercle d&rsquo;intimes.    <\/span><\/p>\n<p><span style=\"font-weight: 400;\">Comme la plupart des tableaux qui d\u00e9peignent, jusque dans les moindres d\u00e9tails, des sc\u00e8nes de la vie des aristocrates, dans ce tableau-puzzle, tu peux voir la finesse des d\u00e9tails en reconstituant l&rsquo;ensemble du tableau pi\u00e8ce par pi\u00e8ce. Des expressions faciales \u00e0 la posture et aux gestes, chaque aspect est minutieusement reproduit pour refl\u00e9ter la r\u00e9alit\u00e9 <\/span><\/p>\n<h3><span style=\"font-size: 18px;\"><strong>Pourquoi choisir un puzzle adulte James Tissot 1000 pi\u00e8ces<\/strong><\/span><\/h3>\n<ul>\n<li><span style=\"font-weight: 400;\">Tu recevras une peinture incroyablement d\u00e9taill\u00e9e de A Convalescent par James Tissot<\/span><\/li>\n<li><span style=\"font-weight: 400;\">Taille du puzzle d&rsquo;art 50 x 70 cm<\/span><\/li>\n<li><span style=\"font-weight: 400;\">Pi\u00e8ces fabriqu\u00e9es en carton de haute qualit\u00e9, r\u00e9sistant \u00e0 de multiples utilisations<\/span><\/li>\n<li><span style=\"font-weight: 400;\">Fab Fab fabriqu\u00e9 \u00e0 partir de mat\u00e9riaux durables et recyclables<\/span><\/li>\n<li><span style=\"font-weight: 400;\">La finition est semi-brillante et les couleurs sont vives et vibrantes<\/span><\/li>\n<li><span style=\"font-weight: 400;\">Convient \u00e0 partir de 14 ans &#8211; une excellente occasion de faire d\u00e9couvrir aux adolescents le monde fascinant de l&rsquo;art<\/span><\/li>\n<\/ul>\n<p><span style=\"font-weight: 400;\">Assembler un puzzle artistique pr\u00e9sente de nombreux avantages qui se refl\u00e8tent \u00e0 plusieurs niveaux :<\/span><\/p>\n<ul>\n<li><span style=\"font-weight: 400;\">Tu cultives la patience <\/span><\/li>\n<li><span style=\"font-weight: 400;\">Tu d\u00e9veloppes ton sens du d\u00e9tail<\/span><\/li>\n<li><span style=\"font-weight: 400;\">Tu entra\u00eenes tes comp\u00e9tences <\/span><\/li>\n<li><span style=\"font-weight: 400;\">C&rsquo;est une activit\u00e9 relaxante<\/span><\/li>\n<li><span style=\"font-weight: 400;\">Cela peut \u00eatre une bonne occasion de passer du temps de qualit\u00e9 avec ses amis et sa famille<\/span><\/li>\n<li><span style=\"font-weight: 400;\">Aide \u00e0 rester concentr\u00e9 plus longtemps <\/span><\/li>\n<\/ul>\n<h3><span style=\"font-size: 18px;\"><strong>Tu savais que&#8230; ?<\/strong><\/span><\/h3>\n<p><span style=\"font-weight: 400;\">Le tableau Un convalescent est l&rsquo;une des derni\u00e8res peintures de Tissot dans laquelle il n&rsquo;avait pas Kathleen Newton comme muse, qu&rsquo;il a peinte pour la premi\u00e8re fois fin 1876, l&rsquo;inspirant dans presque toutes ses cr\u00e9ations ult\u00e9rieures <\/span><\/p>\n<p><span style=\"font-weight: 400;\">Apr\u00e8s la mort de sa muse en 1882, James Tissot s&rsquo;est beaucoup int\u00e9ress\u00e9 au spiritisme &#8211; il a m\u00eame essay\u00e9 de se connecter \u00e0 l&rsquo;esprit de sa bien-aim\u00e9e, un int\u00e9r\u00eat qui se refl\u00e8te dans ses cr\u00e9ations ult\u00e9rieures <\/span><\/p>\n<p><span style=\"font-weight: 400;\">Ses cr\u00e9ations repr\u00e9sentent donc de plus en plus de sc\u00e8nes religieuses, rempla\u00e7ant les images de dames de la haute soci\u00e9t\u00e9. Un exemple \u00e9loquent, plein d&rsquo;une profonde \u00e9motion, est son Ce que notre Sauveur a vu de la Croix, dans lequel il traduit magistralement sa propre douleur sur les visages de ses personnages.<\/span><\/p>\n<p><span style=\"font-weight: 400;\">Mais pour que son travail soit le plus fid\u00e8le possible \u00e0 la r\u00e9alit\u00e9, James Tissot a laiss\u00e9 l&rsquo;Angleterre derri\u00e8re lui et s&rsquo;est rendu au Moyen-Orient pour \u00e9tudier et reproduire le plus fid\u00e8lement possible les caract\u00e9ristiques sp\u00e9cifiques des habitants du lieu.<\/span><\/p>\n<p><span style=\"font-size: 18px;\"><strong>Puzzle pour adultes A Convalescent, une occasion de se d\u00e9tendre avec des amis<\/strong><\/span><\/p>\n<p><span style=\"font-weight: 400;\">Pour ces soir\u00e9es d&rsquo;hiver o\u00f9 le soleil se couche t\u00f4t et o\u00f9 le froid t&#8217;emp\u00eache de faire de longues promenades dans la nature, un puzzle de 1000 pi\u00e8ces est le moyen id\u00e9al de se d\u00e9tendre et de s&rsquo;amuser avec des amis <\/span><\/p>\n<p><span style=\"font-weight: 400;\">R\u00e9partissez les pi\u00e8ces par couleur, joignez les zones s\u00e9par\u00e9es de ce puzzle d&rsquo;art repr\u00e9sentant le tableau Un convalescent de James Tissot, et savourez la joie de la derni\u00e8re pi\u00e8ce qui compl\u00e8te le tableau <\/span><\/p>\n<p><span style=\"font-weight: 400;\">Un puzzle pour adultes qui peut \u00eatre offert en cadeau ou conserv\u00e9 \u00e0 la maison et assembl\u00e9 chaque fois que tu ressens le besoin d&rsquo;un d\u00e9fi amusant qui met au d\u00e9fi ton habilet\u00e9, ton attention aux d\u00e9tails, ton esprit d&rsquo;\u00e9quipe et ta collaboration <\/span><span style=\"font-weight: 400;\"> <\/span><\/p>\n","protected":false},"excerpt":{"rendered":"<p>Tu t&rsquo;es d\u00e9j\u00e0 demand\u00e9 ce qui inspire les artistes \u00e0 cr\u00e9er dans leur propre style unique et ce qui les<\/p>\n","protected":false},"featured_media":47895,"template":"","meta":[],"product_brand":[],"product_cat":[2314,2315,2316],"product_tag":[],"class_list":{"0":"post-53173","1":"product","2":"type-product","3":"status-publish","4":"has-post-thumbnail","6":"product_cat-puzzles-fr","7":"product_cat-puzzles-pour-adultes","8":"product_cat-puzzles-de-1000-pieces","9":"pa_bax-10-fr","10":"pa_brand-d_toys-fr","11":"pa_country_of_manufacture-ro-fr","12":"pa_filter_age-14-fr","13":"pa_painter-jamestissot-fr","14":"pa_tip_ambalaj-boite","15":"pa_tip_puzzle-classique","17":"first","18":"onbackorder","19":"taxable","20":"shipping-taxable","21":"product-type-simple"},"yoast_head":"<!-- This site is optimized with the Yoast SEO plugin v20.1 - https:\/\/yoast.com\/wordpress\/plugins\/seo\/ -->\n<title>James Tissot Puzzle Adulte 1000 pi\u00e8ces - Un convalescent<\/title>\n<meta name=\"description\" content=\"James Tissot Puzzle Adulte 1000 pi\u00e8ces - Un convalescent\" \/>\n<meta name=\"robots\" content=\"index, follow, max-snippet:-1, max-image-preview:large, max-video-preview:-1\" \/>\n<link rel=\"canonical\" href=\"https:\/\/business.roovi.com\/fr\/james-tissot-puzzle-adulte-1000-pieces-un-convalescent\/p\/\" \/>\n<meta property=\"og:locale\" content=\"fr_FR\" \/>\n<meta property=\"og:type\" content=\"article\" \/>\n<meta property=\"og:title\" content=\"James Tissot Puzzle Adulte 1000 pi\u00e8ces - Un convalescent\" \/>\n<meta property=\"og:description\" content=\"James Tissot Puzzle Adulte 1000 pi\u00e8ces - Un convalescent\" \/>\n<meta property=\"og:url\" content=\"https:\/\/business.roovi.com\/fr\/james-tissot-puzzle-adulte-1000-pieces-un-convalescent\/p\/\" \/>\n<meta property=\"og:site_name\" content=\"Roovi B2B\" \/>\n<meta property=\"article:publisher\" content=\"https:\/\/www.facebook.com\/wwwjucariero\" \/>\n<meta property=\"article:modified_time\" content=\"2022-07-13T10:23:38+00:00\" \/>\n<meta property=\"og:image\" content=\"https:\/\/business.roovi.com\/wp-content\/uploads\/2018\/04\/p1000_tissot_72771ti01tissot_72771ti02_r700_64x88cm_no_stanc2.jpg\" \/>\n\t<meta property=\"og:image:width\" content=\"1200\" \/>\n\t<meta property=\"og:image:height\" content=\"1200\" \/>\n\t<meta property=\"og:image:type\" content=\"image\/jpeg\" \/>\n<meta name=\"twitter:label1\" content=\"Dur\u00e9e de lecture estim\u00e9e\" \/>\n\t<meta name=\"twitter:data1\" content=\"4 minutes\" \/>\n<script type=\"application\/ld+json\" class=\"yoast-schema-graph\">{\"@context\":\"https:\/\/schema.org\",\"@graph\":[{\"@type\":\"WebPage\",\"@id\":\"https:\/\/business.roovi.com\/fr\/james-tissot-puzzle-adulte-1000-pieces-un-convalescent\/p\/\",\"url\":\"https:\/\/business.roovi.com\/fr\/james-tissot-puzzle-adulte-1000-pieces-un-convalescent\/p\/\",\"name\":\"James Tissot Puzzle Adulte 1000 pi\u00e8ces - Un convalescent\",\"isPartOf\":{\"@id\":\"https:\/\/business.roovi.com\/fr\/#website\"},\"datePublished\":\"2018-04-16T10:56:17+00:00\",\"dateModified\":\"2022-07-13T10:23:38+00:00\",\"description\":\"James Tissot Puzzle Adulte 1000 pi\u00e8ces - Un convalescent\",\"breadcrumb\":{\"@id\":\"https:\/\/business.roovi.com\/fr\/james-tissot-puzzle-adulte-1000-pieces-un-convalescent\/p\/#breadcrumb\"},\"inLanguage\":\"fr-FR\",\"potentialAction\":[{\"@type\":\"ReadAction\",\"target\":[\"https:\/\/business.roovi.com\/fr\/james-tissot-puzzle-adulte-1000-pieces-un-convalescent\/p\/\"]}]},{\"@type\":\"BreadcrumbList\",\"@id\":\"https:\/\/business.roovi.com\/fr\/james-tissot-puzzle-adulte-1000-pieces-un-convalescent\/p\/#breadcrumb\",\"itemListElement\":[{\"@type\":\"ListItem\",\"position\":1,\"name\":\"Home\",\"item\":\"https:\/\/business.roovi.com\/fr\/\"},{\"@type\":\"ListItem\",\"position\":2,\"name\":\"Boutique\",\"item\":\"https:\/\/business.roovi.com\/fr\/boutique\/\"},{\"@type\":\"ListItem\",\"position\":3,\"name\":\"James Tissot Puzzle Adulte 1000 pi\u00e8ces &#8211; Un convalescent\"}]},{\"@type\":\"WebSite\",\"@id\":\"https:\/\/business.roovi.com\/fr\/#website\",\"url\":\"https:\/\/business.roovi.com\/fr\/\",\"name\":\"Roovi B2B\",\"description\":\"Roovi Business Website\",\"potentialAction\":[{\"@type\":\"SearchAction\",\"target\":{\"@type\":\"EntryPoint\",\"urlTemplate\":\"https:\/\/business.roovi.com\/fr\/?s={search_term_string}\"},\"query-input\":\"required name=search_term_string\"}],\"inLanguage\":\"fr-FR\"}]}<\/script>\n<!-- \/ Yoast SEO plugin. -->","yoast_head_json":{"title":"James Tissot Puzzle Adulte 1000 pi\u00e8ces - Un convalescent","description":"James Tissot Puzzle Adulte 1000 pi\u00e8ces - Un convalescent","robots":{"index":"index","follow":"follow","max-snippet":"max-snippet:-1","max-image-preview":"max-image-preview:large","max-video-preview":"max-video-preview:-1"},"canonical":"https:\/\/business.roovi.com\/fr\/james-tissot-puzzle-adulte-1000-pieces-un-convalescent\/p\/","og_locale":"fr_FR","og_type":"article","og_title":"James Tissot Puzzle Adulte 1000 pi\u00e8ces - Un convalescent","og_description":"James Tissot Puzzle Adulte 1000 pi\u00e8ces - Un convalescent","og_url":"https:\/\/business.roovi.com\/fr\/james-tissot-puzzle-adulte-1000-pieces-un-convalescent\/p\/","og_site_name":"Roovi B2B","article_publisher":"https:\/\/www.facebook.com\/wwwjucariero","article_modified_time":"2022-07-13T10:23:38+00:00","og_image":[{"width":1200,"height":1200,"url":"https:\/\/business.roovi.com\/wp-content\/uploads\/2018\/04\/p1000_tissot_72771ti01tissot_72771ti02_r700_64x88cm_no_stanc2.jpg","type":"image\/jpeg"}],"twitter_misc":{"Dur\u00e9e de lecture estim\u00e9e":"4 minutes"},"schema":{"@context":"https:\/\/schema.org","@graph":[{"@type":"WebPage","@id":"https:\/\/business.roovi.com\/fr\/james-tissot-puzzle-adulte-1000-pieces-un-convalescent\/p\/","url":"https:\/\/business.roovi.com\/fr\/james-tissot-puzzle-adulte-1000-pieces-un-convalescent\/p\/","name":"James Tissot Puzzle Adulte 1000 pi\u00e8ces - Un convalescent","isPartOf":{"@id":"https:\/\/business.roovi.com\/fr\/#website"},"datePublished":"2018-04-16T10:56:17+00:00","dateModified":"2022-07-13T10:23:38+00:00","description":"James Tissot Puzzle Adulte 1000 pi\u00e8ces - Un convalescent","breadcrumb":{"@id":"https:\/\/business.roovi.com\/fr\/james-tissot-puzzle-adulte-1000-pieces-un-convalescent\/p\/#breadcrumb"},"inLanguage":"fr-FR","potentialAction":[{"@type":"ReadAction","target":["https:\/\/business.roovi.com\/fr\/james-tissot-puzzle-adulte-1000-pieces-un-convalescent\/p\/"]}]},{"@type":"BreadcrumbList","@id":"https:\/\/business.roovi.com\/fr\/james-tissot-puzzle-adulte-1000-pieces-un-convalescent\/p\/#breadcrumb","itemListElement":[{"@type":"ListItem","position":1,"name":"Home","item":"https:\/\/business.roovi.com\/fr\/"},{"@type":"ListItem","position":2,"name":"Boutique","item":"https:\/\/business.roovi.com\/fr\/boutique\/"},{"@type":"ListItem","position":3,"name":"James Tissot Puzzle Adulte 1000 pi\u00e8ces &#8211; Un convalescent"}]},{"@type":"WebSite","@id":"https:\/\/business.roovi.com\/fr\/#website","url":"https:\/\/business.roovi.com\/fr\/","name":"Roovi B2B","description":"Roovi Business Website","potentialAction":[{"@type":"SearchAction","target":{"@type":"EntryPoint","urlTemplate":"https:\/\/business.roovi.com\/fr\/?s={search_term_string}"},"query-input":"required name=search_term_string"}],"inLanguage":"fr-FR"}]}},"_links":{"self":[{"href":"https:\/\/business.roovi.com\/fr\/wp-json\/wp\/v2\/product\/53173","targetHints":{"allow":["GET"]}}],"collection":[{"href":"https:\/\/business.roovi.com\/fr\/wp-json\/wp\/v2\/product"}],"about":[{"href":"https:\/\/business.roovi.com\/fr\/wp-json\/wp\/v2\/types\/product"}],"version-history":[{"count":0,"href":"https:\/\/business.roovi.com\/fr\/wp-json\/wp\/v2\/product\/53173\/revisions"}],"wp:featuredmedia":[{"embeddable":true,"href":"https:\/\/business.roovi.com\/fr\/wp-json\/wp\/v2\/media\/47895"}],"wp:attachment":[{"href":"https:\/\/business.roovi.com\/fr\/wp-json\/wp\/v2\/media?parent=53173"}],"wp:term":[{"taxonomy":"product_brand","embeddable":true,"href":"https:\/\/business.roovi.com\/fr\/wp-json\/wp\/v2\/product_brand?post=53173"},{"taxonomy":"product_cat","embeddable":true,"href":"https:\/\/business.roovi.com\/fr\/wp-json\/wp\/v2\/product_cat?post=53173"},{"taxonomy":"product_tag","embeddable":true,"href":"https:\/\/business.roovi.com\/fr\/wp-json\/wp\/v2\/product_tag?post=53173"}],"curies":[{"name":"wp","href":"https:\/\/api.w.org\/{rel}","templated":true}]}}