{"id":53177,"date":"2018-04-16T10:56:17","date_gmt":"2018-04-16T10:56:17","guid":{"rendered":"https:\/\/business.roovi.com\/puzzle-adulti-1000-piese-hans-andersen-brendekilde-a-wooded-path-in-autumn\/p\/"},"modified":"2022-07-13T10:23:41","modified_gmt":"2022-07-13T10:23:41","slug":"hans-andersen-brendekilde-un-chemin-boise-en-automne-puzzle-adulte-de-1000-pieces","status":"publish","type":"product","link":"https:\/\/business.roovi.com\/fr\/hans-andersen-brendekilde-un-chemin-boise-en-automne-puzzle-adulte-de-1000-pieces\/p\/","title":{"rendered":"Hans Andersen Brendekilde &#8211; Un chemin bois\u00e9 en automne Puzzle adulte de 1000 pi\u00e8ces"},"content":{"rendered":"<p><span style=\"font-weight: 400;\">Admirer des peintures c\u00e9l\u00e8bres dans des mus\u00e9es c\u00e9l\u00e8bres, c&rsquo;est bien, mais qu&rsquo;en est-il de capturer en d\u00e9tail les plus fines traces du pinceau de l&rsquo;artiste ? Tu peux maintenant vivre cette exp\u00e9rience avec les puzzles artistiques de notre collection. Tu trouveras ici des puzzles de 1000 pi\u00e8ces pr\u00e9sentant des peintures de toutes les p\u00e9riodes artistiques cl\u00e9s. S\u00e9lectionne tes puzzles pr\u00e9f\u00e9r\u00e9s et passe de nombreuses heures \u00e0 te d\u00e9tendre autour des chefs-d&rsquo;\u0153uvre les plus pr\u00e9cieux du monde.<\/span><\/p>\n<p><span style=\"font-weight: 400;\">La collection d&rsquo;\u00e9nigmes artistiques ne manque pas de peintures naturalistes. Si tu aimes les paysages d&rsquo;automne, pleins de couleurs apaisantes et d&rsquo;harmonie, nous te recommandons le puzzle artistique de Hans Andersen Brendekilde &#8211; Un chemin bois\u00e9 en automne. C&rsquo;est un vrai bonheur de trouver une image identique \u00e0 la peinture originale dans un puzzle de 1000 pi\u00e8ces.<\/span><\/p>\n<p><span style=\"font-weight: 400;\">Approche ta table basse dans le salon et commence \u00e0 travailler sur cette d\u00e9licieuse peinture. Au final, tu auras une photo de 50 x 70 cm qui sera superbe encadr\u00e9e.<\/span><\/p>\n<p><span style=\"font-weight: 400;\">Caract\u00e9ristiques de l&rsquo;\u00e9nigme artistique de Hans Andersen Brendekilde &#8211; Un chemin bois\u00e9 en automne<\/span><\/p>\n<p><strong>Mat\u00e9riau du puzzle <\/strong><\/p>\n<p><strong>carton bleu de haute qualit\u00e9<\/strong><\/p>\n<p><strong>des mat\u00e9riaux durables et recyclables<\/strong><\/p>\n<p><strong>finition semi-brillante, couleurs vives<\/strong><\/p>\n<p><strong>Nombre de pi\u00e8ces de puzzle : 1000<\/strong><\/p>\n<p><strong>\u00c2ge recommand\u00e9 : 14+<\/strong><\/p>\n<p><strong>Profite de tous les avantages des jeux de puzzle !<\/strong><\/p>\n<p><span style=\"font-weight: 400;\">Au-del\u00e0 du c\u00f4t\u00e9 ludique, les puzzles pour adultes ont de nombreux avantages pour la sant\u00e9. Voici un bref aper\u00e7u d&rsquo;entre eux :<\/span><\/p>\n<p><span style=\"font-weight: 400;\">Am\u00e9liore la m\u00e9moire.<\/span><\/p>\n<p><span style=\"font-weight: 400;\">R\u00e9duis le stress.<\/span><\/p>\n<p><span style=\"font-weight: 400;\">Garde le cerveau en bonne sant\u00e9.<\/span><\/p>\n<p><span style=\"font-weight: 400;\">Am\u00e9liore la coordination main-\u0153il.<\/span><\/p>\n<p><span style=\"font-weight: 400;\">Ralentit le vieillissement des cellules du cerveau.<\/span><\/p>\n<p><strong>Connais-tu Hans Andersen Brendekilde ?<\/strong><\/p>\n<p><span style=\"font-weight: 400;\">Il \u00e9tait un peintre naturaliste danois.<\/span><\/p>\n<p><span style=\"font-weight: 400;\">Il \u00e9tait apparent\u00e9 \u00e0 l&rsquo;\u00e9crivain Hans Christian Andersen.<\/span><\/p>\n<p><span style=\"font-weight: 400;\">Il est consid\u00e9r\u00e9 comme un peintre exceptionnel d&rsquo;enfants.<\/span><\/p>\n<p><span style=\"font-weight: 400;\">Enfant, il aimait la sculpture et avait l&rsquo;habitude de sculpter des animaux dans du bois.<\/span><\/p>\n<p><span style=\"font-weight: 400;\">Il \u00e9tait connu pour ses peintures aux th\u00e8mes ruraux et religieux, ainsi que pour ses portraits impressionnants.<\/span><\/p>\n<p><span style=\"font-weight: 400;\">Peinture <\/span><em><span style=\"font-weight: 400;\">Chemin bois\u00e9 en automne <\/span><\/em><span style=\"font-weight: 400;\">a \u00e9t\u00e9 peint au d\u00e9but du 20e si\u00e8cle.<\/span><\/p>\n<p><strong>Les puzzles artistiques et les comp\u00e9tences que tu peux d\u00e9velopper gr\u00e2ce \u00e0 eux<\/strong><\/p>\n<p><span style=\"font-weight: 400;\">Les puzzles artistiques t&rsquo;aident \u00e0 te d\u00e9tendre de l&rsquo;agitation de la vie quotidienne. Lorsque tu entres dans le monde color\u00e9 et myst\u00e9rieux des \u0153uvres d&rsquo;art \u00e9tablies, tu \u00e9prouves un \u00e9tonnant sentiment de calme. En plus de cela, les puzzles artistiques te donnent l&rsquo;occasion de.. :<\/span><\/p>\n<p><span style=\"font-weight: 400;\">D\u00e9veloppe tes capacit\u00e9s \u00e0 r\u00e9soudre des \u00e9nigmes.<\/span><\/p>\n<p><span style=\"font-weight: 400;\">Fabrique des objets d\u00e9coratifs sp\u00e9ciaux pour embellir ta maison.<\/span><\/p>\n<p><span style=\"font-weight: 400;\">D\u00e9veloppe ta cr\u00e9ativit\u00e9.<\/span><\/p>\n<p><span style=\"font-weight: 400;\">Sois pers\u00e9v\u00e9rant dans n&rsquo;importe quelle situation et n&rsquo;abandonne jamais car il existe une solution m\u00eame lorsque tu penses que tout est impossible.<\/span><\/p>\n<p><span style=\"font-weight: 400;\">Ach\u00e8te le puzzle d&rsquo;art de Hans Andersen Brendekilde &#8211; Un chemin bois\u00e9 en automne et profite d&rsquo;une splendide peinture parfum\u00e9e \u00e0 l&rsquo;automne. Rassemble tes proches autour de cette superbe image de puzzle de 1000 pi\u00e8ces et c\u00e9l\u00e8bre ton dur labeur en encadrant un merveilleux tableau d&rsquo;art <\/span><\/p>\n<p><span style=\"font-weight: 400;\">Le puzzle de 1000 pi\u00e8ces de Hans Andersen Brendekilde &#8211; Un chemin bois\u00e9 en automne peut \u00eatre un excellent cadeau pour les amateurs de jeux de puzzle et de peinture artistique.<\/span><\/p><\/p>\n","protected":false},"excerpt":{"rendered":"<p>Admirer des peintures c\u00e9l\u00e8bres dans des mus\u00e9es c\u00e9l\u00e8bres, c&rsquo;est bien, mais qu&rsquo;en est-il de capturer en d\u00e9tail les plus fines<\/p>\n","protected":false},"featured_media":63453,"template":"","meta":[],"product_brand":[],"product_cat":[2314,2316,2315],"product_tag":[],"class_list":{"0":"post-53177","1":"product","2":"type-product","3":"status-publish","4":"has-post-thumbnail","6":"product_cat-puzzles-fr","7":"product_cat-puzzles-de-1000-pieces","8":"product_cat-puzzles-pour-adultes","9":"pa_bax-10-fr","10":"pa_brand-d_toys-fr","11":"pa_country_of_manufacture-ro-fr","12":"pa_filter_age-14-fr","13":"pa_painter-hansandersenbrendekilde-fr","14":"pa_tip_ambalaj-boite","15":"pa_tip_puzzle-classique","17":"first","18":"instock","19":"taxable","20":"shipping-taxable","21":"product-type-simple"},"yoast_head":"<!-- This site is optimized with the Yoast SEO plugin v20.1 - https:\/\/yoast.com\/wordpress\/plugins\/seo\/ -->\n<title>Hans Andersen Brendekilde - Un chemin bois\u00e9 en automne Puzzle adulte de 1000 pi\u00e8ces<\/title>\n<meta name=\"description\" content=\"Hans Andersen Brendekilde - Un chemin bois\u00e9 en automne Puzzle adulte de 1000 pi\u00e8ces\" \/>\n<meta name=\"robots\" content=\"index, follow, max-snippet:-1, max-image-preview:large, max-video-preview:-1\" \/>\n<link rel=\"canonical\" href=\"https:\/\/business.roovi.com\/fr\/hans-andersen-brendekilde-un-chemin-boise-en-automne-puzzle-adulte-de-1000-pieces\/p\/\" \/>\n<meta property=\"og:locale\" content=\"fr_FR\" \/>\n<meta property=\"og:type\" content=\"article\" \/>\n<meta property=\"og:title\" content=\"Hans Andersen Brendekilde - Un chemin bois\u00e9 en automne Puzzle adulte de 1000 pi\u00e8ces\" \/>\n<meta property=\"og:description\" content=\"Hans Andersen Brendekilde - Un chemin bois\u00e9 en automne Puzzle adulte de 1000 pi\u00e8ces\" \/>\n<meta property=\"og:url\" content=\"https:\/\/business.roovi.com\/fr\/hans-andersen-brendekilde-un-chemin-boise-en-automne-puzzle-adulte-de-1000-pieces\/p\/\" \/>\n<meta property=\"og:site_name\" content=\"Roovi B2B\" \/>\n<meta property=\"article:publisher\" content=\"https:\/\/www.facebook.com\/wwwjucariero\" \/>\n<meta property=\"article:modified_time\" content=\"2022-07-13T10:23:41+00:00\" \/>\n<meta property=\"og:image\" content=\"https:\/\/business.roovi.com\/wp-content\/uploads\/2018\/04\/72795-02_ansamblu_dimensiuni_cutie_cm_orizontal_1200x1200.png\" \/>\n\t<meta property=\"og:image:width\" content=\"1200\" \/>\n\t<meta property=\"og:image:height\" content=\"1200\" \/>\n\t<meta property=\"og:image:type\" content=\"image\/png\" \/>\n<meta name=\"twitter:label1\" content=\"Dur\u00e9e de lecture estim\u00e9e\" \/>\n\t<meta name=\"twitter:data1\" content=\"3 minutes\" \/>\n<script type=\"application\/ld+json\" class=\"yoast-schema-graph\">{\"@context\":\"https:\/\/schema.org\",\"@graph\":[{\"@type\":\"WebPage\",\"@id\":\"https:\/\/business.roovi.com\/fr\/hans-andersen-brendekilde-un-chemin-boise-en-automne-puzzle-adulte-de-1000-pieces\/p\/\",\"url\":\"https:\/\/business.roovi.com\/fr\/hans-andersen-brendekilde-un-chemin-boise-en-automne-puzzle-adulte-de-1000-pieces\/p\/\",\"name\":\"Hans Andersen Brendekilde - Un chemin bois\u00e9 en automne Puzzle adulte de 1000 pi\u00e8ces\",\"isPartOf\":{\"@id\":\"https:\/\/business.roovi.com\/fr\/#website\"},\"datePublished\":\"2018-04-16T10:56:17+00:00\",\"dateModified\":\"2022-07-13T10:23:41+00:00\",\"description\":\"Hans Andersen Brendekilde - Un chemin bois\u00e9 en automne Puzzle adulte de 1000 pi\u00e8ces\",\"breadcrumb\":{\"@id\":\"https:\/\/business.roovi.com\/fr\/hans-andersen-brendekilde-un-chemin-boise-en-automne-puzzle-adulte-de-1000-pieces\/p\/#breadcrumb\"},\"inLanguage\":\"fr-FR\",\"potentialAction\":[{\"@type\":\"ReadAction\",\"target\":[\"https:\/\/business.roovi.com\/fr\/hans-andersen-brendekilde-un-chemin-boise-en-automne-puzzle-adulte-de-1000-pieces\/p\/\"]}]},{\"@type\":\"BreadcrumbList\",\"@id\":\"https:\/\/business.roovi.com\/fr\/hans-andersen-brendekilde-un-chemin-boise-en-automne-puzzle-adulte-de-1000-pieces\/p\/#breadcrumb\",\"itemListElement\":[{\"@type\":\"ListItem\",\"position\":1,\"name\":\"Home\",\"item\":\"https:\/\/business.roovi.com\/fr\/\"},{\"@type\":\"ListItem\",\"position\":2,\"name\":\"Boutique\",\"item\":\"https:\/\/business.roovi.com\/fr\/boutique\/\"},{\"@type\":\"ListItem\",\"position\":3,\"name\":\"Hans Andersen Brendekilde &#8211; Un chemin bois\u00e9 en automne Puzzle adulte de 1000 pi\u00e8ces\"}]},{\"@type\":\"WebSite\",\"@id\":\"https:\/\/business.roovi.com\/fr\/#website\",\"url\":\"https:\/\/business.roovi.com\/fr\/\",\"name\":\"Roovi B2B\",\"description\":\"Roovi Business Website\",\"potentialAction\":[{\"@type\":\"SearchAction\",\"target\":{\"@type\":\"EntryPoint\",\"urlTemplate\":\"https:\/\/business.roovi.com\/fr\/?s={search_term_string}\"},\"query-input\":\"required name=search_term_string\"}],\"inLanguage\":\"fr-FR\"}]}<\/script>\n<!-- \/ Yoast SEO plugin. -->","yoast_head_json":{"title":"Hans Andersen Brendekilde - Un chemin bois\u00e9 en automne Puzzle adulte de 1000 pi\u00e8ces","description":"Hans Andersen Brendekilde - Un chemin bois\u00e9 en automne Puzzle adulte de 1000 pi\u00e8ces","robots":{"index":"index","follow":"follow","max-snippet":"max-snippet:-1","max-image-preview":"max-image-preview:large","max-video-preview":"max-video-preview:-1"},"canonical":"https:\/\/business.roovi.com\/fr\/hans-andersen-brendekilde-un-chemin-boise-en-automne-puzzle-adulte-de-1000-pieces\/p\/","og_locale":"fr_FR","og_type":"article","og_title":"Hans Andersen Brendekilde - Un chemin bois\u00e9 en automne Puzzle adulte de 1000 pi\u00e8ces","og_description":"Hans Andersen Brendekilde - Un chemin bois\u00e9 en automne Puzzle adulte de 1000 pi\u00e8ces","og_url":"https:\/\/business.roovi.com\/fr\/hans-andersen-brendekilde-un-chemin-boise-en-automne-puzzle-adulte-de-1000-pieces\/p\/","og_site_name":"Roovi B2B","article_publisher":"https:\/\/www.facebook.com\/wwwjucariero","article_modified_time":"2022-07-13T10:23:41+00:00","og_image":[{"width":1200,"height":1200,"url":"https:\/\/business.roovi.com\/wp-content\/uploads\/2018\/04\/72795-02_ansamblu_dimensiuni_cutie_cm_orizontal_1200x1200.png","type":"image\/png"}],"twitter_misc":{"Dur\u00e9e de lecture estim\u00e9e":"3 minutes"},"schema":{"@context":"https:\/\/schema.org","@graph":[{"@type":"WebPage","@id":"https:\/\/business.roovi.com\/fr\/hans-andersen-brendekilde-un-chemin-boise-en-automne-puzzle-adulte-de-1000-pieces\/p\/","url":"https:\/\/business.roovi.com\/fr\/hans-andersen-brendekilde-un-chemin-boise-en-automne-puzzle-adulte-de-1000-pieces\/p\/","name":"Hans Andersen Brendekilde - Un chemin bois\u00e9 en automne Puzzle adulte de 1000 pi\u00e8ces","isPartOf":{"@id":"https:\/\/business.roovi.com\/fr\/#website"},"datePublished":"2018-04-16T10:56:17+00:00","dateModified":"2022-07-13T10:23:41+00:00","description":"Hans Andersen Brendekilde - Un chemin bois\u00e9 en automne Puzzle adulte de 1000 pi\u00e8ces","breadcrumb":{"@id":"https:\/\/business.roovi.com\/fr\/hans-andersen-brendekilde-un-chemin-boise-en-automne-puzzle-adulte-de-1000-pieces\/p\/#breadcrumb"},"inLanguage":"fr-FR","potentialAction":[{"@type":"ReadAction","target":["https:\/\/business.roovi.com\/fr\/hans-andersen-brendekilde-un-chemin-boise-en-automne-puzzle-adulte-de-1000-pieces\/p\/"]}]},{"@type":"BreadcrumbList","@id":"https:\/\/business.roovi.com\/fr\/hans-andersen-brendekilde-un-chemin-boise-en-automne-puzzle-adulte-de-1000-pieces\/p\/#breadcrumb","itemListElement":[{"@type":"ListItem","position":1,"name":"Home","item":"https:\/\/business.roovi.com\/fr\/"},{"@type":"ListItem","position":2,"name":"Boutique","item":"https:\/\/business.roovi.com\/fr\/boutique\/"},{"@type":"ListItem","position":3,"name":"Hans Andersen Brendekilde &#8211; Un chemin bois\u00e9 en automne Puzzle adulte de 1000 pi\u00e8ces"}]},{"@type":"WebSite","@id":"https:\/\/business.roovi.com\/fr\/#website","url":"https:\/\/business.roovi.com\/fr\/","name":"Roovi B2B","description":"Roovi Business Website","potentialAction":[{"@type":"SearchAction","target":{"@type":"EntryPoint","urlTemplate":"https:\/\/business.roovi.com\/fr\/?s={search_term_string}"},"query-input":"required name=search_term_string"}],"inLanguage":"fr-FR"}]}},"_links":{"self":[{"href":"https:\/\/business.roovi.com\/fr\/wp-json\/wp\/v2\/product\/53177","targetHints":{"allow":["GET"]}}],"collection":[{"href":"https:\/\/business.roovi.com\/fr\/wp-json\/wp\/v2\/product"}],"about":[{"href":"https:\/\/business.roovi.com\/fr\/wp-json\/wp\/v2\/types\/product"}],"version-history":[{"count":0,"href":"https:\/\/business.roovi.com\/fr\/wp-json\/wp\/v2\/product\/53177\/revisions"}],"wp:featuredmedia":[{"embeddable":true,"href":"https:\/\/business.roovi.com\/fr\/wp-json\/wp\/v2\/media\/63453"}],"wp:attachment":[{"href":"https:\/\/business.roovi.com\/fr\/wp-json\/wp\/v2\/media?parent=53177"}],"wp:term":[{"taxonomy":"product_brand","embeddable":true,"href":"https:\/\/business.roovi.com\/fr\/wp-json\/wp\/v2\/product_brand?post=53177"},{"taxonomy":"product_cat","embeddable":true,"href":"https:\/\/business.roovi.com\/fr\/wp-json\/wp\/v2\/product_cat?post=53177"},{"taxonomy":"product_tag","embeddable":true,"href":"https:\/\/business.roovi.com\/fr\/wp-json\/wp\/v2\/product_tag?post=53177"}],"curies":[{"name":"wp","href":"https:\/\/api.w.org\/{rel}","templated":true}]}}