{"id":53180,"date":"2018-04-16T10:56:17","date_gmt":"2018-04-16T10:56:17","guid":{"rendered":"https:\/\/business.roovi.com\/puzzle-adulti-1000-piese-edouard-manet-springprimavara-2\/p\/"},"modified":"2023-02-21T11:27:52","modified_gmt":"2023-02-21T11:27:52","slug":"puzzle-adulte-de-1000-pieces-edouard-manet-printemps-primavara","status":"publish","type":"product","link":"https:\/\/business.roovi.com\/fr\/puzzle-adulte-de-1000-pieces-edouard-manet-printemps-primavara\/p\/","title":{"rendered":"Puzzle adulte de 1000 pi\u00e8ces \u00c9douard Manet &#8211; Printemps"},"content":{"rendered":"<p><span style=\"font-weight: 400;\">Tu aimerais admirer le tableau de Mona Lisa depuis l&rsquo;intimit\u00e9 de ta maison et capturer les traces les plus fines du pinceau de l&rsquo;artiste ? Dans notre collection de puzzles d&rsquo;art, tu trouveras l&rsquo;image de ce c\u00e9l\u00e8bre tableau et bien d&rsquo;autres. Tu peux cr\u00e9er ta propre collection de peintures \u00e9tonnantes \u00e0 partir de puzzles de 1000 pi\u00e8ces. D\u00e9couvre maintenant la gamme compl\u00e8te de puzzles pour adultes !<\/span><\/p>\n<p><span style=\"font-weight: 400;\">Tu veux un puzzle de 1000 pi\u00e8ces avec des d\u00e9tails complexes ? Le puzzle artistique \u00c9douard Manet &#8211; Spring est exactement ce que tu cherches. Le puzzle repr\u00e9sente le dernier succ\u00e8s public de Manet. Le tableau repr\u00e9sente l&rsquo;actrice parisienne, Jeanne DeMarsy, comme l&rsquo;incarnation du printemps. La femme porte une robe fleurie avec un parapluie et un bonnet sur un fond luxuriant de feuilles vertes et un ciel bleu clair <\/span><\/p>\n<p><span style=\"font-weight: 400;\">Installe-toi confortablement devant la table basse du salon et commence \u00e0 travailler sur une superbe peinture. Tu obtiendras une image de 50 x 70 cm que tu pourras encadrer et afficher sur l&rsquo;un de tes murs.<\/span><\/p>\n<p><span style=\"font-weight: 400;\">Caract\u00e9ristiques du puzzle \u00c9douard Manet &#8211; Printemps de l&rsquo;art<\/span><\/p>\n<p><strong>Mat\u00e9riau du puzzle <\/strong><\/p>\n<p><strong>carton bleu de haute qualit\u00e9<\/strong><\/p>\n<p><strong>des mat\u00e9riaux durables et recyclables<\/strong><\/p>\n<p><strong>finition semi-brillante, couleurs vives<\/strong><\/p>\n<p><strong>Nombre de pi\u00e8ces de puzzle : 1000<\/strong><\/p>\n<p><strong>\u00c2ge recommand\u00e9 : 14+<\/strong><\/p>\n<p><strong>Les jeux de puzzle mettent ta vie virtuelle en veilleuse<\/strong><\/p>\n<p><span style=\"font-weight: 400;\">Tu as besoin d&rsquo;une pause des \u00e9crans ? Les jeux de puzzle sont la meilleure option si tu veux passer du temps de qualit\u00e9 loin des \u00e9crans de tes appareils intelligents. De plus, cela te donne l&rsquo;occasion de cr\u00e9er des objets d\u00e9coratifs uniques que tu peux exposer dans ta maison.<\/span><\/p>\n<p><span style=\"font-weight: 400;\">En plus de l&rsquo;avantage d&rsquo;une activit\u00e9 cr\u00e9ative et relaxante, tu b\u00e9n\u00e9ficies d&rsquo;autres avantages :<\/span><\/p>\n<p><span style=\"font-weight: 400;\">Tu d\u00e9veloppes ton attention aux d\u00e9tails et ta capacit\u00e9 \u00e0 te concentrer.<\/span><\/p>\n<p><span style=\"font-weight: 400;\">Tu entra\u00eenes ta m\u00e9moire.<\/span><\/p>\n<p><span style=\"font-weight: 400;\">Tu am\u00e9liores ton humeur.<\/span><\/p>\n<p><span style=\"font-weight: 400;\">Tu te connectes avec ta famille ou tes amis lorsque tu travailles ensemble sur un puzzle de 1000 pi\u00e8ces.<\/span><\/p>\n<p><strong>5 faits sur Manet et sa peinture <\/strong><strong><em>Printemps<\/em><\/strong><\/p>\n<p><span style=\"font-weight: 400;\">Le tableau est actuellement \u00e0 <\/span><span style=\"font-weight: 400;\">Le Mus\u00e9e J. Paul Getty qui, en 2014, a pay\u00e9 65 millions de dollars pour l&rsquo;acqu\u00e9rir.<\/span><\/p>\n<p><span style=\"font-weight: 400;\">Le tableau \u00e9tait cens\u00e9 faire partie d&rsquo;une s\u00e9rie de 4 \u0153uvres repr\u00e9sentant des femmes coquettes repr\u00e9sentant les 4 saisons. Manet n&rsquo;a jamais eu l&rsquo;occasion de terminer le projet.<\/span><\/p>\n<p><span style=\"font-weight: 400;\">L&rsquo;artiste est mort un an apr\u00e8s avoir expos\u00e9 cette \u0153uvre au Salon de Paris.<\/span><\/p>\n<p><span style=\"font-weight: 400;\">Manet a d\u00e9velopp\u00e9 un style de peinture inspir\u00e9 des ma\u00eetres anciens, mais ax\u00e9 sur des images de la ville moderne.<\/span><\/p>\n<p><span style=\"font-weight: 400;\">Il a peint des personnes ordinaires prises dans leurs activit\u00e9s quotidiennes, mais son style audacieux a pris de court de nombreux critiques de l&rsquo;\u00e9poque et a \u00e9t\u00e9 rejet\u00e9 \u00e0 plusieurs reprises par ces derniers.<\/span><\/p>\n<p><strong>Puzzles d&rsquo;art : 3 merveilleux avantages qu&rsquo;ils t&rsquo;offrent<\/strong><\/p>\n<p><span style=\"font-weight: 400;\">Recr\u00e9er des images des grands chefs-d&rsquo;\u0153uvre artistiques du monde est un merveilleux d\u00e9fi. Voici 3 raisons de choisir ces jeux de r\u00e9flexion :<\/span><\/p>\n<ul>\n<li><span style=\"font-weight: 400;\">Tu peux recr\u00e9er des \u0153uvres d&rsquo;art c\u00e9l\u00e8bres \u00e0 partir de 1000 pi\u00e8ces de puzzle, puis les encadrer.<\/span><\/li>\n<li><span style=\"font-weight: 400;\">Tu d\u00e9veloppes ton sens de l&rsquo;esth\u00e9tique &#8211; quand tu passes ton temps libre entour\u00e9 de beaut\u00e9 et de raffinement, il est impossible de ne pas affiner ton go\u00fbt esth\u00e9tique.<\/span><\/li>\n<li><span style=\"font-weight: 400;\">Tu d\u00e9veloppes tes comp\u00e9tences en mati\u00e8re d&rsquo;assemblage de puzzles.<\/span><\/li>\n<\/ul>\n<p><span style=\"font-weight: 400;\">Acheter des puzzles de 1000 pi\u00e8ces <\/span><span style=\"font-weight: 400;\">\u00c9douard Manet &#8211; Spring de la collection de puzzles d&rsquo;art et profite de tous les avantages qu&rsquo;un jeu de puzzle a \u00e0 offrir. Assemble les images d&rsquo;art dans ce merveilleux puzzle pour adultes et cr\u00e9e ta propre collection d&rsquo;art sp\u00e9ciale.<\/span><\/p>\n<p><span style=\"font-weight: 400;\">Le puzzle d&rsquo;art \u00c9douard Manet &#8211; Printemps est un cadeau id\u00e9al pour les amis qui aiment les jeux de puzzle ou les \u0153uvres d&rsquo;art. Surprends-les agr\u00e9ablement et offre-leur ce puzzle pour adultes pour les f\u00eates ou les anniversaires.<\/span><\/p>\n","protected":false},"excerpt":{"rendered":"<p>Tu aimerais admirer le tableau de Mona Lisa depuis l&rsquo;intimit\u00e9 de ta maison et capturer les traces les plus fines<\/p>\n","protected":false},"featured_media":63578,"template":"","meta":[],"product_brand":[],"product_cat":[2314,2315,2316],"product_tag":[],"class_list":{"0":"post-53180","1":"product","2":"type-product","3":"status-publish","4":"has-post-thumbnail","6":"product_cat-puzzles-fr","7":"product_cat-puzzles-pour-adultes","8":"product_cat-puzzles-de-1000-pieces","9":"pa_bax-10-fr","10":"pa_brand-d_toys-fr","11":"pa_country_of_manufacture-ro-fr","12":"pa_filter_age-14-fr","13":"pa_painter-edouardmanet-fr","14":"pa_tip_ambalaj-boite","15":"pa_tip_puzzle-classique","17":"first","18":"onbackorder","19":"taxable","20":"shipping-taxable","21":"product-type-simple"},"yoast_head":"<!-- This site is optimized with the Yoast SEO plugin v20.1 - https:\/\/yoast.com\/wordpress\/plugins\/seo\/ -->\n<title>Puzzle adulte de 1000 pi\u00e8ces \u00c9douard Manet - Printemps\/Primavara<\/title>\n<meta name=\"description\" content=\"Puzzle adulte de 1000 pi\u00e8ces \u00c9douard Manet - Printemps\/Primavara\" \/>\n<meta name=\"robots\" content=\"index, follow, max-snippet:-1, max-image-preview:large, max-video-preview:-1\" \/>\n<link rel=\"canonical\" href=\"https:\/\/business.roovi.com\/fr\/puzzle-adulte-de-1000-pieces-edouard-manet-printemps-primavara\/p\/\" \/>\n<meta property=\"og:locale\" content=\"fr_FR\" \/>\n<meta property=\"og:type\" content=\"article\" \/>\n<meta property=\"og:title\" content=\"Puzzle adulte de 1000 pi\u00e8ces \u00c9douard Manet - Printemps\/Primavara\" \/>\n<meta property=\"og:description\" content=\"Puzzle adulte de 1000 pi\u00e8ces \u00c9douard Manet - Printemps\/Primavara\" \/>\n<meta property=\"og:url\" content=\"https:\/\/business.roovi.com\/fr\/puzzle-adulte-de-1000-pieces-edouard-manet-printemps-primavara\/p\/\" \/>\n<meta property=\"og:site_name\" content=\"Roovi B2B\" \/>\n<meta property=\"article:publisher\" content=\"https:\/\/www.facebook.com\/wwwjucariero\" \/>\n<meta property=\"article:modified_time\" content=\"2023-02-21T11:27:52+00:00\" \/>\n<meta property=\"og:image\" content=\"https:\/\/business.roovi.com\/wp-content\/uploads\/2018\/04\/73068-MA-02-WEB.jpg\" \/>\n\t<meta property=\"og:image:width\" content=\"1200\" \/>\n\t<meta property=\"og:image:height\" content=\"1200\" \/>\n\t<meta property=\"og:image:type\" content=\"image\/jpeg\" \/>\n<meta name=\"twitter:label1\" content=\"Dur\u00e9e de lecture estim\u00e9e\" \/>\n\t<meta name=\"twitter:data1\" content=\"4 minutes\" \/>\n<script type=\"application\/ld+json\" class=\"yoast-schema-graph\">{\"@context\":\"https:\/\/schema.org\",\"@graph\":[{\"@type\":\"WebPage\",\"@id\":\"https:\/\/business.roovi.com\/fr\/puzzle-adulte-de-1000-pieces-edouard-manet-printemps-primavara\/p\/\",\"url\":\"https:\/\/business.roovi.com\/fr\/puzzle-adulte-de-1000-pieces-edouard-manet-printemps-primavara\/p\/\",\"name\":\"Puzzle adulte de 1000 pi\u00e8ces \u00c9douard Manet - Printemps\/Primavara\",\"isPartOf\":{\"@id\":\"https:\/\/business.roovi.com\/fr\/#website\"},\"datePublished\":\"2018-04-16T10:56:17+00:00\",\"dateModified\":\"2023-02-21T11:27:52+00:00\",\"description\":\"Puzzle adulte de 1000 pi\u00e8ces \u00c9douard Manet - Printemps\/Primavara\",\"breadcrumb\":{\"@id\":\"https:\/\/business.roovi.com\/fr\/puzzle-adulte-de-1000-pieces-edouard-manet-printemps-primavara\/p\/#breadcrumb\"},\"inLanguage\":\"fr-FR\",\"potentialAction\":[{\"@type\":\"ReadAction\",\"target\":[\"https:\/\/business.roovi.com\/fr\/puzzle-adulte-de-1000-pieces-edouard-manet-printemps-primavara\/p\/\"]}]},{\"@type\":\"BreadcrumbList\",\"@id\":\"https:\/\/business.roovi.com\/fr\/puzzle-adulte-de-1000-pieces-edouard-manet-printemps-primavara\/p\/#breadcrumb\",\"itemListElement\":[{\"@type\":\"ListItem\",\"position\":1,\"name\":\"Home\",\"item\":\"https:\/\/business.roovi.com\/fr\/\"},{\"@type\":\"ListItem\",\"position\":2,\"name\":\"Boutique\",\"item\":\"https:\/\/business.roovi.com\/fr\/boutique\/\"},{\"@type\":\"ListItem\",\"position\":3,\"name\":\"Puzzle adulte de 1000 pi\u00e8ces \u00c9douard Manet &#8211; Printemps\"}]},{\"@type\":\"WebSite\",\"@id\":\"https:\/\/business.roovi.com\/fr\/#website\",\"url\":\"https:\/\/business.roovi.com\/fr\/\",\"name\":\"Roovi B2B\",\"description\":\"Roovi Business Website\",\"potentialAction\":[{\"@type\":\"SearchAction\",\"target\":{\"@type\":\"EntryPoint\",\"urlTemplate\":\"https:\/\/business.roovi.com\/fr\/?s={search_term_string}\"},\"query-input\":\"required name=search_term_string\"}],\"inLanguage\":\"fr-FR\"}]}<\/script>\n<!-- \/ Yoast SEO plugin. -->","yoast_head_json":{"title":"Puzzle adulte de 1000 pi\u00e8ces \u00c9douard Manet - Printemps\/Primavara","description":"Puzzle adulte de 1000 pi\u00e8ces \u00c9douard Manet - Printemps\/Primavara","robots":{"index":"index","follow":"follow","max-snippet":"max-snippet:-1","max-image-preview":"max-image-preview:large","max-video-preview":"max-video-preview:-1"},"canonical":"https:\/\/business.roovi.com\/fr\/puzzle-adulte-de-1000-pieces-edouard-manet-printemps-primavara\/p\/","og_locale":"fr_FR","og_type":"article","og_title":"Puzzle adulte de 1000 pi\u00e8ces \u00c9douard Manet - Printemps\/Primavara","og_description":"Puzzle adulte de 1000 pi\u00e8ces \u00c9douard Manet - Printemps\/Primavara","og_url":"https:\/\/business.roovi.com\/fr\/puzzle-adulte-de-1000-pieces-edouard-manet-printemps-primavara\/p\/","og_site_name":"Roovi B2B","article_publisher":"https:\/\/www.facebook.com\/wwwjucariero","article_modified_time":"2023-02-21T11:27:52+00:00","og_image":[{"width":1200,"height":1200,"url":"https:\/\/business.roovi.com\/wp-content\/uploads\/2018\/04\/73068-MA-02-WEB.jpg","type":"image\/jpeg"}],"twitter_misc":{"Dur\u00e9e de lecture estim\u00e9e":"4 minutes"},"schema":{"@context":"https:\/\/schema.org","@graph":[{"@type":"WebPage","@id":"https:\/\/business.roovi.com\/fr\/puzzle-adulte-de-1000-pieces-edouard-manet-printemps-primavara\/p\/","url":"https:\/\/business.roovi.com\/fr\/puzzle-adulte-de-1000-pieces-edouard-manet-printemps-primavara\/p\/","name":"Puzzle adulte de 1000 pi\u00e8ces \u00c9douard Manet - Printemps\/Primavara","isPartOf":{"@id":"https:\/\/business.roovi.com\/fr\/#website"},"datePublished":"2018-04-16T10:56:17+00:00","dateModified":"2023-02-21T11:27:52+00:00","description":"Puzzle adulte de 1000 pi\u00e8ces \u00c9douard Manet - Printemps\/Primavara","breadcrumb":{"@id":"https:\/\/business.roovi.com\/fr\/puzzle-adulte-de-1000-pieces-edouard-manet-printemps-primavara\/p\/#breadcrumb"},"inLanguage":"fr-FR","potentialAction":[{"@type":"ReadAction","target":["https:\/\/business.roovi.com\/fr\/puzzle-adulte-de-1000-pieces-edouard-manet-printemps-primavara\/p\/"]}]},{"@type":"BreadcrumbList","@id":"https:\/\/business.roovi.com\/fr\/puzzle-adulte-de-1000-pieces-edouard-manet-printemps-primavara\/p\/#breadcrumb","itemListElement":[{"@type":"ListItem","position":1,"name":"Home","item":"https:\/\/business.roovi.com\/fr\/"},{"@type":"ListItem","position":2,"name":"Boutique","item":"https:\/\/business.roovi.com\/fr\/boutique\/"},{"@type":"ListItem","position":3,"name":"Puzzle adulte de 1000 pi\u00e8ces \u00c9douard Manet &#8211; Printemps"}]},{"@type":"WebSite","@id":"https:\/\/business.roovi.com\/fr\/#website","url":"https:\/\/business.roovi.com\/fr\/","name":"Roovi B2B","description":"Roovi Business Website","potentialAction":[{"@type":"SearchAction","target":{"@type":"EntryPoint","urlTemplate":"https:\/\/business.roovi.com\/fr\/?s={search_term_string}"},"query-input":"required name=search_term_string"}],"inLanguage":"fr-FR"}]}},"_links":{"self":[{"href":"https:\/\/business.roovi.com\/fr\/wp-json\/wp\/v2\/product\/53180","targetHints":{"allow":["GET"]}}],"collection":[{"href":"https:\/\/business.roovi.com\/fr\/wp-json\/wp\/v2\/product"}],"about":[{"href":"https:\/\/business.roovi.com\/fr\/wp-json\/wp\/v2\/types\/product"}],"version-history":[{"count":0,"href":"https:\/\/business.roovi.com\/fr\/wp-json\/wp\/v2\/product\/53180\/revisions"}],"wp:featuredmedia":[{"embeddable":true,"href":"https:\/\/business.roovi.com\/fr\/wp-json\/wp\/v2\/media\/63578"}],"wp:attachment":[{"href":"https:\/\/business.roovi.com\/fr\/wp-json\/wp\/v2\/media?parent=53180"}],"wp:term":[{"taxonomy":"product_brand","embeddable":true,"href":"https:\/\/business.roovi.com\/fr\/wp-json\/wp\/v2\/product_brand?post=53180"},{"taxonomy":"product_cat","embeddable":true,"href":"https:\/\/business.roovi.com\/fr\/wp-json\/wp\/v2\/product_cat?post=53180"},{"taxonomy":"product_tag","embeddable":true,"href":"https:\/\/business.roovi.com\/fr\/wp-json\/wp\/v2\/product_tag?post=53180"}],"curies":[{"name":"wp","href":"https:\/\/api.w.org\/{rel}","templated":true}]}}