{"id":53189,"date":"2018-04-16T10:56:17","date_gmt":"2018-04-16T10:56:17","guid":{"rendered":"https:\/\/business.roovi.com\/puzzle-adulti-1000-piese-pierre-auguste-renoir-chestnut-tree-in-bloom\/p\/"},"modified":"2022-07-13T10:23:47","modified_gmt":"2022-07-13T10:23:47","slug":"puzzle-adulte-pierre-auguste-renoir-1000-pieces-chataignier-en-fleurs","status":"publish","type":"product","link":"https:\/\/business.roovi.com\/fr\/puzzle-adulte-pierre-auguste-renoir-1000-pieces-chataignier-en-fleurs\/p\/","title":{"rendered":"Puzzle adulte Pierre-Auguste Renoir 1000 pi\u00e8ces &#8211; Ch\u00e2taignier en fleurs"},"content":{"rendered":"<p><span style=\"font-weight: 400; font-size: 14px; line-height: 14px;\">Assemble le puzzle de 1000 pi\u00e8ces et donne de la couleur \u00e0 ton temps libre ! Tu trouveras ici des \u00e9nigmes artistiques repr\u00e9sentant des images de peintures c\u00e9l\u00e8bres de L\u00e9onard de Vinci, Rembrandt, Van Gogh et de nombreux autres peintres c\u00e9l\u00e8bres. D\u00e9couvre l&rsquo;offre compl\u00e8te et cr\u00e9e tes propres chefs-d&rsquo;\u0153uvre \u00e0 partir de jeux de puzzle \u00e9tonnants.<\/span><\/p>\n<p><span style=\"font-weight: 400; font-size: 14px; line-height: 14px;\">Pierre-Auguste Renoir &#8211; Ch\u00e2taignier en fleurs puzzle 1000 pi\u00e8ces te rapproche de l&rsquo;un des paysages les plus fascinants peints par Renoir. Cr\u00e9\u00e9 dans des couleurs vibrantes et expressives dans le style caract\u00e9ristique du grand artiste, le tableau transmet un \u00e9tat d&rsquo;harmonie dans des teintes \u00e9quilibr\u00e9es. Tu peux avoir cette merveilleuse \u0153uvre d&rsquo;art rien que pour toi en assemblant le puzzle de 1000 pi\u00e8ces Pierre-Auguste Renoir &#8211; Ch\u00e2taigne en fleur. Pour recr\u00e9er l&rsquo;image de 50 x 70 cm, tu as besoin d&rsquo;une table basse ordinaire et de beaucoup de patience.<\/span><\/p>\n<p><span style=\"font-weight: 400; font-size: 14px; line-height: 14px;\">Caract\u00e9ristiques du puzzle artistique Pierre-Auguste Renoir &#8211; Ch\u00e2taignier en fleurs :<\/span><\/p>\n<p><span style=\"font-size: 14px; line-height: 14px;\"><strong>Mat\u00e9riau du puzzle <\/strong><\/span><\/p>\n<p><span style=\"font-size: 14px; line-height: 14px;\"><strong>carton bleu de haute qualit\u00e9<\/strong><\/span><\/p>\n<p><span style=\"font-size: 14px; line-height: 14px;\"><strong>des mat\u00e9riaux durables et recyclables<\/strong><\/span><\/p>\n<p><span style=\"font-size: 14px; line-height: 14px;\"><strong>finition semi-brillante, couleurs vives<\/strong><\/span><\/p>\n<p><span style=\"font-size: 14px; line-height: 14px;\"><strong>Nombre de pi\u00e8ces de puzzle : 1000<\/strong><\/span><\/p>\n<p><span style=\"font-size: 14px; line-height: 14px;\"><strong>\u00c2ge recommand\u00e9 : 14+<\/strong><\/span><\/p>\n<p><span style=\"font-size: 14px; line-height: 14px;\"><strong>Les jeux de puzzle aident \u00e0 augmenter ta productivit\u00e9<\/strong><\/span><\/p>\n<p><span style=\"font-weight: 400; font-size: 14px; line-height: 14px;\">Lorsque tu rassembles le puzzle de 1000 pi\u00e8ces, tu es d\u00e9tendu et tu te concentres plus facilement. Plus tu es concentr\u00e9, plus tu es productif. Donc, si tu as g\u00e9n\u00e9ralement du mal \u00e0 te concentrer lorsque tu \u00e9tudies ou que tu travailles, envisage d&rsquo;entra\u00eener cette comp\u00e9tence avec des puzzles pour adultes.<\/span><\/p>\n<p><span style=\"font-size: 14px; line-height: 14px;\"><strong>Les jeux de puzzle aident \u00e0 am\u00e9liorer ta m\u00e9moire<\/strong><\/span><\/p>\n<p><span style=\"font-weight: 400; font-size: 14px; line-height: 14px;\">L&rsquo;activit\u00e9 consistant \u00e0 assembler des puzzles pour adultes est extr\u00eamement b\u00e9n\u00e9fique pour l&rsquo;activit\u00e9 c\u00e9r\u00e9brale car elle acc\u00e9l\u00e8re les processus de r\u00e9flexion. Ainsi, en t&rsquo;entra\u00eenant, tu trouveras plus rapidement les bons morceaux, tu saisiras des formes et des couleurs distinctes en un temps de plus en plus court, et tout cela contribue \u00e0 entretenir et \u00e0 am\u00e9liorer ta m\u00e9moire.<\/span><\/p>\n<p><span style=\"font-size: 14px; line-height: 14px;\"><strong>Les jeux de puzzle sont similaires aux s\u00e9ances de m\u00e9ditation<\/strong><\/span><\/p>\n<p><span style=\"font-weight: 400; font-size: 14px; line-height: 14px;\">Le puzzle de 1000 pi\u00e8ces te fait sortir de ta routine quotidienne et t&rsquo;aide \u00e0 faire le vide dans ton esprit. Lorsque tu assembles l&rsquo;image d&rsquo;un puzzle pour adultes, tu es concentr\u00e9 sur une activit\u00e9, toutes les autres pens\u00e9es passant au second plan. Cette activit\u00e9 est tr\u00e8s similaire \u00e0 l&rsquo;\u00e9tat m\u00e9ditatif. Alors profite de la paix et de l&rsquo;\u00e9nergie que te donnent les jeux de r\u00e9flexion !<\/span><\/p>\n<p><span style=\"font-size: 14px; line-height: 14px;\"><strong>5 choses que tu ne savais pas sur Pierre-Auguste Renoir<\/strong><\/span><\/p>\n<p><span style=\"font-weight: 400; font-size: 14px; line-height: 14px;\">\u00c0 13 ans, il a trouv\u00e9 un emploi de d\u00e9corateur de porcelaine et a utilis\u00e9 l&rsquo;argent qu&rsquo;il a gagn\u00e9 pour payer ses \u00e9tudes d&rsquo;art.<\/span><\/p>\n<p><span style=\"font-size: 14px; line-height: 14px;\"><span style=\"font-weight: 400;\">Il a peint un portrait de <\/span><span style=\"font-weight: 400;\">Richard Wagner en 35 minutes environ. Il \u00e9tait un grand fan du musicien.<\/span><\/span><\/p>\n<p><span style=\"font-weight: 400; font-size: 14px; line-height: 14px;\">Il a \u00e9t\u00e9 accus\u00e9 d&rsquo;espionnage par un groupe r\u00e9volutionnaire qui trouvait suspect qu&rsquo;il soit toujours assis sur les bords de la Seine. En r\u00e9alit\u00e9, l&rsquo;artiste ne faisait que peindre et a \u00e9t\u00e9 sauv\u00e9 des mains des extr\u00e9mistes par un r\u00e9volutionnaire qui l&rsquo;a reconnu et dont Renoir avait sauv\u00e9 la vie dans d&rsquo;autres circonstances.<\/span><\/p>\n<p><span style=\"font-weight: 400; font-size: 14px; line-height: 14px;\">\u00c0 Paris, il \u00e9tait un coll\u00e8gue du peintre roumain Nicolae Grigorescu.<\/span><\/p>\n<p><span style=\"font-weight: 400; font-size: 14px; line-height: 14px;\">Il a peint jusqu&rsquo;\u00e0 la fin de sa vie, m\u00eame s&rsquo;il \u00e9tait en proie \u00e0 la polyarthrite rhumato\u00efde, une terrible maladie qui affectait ses mains <\/span><\/p>\n<h1><span style=\"font-size: 14px; line-height: 14px;\"><strong>3 avantages \u00e9tonnants des puzzles d&rsquo;art<\/strong><\/span><\/h1>\n<p><span style=\"font-weight: 400; font-size: 14px; line-height: 14px;\">1. Aide \u00e0 red\u00e9couvrir la beaut\u00e9 \u00e0 travers une activit\u00e9 simple et relaxante<\/span><\/p>\n<p><span style=\"font-weight: 400; font-size: 14px; line-height: 14px;\">2. T&#8217;emm\u00e8ne dans un monde d&rsquo;art que tu n&rsquo;as peut-\u00eatre pas eu l&rsquo;occasion d&rsquo;explorer auparavant.<\/span><\/p>\n<p><span style=\"font-weight: 400; font-size: 14px; line-height: 14px;\">3. Il te donne la possibilit\u00e9 d&rsquo;admirer des \u0153uvres d&rsquo;art \u00e9tablies dans les moindres d\u00e9tails.<\/span><\/p>\n<p><span style=\"font-weight: 400; font-size: 14px; line-height: 14px;\">L&rsquo;art de Renoir fascine encore aujourd&rsquo;hui. D\u00e9couvre la beaut\u00e9 et la sophistication de Chestnut Tree in Bloom\/Castan in Bloom gr\u00e2ce \u00e0 ce merveilleux puzzle artistique. Ach\u00e8te Pierre-Auguste Renoir &#8211; Ch\u00e2taignier en fleurs\/Castan en fleurs Puzzle de 1000 pi\u00e8ces de la collection de puzzles d&rsquo;art pour toi ou offre-le en cadeau \u00e0 un ami qui aime les puzzles.<\/span><\/p><\/p>\n","protected":false},"excerpt":{"rendered":"<p>Assemble le puzzle de 1000 pi\u00e8ces et donne de la couleur \u00e0 ton temps libre ! Tu trouveras ici des<\/p>\n","protected":false},"featured_media":62952,"template":"","meta":[],"product_brand":[],"product_cat":[2314,2316,2315],"product_tag":[],"class_list":{"0":"post-53189","1":"product","2":"type-product","3":"status-publish","4":"has-post-thumbnail","6":"product_cat-puzzles-fr","7":"product_cat-puzzles-de-1000-pieces","8":"product_cat-puzzles-pour-adultes","9":"pa_bax-10-fr","10":"pa_brand-d_toys-fr","11":"pa_country_of_manufacture-ro-fr","12":"pa_filter_age-14-fr","13":"pa_painter-pierreaugusterenoir-fr","14":"pa_tip_ambalaj-boite","15":"pa_tip_puzzle-classique","17":"first","18":"instock","19":"taxable","20":"shipping-taxable","21":"product-type-simple"},"yoast_head":"<!-- This site is optimized with the Yoast SEO plugin v20.1 - https:\/\/yoast.com\/wordpress\/plugins\/seo\/ -->\n<title>Puzzle adulte Pierre-Auguste Renoir 1000 pi\u00e8ces - Ch\u00e2taignier en fleurs<\/title>\n<meta name=\"description\" content=\"Puzzle adulte Pierre-Auguste Renoir 1000 pi\u00e8ces - Ch\u00e2taignier en fleurs\" \/>\n<meta name=\"robots\" content=\"index, follow, max-snippet:-1, max-image-preview:large, max-video-preview:-1\" \/>\n<link rel=\"canonical\" href=\"https:\/\/business.roovi.com\/fr\/puzzle-adulte-pierre-auguste-renoir-1000-pieces-chataignier-en-fleurs\/p\/\" \/>\n<meta property=\"og:locale\" content=\"fr_FR\" \/>\n<meta property=\"og:type\" content=\"article\" \/>\n<meta property=\"og:title\" content=\"Puzzle adulte Pierre-Auguste Renoir 1000 pi\u00e8ces - Ch\u00e2taignier en fleurs\" \/>\n<meta property=\"og:description\" content=\"Puzzle adulte Pierre-Auguste Renoir 1000 pi\u00e8ces - Ch\u00e2taignier en fleurs\" \/>\n<meta property=\"og:url\" content=\"https:\/\/business.roovi.com\/fr\/puzzle-adulte-pierre-auguste-renoir-1000-pieces-chataignier-en-fleurs\/p\/\" \/>\n<meta property=\"og:site_name\" content=\"Roovi B2B\" \/>\n<meta property=\"article:publisher\" content=\"https:\/\/www.facebook.com\/wwwjucariero\" \/>\n<meta property=\"article:modified_time\" content=\"2022-07-13T10:23:47+00:00\" \/>\n<meta property=\"og:image\" content=\"https:\/\/business.roovi.com\/wp-content\/uploads\/2018\/04\/66909-07_ansamblu_dimensiuni_cutie_cm_1200x1200.png\" \/>\n\t<meta property=\"og:image:width\" content=\"1200\" \/>\n\t<meta property=\"og:image:height\" content=\"1200\" \/>\n\t<meta property=\"og:image:type\" content=\"image\/png\" \/>\n<meta name=\"twitter:label1\" content=\"Dur\u00e9e de lecture estim\u00e9e\" \/>\n\t<meta name=\"twitter:data1\" content=\"3 minutes\" \/>\n<script type=\"application\/ld+json\" class=\"yoast-schema-graph\">{\"@context\":\"https:\/\/schema.org\",\"@graph\":[{\"@type\":\"WebPage\",\"@id\":\"https:\/\/business.roovi.com\/fr\/puzzle-adulte-pierre-auguste-renoir-1000-pieces-chataignier-en-fleurs\/p\/\",\"url\":\"https:\/\/business.roovi.com\/fr\/puzzle-adulte-pierre-auguste-renoir-1000-pieces-chataignier-en-fleurs\/p\/\",\"name\":\"Puzzle adulte Pierre-Auguste Renoir 1000 pi\u00e8ces - Ch\u00e2taignier en fleurs\",\"isPartOf\":{\"@id\":\"https:\/\/business.roovi.com\/fr\/#website\"},\"datePublished\":\"2018-04-16T10:56:17+00:00\",\"dateModified\":\"2022-07-13T10:23:47+00:00\",\"description\":\"Puzzle adulte Pierre-Auguste Renoir 1000 pi\u00e8ces - Ch\u00e2taignier en fleurs\",\"breadcrumb\":{\"@id\":\"https:\/\/business.roovi.com\/fr\/puzzle-adulte-pierre-auguste-renoir-1000-pieces-chataignier-en-fleurs\/p\/#breadcrumb\"},\"inLanguage\":\"fr-FR\",\"potentialAction\":[{\"@type\":\"ReadAction\",\"target\":[\"https:\/\/business.roovi.com\/fr\/puzzle-adulte-pierre-auguste-renoir-1000-pieces-chataignier-en-fleurs\/p\/\"]}]},{\"@type\":\"BreadcrumbList\",\"@id\":\"https:\/\/business.roovi.com\/fr\/puzzle-adulte-pierre-auguste-renoir-1000-pieces-chataignier-en-fleurs\/p\/#breadcrumb\",\"itemListElement\":[{\"@type\":\"ListItem\",\"position\":1,\"name\":\"Home\",\"item\":\"https:\/\/business.roovi.com\/fr\/\"},{\"@type\":\"ListItem\",\"position\":2,\"name\":\"Boutique\",\"item\":\"https:\/\/business.roovi.com\/fr\/boutique\/\"},{\"@type\":\"ListItem\",\"position\":3,\"name\":\"Puzzle adulte Pierre-Auguste Renoir 1000 pi\u00e8ces &#8211; Ch\u00e2taignier en fleurs\"}]},{\"@type\":\"WebSite\",\"@id\":\"https:\/\/business.roovi.com\/fr\/#website\",\"url\":\"https:\/\/business.roovi.com\/fr\/\",\"name\":\"Roovi B2B\",\"description\":\"Roovi Business Website\",\"potentialAction\":[{\"@type\":\"SearchAction\",\"target\":{\"@type\":\"EntryPoint\",\"urlTemplate\":\"https:\/\/business.roovi.com\/fr\/?s={search_term_string}\"},\"query-input\":\"required name=search_term_string\"}],\"inLanguage\":\"fr-FR\"}]}<\/script>\n<!-- \/ Yoast SEO plugin. -->","yoast_head_json":{"title":"Puzzle adulte Pierre-Auguste Renoir 1000 pi\u00e8ces - Ch\u00e2taignier en fleurs","description":"Puzzle adulte Pierre-Auguste Renoir 1000 pi\u00e8ces - Ch\u00e2taignier en fleurs","robots":{"index":"index","follow":"follow","max-snippet":"max-snippet:-1","max-image-preview":"max-image-preview:large","max-video-preview":"max-video-preview:-1"},"canonical":"https:\/\/business.roovi.com\/fr\/puzzle-adulte-pierre-auguste-renoir-1000-pieces-chataignier-en-fleurs\/p\/","og_locale":"fr_FR","og_type":"article","og_title":"Puzzle adulte Pierre-Auguste Renoir 1000 pi\u00e8ces - Ch\u00e2taignier en fleurs","og_description":"Puzzle adulte Pierre-Auguste Renoir 1000 pi\u00e8ces - Ch\u00e2taignier en fleurs","og_url":"https:\/\/business.roovi.com\/fr\/puzzle-adulte-pierre-auguste-renoir-1000-pieces-chataignier-en-fleurs\/p\/","og_site_name":"Roovi B2B","article_publisher":"https:\/\/www.facebook.com\/wwwjucariero","article_modified_time":"2022-07-13T10:23:47+00:00","og_image":[{"width":1200,"height":1200,"url":"https:\/\/business.roovi.com\/wp-content\/uploads\/2018\/04\/66909-07_ansamblu_dimensiuni_cutie_cm_1200x1200.png","type":"image\/png"}],"twitter_misc":{"Dur\u00e9e de lecture estim\u00e9e":"3 minutes"},"schema":{"@context":"https:\/\/schema.org","@graph":[{"@type":"WebPage","@id":"https:\/\/business.roovi.com\/fr\/puzzle-adulte-pierre-auguste-renoir-1000-pieces-chataignier-en-fleurs\/p\/","url":"https:\/\/business.roovi.com\/fr\/puzzle-adulte-pierre-auguste-renoir-1000-pieces-chataignier-en-fleurs\/p\/","name":"Puzzle adulte Pierre-Auguste Renoir 1000 pi\u00e8ces - Ch\u00e2taignier en fleurs","isPartOf":{"@id":"https:\/\/business.roovi.com\/fr\/#website"},"datePublished":"2018-04-16T10:56:17+00:00","dateModified":"2022-07-13T10:23:47+00:00","description":"Puzzle adulte Pierre-Auguste Renoir 1000 pi\u00e8ces - Ch\u00e2taignier en fleurs","breadcrumb":{"@id":"https:\/\/business.roovi.com\/fr\/puzzle-adulte-pierre-auguste-renoir-1000-pieces-chataignier-en-fleurs\/p\/#breadcrumb"},"inLanguage":"fr-FR","potentialAction":[{"@type":"ReadAction","target":["https:\/\/business.roovi.com\/fr\/puzzle-adulte-pierre-auguste-renoir-1000-pieces-chataignier-en-fleurs\/p\/"]}]},{"@type":"BreadcrumbList","@id":"https:\/\/business.roovi.com\/fr\/puzzle-adulte-pierre-auguste-renoir-1000-pieces-chataignier-en-fleurs\/p\/#breadcrumb","itemListElement":[{"@type":"ListItem","position":1,"name":"Home","item":"https:\/\/business.roovi.com\/fr\/"},{"@type":"ListItem","position":2,"name":"Boutique","item":"https:\/\/business.roovi.com\/fr\/boutique\/"},{"@type":"ListItem","position":3,"name":"Puzzle adulte Pierre-Auguste Renoir 1000 pi\u00e8ces &#8211; Ch\u00e2taignier en fleurs"}]},{"@type":"WebSite","@id":"https:\/\/business.roovi.com\/fr\/#website","url":"https:\/\/business.roovi.com\/fr\/","name":"Roovi B2B","description":"Roovi Business Website","potentialAction":[{"@type":"SearchAction","target":{"@type":"EntryPoint","urlTemplate":"https:\/\/business.roovi.com\/fr\/?s={search_term_string}"},"query-input":"required name=search_term_string"}],"inLanguage":"fr-FR"}]}},"_links":{"self":[{"href":"https:\/\/business.roovi.com\/fr\/wp-json\/wp\/v2\/product\/53189","targetHints":{"allow":["GET"]}}],"collection":[{"href":"https:\/\/business.roovi.com\/fr\/wp-json\/wp\/v2\/product"}],"about":[{"href":"https:\/\/business.roovi.com\/fr\/wp-json\/wp\/v2\/types\/product"}],"version-history":[{"count":0,"href":"https:\/\/business.roovi.com\/fr\/wp-json\/wp\/v2\/product\/53189\/revisions"}],"wp:featuredmedia":[{"embeddable":true,"href":"https:\/\/business.roovi.com\/fr\/wp-json\/wp\/v2\/media\/62952"}],"wp:attachment":[{"href":"https:\/\/business.roovi.com\/fr\/wp-json\/wp\/v2\/media?parent=53189"}],"wp:term":[{"taxonomy":"product_brand","embeddable":true,"href":"https:\/\/business.roovi.com\/fr\/wp-json\/wp\/v2\/product_brand?post=53189"},{"taxonomy":"product_cat","embeddable":true,"href":"https:\/\/business.roovi.com\/fr\/wp-json\/wp\/v2\/product_cat?post=53189"},{"taxonomy":"product_tag","embeddable":true,"href":"https:\/\/business.roovi.com\/fr\/wp-json\/wp\/v2\/product_tag?post=53189"}],"curies":[{"name":"wp","href":"https:\/\/api.w.org\/{rel}","templated":true}]}}