{"id":53193,"date":"2018-04-16T10:56:17","date_gmt":"2018-04-16T10:56:17","guid":{"rendered":"https:\/\/business.roovi.com\/puzzle-adulti-1000-piese-pierre-auguste-renoir-the-doges-palace\/p\/"},"modified":"2022-07-13T10:23:50","modified_gmt":"2022-07-13T10:23:50","slug":"puzzle-adulte-pierre-auguste-renoir-1000-pieces-le-palais-des-doges","status":"publish","type":"product","link":"https:\/\/business.roovi.com\/fr\/puzzle-adulte-pierre-auguste-renoir-1000-pieces-le-palais-des-doges\/p\/","title":{"rendered":"Puzzle adulte Pierre-Auguste Renoir 1000 pi\u00e8ces &#8211; Le Palais des Doges"},"content":{"rendered":"<p><span style=\"font-weight: 400; font-size: 14px;\">Bienvenue dans la plus grande galerie de puzzles d&rsquo;art ! Tu aimes le myst\u00e8re de De Vinci ? Ou pr\u00e9f\u00e8res-tu le style sournois de Botticelli ? Retrouve les tableaux de ces peintres et d&rsquo;autres peintres c\u00e9l\u00e8bres dans les puzzles de 1000 pi\u00e8ces de notre collection de puzzles d&rsquo;art.<\/span><\/p>\n<p><span style=\"font-size: 14px;\"><span style=\"font-weight: 400;\">Puzzle 1000 pi\u00e8ces Pierre-Auguste Renoir &#8211; <\/span><span style=\"font-weight: 400;\">Doge&rsquo;s Palace\/Palat du Doge rend l&rsquo;image qui a fascin\u00e9 l&rsquo;artiste lors de sa premi\u00e8re visite \u00e0 Venise. Les b\u00e2timents qui se refl\u00e8tent dans les eaux ondulantes du canal sont peints avec une grande pr\u00e9cision.  Le rose et la cr\u00e8me de leurs murs ensoleill\u00e9s contrastent avec le bleu riche du ciel. Assemble cette merveilleuse image et tu auras un tableau de 50 x 70 cm qui tr\u00f4nera majestueusement sur l&rsquo;un de tes murs.<\/span><\/span><\/p>\n<p><span style=\"font-weight: 400;\">Lis plus sur le puzzle artistique ici <\/span><span style=\"font-weight: 400;\">Pierre-Auguste Renoir &#8211; <\/span><span style=\"font-weight: 400;\">Le palais des Doges :<\/span><\/p>\n<p><strong>Mat\u00e9riau du puzzle <\/strong><\/p>\n<p><strong>carton bleu de haute qualit\u00e9<\/strong><\/p>\n<p><strong>des mat\u00e9riaux durables et recyclables<\/strong><\/p>\n<p><strong>finition semi-brillante, couleurs vives<\/strong><\/p>\n<p><strong>Nombre de pi\u00e8ces de puzzle : 1000<\/strong><\/p>\n<p><strong>\u00c2ge recommand\u00e9 : 14+<\/strong><\/p>\n<p><strong>Jeux de puzzle et avantages pour la sant\u00e9<\/strong><\/p>\n<p><span style=\"font-weight: 400;\">Les puzzles pour adultes sont un excellent outil de relaxation, mais ils ont aussi de multiples avantages pour la sant\u00e9. En voici quelques-unes :<\/span><\/p>\n<p><strong>Am\u00e9lioration de la m\u00e9moire<\/strong><span style=\"font-weight: 400;\"> &#8211; lorsque tu assembles des puzzles de 1000 pi\u00e8ces, tu exerces ta m\u00e9moire en te souvenant des formes, des couleurs et de la position des pi\u00e8ces dans le grand tableau.<\/span><\/p>\n<p><strong>Am\u00e9lioration de l&rsquo;attention<\/strong><span style=\"font-weight: 400;\"> &#8211; les jeux de r\u00e9flexion entra\u00eenent \u00e0 la fois l&rsquo;h\u00e9misph\u00e8re gauche du cerveau, responsable du raisonnement logique, et l&rsquo;h\u00e9misph\u00e8re droit, qui r\u00e9git la cr\u00e9ativit\u00e9. Ainsi, le cerveau est entra\u00een\u00e9 et l&rsquo;attention est am\u00e9lior\u00e9e.<\/span><\/p>\n<p><strong>Am\u00e9lioration des comp\u00e9tences spatiales<\/strong><span style=\"font-weight: 400;\"> &#8211; comp\u00e9tences visuelles &#8211; lorsque tu compl\u00e8tes le puzzle 1000, tu analyses les diff\u00e9rentes pi\u00e8ces et tu essaies de comprendre o\u00f9 elles s&rsquo;int\u00e8grent dans l&rsquo;image globale. Cet exercice t&rsquo;aidera aussi dans d&rsquo;autres activit\u00e9s comme garer la voiture, apprendre des mouvements de danse ou utiliser des cartes.<\/span><\/p>\n<p><strong>Protection contre les maladies neurod\u00e9g\u00e9n\u00e9ratives<\/strong><span style=\"font-weight: 400;\"> &#8211; On a constat\u00e9 que les personnes qui terminent des jeux de puzzle ont un risque plus faible de d\u00e9velopper des maladies telles que l&rsquo;Alzheimer, la d\u00e9mence ou la perte de m\u00e9moire.<\/span><\/p>\n<p><strong>Qui \u00e9tait <\/strong><strong>Pierre-Auguste Renoir ?<\/strong><\/p>\n<p><span style=\"font-weight: 400;\">Renoir \u00e9tait un peintre impressionniste atypique car dans ses \u0153uvres, il a \u00e9galement trait\u00e9 de l&rsquo;art figuratif et des portraits, contrairement aux autres impressionnistes qui se concentraient davantage sur les sujets de la nature.<\/span><\/p>\n<p><span style=\"font-weight: 400;\">Il vient d&rsquo;une famille modeste et, \u00e0 cause de la pauvret\u00e9, il a rat\u00e9 la chance de devenir chanteur.<\/span><\/p>\n<p><span style=\"font-weight: 400;\">Il admirait le musicien Richard Wagner et a dress\u00e9 un portrait m\u00e9morable de lui en 35 minutes environ.<\/span><\/p>\n<p><span style=\"font-weight: 400;\">Dans sa jeunesse, il a pass\u00e9 de nombreuses heures au Louvre \u00e0 copier les \u0153uvres d&rsquo;artistes c\u00e9l\u00e8bres. \u00c0 l&rsquo;\u00e2ge adulte, ses \u0153uvres ont \u00e9t\u00e9 expos\u00e9es au mus\u00e9e qu&rsquo;il aimait tant.<\/span><\/p>\n<p><span style=\"font-weight: 400;\">Son fils, le r\u00e9alisateur Jean Renoir, a fait don de nombreuses \u0153uvres du peintre, mais a \u00e9galement vendu certaines d&rsquo;entre elles pour financer des projets de films au d\u00e9but de sa carri\u00e8re.<\/span><\/p>\n<h4><span style=\"font-weight: 400;\">Il souffrait de polyarthrite rhumato\u00efde, mais cela ne l&rsquo;a pas emp\u00each\u00e9 de peindre. Dans la derni\u00e8re partie de sa vie, il a attach\u00e9 son pinceau \u00e0 sa main d\u00e9sob\u00e9issante et a continu\u00e9 \u00e0 peindre de petits tableaux.<\/span><\/h4>\n<h4><span style=\"font-size: 14px;\"><strong>Autres comp\u00e9tences que tu d\u00e9veloppes gr\u00e2ce aux casse-t\u00eate artistiques<\/strong><\/span><\/h4>\n<h4><span style=\"font-weight: 400;\">Tu deviens un ma\u00eetre de l&rsquo;art des puzzles de 1000 pi\u00e8ces.<\/span><\/h4>\n<h4><span style=\"font-weight: 400;\">Tu d\u00e9veloppes un sens de l&rsquo;esth\u00e9tique.<\/span><\/h4>\n<h4><span style=\"font-weight: 400;\">Tu cr\u00e9es tes propres \u0153uvres d&rsquo;art \u00e0 partir de puzzles de 1000 pi\u00e8ces.<\/span><\/h4>\n<h4><span style=\"font-weight: 400;\">Tu ouvres ton d\u00e9sir d&rsquo;en savoir plus sur le monde de l&rsquo;art.<\/span><\/h4>\n<p><span style=\"font-weight: 400;\">Ach\u00e8te maintenant <\/span><span style=\"font-weight: 400;\">pierre-Auguste Renoir Puzzle 1000 pi\u00e8ces &#8211; <\/span><span style=\"font-weight: 400;\">Le Doge&rsquo;s Palace\/Palat du Doge et profite d&rsquo;une vue imprenable sur la Venise du XIXe si\u00e8cle ! Rassemble tes amis, assemble cet \u00e9tonnant puzzle artistique et vous passerez de nombreuses heures de temps de qualit\u00e9 ensemble. Tu peux offrir le puzzle de 1000 pi\u00e8ces comme cadeau <\/span><span style=\"font-weight: 400;\">Pierre-Auguste Renoir &#8211; <\/span><span style=\"font-weight: 400;\">Palace of the Doges \u00e0 ta famille ou \u00e0 tes amis qui aiment les jeux de r\u00e9flexion.<\/span><\/p><\/p>\n","protected":false},"excerpt":{"rendered":"<p>Bienvenue dans la plus grande galerie de puzzles d&rsquo;art ! Tu aimes le myst\u00e8re de De Vinci ? Ou pr\u00e9f\u00e8res-tu<\/p>\n","protected":false},"featured_media":62965,"template":"","meta":[],"product_brand":[],"product_cat":[2314,2316,2315],"product_tag":[],"class_list":{"0":"post-53193","1":"product","2":"type-product","3":"status-publish","4":"has-post-thumbnail","6":"product_cat-puzzles-fr","7":"product_cat-puzzles-de-1000-pieces","8":"product_cat-puzzles-pour-adultes","9":"pa_bax-10-fr","10":"pa_brand-d_toys-fr","11":"pa_country_of_manufacture-ro-fr","12":"pa_filter_age-14-fr","13":"pa_painter-pierreaugusterenoir-fr","14":"pa_tip_ambalaj-boite","15":"pa_tip_puzzle-classique","17":"first","18":"instock","19":"taxable","20":"shipping-taxable","21":"product-type-simple"},"yoast_head":"<!-- This site is optimized with the Yoast SEO plugin v20.1 - https:\/\/yoast.com\/wordpress\/plugins\/seo\/ -->\n<title>Puzzle adulte Pierre-Auguste Renoir 1000 pi\u00e8ces - Le Palais des Doges<\/title>\n<meta name=\"description\" content=\"Puzzle adulte Pierre-Auguste Renoir 1000 pi\u00e8ces - Le Palais des Doges\" \/>\n<meta name=\"robots\" content=\"index, follow, max-snippet:-1, max-image-preview:large, max-video-preview:-1\" \/>\n<link rel=\"canonical\" href=\"https:\/\/business.roovi.com\/fr\/puzzle-adulte-pierre-auguste-renoir-1000-pieces-le-palais-des-doges\/p\/\" \/>\n<meta property=\"og:locale\" content=\"fr_FR\" \/>\n<meta property=\"og:type\" content=\"article\" \/>\n<meta property=\"og:title\" content=\"Puzzle adulte Pierre-Auguste Renoir 1000 pi\u00e8ces - Le Palais des Doges\" \/>\n<meta property=\"og:description\" content=\"Puzzle adulte Pierre-Auguste Renoir 1000 pi\u00e8ces - Le Palais des Doges\" \/>\n<meta property=\"og:url\" content=\"https:\/\/business.roovi.com\/fr\/puzzle-adulte-pierre-auguste-renoir-1000-pieces-le-palais-des-doges\/p\/\" \/>\n<meta property=\"og:site_name\" content=\"Roovi B2B\" \/>\n<meta property=\"article:publisher\" content=\"https:\/\/www.facebook.com\/wwwjucariero\" \/>\n<meta property=\"article:modified_time\" content=\"2022-07-13T10:23:50+00:00\" \/>\n<meta property=\"og:image\" content=\"https:\/\/business.roovi.com\/wp-content\/uploads\/2018\/04\/66909-08_ansamblu_dimensiuni_cutie_cm_1200x1200.png\" \/>\n\t<meta property=\"og:image:width\" content=\"1200\" \/>\n\t<meta property=\"og:image:height\" content=\"1200\" \/>\n\t<meta property=\"og:image:type\" content=\"image\/png\" \/>\n<meta name=\"twitter:label1\" content=\"Dur\u00e9e de lecture estim\u00e9e\" \/>\n\t<meta name=\"twitter:data1\" content=\"4 minutes\" \/>\n<script type=\"application\/ld+json\" class=\"yoast-schema-graph\">{\"@context\":\"https:\/\/schema.org\",\"@graph\":[{\"@type\":\"WebPage\",\"@id\":\"https:\/\/business.roovi.com\/fr\/puzzle-adulte-pierre-auguste-renoir-1000-pieces-le-palais-des-doges\/p\/\",\"url\":\"https:\/\/business.roovi.com\/fr\/puzzle-adulte-pierre-auguste-renoir-1000-pieces-le-palais-des-doges\/p\/\",\"name\":\"Puzzle adulte Pierre-Auguste Renoir 1000 pi\u00e8ces - Le Palais des Doges\",\"isPartOf\":{\"@id\":\"https:\/\/business.roovi.com\/fr\/#website\"},\"datePublished\":\"2018-04-16T10:56:17+00:00\",\"dateModified\":\"2022-07-13T10:23:50+00:00\",\"description\":\"Puzzle adulte Pierre-Auguste Renoir 1000 pi\u00e8ces - Le Palais des Doges\",\"breadcrumb\":{\"@id\":\"https:\/\/business.roovi.com\/fr\/puzzle-adulte-pierre-auguste-renoir-1000-pieces-le-palais-des-doges\/p\/#breadcrumb\"},\"inLanguage\":\"fr-FR\",\"potentialAction\":[{\"@type\":\"ReadAction\",\"target\":[\"https:\/\/business.roovi.com\/fr\/puzzle-adulte-pierre-auguste-renoir-1000-pieces-le-palais-des-doges\/p\/\"]}]},{\"@type\":\"BreadcrumbList\",\"@id\":\"https:\/\/business.roovi.com\/fr\/puzzle-adulte-pierre-auguste-renoir-1000-pieces-le-palais-des-doges\/p\/#breadcrumb\",\"itemListElement\":[{\"@type\":\"ListItem\",\"position\":1,\"name\":\"Home\",\"item\":\"https:\/\/business.roovi.com\/fr\/\"},{\"@type\":\"ListItem\",\"position\":2,\"name\":\"Boutique\",\"item\":\"https:\/\/business.roovi.com\/fr\/boutique\/\"},{\"@type\":\"ListItem\",\"position\":3,\"name\":\"Puzzle adulte Pierre-Auguste Renoir 1000 pi\u00e8ces &#8211; Le Palais des Doges\"}]},{\"@type\":\"WebSite\",\"@id\":\"https:\/\/business.roovi.com\/fr\/#website\",\"url\":\"https:\/\/business.roovi.com\/fr\/\",\"name\":\"Roovi B2B\",\"description\":\"Roovi Business Website\",\"potentialAction\":[{\"@type\":\"SearchAction\",\"target\":{\"@type\":\"EntryPoint\",\"urlTemplate\":\"https:\/\/business.roovi.com\/fr\/?s={search_term_string}\"},\"query-input\":\"required name=search_term_string\"}],\"inLanguage\":\"fr-FR\"}]}<\/script>\n<!-- \/ Yoast SEO plugin. -->","yoast_head_json":{"title":"Puzzle adulte Pierre-Auguste Renoir 1000 pi\u00e8ces - Le Palais des Doges","description":"Puzzle adulte Pierre-Auguste Renoir 1000 pi\u00e8ces - Le Palais des Doges","robots":{"index":"index","follow":"follow","max-snippet":"max-snippet:-1","max-image-preview":"max-image-preview:large","max-video-preview":"max-video-preview:-1"},"canonical":"https:\/\/business.roovi.com\/fr\/puzzle-adulte-pierre-auguste-renoir-1000-pieces-le-palais-des-doges\/p\/","og_locale":"fr_FR","og_type":"article","og_title":"Puzzle adulte Pierre-Auguste Renoir 1000 pi\u00e8ces - Le Palais des Doges","og_description":"Puzzle adulte Pierre-Auguste Renoir 1000 pi\u00e8ces - Le Palais des Doges","og_url":"https:\/\/business.roovi.com\/fr\/puzzle-adulte-pierre-auguste-renoir-1000-pieces-le-palais-des-doges\/p\/","og_site_name":"Roovi B2B","article_publisher":"https:\/\/www.facebook.com\/wwwjucariero","article_modified_time":"2022-07-13T10:23:50+00:00","og_image":[{"width":1200,"height":1200,"url":"https:\/\/business.roovi.com\/wp-content\/uploads\/2018\/04\/66909-08_ansamblu_dimensiuni_cutie_cm_1200x1200.png","type":"image\/png"}],"twitter_misc":{"Dur\u00e9e de lecture estim\u00e9e":"4 minutes"},"schema":{"@context":"https:\/\/schema.org","@graph":[{"@type":"WebPage","@id":"https:\/\/business.roovi.com\/fr\/puzzle-adulte-pierre-auguste-renoir-1000-pieces-le-palais-des-doges\/p\/","url":"https:\/\/business.roovi.com\/fr\/puzzle-adulte-pierre-auguste-renoir-1000-pieces-le-palais-des-doges\/p\/","name":"Puzzle adulte Pierre-Auguste Renoir 1000 pi\u00e8ces - Le Palais des Doges","isPartOf":{"@id":"https:\/\/business.roovi.com\/fr\/#website"},"datePublished":"2018-04-16T10:56:17+00:00","dateModified":"2022-07-13T10:23:50+00:00","description":"Puzzle adulte Pierre-Auguste Renoir 1000 pi\u00e8ces - Le Palais des Doges","breadcrumb":{"@id":"https:\/\/business.roovi.com\/fr\/puzzle-adulte-pierre-auguste-renoir-1000-pieces-le-palais-des-doges\/p\/#breadcrumb"},"inLanguage":"fr-FR","potentialAction":[{"@type":"ReadAction","target":["https:\/\/business.roovi.com\/fr\/puzzle-adulte-pierre-auguste-renoir-1000-pieces-le-palais-des-doges\/p\/"]}]},{"@type":"BreadcrumbList","@id":"https:\/\/business.roovi.com\/fr\/puzzle-adulte-pierre-auguste-renoir-1000-pieces-le-palais-des-doges\/p\/#breadcrumb","itemListElement":[{"@type":"ListItem","position":1,"name":"Home","item":"https:\/\/business.roovi.com\/fr\/"},{"@type":"ListItem","position":2,"name":"Boutique","item":"https:\/\/business.roovi.com\/fr\/boutique\/"},{"@type":"ListItem","position":3,"name":"Puzzle adulte Pierre-Auguste Renoir 1000 pi\u00e8ces &#8211; Le Palais des Doges"}]},{"@type":"WebSite","@id":"https:\/\/business.roovi.com\/fr\/#website","url":"https:\/\/business.roovi.com\/fr\/","name":"Roovi B2B","description":"Roovi Business Website","potentialAction":[{"@type":"SearchAction","target":{"@type":"EntryPoint","urlTemplate":"https:\/\/business.roovi.com\/fr\/?s={search_term_string}"},"query-input":"required name=search_term_string"}],"inLanguage":"fr-FR"}]}},"_links":{"self":[{"href":"https:\/\/business.roovi.com\/fr\/wp-json\/wp\/v2\/product\/53193","targetHints":{"allow":["GET"]}}],"collection":[{"href":"https:\/\/business.roovi.com\/fr\/wp-json\/wp\/v2\/product"}],"about":[{"href":"https:\/\/business.roovi.com\/fr\/wp-json\/wp\/v2\/types\/product"}],"version-history":[{"count":0,"href":"https:\/\/business.roovi.com\/fr\/wp-json\/wp\/v2\/product\/53193\/revisions"}],"wp:featuredmedia":[{"embeddable":true,"href":"https:\/\/business.roovi.com\/fr\/wp-json\/wp\/v2\/media\/62965"}],"wp:attachment":[{"href":"https:\/\/business.roovi.com\/fr\/wp-json\/wp\/v2\/media?parent=53193"}],"wp:term":[{"taxonomy":"product_brand","embeddable":true,"href":"https:\/\/business.roovi.com\/fr\/wp-json\/wp\/v2\/product_brand?post=53193"},{"taxonomy":"product_cat","embeddable":true,"href":"https:\/\/business.roovi.com\/fr\/wp-json\/wp\/v2\/product_cat?post=53193"},{"taxonomy":"product_tag","embeddable":true,"href":"https:\/\/business.roovi.com\/fr\/wp-json\/wp\/v2\/product_tag?post=53193"}],"curies":[{"name":"wp","href":"https:\/\/api.w.org\/{rel}","templated":true}]}}