{"id":53194,"date":"2018-04-16T10:56:17","date_gmt":"2018-04-16T10:56:17","guid":{"rendered":"https:\/\/business.roovi.com\/puzzle-adulti-1000-piese-paul-gauguin-tahitian-women-on-the-beach\/p\/"},"modified":"2022-07-13T10:23:51","modified_gmt":"2022-07-13T10:23:51","slug":"puzzle-adulte-1000-pieces-paul-gauguin-femmes-tahitiennes-sur-la-plage","status":"publish","type":"product","link":"https:\/\/business.roovi.com\/fr\/puzzle-adulte-1000-pieces-paul-gauguin-femmes-tahitiennes-sur-la-plage\/p\/","title":{"rendered":"Puzzle adulte 1000 pi\u00e8ces Paul Gauguin &#8211; Femmes tahitiennes sur la plage"},"content":{"rendered":"<p><span style=\"font-weight: 400;\">D\u00e9couvre un puzzle de 1000 pi\u00e8ces qui reprend l&rsquo;un des th\u00e8mes qui ont obs\u00e9d\u00e9 Paul Gauguin dans la derni\u00e8re partie de sa carri\u00e8re. D\u00e9sireux de d\u00e9couvrir la vie primitive et pure des habitants polyn\u00e9siens, Paul Gauguin s&rsquo;est rendu \u00e0 Tahiti et y est rest\u00e9 toute sa vie, capturant l&rsquo;originalit\u00e9 du lieu et de ses habitants d&rsquo;une mani\u00e8re unique dans ses \u0153uvres <\/span><\/p>\n<p><span style=\"font-weight: 400;\">Le tableau tahitien Femmes sur la plage, que tu peux recr\u00e9er avec ce puzzle de peinture, a \u00e9t\u00e9 r\u00e9alis\u00e9 dans le style post-impressionniste dans les premiers mois apr\u00e8s son arriv\u00e9e sur l&rsquo;\u00eele et capture un amalgame d&rsquo;humeurs, de la relaxation et du d\u00e9tachement \u00e0 l&rsquo;insouciance de ce qui se passe autour de lui.  <\/span><\/p>\n<p><span style=\"font-weight: 400;\">Paul Gauguin r\u00e9ussit \u00e0 transmettre l&rsquo;image des deux femmes d&rsquo;une mani\u00e8re int\u00e9ressante, une combinaison des traits des habitants de Tahiti et des v\u00eatements qui sugg\u00e8rent des tenues europ\u00e9ennes apport\u00e9es sur l&rsquo;\u00eele par les missionnaires.<\/span><\/p>\n<p><span style=\"font-weight: 400;\">Les couleurs vives et chaudes de la peinture \u00e0 l&rsquo;huile sur toile sont fid\u00e8lement rendues dans ce puzzle artistique, qui r\u00e9ussit \u00e0 mettre en avant la chaleur de la r\u00e9gion.<\/span><\/p>\n<h3><span style=\"font-size: 18px;\"><strong>Pourquoi choisir un puzzle Paul Gauguin adulte 1000 pi\u00e8ces<\/strong><\/span><\/h3>\n<ul>\n<li><span style=\"font-weight: 400;\">Tu recevras une peinture incroyablement d\u00e9taill\u00e9e de Tahitiennes sur la plage par Paul Gauguin <\/span><\/li>\n<li><span style=\"font-weight: 400;\">Taille du puzzle d&rsquo;art 68 x 47 cm<\/span><\/li>\n<li><span style=\"font-weight: 400;\">Pi\u00e8ces fabriqu\u00e9es en carton durable et de haute qualit\u00e9<\/span><\/li>\n<li><span style=\"font-weight: 400;\">Fab Fab fabriqu\u00e9 \u00e0 partir de mat\u00e9riaux durables et recyclables<\/span><\/li>\n<li><span style=\"font-weight: 400;\">La finition est semi-brillante et les couleurs sont vives et vibrantes<\/span><\/li>\n<li><span style=\"font-weight: 400;\">Convient \u00e0 partir de 14 ans &#8211; une excellente occasion de faire d\u00e9couvrir aux adolescents le monde fascinant de l&rsquo;art<\/span><\/li>\n<\/ul>\n<p><span style=\"font-weight: 400;\">Assembler un puzzle artistique pr\u00e9sente de nombreux avantages qui se refl\u00e8tent \u00e0 plusieurs niveaux :<\/span><\/p>\n<ul>\n<li><span style=\"font-weight: 400;\">Favorise la concentration<\/span><\/li>\n<li><span style=\"font-weight: 400;\">Entra\u00eene la m\u00e9moire<\/span><\/li>\n<li><span style=\"font-weight: 400;\">C&rsquo;est une activit\u00e9 relaxante et amusante<\/span><\/li>\n<li><span style=\"font-weight: 400;\">Cela peut \u00eatre une bonne occasion de se connecter avec des proches<\/span><\/li>\n<li><span style=\"font-weight: 400;\">Passe plus de temps de qualit\u00e9 loin des \u00e9crans <\/span><\/li>\n<\/ul>\n<h3><strong>Tu savais que&#8230; ?<\/strong><\/h3>\n<p><span style=\"font-weight: 400;\">Paul Gauguin a commenc\u00e9 \u00e0 peindre en tant qu&rsquo;artiste amateur, comme un passe-temps, et ses \u0153uvres n&rsquo;ont \u00e9t\u00e9 remarqu\u00e9es qu&rsquo;apr\u00e8s sa mort. Il ne s&rsquo;est consacr\u00e9 pleinement \u00e0 l&rsquo;art que vers la quarantaine, apr\u00e8s avoir travaill\u00e9 comme agent de change et vendeur, mais sans grand succ\u00e8s.<\/span><\/p>\n<p><span style=\"font-weight: 400;\">Tout au long de sa vie, il a toujours \u00e9t\u00e9 \u00e0 la recherche de ce quelque chose de sp\u00e9cial qui l&rsquo;inspirait, de la vie primitive comme celle des indig\u00e8nes, qui, selon lui, d\u00e9tenait encore l&rsquo;essence de la puret\u00e9 <\/span><\/p>\n<p><span style=\"font-weight: 400;\">Contrairement au mouvement r\u00e9aliste, ses peintures ne repr\u00e9sentent pas des images r\u00e9elles mais plut\u00f4t des images d\u00e9form\u00e9es, ses personnages ayant souvent des parties du corps disproportionn\u00e9es, d\u00e9limit\u00e9es par des lignes dures dans des couleurs sombres.<\/span><\/p>\n<h3><strong>Puzzle de 1000 pi\u00e8ces color\u00e9 et lumineux<\/strong><\/h3>\n<p><span style=\"font-weight: 400;\">Assemble un puzzle d&rsquo;art repr\u00e9sentant les portraits des deux femmes tahitiennes et rel\u00e8ve le d\u00e9fi des couleurs et des lignes nettes et fermes par lesquelles Gauguin traduit son art <\/span><\/p>\n<p><span style=\"font-weight: 400;\">Un long week-end avec des \u00eatres chers, une soir\u00e9e de casse-t\u00eate avec des amis, ou pourquoi pas une journ\u00e9e pour soi, peut \u00eatre l&rsquo;occasion parfaite de compl\u00e9ter ce casse-t\u00eate de 1000 pi\u00e8ces <\/span><\/p>\n<p><span style=\"font-weight: 400;\">Les moments de reconnexion avec les proches sont tr\u00e8s importants. Ces moments o\u00f9 tu travailles ensemble, o\u00f9 tu cherches des d\u00e9tails, o\u00f9 tu assembles les pi\u00e8ces et o\u00f9 tu reconstitues progressivement une image sont en fait les moments (ou les heures) o\u00f9 tu soudes encore plus ta relation <\/span><\/p>\n<p><span style=\"font-weight: 400;\">Choisis ce puzzle d&rsquo;art pour toi et d\u00e9tends-toi en l&rsquo;assemblant, ou offre-le en cadeau et fais plaisir \u00e0 un amateur d&rsquo;art <\/span><\/p><\/p>\n","protected":false},"excerpt":{"rendered":"<p>D\u00e9couvre un puzzle de 1000 pi\u00e8ces qui reprend l&rsquo;un des th\u00e8mes qui ont obs\u00e9d\u00e9 Paul Gauguin dans la derni\u00e8re partie<\/p>\n","protected":false},"featured_media":48110,"template":"","meta":[],"product_brand":[],"product_cat":[1607,1608,1610],"product_tag":[],"class_list":{"0":"post-53194","1":"product","2":"type-product","3":"status-publish","4":"has-post-thumbnail","6":"product_cat-puzzles","7":"product_cat-adult-jigsaw-puzzles","8":"product_cat-1000-piece-jigsaw-puzzles","9":"pa_bax-10-en","10":"pa_brand-d_toys-en","11":"pa_country_of_manufacture-ro-en","12":"pa_filter_age-14-en","13":"pa_painter-paulgauguin-en","14":"pa_tip_ambalaj-box","15":"pa_tip_puzzle-classic","17":"first","18":"instock","19":"taxable","20":"shipping-taxable","21":"product-type-simple"},"yoast_head":"<!-- This site is optimized with the Yoast SEO plugin v20.1 - https:\/\/yoast.com\/wordpress\/plugins\/seo\/ -->\n<title>Puzzle adulte 1000 pi\u00e8ces Paul Gauguin - Femmes tahitiennes sur la plage<\/title>\n<meta name=\"description\" content=\"Puzzle adulte 1000 pi\u00e8ces Paul Gauguin - Femmes tahitiennes sur la plage\" \/>\n<meta name=\"robots\" content=\"index, follow, max-snippet:-1, max-image-preview:large, max-video-preview:-1\" \/>\n<link rel=\"canonical\" href=\"https:\/\/business.roovi.com\/fr\/puzzle-adulte-1000-pieces-paul-gauguin-femmes-tahitiennes-sur-la-plage\/p\/\" \/>\n<meta property=\"og:locale\" content=\"fr_FR\" \/>\n<meta property=\"og:type\" content=\"article\" \/>\n<meta property=\"og:title\" content=\"Puzzle adulte 1000 pi\u00e8ces Paul Gauguin - Femmes tahitiennes sur la plage\" \/>\n<meta property=\"og:description\" content=\"Puzzle adulte 1000 pi\u00e8ces Paul Gauguin - Femmes tahitiennes sur la plage\" \/>\n<meta property=\"og:url\" content=\"https:\/\/business.roovi.com\/fr\/puzzle-adulte-1000-pieces-paul-gauguin-femmes-tahitiennes-sur-la-plage\/p\/\" \/>\n<meta property=\"og:site_name\" content=\"Roovi B2B\" \/>\n<meta property=\"article:publisher\" content=\"https:\/\/www.facebook.com\/wwwjucariero\" \/>\n<meta property=\"article:modified_time\" content=\"2022-07-13T10:23:51+00:00\" \/>\n<meta property=\"og:image\" content=\"https:\/\/business.roovi.com\/wp-content\/uploads\/2018\/04\/p1000_gauguin_72818_ga01-02_r700_64x88cm_no_stanc.jpg\" \/>\n\t<meta property=\"og:image:width\" content=\"1200\" \/>\n\t<meta property=\"og:image:height\" content=\"1200\" \/>\n\t<meta property=\"og:image:type\" content=\"image\/jpeg\" \/>\n<meta name=\"twitter:label1\" content=\"Dur\u00e9e de lecture estim\u00e9e\" \/>\n\t<meta name=\"twitter:data1\" content=\"3 minutes\" \/>\n<script type=\"application\/ld+json\" class=\"yoast-schema-graph\">{\"@context\":\"https:\/\/schema.org\",\"@graph\":[{\"@type\":\"WebPage\",\"@id\":\"https:\/\/business.roovi.com\/fr\/puzzle-adulte-1000-pieces-paul-gauguin-femmes-tahitiennes-sur-la-plage\/p\/\",\"url\":\"https:\/\/business.roovi.com\/fr\/puzzle-adulte-1000-pieces-paul-gauguin-femmes-tahitiennes-sur-la-plage\/p\/\",\"name\":\"Puzzle adulte 1000 pi\u00e8ces Paul Gauguin - Femmes tahitiennes sur la plage\",\"isPartOf\":{\"@id\":\"https:\/\/business.roovi.com\/fr\/#website\"},\"datePublished\":\"2018-04-16T10:56:17+00:00\",\"dateModified\":\"2022-07-13T10:23:51+00:00\",\"description\":\"Puzzle adulte 1000 pi\u00e8ces Paul Gauguin - Femmes tahitiennes sur la plage\",\"breadcrumb\":{\"@id\":\"https:\/\/business.roovi.com\/fr\/puzzle-adulte-1000-pieces-paul-gauguin-femmes-tahitiennes-sur-la-plage\/p\/#breadcrumb\"},\"inLanguage\":\"fr-FR\",\"potentialAction\":[{\"@type\":\"ReadAction\",\"target\":[\"https:\/\/business.roovi.com\/fr\/puzzle-adulte-1000-pieces-paul-gauguin-femmes-tahitiennes-sur-la-plage\/p\/\"]}]},{\"@type\":\"BreadcrumbList\",\"@id\":\"https:\/\/business.roovi.com\/fr\/puzzle-adulte-1000-pieces-paul-gauguin-femmes-tahitiennes-sur-la-plage\/p\/#breadcrumb\",\"itemListElement\":[{\"@type\":\"ListItem\",\"position\":1,\"name\":\"Home\",\"item\":\"https:\/\/business.roovi.com\/fr\/\"},{\"@type\":\"ListItem\",\"position\":2,\"name\":\"Boutique\",\"item\":\"https:\/\/business.roovi.com\/fr\/boutique\/\"},{\"@type\":\"ListItem\",\"position\":3,\"name\":\"Puzzle adulte 1000 pi\u00e8ces Paul Gauguin &#8211; Femmes tahitiennes sur la plage\"}]},{\"@type\":\"WebSite\",\"@id\":\"https:\/\/business.roovi.com\/fr\/#website\",\"url\":\"https:\/\/business.roovi.com\/fr\/\",\"name\":\"Roovi B2B\",\"description\":\"Roovi Business Website\",\"potentialAction\":[{\"@type\":\"SearchAction\",\"target\":{\"@type\":\"EntryPoint\",\"urlTemplate\":\"https:\/\/business.roovi.com\/fr\/?s={search_term_string}\"},\"query-input\":\"required name=search_term_string\"}],\"inLanguage\":\"fr-FR\"}]}<\/script>\n<!-- \/ Yoast SEO plugin. -->","yoast_head_json":{"title":"Puzzle adulte 1000 pi\u00e8ces Paul Gauguin - Femmes tahitiennes sur la plage","description":"Puzzle adulte 1000 pi\u00e8ces Paul Gauguin - Femmes tahitiennes sur la plage","robots":{"index":"index","follow":"follow","max-snippet":"max-snippet:-1","max-image-preview":"max-image-preview:large","max-video-preview":"max-video-preview:-1"},"canonical":"https:\/\/business.roovi.com\/fr\/puzzle-adulte-1000-pieces-paul-gauguin-femmes-tahitiennes-sur-la-plage\/p\/","og_locale":"fr_FR","og_type":"article","og_title":"Puzzle adulte 1000 pi\u00e8ces Paul Gauguin - Femmes tahitiennes sur la plage","og_description":"Puzzle adulte 1000 pi\u00e8ces Paul Gauguin - Femmes tahitiennes sur la plage","og_url":"https:\/\/business.roovi.com\/fr\/puzzle-adulte-1000-pieces-paul-gauguin-femmes-tahitiennes-sur-la-plage\/p\/","og_site_name":"Roovi B2B","article_publisher":"https:\/\/www.facebook.com\/wwwjucariero","article_modified_time":"2022-07-13T10:23:51+00:00","og_image":[{"width":1200,"height":1200,"url":"https:\/\/business.roovi.com\/wp-content\/uploads\/2018\/04\/p1000_gauguin_72818_ga01-02_r700_64x88cm_no_stanc.jpg","type":"image\/jpeg"}],"twitter_misc":{"Dur\u00e9e de lecture estim\u00e9e":"3 minutes"},"schema":{"@context":"https:\/\/schema.org","@graph":[{"@type":"WebPage","@id":"https:\/\/business.roovi.com\/fr\/puzzle-adulte-1000-pieces-paul-gauguin-femmes-tahitiennes-sur-la-plage\/p\/","url":"https:\/\/business.roovi.com\/fr\/puzzle-adulte-1000-pieces-paul-gauguin-femmes-tahitiennes-sur-la-plage\/p\/","name":"Puzzle adulte 1000 pi\u00e8ces Paul Gauguin - Femmes tahitiennes sur la plage","isPartOf":{"@id":"https:\/\/business.roovi.com\/fr\/#website"},"datePublished":"2018-04-16T10:56:17+00:00","dateModified":"2022-07-13T10:23:51+00:00","description":"Puzzle adulte 1000 pi\u00e8ces Paul Gauguin - Femmes tahitiennes sur la plage","breadcrumb":{"@id":"https:\/\/business.roovi.com\/fr\/puzzle-adulte-1000-pieces-paul-gauguin-femmes-tahitiennes-sur-la-plage\/p\/#breadcrumb"},"inLanguage":"fr-FR","potentialAction":[{"@type":"ReadAction","target":["https:\/\/business.roovi.com\/fr\/puzzle-adulte-1000-pieces-paul-gauguin-femmes-tahitiennes-sur-la-plage\/p\/"]}]},{"@type":"BreadcrumbList","@id":"https:\/\/business.roovi.com\/fr\/puzzle-adulte-1000-pieces-paul-gauguin-femmes-tahitiennes-sur-la-plage\/p\/#breadcrumb","itemListElement":[{"@type":"ListItem","position":1,"name":"Home","item":"https:\/\/business.roovi.com\/fr\/"},{"@type":"ListItem","position":2,"name":"Boutique","item":"https:\/\/business.roovi.com\/fr\/boutique\/"},{"@type":"ListItem","position":3,"name":"Puzzle adulte 1000 pi\u00e8ces Paul Gauguin &#8211; Femmes tahitiennes sur la plage"}]},{"@type":"WebSite","@id":"https:\/\/business.roovi.com\/fr\/#website","url":"https:\/\/business.roovi.com\/fr\/","name":"Roovi B2B","description":"Roovi Business Website","potentialAction":[{"@type":"SearchAction","target":{"@type":"EntryPoint","urlTemplate":"https:\/\/business.roovi.com\/fr\/?s={search_term_string}"},"query-input":"required name=search_term_string"}],"inLanguage":"fr-FR"}]}},"_links":{"self":[{"href":"https:\/\/business.roovi.com\/fr\/wp-json\/wp\/v2\/product\/53194","targetHints":{"allow":["GET"]}}],"collection":[{"href":"https:\/\/business.roovi.com\/fr\/wp-json\/wp\/v2\/product"}],"about":[{"href":"https:\/\/business.roovi.com\/fr\/wp-json\/wp\/v2\/types\/product"}],"version-history":[{"count":0,"href":"https:\/\/business.roovi.com\/fr\/wp-json\/wp\/v2\/product\/53194\/revisions"}],"wp:featuredmedia":[{"embeddable":true,"href":"https:\/\/business.roovi.com\/fr\/wp-json\/wp\/v2\/media\/48110"}],"wp:attachment":[{"href":"https:\/\/business.roovi.com\/fr\/wp-json\/wp\/v2\/media?parent=53194"}],"wp:term":[{"taxonomy":"product_brand","embeddable":true,"href":"https:\/\/business.roovi.com\/fr\/wp-json\/wp\/v2\/product_brand?post=53194"},{"taxonomy":"product_cat","embeddable":true,"href":"https:\/\/business.roovi.com\/fr\/wp-json\/wp\/v2\/product_cat?post=53194"},{"taxonomy":"product_tag","embeddable":true,"href":"https:\/\/business.roovi.com\/fr\/wp-json\/wp\/v2\/product_tag?post=53194"}],"curies":[{"name":"wp","href":"https:\/\/api.w.org\/{rel}","templated":true}]}}