{"id":53195,"date":"2018-04-16T10:56:17","date_gmt":"2018-04-16T10:56:17","guid":{"rendered":"https:\/\/business.roovi.com\/puzzle-adulti-1000-piese-gustav-klimt-mada-primavesi\/p\/"},"modified":"2022-07-13T10:23:53","modified_gmt":"2022-07-13T10:23:53","slug":"puzzle-adulte-1000-pieces-gustav-klimt-mada-primavesi","status":"publish","type":"product","link":"https:\/\/business.roovi.com\/fr\/puzzle-adulte-1000-pieces-gustav-klimt-mada-primavesi\/p\/","title":{"rendered":"Puzzle adulte 1000 pi\u00e8ces Gustav Klimt &#8211; M\u00e4da Primavesi"},"content":{"rendered":"<p><span style=\"font-weight: 400;\">Nous sommes heureux que tu aies rejoint notre galerie avec notre plus grande collection de puzzles d&rsquo;art ! Nous avons pr\u00e9par\u00e9 des puzzles de 1000 pi\u00e8ces avec des images des peintures les plus c\u00e9l\u00e8bres du monde. La <em>Joconde<\/em>, <em>Le Baiser<\/em> ou <em>Starry Night<\/em> ne sont que quelques-uns des chefs-d&rsquo;\u0153uvre qui peuvent orner les murs de ta maison. S\u00e9lectionne tes puzzles d&rsquo;art pr\u00e9f\u00e9r\u00e9s et construis les tableaux que tu as tant d\u00e9sir\u00e9s !<\/span><\/p>\n<p><span style=\"font-weight: 400;\">D\u00e9couvre l&rsquo;art fascinant de Gustav Klimt avec le puzzle Gustav Klimt de 1000 pi\u00e8ces <\/span><span style=\"font-weight: 400;\">M\u00e4da<\/span><span style=\"font-weight: 400;\"> Primavesi. La photo repr\u00e9sente une fille de 9 ans, M\u00e4da Primavesi, qui a l&rsquo;air d\u00e9termin\u00e9e et confiante. L&rsquo;artiste a captur\u00e9 de mani\u00e8re exemplaire la nature de gar\u00e7on et le caract\u00e8re mature de la fille et l&rsquo;a pos\u00e9e au milieu d&rsquo;une combinaison de motifs printaniers <\/span><\/p>\n<p><span style=\"font-weight: 400;\">Puzzle d&rsquo;art Gustav Klimt &#8211; <\/span><span style=\"font-weight: 400;\">M\u00e4da<\/span><span style=\"font-weight: 400;\"> Primavesi rend les d\u00e9tails \u00e9tonnants de la peinture originale et sera un plaisir \u00e0 regarder une fois termin\u00e9. L&rsquo;image finale mesure 50 x 70 cm, et tout ce dont tu as besoin pour la recr\u00e9er est une table basse standard.  <\/span><\/p>\n<p><span style=\"font-weight: 400;\">Comprend un puzzle Gustav Klimt de 1000 pi\u00e8ces <\/span><span style=\"font-weight: 400;\">M\u00e4da<\/span><span style=\"font-weight: 400;\"> Primavesi :<\/span><\/p>\n<p><strong>Mat\u00e9riau du puzzle <\/strong><\/p>\n<p><strong>carton bleu de haute qualit\u00e9<\/strong><\/p>\n<p><strong>des mat\u00e9riaux durables et recyclables<\/strong><\/p>\n<p><strong>finition semi-brillante, couleurs vives<\/strong><\/p>\n<p><strong>Nombre de pi\u00e8ces de puzzle : 1000<\/strong><\/p>\n<p><strong>\u00c2ge recommand\u00e9 : 14+<\/strong><\/p>\n<p><strong>3 comp\u00e9tences que tu as la chance de d\u00e9velopper gr\u00e2ce aux puzzles de 1000 pi\u00e8ces<\/strong><\/p>\n<p><span style=\"font-weight: 400;\">Tu sais d\u00e9j\u00e0 que les jeux de r\u00e9flexion sont amusants, dr\u00f4les et relaxants. Mais en plus de cela, ils t&rsquo;aident \u00e0 d\u00e9velopper ou \u00e0 am\u00e9liorer certaines comp\u00e9tences. En voici 3 :<\/span><\/p>\n<p><strong>Comp\u00e9tences en mati\u00e8re de r\u00e9solution de probl\u00e8mes <\/strong><span style=\"font-weight: 400;\">Un puzzle de 1000 pi\u00e8ces est un probl\u00e8me qui n&rsquo;est parfois pas si facile \u00e0 r\u00e9soudre. Chercher dans les centaines de pi\u00e8ces du puzzle celles qui sont \u00e0 leur place demande beaucoup de concentration et d&rsquo;attention. Mais comme l&rsquo;image te captive et que tu veux la compl\u00e9ter, tu n&rsquo;abandonnes pas et le travail est termin\u00e9 apr\u00e8s plusieurs heures de travail relaxant. Tout ce processus cr\u00e9atif t&rsquo;aidera dans d&rsquo;autres situations auxquelles tu dois faire face dans tes activit\u00e9s quotidiennes.<\/span><\/p>\n<p><strong>Fais attention aux d\u00e9tails <\/strong><span style=\"font-weight: 400;\">L&rsquo;assemblage du puzzle de 1000 pi\u00e8ces n\u00e9cessite une attention maximale aux moindres d\u00e9tails. Si tu n&rsquo;as pas cette capacit\u00e9 au d\u00e9but, tu la d\u00e9velopperas au fil du temps et tu deviendras un ma\u00eetre des puzzles gr\u00e2ce \u00e0 la pratique. Cette comp\u00e9tence peut \u00eatre utile dans de nombreux autres aspects de ta vie, surtout si tu fais des activit\u00e9s qui exigent de l&rsquo;attention aux d\u00e9tails.<\/span><\/p>\n<p><strong>Capacit\u00e9 \u00e0 se concentrer <\/strong><span style=\"font-weight: 400;\">Tu as souvent du mal \u00e0 te concentrer sur une seule chose et \u00e0 terminer une t\u00e2che ? Cela arrive \u00e0 beaucoup, principalement parce que nos esprits sont assaillis par tant d&rsquo;informations. Nous voulons tout \u00e0 la fois et avons du mal \u00e0 nous concentrer sur une seule t\u00e2che \u00e0 la fois. Assemble le puzzle de 1000 pi\u00e8ces et tu auras plus de facilit\u00e9 \u00e0 te concentrer et \u00e0 r\u00e9soudre progressivement les t\u00e2ches que tu t&rsquo;imposes.<\/span><\/p>\n<p><strong>\u00c0 propos de <\/strong><strong>M\u00e4da<\/strong><strong> Le Primavesi de Klimt, tu le savais ?<\/strong><\/p>\n<p><span style=\"font-weight: 400;\">M\u00e4da<\/span><span style=\"font-weight: 400;\"> Primavesi \u00e9tait la fille de l&rsquo;industriel et de sa femme, Eugenia, une famille riche qui soutenait l&rsquo;art du design viennois progressiste.<\/span><\/p>\n<p><span style=\"font-weight: 400;\">Le tableau exprime le go\u00fbt sophistiqu\u00e9 des Primavesis pour l&rsquo;art progressif.<\/span><\/p>\n<p><span style=\"font-weight: 400;\">M\u00e4da a d\u00e9crit Klimt comme un homme extr\u00eamement gentil et tol\u00e9rant envers son impatience d&rsquo;adolescente devenue adulte.<\/span><\/p>\n<p><span style=\"font-weight: 400;\">\u00c0 la demande de la jeune fille d&rsquo;\u00e9crire une phrase dans son livre d&rsquo;autographes, Klimt a \u00e9crit <\/span><em><span style=\"font-weight: 400;\">\u00ab\u00a0Le jour est comme la nuit si je ne te vois pas. Je suis plus heureux si je r\u00eave de toi.\u00a0\u00bb<\/span><\/em><\/p>\n<p><span style=\"font-weight: 400;\">Apr\u00e8s ce tableau, Klimt a \u00e9galement peint un portrait de la m\u00e8re de la fille, Eugenia.<\/span><\/p>\n<p><span style=\"font-weight: 400;\">M\u00e4da a d\u00e9clar\u00e9 dans un entretien avec le New York Times qu&rsquo;elle estime que l&rsquo;artiste a fait environ 200 croquis d&rsquo;elle.<\/span><\/p>\n<p><strong>Puzzles artistiques &#8211; une oasis de d\u00e9tente et de d\u00e9tachement<\/strong><\/p>\n<p><span style=\"font-weight: 400;\">Si tu veux des moments de paix et de d\u00e9tente, les puzzles artistiques sont le choix id\u00e9al. En plus de t&rsquo;aider \u00e0 te d\u00e9connecter des soucis de la vie quotidienne, les puzzles artistiques ouvrent la porte \u00e0 un monde \u00e9tonnant de couleurs et de beaut\u00e9. De plus, ils t&rsquo;aident \u00e0 d\u00e9velopper ton sens de l&rsquo;esth\u00e9tique et \u00e0 affiner tes comp\u00e9tences en mati\u00e8re de reconstitution d&rsquo;\u00e9nigmes.<\/span><\/p>\n<p><span style=\"font-weight: 400;\">Si tu veux un objet d\u00e9coratif unique, ach\u00e8te le puzzle d&rsquo;art Gustav Klimt &#8211; <\/span><span style=\"font-weight: 400;\">M\u00e4da<\/span><span style=\"font-weight: 400;\"> Primavesi. Cet \u00e9tonnant jeu de puzzle de la collection de puzzles d&rsquo;art te donne l&rsquo;occasion de r\u00e9aliser ton propre tableau d&rsquo;art \u00e0 partir d&rsquo;un puzzle de 1000 pi\u00e8ces. La photo sera superbe dans le cadre et donnera \u00e0 ta maison un aspect raffin\u00e9.<\/span><\/p>\n<p><span style=\"font-weight: 400;\">Puzzle 1000 pi\u00e8ces Gustav Klimt &#8211; <\/span><span style=\"font-weight: 400;\">M\u00e4da<\/span><span style=\"font-weight: 400;\"> Primavesi est le choix id\u00e9al pour offrir un cadeau d\u00e9licieux \u00e0 tes proches.<\/span><\/p><\/p>\n","protected":false},"excerpt":{"rendered":"<p>Nous sommes heureux que tu aies rejoint notre galerie avec notre plus grande collection de puzzles d&rsquo;art ! Nous avons<\/p>\n","protected":false},"featured_media":48159,"template":"","meta":[],"product_brand":[],"product_cat":[2314,2315,2316],"product_tag":[],"class_list":{"0":"post-53195","1":"product","2":"type-product","3":"status-publish","4":"has-post-thumbnail","6":"product_cat-puzzles-fr","7":"product_cat-puzzles-pour-adultes","8":"product_cat-puzzles-de-1000-pieces","9":"pa_bax-10-fr","10":"pa_brand-d_toys-fr","11":"pa_country_of_manufacture-ro-fr","12":"pa_filter_age-14-fr","13":"pa_painter-gustavklimt-fr","14":"pa_tip_ambalaj-boite","15":"pa_tip_puzzle-classique","17":"first","18":"instock","19":"taxable","20":"shipping-taxable","21":"product-type-simple"},"yoast_head":"<!-- This site is optimized with the Yoast SEO plugin v20.1 - https:\/\/yoast.com\/wordpress\/plugins\/seo\/ -->\n<title>Puzzle adulte 1000 pi\u00e8ces Gustav Klimt - M\u00e4da Primavesi<\/title>\n<meta name=\"description\" content=\"Puzzle adulte 1000 pi\u00e8ces Gustav Klimt - M\u00e4da Primavesi\" \/>\n<meta name=\"robots\" content=\"index, follow, max-snippet:-1, max-image-preview:large, max-video-preview:-1\" \/>\n<link rel=\"canonical\" href=\"https:\/\/business.roovi.com\/fr\/puzzle-adulte-1000-pieces-gustav-klimt-mada-primavesi\/p\/\" \/>\n<meta property=\"og:locale\" content=\"fr_FR\" \/>\n<meta property=\"og:type\" content=\"article\" \/>\n<meta property=\"og:title\" content=\"Puzzle adulte 1000 pi\u00e8ces Gustav Klimt - M\u00e4da Primavesi\" \/>\n<meta property=\"og:description\" content=\"Puzzle adulte 1000 pi\u00e8ces Gustav Klimt - M\u00e4da Primavesi\" \/>\n<meta property=\"og:url\" content=\"https:\/\/business.roovi.com\/fr\/puzzle-adulte-1000-pieces-gustav-klimt-mada-primavesi\/p\/\" \/>\n<meta property=\"og:site_name\" content=\"Roovi B2B\" \/>\n<meta property=\"article:publisher\" content=\"https:\/\/www.facebook.com\/wwwjucariero\" \/>\n<meta property=\"article:modified_time\" content=\"2022-07-13T10:23:53+00:00\" \/>\n<meta property=\"og:image\" content=\"https:\/\/business.roovi.com\/wp-content\/uploads\/2018\/04\/66923-07_ansamblu_dimensiuni_cutie_cm_1200x1200.png\" \/>\n\t<meta property=\"og:image:width\" content=\"1200\" \/>\n\t<meta property=\"og:image:height\" content=\"1200\" \/>\n\t<meta property=\"og:image:type\" content=\"image\/png\" \/>\n<meta name=\"twitter:label1\" content=\"Dur\u00e9e de lecture estim\u00e9e\" \/>\n\t<meta name=\"twitter:data1\" content=\"4 minutes\" \/>\n<script type=\"application\/ld+json\" class=\"yoast-schema-graph\">{\"@context\":\"https:\/\/schema.org\",\"@graph\":[{\"@type\":\"WebPage\",\"@id\":\"https:\/\/business.roovi.com\/fr\/puzzle-adulte-1000-pieces-gustav-klimt-mada-primavesi\/p\/\",\"url\":\"https:\/\/business.roovi.com\/fr\/puzzle-adulte-1000-pieces-gustav-klimt-mada-primavesi\/p\/\",\"name\":\"Puzzle adulte 1000 pi\u00e8ces Gustav Klimt - M\u00e4da Primavesi\",\"isPartOf\":{\"@id\":\"https:\/\/business.roovi.com\/fr\/#website\"},\"datePublished\":\"2018-04-16T10:56:17+00:00\",\"dateModified\":\"2022-07-13T10:23:53+00:00\",\"description\":\"Puzzle adulte 1000 pi\u00e8ces Gustav Klimt - M\u00e4da Primavesi\",\"breadcrumb\":{\"@id\":\"https:\/\/business.roovi.com\/fr\/puzzle-adulte-1000-pieces-gustav-klimt-mada-primavesi\/p\/#breadcrumb\"},\"inLanguage\":\"fr-FR\",\"potentialAction\":[{\"@type\":\"ReadAction\",\"target\":[\"https:\/\/business.roovi.com\/fr\/puzzle-adulte-1000-pieces-gustav-klimt-mada-primavesi\/p\/\"]}]},{\"@type\":\"BreadcrumbList\",\"@id\":\"https:\/\/business.roovi.com\/fr\/puzzle-adulte-1000-pieces-gustav-klimt-mada-primavesi\/p\/#breadcrumb\",\"itemListElement\":[{\"@type\":\"ListItem\",\"position\":1,\"name\":\"Home\",\"item\":\"https:\/\/business.roovi.com\/fr\/\"},{\"@type\":\"ListItem\",\"position\":2,\"name\":\"Boutique\",\"item\":\"https:\/\/business.roovi.com\/fr\/boutique\/\"},{\"@type\":\"ListItem\",\"position\":3,\"name\":\"Puzzle adulte 1000 pi\u00e8ces Gustav Klimt &#8211; M\u00e4da Primavesi\"}]},{\"@type\":\"WebSite\",\"@id\":\"https:\/\/business.roovi.com\/fr\/#website\",\"url\":\"https:\/\/business.roovi.com\/fr\/\",\"name\":\"Roovi B2B\",\"description\":\"Roovi Business Website\",\"potentialAction\":[{\"@type\":\"SearchAction\",\"target\":{\"@type\":\"EntryPoint\",\"urlTemplate\":\"https:\/\/business.roovi.com\/fr\/?s={search_term_string}\"},\"query-input\":\"required name=search_term_string\"}],\"inLanguage\":\"fr-FR\"}]}<\/script>\n<!-- \/ Yoast SEO plugin. -->","yoast_head_json":{"title":"Puzzle adulte 1000 pi\u00e8ces Gustav Klimt - M\u00e4da Primavesi","description":"Puzzle adulte 1000 pi\u00e8ces Gustav Klimt - M\u00e4da Primavesi","robots":{"index":"index","follow":"follow","max-snippet":"max-snippet:-1","max-image-preview":"max-image-preview:large","max-video-preview":"max-video-preview:-1"},"canonical":"https:\/\/business.roovi.com\/fr\/puzzle-adulte-1000-pieces-gustav-klimt-mada-primavesi\/p\/","og_locale":"fr_FR","og_type":"article","og_title":"Puzzle adulte 1000 pi\u00e8ces Gustav Klimt - M\u00e4da Primavesi","og_description":"Puzzle adulte 1000 pi\u00e8ces Gustav Klimt - M\u00e4da Primavesi","og_url":"https:\/\/business.roovi.com\/fr\/puzzle-adulte-1000-pieces-gustav-klimt-mada-primavesi\/p\/","og_site_name":"Roovi B2B","article_publisher":"https:\/\/www.facebook.com\/wwwjucariero","article_modified_time":"2022-07-13T10:23:53+00:00","og_image":[{"width":1200,"height":1200,"url":"https:\/\/business.roovi.com\/wp-content\/uploads\/2018\/04\/66923-07_ansamblu_dimensiuni_cutie_cm_1200x1200.png","type":"image\/png"}],"twitter_misc":{"Dur\u00e9e de lecture estim\u00e9e":"4 minutes"},"schema":{"@context":"https:\/\/schema.org","@graph":[{"@type":"WebPage","@id":"https:\/\/business.roovi.com\/fr\/puzzle-adulte-1000-pieces-gustav-klimt-mada-primavesi\/p\/","url":"https:\/\/business.roovi.com\/fr\/puzzle-adulte-1000-pieces-gustav-klimt-mada-primavesi\/p\/","name":"Puzzle adulte 1000 pi\u00e8ces Gustav Klimt - M\u00e4da Primavesi","isPartOf":{"@id":"https:\/\/business.roovi.com\/fr\/#website"},"datePublished":"2018-04-16T10:56:17+00:00","dateModified":"2022-07-13T10:23:53+00:00","description":"Puzzle adulte 1000 pi\u00e8ces Gustav Klimt - M\u00e4da Primavesi","breadcrumb":{"@id":"https:\/\/business.roovi.com\/fr\/puzzle-adulte-1000-pieces-gustav-klimt-mada-primavesi\/p\/#breadcrumb"},"inLanguage":"fr-FR","potentialAction":[{"@type":"ReadAction","target":["https:\/\/business.roovi.com\/fr\/puzzle-adulte-1000-pieces-gustav-klimt-mada-primavesi\/p\/"]}]},{"@type":"BreadcrumbList","@id":"https:\/\/business.roovi.com\/fr\/puzzle-adulte-1000-pieces-gustav-klimt-mada-primavesi\/p\/#breadcrumb","itemListElement":[{"@type":"ListItem","position":1,"name":"Home","item":"https:\/\/business.roovi.com\/fr\/"},{"@type":"ListItem","position":2,"name":"Boutique","item":"https:\/\/business.roovi.com\/fr\/boutique\/"},{"@type":"ListItem","position":3,"name":"Puzzle adulte 1000 pi\u00e8ces Gustav Klimt &#8211; M\u00e4da Primavesi"}]},{"@type":"WebSite","@id":"https:\/\/business.roovi.com\/fr\/#website","url":"https:\/\/business.roovi.com\/fr\/","name":"Roovi B2B","description":"Roovi Business Website","potentialAction":[{"@type":"SearchAction","target":{"@type":"EntryPoint","urlTemplate":"https:\/\/business.roovi.com\/fr\/?s={search_term_string}"},"query-input":"required name=search_term_string"}],"inLanguage":"fr-FR"}]}},"_links":{"self":[{"href":"https:\/\/business.roovi.com\/fr\/wp-json\/wp\/v2\/product\/53195","targetHints":{"allow":["GET"]}}],"collection":[{"href":"https:\/\/business.roovi.com\/fr\/wp-json\/wp\/v2\/product"}],"about":[{"href":"https:\/\/business.roovi.com\/fr\/wp-json\/wp\/v2\/types\/product"}],"version-history":[{"count":0,"href":"https:\/\/business.roovi.com\/fr\/wp-json\/wp\/v2\/product\/53195\/revisions"}],"wp:featuredmedia":[{"embeddable":true,"href":"https:\/\/business.roovi.com\/fr\/wp-json\/wp\/v2\/media\/48159"}],"wp:attachment":[{"href":"https:\/\/business.roovi.com\/fr\/wp-json\/wp\/v2\/media?parent=53195"}],"wp:term":[{"taxonomy":"product_brand","embeddable":true,"href":"https:\/\/business.roovi.com\/fr\/wp-json\/wp\/v2\/product_brand?post=53195"},{"taxonomy":"product_cat","embeddable":true,"href":"https:\/\/business.roovi.com\/fr\/wp-json\/wp\/v2\/product_cat?post=53195"},{"taxonomy":"product_tag","embeddable":true,"href":"https:\/\/business.roovi.com\/fr\/wp-json\/wp\/v2\/product_tag?post=53195"}],"curies":[{"name":"wp","href":"https:\/\/api.w.org\/{rel}","templated":true}]}}