{"id":53199,"date":"2018-04-16T10:56:17","date_gmt":"2018-04-16T10:56:17","guid":{"rendered":"https:\/\/business.roovi.com\/puzzle-adulti-1000-piese-gustav-klimt-farm-garden-with-sunflowers-2\/p\/"},"modified":"2022-07-13T10:23:54","modified_gmt":"2022-07-13T10:23:54","slug":"gustav-klimt-puzzle-adulte-de-1000-pieces-jardin-de-la-ferme-avec-tournesols","status":"publish","type":"product","link":"https:\/\/business.roovi.com\/fr\/gustav-klimt-puzzle-adulte-de-1000-pieces-jardin-de-la-ferme-avec-tournesols\/p\/","title":{"rendered":"Gustav Klimt Puzzle adulte de 1000 pi\u00e8ces &#8211; Jardin de la ferme avec tournesols"},"content":{"rendered":"<p><span style=\"font-weight: 400;\">Tu te sens inspir\u00e9 ? Nous te mettons au d\u00e9fi de tester ton sens du d\u00e9tail et ta patience avec les puzzles de 1000 pi\u00e8ces les plus \u00e9tonnants de notre collection de puzzles d&rsquo;art.<\/span><\/p>\n<p><span style=\"font-weight: 400;\">Gustav Klimt &#8211; Jardin de ferme avec tournesols &#8211; Puzzle de 1000 pi\u00e8ces repr\u00e9sente une peinture color\u00e9e et fleurie du c\u00e9l\u00e8bre artiste autrichien.<\/span><\/p>\n<p><span style=\"font-weight: 400;\">Klimt a \u00e9tudi\u00e9 le style de Van Gogh, qui a peint des tournesols \u00e0 plusieurs reprises. Les fleurs de Klimt sont int\u00e9gr\u00e9es au premier plan et leurs couleurs exquises sont mises en valeur par le contraste avec la prairie verte.<\/span><\/p>\n<p><span style=\"font-weight: 400;\">Recr\u00e9er l&rsquo;image du puzzle de 1000 pi\u00e8ces avec des dizaines de petites fleurs et de d\u00e9tails color\u00e9s est un exercice qui sollicitera beaucoup ta concentration et ta capacit\u00e9 d&rsquo;attention. Mais c&rsquo;est une chance unique de mettre en pratique tes comp\u00e9tences en mati\u00e8re de puzzles et de cr\u00e9er une \u0153uvre d&rsquo;art fascinante.<\/span><\/p>\n<p><span style=\"font-weight: 400;\">Tu peux utiliser une table basse standard pour supporter les 1000 pi\u00e8ces du puzzle. L&rsquo;image reconstitu\u00e9e mesure 70 x 50 cm et sera superbe dans un cadre sur l&rsquo;un de tes murs.<\/span><\/p>\n<p><span style=\"font-weight: 400;\">Comprend un puzzle d&rsquo;art Gustav Klimt &#8211; Jardin avec tournesols :<\/span><\/p>\n<p><strong>Mat\u00e9riau du puzzle <\/strong><\/p>\n<p><strong>carton bleu de haute qualit\u00e9<\/strong><\/p>\n<p><strong>des mat\u00e9riaux durables et recyclables<\/strong><\/p>\n<p><strong>finition semi-brillante, couleurs vives<\/strong><\/p>\n<p><strong>Nombre de pi\u00e8ces de puzzle : 1000<\/strong><\/p>\n<p><strong>\u00c2ge recommand\u00e9 : 14+<\/strong><\/p>\n<p><strong>Pourquoi le puzzle 1000 pi\u00e8ces Gustav Klimt &#8211; Jardin avec tournesols est-il si sp\u00e9cial ?<\/strong><\/p>\n<p><span style=\"font-weight: 400;\">Tu as la possibilit\u00e9 de cr\u00e9er \u00e0 partir de 1000 pi\u00e8ces de puzzle un tableau d&rsquo;art et d&rsquo;admirer les plus petits d\u00e9tails de la peinture originale.<\/span><\/p>\n<p><span style=\"font-weight: 400;\">La peinture obtenue peut \u00eatre un objet d\u00e9coratif qui donnera \u00e0 ta maison un aspect raffin\u00e9.<\/span><\/p>\n<p><span style=\"font-weight: 400;\">Tu te sens comme un vrai d\u00e9tective, analysant les indices et cherchant les bonnes pi\u00e8ces pour r\u00e9v\u00e9ler le myst\u00e8re de l&rsquo;\u0153uvre d&rsquo;art.<\/span><\/p>\n<p><span style=\"font-weight: 400;\">C&rsquo;est l&rsquo;occasion de d\u00e9velopper ton sens esth\u00e9tique et d&rsquo;appr\u00e9cier l&rsquo;art.<\/span><\/p>\n<p><span style=\"font-weight: 400;\">Il pique ta curiosit\u00e9 pour les \u0153uvres d&rsquo;art et les peintres derri\u00e8re la cr\u00e9ation authentique.<\/span><\/p>\n<p><strong>Tu savais que&#8230; ?<\/strong><\/p>\n<p><span style=\"font-weight: 400;\">Gustav Klimt aimait peindre entour\u00e9 de belles femmes nues ?<\/span><\/p>\n<p><span style=\"font-weight: 400;\"> \u00ab\u00a0Tout art est \u00e9rotique\u00a0\u00bb &#8211; est une d\u00e9claration qui lui appartient.<\/span><\/p>\n<p><span style=\"font-weight: 400;\">Klimt aimait les femmes et on dit qu&rsquo;il a eu des relations intimes avec toutes les femmes dont il a peint le portrait. Il a eu 14 enfants ill\u00e9gitimes et n&rsquo;a jamais \u00e9t\u00e9 mari\u00e9 <\/span><\/p>\n<p><span style=\"font-weight: 400;\">Ses peintures <\/span><em><span style=\"font-weight: 400;\">Portrait d&rsquo;Adele Bloch-Bauer I <\/span><\/em><span style=\"font-weight: 400;\">a \u00e9t\u00e9 l&rsquo;\u0153uvre d&rsquo;art la plus ch\u00e8re jamais vendue aux ench\u00e8res : 135 millions de dollars est le montant pay\u00e9 pour cette \u0153uvre.<\/span><\/p>\n<p><span style=\"font-weight: 400;\">Beaucoup de ses \u0153uvres ont \u00e9t\u00e9 br\u00fbl\u00e9es par les nazis. En 1945, ils ont br\u00fbl\u00e9 le ch\u00e2teau Schloss Immendorf, qui abritait plusieurs de ses peintures.<\/span><\/p>\n<p><strong>Puzzles d&rsquo;art &#8211; un moment de d\u00e9tente et de m\u00e9ditation <\/strong><\/p>\n<p><span style=\"font-weight: 400;\">Une \u00e9nigme artistique te donne un aper\u00e7u du monde de l&rsquo;art. L&rsquo;esprit est lib\u00e9r\u00e9 des pens\u00e9es ou des soucis et tu vis une exp\u00e9rience agr\u00e9able de relaxation profonde.<\/span><\/p>\n<p><span style=\"font-weight: 400;\">De plus, l&rsquo;effet qu&rsquo;un jeu de puzzle a sur toi est similaire \u00e0 la m\u00e9ditation. Une fois que tu t&rsquo;es lib\u00e9r\u00e9e des pens\u00e9es qui te p\u00e8sent, tu te concentres sur une seule t\u00e2che, celle de reconstruire l&rsquo;image du puzzle artistique. Tu profites du pr\u00e9sent et \u00e0 la fin, lorsque le tableau est termin\u00e9, tu ressens un \u00e9tat \u00e9tonnant d&rsquo;optimisme et de bonheur. Tous ces effets b\u00e9n\u00e9fiques se refl\u00e9teront dans de nombreux aspects de ta vie :<\/span><\/p>\n<ul>\n<li><span style=\"font-weight: 400;\">Tu auras un sommeil plus r\u00e9parateur<\/span><\/li>\n<li><span style=\"font-weight: 400;\">Tu te reconnecteras \u00e0 toi-m\u00eame et seras en paix avec toi-m\u00eame.<\/span><\/li>\n<li><span style=\"font-weight: 400;\">Tu pourras te d\u00e9stresser.<\/span><\/li>\n<li><span style=\"font-weight: 400;\">Tu vas g\u00e9rer ton anxi\u00e9t\u00e9.<\/span><\/li>\n<\/ul>\n<p><span style=\"font-weight: 400;\">Tu n&rsquo;as que de bonnes raisons de choisir le puzzle d&rsquo;art de Gustav Klimt &#8211; Jardin avec tournesols. Ach\u00e8te maintenant ce puzzle de 1000 pi\u00e8ces et profite de tous les avantages de ta passion pour les puzzles <\/span><\/p>\n<p><span style=\"font-weight: 400;\">Le puzzle de 1000 pi\u00e8ces Gustav Klimt &#8211; Jardin de tournesols est le cadeau id\u00e9al lorsque tu es \u00e0 court d&rsquo;id\u00e9es de cadeaux ou lorsque tu veux surprendre agr\u00e9ablement un ami adulte amateur de puzzle.<\/span><\/p><\/p>\n","protected":false},"excerpt":{"rendered":"<p>Tu te sens inspir\u00e9 ? Nous te mettons au d\u00e9fi de tester ton sens du d\u00e9tail et ta patience avec<\/p>\n","protected":false},"featured_media":48245,"template":"","meta":[],"product_brand":[],"product_cat":[2314,2315,2316],"product_tag":[],"class_list":{"0":"post-53199","1":"product","2":"type-product","3":"status-publish","4":"has-post-thumbnail","6":"product_cat-puzzles-fr","7":"product_cat-puzzles-pour-adultes","8":"product_cat-puzzles-de-1000-pieces","9":"pa_bax-10-fr","10":"pa_brand-d_toys-fr","11":"pa_country_of_manufacture-ro-fr","12":"pa_filter_age-14-fr","13":"pa_painter-gustavklimt-fr","14":"pa_tip_ambalaj-boite","15":"pa_tip_puzzle-classique","17":"first","18":"instock","19":"taxable","20":"shipping-taxable","21":"product-type-simple"},"yoast_head":"<!-- This site is optimized with the Yoast SEO plugin v20.1 - https:\/\/yoast.com\/wordpress\/plugins\/seo\/ -->\n<title>Gustav Klimt Puzzle adulte de 1000 pi\u00e8ces - Jardin de la ferme avec tournesols<\/title>\n<meta name=\"description\" content=\"Gustav Klimt Puzzle adulte de 1000 pi\u00e8ces - Jardin de la ferme avec tournesols\" \/>\n<meta name=\"robots\" content=\"index, follow, max-snippet:-1, max-image-preview:large, max-video-preview:-1\" \/>\n<link rel=\"canonical\" href=\"https:\/\/business.roovi.com\/fr\/gustav-klimt-puzzle-adulte-de-1000-pieces-jardin-de-la-ferme-avec-tournesols\/p\/\" \/>\n<meta property=\"og:locale\" content=\"fr_FR\" \/>\n<meta property=\"og:type\" content=\"article\" \/>\n<meta property=\"og:title\" content=\"Gustav Klimt Puzzle adulte de 1000 pi\u00e8ces - Jardin de la ferme avec tournesols\" \/>\n<meta property=\"og:description\" content=\"Gustav Klimt Puzzle adulte de 1000 pi\u00e8ces - Jardin de la ferme avec tournesols\" \/>\n<meta property=\"og:url\" content=\"https:\/\/business.roovi.com\/fr\/gustav-klimt-puzzle-adulte-de-1000-pieces-jardin-de-la-ferme-avec-tournesols\/p\/\" \/>\n<meta property=\"og:site_name\" content=\"Roovi B2B\" \/>\n<meta property=\"article:publisher\" content=\"https:\/\/www.facebook.com\/wwwjucariero\" \/>\n<meta property=\"article:modified_time\" content=\"2022-07-13T10:23:54+00:00\" \/>\n<meta property=\"og:image\" content=\"https:\/\/business.roovi.com\/wp-content\/uploads\/2018\/04\/66923-8_ansamblu_dimensiuni_cutie_cm_1200x1200.png\" \/>\n\t<meta property=\"og:image:width\" content=\"1200\" \/>\n\t<meta property=\"og:image:height\" content=\"1200\" \/>\n\t<meta property=\"og:image:type\" content=\"image\/png\" \/>\n<meta name=\"twitter:label1\" content=\"Dur\u00e9e de lecture estim\u00e9e\" \/>\n\t<meta name=\"twitter:data1\" content=\"3 minutes\" \/>\n<script type=\"application\/ld+json\" class=\"yoast-schema-graph\">{\"@context\":\"https:\/\/schema.org\",\"@graph\":[{\"@type\":\"WebPage\",\"@id\":\"https:\/\/business.roovi.com\/fr\/gustav-klimt-puzzle-adulte-de-1000-pieces-jardin-de-la-ferme-avec-tournesols\/p\/\",\"url\":\"https:\/\/business.roovi.com\/fr\/gustav-klimt-puzzle-adulte-de-1000-pieces-jardin-de-la-ferme-avec-tournesols\/p\/\",\"name\":\"Gustav Klimt Puzzle adulte de 1000 pi\u00e8ces - Jardin de la ferme avec tournesols\",\"isPartOf\":{\"@id\":\"https:\/\/business.roovi.com\/fr\/#website\"},\"datePublished\":\"2018-04-16T10:56:17+00:00\",\"dateModified\":\"2022-07-13T10:23:54+00:00\",\"description\":\"Gustav Klimt Puzzle adulte de 1000 pi\u00e8ces - Jardin de la ferme avec tournesols\",\"breadcrumb\":{\"@id\":\"https:\/\/business.roovi.com\/fr\/gustav-klimt-puzzle-adulte-de-1000-pieces-jardin-de-la-ferme-avec-tournesols\/p\/#breadcrumb\"},\"inLanguage\":\"fr-FR\",\"potentialAction\":[{\"@type\":\"ReadAction\",\"target\":[\"https:\/\/business.roovi.com\/fr\/gustav-klimt-puzzle-adulte-de-1000-pieces-jardin-de-la-ferme-avec-tournesols\/p\/\"]}]},{\"@type\":\"BreadcrumbList\",\"@id\":\"https:\/\/business.roovi.com\/fr\/gustav-klimt-puzzle-adulte-de-1000-pieces-jardin-de-la-ferme-avec-tournesols\/p\/#breadcrumb\",\"itemListElement\":[{\"@type\":\"ListItem\",\"position\":1,\"name\":\"Home\",\"item\":\"https:\/\/business.roovi.com\/fr\/\"},{\"@type\":\"ListItem\",\"position\":2,\"name\":\"Boutique\",\"item\":\"https:\/\/business.roovi.com\/fr\/boutique\/\"},{\"@type\":\"ListItem\",\"position\":3,\"name\":\"Gustav Klimt Puzzle adulte de 1000 pi\u00e8ces &#8211; Jardin de la ferme avec tournesols\"}]},{\"@type\":\"WebSite\",\"@id\":\"https:\/\/business.roovi.com\/fr\/#website\",\"url\":\"https:\/\/business.roovi.com\/fr\/\",\"name\":\"Roovi B2B\",\"description\":\"Roovi Business Website\",\"potentialAction\":[{\"@type\":\"SearchAction\",\"target\":{\"@type\":\"EntryPoint\",\"urlTemplate\":\"https:\/\/business.roovi.com\/fr\/?s={search_term_string}\"},\"query-input\":\"required name=search_term_string\"}],\"inLanguage\":\"fr-FR\"}]}<\/script>\n<!-- \/ Yoast SEO plugin. -->","yoast_head_json":{"title":"Gustav Klimt Puzzle adulte de 1000 pi\u00e8ces - Jardin de la ferme avec tournesols","description":"Gustav Klimt Puzzle adulte de 1000 pi\u00e8ces - Jardin de la ferme avec tournesols","robots":{"index":"index","follow":"follow","max-snippet":"max-snippet:-1","max-image-preview":"max-image-preview:large","max-video-preview":"max-video-preview:-1"},"canonical":"https:\/\/business.roovi.com\/fr\/gustav-klimt-puzzle-adulte-de-1000-pieces-jardin-de-la-ferme-avec-tournesols\/p\/","og_locale":"fr_FR","og_type":"article","og_title":"Gustav Klimt Puzzle adulte de 1000 pi\u00e8ces - Jardin de la ferme avec tournesols","og_description":"Gustav Klimt Puzzle adulte de 1000 pi\u00e8ces - Jardin de la ferme avec tournesols","og_url":"https:\/\/business.roovi.com\/fr\/gustav-klimt-puzzle-adulte-de-1000-pieces-jardin-de-la-ferme-avec-tournesols\/p\/","og_site_name":"Roovi B2B","article_publisher":"https:\/\/www.facebook.com\/wwwjucariero","article_modified_time":"2022-07-13T10:23:54+00:00","og_image":[{"width":1200,"height":1200,"url":"https:\/\/business.roovi.com\/wp-content\/uploads\/2018\/04\/66923-8_ansamblu_dimensiuni_cutie_cm_1200x1200.png","type":"image\/png"}],"twitter_misc":{"Dur\u00e9e de lecture estim\u00e9e":"3 minutes"},"schema":{"@context":"https:\/\/schema.org","@graph":[{"@type":"WebPage","@id":"https:\/\/business.roovi.com\/fr\/gustav-klimt-puzzle-adulte-de-1000-pieces-jardin-de-la-ferme-avec-tournesols\/p\/","url":"https:\/\/business.roovi.com\/fr\/gustav-klimt-puzzle-adulte-de-1000-pieces-jardin-de-la-ferme-avec-tournesols\/p\/","name":"Gustav Klimt Puzzle adulte de 1000 pi\u00e8ces - Jardin de la ferme avec tournesols","isPartOf":{"@id":"https:\/\/business.roovi.com\/fr\/#website"},"datePublished":"2018-04-16T10:56:17+00:00","dateModified":"2022-07-13T10:23:54+00:00","description":"Gustav Klimt Puzzle adulte de 1000 pi\u00e8ces - Jardin de la ferme avec tournesols","breadcrumb":{"@id":"https:\/\/business.roovi.com\/fr\/gustav-klimt-puzzle-adulte-de-1000-pieces-jardin-de-la-ferme-avec-tournesols\/p\/#breadcrumb"},"inLanguage":"fr-FR","potentialAction":[{"@type":"ReadAction","target":["https:\/\/business.roovi.com\/fr\/gustav-klimt-puzzle-adulte-de-1000-pieces-jardin-de-la-ferme-avec-tournesols\/p\/"]}]},{"@type":"BreadcrumbList","@id":"https:\/\/business.roovi.com\/fr\/gustav-klimt-puzzle-adulte-de-1000-pieces-jardin-de-la-ferme-avec-tournesols\/p\/#breadcrumb","itemListElement":[{"@type":"ListItem","position":1,"name":"Home","item":"https:\/\/business.roovi.com\/fr\/"},{"@type":"ListItem","position":2,"name":"Boutique","item":"https:\/\/business.roovi.com\/fr\/boutique\/"},{"@type":"ListItem","position":3,"name":"Gustav Klimt Puzzle adulte de 1000 pi\u00e8ces &#8211; Jardin de la ferme avec tournesols"}]},{"@type":"WebSite","@id":"https:\/\/business.roovi.com\/fr\/#website","url":"https:\/\/business.roovi.com\/fr\/","name":"Roovi B2B","description":"Roovi Business Website","potentialAction":[{"@type":"SearchAction","target":{"@type":"EntryPoint","urlTemplate":"https:\/\/business.roovi.com\/fr\/?s={search_term_string}"},"query-input":"required name=search_term_string"}],"inLanguage":"fr-FR"}]}},"_links":{"self":[{"href":"https:\/\/business.roovi.com\/fr\/wp-json\/wp\/v2\/product\/53199","targetHints":{"allow":["GET"]}}],"collection":[{"href":"https:\/\/business.roovi.com\/fr\/wp-json\/wp\/v2\/product"}],"about":[{"href":"https:\/\/business.roovi.com\/fr\/wp-json\/wp\/v2\/types\/product"}],"version-history":[{"count":0,"href":"https:\/\/business.roovi.com\/fr\/wp-json\/wp\/v2\/product\/53199\/revisions"}],"wp:featuredmedia":[{"embeddable":true,"href":"https:\/\/business.roovi.com\/fr\/wp-json\/wp\/v2\/media\/48245"}],"wp:attachment":[{"href":"https:\/\/business.roovi.com\/fr\/wp-json\/wp\/v2\/media?parent=53199"}],"wp:term":[{"taxonomy":"product_brand","embeddable":true,"href":"https:\/\/business.roovi.com\/fr\/wp-json\/wp\/v2\/product_brand?post=53199"},{"taxonomy":"product_cat","embeddable":true,"href":"https:\/\/business.roovi.com\/fr\/wp-json\/wp\/v2\/product_cat?post=53199"},{"taxonomy":"product_tag","embeddable":true,"href":"https:\/\/business.roovi.com\/fr\/wp-json\/wp\/v2\/product_tag?post=53199"}],"curies":[{"name":"wp","href":"https:\/\/api.w.org\/{rel}","templated":true}]}}