{"id":53200,"date":"2018-04-16T10:56:17","date_gmt":"2018-04-16T10:56:17","guid":{"rendered":"https:\/\/business.roovi.com\/puzzle-adulti-1000-piese-gustav-klimt-farm-garden\/p\/"},"modified":"2022-07-13T10:23:55","modified_gmt":"2022-07-13T10:23:55","slug":"puzzle-gustav-klimt-puzzle-adulte-de-1000-pieces-ferme-jardin","status":"publish","type":"product","link":"https:\/\/business.roovi.com\/fr\/puzzle-gustav-klimt-puzzle-adulte-de-1000-pieces-ferme-jardin\/p\/","title":{"rendered":"Puzzle Gustav Klimt &#8211; Puzzle adulte de 1000 pi\u00e8ces &#8211; Ferme Jardin"},"content":{"rendered":"<p><span style=\"font-weight: 400;\">Bienvenue dans la plus grande galerie d&rsquo;art de puzzles de 1000 pi\u00e8ces ! Ici, tu es libre de choisir des puzzles pour adultes avec des images des grands tableaux du monde. S\u00e9lectionne tes puzzles pr\u00e9f\u00e9r\u00e9s, reconstruis les images artistiques et sois le propri\u00e9taire de quelques chefs-d&rsquo;\u0153uvre !<\/span><\/p>\n<p><span style=\"font-weight: 400;\">Le puzzle Gustav Klimt &#8211; Jardin de la ferme de 1000 pi\u00e8ces respire la joie, c&rsquo;est pourquoi nous te le recommandons vivement, toi, l&rsquo;amateur de puzzle pour adultes ! Un soup\u00e7on de gaiet\u00e9, ajout\u00e9 \u00e0 pr\u00e8s de 30 heures de plaisir en compagnie de ce merveilleux puzzle artistique, est la recette parfaite pour s&rsquo;amuser en toute d\u00e9tente dans les moments de monotonie <\/span><\/p>\n<p><span style=\"font-weight: 400;\">Le puzzle d&rsquo;art Gustav Klimt &#8211; Jardin de la ferme est fabriqu\u00e9 avec des mat\u00e9riaux de premi\u00e8re qualit\u00e9 qui lui conf\u00e8rent une r\u00e9sistance suppl\u00e9mentaire. Tu peux recr\u00e9er l&rsquo;image du c\u00e9l\u00e8bre tableau autant de fois que tu le souhaites, la qualit\u00e9 du tableau sera parfaite \u00e0 chaque fois. Pour le montage, tu peux utiliser une table basse ordinaire pour le support, la taille du tableau r\u00e9sultant est de 50 x 70 cm.<\/span><\/p>\n<p><span style=\"font-weight: 400;\">Lis plus sur le puzzle de 1000 pi\u00e8ces Gustav Klimt &#8211; Jardin de la ferme ci-dessous :<\/span><\/p>\n<p><strong>Mat\u00e9riau du puzzle <\/strong><\/p>\n<p><strong>carton bleu de haute qualit\u00e9<\/strong><\/p>\n<p><strong>des mat\u00e9riaux durables et recyclables<\/strong><\/p>\n<p><strong>finition semi-brillante, couleurs vives<\/strong><\/p>\n<p><strong>Nombre de pi\u00e8ces de puzzle : 1000<\/strong><\/p>\n<p><strong>\u00c2ge recommand\u00e9 : 14+<\/strong><\/p>\n<p><strong>Puzzles 1000 pi\u00e8ces : un passe-temps sain<\/strong><\/p>\n<p><span style=\"font-weight: 400;\">Au-del\u00e0 de la dimension ludique et relaxante des jeux de r\u00e9flexion, ils sont \u00e9galement bons pour ta sant\u00e9. Voici pourquoi :<\/span><\/p>\n<p><strong>Soulager le stress<\/strong><span style=\"font-weight: 400;\"> et gr\u00e2ce \u00e0 cela, il aide \u00e0 normaliser la pression art\u00e9rielle et \u00e0 maintenir un fonctionnement optimal du syst\u00e8me cardiaque.<\/span><\/p>\n<p><strong>R\u00e9duire l&rsquo;anxi\u00e9t\u00e9 <\/strong><span style=\"font-weight: 400;\">&#8211; pour ceux qui connaissent ces \u00e9tats n\u00e9gatifs, les jeux de puzzle sont d&rsquo;une grande aide pour les surmonter.<\/span><\/p>\n<p><strong>Soulage l&rsquo;insomnie &#8211; <\/strong><span style=\"font-weight: 400;\">Si le stress et les soucis t&#8217;emp\u00eachent de dormir, compl\u00e8te le puzzle de 1000 pi\u00e8ces chaque jour avant de te coucher et ton esprit se reposera et ton sommeil sera paisible.<\/span><\/p>\n<p><strong>Am\u00e9liore ton humeur <\/strong><span style=\"font-weight: 400;\">&#8211; pendant les jeux de r\u00e9flexion, ton cerveau s\u00e9cr\u00e8te plus de dopamine, un neurotransmetteur responsable du sentiment de bien-\u00eatre, d&rsquo;optimisme et de bonheur. C&rsquo;est pourquoi faire des puzzles est une activit\u00e9 si agr\u00e9able.<\/span><\/p>\n<p><strong>6 curiosit\u00e9s sur Gustav Klimt que tu devrais conna\u00eetre<\/strong><\/p>\n<p><span style=\"font-weight: 400;\">1. L&rsquo;artiste n&rsquo;a jamais \u00e9t\u00e9 mari\u00e9, mais a eu 14 enfants ill\u00e9gitimes.<\/span><\/p>\n<p><span style=\"font-weight: 400;\">2. Sa muse pr\u00e9f\u00e9r\u00e9e \u00e9tait Emilie Louise Fl\u00f6ge, avec qui beaucoup disent qu&rsquo;il a eu une relation durable mais chaste.<\/span><\/p>\n<p><span style=\"font-weight: 400;\">3. Il a \u00e9galement connu une phase dor\u00e9e de sa carri\u00e8re artistique, pendant laquelle ses \u0153uvres les plus connues ont \u00e9t\u00e9 produites <\/span><em><span style=\"font-weight: 400;\">Portrait <\/span><\/em><em><span style=\"font-weight: 400;\">Adele Bloch-Bauer I<\/span><\/em> <span style=\"font-weight: 400;\"><\/span><em><span style=\"font-weight: 400;\">Le baiser.<\/span><\/em><\/p>\n<p><span style=\"font-weight: 400;\">4. Elle n&rsquo;a jamais peint son autoportrait.<\/span><\/p>\n<p><span style=\"font-weight: 400;\">5. Il a \u00e9t\u00e9 s\u00e9lectionn\u00e9 pour peindre le plafond de la grande salle de l&rsquo;Universit\u00e9 de Vienne, mais a \u00e9t\u00e9 accus\u00e9 de pornographie, car l&rsquo;\u0153uvre n&rsquo;a pas \u00e9t\u00e9 bien accueillie par les critiques.<\/span><\/p>\n<p><span style=\"font-weight: 400;\">6. Beaucoup de ses \u0153uvres ont \u00e9t\u00e9 br\u00fbl\u00e9es par les nazis.<\/span><\/p>\n<p><strong>Les puzzles d&rsquo;art t&#8217;emm\u00e8nent dans un monde fascinant<\/strong><\/p>\n<p><span style=\"font-weight: 400;\">Si tu es une adepte des puzzles pour adultes, les puzzles d&rsquo;art t&rsquo;enchanteront \u00e0 coup s\u00fbr. Et si tu ne l&rsquo;es pas, alors les puzzles d&rsquo;art t&rsquo;y feront ! Au-del\u00e0 du c\u00f4t\u00e9 ludique ou relaxant, les puzzles artistiques \u00e9veilleront ta curiosit\u00e9 pour un domaine fascinant : la peinture. Chaque tableau c\u00e9l\u00e8bre a une histoire qui se r\u00e9v\u00e8le \u00e0 toi quand tu le regardes ou est une \u00e9nigme que tu veux r\u00e9soudre. Alors laisse-toi emporter dans le monde fascinant des puzzles d&rsquo;art et vis une exp\u00e9rience unique en assemblant les chefs-d&rsquo;\u0153uvre du monde.<\/span><\/p>\n<p><span style=\"font-weight: 400;\">Ach\u00e8te maintenant le puzzle de 1000 pi\u00e8ces Gustav Klimt &#8211; Jardin de la ferme, recr\u00e9e l&rsquo;image dans ce merveilleux puzzle d&rsquo;art et laisse-toi emporter par la joie d&rsquo;une \u0153uvre c\u00e9l\u00e8bre ! Entra\u00eene tes enfants, tes grands-parents ou tes amis dans cette activit\u00e9 relaxante et passe des moments inoubliables \u00e0 assembler le puzzle artistique Gustav Klimt &#8211; Jardin de la ferme.<\/span><\/p>\n<p><span style=\"font-weight: 400;\">Si tu veux offrir un cadeau sp\u00e9cial \u00e0 un \u00eatre cher, le puzzle de 1000 pi\u00e8ces Gustav Klimt &#8211; Jardin de la ferme de la collection de puzzles d&rsquo;art est le choix parfait.<\/span><\/p><\/p>\n","protected":false},"excerpt":{"rendered":"<p>Bienvenue dans la plus grande galerie d&rsquo;art de puzzles de 1000 pi\u00e8ces ! Ici, tu es libre de choisir des<\/p>\n","protected":false},"featured_media":48294,"template":"","meta":[],"product_brand":[],"product_cat":[2314,2316,2315],"product_tag":[],"class_list":{"0":"post-53200","1":"product","2":"type-product","3":"status-publish","4":"has-post-thumbnail","6":"product_cat-puzzles-fr","7":"product_cat-puzzles-de-1000-pieces","8":"product_cat-puzzles-pour-adultes","9":"pa_bax-10-fr","10":"pa_brand-d_toys-fr","11":"pa_country_of_manufacture-ro-fr","12":"pa_filter_age-14-fr","13":"pa_painter-gustavklimt-fr","14":"pa_tip_ambalaj-boite","15":"pa_tip_puzzle-classique","17":"first","18":"instock","19":"taxable","20":"shipping-taxable","21":"product-type-simple"},"yoast_head":"<!-- This site is optimized with the Yoast SEO plugin v20.1 - https:\/\/yoast.com\/wordpress\/plugins\/seo\/ -->\n<title>Puzzle Gustav Klimt - Puzzle adulte de 1000 pi\u00e8ces - Ferme Jardin<\/title>\n<meta name=\"description\" content=\"Puzzle Gustav Klimt - Puzzle adulte de 1000 pi\u00e8ces - Ferme Jardin\" \/>\n<meta name=\"robots\" content=\"index, follow, max-snippet:-1, max-image-preview:large, max-video-preview:-1\" \/>\n<link rel=\"canonical\" href=\"https:\/\/business.roovi.com\/fr\/puzzle-gustav-klimt-puzzle-adulte-de-1000-pieces-ferme-jardin\/p\/\" \/>\n<meta property=\"og:locale\" content=\"fr_FR\" \/>\n<meta property=\"og:type\" content=\"article\" \/>\n<meta property=\"og:title\" content=\"Puzzle Gustav Klimt - Puzzle adulte de 1000 pi\u00e8ces - Ferme Jardin\" \/>\n<meta property=\"og:description\" content=\"Puzzle Gustav Klimt - Puzzle adulte de 1000 pi\u00e8ces - Ferme Jardin\" \/>\n<meta property=\"og:url\" content=\"https:\/\/business.roovi.com\/fr\/puzzle-gustav-klimt-puzzle-adulte-de-1000-pieces-ferme-jardin\/p\/\" \/>\n<meta property=\"og:site_name\" content=\"Roovi B2B\" \/>\n<meta property=\"article:publisher\" content=\"https:\/\/www.facebook.com\/wwwjucariero\" \/>\n<meta property=\"article:modified_time\" content=\"2022-07-13T10:23:55+00:00\" \/>\n<meta property=\"og:image\" content=\"https:\/\/business.roovi.com\/wp-content\/uploads\/2018\/04\/66923-09_ansamblu_dimensiuni_cutie_cm_1200x1200.png\" \/>\n\t<meta property=\"og:image:width\" content=\"1200\" \/>\n\t<meta property=\"og:image:height\" content=\"1200\" \/>\n\t<meta property=\"og:image:type\" content=\"image\/png\" \/>\n<meta name=\"twitter:label1\" content=\"Dur\u00e9e de lecture estim\u00e9e\" \/>\n\t<meta name=\"twitter:data1\" content=\"4 minutes\" \/>\n<script type=\"application\/ld+json\" class=\"yoast-schema-graph\">{\"@context\":\"https:\/\/schema.org\",\"@graph\":[{\"@type\":\"WebPage\",\"@id\":\"https:\/\/business.roovi.com\/fr\/puzzle-gustav-klimt-puzzle-adulte-de-1000-pieces-ferme-jardin\/p\/\",\"url\":\"https:\/\/business.roovi.com\/fr\/puzzle-gustav-klimt-puzzle-adulte-de-1000-pieces-ferme-jardin\/p\/\",\"name\":\"Puzzle Gustav Klimt - Puzzle adulte de 1000 pi\u00e8ces - Ferme Jardin\",\"isPartOf\":{\"@id\":\"https:\/\/business.roovi.com\/fr\/#website\"},\"datePublished\":\"2018-04-16T10:56:17+00:00\",\"dateModified\":\"2022-07-13T10:23:55+00:00\",\"description\":\"Puzzle Gustav Klimt - Puzzle adulte de 1000 pi\u00e8ces - Ferme Jardin\",\"breadcrumb\":{\"@id\":\"https:\/\/business.roovi.com\/fr\/puzzle-gustav-klimt-puzzle-adulte-de-1000-pieces-ferme-jardin\/p\/#breadcrumb\"},\"inLanguage\":\"fr-FR\",\"potentialAction\":[{\"@type\":\"ReadAction\",\"target\":[\"https:\/\/business.roovi.com\/fr\/puzzle-gustav-klimt-puzzle-adulte-de-1000-pieces-ferme-jardin\/p\/\"]}]},{\"@type\":\"BreadcrumbList\",\"@id\":\"https:\/\/business.roovi.com\/fr\/puzzle-gustav-klimt-puzzle-adulte-de-1000-pieces-ferme-jardin\/p\/#breadcrumb\",\"itemListElement\":[{\"@type\":\"ListItem\",\"position\":1,\"name\":\"Home\",\"item\":\"https:\/\/business.roovi.com\/fr\/\"},{\"@type\":\"ListItem\",\"position\":2,\"name\":\"Boutique\",\"item\":\"https:\/\/business.roovi.com\/fr\/boutique\/\"},{\"@type\":\"ListItem\",\"position\":3,\"name\":\"Puzzle Gustav Klimt &#8211; Puzzle adulte de 1000 pi\u00e8ces &#8211; Ferme Jardin\"}]},{\"@type\":\"WebSite\",\"@id\":\"https:\/\/business.roovi.com\/fr\/#website\",\"url\":\"https:\/\/business.roovi.com\/fr\/\",\"name\":\"Roovi B2B\",\"description\":\"Roovi Business Website\",\"potentialAction\":[{\"@type\":\"SearchAction\",\"target\":{\"@type\":\"EntryPoint\",\"urlTemplate\":\"https:\/\/business.roovi.com\/fr\/?s={search_term_string}\"},\"query-input\":\"required name=search_term_string\"}],\"inLanguage\":\"fr-FR\"}]}<\/script>\n<!-- \/ Yoast SEO plugin. -->","yoast_head_json":{"title":"Puzzle Gustav Klimt - Puzzle adulte de 1000 pi\u00e8ces - Ferme Jardin","description":"Puzzle Gustav Klimt - Puzzle adulte de 1000 pi\u00e8ces - Ferme Jardin","robots":{"index":"index","follow":"follow","max-snippet":"max-snippet:-1","max-image-preview":"max-image-preview:large","max-video-preview":"max-video-preview:-1"},"canonical":"https:\/\/business.roovi.com\/fr\/puzzle-gustav-klimt-puzzle-adulte-de-1000-pieces-ferme-jardin\/p\/","og_locale":"fr_FR","og_type":"article","og_title":"Puzzle Gustav Klimt - Puzzle adulte de 1000 pi\u00e8ces - Ferme Jardin","og_description":"Puzzle Gustav Klimt - Puzzle adulte de 1000 pi\u00e8ces - Ferme Jardin","og_url":"https:\/\/business.roovi.com\/fr\/puzzle-gustav-klimt-puzzle-adulte-de-1000-pieces-ferme-jardin\/p\/","og_site_name":"Roovi B2B","article_publisher":"https:\/\/www.facebook.com\/wwwjucariero","article_modified_time":"2022-07-13T10:23:55+00:00","og_image":[{"width":1200,"height":1200,"url":"https:\/\/business.roovi.com\/wp-content\/uploads\/2018\/04\/66923-09_ansamblu_dimensiuni_cutie_cm_1200x1200.png","type":"image\/png"}],"twitter_misc":{"Dur\u00e9e de lecture estim\u00e9e":"4 minutes"},"schema":{"@context":"https:\/\/schema.org","@graph":[{"@type":"WebPage","@id":"https:\/\/business.roovi.com\/fr\/puzzle-gustav-klimt-puzzle-adulte-de-1000-pieces-ferme-jardin\/p\/","url":"https:\/\/business.roovi.com\/fr\/puzzle-gustav-klimt-puzzle-adulte-de-1000-pieces-ferme-jardin\/p\/","name":"Puzzle Gustav Klimt - Puzzle adulte de 1000 pi\u00e8ces - Ferme Jardin","isPartOf":{"@id":"https:\/\/business.roovi.com\/fr\/#website"},"datePublished":"2018-04-16T10:56:17+00:00","dateModified":"2022-07-13T10:23:55+00:00","description":"Puzzle Gustav Klimt - Puzzle adulte de 1000 pi\u00e8ces - Ferme Jardin","breadcrumb":{"@id":"https:\/\/business.roovi.com\/fr\/puzzle-gustav-klimt-puzzle-adulte-de-1000-pieces-ferme-jardin\/p\/#breadcrumb"},"inLanguage":"fr-FR","potentialAction":[{"@type":"ReadAction","target":["https:\/\/business.roovi.com\/fr\/puzzle-gustav-klimt-puzzle-adulte-de-1000-pieces-ferme-jardin\/p\/"]}]},{"@type":"BreadcrumbList","@id":"https:\/\/business.roovi.com\/fr\/puzzle-gustav-klimt-puzzle-adulte-de-1000-pieces-ferme-jardin\/p\/#breadcrumb","itemListElement":[{"@type":"ListItem","position":1,"name":"Home","item":"https:\/\/business.roovi.com\/fr\/"},{"@type":"ListItem","position":2,"name":"Boutique","item":"https:\/\/business.roovi.com\/fr\/boutique\/"},{"@type":"ListItem","position":3,"name":"Puzzle Gustav Klimt &#8211; Puzzle adulte de 1000 pi\u00e8ces &#8211; Ferme Jardin"}]},{"@type":"WebSite","@id":"https:\/\/business.roovi.com\/fr\/#website","url":"https:\/\/business.roovi.com\/fr\/","name":"Roovi B2B","description":"Roovi Business Website","potentialAction":[{"@type":"SearchAction","target":{"@type":"EntryPoint","urlTemplate":"https:\/\/business.roovi.com\/fr\/?s={search_term_string}"},"query-input":"required name=search_term_string"}],"inLanguage":"fr-FR"}]}},"_links":{"self":[{"href":"https:\/\/business.roovi.com\/fr\/wp-json\/wp\/v2\/product\/53200","targetHints":{"allow":["GET"]}}],"collection":[{"href":"https:\/\/business.roovi.com\/fr\/wp-json\/wp\/v2\/product"}],"about":[{"href":"https:\/\/business.roovi.com\/fr\/wp-json\/wp\/v2\/types\/product"}],"version-history":[{"count":0,"href":"https:\/\/business.roovi.com\/fr\/wp-json\/wp\/v2\/product\/53200\/revisions"}],"wp:featuredmedia":[{"embeddable":true,"href":"https:\/\/business.roovi.com\/fr\/wp-json\/wp\/v2\/media\/48294"}],"wp:attachment":[{"href":"https:\/\/business.roovi.com\/fr\/wp-json\/wp\/v2\/media?parent=53200"}],"wp:term":[{"taxonomy":"product_brand","embeddable":true,"href":"https:\/\/business.roovi.com\/fr\/wp-json\/wp\/v2\/product_brand?post=53200"},{"taxonomy":"product_cat","embeddable":true,"href":"https:\/\/business.roovi.com\/fr\/wp-json\/wp\/v2\/product_cat?post=53200"},{"taxonomy":"product_tag","embeddable":true,"href":"https:\/\/business.roovi.com\/fr\/wp-json\/wp\/v2\/product_tag?post=53200"}],"curies":[{"name":"wp","href":"https:\/\/api.w.org\/{rel}","templated":true}]}}