{"id":53201,"date":"2018-04-16T10:56:17","date_gmt":"2018-04-16T10:56:17","guid":{"rendered":"https:\/\/business.roovi.com\/puzzle-adulti-1000-piese-edvard-munch-ashes-cenusa\/p\/"},"modified":"2022-07-13T10:23:55","modified_gmt":"2022-07-13T10:23:55","slug":"puzzle-adulte-edvard-munch-de-1000-pieces-cendres","status":"publish","type":"product","link":"https:\/\/business.roovi.com\/fr\/puzzle-adulte-edvard-munch-de-1000-pieces-cendres\/p\/","title":{"rendered":"Puzzle adulte Edvard Munch de 1000 pi\u00e8ces &#8211; Cendres"},"content":{"rendered":"<p><span style=\"font-weight: 400;\">Tu cherches une activit\u00e9 anti-stress ? Assemble des puzzles de 1000 pi\u00e8ces de notre collection de puzzles d&rsquo;art et profite de nombreuses heures de plaisir relaxant ! Collectionne les tableaux obtenus et cr\u00e9e ta propre galerie d&rsquo;art de puzzles pour adultes.<\/span><\/p>\n<p><span style=\"font-weight: 400;\">Le puzzle 1000 pi\u00e8ces d&rsquo;Edvard Munch &#8211; Ashes\/Cinch te donne la libert\u00e9 d&rsquo;interpr\u00e9ter l&rsquo;image comme tu le sens. Serait-ce la fin d&rsquo;une histoire d&rsquo;amour, l&rsquo;inad\u00e9quation de l&rsquo;homme \u00e0 l&rsquo;acte sexuel, ou peut-\u00eatre le plongeon biblique de l&rsquo;homme dans la honte ?  <\/span><\/p>\n<p><span style=\"font-weight: 400;\">Peut-\u00eatre qu&rsquo;en retravaillant l&rsquo;image du puzzle de 1000 pi\u00e8ces, tu d\u00e9couvriras un symbolisme diff\u00e9rent. Nous pouvons te dire avec certitude que l&rsquo;\u0153uvre d&rsquo;art ravira tes sens et embellira ta maison.<\/span><\/p>\n<p><span style=\"font-weight: 400;\">Installe-toi confortablement devant ta table basse dans le salon et commence \u00e0 travailler sur ta premi\u00e8re peinture du tableau d&rsquo;Edvard Munch. L&rsquo;image reconstruite mesure 50 x 70 cm. Lis plus sur le puzzle artistique Edvard Munch &#8211; Cendres ci-dessous :<\/span><\/p>\n<p><strong>Mat\u00e9riau du puzzle <\/strong><\/p>\n<p><strong>carton bleu de haute qualit\u00e9<\/strong><\/p>\n<p><strong>des mat\u00e9riaux durables et recyclables<\/strong><\/p>\n<p><strong>finition semi-brillante, couleurs vives<\/strong><\/p>\n<p><strong>Nombre de pi\u00e8ces de puzzle : 1000<\/strong><\/p>\n<p><strong>\u00c2ge recommand\u00e9 : 14+<\/strong><\/p>\n<p><strong>Quels avantages incroyables les jeux de r\u00e9flexion t&rsquo;offrent-ils ?<\/strong><\/p>\n<p><span style=\"font-weight: 400;\">Assemble des puzzles de 1000 pi\u00e8ces pendant les mornes apr\u00e8s-midi d&rsquo;hiver ou les jours de week-end lorsque le temps pluvieux te retient \u00e0 l&rsquo;int\u00e9rieur. Tu profiteras de nombreux avantages auxquels tu ne t&rsquo;attendais pas. En voici quelques-unes :<\/span><\/p>\n<p><span style=\"font-weight: 400;\">Ils t&rsquo;apportent de l&rsquo;optimisme et de la bonne humeur.<\/span><\/p>\n<p><span style=\"font-weight: 400;\">Il te connecte avec tes proches lorsque tu recr\u00e9es l&rsquo;image du puzzle de 1000 pi\u00e8ces avec eux.<\/span><\/p>\n<p><span style=\"font-weight: 400;\">Aide \u00e0 \u00eatre plus attentif aux d\u00e9tails et \u00e0 mieux se concentrer.<\/span><\/p>\n<p><span style=\"font-weight: 400;\">Ils am\u00e9liorent ta m\u00e9moire \u00e0 court terme.<\/span><\/p>\n<p><span style=\"font-weight: 400;\">Ils t&rsquo;apprennent \u00e0 ne pas abandonner, m\u00eame lorsque cela semble impossible.<\/span><\/p>\n<p><strong>5 curiosit\u00e9s sur Edvard Munch<\/strong><\/p>\n<p><span style=\"font-weight: 400;\">On peut le consid\u00e9rer comme un pionnier du selfie. Passionn\u00e9 de photographie, il a souvent pris des photos de lui \u00e0 la fois habill\u00e9 et&#8230; nu.<\/span><\/p>\n<p><span style=\"font-weight: 400;\">Il s&rsquo;est tir\u00e9 une balle dans la main et s&rsquo;est fait amputer un doigt apr\u00e8s une dispute avec sa petite amie. Il a refus\u00e9 l&rsquo;anesth\u00e9sie pendant l&rsquo;op\u00e9ration pour pouvoir peindre la sc\u00e8ne plus tard.<\/span><\/p>\n<p><span style=\"font-weight: 400;\">Il voulait donner sa c\u00e9l\u00e8bre peinture <\/span><em><span style=\"font-weight: 400;\">L&rsquo;enfant malade <\/span><\/em><span style=\"font-weight: 400;\">en \u00e9change de 100 steaks.<\/span><\/p>\n<p><span style=\"font-weight: 400;\">Il a souffert de d\u00e9pression et s&rsquo;est soign\u00e9 dans une clinique de Copenhague. Apr\u00e8s cet \u00e9pisode, sa fa\u00e7on de peindre a radicalement chang\u00e9 et il s&rsquo;est tourn\u00e9 vers des sujets plus optimistes dans son travail.<\/span><\/p>\n<p><span style=\"font-weight: 400;\">En 1933, les nazis l&rsquo;ont consid\u00e9r\u00e9 comme un artiste d\u00e9g\u00e9n\u00e9r\u00e9 et ont retir\u00e9 ses \u0153uvres des mus\u00e9es de toute l&rsquo;Allemagne.<\/span><\/p>\n<p><strong>Les puzzles artistiques et les comp\u00e9tences qu&rsquo;ils d\u00e9veloppent<\/strong><\/p>\n<p><span style=\"font-weight: 400;\">Les puzzles artistiques t&rsquo;aident \u00e0 te d\u00e9tendre et offrent d&rsquo;innombrables possibilit\u00e9s de d\u00e9veloppement. Si tu ne connaissais pas grand-chose aux \u0153uvres d&rsquo;art, tu vas certainement aiguiser ton app\u00e9tit pour les peintures c\u00e9l\u00e8bres une fois que tu auras termin\u00e9 la reconstitution du puzzle de 1000 pi\u00e8ces <\/span><em><span style=\"font-weight: 400;\">Cendres<\/span><\/em><span style=\"font-weight: 400;\">. D\u00e9couvrir le symbolisme artistique est merveilleux, et lorsque le tableau te donne la libert\u00e9 d&rsquo;imaginer l&rsquo;histoire qui se cache derri\u00e8re, c&rsquo;est vraiment fascinant.<\/span><\/p>\n<p><span style=\"font-weight: 400;\">De plus, une fois que tu as termin\u00e9 une peinture de puzzle artistique, tu peux encadrer l&rsquo;image et l&rsquo;exposer sur l&rsquo;un des murs de ta maison. Tu garderas \u00e0 jamais un t\u00e9moignage de ton travail minutieux et de ta passion pour la couleur.<\/span><\/p>\n<p><span style=\"font-weight: 400;\">Ach\u00e8te maintenant le puzzle de 1000 pi\u00e8ces Edvard Munch &#8211; Ashes\/Cinch et fais l&rsquo;exp\u00e9rience d&rsquo;une activit\u00e9 relaxante et cr\u00e9ative. Assemble l&rsquo;image de ce puzzle artistique avec ton groupe d&rsquo;amis et passe du bon temps ensemble. Le puzzle de 1000 pi\u00e8ces Edvard Munch &#8211; Ashes\/Cinch est le cadeau id\u00e9al pour les proches passionn\u00e9s de jeux de puzzle.  <\/span><\/p><\/p>\n","protected":false},"excerpt":{"rendered":"<p>Tu cherches une activit\u00e9 anti-stress ? Assemble des puzzles de 1000 pi\u00e8ces de notre collection de puzzles d&rsquo;art et profite<\/p>\n","protected":false},"featured_media":63489,"template":"","meta":[],"product_brand":[],"product_cat":[2314,2316,2315],"product_tag":[],"class_list":{"0":"post-53201","1":"product","2":"type-product","3":"status-publish","4":"has-post-thumbnail","6":"product_cat-puzzles-fr","7":"product_cat-puzzles-de-1000-pieces","8":"product_cat-puzzles-pour-adultes","9":"pa_bax-10-fr","10":"pa_brand-d_toys-fr","11":"pa_country_of_manufacture-ro-fr","12":"pa_filter_age-14-fr","13":"pa_painter-edvardmunch-fr","14":"pa_tip_ambalaj-boite","15":"pa_tip_puzzle-classique","17":"first","18":"instock","19":"taxable","20":"shipping-taxable","21":"product-type-simple"},"yoast_head":"<!-- This site is optimized with the Yoast SEO plugin v20.1 - https:\/\/yoast.com\/wordpress\/plugins\/seo\/ -->\n<title>Puzzle adulte Edvard Munch de 1000 pi\u00e8ces - Cendres<\/title>\n<meta name=\"description\" content=\"Puzzle adulte Edvard Munch de 1000 pi\u00e8ces - Cendres\" \/>\n<meta name=\"robots\" content=\"index, follow, max-snippet:-1, max-image-preview:large, max-video-preview:-1\" \/>\n<link rel=\"canonical\" href=\"https:\/\/business.roovi.com\/fr\/puzzle-adulte-edvard-munch-de-1000-pieces-cendres\/p\/\" \/>\n<meta property=\"og:locale\" content=\"fr_FR\" \/>\n<meta property=\"og:type\" content=\"article\" \/>\n<meta property=\"og:title\" content=\"Puzzle adulte Edvard Munch de 1000 pi\u00e8ces - Cendres\" \/>\n<meta property=\"og:description\" content=\"Puzzle adulte Edvard Munch de 1000 pi\u00e8ces - Cendres\" \/>\n<meta property=\"og:url\" content=\"https:\/\/business.roovi.com\/fr\/puzzle-adulte-edvard-munch-de-1000-pieces-cendres\/p\/\" \/>\n<meta property=\"og:site_name\" content=\"Roovi B2B\" \/>\n<meta property=\"article:publisher\" content=\"https:\/\/www.facebook.com\/wwwjucariero\" \/>\n<meta property=\"article:modified_time\" content=\"2022-07-13T10:23:55+00:00\" \/>\n<meta property=\"og:image\" content=\"https:\/\/business.roovi.com\/wp-content\/uploads\/2018\/04\/p1000_munch_72832_mu01-02_r700_64x88cm_no_stanc2.jpg\" \/>\n\t<meta property=\"og:image:width\" content=\"1200\" \/>\n\t<meta property=\"og:image:height\" content=\"1200\" \/>\n\t<meta property=\"og:image:type\" content=\"image\/jpeg\" \/>\n<meta name=\"twitter:label1\" content=\"Dur\u00e9e de lecture estim\u00e9e\" \/>\n\t<meta name=\"twitter:data1\" content=\"3 minutes\" \/>\n<script type=\"application\/ld+json\" class=\"yoast-schema-graph\">{\"@context\":\"https:\/\/schema.org\",\"@graph\":[{\"@type\":\"WebPage\",\"@id\":\"https:\/\/business.roovi.com\/fr\/puzzle-adulte-edvard-munch-de-1000-pieces-cendres\/p\/\",\"url\":\"https:\/\/business.roovi.com\/fr\/puzzle-adulte-edvard-munch-de-1000-pieces-cendres\/p\/\",\"name\":\"Puzzle adulte Edvard Munch de 1000 pi\u00e8ces - Cendres\",\"isPartOf\":{\"@id\":\"https:\/\/business.roovi.com\/fr\/#website\"},\"datePublished\":\"2018-04-16T10:56:17+00:00\",\"dateModified\":\"2022-07-13T10:23:55+00:00\",\"description\":\"Puzzle adulte Edvard Munch de 1000 pi\u00e8ces - Cendres\",\"breadcrumb\":{\"@id\":\"https:\/\/business.roovi.com\/fr\/puzzle-adulte-edvard-munch-de-1000-pieces-cendres\/p\/#breadcrumb\"},\"inLanguage\":\"fr-FR\",\"potentialAction\":[{\"@type\":\"ReadAction\",\"target\":[\"https:\/\/business.roovi.com\/fr\/puzzle-adulte-edvard-munch-de-1000-pieces-cendres\/p\/\"]}]},{\"@type\":\"BreadcrumbList\",\"@id\":\"https:\/\/business.roovi.com\/fr\/puzzle-adulte-edvard-munch-de-1000-pieces-cendres\/p\/#breadcrumb\",\"itemListElement\":[{\"@type\":\"ListItem\",\"position\":1,\"name\":\"Home\",\"item\":\"https:\/\/business.roovi.com\/fr\/\"},{\"@type\":\"ListItem\",\"position\":2,\"name\":\"Boutique\",\"item\":\"https:\/\/business.roovi.com\/fr\/boutique\/\"},{\"@type\":\"ListItem\",\"position\":3,\"name\":\"Puzzle adulte Edvard Munch de 1000 pi\u00e8ces &#8211; Cendres\"}]},{\"@type\":\"WebSite\",\"@id\":\"https:\/\/business.roovi.com\/fr\/#website\",\"url\":\"https:\/\/business.roovi.com\/fr\/\",\"name\":\"Roovi B2B\",\"description\":\"Roovi Business Website\",\"potentialAction\":[{\"@type\":\"SearchAction\",\"target\":{\"@type\":\"EntryPoint\",\"urlTemplate\":\"https:\/\/business.roovi.com\/fr\/?s={search_term_string}\"},\"query-input\":\"required name=search_term_string\"}],\"inLanguage\":\"fr-FR\"}]}<\/script>\n<!-- \/ Yoast SEO plugin. -->","yoast_head_json":{"title":"Puzzle adulte Edvard Munch de 1000 pi\u00e8ces - Cendres","description":"Puzzle adulte Edvard Munch de 1000 pi\u00e8ces - Cendres","robots":{"index":"index","follow":"follow","max-snippet":"max-snippet:-1","max-image-preview":"max-image-preview:large","max-video-preview":"max-video-preview:-1"},"canonical":"https:\/\/business.roovi.com\/fr\/puzzle-adulte-edvard-munch-de-1000-pieces-cendres\/p\/","og_locale":"fr_FR","og_type":"article","og_title":"Puzzle adulte Edvard Munch de 1000 pi\u00e8ces - Cendres","og_description":"Puzzle adulte Edvard Munch de 1000 pi\u00e8ces - Cendres","og_url":"https:\/\/business.roovi.com\/fr\/puzzle-adulte-edvard-munch-de-1000-pieces-cendres\/p\/","og_site_name":"Roovi B2B","article_publisher":"https:\/\/www.facebook.com\/wwwjucariero","article_modified_time":"2022-07-13T10:23:55+00:00","og_image":[{"width":1200,"height":1200,"url":"https:\/\/business.roovi.com\/wp-content\/uploads\/2018\/04\/p1000_munch_72832_mu01-02_r700_64x88cm_no_stanc2.jpg","type":"image\/jpeg"}],"twitter_misc":{"Dur\u00e9e de lecture estim\u00e9e":"3 minutes"},"schema":{"@context":"https:\/\/schema.org","@graph":[{"@type":"WebPage","@id":"https:\/\/business.roovi.com\/fr\/puzzle-adulte-edvard-munch-de-1000-pieces-cendres\/p\/","url":"https:\/\/business.roovi.com\/fr\/puzzle-adulte-edvard-munch-de-1000-pieces-cendres\/p\/","name":"Puzzle adulte Edvard Munch de 1000 pi\u00e8ces - Cendres","isPartOf":{"@id":"https:\/\/business.roovi.com\/fr\/#website"},"datePublished":"2018-04-16T10:56:17+00:00","dateModified":"2022-07-13T10:23:55+00:00","description":"Puzzle adulte Edvard Munch de 1000 pi\u00e8ces - Cendres","breadcrumb":{"@id":"https:\/\/business.roovi.com\/fr\/puzzle-adulte-edvard-munch-de-1000-pieces-cendres\/p\/#breadcrumb"},"inLanguage":"fr-FR","potentialAction":[{"@type":"ReadAction","target":["https:\/\/business.roovi.com\/fr\/puzzle-adulte-edvard-munch-de-1000-pieces-cendres\/p\/"]}]},{"@type":"BreadcrumbList","@id":"https:\/\/business.roovi.com\/fr\/puzzle-adulte-edvard-munch-de-1000-pieces-cendres\/p\/#breadcrumb","itemListElement":[{"@type":"ListItem","position":1,"name":"Home","item":"https:\/\/business.roovi.com\/fr\/"},{"@type":"ListItem","position":2,"name":"Boutique","item":"https:\/\/business.roovi.com\/fr\/boutique\/"},{"@type":"ListItem","position":3,"name":"Puzzle adulte Edvard Munch de 1000 pi\u00e8ces &#8211; Cendres"}]},{"@type":"WebSite","@id":"https:\/\/business.roovi.com\/fr\/#website","url":"https:\/\/business.roovi.com\/fr\/","name":"Roovi B2B","description":"Roovi Business Website","potentialAction":[{"@type":"SearchAction","target":{"@type":"EntryPoint","urlTemplate":"https:\/\/business.roovi.com\/fr\/?s={search_term_string}"},"query-input":"required name=search_term_string"}],"inLanguage":"fr-FR"}]}},"_links":{"self":[{"href":"https:\/\/business.roovi.com\/fr\/wp-json\/wp\/v2\/product\/53201","targetHints":{"allow":["GET"]}}],"collection":[{"href":"https:\/\/business.roovi.com\/fr\/wp-json\/wp\/v2\/product"}],"about":[{"href":"https:\/\/business.roovi.com\/fr\/wp-json\/wp\/v2\/types\/product"}],"version-history":[{"count":0,"href":"https:\/\/business.roovi.com\/fr\/wp-json\/wp\/v2\/product\/53201\/revisions"}],"wp:featuredmedia":[{"embeddable":true,"href":"https:\/\/business.roovi.com\/fr\/wp-json\/wp\/v2\/media\/63489"}],"wp:attachment":[{"href":"https:\/\/business.roovi.com\/fr\/wp-json\/wp\/v2\/media?parent=53201"}],"wp:term":[{"taxonomy":"product_brand","embeddable":true,"href":"https:\/\/business.roovi.com\/fr\/wp-json\/wp\/v2\/product_brand?post=53201"},{"taxonomy":"product_cat","embeddable":true,"href":"https:\/\/business.roovi.com\/fr\/wp-json\/wp\/v2\/product_cat?post=53201"},{"taxonomy":"product_tag","embeddable":true,"href":"https:\/\/business.roovi.com\/fr\/wp-json\/wp\/v2\/product_tag?post=53201"}],"curies":[{"name":"wp","href":"https:\/\/api.w.org\/{rel}","templated":true}]}}