{"id":53204,"date":"2018-04-16T10:56:17","date_gmt":"2018-04-16T10:56:17","guid":{"rendered":"https:\/\/business.roovi.com\/puzzle-adulti-1000-piese-wassily-kandinsky-sketch-for-composition-ii\/p\/"},"modified":"2022-07-13T10:23:58","modified_gmt":"2022-07-13T10:23:58","slug":"puzzle-adulte-1000-pieces-wassily-kandinsky-croquis-pour-composition-ii","status":"publish","type":"product","link":"https:\/\/business.roovi.com\/fr\/puzzle-adulte-1000-pieces-wassily-kandinsky-croquis-pour-composition-ii\/p\/","title":{"rendered":"\u00ab\u00a0Puzzle adulte 1000 pi\u00e8ces Wassily Kandinsky &#8211; Croquis pour \u00ab\u00a0\u00a0\u00bbComposition II\u00a0\u00bb\u00a0\u00bb"},"content":{"rendered":"<p><span style=\"font-weight: 400; font-size: 14px;\">Es-tu pr\u00eate \u00e0 relever un nouveau d\u00e9fi ? Mets ta patience et ton sens du d\u00e9tail \u00e0 l&rsquo;\u00e9preuve avec le puzzle de 1000 pi\u00e8ces Wassily Kandinsky &#8211; Croquis pour \u00ab\u00a0Composition II\u00a0\u00bb. Ce merveilleux puzzle d&rsquo;art rend l&rsquo;image vibrante et color\u00e9e de l&rsquo;\u0153uvre abstraite cr\u00e9\u00e9e par Kandinsky. L&rsquo;esquisse pour \u00ab\u00a0Composition II\u00a0\u00bb d\u00e9veloppe le motif du cheval et du cavalier en une composition complexe de couleurs et de formes <\/span><\/p>\n<p><span style=\"font-weight: 400; font-size: 14px;\">Kandinsky a cr\u00e9\u00e9 plusieurs \u00ab\u00a0Compositions\u00a0\u00bb tout au long de sa carri\u00e8re et leur a attribu\u00e9 des significations profond\u00e9ment spirituelles. Ose entrer dans ce monde abstrait et d\u00e9couvre la signification de l&rsquo;art du peintre russe gr\u00e2ce \u00e0 ce puzzle artistique Wassily Kandinsky &#8211; Esquisse pour \u00ab\u00a0Composition II\u00a0\u00bb. Tu peux utiliser une table basse ordinaire pour soutenir les pi\u00e8ces. La peinture finale mesure 50 x 70 cm. Lis plus sur ce puzzle artistique ci-dessous.<\/span><\/p>\n<p><span style=\"font-size: 14px;\"><strong>Mat\u00e9riau du puzzle <\/strong><\/span><\/p>\n<p><span style=\"font-size: 14px;\"><strong>carton bleu de haute qualit\u00e9<\/strong><\/span><\/p>\n<p><span style=\"font-size: 14px;\"><strong>des mat\u00e9riaux durables et recyclables<\/strong><\/span><\/p>\n<p><span style=\"font-size: 14px;\"><strong>finition semi-brillante, couleurs vives<\/strong><\/span><\/p>\n<p><span style=\"font-size: 14px;\"><strong>Nombre de pi\u00e8ces de puzzle : 1000<\/strong><\/span><\/p>\n<p><span style=\"font-size: 14px;\"><strong>\u00c2ge recommand\u00e9 : 14+<\/strong><\/span><\/p>\n<p><span style=\"font-size: 14px;\"><strong>Puzzle de 1000 pi\u00e8ces pour se d\u00e9tendre et s&rsquo;amuser<\/strong><\/span><\/p>\n<p><span style=\"font-weight: 400; font-size: 14px;\">L&rsquo;activit\u00e9 consistant \u00e0 assembler des puzzles de 1000 pi\u00e8ces apporte de la d\u00e9tente et rompt la monotonie des apr\u00e8s-midi pluvieux ou froids. Tu peux faire participer tes enfants, tes grands-parents ou tes amis aux jeux de puzzle et passer un bon moment ensemble. De plus, les jeux de puzzle t&rsquo;aident \u00e0 :<\/span><\/p>\n<ul>\n<li><span style=\"font-weight: 400; font-size: 14px;\">R\u00e9soudre des t\u00e2ches difficiles ensemble<\/span><\/li>\n<li><span style=\"font-weight: 400; font-size: 14px;\">Apprends \u00e0 mieux te conna\u00eetre et \u00e0 communiquer efficacement.<\/span><\/li>\n<li><span style=\"font-weight: 400; font-size: 14px;\">Entra\u00eene ton attention aux d\u00e9tails et ta patience.<\/span><\/li>\n<li><span style=\"font-weight: 400; font-size: 14px;\">Aff\u00fbte tes comp\u00e9tences en mati\u00e8re de r\u00e9solution de puzzle de 1000 pi\u00e8ces.<\/span><\/li>\n<\/ul>\n<p><span style=\"font-size: 14px;\"><strong>Connais-tu Wassily Kandinsky ?<\/strong><\/span><\/p>\n<p><span style=\"font-weight: 400; font-size: 14px;\">Il est le premier peintre \u00e0 cr\u00e9er des peintures abstraites.<\/span><\/p>\n<p><span style=\"font-size: 14px;\"><span style=\"font-weight: 400;\">Il a \u00e9tudi\u00e9 le droit et a refus\u00e9 une chaire de droit \u00e0 l&rsquo;Universit\u00e9 <\/span><span style=\"font-weight: 400;\">Dorpat<\/span> <span style=\"font-weight: 400;\">en Estonie aux d\u00e9pens de la peinture.<\/span><\/span><\/p>\n<p><span style=\"font-weight: 400; font-size: 14px;\">Dans plusieurs de ses \u0153uvres, il s&rsquo;est inspir\u00e9 de la musique. Il a souvent \u00e9crit sur l&rsquo;influence de cet art sur son propre travail.<\/span><\/p>\n<p><span style=\"font-weight: 400; font-size: 14px;\">Beaucoup de ses \u0153uvres ont \u00e9t\u00e9 perdues au fil du temps. Ses \u0153uvres ne sont pas conformes au socialisme sovi\u00e9tique, et les nazis ont qualifi\u00e9 son art de \u00ab\u00a0d\u00e9g\u00e9n\u00e9r\u00e9\u00a0\u00bb.<\/span><\/p>\n<p><span style=\"font-weight: 400; font-size: 14px;\"> \u00ab\u00a0Le croquis de \u00ab\u00a0Composition II\u00a0\u00bb a fait l&rsquo;objet de vives critiques, les sp\u00e9cialistes de l&rsquo;\u00e9poque d\u00e9clarant qu&rsquo;il semblait avoir \u00e9t\u00e9 r\u00e9alis\u00e9 par un fou ou une personne sous l&rsquo;influence de substances interdites.<\/span><\/p>\n<p><span style=\"font-size: 14px;\"><strong>Art puzzles : une \u00e9vasion dans un monde \u00e9tonnant<\/strong><\/span><\/p>\n<p><span style=\"font-weight: 400; font-size: 14px;\">Recr\u00e9er des images de tableaux c\u00e9l\u00e8bres dans des puzzles de 1000 pi\u00e8ces est une \u00e9vasion bien m\u00e9rit\u00e9e des soucis quotidiens. Tu te sens comme un v\u00e9ritable artiste qui met en place pi\u00e8ce par pi\u00e8ce et recr\u00e9e un chef-d&rsquo;\u0153uvre complexe. Tu d\u00e9couvres un monde plein de couleurs, de symboles et de vibrations positives qui t&rsquo;enveloppent et te procurent un profond sentiment de d\u00e9tente et de reconnexion avec toi-m\u00eame.<\/span><\/p>\n<p><span style=\"font-weight: 400; font-size: 14px;\">Ach\u00e8te le puzzle artistique Wassily Kandinsky &#8211; Croquis pour \u00ab\u00a0Composition II\u00a0\u00bb et d\u00e9couvre l&rsquo;\u00e9tonnant symbolisme de l&rsquo;\u0153uvre abstraite du c\u00e9l\u00e8bre peintre russe. D\u00e9couvre toute la collection d&rsquo;\u0153uvres d&rsquo;art abstraites repr\u00e9sent\u00e9es dans les puzzles d&rsquo;art et cr\u00e9e ta propre galerie originale de peintures exquises.<\/span><\/p>\n<p><span style=\"font-weight: 400; font-size: 14px;\">Tu cherches un cadeau exquis ? Le puzzle de 1000 pi\u00e8ces Wassily Kandinsky &#8211; Croquis pour \u00ab\u00a0Composition II\u00a0\u00bb de notre collection de puzzles d&rsquo;art est exactement ce qu&rsquo;il te faut !<\/span><\/p><\/p>\n","protected":false},"excerpt":{"rendered":"<p>Es-tu pr\u00eate \u00e0 relever un nouveau d\u00e9fi ? Mets ta patience et ton sens du d\u00e9tail \u00e0 l&rsquo;\u00e9preuve avec le<\/p>\n","protected":false},"featured_media":63532,"template":"","meta":[],"product_brand":[],"product_cat":[2314,2316,2315],"product_tag":[],"class_list":{"0":"post-53204","1":"product","2":"type-product","3":"status-publish","4":"has-post-thumbnail","6":"product_cat-puzzles-fr","7":"product_cat-puzzles-de-1000-pieces","8":"product_cat-puzzles-pour-adultes","9":"pa_bax-10-fr","10":"pa_brand-d_toys-fr","11":"pa_country_of_manufacture-ro-fr","12":"pa_filter_age-14-fr","13":"pa_painter-wassilykandinsky-fr","14":"pa_tip_ambalaj-boite","15":"pa_tip_puzzle-classique","17":"first","18":"instock","19":"taxable","20":"shipping-taxable","21":"product-type-simple"},"yoast_head":"<!-- This site is optimized with the Yoast SEO plugin v20.1 - https:\/\/yoast.com\/wordpress\/plugins\/seo\/ -->\n<title>&quot;Puzzle adulte 1000 pi\u00e8ces Wassily Kandinsky - Croquis pour &quot;&quot;Composition II&quot;&quot;<\/title>\n<meta name=\"description\" content=\"&quot;Puzzle adulte 1000 pi\u00e8ces Wassily Kandinsky - Croquis pour &quot;&quot;Composition II&quot;&quot;\" \/>\n<meta name=\"robots\" content=\"index, follow, max-snippet:-1, max-image-preview:large, max-video-preview:-1\" \/>\n<link rel=\"canonical\" href=\"https:\/\/business.roovi.com\/fr\/puzzle-adulte-1000-pieces-wassily-kandinsky-croquis-pour-composition-ii\/p\/\" \/>\n<meta property=\"og:locale\" content=\"fr_FR\" \/>\n<meta property=\"og:type\" content=\"article\" \/>\n<meta property=\"og:title\" content=\"&quot;Puzzle adulte 1000 pi\u00e8ces Wassily Kandinsky - Croquis pour &quot;&quot;Composition II&quot;&quot;\" \/>\n<meta property=\"og:description\" content=\"&quot;Puzzle adulte 1000 pi\u00e8ces Wassily Kandinsky - Croquis pour &quot;&quot;Composition II&quot;&quot;\" \/>\n<meta property=\"og:url\" content=\"https:\/\/business.roovi.com\/fr\/puzzle-adulte-1000-pieces-wassily-kandinsky-croquis-pour-composition-ii\/p\/\" \/>\n<meta property=\"og:site_name\" content=\"Roovi B2B\" \/>\n<meta property=\"article:publisher\" content=\"https:\/\/www.facebook.com\/wwwjucariero\" \/>\n<meta property=\"article:modified_time\" content=\"2022-07-13T10:23:58+00:00\" \/>\n<meta property=\"og:image\" content=\"https:\/\/business.roovi.com\/wp-content\/uploads\/2018\/04\/72849-01_ansamblu_dimensiuni_cutie_cm_orizontal.png\" \/>\n\t<meta property=\"og:image:width\" content=\"1200\" \/>\n\t<meta property=\"og:image:height\" content=\"1200\" \/>\n\t<meta property=\"og:image:type\" content=\"image\/png\" \/>\n<meta name=\"twitter:label1\" content=\"Dur\u00e9e de lecture estim\u00e9e\" \/>\n\t<meta name=\"twitter:data1\" content=\"3 minutes\" \/>\n<script type=\"application\/ld+json\" class=\"yoast-schema-graph\">{\"@context\":\"https:\/\/schema.org\",\"@graph\":[{\"@type\":\"WebPage\",\"@id\":\"https:\/\/business.roovi.com\/fr\/puzzle-adulte-1000-pieces-wassily-kandinsky-croquis-pour-composition-ii\/p\/\",\"url\":\"https:\/\/business.roovi.com\/fr\/puzzle-adulte-1000-pieces-wassily-kandinsky-croquis-pour-composition-ii\/p\/\",\"name\":\"\\\"Puzzle adulte 1000 pi\u00e8ces Wassily Kandinsky - Croquis pour \\\"\\\"Composition II\\\"\\\"\",\"isPartOf\":{\"@id\":\"https:\/\/business.roovi.com\/fr\/#website\"},\"datePublished\":\"2018-04-16T10:56:17+00:00\",\"dateModified\":\"2022-07-13T10:23:58+00:00\",\"description\":\"\\\"Puzzle adulte 1000 pi\u00e8ces Wassily Kandinsky - Croquis pour \\\"\\\"Composition II\\\"\\\"\",\"breadcrumb\":{\"@id\":\"https:\/\/business.roovi.com\/fr\/puzzle-adulte-1000-pieces-wassily-kandinsky-croquis-pour-composition-ii\/p\/#breadcrumb\"},\"inLanguage\":\"fr-FR\",\"potentialAction\":[{\"@type\":\"ReadAction\",\"target\":[\"https:\/\/business.roovi.com\/fr\/puzzle-adulte-1000-pieces-wassily-kandinsky-croquis-pour-composition-ii\/p\/\"]}]},{\"@type\":\"BreadcrumbList\",\"@id\":\"https:\/\/business.roovi.com\/fr\/puzzle-adulte-1000-pieces-wassily-kandinsky-croquis-pour-composition-ii\/p\/#breadcrumb\",\"itemListElement\":[{\"@type\":\"ListItem\",\"position\":1,\"name\":\"Home\",\"item\":\"https:\/\/business.roovi.com\/fr\/\"},{\"@type\":\"ListItem\",\"position\":2,\"name\":\"Boutique\",\"item\":\"https:\/\/business.roovi.com\/fr\/boutique\/\"},{\"@type\":\"ListItem\",\"position\":3,\"name\":\"&#8220;Puzzle adulte 1000 pi\u00e8ces Wassily Kandinsky &#8211; Croquis pour &#8220;&#8221;Composition II&#8221;&#8221;\"}]},{\"@type\":\"WebSite\",\"@id\":\"https:\/\/business.roovi.com\/fr\/#website\",\"url\":\"https:\/\/business.roovi.com\/fr\/\",\"name\":\"Roovi B2B\",\"description\":\"Roovi Business Website\",\"potentialAction\":[{\"@type\":\"SearchAction\",\"target\":{\"@type\":\"EntryPoint\",\"urlTemplate\":\"https:\/\/business.roovi.com\/fr\/?s={search_term_string}\"},\"query-input\":\"required name=search_term_string\"}],\"inLanguage\":\"fr-FR\"}]}<\/script>\n<!-- \/ Yoast SEO plugin. -->","yoast_head_json":{"title":"\"Puzzle adulte 1000 pi\u00e8ces Wassily Kandinsky - Croquis pour \"\"Composition II\"\"","description":"\"Puzzle adulte 1000 pi\u00e8ces Wassily Kandinsky - Croquis pour \"\"Composition II\"\"","robots":{"index":"index","follow":"follow","max-snippet":"max-snippet:-1","max-image-preview":"max-image-preview:large","max-video-preview":"max-video-preview:-1"},"canonical":"https:\/\/business.roovi.com\/fr\/puzzle-adulte-1000-pieces-wassily-kandinsky-croquis-pour-composition-ii\/p\/","og_locale":"fr_FR","og_type":"article","og_title":"\"Puzzle adulte 1000 pi\u00e8ces Wassily Kandinsky - Croquis pour \"\"Composition II\"\"","og_description":"\"Puzzle adulte 1000 pi\u00e8ces Wassily Kandinsky - Croquis pour \"\"Composition II\"\"","og_url":"https:\/\/business.roovi.com\/fr\/puzzle-adulte-1000-pieces-wassily-kandinsky-croquis-pour-composition-ii\/p\/","og_site_name":"Roovi B2B","article_publisher":"https:\/\/www.facebook.com\/wwwjucariero","article_modified_time":"2022-07-13T10:23:58+00:00","og_image":[{"width":1200,"height":1200,"url":"https:\/\/business.roovi.com\/wp-content\/uploads\/2018\/04\/72849-01_ansamblu_dimensiuni_cutie_cm_orizontal.png","type":"image\/png"}],"twitter_misc":{"Dur\u00e9e de lecture estim\u00e9e":"3 minutes"},"schema":{"@context":"https:\/\/schema.org","@graph":[{"@type":"WebPage","@id":"https:\/\/business.roovi.com\/fr\/puzzle-adulte-1000-pieces-wassily-kandinsky-croquis-pour-composition-ii\/p\/","url":"https:\/\/business.roovi.com\/fr\/puzzle-adulte-1000-pieces-wassily-kandinsky-croquis-pour-composition-ii\/p\/","name":"\"Puzzle adulte 1000 pi\u00e8ces Wassily Kandinsky - Croquis pour \"\"Composition II\"\"","isPartOf":{"@id":"https:\/\/business.roovi.com\/fr\/#website"},"datePublished":"2018-04-16T10:56:17+00:00","dateModified":"2022-07-13T10:23:58+00:00","description":"\"Puzzle adulte 1000 pi\u00e8ces Wassily Kandinsky - Croquis pour \"\"Composition II\"\"","breadcrumb":{"@id":"https:\/\/business.roovi.com\/fr\/puzzle-adulte-1000-pieces-wassily-kandinsky-croquis-pour-composition-ii\/p\/#breadcrumb"},"inLanguage":"fr-FR","potentialAction":[{"@type":"ReadAction","target":["https:\/\/business.roovi.com\/fr\/puzzle-adulte-1000-pieces-wassily-kandinsky-croquis-pour-composition-ii\/p\/"]}]},{"@type":"BreadcrumbList","@id":"https:\/\/business.roovi.com\/fr\/puzzle-adulte-1000-pieces-wassily-kandinsky-croquis-pour-composition-ii\/p\/#breadcrumb","itemListElement":[{"@type":"ListItem","position":1,"name":"Home","item":"https:\/\/business.roovi.com\/fr\/"},{"@type":"ListItem","position":2,"name":"Boutique","item":"https:\/\/business.roovi.com\/fr\/boutique\/"},{"@type":"ListItem","position":3,"name":"&#8220;Puzzle adulte 1000 pi\u00e8ces Wassily Kandinsky &#8211; Croquis pour &#8220;&#8221;Composition II&#8221;&#8221;"}]},{"@type":"WebSite","@id":"https:\/\/business.roovi.com\/fr\/#website","url":"https:\/\/business.roovi.com\/fr\/","name":"Roovi B2B","description":"Roovi Business Website","potentialAction":[{"@type":"SearchAction","target":{"@type":"EntryPoint","urlTemplate":"https:\/\/business.roovi.com\/fr\/?s={search_term_string}"},"query-input":"required name=search_term_string"}],"inLanguage":"fr-FR"}]}},"_links":{"self":[{"href":"https:\/\/business.roovi.com\/fr\/wp-json\/wp\/v2\/product\/53204","targetHints":{"allow":["GET"]}}],"collection":[{"href":"https:\/\/business.roovi.com\/fr\/wp-json\/wp\/v2\/product"}],"about":[{"href":"https:\/\/business.roovi.com\/fr\/wp-json\/wp\/v2\/types\/product"}],"version-history":[{"count":0,"href":"https:\/\/business.roovi.com\/fr\/wp-json\/wp\/v2\/product\/53204\/revisions"}],"wp:featuredmedia":[{"embeddable":true,"href":"https:\/\/business.roovi.com\/fr\/wp-json\/wp\/v2\/media\/63532"}],"wp:attachment":[{"href":"https:\/\/business.roovi.com\/fr\/wp-json\/wp\/v2\/media?parent=53204"}],"wp:term":[{"taxonomy":"product_brand","embeddable":true,"href":"https:\/\/business.roovi.com\/fr\/wp-json\/wp\/v2\/product_brand?post=53204"},{"taxonomy":"product_cat","embeddable":true,"href":"https:\/\/business.roovi.com\/fr\/wp-json\/wp\/v2\/product_cat?post=53204"},{"taxonomy":"product_tag","embeddable":true,"href":"https:\/\/business.roovi.com\/fr\/wp-json\/wp\/v2\/product_tag?post=53204"}],"curies":[{"name":"wp","href":"https:\/\/api.w.org\/{rel}","templated":true}]}}