{"id":53209,"date":"2018-04-16T10:56:17","date_gmt":"2018-04-16T10:56:17","guid":{"rendered":"https:\/\/business.roovi.com\/puzzle-adulti-1000-piese-wassily-kandinsky-yellow-red-blue-2\/p\/"},"modified":"2022-07-13T10:23:59","modified_gmt":"2022-07-13T10:23:59","slug":"puzzle-adulte-wassily-kandinsky-de-1000-pieces-jaune-rouge-bleu","status":"publish","type":"product","link":"https:\/\/business.roovi.com\/fr\/puzzle-adulte-wassily-kandinsky-de-1000-pieces-jaune-rouge-bleu\/p\/","title":{"rendered":"Puzzle adulte Wassily Kandinsky de 1000 pi\u00e8ces &#8211; Jaune- Rouge-Bleu"},"content":{"rendered":"<p><span style=\"font-weight: 400;\">Bienvenue dans la plus grande galerie d&rsquo;art de puzzles de 1000 pi\u00e8ces ! Parcoure virtuellement des centaines de mod\u00e8les de puzzles d&rsquo;art, s\u00e9lectionne tes pr\u00e9f\u00e9r\u00e9s et cr\u00e9e ta propre collection de tableaux de puzzles de 1000 pi\u00e8ces.<\/span><\/p>\n<p><span style=\"font-weight: 400;\">Ta collection de puzzles d&rsquo;art ne devrait pas manquer le puzzle de 1000 pi\u00e8ces Wassily Kandinsky &#8211; Jaune-Rouge-Bleu\/Jaune-Rouge-Bleu &#8211; une \u0153uvre qui te pousse \u00e0 r\u00e9fl\u00e9chir profond\u00e9ment au-del\u00e0 des formes et des couleurs. Les peintures de Kandinsky sont charg\u00e9es de symboles psychologiques, \u00e9motionnels ou religieux.<\/span><\/p>\n<p><span style=\"font-weight: 400;\">Ose vivre un \u00e9tat de relaxation profonde en compagnie d&rsquo;une \u0153uvre d&rsquo;art c\u00e9l\u00e8bre. Sors une table basse ordinaire et commence \u00e0 assembler le premier tableau abstrait de ta collection de puzzles artistiques. La photo que tu obtiendras est de 50 x 70 cm.<\/span><\/p>\n<p><span style=\"font-weight: 400;\">Plus d&rsquo;informations sur le puzzle Wassily Kandinsky 1000 pi\u00e8ces &#8211; Jaune-Rouge-Bleu \/ Jaune-Rouge-Bleu :<\/span><\/p>\n<p><strong>Mat\u00e9riau du puzzle <\/strong><\/p>\n<p><strong>carton bleu de haute qualit\u00e9<\/strong><\/p>\n<p><strong>des mat\u00e9riaux durables et recyclables<\/strong><\/p>\n<p><strong>finition semi-brillante, couleurs vives<\/strong><\/p>\n<p><strong>Nombre de pi\u00e8ces de puzzle : 1000<\/strong><\/p>\n<p><strong>\u00c2ge recommand\u00e9 : 14+<\/strong><\/p>\n<p><strong>Les puzzles pour adultes entra\u00eenent ta pens\u00e9e logique<\/strong><\/p>\n<p><span style=\"font-weight: 400;\">Les puzzles de 1000 pi\u00e8ces sont des jeux logiques. Chaque pi\u00e8ce a sa place bien \u00e9tablie, et pour reconstituer l&rsquo;ensemble du tableau, tu dois trouver l&rsquo;ordre logique de toutes les pi\u00e8ces. Avec une pratique quotidienne, tu peux devenir un bon strat\u00e8ge et r\u00e9duire le temps d&rsquo;assemblage du puzzle de 1000 pi\u00e8ces. En outre, tu utiliseras cette comp\u00e9tence pour r\u00e9soudre d&rsquo;autres probl\u00e8mes logiques auxquels tu es confront\u00e9 dans ton travail quotidien.<\/span><\/p>\n<p><span style=\"font-weight: 400;\">D&rsquo;autres comp\u00e9tences que tu d\u00e9veloppes gr\u00e2ce aux jeux de r\u00e9flexion :<\/span><\/p>\n<ul>\n<li><span style=\"font-weight: 400;\">M\u00e9moire<\/span><\/li>\n<li><span style=\"font-weight: 400;\">L&rsquo;attention au d\u00e9tail<\/span><\/li>\n<li><span style=\"font-weight: 400;\">Pers\u00e9v\u00e9rance<\/span><\/li>\n<li><span style=\"font-weight: 400;\">Imagination<\/span><\/li>\n<\/ul>\n<p><strong>\u00c0 propos de <\/strong><strong><em>Jaune-Rouge-Bleu <\/em><\/strong><strong>tu le savais ?<\/strong><\/p>\n<p><span style=\"font-weight: 400;\">C&rsquo;est l&rsquo;une des \u0153uvres les plus connues et les plus appr\u00e9ci\u00e9es de Kandinsky<\/span><\/p>\n<p><span style=\"font-weight: 400;\">Le tableau est divis\u00e9 en deux : le c\u00f4t\u00e9 gauche pr\u00e9sente des rectangles, des carr\u00e9s et des lignes droites aux couleurs vives, et le c\u00f4t\u00e9 droit des formes abstraites et des couleurs sombres.<\/span><\/p>\n<p><span style=\"font-weight: 400;\">Via <\/span><em><span style=\"font-weight: 400;\">Jaune-Rouge-Bleu<\/span><\/em><span style=\"font-weight: 400;\">kandinsky se distancie du constructivisme caract\u00e9ristique de l&rsquo;\u00e9poque \u00e0 laquelle il a cr\u00e9\u00e9 cette \u0153uvre.<\/span><\/p>\n<p><span style=\"font-weight: 400;\">Kandinsky a cherch\u00e9 \u00e0 provoquer une r\u00e9action ou une connexion \u00e9motionnelle entre le spectateur et la peinture \u00e0 travers son travail.<\/span><\/p>\n<p><span style=\"font-weight: 400;\">Le peintre \u00e9tait inspir\u00e9 par la couleur et la musique et a combin\u00e9 ses deux passions pour cr\u00e9er un style abstrait qui a choqu\u00e9 ses contemporains.<\/span><\/p>\n<p><strong>Les puzzles d&rsquo;art t&rsquo;aident \u00e0 entrer dans le monde des peintures c\u00e9l\u00e8bres<\/strong><\/p>\n<p><span style=\"font-weight: 400;\">Si tu veux des moments uniques de d\u00e9tente et de d\u00e9tachement, les puzzles artistiques sont exactement ce que tu cherches. Pour recr\u00e9er les images de tableaux c\u00e9l\u00e8bres, tu passeras jusqu&rsquo;\u00e0 30 heures de d\u00e9tente absolue. \u00c0 la fin, ton travail est c\u00e9l\u00e9br\u00e9 avec une superbe peinture qui sera fabuleuse encadr\u00e9e sur l&rsquo;un des murs de ta maison.<\/span><\/p>\n<p><span style=\"font-weight: 400;\">Kandinsky a peint un monde int\u00e9rieur complexe dans ses tableaux. D\u00e9couvre ses symboles gr\u00e2ce au puzzle de 1000 pi\u00e8ces Wassily Kandinsky &#8211; Jaune-Rouge-Bleu \/ Jaune-Rouge-Bleu. Ach\u00e8te ce merveilleux puzzle d&rsquo;art pour toi ou offre-le en cadeau \u00e0 un ami qui aime les puzzles.<\/span><\/p><\/p>\n","protected":false},"excerpt":{"rendered":"<p>Bienvenue dans la plus grande galerie d&rsquo;art de puzzles de 1000 pi\u00e8ces ! Parcoure virtuellement des centaines de mod\u00e8les de<\/p>\n","protected":false},"featured_media":63545,"template":"","meta":[],"product_brand":[],"product_cat":[2314,2315,2316],"product_tag":[],"class_list":{"0":"post-53209","1":"product","2":"type-product","3":"status-publish","4":"has-post-thumbnail","6":"product_cat-puzzles-fr","7":"product_cat-puzzles-pour-adultes","8":"product_cat-puzzles-de-1000-pieces","9":"pa_bax-10-fr","10":"pa_brand-d_toys-fr","11":"pa_country_of_manufacture-ro-fr","12":"pa_filter_age-14-fr","13":"pa_painter-wassilykandinsky-fr","14":"pa_tip_ambalaj-boite","15":"pa_tip_puzzle-classique","17":"first","18":"instock","19":"taxable","20":"shipping-taxable","21":"product-type-simple"},"yoast_head":"<!-- This site is optimized with the Yoast SEO plugin v20.1 - https:\/\/yoast.com\/wordpress\/plugins\/seo\/ -->\n<title>Puzzle adulte Wassily Kandinsky de 1000 pi\u00e8ces - Jaune- Rouge-Bleu<\/title>\n<meta name=\"description\" content=\"Puzzle adulte Wassily Kandinsky de 1000 pi\u00e8ces - Jaune- Rouge-Bleu\" \/>\n<meta name=\"robots\" content=\"index, follow, max-snippet:-1, max-image-preview:large, max-video-preview:-1\" \/>\n<link rel=\"canonical\" href=\"https:\/\/business.roovi.com\/fr\/puzzle-adulte-wassily-kandinsky-de-1000-pieces-jaune-rouge-bleu\/p\/\" \/>\n<meta property=\"og:locale\" content=\"fr_FR\" \/>\n<meta property=\"og:type\" content=\"article\" \/>\n<meta property=\"og:title\" content=\"Puzzle adulte Wassily Kandinsky de 1000 pi\u00e8ces - Jaune- Rouge-Bleu\" \/>\n<meta property=\"og:description\" content=\"Puzzle adulte Wassily Kandinsky de 1000 pi\u00e8ces - Jaune- Rouge-Bleu\" \/>\n<meta property=\"og:url\" content=\"https:\/\/business.roovi.com\/fr\/puzzle-adulte-wassily-kandinsky-de-1000-pieces-jaune-rouge-bleu\/p\/\" \/>\n<meta property=\"og:site_name\" content=\"Roovi B2B\" \/>\n<meta property=\"article:publisher\" content=\"https:\/\/www.facebook.com\/wwwjucariero\" \/>\n<meta property=\"article:modified_time\" content=\"2022-07-13T10:23:59+00:00\" \/>\n<meta property=\"og:image\" content=\"https:\/\/business.roovi.com\/wp-content\/uploads\/2018\/04\/72849-03_ansamblu_dimensiuni_cutie_cm_orizontal.png\" \/>\n\t<meta property=\"og:image:width\" content=\"1200\" \/>\n\t<meta property=\"og:image:height\" content=\"1200\" \/>\n\t<meta property=\"og:image:type\" content=\"image\/png\" \/>\n<meta name=\"twitter:label1\" content=\"Dur\u00e9e de lecture estim\u00e9e\" \/>\n\t<meta name=\"twitter:data1\" content=\"3 minutes\" \/>\n<script type=\"application\/ld+json\" class=\"yoast-schema-graph\">{\"@context\":\"https:\/\/schema.org\",\"@graph\":[{\"@type\":\"WebPage\",\"@id\":\"https:\/\/business.roovi.com\/fr\/puzzle-adulte-wassily-kandinsky-de-1000-pieces-jaune-rouge-bleu\/p\/\",\"url\":\"https:\/\/business.roovi.com\/fr\/puzzle-adulte-wassily-kandinsky-de-1000-pieces-jaune-rouge-bleu\/p\/\",\"name\":\"Puzzle adulte Wassily Kandinsky de 1000 pi\u00e8ces - Jaune- Rouge-Bleu\",\"isPartOf\":{\"@id\":\"https:\/\/business.roovi.com\/fr\/#website\"},\"datePublished\":\"2018-04-16T10:56:17+00:00\",\"dateModified\":\"2022-07-13T10:23:59+00:00\",\"description\":\"Puzzle adulte Wassily Kandinsky de 1000 pi\u00e8ces - Jaune- Rouge-Bleu\",\"breadcrumb\":{\"@id\":\"https:\/\/business.roovi.com\/fr\/puzzle-adulte-wassily-kandinsky-de-1000-pieces-jaune-rouge-bleu\/p\/#breadcrumb\"},\"inLanguage\":\"fr-FR\",\"potentialAction\":[{\"@type\":\"ReadAction\",\"target\":[\"https:\/\/business.roovi.com\/fr\/puzzle-adulte-wassily-kandinsky-de-1000-pieces-jaune-rouge-bleu\/p\/\"]}]},{\"@type\":\"BreadcrumbList\",\"@id\":\"https:\/\/business.roovi.com\/fr\/puzzle-adulte-wassily-kandinsky-de-1000-pieces-jaune-rouge-bleu\/p\/#breadcrumb\",\"itemListElement\":[{\"@type\":\"ListItem\",\"position\":1,\"name\":\"Home\",\"item\":\"https:\/\/business.roovi.com\/fr\/\"},{\"@type\":\"ListItem\",\"position\":2,\"name\":\"Boutique\",\"item\":\"https:\/\/business.roovi.com\/fr\/boutique\/\"},{\"@type\":\"ListItem\",\"position\":3,\"name\":\"Puzzle adulte Wassily Kandinsky de 1000 pi\u00e8ces &#8211; Jaune- Rouge-Bleu\"}]},{\"@type\":\"WebSite\",\"@id\":\"https:\/\/business.roovi.com\/fr\/#website\",\"url\":\"https:\/\/business.roovi.com\/fr\/\",\"name\":\"Roovi B2B\",\"description\":\"Roovi Business Website\",\"potentialAction\":[{\"@type\":\"SearchAction\",\"target\":{\"@type\":\"EntryPoint\",\"urlTemplate\":\"https:\/\/business.roovi.com\/fr\/?s={search_term_string}\"},\"query-input\":\"required name=search_term_string\"}],\"inLanguage\":\"fr-FR\"}]}<\/script>\n<!-- \/ Yoast SEO plugin. -->","yoast_head_json":{"title":"Puzzle adulte Wassily Kandinsky de 1000 pi\u00e8ces - Jaune- Rouge-Bleu","description":"Puzzle adulte Wassily Kandinsky de 1000 pi\u00e8ces - Jaune- Rouge-Bleu","robots":{"index":"index","follow":"follow","max-snippet":"max-snippet:-1","max-image-preview":"max-image-preview:large","max-video-preview":"max-video-preview:-1"},"canonical":"https:\/\/business.roovi.com\/fr\/puzzle-adulte-wassily-kandinsky-de-1000-pieces-jaune-rouge-bleu\/p\/","og_locale":"fr_FR","og_type":"article","og_title":"Puzzle adulte Wassily Kandinsky de 1000 pi\u00e8ces - Jaune- Rouge-Bleu","og_description":"Puzzle adulte Wassily Kandinsky de 1000 pi\u00e8ces - Jaune- Rouge-Bleu","og_url":"https:\/\/business.roovi.com\/fr\/puzzle-adulte-wassily-kandinsky-de-1000-pieces-jaune-rouge-bleu\/p\/","og_site_name":"Roovi B2B","article_publisher":"https:\/\/www.facebook.com\/wwwjucariero","article_modified_time":"2022-07-13T10:23:59+00:00","og_image":[{"width":1200,"height":1200,"url":"https:\/\/business.roovi.com\/wp-content\/uploads\/2018\/04\/72849-03_ansamblu_dimensiuni_cutie_cm_orizontal.png","type":"image\/png"}],"twitter_misc":{"Dur\u00e9e de lecture estim\u00e9e":"3 minutes"},"schema":{"@context":"https:\/\/schema.org","@graph":[{"@type":"WebPage","@id":"https:\/\/business.roovi.com\/fr\/puzzle-adulte-wassily-kandinsky-de-1000-pieces-jaune-rouge-bleu\/p\/","url":"https:\/\/business.roovi.com\/fr\/puzzle-adulte-wassily-kandinsky-de-1000-pieces-jaune-rouge-bleu\/p\/","name":"Puzzle adulte Wassily Kandinsky de 1000 pi\u00e8ces - Jaune- Rouge-Bleu","isPartOf":{"@id":"https:\/\/business.roovi.com\/fr\/#website"},"datePublished":"2018-04-16T10:56:17+00:00","dateModified":"2022-07-13T10:23:59+00:00","description":"Puzzle adulte Wassily Kandinsky de 1000 pi\u00e8ces - Jaune- Rouge-Bleu","breadcrumb":{"@id":"https:\/\/business.roovi.com\/fr\/puzzle-adulte-wassily-kandinsky-de-1000-pieces-jaune-rouge-bleu\/p\/#breadcrumb"},"inLanguage":"fr-FR","potentialAction":[{"@type":"ReadAction","target":["https:\/\/business.roovi.com\/fr\/puzzle-adulte-wassily-kandinsky-de-1000-pieces-jaune-rouge-bleu\/p\/"]}]},{"@type":"BreadcrumbList","@id":"https:\/\/business.roovi.com\/fr\/puzzle-adulte-wassily-kandinsky-de-1000-pieces-jaune-rouge-bleu\/p\/#breadcrumb","itemListElement":[{"@type":"ListItem","position":1,"name":"Home","item":"https:\/\/business.roovi.com\/fr\/"},{"@type":"ListItem","position":2,"name":"Boutique","item":"https:\/\/business.roovi.com\/fr\/boutique\/"},{"@type":"ListItem","position":3,"name":"Puzzle adulte Wassily Kandinsky de 1000 pi\u00e8ces &#8211; Jaune- Rouge-Bleu"}]},{"@type":"WebSite","@id":"https:\/\/business.roovi.com\/fr\/#website","url":"https:\/\/business.roovi.com\/fr\/","name":"Roovi B2B","description":"Roovi Business Website","potentialAction":[{"@type":"SearchAction","target":{"@type":"EntryPoint","urlTemplate":"https:\/\/business.roovi.com\/fr\/?s={search_term_string}"},"query-input":"required name=search_term_string"}],"inLanguage":"fr-FR"}]}},"_links":{"self":[{"href":"https:\/\/business.roovi.com\/fr\/wp-json\/wp\/v2\/product\/53209","targetHints":{"allow":["GET"]}}],"collection":[{"href":"https:\/\/business.roovi.com\/fr\/wp-json\/wp\/v2\/product"}],"about":[{"href":"https:\/\/business.roovi.com\/fr\/wp-json\/wp\/v2\/types\/product"}],"version-history":[{"count":0,"href":"https:\/\/business.roovi.com\/fr\/wp-json\/wp\/v2\/product\/53209\/revisions"}],"wp:featuredmedia":[{"embeddable":true,"href":"https:\/\/business.roovi.com\/fr\/wp-json\/wp\/v2\/media\/63545"}],"wp:attachment":[{"href":"https:\/\/business.roovi.com\/fr\/wp-json\/wp\/v2\/media?parent=53209"}],"wp:term":[{"taxonomy":"product_brand","embeddable":true,"href":"https:\/\/business.roovi.com\/fr\/wp-json\/wp\/v2\/product_brand?post=53209"},{"taxonomy":"product_cat","embeddable":true,"href":"https:\/\/business.roovi.com\/fr\/wp-json\/wp\/v2\/product_cat?post=53209"},{"taxonomy":"product_tag","embeddable":true,"href":"https:\/\/business.roovi.com\/fr\/wp-json\/wp\/v2\/product_tag?post=53209"}],"curies":[{"name":"wp","href":"https:\/\/api.w.org\/{rel}","templated":true}]}}