{"id":53211,"date":"2018-04-16T10:56:17","date_gmt":"2018-04-16T10:56:17","guid":{"rendered":"https:\/\/business.roovi.com\/puzzle-adulti-1000-piese-wassily-kandinsky-pointspuncte\/p\/"},"modified":"2023-02-15T08:33:19","modified_gmt":"2023-02-15T08:33:19","slug":"puzzle-wassily-kandinsky-adulte-de-1000-pieces-dots-dots","status":"publish","type":"product","link":"https:\/\/business.roovi.com\/fr\/puzzle-wassily-kandinsky-adulte-de-1000-pieces-dots-dots\/p\/","title":{"rendered":"Puzzle Wassily Kandinsky adulte de 1000 pi\u00e8ces &#8211; Points"},"content":{"rendered":"<p><span style=\"font-weight: 400;\">Tu es passionn\u00e9 par les puzzles de 1000 pi\u00e8ces ? D\u00e9couvre la plus grande collection de puzzles d&rsquo;art de Roumanie et perfectionne tes comp\u00e9tences d&rsquo;assemblage. Reconstruis les images de peintures c\u00e9l\u00e8bres et admire les tableaux d&rsquo;art cr\u00e9\u00e9s \u00e0 partir de 1000 pi\u00e8ces de puzzle.<\/span><\/p>\n<p><span style=\"font-weight: 400;\">Wassily Kandinsky &#8211; Points le puzzle de 1000 pi\u00e8ces te fait d\u00e9couvrir le monde de l&rsquo;art abstrait. Pour Kandinsky, l&rsquo;art commence \u00e0 partir d&rsquo;un point. Il s&rsquo;agit d&rsquo;un petit morceau de couleur plac\u00e9 par l&rsquo;artiste sur la toile et selon son emplacement sur le plan du sol, il prendra une teinte diff\u00e9rente. Le point devient une force qui produit des effets profonds dans l&rsquo;esprit du spectateur.<\/span><\/p>\n<p><span style=\"font-weight: 400;\">Pour un amateur de puzzle de 1000 pi\u00e8ces, cette image complexe sera un beau d\u00e9fi. Apr\u00e8s un travail minutieux, tu seras le possesseur d&rsquo;une copie fid\u00e8le d&rsquo;une c\u00e9l\u00e8bre peinture abstraite <\/span><\/p>\n<p><span style=\"font-weight: 400;\">Caract\u00e9ristiques Puzzle d&rsquo;art Wassily Kandinsky &#8211; Points:<\/span><\/p>\n<p><strong>Taille de l&rsquo;image : 50 x 70 cm <\/strong><span style=\"font-weight: 400;\">Tu peux utiliser une table basse ordinaire pour soutenir les pi\u00e8ces.<\/span><\/p>\n<p><strong>Mat\u00e9riau du puzzle <\/strong><\/p>\n<p><strong>carton bleu de haute qualit\u00e9<\/strong><\/p>\n<p><strong>des mat\u00e9riaux durables et recyclables<\/strong><\/p>\n<p><strong>finition semi-brillante, couleurs vives<\/strong><\/p>\n<p><strong>Nombre de pi\u00e8ces de puzzle : 1000<\/strong><\/p>\n<p><strong>\u00c2ge recommand\u00e9 : 14+<\/strong><\/p>\n<p><strong>4 avantages du puzzle pour adultes<\/strong><\/p>\n<p><span style=\"font-weight: 400;\">Les jeux de r\u00e9flexion offrent \u00e0 la fois une d\u00e9tente bien m\u00e9rit\u00e9e et des avantages pour la sant\u00e9. Lis 4 d&rsquo;entre eux ci-dessous :<\/span><\/p>\n<p><strong>1. Active les fonctions cognitives <\/strong><span style=\"font-weight: 400;\">Les jeux de r\u00e9flexion sont un excellent entra\u00eenement c\u00e9r\u00e9bral, surtout pour les personnes qui ont pass\u00e9 la fleur de l&rsquo;\u00e2ge. Il a \u00e9t\u00e9 d\u00e9couvert que 30 minutes pass\u00e9es quotidiennement \u00e0 jouer \u00e0 un jeu de puzzle r\u00e9duisent le risque d&rsquo;Alzheimer et de d\u00e9mence.<\/span><\/p>\n<p><strong>2. R\u00e9duit l&rsquo;anxi\u00e9t\u00e9.<\/strong><span style=\"font-weight: 400;\"> Les jeux de puzzle induisent un \u00e9tat de calme qui aide \u00e0 g\u00e9rer le stress et l&rsquo;anxi\u00e9t\u00e9.<\/span><\/p>\n<p><strong>3. Coordination main-\u0153il <\/strong><span style=\"font-weight: 400;\">Pratiquer et am\u00e9liorer la motricit\u00e9 fine est un autre avantage que les puzzles pour adultes te procurent.<\/span><\/p>\n<p><strong>4. Favorise la socialisation<\/strong><span style=\"font-weight: 400;\">. Le contact social est tr\u00e8s important pour la sant\u00e9 g\u00e9n\u00e9rale. L&rsquo;isolement et le manque de communication avec les autres m\u00e8nent souvent \u00e0 la d\u00e9pression. Les jeux de r\u00e9flexion rassemblent des amis ou des membres de la famille et sont un bon moyen de renouer avec les autres.<\/span><\/p>\n<p><strong>Savais-tu que ces citations appartiennent \u00e0 Wassily Kandinsky ?<\/strong><\/p>\n<p><span style=\"font-weight: 400;\">Les citations ci-dessous t&rsquo;aideront aussi \u00e0 mieux comprendre la philosophie qui se cache derri\u00e8re l&rsquo;art abstrait du c\u00e9l\u00e8bre peintre :<\/span><\/p>\n<ul>\n<li><em><span style=\"font-weight: 400;\">\u00ab\u00a0Tout commence par un point\u00a0\u00bb.<\/span><\/em><\/li>\n<li><em><span style=\"font-weight: 400;\">\u00ab\u00a0L&rsquo;artiste doit entra\u00eener non seulement son \u0153il, mais aussi son \u00e2me\u00a0\u00bb.<\/span><\/em><\/li>\n<li><em><span style=\"font-weight: 400;\">\u00ab\u00a0Les objets g\u00e2chent les images\u00a0\u00bb.<\/span><\/em><\/li>\n<li><em><span style=\"font-weight: 400;\">\u00ab\u00a0La couleur est la cl\u00e9. L&rsquo;\u0153il est le marteau. L&rsquo;\u00e2me est le piano avec ses nombreux accords. L&rsquo;artiste est la main qui, en touchant telle ou telle touche, fait vibrer l&rsquo;\u00e2me automatiquement.\u00a0\u00bb<\/span><\/em><\/li>\n<li><em><span style=\"font-weight: 400;\">\u00ab\u00a0Chaque p\u00e9riode d&rsquo;une civilisation cr\u00e9e un art qui lui est propre et que nous ne verrons plus jamais rena\u00eetre. Tenter de faire revivre les principes de l&rsquo;art des si\u00e8cles pass\u00e9s ne peut que conduire \u00e0 la production d&rsquo;\u0153uvres mortes.\u00a0\u00bb<\/span><\/em><span style=\"font-weight: 400;\">.<\/span><\/li>\n<\/ul>\n<p><span style=\"font-weight: 400;\">Les puzzles d&rsquo;art sont plus que de simples jeux de d\u00e9tente. Ils t&#8217;emm\u00e8nent dans un monde color\u00e9 et t&rsquo;encouragent \u00e0 d\u00e9couvrir le symbolisme des tableaux c\u00e9l\u00e8bres. Si tu as envie de te d\u00e9connecter des probl\u00e8mes quotidiens et de te plonger dans les histoires enchanteresses et myst\u00e9rieuses des chefs-d&rsquo;\u0153uvre artistiques, les \u00e9nigmes artistiques sont le choix id\u00e9al.<\/span><\/p>\n<p><span style=\"font-weight: 400;\">Kandinsky est un artiste \u00e0 l&rsquo;\u0153uvre abstraite, mais qui laissera une impression profonde une fois que tu auras d\u00e9couvert ses significations cach\u00e9es. Ach\u00e8te le puzzle Wassily Kandinsky &#8211; Points de 1000 pi\u00e8ces, reconstruis l&rsquo;image et profite d&rsquo;une magnifique \u0153uvre d&rsquo;art.<\/span><\/p>\n<p><span style=\"font-weight: 400;\">Si tu cherches un cadeau pour un ami cher, le puzzle artistique Wassily Kandinsky &#8211; Points est un choix inspir\u00e9.<\/span><\/p>\n","protected":false},"excerpt":{"rendered":"<p>Tu es passionn\u00e9 par les puzzles de 1000 pi\u00e8ces ? D\u00e9couvre la plus grande collection de puzzles d&rsquo;art de Roumanie<\/p>\n","protected":false},"featured_media":63539,"template":"","meta":[],"product_brand":[],"product_cat":[2314,2315,2316],"product_tag":[],"class_list":{"0":"post-53211","1":"product","2":"type-product","3":"status-publish","4":"has-post-thumbnail","6":"product_cat-puzzles-fr","7":"product_cat-puzzles-pour-adultes","8":"product_cat-puzzles-de-1000-pieces","9":"pa_bax-10-fr","10":"pa_brand-d_toys-fr","11":"pa_country_of_manufacture-ro-fr","12":"pa_filter_age-14-fr","13":"pa_painter-wassilykandinsky-fr","14":"pa_tip_ambalaj-boite","15":"pa_tip_puzzle-classique","17":"first","18":"instock","19":"taxable","20":"shipping-taxable","21":"product-type-simple"},"yoast_head":"<!-- This site is optimized with the Yoast SEO plugin v20.1 - https:\/\/yoast.com\/wordpress\/plugins\/seo\/ -->\n<title>Puzzle Wassily Kandinsky adulte de 1000 pi\u00e8ces - Dots\/Dots<\/title>\n<meta name=\"description\" content=\"Puzzle Wassily Kandinsky adulte de 1000 pi\u00e8ces - Dots\/Dots\" \/>\n<meta name=\"robots\" content=\"index, follow, max-snippet:-1, max-image-preview:large, max-video-preview:-1\" \/>\n<link rel=\"canonical\" href=\"https:\/\/business.roovi.com\/fr\/puzzle-wassily-kandinsky-adulte-de-1000-pieces-dots-dots\/p\/\" \/>\n<meta property=\"og:locale\" content=\"fr_FR\" \/>\n<meta property=\"og:type\" content=\"article\" \/>\n<meta property=\"og:title\" content=\"Puzzle Wassily Kandinsky adulte de 1000 pi\u00e8ces - Dots\/Dots\" \/>\n<meta property=\"og:description\" content=\"Puzzle Wassily Kandinsky adulte de 1000 pi\u00e8ces - Dots\/Dots\" \/>\n<meta property=\"og:url\" content=\"https:\/\/business.roovi.com\/fr\/puzzle-wassily-kandinsky-adulte-de-1000-pieces-dots-dots\/p\/\" \/>\n<meta property=\"og:site_name\" content=\"Roovi B2B\" \/>\n<meta property=\"article:publisher\" content=\"https:\/\/www.facebook.com\/wwwjucariero\" \/>\n<meta property=\"article:modified_time\" content=\"2023-02-15T08:33:19+00:00\" \/>\n<meta property=\"og:image\" content=\"https:\/\/business.roovi.com\/wp-content\/uploads\/2018\/04\/72849-04_ansamblu_dimensiuni_cutie_cm_orizontal.png\" \/>\n\t<meta property=\"og:image:width\" content=\"1200\" \/>\n\t<meta property=\"og:image:height\" content=\"1200\" \/>\n\t<meta property=\"og:image:type\" content=\"image\/png\" \/>\n<meta name=\"twitter:label1\" content=\"Dur\u00e9e de lecture estim\u00e9e\" \/>\n\t<meta name=\"twitter:data1\" content=\"4 minutes\" \/>\n<script type=\"application\/ld+json\" class=\"yoast-schema-graph\">{\"@context\":\"https:\/\/schema.org\",\"@graph\":[{\"@type\":\"WebPage\",\"@id\":\"https:\/\/business.roovi.com\/fr\/puzzle-wassily-kandinsky-adulte-de-1000-pieces-dots-dots\/p\/\",\"url\":\"https:\/\/business.roovi.com\/fr\/puzzle-wassily-kandinsky-adulte-de-1000-pieces-dots-dots\/p\/\",\"name\":\"Puzzle Wassily Kandinsky adulte de 1000 pi\u00e8ces - Dots\/Dots\",\"isPartOf\":{\"@id\":\"https:\/\/business.roovi.com\/fr\/#website\"},\"datePublished\":\"2018-04-16T10:56:17+00:00\",\"dateModified\":\"2023-02-15T08:33:19+00:00\",\"description\":\"Puzzle Wassily Kandinsky adulte de 1000 pi\u00e8ces - Dots\/Dots\",\"breadcrumb\":{\"@id\":\"https:\/\/business.roovi.com\/fr\/puzzle-wassily-kandinsky-adulte-de-1000-pieces-dots-dots\/p\/#breadcrumb\"},\"inLanguage\":\"fr-FR\",\"potentialAction\":[{\"@type\":\"ReadAction\",\"target\":[\"https:\/\/business.roovi.com\/fr\/puzzle-wassily-kandinsky-adulte-de-1000-pieces-dots-dots\/p\/\"]}]},{\"@type\":\"BreadcrumbList\",\"@id\":\"https:\/\/business.roovi.com\/fr\/puzzle-wassily-kandinsky-adulte-de-1000-pieces-dots-dots\/p\/#breadcrumb\",\"itemListElement\":[{\"@type\":\"ListItem\",\"position\":1,\"name\":\"Home\",\"item\":\"https:\/\/business.roovi.com\/fr\/\"},{\"@type\":\"ListItem\",\"position\":2,\"name\":\"Boutique\",\"item\":\"https:\/\/business.roovi.com\/fr\/boutique\/\"},{\"@type\":\"ListItem\",\"position\":3,\"name\":\"Puzzle Wassily Kandinsky adulte de 1000 pi\u00e8ces &#8211; Points\"}]},{\"@type\":\"WebSite\",\"@id\":\"https:\/\/business.roovi.com\/fr\/#website\",\"url\":\"https:\/\/business.roovi.com\/fr\/\",\"name\":\"Roovi B2B\",\"description\":\"Roovi Business Website\",\"potentialAction\":[{\"@type\":\"SearchAction\",\"target\":{\"@type\":\"EntryPoint\",\"urlTemplate\":\"https:\/\/business.roovi.com\/fr\/?s={search_term_string}\"},\"query-input\":\"required name=search_term_string\"}],\"inLanguage\":\"fr-FR\"}]}<\/script>\n<!-- \/ Yoast SEO plugin. -->","yoast_head_json":{"title":"Puzzle Wassily Kandinsky adulte de 1000 pi\u00e8ces - Dots\/Dots","description":"Puzzle Wassily Kandinsky adulte de 1000 pi\u00e8ces - Dots\/Dots","robots":{"index":"index","follow":"follow","max-snippet":"max-snippet:-1","max-image-preview":"max-image-preview:large","max-video-preview":"max-video-preview:-1"},"canonical":"https:\/\/business.roovi.com\/fr\/puzzle-wassily-kandinsky-adulte-de-1000-pieces-dots-dots\/p\/","og_locale":"fr_FR","og_type":"article","og_title":"Puzzle Wassily Kandinsky adulte de 1000 pi\u00e8ces - Dots\/Dots","og_description":"Puzzle Wassily Kandinsky adulte de 1000 pi\u00e8ces - Dots\/Dots","og_url":"https:\/\/business.roovi.com\/fr\/puzzle-wassily-kandinsky-adulte-de-1000-pieces-dots-dots\/p\/","og_site_name":"Roovi B2B","article_publisher":"https:\/\/www.facebook.com\/wwwjucariero","article_modified_time":"2023-02-15T08:33:19+00:00","og_image":[{"width":1200,"height":1200,"url":"https:\/\/business.roovi.com\/wp-content\/uploads\/2018\/04\/72849-04_ansamblu_dimensiuni_cutie_cm_orizontal.png","type":"image\/png"}],"twitter_misc":{"Dur\u00e9e de lecture estim\u00e9e":"4 minutes"},"schema":{"@context":"https:\/\/schema.org","@graph":[{"@type":"WebPage","@id":"https:\/\/business.roovi.com\/fr\/puzzle-wassily-kandinsky-adulte-de-1000-pieces-dots-dots\/p\/","url":"https:\/\/business.roovi.com\/fr\/puzzle-wassily-kandinsky-adulte-de-1000-pieces-dots-dots\/p\/","name":"Puzzle Wassily Kandinsky adulte de 1000 pi\u00e8ces - Dots\/Dots","isPartOf":{"@id":"https:\/\/business.roovi.com\/fr\/#website"},"datePublished":"2018-04-16T10:56:17+00:00","dateModified":"2023-02-15T08:33:19+00:00","description":"Puzzle Wassily Kandinsky adulte de 1000 pi\u00e8ces - Dots\/Dots","breadcrumb":{"@id":"https:\/\/business.roovi.com\/fr\/puzzle-wassily-kandinsky-adulte-de-1000-pieces-dots-dots\/p\/#breadcrumb"},"inLanguage":"fr-FR","potentialAction":[{"@type":"ReadAction","target":["https:\/\/business.roovi.com\/fr\/puzzle-wassily-kandinsky-adulte-de-1000-pieces-dots-dots\/p\/"]}]},{"@type":"BreadcrumbList","@id":"https:\/\/business.roovi.com\/fr\/puzzle-wassily-kandinsky-adulte-de-1000-pieces-dots-dots\/p\/#breadcrumb","itemListElement":[{"@type":"ListItem","position":1,"name":"Home","item":"https:\/\/business.roovi.com\/fr\/"},{"@type":"ListItem","position":2,"name":"Boutique","item":"https:\/\/business.roovi.com\/fr\/boutique\/"},{"@type":"ListItem","position":3,"name":"Puzzle Wassily Kandinsky adulte de 1000 pi\u00e8ces &#8211; Points"}]},{"@type":"WebSite","@id":"https:\/\/business.roovi.com\/fr\/#website","url":"https:\/\/business.roovi.com\/fr\/","name":"Roovi B2B","description":"Roovi Business Website","potentialAction":[{"@type":"SearchAction","target":{"@type":"EntryPoint","urlTemplate":"https:\/\/business.roovi.com\/fr\/?s={search_term_string}"},"query-input":"required name=search_term_string"}],"inLanguage":"fr-FR"}]}},"_links":{"self":[{"href":"https:\/\/business.roovi.com\/fr\/wp-json\/wp\/v2\/product\/53211","targetHints":{"allow":["GET"]}}],"collection":[{"href":"https:\/\/business.roovi.com\/fr\/wp-json\/wp\/v2\/product"}],"about":[{"href":"https:\/\/business.roovi.com\/fr\/wp-json\/wp\/v2\/types\/product"}],"version-history":[{"count":0,"href":"https:\/\/business.roovi.com\/fr\/wp-json\/wp\/v2\/product\/53211\/revisions"}],"wp:featuredmedia":[{"embeddable":true,"href":"https:\/\/business.roovi.com\/fr\/wp-json\/wp\/v2\/media\/63539"}],"wp:attachment":[{"href":"https:\/\/business.roovi.com\/fr\/wp-json\/wp\/v2\/media?parent=53211"}],"wp:term":[{"taxonomy":"product_brand","embeddable":true,"href":"https:\/\/business.roovi.com\/fr\/wp-json\/wp\/v2\/product_brand?post=53211"},{"taxonomy":"product_cat","embeddable":true,"href":"https:\/\/business.roovi.com\/fr\/wp-json\/wp\/v2\/product_cat?post=53211"},{"taxonomy":"product_tag","embeddable":true,"href":"https:\/\/business.roovi.com\/fr\/wp-json\/wp\/v2\/product_tag?post=53211"}],"curies":[{"name":"wp","href":"https:\/\/api.w.org\/{rel}","templated":true}]}}