{"id":53214,"date":"2018-04-16T10:56:17","date_gmt":"2018-04-16T10:56:17","guid":{"rendered":"https:\/\/business.roovi.com\/puzzle-adulti-1000-piese-franz-marc-foxesvulpi\/p\/"},"modified":"2023-02-15T08:49:02","modified_gmt":"2023-02-15T08:49:02","slug":"puzzle-adulte-de-1000-pieces-franz-marc-renards-vulpi","status":"publish","type":"product","link":"https:\/\/business.roovi.com\/fr\/puzzle-adulte-de-1000-pieces-franz-marc-renards-vulpi\/p\/","title":{"rendered":"Puzzle adulte de 1000 pi\u00e8ces Franz Marc &#8211; Renards"},"content":{"rendered":"<p><span style=\"font-weight: 400;\">Bienvenue dans la plus grande galerie d&rsquo;art avec des puzzles de 1000 pi\u00e8ces ! Nous avons cr\u00e9\u00e9 pour toi des puzzles artistiques que tu peux transformer en objets d\u00e9coratifs \u00e9tonnants. D\u00e9couvre maintenant l&rsquo;offre compl\u00e8te de puzzles 1000 pi\u00e8ces et vis des exp\u00e9riences de d\u00e9tente uniques en assemblant des images de tableaux c\u00e9l\u00e8bres.<\/span><\/p>\n<p><span style=\"font-weight: 400;\">Le puzzle de 1000 pi\u00e8ces de Franz Marc &#8211; Renards est notre recommandation pour toi si tu aimes les d\u00e9fis de puzzle avec beaucoup de d\u00e9tails color\u00e9s. Dans ce puzzle artistique, tu trouveras une composition cristalline qui ressemble aux vitraux color\u00e9s des \u00e9glises m\u00e9di\u00e9vales <\/span><\/p>\n<p><span style=\"font-weight: 400;\">Inspir\u00e9 par le cubisme fran\u00e7ais, l&rsquo;artiste pr\u00e9sente <\/span><em><span style=\"font-weight: 400;\">Renards<\/span><\/em><span style=\"font-weight: 400;\"> compos\u00e9 de formes abstraites dans des couleurs harmonis\u00e9es. Reconstruis cette image et cr\u00e9e une peinture impressionniste qui donnera \u00e0 ta maison une touche raffin\u00e9e. Utilise une table basse standard pour soutenir les pi\u00e8ces. L&rsquo;image finale mesure 50 x 70 cm.<\/span><\/p>\n<p><span style=\"font-weight: 400;\">Autres caract\u00e9ristiques du puzzle artistique Franz Marc &#8211; Renards\/Vulpi :<\/span><\/p>\n<p><strong>Mat\u00e9riau du puzzle <\/strong><\/p>\n<p><strong>carton bleu de haute qualit\u00e9<\/strong><\/p>\n<p><strong>des mat\u00e9riaux durables et recyclables<\/strong><\/p>\n<p><strong>finition semi-brillante, couleurs vives<\/strong><\/p>\n<p><strong>Nombre de pi\u00e8ces de puzzle : 1000<\/strong><\/p>\n<p><strong>\u00c2ge recommand\u00e9 : 14+<\/strong><\/p>\n<p><strong>Les jeux de puzzle aident \u00e0 am\u00e9liorer la perception visuelle et spatiale<\/strong><\/p>\n<p><span style=\"font-weight: 400;\">La perception visuelle et spatiale t&rsquo;aide \u00e0 \u00eatre en harmonie avec le monde qui t&rsquo;entoure. En vieillissant, cette capacit\u00e9 diminue. Les jeux de puzzle stimulent ces capacit\u00e9s et t&rsquo;aident \u00e0 les am\u00e9liorer.<\/span><\/p>\n<p><span style=\"font-weight: 400;\">En outre, tu peux profiter d&rsquo;autres avantages gr\u00e2ce aux jeux de r\u00e9flexion :<\/span><\/p>\n<p><span style=\"font-weight: 400;\">Tu \u00e9tablis des connexions c\u00e9r\u00e9brales profondes.<\/span><\/p>\n<p><span style=\"font-weight: 400;\">Tu am\u00e9liores ta confiance en toi.<\/span><\/p>\n<p><span style=\"font-weight: 400;\">Tu soulages le stress.<\/span><\/p>\n<p><span style=\"font-weight: 400;\">Tu jouis d&rsquo;une meilleure humeur g\u00e9n\u00e9rale.<\/span><\/p>\n<p><strong>Tu connaissais Franz Marc?<\/strong><\/p>\n<p><span style=\"font-weight: 400;\">Il est l&rsquo;un des peintres impressionnistes allemands les plus repr\u00e9sentatifs.<\/span><\/p>\n<p><span style=\"font-weight: 400;\">Ses peintures matures repr\u00e9sentent principalement des animaux aux couleurs vives.<\/span><\/p>\n<p><span style=\"font-weight: 400;\">Il est mort pendant la Premi\u00e8re Guerre mondiale, lors de la bataille de Verdun.<\/span><\/p>\n<p><span style=\"font-weight: 400;\">Les nazis l&rsquo;ont mis sur la liste des artistes d\u00e9g\u00e9n\u00e9r\u00e9s et ont interdit son travail. Cependant, la plupart de ses travaux ont surv\u00e9cu \u00e0 la Seconde Guerre mondiale.<\/span><\/p>\n<p><span style=\"font-weight: 400;\">Sa peinture la plus ch\u00e8re &#8211; <\/span><em><span style=\"font-weight: 400;\">Weidende Pferde III<\/span><\/em> <em><span style=\"font-weight: 400;\">\/Grazing Horses III &#8211; <\/span><\/em><span style=\"font-weight: 400;\">s&rsquo;est vendu pour la somme fabuleuse de 12 340 500 \u00a3 <\/span><\/p>\n<p><strong>Les \u00e9nigmes artistiques te d\u00e9connectent des probl\u00e8mes quotidiens<\/strong><\/p>\n<p><span style=\"font-weight: 400;\">Tu veux t&rsquo;\u00e9chapper du quotidien et chercher une activit\u00e9 saine ? Les puzzles artistiques sont la solution id\u00e9ale pour rompre la monotonie des soir\u00e9es d&rsquo;automne et s&rsquo;\u00e9vader dans un monde paisible. De plus, tu b\u00e9n\u00e9ficies aussi d&rsquo;autres avantages :<\/span><\/p>\n<p><span style=\"font-weight: 400;\">Tu d\u00e9veloppes ton sens de l&rsquo;esth\u00e9tique<\/span><\/p>\n<p><span style=\"font-weight: 400;\">Tu recr\u00e9es des images d&rsquo;\u0153uvres d&rsquo;art \u00e9tablies et tu appr\u00e9cies chaque d\u00e9tail des coups de pinceau de l&rsquo;artiste.<\/span><\/p>\n<p><span style=\"font-weight: 400;\">Tu obtiens de superbes peintures pour d\u00e9corer ta maison.<\/span><\/p>\n<p><span style=\"font-weight: 400;\">Tu d\u00e9veloppes tes comp\u00e9tences en mati\u00e8re de puzzles pour adultes.<\/span><\/p>\n<p><span style=\"font-weight: 400;\">Ach\u00e8te maintenant un puzzle Franz Marc &#8211; Renards de 1000 pi\u00e8ces et profite de tous les avantages qu&rsquo;un puzzle d&rsquo;art a \u00e0 offrir ! Compl\u00e8te ta collection d&rsquo;art avec ce puzzle de 1000 pi\u00e8ces color\u00e9 et harmonieux. Si tu cherches un cadeau pour quelqu&rsquo;un de sp\u00e9cial, le puzzle Franz Marc &#8211; Renards de 1000 pi\u00e8ces peut \u00eatre l&rsquo;option id\u00e9ale.<\/span><\/p>\n","protected":false},"excerpt":{"rendered":"<p>Bienvenue dans la plus grande galerie d&rsquo;art avec des puzzles de 1000 pi\u00e8ces ! Nous avons cr\u00e9\u00e9 pour toi des<\/p>\n","protected":false},"featured_media":63497,"template":"","meta":[],"product_brand":[],"product_cat":[2314,2316,2315],"product_tag":[],"class_list":{"0":"post-53214","1":"product","2":"type-product","3":"status-publish","4":"has-post-thumbnail","6":"product_cat-puzzles-fr","7":"product_cat-puzzles-de-1000-pieces","8":"product_cat-puzzles-pour-adultes","9":"pa_bax-10-fr","10":"pa_brand-d_toys-fr","11":"pa_country_of_manufacture-ro-fr","12":"pa_filter_age-14-fr","13":"pa_painter-franzmarc-fr","14":"pa_tip_ambalaj-boite","15":"pa_tip_puzzle-classique","17":"first","18":"instock","19":"taxable","20":"shipping-taxable","21":"product-type-simple"},"yoast_head":"<!-- This site is optimized with the Yoast SEO plugin v20.1 - https:\/\/yoast.com\/wordpress\/plugins\/seo\/ -->\n<title>Puzzle adulte de 1000 pi\u00e8ces Franz Marc - Renards\/Vulpi<\/title>\n<meta name=\"description\" content=\"Puzzle adulte de 1000 pi\u00e8ces Franz Marc - Renards\/Vulpi\" \/>\n<meta name=\"robots\" content=\"index, follow, max-snippet:-1, max-image-preview:large, max-video-preview:-1\" \/>\n<link rel=\"canonical\" href=\"https:\/\/business.roovi.com\/fr\/puzzle-adulte-de-1000-pieces-franz-marc-renards-vulpi\/p\/\" \/>\n<meta property=\"og:locale\" content=\"fr_FR\" \/>\n<meta property=\"og:type\" content=\"article\" \/>\n<meta property=\"og:title\" content=\"Puzzle adulte de 1000 pi\u00e8ces Franz Marc - Renards\/Vulpi\" \/>\n<meta property=\"og:description\" content=\"Puzzle adulte de 1000 pi\u00e8ces Franz Marc - Renards\/Vulpi\" \/>\n<meta property=\"og:url\" content=\"https:\/\/business.roovi.com\/fr\/puzzle-adulte-de-1000-pieces-franz-marc-renards-vulpi\/p\/\" \/>\n<meta property=\"og:site_name\" content=\"Roovi B2B\" \/>\n<meta property=\"article:publisher\" content=\"https:\/\/www.facebook.com\/wwwjucariero\" \/>\n<meta property=\"article:modified_time\" content=\"2023-02-15T08:49:02+00:00\" \/>\n<meta property=\"og:image\" content=\"https:\/\/business.roovi.com\/wp-content\/uploads\/2018\/04\/72856-01_ansamblu_dimensiuni_cutie_cm_vertical.png\" \/>\n\t<meta property=\"og:image:width\" content=\"1200\" \/>\n\t<meta property=\"og:image:height\" content=\"1200\" \/>\n\t<meta property=\"og:image:type\" content=\"image\/png\" \/>\n<meta name=\"twitter:label1\" content=\"Dur\u00e9e de lecture estim\u00e9e\" \/>\n\t<meta name=\"twitter:data1\" content=\"3 minutes\" \/>\n<script type=\"application\/ld+json\" class=\"yoast-schema-graph\">{\"@context\":\"https:\/\/schema.org\",\"@graph\":[{\"@type\":\"WebPage\",\"@id\":\"https:\/\/business.roovi.com\/fr\/puzzle-adulte-de-1000-pieces-franz-marc-renards-vulpi\/p\/\",\"url\":\"https:\/\/business.roovi.com\/fr\/puzzle-adulte-de-1000-pieces-franz-marc-renards-vulpi\/p\/\",\"name\":\"Puzzle adulte de 1000 pi\u00e8ces Franz Marc - Renards\/Vulpi\",\"isPartOf\":{\"@id\":\"https:\/\/business.roovi.com\/fr\/#website\"},\"datePublished\":\"2018-04-16T10:56:17+00:00\",\"dateModified\":\"2023-02-15T08:49:02+00:00\",\"description\":\"Puzzle adulte de 1000 pi\u00e8ces Franz Marc - Renards\/Vulpi\",\"breadcrumb\":{\"@id\":\"https:\/\/business.roovi.com\/fr\/puzzle-adulte-de-1000-pieces-franz-marc-renards-vulpi\/p\/#breadcrumb\"},\"inLanguage\":\"fr-FR\",\"potentialAction\":[{\"@type\":\"ReadAction\",\"target\":[\"https:\/\/business.roovi.com\/fr\/puzzle-adulte-de-1000-pieces-franz-marc-renards-vulpi\/p\/\"]}]},{\"@type\":\"BreadcrumbList\",\"@id\":\"https:\/\/business.roovi.com\/fr\/puzzle-adulte-de-1000-pieces-franz-marc-renards-vulpi\/p\/#breadcrumb\",\"itemListElement\":[{\"@type\":\"ListItem\",\"position\":1,\"name\":\"Home\",\"item\":\"https:\/\/business.roovi.com\/fr\/\"},{\"@type\":\"ListItem\",\"position\":2,\"name\":\"Boutique\",\"item\":\"https:\/\/business.roovi.com\/fr\/boutique\/\"},{\"@type\":\"ListItem\",\"position\":3,\"name\":\"Puzzle adulte de 1000 pi\u00e8ces Franz Marc &#8211; Renards\"}]},{\"@type\":\"WebSite\",\"@id\":\"https:\/\/business.roovi.com\/fr\/#website\",\"url\":\"https:\/\/business.roovi.com\/fr\/\",\"name\":\"Roovi B2B\",\"description\":\"Roovi Business Website\",\"potentialAction\":[{\"@type\":\"SearchAction\",\"target\":{\"@type\":\"EntryPoint\",\"urlTemplate\":\"https:\/\/business.roovi.com\/fr\/?s={search_term_string}\"},\"query-input\":\"required name=search_term_string\"}],\"inLanguage\":\"fr-FR\"}]}<\/script>\n<!-- \/ Yoast SEO plugin. -->","yoast_head_json":{"title":"Puzzle adulte de 1000 pi\u00e8ces Franz Marc - Renards\/Vulpi","description":"Puzzle adulte de 1000 pi\u00e8ces Franz Marc - Renards\/Vulpi","robots":{"index":"index","follow":"follow","max-snippet":"max-snippet:-1","max-image-preview":"max-image-preview:large","max-video-preview":"max-video-preview:-1"},"canonical":"https:\/\/business.roovi.com\/fr\/puzzle-adulte-de-1000-pieces-franz-marc-renards-vulpi\/p\/","og_locale":"fr_FR","og_type":"article","og_title":"Puzzle adulte de 1000 pi\u00e8ces Franz Marc - Renards\/Vulpi","og_description":"Puzzle adulte de 1000 pi\u00e8ces Franz Marc - Renards\/Vulpi","og_url":"https:\/\/business.roovi.com\/fr\/puzzle-adulte-de-1000-pieces-franz-marc-renards-vulpi\/p\/","og_site_name":"Roovi B2B","article_publisher":"https:\/\/www.facebook.com\/wwwjucariero","article_modified_time":"2023-02-15T08:49:02+00:00","og_image":[{"width":1200,"height":1200,"url":"https:\/\/business.roovi.com\/wp-content\/uploads\/2018\/04\/72856-01_ansamblu_dimensiuni_cutie_cm_vertical.png","type":"image\/png"}],"twitter_misc":{"Dur\u00e9e de lecture estim\u00e9e":"3 minutes"},"schema":{"@context":"https:\/\/schema.org","@graph":[{"@type":"WebPage","@id":"https:\/\/business.roovi.com\/fr\/puzzle-adulte-de-1000-pieces-franz-marc-renards-vulpi\/p\/","url":"https:\/\/business.roovi.com\/fr\/puzzle-adulte-de-1000-pieces-franz-marc-renards-vulpi\/p\/","name":"Puzzle adulte de 1000 pi\u00e8ces Franz Marc - Renards\/Vulpi","isPartOf":{"@id":"https:\/\/business.roovi.com\/fr\/#website"},"datePublished":"2018-04-16T10:56:17+00:00","dateModified":"2023-02-15T08:49:02+00:00","description":"Puzzle adulte de 1000 pi\u00e8ces Franz Marc - Renards\/Vulpi","breadcrumb":{"@id":"https:\/\/business.roovi.com\/fr\/puzzle-adulte-de-1000-pieces-franz-marc-renards-vulpi\/p\/#breadcrumb"},"inLanguage":"fr-FR","potentialAction":[{"@type":"ReadAction","target":["https:\/\/business.roovi.com\/fr\/puzzle-adulte-de-1000-pieces-franz-marc-renards-vulpi\/p\/"]}]},{"@type":"BreadcrumbList","@id":"https:\/\/business.roovi.com\/fr\/puzzle-adulte-de-1000-pieces-franz-marc-renards-vulpi\/p\/#breadcrumb","itemListElement":[{"@type":"ListItem","position":1,"name":"Home","item":"https:\/\/business.roovi.com\/fr\/"},{"@type":"ListItem","position":2,"name":"Boutique","item":"https:\/\/business.roovi.com\/fr\/boutique\/"},{"@type":"ListItem","position":3,"name":"Puzzle adulte de 1000 pi\u00e8ces Franz Marc &#8211; Renards"}]},{"@type":"WebSite","@id":"https:\/\/business.roovi.com\/fr\/#website","url":"https:\/\/business.roovi.com\/fr\/","name":"Roovi B2B","description":"Roovi Business Website","potentialAction":[{"@type":"SearchAction","target":{"@type":"EntryPoint","urlTemplate":"https:\/\/business.roovi.com\/fr\/?s={search_term_string}"},"query-input":"required name=search_term_string"}],"inLanguage":"fr-FR"}]}},"_links":{"self":[{"href":"https:\/\/business.roovi.com\/fr\/wp-json\/wp\/v2\/product\/53214","targetHints":{"allow":["GET"]}}],"collection":[{"href":"https:\/\/business.roovi.com\/fr\/wp-json\/wp\/v2\/product"}],"about":[{"href":"https:\/\/business.roovi.com\/fr\/wp-json\/wp\/v2\/types\/product"}],"version-history":[{"count":0,"href":"https:\/\/business.roovi.com\/fr\/wp-json\/wp\/v2\/product\/53214\/revisions"}],"wp:featuredmedia":[{"embeddable":true,"href":"https:\/\/business.roovi.com\/fr\/wp-json\/wp\/v2\/media\/63497"}],"wp:attachment":[{"href":"https:\/\/business.roovi.com\/fr\/wp-json\/wp\/v2\/media?parent=53214"}],"wp:term":[{"taxonomy":"product_brand","embeddable":true,"href":"https:\/\/business.roovi.com\/fr\/wp-json\/wp\/v2\/product_brand?post=53214"},{"taxonomy":"product_cat","embeddable":true,"href":"https:\/\/business.roovi.com\/fr\/wp-json\/wp\/v2\/product_cat?post=53214"},{"taxonomy":"product_tag","embeddable":true,"href":"https:\/\/business.roovi.com\/fr\/wp-json\/wp\/v2\/product_tag?post=53214"}],"curies":[{"name":"wp","href":"https:\/\/api.w.org\/{rel}","templated":true}]}}