{"id":53217,"date":"2018-04-16T10:56:17","date_gmt":"2018-04-16T10:56:17","guid":{"rendered":"https:\/\/business.roovi.com\/puzzle-adulti-1000-piese-franz-marc-blue-horsecal-albastru-2\/p\/"},"modified":"2023-02-15T08:43:53","modified_gmt":"2023-02-15T08:43:53","slug":"puzzle-adulte-1000-pieces-franz-marc-cheval-bleu-cal-bleu","status":"publish","type":"product","link":"https:\/\/business.roovi.com\/fr\/puzzle-adulte-1000-pieces-franz-marc-cheval-bleu-cal-bleu\/p\/","title":{"rendered":"Puzzle adulte 1000 pi\u00e8ces Franz Marc &#8211; Cheval bleu"},"content":{"rendered":"<p><span style=\"font-weight: 400;\">Tu cherches une activit\u00e9 qui te d\u00e9tendra et te gardera loin des \u00e9crans ? Avec la plus grande collection de puzzles artistiques, tu te d\u00e9taches des soucis quotidiens et tu entres dans une connexion profonde avec toi-m\u00eame. Assemble le puzzle de 1000 pi\u00e8ces et vis une exp\u00e9rience incroyable ! <\/span><\/p>\n<p><span style=\"font-weight: 400;\">Le puzzle Franz Marc de 1000 pi\u00e8ces &#8211; Blue Horse t&rsquo;invite \u00e0 assembler l&rsquo;image du tableau le plus c\u00e9l\u00e8bre de l&rsquo;artiste allemand. L&rsquo;\u0153uvre a un symbolisme particulier car pour Marc, le bleu repr\u00e9sente le principe spirituel. L&rsquo;auteur a associ\u00e9 ce symbole \u00e0 un animal noble : le cheval, et le r\u00e9sultat est un chef-d&rsquo;\u0153uvre immortel.<\/span><\/p>\n<p><span style=\"font-weight: 400;\">Tu peux maintenant avoir une copie fid\u00e8le de cette superbe peinture. Arme-toi de patience, rapproche la table basse de ton salon et assemble les \u0153uvres d&rsquo;art. Tu as jusqu&rsquo;\u00e0 30 heures de plaisir relaxant en compagnie de ce puzzle de 1000 pi\u00e8ces.<\/span><\/p>\n<p><span style=\"font-weight: 400;\">Lis plus bas le puzzle artistique Cheval bleu de Franz Marc :<\/span><\/p>\n<p><strong>Dimensions de l&rsquo;image reproduite : 50 x 70 cm.<\/strong><\/p>\n<p><strong>Mat\u00e9riau du puzzle <\/strong><\/p>\n<p><strong>carton bleu de haute qualit\u00e9<\/strong><\/p>\n<p><strong>des mat\u00e9riaux durables et recyclables<\/strong><\/p>\n<p><strong>finition semi-brillante, couleurs vives<\/strong><\/p>\n<p><strong>Nombre de pi\u00e8ces de puzzle : 1000<\/strong><\/p>\n<p><strong>\u00c2ge recommand\u00e9 : 14+<\/strong><\/p>\n<p><span style=\"font-weight: 400;\">Coller pi\u00e8ce par pi\u00e8ce dans un puzzle de 1000 est \u00e0 la fois une activit\u00e9 relaxante et une bonne occasion de d\u00e9velopper de nombreuses comp\u00e9tences :<\/span><\/p>\n<p><strong>L&rsquo;attention au d\u00e9tail<\/strong><span style=\"font-weight: 400;\"> &#8211; Remarquer chaque nuance de la grande image, ainsi que les fines diff\u00e9rences qui rendent chaque pi\u00e8ce du puzzle 1000 unique, est un excellent entra\u00eenement de l&rsquo;attention.<\/span><\/p>\n<p><strong>Pers\u00e9v\u00e9rance<\/strong><span style=\"font-weight: 400;\"> &#8211; Le jeu de puzzle est comme un voyage vers le sommet d&rsquo;une montagne : tu arrives au sommet par petites \u00e9tapes et tu profites de l&rsquo;aventure au fur et \u00e0 mesure, sans abandonner.<\/span><\/p>\n<p><strong>M\u00e9moire<\/strong><span style=\"font-weight: 400;\"> &#8211; Assembler le puzzle de 1000 pi\u00e8ces entra\u00eene ta m\u00e9moire en te rappelant presque inconsciemment les formes des pi\u00e8ces ou les diff\u00e9rentes positions dans lesquelles tu dois placer les pi\u00e8ces du puzzle.<\/span><\/p>\n<p><strong>Comp\u00e9tences en r\u00e9solution de probl\u00e8mes<\/strong><span style=\"font-weight: 400;\"> &#8211; un puzzle de 1000 pi\u00e8ces est un probl\u00e8me compos\u00e9 de&#8230; 1000 pi\u00e8ces ! M\u00eame s&rsquo;il semble difficile de les mettre tous au bon endroit, avec beaucoup de d\u00e9termination, tu y arrives \u00e0 chaque fois. Cet exercice t&rsquo;entra\u00eene aussi \u00e0 r\u00e9soudre d&rsquo;autres probl\u00e8mes difficiles dans ta vie.<\/span><\/p>\n<p><strong>Qui \u00e9tait Franz Marc ?<\/strong><\/p>\n<p><span style=\"font-weight: 400;\">L&rsquo;un des peintres allemands les plus embl\u00e9matiques, connu pour le mysticisme intense de ses peintures d&rsquo;animaux.<\/span><\/p>\n<p><span style=\"font-weight: 400;\">Il a \u00e9t\u00e9 profond\u00e9ment influenc\u00e9 par les \u0153uvres de Van Gogh.<\/span><\/p>\n<p><span style=\"font-weight: 400;\">Avec le peintre <\/span><span style=\"font-weight: 400;\">Wassily Kandinsky a form\u00e9 le groupe <\/span><em><span style=\"font-weight: 400;\">Der Blaue Reiter &#8211; \u00ab\u00a0The Blue Rider\u00a0\u00bb (le cavalier bleu)<\/span><\/em><span style=\"font-weight: 400;\"> qui soutenait l&rsquo;id\u00e9e que l&rsquo;\u00e9nergie mystique se r\u00e9v\u00e8le mieux par l&rsquo;abstraction <\/span><\/p>\n<p><span style=\"font-weight: 400;\">Dans ses peintures, chaque couleur \u00e9tait un symbole : il utilisait le bleu pour la masculinit\u00e9 et la spiritualit\u00e9, le jaune et les couleurs claires pour la f\u00e9minit\u00e9 et la joie, et le rouge repr\u00e9sentait souvent la violence<\/span><\/p>\n<p><span style=\"font-weight: 400;\">En 1930, les nazis ont retir\u00e9 ses \u0153uvres des mus\u00e9es allemands, le pla\u00e7ant sur la liste des artistes d\u00e9g\u00e9n\u00e9r\u00e9s.<\/span><\/p>\n<p><span style=\"font-weight: 400;\">Il est mort \u00e0 seulement 36 ans pendant la Premi\u00e8re Guerre mondiale, sur les lignes de front du <\/span><span style=\"font-weight: 400;\">Le front de Verdun.<\/span><\/p>\n<p><strong>Les puzzles d&rsquo;art apportent sourires et bonheur<\/strong><\/p>\n<p><span style=\"font-weight: 400;\">Assembler un puzzle artistique n&rsquo;est pas seulement une cause de d\u00e9tente, mais aussi de joie. Et c&rsquo;est parce que plus de dopamine est s\u00e9cr\u00e9t\u00e9e dans le cerveau pendant cette activit\u00e9. C&rsquo;est une substance naturelle qui est responsable de l&rsquo;optimisme et du bonheur. Cela explique l&rsquo;incroyable satisfaction que tu ressens lorsque tu as pos\u00e9 la derni\u00e8re pi\u00e8ce du puzzle 1000 !<\/span><\/p>\n<p><span style=\"font-weight: 400;\">Acheter un puzzle de 1000 pi\u00e8ces <\/span><span style=\"font-weight: 400;\">Franz Marc &#8211; Blue Horse et profite de tous les avantages que cette activit\u00e9 relaxante a \u00e0 offrir ! D\u00e9couvre les images des tableaux les plus c\u00e9l\u00e8bres du monde dans notre collection de puzzles d&rsquo;art, ajoute-les \u00e0 ton panier virtuel et cr\u00e9e ta propre collection d&rsquo;art originale.<\/span><\/p>\n<p><span style=\"font-weight: 400;\">Tu cherches un cadeau d&rsquo;anniversaire ? Puzzles d&rsquo;art <\/span><span style=\"font-weight: 400;\">Franz Marc &#8211; Blue Horse est le meilleur choix.<\/span><\/p>\n","protected":false},"excerpt":{"rendered":"<p>Tu cherches une activit\u00e9 qui te d\u00e9tendra et te gardera loin des \u00e9crans ? Avec la plus grande collection de<\/p>\n","protected":false},"featured_media":63503,"template":"","meta":[],"product_brand":[],"product_cat":[2314,2316,2315],"product_tag":[],"class_list":{"0":"post-53217","1":"product","2":"type-product","3":"status-publish","4":"has-post-thumbnail","6":"product_cat-puzzles-fr","7":"product_cat-puzzles-de-1000-pieces","8":"product_cat-puzzles-pour-adultes","9":"pa_bax-10-fr","10":"pa_brand-d_toys-fr","11":"pa_country_of_manufacture-ro-fr","12":"pa_filter_age-14-fr","13":"pa_painter-franzmarc-fr","14":"pa_tip_ambalaj-boite","15":"pa_tip_puzzle-classique","17":"first","18":"instock","19":"taxable","20":"shipping-taxable","21":"product-type-simple"},"yoast_head":"<!-- This site is optimized with the Yoast SEO plugin v20.1 - https:\/\/yoast.com\/wordpress\/plugins\/seo\/ -->\n<title>Puzzle adulte 1000 pi\u00e8ces Franz Marc - Cheval bleu\/Cal bleu<\/title>\n<meta name=\"description\" content=\"Puzzle adulte 1000 pi\u00e8ces Franz Marc - Cheval bleu\/Cal bleu\" \/>\n<meta name=\"robots\" content=\"index, follow, max-snippet:-1, max-image-preview:large, max-video-preview:-1\" \/>\n<link rel=\"canonical\" href=\"https:\/\/business.roovi.com\/fr\/puzzle-adulte-1000-pieces-franz-marc-cheval-bleu-cal-bleu\/p\/\" \/>\n<meta property=\"og:locale\" content=\"fr_FR\" \/>\n<meta property=\"og:type\" content=\"article\" \/>\n<meta property=\"og:title\" content=\"Puzzle adulte 1000 pi\u00e8ces Franz Marc - Cheval bleu\/Cal bleu\" \/>\n<meta property=\"og:description\" content=\"Puzzle adulte 1000 pi\u00e8ces Franz Marc - Cheval bleu\/Cal bleu\" \/>\n<meta property=\"og:url\" content=\"https:\/\/business.roovi.com\/fr\/puzzle-adulte-1000-pieces-franz-marc-cheval-bleu-cal-bleu\/p\/\" \/>\n<meta property=\"og:site_name\" content=\"Roovi B2B\" \/>\n<meta property=\"article:publisher\" content=\"https:\/\/www.facebook.com\/wwwjucariero\" \/>\n<meta property=\"article:modified_time\" content=\"2023-02-15T08:43:53+00:00\" \/>\n<meta property=\"og:image\" content=\"https:\/\/business.roovi.com\/wp-content\/uploads\/2018\/04\/72856-02_ansamblu_dimensiuni_cutie_cm_vertical.png\" \/>\n\t<meta property=\"og:image:width\" content=\"1200\" \/>\n\t<meta property=\"og:image:height\" content=\"1200\" \/>\n\t<meta property=\"og:image:type\" content=\"image\/png\" \/>\n<meta name=\"twitter:label1\" content=\"Dur\u00e9e de lecture estim\u00e9e\" \/>\n\t<meta name=\"twitter:data1\" content=\"4 minutes\" \/>\n<script type=\"application\/ld+json\" class=\"yoast-schema-graph\">{\"@context\":\"https:\/\/schema.org\",\"@graph\":[{\"@type\":\"WebPage\",\"@id\":\"https:\/\/business.roovi.com\/fr\/puzzle-adulte-1000-pieces-franz-marc-cheval-bleu-cal-bleu\/p\/\",\"url\":\"https:\/\/business.roovi.com\/fr\/puzzle-adulte-1000-pieces-franz-marc-cheval-bleu-cal-bleu\/p\/\",\"name\":\"Puzzle adulte 1000 pi\u00e8ces Franz Marc - Cheval bleu\/Cal bleu\",\"isPartOf\":{\"@id\":\"https:\/\/business.roovi.com\/fr\/#website\"},\"datePublished\":\"2018-04-16T10:56:17+00:00\",\"dateModified\":\"2023-02-15T08:43:53+00:00\",\"description\":\"Puzzle adulte 1000 pi\u00e8ces Franz Marc - Cheval bleu\/Cal bleu\",\"breadcrumb\":{\"@id\":\"https:\/\/business.roovi.com\/fr\/puzzle-adulte-1000-pieces-franz-marc-cheval-bleu-cal-bleu\/p\/#breadcrumb\"},\"inLanguage\":\"fr-FR\",\"potentialAction\":[{\"@type\":\"ReadAction\",\"target\":[\"https:\/\/business.roovi.com\/fr\/puzzle-adulte-1000-pieces-franz-marc-cheval-bleu-cal-bleu\/p\/\"]}]},{\"@type\":\"BreadcrumbList\",\"@id\":\"https:\/\/business.roovi.com\/fr\/puzzle-adulte-1000-pieces-franz-marc-cheval-bleu-cal-bleu\/p\/#breadcrumb\",\"itemListElement\":[{\"@type\":\"ListItem\",\"position\":1,\"name\":\"Home\",\"item\":\"https:\/\/business.roovi.com\/fr\/\"},{\"@type\":\"ListItem\",\"position\":2,\"name\":\"Boutique\",\"item\":\"https:\/\/business.roovi.com\/fr\/boutique\/\"},{\"@type\":\"ListItem\",\"position\":3,\"name\":\"Puzzle adulte 1000 pi\u00e8ces Franz Marc &#8211; Cheval bleu\"}]},{\"@type\":\"WebSite\",\"@id\":\"https:\/\/business.roovi.com\/fr\/#website\",\"url\":\"https:\/\/business.roovi.com\/fr\/\",\"name\":\"Roovi B2B\",\"description\":\"Roovi Business Website\",\"potentialAction\":[{\"@type\":\"SearchAction\",\"target\":{\"@type\":\"EntryPoint\",\"urlTemplate\":\"https:\/\/business.roovi.com\/fr\/?s={search_term_string}\"},\"query-input\":\"required name=search_term_string\"}],\"inLanguage\":\"fr-FR\"}]}<\/script>\n<!-- \/ Yoast SEO plugin. -->","yoast_head_json":{"title":"Puzzle adulte 1000 pi\u00e8ces Franz Marc - Cheval bleu\/Cal bleu","description":"Puzzle adulte 1000 pi\u00e8ces Franz Marc - Cheval bleu\/Cal bleu","robots":{"index":"index","follow":"follow","max-snippet":"max-snippet:-1","max-image-preview":"max-image-preview:large","max-video-preview":"max-video-preview:-1"},"canonical":"https:\/\/business.roovi.com\/fr\/puzzle-adulte-1000-pieces-franz-marc-cheval-bleu-cal-bleu\/p\/","og_locale":"fr_FR","og_type":"article","og_title":"Puzzle adulte 1000 pi\u00e8ces Franz Marc - Cheval bleu\/Cal bleu","og_description":"Puzzle adulte 1000 pi\u00e8ces Franz Marc - Cheval bleu\/Cal bleu","og_url":"https:\/\/business.roovi.com\/fr\/puzzle-adulte-1000-pieces-franz-marc-cheval-bleu-cal-bleu\/p\/","og_site_name":"Roovi B2B","article_publisher":"https:\/\/www.facebook.com\/wwwjucariero","article_modified_time":"2023-02-15T08:43:53+00:00","og_image":[{"width":1200,"height":1200,"url":"https:\/\/business.roovi.com\/wp-content\/uploads\/2018\/04\/72856-02_ansamblu_dimensiuni_cutie_cm_vertical.png","type":"image\/png"}],"twitter_misc":{"Dur\u00e9e de lecture estim\u00e9e":"4 minutes"},"schema":{"@context":"https:\/\/schema.org","@graph":[{"@type":"WebPage","@id":"https:\/\/business.roovi.com\/fr\/puzzle-adulte-1000-pieces-franz-marc-cheval-bleu-cal-bleu\/p\/","url":"https:\/\/business.roovi.com\/fr\/puzzle-adulte-1000-pieces-franz-marc-cheval-bleu-cal-bleu\/p\/","name":"Puzzle adulte 1000 pi\u00e8ces Franz Marc - Cheval bleu\/Cal bleu","isPartOf":{"@id":"https:\/\/business.roovi.com\/fr\/#website"},"datePublished":"2018-04-16T10:56:17+00:00","dateModified":"2023-02-15T08:43:53+00:00","description":"Puzzle adulte 1000 pi\u00e8ces Franz Marc - Cheval bleu\/Cal bleu","breadcrumb":{"@id":"https:\/\/business.roovi.com\/fr\/puzzle-adulte-1000-pieces-franz-marc-cheval-bleu-cal-bleu\/p\/#breadcrumb"},"inLanguage":"fr-FR","potentialAction":[{"@type":"ReadAction","target":["https:\/\/business.roovi.com\/fr\/puzzle-adulte-1000-pieces-franz-marc-cheval-bleu-cal-bleu\/p\/"]}]},{"@type":"BreadcrumbList","@id":"https:\/\/business.roovi.com\/fr\/puzzle-adulte-1000-pieces-franz-marc-cheval-bleu-cal-bleu\/p\/#breadcrumb","itemListElement":[{"@type":"ListItem","position":1,"name":"Home","item":"https:\/\/business.roovi.com\/fr\/"},{"@type":"ListItem","position":2,"name":"Boutique","item":"https:\/\/business.roovi.com\/fr\/boutique\/"},{"@type":"ListItem","position":3,"name":"Puzzle adulte 1000 pi\u00e8ces Franz Marc &#8211; Cheval bleu"}]},{"@type":"WebSite","@id":"https:\/\/business.roovi.com\/fr\/#website","url":"https:\/\/business.roovi.com\/fr\/","name":"Roovi B2B","description":"Roovi Business Website","potentialAction":[{"@type":"SearchAction","target":{"@type":"EntryPoint","urlTemplate":"https:\/\/business.roovi.com\/fr\/?s={search_term_string}"},"query-input":"required name=search_term_string"}],"inLanguage":"fr-FR"}]}},"_links":{"self":[{"href":"https:\/\/business.roovi.com\/fr\/wp-json\/wp\/v2\/product\/53217","targetHints":{"allow":["GET"]}}],"collection":[{"href":"https:\/\/business.roovi.com\/fr\/wp-json\/wp\/v2\/product"}],"about":[{"href":"https:\/\/business.roovi.com\/fr\/wp-json\/wp\/v2\/types\/product"}],"version-history":[{"count":0,"href":"https:\/\/business.roovi.com\/fr\/wp-json\/wp\/v2\/product\/53217\/revisions"}],"wp:featuredmedia":[{"embeddable":true,"href":"https:\/\/business.roovi.com\/fr\/wp-json\/wp\/v2\/media\/63503"}],"wp:attachment":[{"href":"https:\/\/business.roovi.com\/fr\/wp-json\/wp\/v2\/media?parent=53217"}],"wp:term":[{"taxonomy":"product_brand","embeddable":true,"href":"https:\/\/business.roovi.com\/fr\/wp-json\/wp\/v2\/product_brand?post=53217"},{"taxonomy":"product_cat","embeddable":true,"href":"https:\/\/business.roovi.com\/fr\/wp-json\/wp\/v2\/product_cat?post=53217"},{"taxonomy":"product_tag","embeddable":true,"href":"https:\/\/business.roovi.com\/fr\/wp-json\/wp\/v2\/product_tag?post=53217"}],"curies":[{"name":"wp","href":"https:\/\/api.w.org\/{rel}","templated":true}]}}