{"id":53218,"date":"2018-04-16T10:56:17","date_gmt":"2018-04-16T10:56:17","guid":{"rendered":"https:\/\/business.roovi.com\/puzzle-adulti-1000-piese-august-macke-four-girls-patru-fete\/p\/"},"modified":"2022-07-13T10:24:04","modified_gmt":"2022-07-13T10:24:04","slug":"august-macke-puzzle-adulte-de-1000-pieces-quatre-filles","status":"publish","type":"product","link":"https:\/\/business.roovi.com\/fr\/august-macke-puzzle-adulte-de-1000-pieces-quatre-filles\/p\/","title":{"rendered":"August Macke Puzzle adulte de 1000 pi\u00e8ces &#8211; Quatre filles"},"content":{"rendered":"<p><span style=\"font-weight: 400;\">Tu aimerais \u00eatre un v\u00e9ritable artiste qui cr\u00e9e une \u0153uvre immortelle ? Assemblez des images \u00e0 partir de puzzles artistiques et ressentez un incroyable sentiment de satisfaction.<\/span><\/p>\n<p><span style=\"font-weight: 400;\">Recadre l&rsquo;image du tableau impressionniste dans le puzzle de 1000 pi\u00e8ces August Macke &#8211; Quatre filles et cr\u00e9e un tableau vibrant et color\u00e9. La visite de l&rsquo;artiste en France en 1907 allait marquer son style artistique \u00e0 jamais. Influenc\u00e9 par la peinture dynamique et color\u00e9e de Robert Delaunay, August Macke cr\u00e9ait des tableaux de formes simplifi\u00e9es dans des harmonies de couleurs rythm\u00e9es.<\/span><\/p>\n<p><span style=\"font-weight: 400;\">Peinture <\/span><em><span style=\"font-weight: 400;\">Quatre filles <\/span><\/em><span style=\"font-weight: 400;\">date de la p\u00e9riode la plus productive de Macke. La sc\u00e8ne a un c\u00f4t\u00e9 contemplatif et ce sera un grand plaisir de recr\u00e9er cette image \u00e0 partir du puzzle de 1000 pi\u00e8ces. Tu obtiendras une magnifique peinture \u00e0 partir d&rsquo;un excellent jeu de puzzle.<\/span><\/p>\n<p><span style=\"font-weight: 400;\">Tu veux en savoir plus sur le puzzle artistique August Macke &#8211; Quatre filles ? Lire ici :<\/span><\/p>\n<p><strong>Taille de l&rsquo;image reconstitu\u00e9e : 50 x 70 cm<\/strong><\/p>\n<p><strong>Mat\u00e9riau du puzzle <\/strong><\/p>\n<p><strong>carton bleu de haute qualit\u00e9<\/strong><\/p>\n<p><strong>des mat\u00e9riaux durables et recyclables<\/strong><\/p>\n<p><strong>finition semi-brillante, couleurs vives<\/strong><\/p>\n<p><strong>Nombre de pi\u00e8ces de puzzle : 1000<\/strong><\/p>\n<p><strong>\u00c2ge recommand\u00e9 : 14+<\/strong><\/p>\n<p><span style=\"font-weight: 400;\">Assembler un puzzle d&rsquo;art t&rsquo;apporte de nombreux avantages :<\/span><\/p>\n<ul>\n<li><span style=\"font-weight: 400;\">Il te d\u00e9connecte des soucis quotidiens.<\/span><\/li>\n<li><span style=\"font-weight: 400;\">Il entra\u00eene ta m\u00e9moire.<\/span><\/li>\n<li><span style=\"font-weight: 400;\">Il augmente ta dext\u00e9rit\u00e9.<\/span><\/li>\n<li><span style=\"font-weight: 400;\">Aide \u00e0 te concentrer sur une seule t\u00e2che.<\/span><\/li>\n<li><span style=\"font-weight: 400;\">Cela te rend plus attentif aux d\u00e9tails.<\/span><\/li>\n<\/ul>\n<p><strong>Connais-tu August Macke ?<\/strong><\/p>\n<p><span style=\"font-weight: 400;\">En plus des peintures, il a fait des d\u00e9cors et des costumes pour des pi\u00e8ces de th\u00e9\u00e2tre.<\/span><\/p>\n<p><span style=\"font-weight: 400;\">Avec d&rsquo;autres peintres impressionnistes, &#8211;<\/span><span style=\"font-weight: 400;\"> Vasili Kandinsky, Alfred Kubin et Franz Marc<\/span><span style=\"font-weight: 400;\"> &#8211; a fond\u00e9 la <\/span><span style=\"font-weight: 400;\"> groupe artistique <\/span><em><span style=\"font-weight: 400;\">Der Blaue Reiter<\/span><\/em><span style=\"font-weight: 400;\"> (\u00ab\u00a0The Blue Rider\u00a0\u00bb).<\/span><\/p>\n<p><span style=\"font-weight: 400;\">Ses peintures d\u00e9forment g\u00e9n\u00e9ralement les couleurs et les formes et s&rsquo;attachent \u00e0 exprimer des sentiments et des humeurs plut\u00f4t qu&rsquo;\u00e0 reproduire la r\u00e9alit\u00e9 objective.<\/span><\/p>\n<p><span style=\"font-weight: 400;\">Macke a \u00e9t\u00e9 de courte dur\u00e9e. Il est mort \u00e0 seulement 27 ans pendant la Premi\u00e8re Guerre mondiale sur un front de bataille en France.<\/span><\/p>\n<p><strong>Puzzle de 1000 pi\u00e8ces : pour ta s\u00e9curit\u00e9 \u00e0 la maison<\/strong><\/p>\n<p><span style=\"font-weight: 400;\">Installe-toi confortablement devant la table basse de ton salon et commence \u00e0 travailler sur cette \u0153uvre d&rsquo;art fascinante du puzzle de 1000 pi\u00e8ces d&rsquo;August Macke &#8211; Quatre filles\/Patru filles. L&rsquo;harmonie des couleurs et la richesse des d\u00e9tails captur\u00e9s par l&rsquo;artiste t&rsquo;occuperont pendant des heures <\/span><\/p>\n<p><span style=\"font-weight: 400;\">Tes enfants et toi pouvez reconstituer l&rsquo;image du puzzle de 1000 pi\u00e8ces. C&rsquo;est une excellente occasion de se r\u00e9unir et de travailler \u00e0 un objectif commun. Chaque jeu de puzzle termin\u00e9 peut \u00eatre ajout\u00e9 \u00e0 une collection personnelle de peintures de puzzle d&rsquo;art.<\/span><\/p>\n<p><span style=\"font-weight: 400;\">Le puzzle de 1000 pi\u00e8ces d&rsquo;August Macke &#8211; Quatre filles\/Four Girls peut \u00eatre un excellent cadeau pour les anniversaires ou autres occasions de c\u00e9l\u00e9bration.<\/span><\/p><\/p>\n","protected":false},"excerpt":{"rendered":"<p>Tu aimerais \u00eatre un v\u00e9ritable artiste qui cr\u00e9e une \u0153uvre immortelle ? Assemblez des images \u00e0 partir de puzzles artistiques<\/p>\n","protected":false},"featured_media":63594,"template":"","meta":[],"product_brand":[],"product_cat":[2314,2316,2315],"product_tag":[],"class_list":{"0":"post-53218","1":"product","2":"type-product","3":"status-publish","4":"has-post-thumbnail","6":"product_cat-puzzles-fr","7":"product_cat-puzzles-de-1000-pieces","8":"product_cat-puzzles-pour-adultes","9":"pa_bax-10-fr","10":"pa_brand-d_toys-fr","11":"pa_country_of_manufacture-ro-fr","12":"pa_filter_age-14-fr","13":"pa_painter-augustmacke-fr","14":"pa_tip_ambalaj-boite","15":"pa_tip_puzzle-classique","17":"first","18":"instock","19":"taxable","20":"shipping-taxable","21":"product-type-simple"},"yoast_head":"<!-- This site is optimized with the Yoast SEO plugin v20.1 - https:\/\/yoast.com\/wordpress\/plugins\/seo\/ -->\n<title>August Macke Puzzle adulte de 1000 pi\u00e8ces - Quatre filles<\/title>\n<meta name=\"description\" content=\"August Macke Puzzle adulte de 1000 pi\u00e8ces - Quatre filles\" \/>\n<meta name=\"robots\" content=\"index, follow, max-snippet:-1, max-image-preview:large, max-video-preview:-1\" \/>\n<link rel=\"canonical\" href=\"https:\/\/business.roovi.com\/fr\/august-macke-puzzle-adulte-de-1000-pieces-quatre-filles\/p\/\" \/>\n<meta property=\"og:locale\" content=\"fr_FR\" \/>\n<meta property=\"og:type\" content=\"article\" \/>\n<meta property=\"og:title\" content=\"August Macke Puzzle adulte de 1000 pi\u00e8ces - Quatre filles\" \/>\n<meta property=\"og:description\" content=\"August Macke Puzzle adulte de 1000 pi\u00e8ces - Quatre filles\" \/>\n<meta property=\"og:url\" content=\"https:\/\/business.roovi.com\/fr\/august-macke-puzzle-adulte-de-1000-pieces-quatre-filles\/p\/\" \/>\n<meta property=\"og:site_name\" content=\"Roovi B2B\" \/>\n<meta property=\"article:publisher\" content=\"https:\/\/www.facebook.com\/wwwjucariero\" \/>\n<meta property=\"article:modified_time\" content=\"2022-07-13T10:24:04+00:00\" \/>\n<meta property=\"og:image\" content=\"https:\/\/business.roovi.com\/wp-content\/uploads\/2018\/04\/72863_01.jpg\" \/>\n\t<meta property=\"og:image:width\" content=\"1200\" \/>\n\t<meta property=\"og:image:height\" content=\"1200\" \/>\n\t<meta property=\"og:image:type\" content=\"image\/jpeg\" \/>\n<meta name=\"twitter:label1\" content=\"Dur\u00e9e de lecture estim\u00e9e\" \/>\n\t<meta name=\"twitter:data1\" content=\"2 minutes\" \/>\n<script type=\"application\/ld+json\" class=\"yoast-schema-graph\">{\"@context\":\"https:\/\/schema.org\",\"@graph\":[{\"@type\":\"WebPage\",\"@id\":\"https:\/\/business.roovi.com\/fr\/august-macke-puzzle-adulte-de-1000-pieces-quatre-filles\/p\/\",\"url\":\"https:\/\/business.roovi.com\/fr\/august-macke-puzzle-adulte-de-1000-pieces-quatre-filles\/p\/\",\"name\":\"August Macke Puzzle adulte de 1000 pi\u00e8ces - Quatre filles\",\"isPartOf\":{\"@id\":\"https:\/\/business.roovi.com\/fr\/#website\"},\"datePublished\":\"2018-04-16T10:56:17+00:00\",\"dateModified\":\"2022-07-13T10:24:04+00:00\",\"description\":\"August Macke Puzzle adulte de 1000 pi\u00e8ces - Quatre filles\",\"breadcrumb\":{\"@id\":\"https:\/\/business.roovi.com\/fr\/august-macke-puzzle-adulte-de-1000-pieces-quatre-filles\/p\/#breadcrumb\"},\"inLanguage\":\"fr-FR\",\"potentialAction\":[{\"@type\":\"ReadAction\",\"target\":[\"https:\/\/business.roovi.com\/fr\/august-macke-puzzle-adulte-de-1000-pieces-quatre-filles\/p\/\"]}]},{\"@type\":\"BreadcrumbList\",\"@id\":\"https:\/\/business.roovi.com\/fr\/august-macke-puzzle-adulte-de-1000-pieces-quatre-filles\/p\/#breadcrumb\",\"itemListElement\":[{\"@type\":\"ListItem\",\"position\":1,\"name\":\"Home\",\"item\":\"https:\/\/business.roovi.com\/fr\/\"},{\"@type\":\"ListItem\",\"position\":2,\"name\":\"Boutique\",\"item\":\"https:\/\/business.roovi.com\/fr\/boutique\/\"},{\"@type\":\"ListItem\",\"position\":3,\"name\":\"August Macke Puzzle adulte de 1000 pi\u00e8ces &#8211; Quatre filles\"}]},{\"@type\":\"WebSite\",\"@id\":\"https:\/\/business.roovi.com\/fr\/#website\",\"url\":\"https:\/\/business.roovi.com\/fr\/\",\"name\":\"Roovi B2B\",\"description\":\"Roovi Business Website\",\"potentialAction\":[{\"@type\":\"SearchAction\",\"target\":{\"@type\":\"EntryPoint\",\"urlTemplate\":\"https:\/\/business.roovi.com\/fr\/?s={search_term_string}\"},\"query-input\":\"required name=search_term_string\"}],\"inLanguage\":\"fr-FR\"}]}<\/script>\n<!-- \/ Yoast SEO plugin. -->","yoast_head_json":{"title":"August Macke Puzzle adulte de 1000 pi\u00e8ces - Quatre filles","description":"August Macke Puzzle adulte de 1000 pi\u00e8ces - Quatre filles","robots":{"index":"index","follow":"follow","max-snippet":"max-snippet:-1","max-image-preview":"max-image-preview:large","max-video-preview":"max-video-preview:-1"},"canonical":"https:\/\/business.roovi.com\/fr\/august-macke-puzzle-adulte-de-1000-pieces-quatre-filles\/p\/","og_locale":"fr_FR","og_type":"article","og_title":"August Macke Puzzle adulte de 1000 pi\u00e8ces - Quatre filles","og_description":"August Macke Puzzle adulte de 1000 pi\u00e8ces - Quatre filles","og_url":"https:\/\/business.roovi.com\/fr\/august-macke-puzzle-adulte-de-1000-pieces-quatre-filles\/p\/","og_site_name":"Roovi B2B","article_publisher":"https:\/\/www.facebook.com\/wwwjucariero","article_modified_time":"2022-07-13T10:24:04+00:00","og_image":[{"width":1200,"height":1200,"url":"https:\/\/business.roovi.com\/wp-content\/uploads\/2018\/04\/72863_01.jpg","type":"image\/jpeg"}],"twitter_misc":{"Dur\u00e9e de lecture estim\u00e9e":"2 minutes"},"schema":{"@context":"https:\/\/schema.org","@graph":[{"@type":"WebPage","@id":"https:\/\/business.roovi.com\/fr\/august-macke-puzzle-adulte-de-1000-pieces-quatre-filles\/p\/","url":"https:\/\/business.roovi.com\/fr\/august-macke-puzzle-adulte-de-1000-pieces-quatre-filles\/p\/","name":"August Macke Puzzle adulte de 1000 pi\u00e8ces - Quatre filles","isPartOf":{"@id":"https:\/\/business.roovi.com\/fr\/#website"},"datePublished":"2018-04-16T10:56:17+00:00","dateModified":"2022-07-13T10:24:04+00:00","description":"August Macke Puzzle adulte de 1000 pi\u00e8ces - Quatre filles","breadcrumb":{"@id":"https:\/\/business.roovi.com\/fr\/august-macke-puzzle-adulte-de-1000-pieces-quatre-filles\/p\/#breadcrumb"},"inLanguage":"fr-FR","potentialAction":[{"@type":"ReadAction","target":["https:\/\/business.roovi.com\/fr\/august-macke-puzzle-adulte-de-1000-pieces-quatre-filles\/p\/"]}]},{"@type":"BreadcrumbList","@id":"https:\/\/business.roovi.com\/fr\/august-macke-puzzle-adulte-de-1000-pieces-quatre-filles\/p\/#breadcrumb","itemListElement":[{"@type":"ListItem","position":1,"name":"Home","item":"https:\/\/business.roovi.com\/fr\/"},{"@type":"ListItem","position":2,"name":"Boutique","item":"https:\/\/business.roovi.com\/fr\/boutique\/"},{"@type":"ListItem","position":3,"name":"August Macke Puzzle adulte de 1000 pi\u00e8ces &#8211; Quatre filles"}]},{"@type":"WebSite","@id":"https:\/\/business.roovi.com\/fr\/#website","url":"https:\/\/business.roovi.com\/fr\/","name":"Roovi B2B","description":"Roovi Business Website","potentialAction":[{"@type":"SearchAction","target":{"@type":"EntryPoint","urlTemplate":"https:\/\/business.roovi.com\/fr\/?s={search_term_string}"},"query-input":"required name=search_term_string"}],"inLanguage":"fr-FR"}]}},"_links":{"self":[{"href":"https:\/\/business.roovi.com\/fr\/wp-json\/wp\/v2\/product\/53218","targetHints":{"allow":["GET"]}}],"collection":[{"href":"https:\/\/business.roovi.com\/fr\/wp-json\/wp\/v2\/product"}],"about":[{"href":"https:\/\/business.roovi.com\/fr\/wp-json\/wp\/v2\/types\/product"}],"version-history":[{"count":0,"href":"https:\/\/business.roovi.com\/fr\/wp-json\/wp\/v2\/product\/53218\/revisions"}],"wp:featuredmedia":[{"embeddable":true,"href":"https:\/\/business.roovi.com\/fr\/wp-json\/wp\/v2\/media\/63594"}],"wp:attachment":[{"href":"https:\/\/business.roovi.com\/fr\/wp-json\/wp\/v2\/media?parent=53218"}],"wp:term":[{"taxonomy":"product_brand","embeddable":true,"href":"https:\/\/business.roovi.com\/fr\/wp-json\/wp\/v2\/product_brand?post=53218"},{"taxonomy":"product_cat","embeddable":true,"href":"https:\/\/business.roovi.com\/fr\/wp-json\/wp\/v2\/product_cat?post=53218"},{"taxonomy":"product_tag","embeddable":true,"href":"https:\/\/business.roovi.com\/fr\/wp-json\/wp\/v2\/product_tag?post=53218"}],"curies":[{"name":"wp","href":"https:\/\/api.w.org\/{rel}","templated":true}]}}