{"id":53219,"date":"2018-04-16T10:56:17","date_gmt":"2018-04-16T10:56:17","guid":{"rendered":"https:\/\/business.roovi.com\/puzzle-adulti-1000-piese-august-macke-two-girlsdoua-fete\/p\/"},"modified":"2023-02-21T13:07:11","modified_gmt":"2023-02-21T13:07:11","slug":"august-macke-puzzle-adulte-de-1000-pieces-deux-filles-doua-fete","status":"publish","type":"product","link":"https:\/\/business.roovi.com\/fr\/august-macke-puzzle-adulte-de-1000-pieces-deux-filles-doua-fete\/p\/","title":{"rendered":"August Macke Puzzle adulte de 1000 pi\u00e8ces &#8211; Deux filles"},"content":{"rendered":"<p><span style=\"font-weight: 400;\">Tu penses que tu es dou\u00e9 pour les puzzles de 1000 pi\u00e8ces ? Nous te mettons au d\u00e9fi de faire des \u00e9nigmes artistiques ! Les d\u00e9tails subtils des \u0153uvres d&rsquo;art c\u00e9l\u00e8bres te captiveront et tu passeras de nombreuses heures de d\u00e9tente avec les jeux de r\u00e9flexion les plus exquis.<\/span><\/p>\n<p><span style=\"font-weight: 400;\">Le puzzle 1000 pi\u00e8ces d&rsquo;August Macke &#8211; Deux filles capture la fascination de l&rsquo;artiste pour le Futurisme italien, qui glorifiait la vitesse et la technologie de mani\u00e8re \u00e9tonnante dans la peinture. Les filles de Macke font partie de l&rsquo;agitation de la ville. Dans le tableau, tout semble \u00eatre en mouvement <\/span><\/p>\n<p><span style=\"font-weight: 400;\">Les personnes et les objets semblent se dissoudre dans des formes g\u00e9om\u00e9triques cristallines. L&rsquo;artiste ne limite pas sa composition \u00e0 des formes abstraites. Les filles contemplent ce qui se passe, mais elles ne se fondent pas dans les formes.<\/span><\/p>\n<p><span style=\"font-weight: 400;\">Es-tu pr\u00eat pour le remaniement de cette image ? Installe une table basse ordinaire et commence \u00e0 travailler sur un chef-d&rsquo;\u0153uvre artistique qui te permettra de rester connect\u00e9 pendant des heures. La peinture qui en r\u00e9sulte mesure 50 x 70 cm <\/span><\/p>\n<p><span style=\"font-weight: 400;\">Informations sur le puzzle artistique August Macke &#8211; Two Girls:<\/span><\/p>\n<p><strong>Mat\u00e9riau du puzzle <\/strong><\/p>\n<p><strong>carton bleu de haute qualit\u00e9<\/strong><\/p>\n<p><strong>des mat\u00e9riaux durables et recyclables<\/strong><\/p>\n<p><strong>finition semi-brillante, couleurs vives<\/strong><\/p>\n<p><strong>Nombre de pi\u00e8ces de puzzle : 1000<\/strong><\/p>\n<p><strong>\u00c2ge recommand\u00e9 : 14+<\/strong><\/p>\n<p><span style=\"font-weight: 400;\">Assemble le puzzle d&rsquo;art August Macke &#8211; Deux filles et profite d&rsquo;avantages incroyables <\/span><\/p>\n<ul>\n<li><span style=\"font-weight: 400;\">Aide \u00e0 red\u00e9couvrir la beaut\u00e9 \u00e0 travers une activit\u00e9 simple et relaxante.<\/span><\/li>\n<li><span style=\"font-weight: 400;\">T&#8217;emm\u00e8ne dans un monde artistique que tu n&rsquo;as peut-\u00eatre pas eu l&rsquo;occasion d&rsquo;explorer auparavant.<\/span><\/li>\n<li><span style=\"font-weight: 400;\">Avec ce merveilleux jeu de puzzle, tu recr\u00e9es un c\u00e9l\u00e8bre tableau que tu peux encadrer et exposer dans ta maison.<\/span><\/li>\n<li><span style=\"font-weight: 400;\">Elle te donne la chance d&rsquo;admirer un tableau d&rsquo;art \u00e9tabli, jusque dans les moindres d\u00e9tails.<\/span><\/li>\n<\/ul>\n<p><strong>Savais-tu qu&rsquo;August Macke&#8230; ?<\/strong><\/p>\n<p><span style=\"font-weight: 400;\">Il est l&rsquo;un des peintres impressionnistes allemands les plus c\u00e9l\u00e8bres.<\/span><\/p>\n<p><span style=\"font-weight: 400;\">Il a v\u00e9cu dans une p\u00e9riode particuli\u00e8rement innovante pour l&rsquo;art allemand : il a assist\u00e9 au d\u00e9veloppement des principaux mouvements expressionnistes ainsi qu&rsquo;\u00e0 celui des mouvements d&rsquo;avant-garde europ\u00e9ens.<\/span><\/p>\n<p><span style=\"font-weight: 400;\">Il s&rsquo;est rendu \u00e0 Paris, o\u00f9 il a vu les peintures des impressionnistes fran\u00e7ais, qui l&rsquo;ont fascin\u00e9 et profond\u00e9ment influenc\u00e9.<\/span><\/p>\n<p><span style=\"font-weight: 400;\">Il a int\u00e9gr\u00e9 des \u00e9l\u00e9ments de l&rsquo;avant-garde dans ses peintures qui l&rsquo;int\u00e9ressaient le plus. Il a utilis\u00e9 une combinaison de formes simplifi\u00e9es et de couleurs vives pour produire des portraits et des sc\u00e8nes figuratives.<\/span><\/p>\n<p><span style=\"font-weight: 400;\">Il a eu une courte carri\u00e8re. Il est mort \u00e0 seulement 27 ans sur un front de bataille en France pendant la Premi\u00e8re Guerre mondiale.<\/span><\/p>\n<p><strong>Avec le puzzle pour adultes August Macke &#8211; Deux filles passent du temps de qualit\u00e9 avec leurs amis<\/strong><\/p>\n<p><span style=\"font-weight: 400;\">Rassemble tes amis et passe une soir\u00e9e \u00e0 th\u00e8me ensemble en compl\u00e9tant ce puzzle d&rsquo;art. Travaillez par deux sur diff\u00e9rentes parties du puzzle, d\u00e9terminez la meilleure strat\u00e9gie et d\u00e9tendez-vous ensemble pendant quelques bonnes heures lors des week-ends monotones.<\/span><\/p>\n<p><span style=\"font-weight: 400;\">Ce puzzle artistique peut \u00eatre conserv\u00e9 \u00e0 la maison et refait chaque fois que tu ressens le besoin de t&rsquo;\u00e9loigner du quotidien. Il est fabriqu\u00e9 avec des mat\u00e9riaux de qualit\u00e9 qui le rendent r\u00e9sistant \u00e0 de multiples utilisations. Il peut aussi \u00eatre offert en cadeau \u00e0 des amis qui aiment les jeux de r\u00e9flexion ou lors d&rsquo;occasions festives.<\/span><\/p>\n","protected":false},"excerpt":{"rendered":"<p>Tu penses que tu es dou\u00e9 pour les puzzles de 1000 pi\u00e8ces ? Nous te mettons au d\u00e9fi de faire<\/p>\n","protected":false},"featured_media":63603,"template":"","meta":[],"product_brand":[],"product_cat":[2314,2316,2315],"product_tag":[],"class_list":{"0":"post-53219","1":"product","2":"type-product","3":"status-publish","4":"has-post-thumbnail","6":"product_cat-puzzles-fr","7":"product_cat-puzzles-de-1000-pieces","8":"product_cat-puzzles-pour-adultes","9":"pa_bax-10-fr","10":"pa_brand-d_toys-fr","11":"pa_country_of_manufacture-ro-fr","12":"pa_filter_age-14-fr","13":"pa_painter-augustmacke-fr","14":"pa_tip_ambalaj-boite","15":"pa_tip_puzzle-classique","17":"first","18":"instock","19":"taxable","20":"shipping-taxable","21":"product-type-simple"},"yoast_head":"<!-- This site is optimized with the Yoast SEO plugin v20.1 - https:\/\/yoast.com\/wordpress\/plugins\/seo\/ -->\n<title>August Macke Puzzle adulte de 1000 pi\u00e8ces - Deux filles\/Dou\u0103 fete<\/title>\n<meta name=\"description\" content=\"August Macke Puzzle adulte de 1000 pi\u00e8ces - Deux filles\/Dou\u0103 fete\" \/>\n<meta name=\"robots\" content=\"index, follow, max-snippet:-1, max-image-preview:large, max-video-preview:-1\" \/>\n<link rel=\"canonical\" href=\"https:\/\/business.roovi.com\/fr\/august-macke-puzzle-adulte-de-1000-pieces-deux-filles-doua-fete\/p\/\" \/>\n<meta property=\"og:locale\" content=\"fr_FR\" \/>\n<meta property=\"og:type\" content=\"article\" \/>\n<meta property=\"og:title\" content=\"August Macke Puzzle adulte de 1000 pi\u00e8ces - Deux filles\/Dou\u0103 fete\" \/>\n<meta property=\"og:description\" content=\"August Macke Puzzle adulte de 1000 pi\u00e8ces - Deux filles\/Dou\u0103 fete\" \/>\n<meta property=\"og:url\" content=\"https:\/\/business.roovi.com\/fr\/august-macke-puzzle-adulte-de-1000-pieces-deux-filles-doua-fete\/p\/\" \/>\n<meta property=\"og:site_name\" content=\"Roovi B2B\" \/>\n<meta property=\"article:publisher\" content=\"https:\/\/www.facebook.com\/wwwjucariero\" \/>\n<meta property=\"article:modified_time\" content=\"2023-02-21T13:07:11+00:00\" \/>\n<meta property=\"og:image\" content=\"https:\/\/business.roovi.com\/wp-content\/uploads\/2018\/04\/72863-MA-02-WEB.jpg\" \/>\n\t<meta property=\"og:image:width\" content=\"1200\" \/>\n\t<meta property=\"og:image:height\" content=\"1200\" \/>\n\t<meta property=\"og:image:type\" content=\"image\/jpeg\" \/>\n<meta name=\"twitter:label1\" content=\"Dur\u00e9e de lecture estim\u00e9e\" \/>\n\t<meta name=\"twitter:data1\" content=\"3 minutes\" \/>\n<script type=\"application\/ld+json\" class=\"yoast-schema-graph\">{\"@context\":\"https:\/\/schema.org\",\"@graph\":[{\"@type\":\"WebPage\",\"@id\":\"https:\/\/business.roovi.com\/fr\/august-macke-puzzle-adulte-de-1000-pieces-deux-filles-doua-fete\/p\/\",\"url\":\"https:\/\/business.roovi.com\/fr\/august-macke-puzzle-adulte-de-1000-pieces-deux-filles-doua-fete\/p\/\",\"name\":\"August Macke Puzzle adulte de 1000 pi\u00e8ces - Deux filles\/Dou\u0103 fete\",\"isPartOf\":{\"@id\":\"https:\/\/business.roovi.com\/fr\/#website\"},\"datePublished\":\"2018-04-16T10:56:17+00:00\",\"dateModified\":\"2023-02-21T13:07:11+00:00\",\"description\":\"August Macke Puzzle adulte de 1000 pi\u00e8ces - Deux filles\/Dou\u0103 fete\",\"breadcrumb\":{\"@id\":\"https:\/\/business.roovi.com\/fr\/august-macke-puzzle-adulte-de-1000-pieces-deux-filles-doua-fete\/p\/#breadcrumb\"},\"inLanguage\":\"fr-FR\",\"potentialAction\":[{\"@type\":\"ReadAction\",\"target\":[\"https:\/\/business.roovi.com\/fr\/august-macke-puzzle-adulte-de-1000-pieces-deux-filles-doua-fete\/p\/\"]}]},{\"@type\":\"BreadcrumbList\",\"@id\":\"https:\/\/business.roovi.com\/fr\/august-macke-puzzle-adulte-de-1000-pieces-deux-filles-doua-fete\/p\/#breadcrumb\",\"itemListElement\":[{\"@type\":\"ListItem\",\"position\":1,\"name\":\"Home\",\"item\":\"https:\/\/business.roovi.com\/fr\/\"},{\"@type\":\"ListItem\",\"position\":2,\"name\":\"Boutique\",\"item\":\"https:\/\/business.roovi.com\/fr\/boutique\/\"},{\"@type\":\"ListItem\",\"position\":3,\"name\":\"August Macke Puzzle adulte de 1000 pi\u00e8ces &#8211; Deux filles\"}]},{\"@type\":\"WebSite\",\"@id\":\"https:\/\/business.roovi.com\/fr\/#website\",\"url\":\"https:\/\/business.roovi.com\/fr\/\",\"name\":\"Roovi B2B\",\"description\":\"Roovi Business Website\",\"potentialAction\":[{\"@type\":\"SearchAction\",\"target\":{\"@type\":\"EntryPoint\",\"urlTemplate\":\"https:\/\/business.roovi.com\/fr\/?s={search_term_string}\"},\"query-input\":\"required name=search_term_string\"}],\"inLanguage\":\"fr-FR\"}]}<\/script>\n<!-- \/ Yoast SEO plugin. -->","yoast_head_json":{"title":"August Macke Puzzle adulte de 1000 pi\u00e8ces - Deux filles\/Dou\u0103 fete","description":"August Macke Puzzle adulte de 1000 pi\u00e8ces - Deux filles\/Dou\u0103 fete","robots":{"index":"index","follow":"follow","max-snippet":"max-snippet:-1","max-image-preview":"max-image-preview:large","max-video-preview":"max-video-preview:-1"},"canonical":"https:\/\/business.roovi.com\/fr\/august-macke-puzzle-adulte-de-1000-pieces-deux-filles-doua-fete\/p\/","og_locale":"fr_FR","og_type":"article","og_title":"August Macke Puzzle adulte de 1000 pi\u00e8ces - Deux filles\/Dou\u0103 fete","og_description":"August Macke Puzzle adulte de 1000 pi\u00e8ces - Deux filles\/Dou\u0103 fete","og_url":"https:\/\/business.roovi.com\/fr\/august-macke-puzzle-adulte-de-1000-pieces-deux-filles-doua-fete\/p\/","og_site_name":"Roovi B2B","article_publisher":"https:\/\/www.facebook.com\/wwwjucariero","article_modified_time":"2023-02-21T13:07:11+00:00","og_image":[{"width":1200,"height":1200,"url":"https:\/\/business.roovi.com\/wp-content\/uploads\/2018\/04\/72863-MA-02-WEB.jpg","type":"image\/jpeg"}],"twitter_misc":{"Dur\u00e9e de lecture estim\u00e9e":"3 minutes"},"schema":{"@context":"https:\/\/schema.org","@graph":[{"@type":"WebPage","@id":"https:\/\/business.roovi.com\/fr\/august-macke-puzzle-adulte-de-1000-pieces-deux-filles-doua-fete\/p\/","url":"https:\/\/business.roovi.com\/fr\/august-macke-puzzle-adulte-de-1000-pieces-deux-filles-doua-fete\/p\/","name":"August Macke Puzzle adulte de 1000 pi\u00e8ces - Deux filles\/Dou\u0103 fete","isPartOf":{"@id":"https:\/\/business.roovi.com\/fr\/#website"},"datePublished":"2018-04-16T10:56:17+00:00","dateModified":"2023-02-21T13:07:11+00:00","description":"August Macke Puzzle adulte de 1000 pi\u00e8ces - Deux filles\/Dou\u0103 fete","breadcrumb":{"@id":"https:\/\/business.roovi.com\/fr\/august-macke-puzzle-adulte-de-1000-pieces-deux-filles-doua-fete\/p\/#breadcrumb"},"inLanguage":"fr-FR","potentialAction":[{"@type":"ReadAction","target":["https:\/\/business.roovi.com\/fr\/august-macke-puzzle-adulte-de-1000-pieces-deux-filles-doua-fete\/p\/"]}]},{"@type":"BreadcrumbList","@id":"https:\/\/business.roovi.com\/fr\/august-macke-puzzle-adulte-de-1000-pieces-deux-filles-doua-fete\/p\/#breadcrumb","itemListElement":[{"@type":"ListItem","position":1,"name":"Home","item":"https:\/\/business.roovi.com\/fr\/"},{"@type":"ListItem","position":2,"name":"Boutique","item":"https:\/\/business.roovi.com\/fr\/boutique\/"},{"@type":"ListItem","position":3,"name":"August Macke Puzzle adulte de 1000 pi\u00e8ces &#8211; Deux filles"}]},{"@type":"WebSite","@id":"https:\/\/business.roovi.com\/fr\/#website","url":"https:\/\/business.roovi.com\/fr\/","name":"Roovi B2B","description":"Roovi Business Website","potentialAction":[{"@type":"SearchAction","target":{"@type":"EntryPoint","urlTemplate":"https:\/\/business.roovi.com\/fr\/?s={search_term_string}"},"query-input":"required name=search_term_string"}],"inLanguage":"fr-FR"}]}},"_links":{"self":[{"href":"https:\/\/business.roovi.com\/fr\/wp-json\/wp\/v2\/product\/53219","targetHints":{"allow":["GET"]}}],"collection":[{"href":"https:\/\/business.roovi.com\/fr\/wp-json\/wp\/v2\/product"}],"about":[{"href":"https:\/\/business.roovi.com\/fr\/wp-json\/wp\/v2\/types\/product"}],"version-history":[{"count":0,"href":"https:\/\/business.roovi.com\/fr\/wp-json\/wp\/v2\/product\/53219\/revisions"}],"wp:featuredmedia":[{"embeddable":true,"href":"https:\/\/business.roovi.com\/fr\/wp-json\/wp\/v2\/media\/63603"}],"wp:attachment":[{"href":"https:\/\/business.roovi.com\/fr\/wp-json\/wp\/v2\/media?parent=53219"}],"wp:term":[{"taxonomy":"product_brand","embeddable":true,"href":"https:\/\/business.roovi.com\/fr\/wp-json\/wp\/v2\/product_brand?post=53219"},{"taxonomy":"product_cat","embeddable":true,"href":"https:\/\/business.roovi.com\/fr\/wp-json\/wp\/v2\/product_cat?post=53219"},{"taxonomy":"product_tag","embeddable":true,"href":"https:\/\/business.roovi.com\/fr\/wp-json\/wp\/v2\/product_tag?post=53219"}],"curies":[{"name":"wp","href":"https:\/\/api.w.org\/{rel}","templated":true}]}}