{"id":53225,"date":"2018-04-16T10:56:17","date_gmt":"2018-04-16T10:56:17","guid":{"rendered":"https:\/\/business.roovi.com\/puzzle-adulti-1000-piese-claude-monet-the-lunchpranzul\/p\/"},"modified":"2023-02-15T06:28:18","modified_gmt":"2023-02-15T06:28:18","slug":"puzzle-adulte-1000-pieces-claude-monet-le-dejeuner-pranzul","status":"publish","type":"product","link":"https:\/\/business.roovi.com\/fr\/puzzle-adulte-1000-pieces-claude-monet-le-dejeuner-pranzul\/p\/","title":{"rendered":"Puzzle adulte 1000 pi\u00e8ces Claude Monet -Le D\u00e9jeuner"},"content":{"rendered":"<p><span style=\"font-weight: 400; line-height: 14px; font-size: 14px;\">Entre dans la plus grande galerie d&rsquo;art pr\u00e9sentant des puzzles d&rsquo;art avec des images des peintures les plus c\u00e9l\u00e8bres de tous les temps. Construis ta propre collection de tableaux d&rsquo;art \u00e0 partir de puzzles de 1000 pi\u00e8ces et appr\u00e9cie l&rsquo;expressivit\u00e9 et l&rsquo;harmonie des couleurs <\/span><\/p>\n<p><span style=\"font-weight: 400; line-height: 14px; font-size: 14px;\">Le puzzle de 1000 pi\u00e8ces de Claude Monet &#8211; Le D\u00e9jeuner\/Pranzul sera peut-\u00eatre le premier tableau de ta collection d&rsquo;art. Il exprime la paix et la d\u00e9tente dans le cadre intime du jardin familial : la table n&rsquo;a pas encore \u00e9t\u00e9 mise, un chapeau est suspendu \u00e0 la branche d&rsquo;un arbre, un sac et un parapluie semblent \u00eatre oubli\u00e9s sur le banc, et le petit membre de la famille joue tranquillement avec quelques morceaux de bois. Tu peux recr\u00e9er cette peinture inhabituelle sur la table basse de ton salon. Nous garantissons jusqu&rsquo;\u00e0 30 heures de d\u00e9tente et de plaisir.<\/span><\/p>\n<p><span style=\"font-weight: 400; line-height: 14px; font-size: 14px;\">Lis plus sur l&rsquo;\u00e9nigme artistique de Claude Monet &#8211; D\u00e9jeuner ci-dessous<\/span><\/p>\n<p><span style=\"line-height: 14px; font-size: 14px;\"><strong>Taille de l&rsquo;image reconstruite : 50 x 70 cm<\/strong><\/span><\/p>\n<p><span style=\"line-height: 14px; font-size: 14px;\"><strong>Mat\u00e9riau du puzzle <\/strong><\/span><\/p>\n<p><span style=\"line-height: 14px; font-size: 14px;\"><strong>carton bleu de haute qualit\u00e9<\/strong><\/span><\/p>\n<p><span style=\"line-height: 14px; font-size: 14px;\"><strong>des mat\u00e9riaux durables et recyclables<\/strong><\/span><\/p>\n<p><span style=\"line-height: 14px; font-size: 14px;\"><strong>finition semi-brillante, couleurs vives<\/strong><\/span><\/p>\n<p><span style=\"line-height: 14px; font-size: 14px;\"><strong>Nombre de pi\u00e8ces de puzzle : 1000<\/strong><\/span><\/p>\n<p><span style=\"line-height: 14px; font-size: 14px;\"><strong>\u00c2ge recommand\u00e9 : 14+<\/strong><\/span><\/p>\n<p><span style=\"line-height: 14px; font-size: 14px;\"><strong>Faire des puzzles de 1000 pi\u00e8ces est amusant et sain !<\/strong><\/span><\/p>\n<p><span style=\"font-weight: 400; line-height: 14px; font-size: 14px;\">L&rsquo;activit\u00e9 consistant \u00e0 assembler des puzzles pour adultes est amusante, relaxante et tr\u00e8s saine en plus. Voici pourquoi :<\/span><\/p>\n<p><span style=\"font-weight: 400; line-height: 14px; font-size: 14px;\">1. Aide \u00e0 am\u00e9liorer la m\u00e9moire.<\/span><\/p>\n<p><span style=\"font-weight: 400; line-height: 14px; font-size: 14px;\">2. R\u00e9duit les niveaux de stress.<\/span><\/p>\n<p><span style=\"font-weight: 400; line-height: 14px; font-size: 14px;\">3. Am\u00e9liore les capacit\u00e9s cognitives.<\/span><\/p>\n<p><span style=\"font-weight: 400; line-height: 14px; font-size: 14px;\">4. Aide \u00e0 d\u00e9velopper les comp\u00e9tences en mati\u00e8re de r\u00e9solution de probl\u00e8mes.<\/span><\/p>\n<p><span style=\"font-weight: 400; line-height: 14px; font-size: 14px;\">5. R\u00e9duit l&rsquo;insomnie.<\/span><\/p>\n<p><span style=\"font-weight: 400; line-height: 14px; font-size: 14px;\">6. Augmente l&rsquo;attention port\u00e9e aux d\u00e9tails.<\/span><\/p>\n<p><span style=\"line-height: 14px; font-size: 14px;\"><strong>Tu connaissais Claude Monet ?&#8230;<\/strong><\/span><\/p>\n<p><span style=\"font-weight: 400; line-height: 14px; font-size: 14px;\">On l&rsquo;appelle le p\u00e8re de l&rsquo;impressionnisme fran\u00e7ais.<\/span><\/p>\n<p><span style=\"font-weight: 400; line-height: 14px; font-size: 14px;\">Il avait une v\u00e9ritable passion pour les n\u00e9nuphars, produisant pas moins de 250 peintures sur ce th\u00e8me.<\/span><\/p>\n<p><span style=\"font-weight: 400; line-height: 14px; font-size: 14px;\">Il \u00e9tait soldat en Alg\u00e9rie. Son p\u00e8re a propos\u00e9 de payer sa lib\u00e9ration de l&rsquo;arm\u00e9e en \u00e9change de sa promesse d&rsquo;abandonner la peinture. L&rsquo;artiste a refus\u00e9 l&rsquo;offre, mais a \u00e9t\u00e9 soutenu par sa tante, avec l&rsquo;aide de laquelle il a quitt\u00e9 l&rsquo;arm\u00e9e et s&rsquo;est inscrit dans une \u00e9cole d&rsquo;art \u00e0 Paris.<\/span><\/p>\n<p><span style=\"font-weight: 400; line-height: 14px; font-size: 14px;\">Il a tent\u00e9 de se suicider en se jetant dans la Seine. Il a eu recours \u00e0 cet acte radical dans la vingtaine dans un moment de frustration, apr\u00e8s avoir \u00e9t\u00e9 rejet\u00e9 en tant qu&rsquo;artiste par l&rsquo;Acad\u00e9mie fran\u00e7aise des arts et se sentant incapable de subvenir aux besoins de sa famille.<\/span><\/p>\n<p><span style=\"font-weight: 400; line-height: 14px; font-size: 14px;\">Sa famille n&rsquo;\u00e9tait pas d&rsquo;accord avec sa relation avec Camille Doncieux, qui \u00e9tait son mod\u00e8le puis sa femme. Camille est morte \u00e0 l&rsquo;\u00e2ge de 32 ans, tr\u00e8s probablement d&rsquo;un chandelier ut\u00e9rin.<\/span><\/p>\n<p><span style=\"font-weight: 400; line-height: 14px; font-size: 14px;\">Sa deuxi\u00e8me femme, Alice Hosched\u00e9, \u00e9tait extr\u00eamement jalouse de Camille et on dit qu&rsquo;elle a d\u00e9truit toutes ses lettres et ses photos.<\/span><\/p>\n<p><span style=\"line-height: 14px; font-size: 14px;\"><strong>Tu veux \u00eatre plus productif ? Entra\u00eene-toi \u00e0 des jeux de puzzle !<\/strong><\/span><\/p>\n<p><span style=\"font-weight: 400; line-height: 14px; font-size: 14px;\">Les jeux de puzzle te d\u00e9tendent et te donnent un sentiment g\u00e9n\u00e9ral d&rsquo;optimisme. Pour chaque image du puzzle de 1000 pi\u00e8ces, tu mets toute ton habilet\u00e9 et ta pers\u00e9v\u00e9rance \u00e0 l&rsquo;\u00e9preuve. Dans n&rsquo;importe quelle activit\u00e9, si tu es concentr\u00e9 et passionn\u00e9, tu peux trouver des solutions rapidement et facilement. Assemble le puzzle de 1000 pi\u00e8ces jour apr\u00e8s jour et tu seras form\u00e9 aux t\u00e2ches quotidiennes. Ta productivit\u00e9 va augmenter et tu seras \u00e9tonn\u00e9e des r\u00e9sultats.<\/span><\/p>\n<p><span style=\"line-height: 14px; font-size: 14px;\"><span style=\"font-weight: 400;\">Tu es fascin\u00e9 par la vie et l&rsquo;\u0153uvre de Monet ? Ach\u00e8te des puzzles d&rsquo;art maintenant <\/span><span style=\"font-weight: 400;\">Claude Monet &#8211; Le d\u00e9jeuner et d\u00e9couvre une petite partie du charme de l&rsquo;artiste. Compl\u00e8te ta collection d&rsquo;art avec ce puzzle original de 1000 pi\u00e8ces. Claude Monet &#8211; Le puzzle d&rsquo;art du d\u00e9jeuner est un super jeu de puzzle \u00e0 offrir \u00e0 la famille ou aux amis.<\/span><\/span><\/p>\n","protected":false},"excerpt":{"rendered":"<p>Entre dans la plus grande galerie d&rsquo;art pr\u00e9sentant des puzzles d&rsquo;art avec des images des peintures les plus c\u00e9l\u00e8bres de<\/p>\n","protected":false},"featured_media":63262,"template":"","meta":[],"product_brand":[],"product_cat":[2314,2316,2315],"product_tag":[],"class_list":{"0":"post-53225","1":"product","2":"type-product","3":"status-publish","4":"has-post-thumbnail","6":"product_cat-puzzles-fr","7":"product_cat-puzzles-de-1000-pieces","8":"product_cat-puzzles-pour-adultes","9":"pa_brand-d_toys-fr","10":"pa_country_of_manufacture-ro-fr","11":"pa_filter_age-14-fr","12":"pa_painter-claudemonet-fr","13":"pa_tip_ambalaj-boite","14":"pa_tip_puzzle-classique","16":"first","17":"instock","18":"taxable","19":"shipping-taxable","20":"product-type-simple"},"yoast_head":"<!-- This site is optimized with the Yoast SEO plugin v20.1 - https:\/\/yoast.com\/wordpress\/plugins\/seo\/ -->\n<title>Puzzle adulte 1000 pi\u00e8ces Claude Monet -Le D\u00e9jeuner\/Pr\u00e2nzul<\/title>\n<meta name=\"description\" content=\"Puzzle adulte 1000 pi\u00e8ces Claude Monet -Le D\u00e9jeuner\/Pr\u00e2nzul\" \/>\n<meta name=\"robots\" content=\"index, follow, max-snippet:-1, max-image-preview:large, max-video-preview:-1\" \/>\n<link rel=\"canonical\" href=\"https:\/\/business.roovi.com\/fr\/puzzle-adulte-1000-pieces-claude-monet-le-dejeuner-pranzul\/p\/\" \/>\n<meta property=\"og:locale\" content=\"fr_FR\" \/>\n<meta property=\"og:type\" content=\"article\" \/>\n<meta property=\"og:title\" content=\"Puzzle adulte 1000 pi\u00e8ces Claude Monet -Le D\u00e9jeuner\/Pr\u00e2nzul\" \/>\n<meta property=\"og:description\" content=\"Puzzle adulte 1000 pi\u00e8ces Claude Monet -Le D\u00e9jeuner\/Pr\u00e2nzul\" \/>\n<meta property=\"og:url\" content=\"https:\/\/business.roovi.com\/fr\/puzzle-adulte-1000-pieces-claude-monet-le-dejeuner-pranzul\/p\/\" \/>\n<meta property=\"og:site_name\" content=\"Roovi B2B\" \/>\n<meta property=\"article:publisher\" content=\"https:\/\/www.facebook.com\/wwwjucariero\" \/>\n<meta property=\"article:modified_time\" content=\"2023-02-15T06:28:18+00:00\" \/>\n<meta property=\"og:image\" content=\"https:\/\/business.roovi.com\/wp-content\/uploads\/2018\/04\/67548-02_ansamblu_dimensiuni_cutie_cm_1200x1200.png\" \/>\n\t<meta property=\"og:image:width\" content=\"1200\" \/>\n\t<meta property=\"og:image:height\" content=\"1200\" \/>\n\t<meta property=\"og:image:type\" content=\"image\/png\" \/>\n<meta name=\"twitter:label1\" content=\"Dur\u00e9e de lecture estim\u00e9e\" \/>\n\t<meta name=\"twitter:data1\" content=\"4 minutes\" \/>\n<script type=\"application\/ld+json\" class=\"yoast-schema-graph\">{\"@context\":\"https:\/\/schema.org\",\"@graph\":[{\"@type\":\"WebPage\",\"@id\":\"https:\/\/business.roovi.com\/fr\/puzzle-adulte-1000-pieces-claude-monet-le-dejeuner-pranzul\/p\/\",\"url\":\"https:\/\/business.roovi.com\/fr\/puzzle-adulte-1000-pieces-claude-monet-le-dejeuner-pranzul\/p\/\",\"name\":\"Puzzle adulte 1000 pi\u00e8ces Claude Monet -Le D\u00e9jeuner\/Pr\u00e2nzul\",\"isPartOf\":{\"@id\":\"https:\/\/business.roovi.com\/fr\/#website\"},\"datePublished\":\"2018-04-16T10:56:17+00:00\",\"dateModified\":\"2023-02-15T06:28:18+00:00\",\"description\":\"Puzzle adulte 1000 pi\u00e8ces Claude Monet -Le D\u00e9jeuner\/Pr\u00e2nzul\",\"breadcrumb\":{\"@id\":\"https:\/\/business.roovi.com\/fr\/puzzle-adulte-1000-pieces-claude-monet-le-dejeuner-pranzul\/p\/#breadcrumb\"},\"inLanguage\":\"fr-FR\",\"potentialAction\":[{\"@type\":\"ReadAction\",\"target\":[\"https:\/\/business.roovi.com\/fr\/puzzle-adulte-1000-pieces-claude-monet-le-dejeuner-pranzul\/p\/\"]}]},{\"@type\":\"BreadcrumbList\",\"@id\":\"https:\/\/business.roovi.com\/fr\/puzzle-adulte-1000-pieces-claude-monet-le-dejeuner-pranzul\/p\/#breadcrumb\",\"itemListElement\":[{\"@type\":\"ListItem\",\"position\":1,\"name\":\"Home\",\"item\":\"https:\/\/business.roovi.com\/fr\/\"},{\"@type\":\"ListItem\",\"position\":2,\"name\":\"Boutique\",\"item\":\"https:\/\/business.roovi.com\/fr\/boutique\/\"},{\"@type\":\"ListItem\",\"position\":3,\"name\":\"Puzzle adulte 1000 pi\u00e8ces Claude Monet -Le D\u00e9jeuner\"}]},{\"@type\":\"WebSite\",\"@id\":\"https:\/\/business.roovi.com\/fr\/#website\",\"url\":\"https:\/\/business.roovi.com\/fr\/\",\"name\":\"Roovi B2B\",\"description\":\"Roovi Business Website\",\"potentialAction\":[{\"@type\":\"SearchAction\",\"target\":{\"@type\":\"EntryPoint\",\"urlTemplate\":\"https:\/\/business.roovi.com\/fr\/?s={search_term_string}\"},\"query-input\":\"required name=search_term_string\"}],\"inLanguage\":\"fr-FR\"}]}<\/script>\n<!-- \/ Yoast SEO plugin. -->","yoast_head_json":{"title":"Puzzle adulte 1000 pi\u00e8ces Claude Monet -Le D\u00e9jeuner\/Pr\u00e2nzul","description":"Puzzle adulte 1000 pi\u00e8ces Claude Monet -Le D\u00e9jeuner\/Pr\u00e2nzul","robots":{"index":"index","follow":"follow","max-snippet":"max-snippet:-1","max-image-preview":"max-image-preview:large","max-video-preview":"max-video-preview:-1"},"canonical":"https:\/\/business.roovi.com\/fr\/puzzle-adulte-1000-pieces-claude-monet-le-dejeuner-pranzul\/p\/","og_locale":"fr_FR","og_type":"article","og_title":"Puzzle adulte 1000 pi\u00e8ces Claude Monet -Le D\u00e9jeuner\/Pr\u00e2nzul","og_description":"Puzzle adulte 1000 pi\u00e8ces Claude Monet -Le D\u00e9jeuner\/Pr\u00e2nzul","og_url":"https:\/\/business.roovi.com\/fr\/puzzle-adulte-1000-pieces-claude-monet-le-dejeuner-pranzul\/p\/","og_site_name":"Roovi B2B","article_publisher":"https:\/\/www.facebook.com\/wwwjucariero","article_modified_time":"2023-02-15T06:28:18+00:00","og_image":[{"width":1200,"height":1200,"url":"https:\/\/business.roovi.com\/wp-content\/uploads\/2018\/04\/67548-02_ansamblu_dimensiuni_cutie_cm_1200x1200.png","type":"image\/png"}],"twitter_misc":{"Dur\u00e9e de lecture estim\u00e9e":"4 minutes"},"schema":{"@context":"https:\/\/schema.org","@graph":[{"@type":"WebPage","@id":"https:\/\/business.roovi.com\/fr\/puzzle-adulte-1000-pieces-claude-monet-le-dejeuner-pranzul\/p\/","url":"https:\/\/business.roovi.com\/fr\/puzzle-adulte-1000-pieces-claude-monet-le-dejeuner-pranzul\/p\/","name":"Puzzle adulte 1000 pi\u00e8ces Claude Monet -Le D\u00e9jeuner\/Pr\u00e2nzul","isPartOf":{"@id":"https:\/\/business.roovi.com\/fr\/#website"},"datePublished":"2018-04-16T10:56:17+00:00","dateModified":"2023-02-15T06:28:18+00:00","description":"Puzzle adulte 1000 pi\u00e8ces Claude Monet -Le D\u00e9jeuner\/Pr\u00e2nzul","breadcrumb":{"@id":"https:\/\/business.roovi.com\/fr\/puzzle-adulte-1000-pieces-claude-monet-le-dejeuner-pranzul\/p\/#breadcrumb"},"inLanguage":"fr-FR","potentialAction":[{"@type":"ReadAction","target":["https:\/\/business.roovi.com\/fr\/puzzle-adulte-1000-pieces-claude-monet-le-dejeuner-pranzul\/p\/"]}]},{"@type":"BreadcrumbList","@id":"https:\/\/business.roovi.com\/fr\/puzzle-adulte-1000-pieces-claude-monet-le-dejeuner-pranzul\/p\/#breadcrumb","itemListElement":[{"@type":"ListItem","position":1,"name":"Home","item":"https:\/\/business.roovi.com\/fr\/"},{"@type":"ListItem","position":2,"name":"Boutique","item":"https:\/\/business.roovi.com\/fr\/boutique\/"},{"@type":"ListItem","position":3,"name":"Puzzle adulte 1000 pi\u00e8ces Claude Monet -Le D\u00e9jeuner"}]},{"@type":"WebSite","@id":"https:\/\/business.roovi.com\/fr\/#website","url":"https:\/\/business.roovi.com\/fr\/","name":"Roovi B2B","description":"Roovi Business Website","potentialAction":[{"@type":"SearchAction","target":{"@type":"EntryPoint","urlTemplate":"https:\/\/business.roovi.com\/fr\/?s={search_term_string}"},"query-input":"required name=search_term_string"}],"inLanguage":"fr-FR"}]}},"_links":{"self":[{"href":"https:\/\/business.roovi.com\/fr\/wp-json\/wp\/v2\/product\/53225","targetHints":{"allow":["GET"]}}],"collection":[{"href":"https:\/\/business.roovi.com\/fr\/wp-json\/wp\/v2\/product"}],"about":[{"href":"https:\/\/business.roovi.com\/fr\/wp-json\/wp\/v2\/types\/product"}],"version-history":[{"count":0,"href":"https:\/\/business.roovi.com\/fr\/wp-json\/wp\/v2\/product\/53225\/revisions"}],"wp:featuredmedia":[{"embeddable":true,"href":"https:\/\/business.roovi.com\/fr\/wp-json\/wp\/v2\/media\/63262"}],"wp:attachment":[{"href":"https:\/\/business.roovi.com\/fr\/wp-json\/wp\/v2\/media?parent=53225"}],"wp:term":[{"taxonomy":"product_brand","embeddable":true,"href":"https:\/\/business.roovi.com\/fr\/wp-json\/wp\/v2\/product_brand?post=53225"},{"taxonomy":"product_cat","embeddable":true,"href":"https:\/\/business.roovi.com\/fr\/wp-json\/wp\/v2\/product_cat?post=53225"},{"taxonomy":"product_tag","embeddable":true,"href":"https:\/\/business.roovi.com\/fr\/wp-json\/wp\/v2\/product_tag?post=53225"}],"curies":[{"name":"wp","href":"https:\/\/api.w.org\/{rel}","templated":true}]}}