{"id":53248,"date":"2018-04-16T10:56:17","date_gmt":"2018-04-16T10:56:17","guid":{"rendered":"https:\/\/business.roovi.com\/puzzle-adulti-bruegel-cel-batran-netherlandish-proverbsproverbe-olandeze-1000-piese\/p\/"},"modified":"2022-07-13T10:24:16","modified_gmt":"2022-07-13T10:24:16","slug":"puzzle-adulte-de-1000-pieces-bruegel-lancien-proverbes-neerlandais-proverbe-olandeseze","status":"publish","type":"product","link":"https:\/\/business.roovi.com\/fr\/puzzle-adulte-de-1000-pieces-bruegel-lancien-proverbes-neerlandais-proverbe-olandeseze\/p\/","title":{"rendered":"Puzzle adulte de 1000 pi\u00e8ces Bruegel l&rsquo;Ancien &#8211; Proverbes n\u00e9erlandais\/Proverbe olandeseze"},"content":{"rendered":"<p><span style=\"font-weight: 400;\">Entre dans la peau des grands peintres de la Renaissance et cr\u00e9e tes propres tableaux ! Notre collection d&rsquo;art Puzzle comprend des dizaines de puzzles pour adultes qui t&rsquo;entra\u00eenent dans le monde fascinant de l&rsquo;art.  <\/span><\/p>\n<p><span style=\"font-weight: 400;\">Puzzle de 1000 pi\u00e8ces <\/span><span style=\"font-weight: 400;\">Bruegel l&rsquo;Ancien &#8211; Proverbes n\u00e9erlandais est l&rsquo;un de ces puzzles pour adultes qui mettent ton esprit au d\u00e9fi de r\u00e9soudre un myst\u00e8re de couleur. Image  <\/span><em><span style=\"font-weight: 400;\">Proverbes n\u00e9erlandais<\/span><\/em><span style=\"font-weight: 400;\"> rend de nombreux proverbes et idiomes n\u00e9erlandais dans des sc\u00e8nes m\u00e9morables. Au-del\u00e0 d&rsquo;\u00eatre une simple repr\u00e9sentation des mots, la peinture rend vraiment la folie du monde. Reconstitue cette parabole immortelle \u00e0 partir d&rsquo;un puzzle de 1000 pi\u00e8ces et tu obtiendras l&rsquo;ordre et la paix dans ton propre monde int\u00e9rieur !<\/span><\/p>\n<p><span style=\"font-weight: 400;\">Le puzzle Proverbes hollandais de 1000 pi\u00e8ces est fabriqu\u00e9 avec des mat\u00e9riaux de haute qualit\u00e9, tu pourras donc voir tous les \u00e9l\u00e9ments du tableau original en d\u00e9tail. D\u00e9couvre ci-dessous d&rsquo;autres caract\u00e9ristiques de ce merveilleux puzzle pour adultes.<\/span><\/p>\n<p><span style=\"font-weight: 400;\">Taille du puzzle assembl\u00e9 : 50&#215;70 cm. Tu peux assembler ce puzzle de 1000 pi\u00e8ces sur une table basse ordinaire.<\/span><\/p>\n<p><span style=\"font-weight: 400;\">Mat\u00e9riau du puzzle <\/span><\/p>\n<p><strong>carton bleu de haute qualit\u00e9<\/strong><\/p>\n<p><strong>des mat\u00e9riaux durables et recyclables<\/strong><\/p>\n<p><strong>finition semi-brillante, couleurs vives<\/strong><\/p>\n<p><strong>Nombre de pi\u00e8ces de puzzle : 1000<\/strong><\/p>\n<p><strong>\u00c2ge recommand\u00e9 : 14+<\/strong><\/p>\n<p><strong>Puzzle de 1000 pi\u00e8ces : pour la sant\u00e9 de l&rsquo;\u00e2me et de l&rsquo;esprit<\/strong><\/p>\n<p><span style=\"font-weight: 400;\">Tu vis une vie tr\u00e9pidante et tu veux un peu de tranquillit\u00e9 d&rsquo;esprit ? Assemble le puzzle de 1000 pi\u00e8ces jour apr\u00e8s jour et ton esprit sera en paix pendant une heure ou plus, selon le temps que tu accordes \u00e0 cette activit\u00e9.<\/span><\/p>\n<p><span style=\"font-weight: 400;\">De plus, les jeux de r\u00e9flexion t&rsquo;aideront :<\/span><\/p>\n<p><strong>D\u00e9tends-toi<\/strong><span style=\"font-weight: 400;\">i &#8211; parce qu&rsquo;il te permet de rester connect\u00e9 \u00e0 l&rsquo;image que tu dois reconstruire, et les pens\u00e9es et les soucis quotidiens se mettent en veille tout au long du processus.<\/span><\/p>\n<p><strong>D\u00e9barrasse-toi de l&rsquo;insomnie <\/strong><span style=\"font-weight: 400;\">&#8211;  parce que cela calme ton esprit. Rassembler un puzzle de 1000 pi\u00e8ces avant de se coucher t&rsquo;aidera \u00e0 t&rsquo;endormir rapidement et \u00e0 avoir une bonne nuit de repos.<\/span><\/p>\n<p><strong>Sois optimiste<\/strong><span style=\"font-weight: 400;\"> &#8211; il a \u00e9t\u00e9 d\u00e9montr\u00e9 que lorsque les gens font des puzzles pour adultes, leur cerveau s\u00e9cr\u00e8te de la dopamine &#8211; l&rsquo;hormone responsable du sentiment de satisfaction, de bonheur et d&rsquo;optimisme.<\/span><\/p>\n<p><strong>Tu r\u00e9ussis une t\u00e2che difficile <\/strong><span style=\"font-weight: 400;\">&#8211; tu commences beaucoup de choses, mais tu ne les termines pas pour diverses raisons. Quand tu fais un puzzle de 1 000 pi\u00e8ces, avec chaque pi\u00e8ce que tu colles, tu te rapproches de plus en plus de la fin et tu ne peux pas abandonner. Tu cherches, tu trouves et bient\u00f4t c&rsquo;est fait, mission accomplie. Cette discipline int\u00e9rieure, tu l&rsquo;\u00e9tabliras plus tard dans d&rsquo;autres aspects de ta vie.<\/span><\/p>\n<p><strong>Tu maintiens la sant\u00e9 du cerveau <\/strong><span style=\"font-weight: 400;\">&#8211; Que tu le veuilles ou non, chaque jour qui passe te rapproche un peu plus de la vieillesse qui vient avec ses probl\u00e8mes et ses d\u00e9fis. R\u00e9sous des puzzles de 1000 pi\u00e8ces tous les jours pour garder ton cerveau sain et entra\u00een\u00e9.<\/span><\/p>\n<p><strong>6 faits int\u00e9ressants sur Bruegel l&rsquo;Ancien <\/strong><\/p>\n<ol>\n<li><span style=\"font-weight: 400;\">Lors de ses voyages en Italie, il a r\u00e9alis\u00e9 de nombreux dessins repr\u00e9sentant les habitudes sarcastiques, les d\u00e9fauts des gens et la beaut\u00e9 du monde.<\/span><\/li>\n<li><span style=\"font-weight: 400;\">Il \u00e9tait un observateur attentif du monde rural, d\u00e9pourvu d&rsquo;\u00e9tiquettes et de conformit\u00e9. Il s&rsquo;habillait souvent en paysan et participait aux f\u00eates flamandes. Plus tard, il a produit des croquis repr\u00e9sentant ce monde paysan.<\/span><\/li>\n<li><span style=\"font-weight: 400;\">Titre original de la peinture <\/span><em><span style=\"font-weight: 400;\">Proverbes n\u00e9erlandais<\/span><\/em><span style=\"font-weight: 400;\"> \u00e9tait <\/span><em><span style=\"font-weight: 400;\">Le manteau bleu<\/span><\/em><span style=\"font-weight: 400;\"> ou <\/span><em><span style=\"font-weight: 400;\">La folie du monde<\/span><\/em><span style=\"font-weight: 400;\">.<\/span><\/li>\n<li><span style=\"font-weight: 400;\">Son fils, Pieter Bruegel le Jeune, a fait pas moins de 16 copies du tableau <\/span><em><span style=\"font-weight: 400;\">Proverbes n\u00e9erlandais<\/span><\/em><span style=\"font-weight: 400;\"> qui mettent en avant exactement les m\u00eames proverbes.<\/span><\/li>\n<\/ol>\n<p><strong>5 proverbes que l&rsquo;on peut trouver dans le tableau <\/strong><strong><em>Proverbes n\u00e9erlandais<\/em><\/strong><\/p>\n<p><span style=\"font-weight: 400;\">&#8230;Savais-tu que plus de 100 proverbes sont repr\u00e9sent\u00e9s dans la peinture de Bruegel qui figure dans ce puzzle de 1000 pi\u00e8ces ? Voici seulement 5 d&rsquo;entre eux :<\/span><\/p>\n<ol>\n<li><span style=\"font-weight: 400;\">Se frapper la t\u00eate contre le mur<\/span><\/li>\n<li><span style=\"font-weight: 400;\">L&rsquo;un tond le mouton, l&rsquo;autre le cochon<\/span><\/li>\n<li><span style=\"font-weight: 400;\">Les idiots obtiennent les meilleures cartes<\/span><\/li>\n<li><span style=\"font-weight: 400;\">Le requin mange les plus petits poissons<\/span><\/li>\n<li><span style=\"font-weight: 400;\">C&rsquo;est difficile de nager \u00e0 contre-courant.<\/span><\/li>\n<\/ol>\n<p><span style=\"font-weight: 400;\">Nous te mettons au d\u00e9fi de les d\u00e9couvrir en assemblant ce merveilleux puzzle artistique ! <\/span><\/p>\n<p><span style=\"font-weight: 400;\">Tu penses pouvoir d\u00e9couvrir les 100+ proverbes du puzzle des 1000 proverbes n\u00e9erlandais ? Ach\u00e8te ce merveilleux puzzle pour adultes maintenant et commence \u00e0 reconstituer une v\u00e9ritable image d&rsquo;art et de mots.  Nous garantissons environ 30 heures de grand plaisir avec un puzzle de 1000 pi\u00e8ces merveilleusement interactif.<\/span><\/p>\n<p><span style=\"font-weight: 400;\">Le puzzle de 1000 pi\u00e8ces de la collection puzzle art est aussi un excellent cadeau pour les amateurs d&rsquo;art ou de jeux de puzzle.<\/span><\/p>\n","protected":false},"excerpt":{"rendered":"<p>Entre dans la peau des grands peintres de la Renaissance et cr\u00e9e tes propres tableaux ! Notre collection d&rsquo;art Puzzle<\/p>\n","protected":false},"featured_media":63203,"template":"","meta":[],"product_brand":[],"product_cat":[2314,2315,2316],"product_tag":[],"class_list":{"0":"post-53248","1":"product","2":"type-product","3":"status-publish","4":"has-post-thumbnail","6":"product_cat-puzzles-fr","7":"product_cat-puzzles-pour-adultes","8":"product_cat-puzzles-de-1000-pieces","9":"pa_brand-d_toys-fr","10":"pa_country_of_manufacture-ro-fr","11":"pa_filter_age-14-fr","12":"pa_painter-pieterbreugeltheelder-fr","13":"pa_tip_ambalaj-boite","14":"pa_tip_puzzle-classique","16":"first","17":"instock","18":"taxable","19":"shipping-taxable","20":"product-type-simple"},"yoast_head":"<!-- This site is optimized with the Yoast SEO plugin v20.1 - https:\/\/yoast.com\/wordpress\/plugins\/seo\/ -->\n<title>Puzzle adulte de 1000 pi\u00e8ces Bruegel l&#039;Ancien - Proverbes n\u00e9erlandais\/Proverbe olandeseze<\/title>\n<meta name=\"description\" content=\"Puzzle adulte de 1000 pi\u00e8ces Bruegel l&#039;Ancien - Proverbes n\u00e9erlandais\/Proverbe olandeseze\" \/>\n<meta name=\"robots\" content=\"index, follow, max-snippet:-1, max-image-preview:large, max-video-preview:-1\" \/>\n<link rel=\"canonical\" href=\"https:\/\/business.roovi.com\/fr\/puzzle-adulte-de-1000-pieces-bruegel-lancien-proverbes-neerlandais-proverbe-olandeseze\/p\/\" \/>\n<meta property=\"og:locale\" content=\"fr_FR\" \/>\n<meta property=\"og:type\" content=\"article\" \/>\n<meta property=\"og:title\" content=\"Puzzle adulte de 1000 pi\u00e8ces Bruegel l&#039;Ancien - Proverbes n\u00e9erlandais\/Proverbe olandeseze\" \/>\n<meta property=\"og:description\" content=\"Puzzle adulte de 1000 pi\u00e8ces Bruegel l&#039;Ancien - Proverbes n\u00e9erlandais\/Proverbe olandeseze\" \/>\n<meta property=\"og:url\" content=\"https:\/\/business.roovi.com\/fr\/puzzle-adulte-de-1000-pieces-bruegel-lancien-proverbes-neerlandais-proverbe-olandeseze\/p\/\" \/>\n<meta property=\"og:site_name\" content=\"Roovi B2B\" \/>\n<meta property=\"article:publisher\" content=\"https:\/\/www.facebook.com\/wwwjucariero\" \/>\n<meta property=\"article:modified_time\" content=\"2022-07-13T10:24:16+00:00\" \/>\n<meta property=\"og:image\" content=\"https:\/\/business.roovi.com\/wp-content\/uploads\/2018\/04\/73778-01_ansamblu_dimensiuni_cutie_cm.png\" \/>\n\t<meta property=\"og:image:width\" content=\"1200\" \/>\n\t<meta property=\"og:image:height\" content=\"1200\" \/>\n\t<meta property=\"og:image:type\" content=\"image\/png\" \/>\n<meta name=\"twitter:label1\" content=\"Dur\u00e9e de lecture estim\u00e9e\" \/>\n\t<meta name=\"twitter:data1\" content=\"4 minutes\" \/>\n<script type=\"application\/ld+json\" class=\"yoast-schema-graph\">{\"@context\":\"https:\/\/schema.org\",\"@graph\":[{\"@type\":\"WebPage\",\"@id\":\"https:\/\/business.roovi.com\/fr\/puzzle-adulte-de-1000-pieces-bruegel-lancien-proverbes-neerlandais-proverbe-olandeseze\/p\/\",\"url\":\"https:\/\/business.roovi.com\/fr\/puzzle-adulte-de-1000-pieces-bruegel-lancien-proverbes-neerlandais-proverbe-olandeseze\/p\/\",\"name\":\"Puzzle adulte de 1000 pi\u00e8ces Bruegel l'Ancien - Proverbes n\u00e9erlandais\/Proverbe olandeseze\",\"isPartOf\":{\"@id\":\"https:\/\/business.roovi.com\/fr\/#website\"},\"datePublished\":\"2018-04-16T10:56:17+00:00\",\"dateModified\":\"2022-07-13T10:24:16+00:00\",\"description\":\"Puzzle adulte de 1000 pi\u00e8ces Bruegel l'Ancien - Proverbes n\u00e9erlandais\/Proverbe olandeseze\",\"breadcrumb\":{\"@id\":\"https:\/\/business.roovi.com\/fr\/puzzle-adulte-de-1000-pieces-bruegel-lancien-proverbes-neerlandais-proverbe-olandeseze\/p\/#breadcrumb\"},\"inLanguage\":\"fr-FR\",\"potentialAction\":[{\"@type\":\"ReadAction\",\"target\":[\"https:\/\/business.roovi.com\/fr\/puzzle-adulte-de-1000-pieces-bruegel-lancien-proverbes-neerlandais-proverbe-olandeseze\/p\/\"]}]},{\"@type\":\"BreadcrumbList\",\"@id\":\"https:\/\/business.roovi.com\/fr\/puzzle-adulte-de-1000-pieces-bruegel-lancien-proverbes-neerlandais-proverbe-olandeseze\/p\/#breadcrumb\",\"itemListElement\":[{\"@type\":\"ListItem\",\"position\":1,\"name\":\"Home\",\"item\":\"https:\/\/business.roovi.com\/fr\/\"},{\"@type\":\"ListItem\",\"position\":2,\"name\":\"Boutique\",\"item\":\"https:\/\/business.roovi.com\/fr\/boutique\/\"},{\"@type\":\"ListItem\",\"position\":3,\"name\":\"Puzzle adulte de 1000 pi\u00e8ces Bruegel l&#8217;Ancien &#8211; Proverbes n\u00e9erlandais\/Proverbe olandeseze\"}]},{\"@type\":\"WebSite\",\"@id\":\"https:\/\/business.roovi.com\/fr\/#website\",\"url\":\"https:\/\/business.roovi.com\/fr\/\",\"name\":\"Roovi B2B\",\"description\":\"Roovi Business Website\",\"potentialAction\":[{\"@type\":\"SearchAction\",\"target\":{\"@type\":\"EntryPoint\",\"urlTemplate\":\"https:\/\/business.roovi.com\/fr\/?s={search_term_string}\"},\"query-input\":\"required name=search_term_string\"}],\"inLanguage\":\"fr-FR\"}]}<\/script>\n<!-- \/ Yoast SEO plugin. -->","yoast_head_json":{"title":"Puzzle adulte de 1000 pi\u00e8ces Bruegel l'Ancien - Proverbes n\u00e9erlandais\/Proverbe olandeseze","description":"Puzzle adulte de 1000 pi\u00e8ces Bruegel l'Ancien - Proverbes n\u00e9erlandais\/Proverbe olandeseze","robots":{"index":"index","follow":"follow","max-snippet":"max-snippet:-1","max-image-preview":"max-image-preview:large","max-video-preview":"max-video-preview:-1"},"canonical":"https:\/\/business.roovi.com\/fr\/puzzle-adulte-de-1000-pieces-bruegel-lancien-proverbes-neerlandais-proverbe-olandeseze\/p\/","og_locale":"fr_FR","og_type":"article","og_title":"Puzzle adulte de 1000 pi\u00e8ces Bruegel l'Ancien - Proverbes n\u00e9erlandais\/Proverbe olandeseze","og_description":"Puzzle adulte de 1000 pi\u00e8ces Bruegel l'Ancien - Proverbes n\u00e9erlandais\/Proverbe olandeseze","og_url":"https:\/\/business.roovi.com\/fr\/puzzle-adulte-de-1000-pieces-bruegel-lancien-proverbes-neerlandais-proverbe-olandeseze\/p\/","og_site_name":"Roovi B2B","article_publisher":"https:\/\/www.facebook.com\/wwwjucariero","article_modified_time":"2022-07-13T10:24:16+00:00","og_image":[{"width":1200,"height":1200,"url":"https:\/\/business.roovi.com\/wp-content\/uploads\/2018\/04\/73778-01_ansamblu_dimensiuni_cutie_cm.png","type":"image\/png"}],"twitter_misc":{"Dur\u00e9e de lecture estim\u00e9e":"4 minutes"},"schema":{"@context":"https:\/\/schema.org","@graph":[{"@type":"WebPage","@id":"https:\/\/business.roovi.com\/fr\/puzzle-adulte-de-1000-pieces-bruegel-lancien-proverbes-neerlandais-proverbe-olandeseze\/p\/","url":"https:\/\/business.roovi.com\/fr\/puzzle-adulte-de-1000-pieces-bruegel-lancien-proverbes-neerlandais-proverbe-olandeseze\/p\/","name":"Puzzle adulte de 1000 pi\u00e8ces Bruegel l'Ancien - Proverbes n\u00e9erlandais\/Proverbe olandeseze","isPartOf":{"@id":"https:\/\/business.roovi.com\/fr\/#website"},"datePublished":"2018-04-16T10:56:17+00:00","dateModified":"2022-07-13T10:24:16+00:00","description":"Puzzle adulte de 1000 pi\u00e8ces Bruegel l'Ancien - Proverbes n\u00e9erlandais\/Proverbe olandeseze","breadcrumb":{"@id":"https:\/\/business.roovi.com\/fr\/puzzle-adulte-de-1000-pieces-bruegel-lancien-proverbes-neerlandais-proverbe-olandeseze\/p\/#breadcrumb"},"inLanguage":"fr-FR","potentialAction":[{"@type":"ReadAction","target":["https:\/\/business.roovi.com\/fr\/puzzle-adulte-de-1000-pieces-bruegel-lancien-proverbes-neerlandais-proverbe-olandeseze\/p\/"]}]},{"@type":"BreadcrumbList","@id":"https:\/\/business.roovi.com\/fr\/puzzle-adulte-de-1000-pieces-bruegel-lancien-proverbes-neerlandais-proverbe-olandeseze\/p\/#breadcrumb","itemListElement":[{"@type":"ListItem","position":1,"name":"Home","item":"https:\/\/business.roovi.com\/fr\/"},{"@type":"ListItem","position":2,"name":"Boutique","item":"https:\/\/business.roovi.com\/fr\/boutique\/"},{"@type":"ListItem","position":3,"name":"Puzzle adulte de 1000 pi\u00e8ces Bruegel l&#8217;Ancien &#8211; Proverbes n\u00e9erlandais\/Proverbe olandeseze"}]},{"@type":"WebSite","@id":"https:\/\/business.roovi.com\/fr\/#website","url":"https:\/\/business.roovi.com\/fr\/","name":"Roovi B2B","description":"Roovi Business Website","potentialAction":[{"@type":"SearchAction","target":{"@type":"EntryPoint","urlTemplate":"https:\/\/business.roovi.com\/fr\/?s={search_term_string}"},"query-input":"required name=search_term_string"}],"inLanguage":"fr-FR"}]}},"_links":{"self":[{"href":"https:\/\/business.roovi.com\/fr\/wp-json\/wp\/v2\/product\/53248","targetHints":{"allow":["GET"]}}],"collection":[{"href":"https:\/\/business.roovi.com\/fr\/wp-json\/wp\/v2\/product"}],"about":[{"href":"https:\/\/business.roovi.com\/fr\/wp-json\/wp\/v2\/types\/product"}],"version-history":[{"count":0,"href":"https:\/\/business.roovi.com\/fr\/wp-json\/wp\/v2\/product\/53248\/revisions"}],"wp:featuredmedia":[{"embeddable":true,"href":"https:\/\/business.roovi.com\/fr\/wp-json\/wp\/v2\/media\/63203"}],"wp:attachment":[{"href":"https:\/\/business.roovi.com\/fr\/wp-json\/wp\/v2\/media?parent=53248"}],"wp:term":[{"taxonomy":"product_brand","embeddable":true,"href":"https:\/\/business.roovi.com\/fr\/wp-json\/wp\/v2\/product_brand?post=53248"},{"taxonomy":"product_cat","embeddable":true,"href":"https:\/\/business.roovi.com\/fr\/wp-json\/wp\/v2\/product_cat?post=53248"},{"taxonomy":"product_tag","embeddable":true,"href":"https:\/\/business.roovi.com\/fr\/wp-json\/wp\/v2\/product_tag?post=53248"}],"curies":[{"name":"wp","href":"https:\/\/api.w.org\/{rel}","templated":true}]}}