{"id":53253,"date":"2018-04-16T10:56:17","date_gmt":"2018-04-16T10:56:17","guid":{"rendered":"https:\/\/business.roovi.com\/puzzle-adulti-breughel-the-elder-the-entry-of-the-animals-into-noahs-ark-1000-piese-2\/p\/"},"modified":"2022-07-13T10:24:18","modified_gmt":"2022-07-13T10:24:18","slug":"puzzle-adulte-1000-pieces-breughel-lancien-lentree-des-animaux-dans-larche-de-noe-2","status":"publish","type":"product","link":"https:\/\/business.roovi.com\/fr\/puzzle-adulte-1000-pieces-breughel-lancien-lentree-des-animaux-dans-larche-de-noe-2\/p\/","title":{"rendered":"Puzzle adulte 1000 pi\u00e8ces Breughel l&rsquo;Ancien &#8211; L&rsquo;entr\u00e9e des animaux dans l&rsquo;arche de No\u00e9"},"content":{"rendered":"<p><span style=\"font-weight: 400;\">Mets-toi dans la peau des c\u00e9l\u00e8bres peintres de la Renaissance et cr\u00e9e tes propres tableaux ! Notre gamme Puzzle art contient de nombreux jeux de puzzle qui t&rsquo;entra\u00eenent dans le monde fascinant de l&rsquo;art.<\/span><\/p>\n<p><span style=\"font-weight: 400;\">Puzzle de 1000 pi\u00e8ces <\/span><span style=\"font-weight: 400;\">Brueghel l&rsquo;Ancien &#8211; L&rsquo;entr\u00e9e des animaux dans l&rsquo;arche de No\u00e9 est une magnifique reproduction du c\u00e9l\u00e8bre tableau de Jan Brueghel l&rsquo;Ancien. Une abondance d&rsquo;animaux remplit le ciel et la terre. Ils gambadent, ils jouent, ils grimpent, ils nagent, ils volent, et tous sont guid\u00e9s par l&rsquo;\u00e9lu Noah vers l&rsquo;arche qui les m\u00e8nera tous vers un avenir meilleur. Entre dans cette sc\u00e8ne fabuleuse en compl\u00e9tant le merveilleux puzzle de 1000 pi\u00e8ces ! <\/span><\/p>\n<p><span style=\"font-weight: 400;\">Le tableau que tu obtiens est de 50 x 70 cm, ce qui signifie que tu peux le faire sur une table basse ordinaire. Lis plus de d\u00e9tails et de caract\u00e9ristiques de ce jeu de puzzle ci-dessous.<\/span><\/p>\n<p><span style=\"font-weight: 400;\">Mat\u00e9riau du puzzle <\/span><\/p>\n<ul style=\"list-style-type: disc;\">\n<li><span style=\"font-weight: 400;\">carton bleu de haute qualit\u00e9<\/span><\/li>\n<li><span style=\"font-weight: 400;\">des mat\u00e9riaux durables et recyclables<\/span><\/li>\n<li><span style=\"font-weight: 400;\">finition semi-brillante, couleurs vives<\/span><\/li>\n<\/ul>\n<p><span style=\"font-weight: 400;\">Nombre de pi\u00e8ces de puzzle : 1000<\/span><\/p>\n<p><span style=\"font-weight: 400;\">\u00c2ge recommand\u00e9 : 14+<\/span><\/p>\n<p><span style=\"font-weight: 400;\">Puzzle 1000 pi\u00e8ces<\/span><\/p>\n<p><strong>Pourquoi est-il sain de faire des puzzles de 1000 pi\u00e8ces ?<\/strong><\/p>\n<p><span style=\"font-weight: 400;\">Il est scientifiquement prouv\u00e9 que l&rsquo;activit\u00e9 consistant \u00e0 faire des puzzles est b\u00e9n\u00e9fique pour la sant\u00e9 des adultes. Voici quelques-uns de ces avantages :<\/span><\/p>\n<p><strong>Entra\u00eene la coordination main-\u0153il<\/strong><\/p>\n<p><span style=\"font-weight: 400;\">Terminer un puzzle de 1000 pi\u00e8ces n\u00e9cessite une bonne coordination main-\u0153il. Avec le jeu du puzzle, cette comp\u00e9tence s&rsquo;am\u00e9liorera.<\/span><\/p>\n<p><strong>Les jeux de puzzle aident \u00e0 am\u00e9liorer la m\u00e9moire<\/strong><\/p>\n<p><span style=\"font-weight: 400;\">Les puzzles de 1000 pi\u00e8ces entra\u00eenent ta m\u00e9moire lorsque tu essaies de te souvenir de la forme des pi\u00e8ces ou des parties d&rsquo;une image que tu as essay\u00e9 d&rsquo;assembler mais que les pi\u00e8ces ne rentraient pas.<\/span><\/p>\n<p><strong>Les jeux de puzzle augmentent l&rsquo;intelligence visuelle et spatiale<\/strong><\/p>\n<p><span style=\"font-weight: 400;\">Intelligence<\/span> <span style=\"font-weight: 400;\">est la capacit\u00e9 de penser et d&rsquo;apprendre avec des images. Il peut \u00eatre entra\u00een\u00e9 et d\u00e9velopp\u00e9 en compl\u00e9tant des puzzles de 1000 pi\u00e8ces <\/span><strong> <\/strong><\/p>\n<p><strong>Les jeux de puzzle entra\u00eenent les comp\u00e9tences sociales des adultes<\/strong><\/p>\n<p><span style=\"font-weight: 400;\">Les jeux de puzzle peuvent aussi \u00eatre r\u00e9alis\u00e9s en groupe, pas seulement individuellement, et cela demande de la coop\u00e9ration, de la communication et de la patience avec les autres. Toutes ces comp\u00e9tences s&rsquo;am\u00e9liorent pendant la r\u00e9alisation du puzzle de 1000 pi\u00e8ces et seront conserv\u00e9es pour d&rsquo;autres activit\u00e9s de la vie quotidienne.<\/span><\/p>\n<p><strong>Les jeux de puzzle am\u00e9liorent la motricit\u00e9 fine<\/strong><\/p>\n<p><span style=\"font-weight: 400;\">En vieillissant, cette capacit\u00e9 se r\u00e9duit. Compl\u00e8te le puzzle de 1000 pi\u00e8ces quotidiennement et vois comment ces comp\u00e9tences s&rsquo;am\u00e9liorent rapidement <\/span><\/p>\n<p><strong>6 curiosit\u00e9s sur Jan Brueghel et <\/strong><strong><em>Les animaux qui entrent dans l&rsquo;arche de No\u00e9<\/em><\/strong><\/p>\n<ul style=\"list-style-type: disc;\">\n<li><span style=\"font-weight: 400;\">Jan Bruegel l&rsquo;Ancien fait partie de la dynastie artistique des Bruegel, une famille qui a produit de nombreux peintres talentueux \u00e0 travers les \u00e2ges<\/span><\/li>\n<li><span style=\"font-weight: 400;\">Il est connu et appr\u00e9ci\u00e9 pour son art de copier la nature dans les moindres d\u00e9tails<\/span><\/li>\n<li><span style=\"font-weight: 400;\">Il \u00e9tait surnomm\u00e9 \u00ab\u00a0Velvet Bruegel\u00a0\u00bb pour son approche d\u00e9licate de ses encres, les couleurs qu&rsquo;il utilisait avaient un \u00e9clat de velours.<\/span><\/li>\n<li><span style=\"font-weight: 400;\">Le tableau date de l&rsquo;\u00e9poque o\u00f9 il a \u00e9t\u00e9 nomm\u00e9 peintre au palais des archiducs Albert et de la princesse Isabella qui poss\u00e9daient une collection d&rsquo;animaux et d&rsquo;oiseaux rares, <\/span><span style=\"font-weight: 400;\">ce qui a permis \u00e0 Bruegel de les \u00e9tudier et de les peindre avec pr\u00e9cision.<\/span><\/li>\n<li><span style=\"font-weight: 400;\">La peinture refl\u00e8te l&rsquo;int\u00e9r\u00eat croissant pour les esp\u00e8ces animales et leur classification au 17\u00e8me si\u00e8cle.<\/span><\/li>\n<li><span style=\"font-weight: 400;\">Le th\u00e8me religieux de l&rsquo;\u0153uvre est expliqu\u00e9 par les critiques en termes de relation entre l&rsquo;artiste et le cardinal Borromeo, dont l&rsquo;influence et la vision de la nature ont influenc\u00e9 le d\u00e9veloppement de l&rsquo;approche descriptive de Brueghel concernant les animaux et les paysages c\u00e9lestes.<\/span><\/li>\n<\/ul>\n<p><strong>5 autres avantages de compl\u00e9ter des puzzles d&rsquo;art<\/strong><\/p>\n<ul style=\"list-style-type: disc;\">\n<li><span style=\"font-weight: 400;\">D\u00e9tend toi<\/span><\/li>\n<li><span style=\"font-weight: 400;\">Cela fait de toi un petit artiste d\u00e9tective<\/span><\/li>\n<li><span style=\"font-weight: 400;\">Ils te rendent plus attentive aux d\u00e9tails<\/span><\/li>\n<li><span style=\"font-weight: 400;\">Aide \u00e0 \u00eatre plus productif<\/span><\/li>\n<li><span style=\"font-weight: 400;\">Cela t&rsquo;aide \u00e0 rester concentr\u00e9 sur chaque objectif.<\/span><\/li>\n<\/ul>\n<p><span style=\"font-weight: 400;\">Apporte un peu de magie dans ta maison gr\u00e2ce \u00e0 la merveilleuse \u0153uvre d&rsquo;art de Jan Brueghel &#8211; Les animaux qui entrent dans l&rsquo;arche de No\u00e9 ! Compl\u00e8te ce magnifique puzzle de 1000 pi\u00e8ces de la collection puzzle art et tu auras une peinture accomplie de toi-m\u00eame <\/span><\/p>\n<p><span style=\"font-weight: 400;\">Tu es \u00e0 court d&rsquo;id\u00e9es de cadeaux pour une amie ch\u00e8re ? Le puzzle de Jan Brueghel de 1000 pi\u00e8ces &#8211; Les animaux entrant dans l&rsquo;arche de No\u00e9 est le choix parfait ! Commande-le maintenant !<\/span><\/p>\n","protected":false},"excerpt":{"rendered":"<p>Mets-toi dans la peau des c\u00e9l\u00e8bres peintres de la Renaissance et cr\u00e9e tes propres tableaux ! Notre gamme Puzzle art<\/p>\n","protected":false},"featured_media":63197,"template":"","meta":[],"product_brand":[],"product_cat":[2314,2316,2315],"product_tag":[],"class_list":{"0":"post-53253","1":"product","2":"type-product","3":"status-publish","4":"has-post-thumbnail","6":"product_cat-puzzles-fr","7":"product_cat-puzzles-de-1000-pieces","8":"product_cat-puzzles-pour-adultes","9":"pa_brand-d_toys-fr","10":"pa_country_of_manufacture-ro-fr","11":"pa_filter_age-14-fr","12":"pa_painter-janbreugheltheelder-fr","13":"pa_tip_ambalaj-boite","14":"pa_tip_puzzle-classique","16":"first","17":"instock","18":"taxable","19":"shipping-taxable","20":"product-type-simple"},"yoast_head":"<!-- This site is optimized with the Yoast SEO plugin v20.1 - https:\/\/yoast.com\/wordpress\/plugins\/seo\/ -->\n<title>Puzzle adulte 1000 pi\u00e8ces Breughel l&#039;Ancien - L&#039;entr\u00e9e des animaux dans l&#039;arche de No\u00e9<\/title>\n<meta name=\"description\" content=\"Puzzle adulte 1000 pi\u00e8ces Breughel l&#039;Ancien - L&#039;entr\u00e9e des animaux dans l&#039;arche de No\u00e9\" \/>\n<meta name=\"robots\" content=\"index, follow, max-snippet:-1, max-image-preview:large, max-video-preview:-1\" \/>\n<link rel=\"canonical\" href=\"https:\/\/business.roovi.com\/fr\/puzzle-adulte-1000-pieces-breughel-lancien-lentree-des-animaux-dans-larche-de-noe-2\/p\/\" \/>\n<meta property=\"og:locale\" content=\"fr_FR\" \/>\n<meta property=\"og:type\" content=\"article\" \/>\n<meta property=\"og:title\" content=\"Puzzle adulte 1000 pi\u00e8ces Breughel l&#039;Ancien - L&#039;entr\u00e9e des animaux dans l&#039;arche de No\u00e9\" \/>\n<meta property=\"og:description\" content=\"Puzzle adulte 1000 pi\u00e8ces Breughel l&#039;Ancien - L&#039;entr\u00e9e des animaux dans l&#039;arche de No\u00e9\" \/>\n<meta property=\"og:url\" content=\"https:\/\/business.roovi.com\/fr\/puzzle-adulte-1000-pieces-breughel-lancien-lentree-des-animaux-dans-larche-de-noe-2\/p\/\" \/>\n<meta property=\"og:site_name\" content=\"Roovi B2B\" \/>\n<meta property=\"article:publisher\" content=\"https:\/\/www.facebook.com\/wwwjucariero\" \/>\n<meta property=\"article:modified_time\" content=\"2022-07-13T10:24:18+00:00\" \/>\n<meta property=\"og:image\" content=\"https:\/\/business.roovi.com\/wp-content\/uploads\/2018\/04\/73778-02_ansamblu_dimensiuni_cutie_cm.png\" \/>\n\t<meta property=\"og:image:width\" content=\"1200\" \/>\n\t<meta property=\"og:image:height\" content=\"1200\" \/>\n\t<meta property=\"og:image:type\" content=\"image\/png\" \/>\n<meta name=\"twitter:label1\" content=\"Dur\u00e9e de lecture estim\u00e9e\" \/>\n\t<meta name=\"twitter:data1\" content=\"4 minutes\" \/>\n<script type=\"application\/ld+json\" class=\"yoast-schema-graph\">{\"@context\":\"https:\/\/schema.org\",\"@graph\":[{\"@type\":\"WebPage\",\"@id\":\"https:\/\/business.roovi.com\/fr\/puzzle-adulte-1000-pieces-breughel-lancien-lentree-des-animaux-dans-larche-de-noe-2\/p\/\",\"url\":\"https:\/\/business.roovi.com\/fr\/puzzle-adulte-1000-pieces-breughel-lancien-lentree-des-animaux-dans-larche-de-noe-2\/p\/\",\"name\":\"Puzzle adulte 1000 pi\u00e8ces Breughel l'Ancien - L'entr\u00e9e des animaux dans l'arche de No\u00e9\",\"isPartOf\":{\"@id\":\"https:\/\/business.roovi.com\/fr\/#website\"},\"datePublished\":\"2018-04-16T10:56:17+00:00\",\"dateModified\":\"2022-07-13T10:24:18+00:00\",\"description\":\"Puzzle adulte 1000 pi\u00e8ces Breughel l'Ancien - L'entr\u00e9e des animaux dans l'arche de No\u00e9\",\"breadcrumb\":{\"@id\":\"https:\/\/business.roovi.com\/fr\/puzzle-adulte-1000-pieces-breughel-lancien-lentree-des-animaux-dans-larche-de-noe-2\/p\/#breadcrumb\"},\"inLanguage\":\"fr-FR\",\"potentialAction\":[{\"@type\":\"ReadAction\",\"target\":[\"https:\/\/business.roovi.com\/fr\/puzzle-adulte-1000-pieces-breughel-lancien-lentree-des-animaux-dans-larche-de-noe-2\/p\/\"]}]},{\"@type\":\"BreadcrumbList\",\"@id\":\"https:\/\/business.roovi.com\/fr\/puzzle-adulte-1000-pieces-breughel-lancien-lentree-des-animaux-dans-larche-de-noe-2\/p\/#breadcrumb\",\"itemListElement\":[{\"@type\":\"ListItem\",\"position\":1,\"name\":\"Home\",\"item\":\"https:\/\/business.roovi.com\/fr\/\"},{\"@type\":\"ListItem\",\"position\":2,\"name\":\"Boutique\",\"item\":\"https:\/\/business.roovi.com\/fr\/boutique\/\"},{\"@type\":\"ListItem\",\"position\":3,\"name\":\"Puzzle adulte 1000 pi\u00e8ces Breughel l&#8217;Ancien &#8211; L&#8217;entr\u00e9e des animaux dans l&#8217;arche de No\u00e9\"}]},{\"@type\":\"WebSite\",\"@id\":\"https:\/\/business.roovi.com\/fr\/#website\",\"url\":\"https:\/\/business.roovi.com\/fr\/\",\"name\":\"Roovi B2B\",\"description\":\"Roovi Business Website\",\"potentialAction\":[{\"@type\":\"SearchAction\",\"target\":{\"@type\":\"EntryPoint\",\"urlTemplate\":\"https:\/\/business.roovi.com\/fr\/?s={search_term_string}\"},\"query-input\":\"required name=search_term_string\"}],\"inLanguage\":\"fr-FR\"}]}<\/script>\n<!-- \/ Yoast SEO plugin. -->","yoast_head_json":{"title":"Puzzle adulte 1000 pi\u00e8ces Breughel l'Ancien - L'entr\u00e9e des animaux dans l'arche de No\u00e9","description":"Puzzle adulte 1000 pi\u00e8ces Breughel l'Ancien - L'entr\u00e9e des animaux dans l'arche de No\u00e9","robots":{"index":"index","follow":"follow","max-snippet":"max-snippet:-1","max-image-preview":"max-image-preview:large","max-video-preview":"max-video-preview:-1"},"canonical":"https:\/\/business.roovi.com\/fr\/puzzle-adulte-1000-pieces-breughel-lancien-lentree-des-animaux-dans-larche-de-noe-2\/p\/","og_locale":"fr_FR","og_type":"article","og_title":"Puzzle adulte 1000 pi\u00e8ces Breughel l'Ancien - L'entr\u00e9e des animaux dans l'arche de No\u00e9","og_description":"Puzzle adulte 1000 pi\u00e8ces Breughel l'Ancien - L'entr\u00e9e des animaux dans l'arche de No\u00e9","og_url":"https:\/\/business.roovi.com\/fr\/puzzle-adulte-1000-pieces-breughel-lancien-lentree-des-animaux-dans-larche-de-noe-2\/p\/","og_site_name":"Roovi B2B","article_publisher":"https:\/\/www.facebook.com\/wwwjucariero","article_modified_time":"2022-07-13T10:24:18+00:00","og_image":[{"width":1200,"height":1200,"url":"https:\/\/business.roovi.com\/wp-content\/uploads\/2018\/04\/73778-02_ansamblu_dimensiuni_cutie_cm.png","type":"image\/png"}],"twitter_misc":{"Dur\u00e9e de lecture estim\u00e9e":"4 minutes"},"schema":{"@context":"https:\/\/schema.org","@graph":[{"@type":"WebPage","@id":"https:\/\/business.roovi.com\/fr\/puzzle-adulte-1000-pieces-breughel-lancien-lentree-des-animaux-dans-larche-de-noe-2\/p\/","url":"https:\/\/business.roovi.com\/fr\/puzzle-adulte-1000-pieces-breughel-lancien-lentree-des-animaux-dans-larche-de-noe-2\/p\/","name":"Puzzle adulte 1000 pi\u00e8ces Breughel l'Ancien - L'entr\u00e9e des animaux dans l'arche de No\u00e9","isPartOf":{"@id":"https:\/\/business.roovi.com\/fr\/#website"},"datePublished":"2018-04-16T10:56:17+00:00","dateModified":"2022-07-13T10:24:18+00:00","description":"Puzzle adulte 1000 pi\u00e8ces Breughel l'Ancien - L'entr\u00e9e des animaux dans l'arche de No\u00e9","breadcrumb":{"@id":"https:\/\/business.roovi.com\/fr\/puzzle-adulte-1000-pieces-breughel-lancien-lentree-des-animaux-dans-larche-de-noe-2\/p\/#breadcrumb"},"inLanguage":"fr-FR","potentialAction":[{"@type":"ReadAction","target":["https:\/\/business.roovi.com\/fr\/puzzle-adulte-1000-pieces-breughel-lancien-lentree-des-animaux-dans-larche-de-noe-2\/p\/"]}]},{"@type":"BreadcrumbList","@id":"https:\/\/business.roovi.com\/fr\/puzzle-adulte-1000-pieces-breughel-lancien-lentree-des-animaux-dans-larche-de-noe-2\/p\/#breadcrumb","itemListElement":[{"@type":"ListItem","position":1,"name":"Home","item":"https:\/\/business.roovi.com\/fr\/"},{"@type":"ListItem","position":2,"name":"Boutique","item":"https:\/\/business.roovi.com\/fr\/boutique\/"},{"@type":"ListItem","position":3,"name":"Puzzle adulte 1000 pi\u00e8ces Breughel l&#8217;Ancien &#8211; L&#8217;entr\u00e9e des animaux dans l&#8217;arche de No\u00e9"}]},{"@type":"WebSite","@id":"https:\/\/business.roovi.com\/fr\/#website","url":"https:\/\/business.roovi.com\/fr\/","name":"Roovi B2B","description":"Roovi Business Website","potentialAction":[{"@type":"SearchAction","target":{"@type":"EntryPoint","urlTemplate":"https:\/\/business.roovi.com\/fr\/?s={search_term_string}"},"query-input":"required name=search_term_string"}],"inLanguage":"fr-FR"}]}},"_links":{"self":[{"href":"https:\/\/business.roovi.com\/fr\/wp-json\/wp\/v2\/product\/53253","targetHints":{"allow":["GET"]}}],"collection":[{"href":"https:\/\/business.roovi.com\/fr\/wp-json\/wp\/v2\/product"}],"about":[{"href":"https:\/\/business.roovi.com\/fr\/wp-json\/wp\/v2\/types\/product"}],"version-history":[{"count":0,"href":"https:\/\/business.roovi.com\/fr\/wp-json\/wp\/v2\/product\/53253\/revisions"}],"wp:featuredmedia":[{"embeddable":true,"href":"https:\/\/business.roovi.com\/fr\/wp-json\/wp\/v2\/media\/63197"}],"wp:attachment":[{"href":"https:\/\/business.roovi.com\/fr\/wp-json\/wp\/v2\/media?parent=53253"}],"wp:term":[{"taxonomy":"product_brand","embeddable":true,"href":"https:\/\/business.roovi.com\/fr\/wp-json\/wp\/v2\/product_brand?post=53253"},{"taxonomy":"product_cat","embeddable":true,"href":"https:\/\/business.roovi.com\/fr\/wp-json\/wp\/v2\/product_cat?post=53253"},{"taxonomy":"product_tag","embeddable":true,"href":"https:\/\/business.roovi.com\/fr\/wp-json\/wp\/v2\/product_tag?post=53253"}],"curies":[{"name":"wp","href":"https:\/\/api.w.org\/{rel}","templated":true}]}}