{"id":53257,"date":"2018-04-16T10:56:17","date_gmt":"2018-04-16T10:56:17","guid":{"rendered":"https:\/\/business.roovi.com\/puzzle-adulti-1000-piese-eugene-delacroix-liberty-leading-the-people\/p\/"},"modified":"2023-02-21T13:25:42","modified_gmt":"2023-02-21T13:25:42","slug":"puzzle-adulte-1000-pieces-eugene-delacroix-la-liberte-guidant-le-peuple","status":"publish","type":"product","link":"https:\/\/business.roovi.com\/fr\/puzzle-adulte-1000-pieces-eugene-delacroix-la-liberte-guidant-le-peuple\/p\/","title":{"rendered":"Puzzle adulte 1000 pi\u00e8ces Eug\u00e8ne Delacroix &#8211; La Libert\u00e9 guidant le peuple"},"content":{"rendered":"<p><span style=\"font-weight: 400;\">Recharge tes batteries en compl\u00e9tant des \u00e9nigmes artistiques! Choisis tes motifs pr\u00e9f\u00e9r\u00e9s parmi la plus grande gamme de puzzles de 1000 pi\u00e8ces pr\u00e9sentant des images de tableaux c\u00e9l\u00e8bres. D\u00e9tends-toi et cr\u00e9e ta propre collection d&rsquo;art !<\/span><\/p>\n<p><span style=\"font-weight: 400;\">Compl\u00e8te le puzzle de 1000 pi\u00e8ces Eug\u00e8ne Delacroix &#8211; La libert\u00e9 guidant le peuple et ressens le frisson de la libert\u00e9 v\u00e9hicul\u00e9 par une \u0153uvre d&rsquo;art unique. Laisse-toi transporter dans le temps, d\u00e9tache-toi des probl\u00e8mes quotidiens et commence \u00e0 travailler sur ton propre chef-d&rsquo;\u0153uvre. Tu peux utiliser une table basse ordinaire pour l&rsquo;assembler car le tableau restaur\u00e9 mesure 50 x 70 cm.<\/span><\/p>\n<p><span style=\"font-weight: 400;\">Lis plus sur ce puzzle artistique ci-dessous :<\/span><\/p>\n<p><strong>Mat\u00e9riau du puzzle <\/strong><\/p>\n<p><strong>carton bleu de haute qualit\u00e9<\/strong><\/p>\n<p><strong>des mat\u00e9riaux durables et recyclables<\/strong><\/p>\n<p><strong>finition semi-brillante, couleurs vives<\/strong><\/p>\n<p><strong>Nombre de pi\u00e8ces de puzzle : 1000<\/strong><\/p>\n<p><strong>\u00c2ge recommand\u00e9 : 14+<\/strong><\/p>\n<p><strong>Puzzle de 1000 pi\u00e8ces et m\u00e9ditation<\/strong><\/p>\n<p><span style=\"font-weight: 400;\">Il existe un lien \u00e9troit entre les jeux de r\u00e9flexion et la m\u00e9ditation. Comme ce dernier, un puzzle de 1000 pi\u00e8ces t&rsquo;aide \u00e0 vider ton esprit de toutes les pens\u00e9es n\u00e9gatives et \u00e0 te concentrer sur un seul objectif : assembler l&rsquo;image du puzzle d&rsquo;art. Lorsque ton esprit se concentre et entre dans le monde du puzzle de 1000 pi\u00e8ces, l&rsquo;esprit fait une pause dans les \u00e9tats stressants. Tu te sentiras ainsi plus d\u00e9tendue, plus lucide et pr\u00eate \u00e0 relever tous les d\u00e9fis.<\/span><\/p>\n<p><strong>Puzzle de 1000 pi\u00e8ces et&#8230; bonheur<\/strong><\/p>\n<p><span style=\"font-weight: 400;\">Il existe un lien scientifiquement prouv\u00e9 entre les puzzles et le bonheur : on a constat\u00e9 que pendant l&rsquo;activit\u00e9 consistant \u00e0 assembler des puzzles, une plus grande quantit\u00e9 de dopamine est synth\u00e9tis\u00e9e. C&rsquo;est un neurotransmetteur responsable de l&rsquo;optimisme, de la confiance en soi, de la concentration et du bonheur. Alors, assemble le puzzle de 1000 pi\u00e8ces et sois heureux !<\/span><\/p>\n<p><strong>La libert\u00e9 guidant le peuple &#8211; source in\u00e9puisable d&rsquo;inspiration <\/strong><\/p>\n<p><span style=\"font-weight: 400;\">V\u00e9ritable chef-d&rsquo;\u0153uvre artistique, le tableau de Delacroix a \u00e9t\u00e9 une source d&rsquo;inspiration \u00e0 travers les \u00e2ges pour de nombreux artistes et au-del\u00e0. Voici quelques exemples :<\/span><\/p>\n<p><strong>Victor Hugo<\/strong><span style=\"font-weight: 400;\"> dans son roman <\/span><em><span style=\"font-weight: 400;\">Les mis\u00e9rables<\/span><\/em><span style=\"font-weight: 400;\">. On pense que le personnage de Gavroche a \u00e9t\u00e9 inspir\u00e9 par la figure du gar\u00e7on arm\u00e9 qui court sur la barricade.<\/span><\/p>\n<p><strong>Fr\u00e9d\u00e9ric <\/strong><strong>Auguste Bartholdi <\/strong><span style=\"font-weight: 400;\">le sculpteur qui a cr\u00e9\u00e9 la Statue de la Libert\u00e9, que les Fran\u00e7ais ont offerte \u00e0 la ville de New York.<\/span><\/p>\n<p><strong>G\u00e9n\u00e9ral Charles de Gaulle<\/strong><span style=\"font-weight: 400;\"> a utilis\u00e9 ce symbole pour immobiliser les Fran\u00e7ais lors du r\u00e9f\u00e9rendum de 1945.<\/span><\/p>\n<p><strong>Sur le billet de 100 francs<\/strong><span style=\"font-weight: 400;\"> de 1978 \u00e0 1995, le billet de banque a pr\u00e9sent\u00e9 une version grav\u00e9e du tableau aux c\u00f4t\u00e9s du personnage de Delacroix.<\/span><\/p>\n<p><strong>Le groupe Coldplay <\/strong><span style=\"font-weight: 400;\">ont utilis\u00e9 l&rsquo;image du tableau sur la couverture de leur album de 2008.<\/span><\/p>\n<p><strong>5 autres avantages que t&rsquo;apportent les puzzles artistiques :<\/strong><\/p>\n<p><span style=\"font-weight: 400;\">1. Ils offrent jusqu&rsquo;\u00e0 30 heures de plaisir relaxant<\/span><\/p>\n<p><span style=\"font-weight: 400;\">2. Aide \u00e0 approfondir tes connaissances sur l&rsquo;art.<\/span><\/p>\n<p><span style=\"font-weight: 400;\">3. Ils te font d\u00e9couvrir les d\u00e9tails des peintures \u00e9tablies.<\/span><\/p>\n<p><span style=\"font-weight: 400;\">4. Tu recr\u00e9es des \u0153uvres d&rsquo;art c\u00e9l\u00e8bres en peintures avec lesquelles tu peux d\u00e9corer ta maison.<\/span><\/p>\n<p><span style=\"font-weight: 400;\">5. \u00c9pate tes amis avec tes comp\u00e9tences en mati\u00e8re de puzzles.<\/span><\/p>\n<p><span style=\"font-weight: 400;\">Eug\u00e8ne Delacroix Art Puzzle &#8211; Liberty Leading the People te donne la libert\u00e9 d&rsquo;\u00eatre un v\u00e9ritable artiste ! Ach\u00e8te ce merveilleux puzzle de 1000 pi\u00e8ces et tu auras un superbe tableau d\u00e9coratif. Cr\u00e9e une v\u00e9ritable collection \u00e0 partir des puzzles pour adultes de notre collection de puzzles d&rsquo;art.<\/span><\/p>\n<p><span style=\"font-weight: 400;\">Tu cherches un cadeau sp\u00e9cial pour une amie ch\u00e8re ? Eug\u00e8ne Delacroix &#8211; La Libert\u00e9 guidant le peuple puzzle de 1000 pi\u00e8ces est le bon cadeau, surtout s&rsquo;il est un amateur de puzzle.<\/span><\/p>\n","protected":false},"excerpt":{"rendered":"<p>Recharge tes batteries en compl\u00e9tant des \u00e9nigmes artistiques! Choisis tes motifs pr\u00e9f\u00e9r\u00e9s parmi la plus grande gamme de puzzles de<\/p>\n","protected":false},"featured_media":63618,"template":"","meta":[],"product_brand":[],"product_cat":[2314,2316,2315],"product_tag":[],"class_list":{"0":"post-53257","1":"product","2":"type-product","3":"status-publish","4":"has-post-thumbnail","6":"product_cat-puzzles-fr","7":"product_cat-puzzles-de-1000-pieces","8":"product_cat-puzzles-pour-adultes","9":"pa_brand-d_toys-fr","10":"pa_country_of_manufacture-ro-fr","11":"pa_filter_age-14-fr","12":"pa_painter-eugenedelacroix-fr","13":"pa_tip_ambalaj-boite","14":"pa_tip_puzzle-classique","16":"first","17":"instock","18":"taxable","19":"shipping-taxable","20":"product-type-simple"},"yoast_head":"<!-- This site is optimized with the Yoast SEO plugin v20.1 - https:\/\/yoast.com\/wordpress\/plugins\/seo\/ -->\n<title>Puzzle adulte 1000 pi\u00e8ces Eug\u00e8ne Delacroix - La Libert\u00e9 guidant le peuple<\/title>\n<meta name=\"description\" content=\"Puzzle adulte 1000 pi\u00e8ces Eug\u00e8ne Delacroix - La Libert\u00e9 guidant le peuple\" \/>\n<meta name=\"robots\" content=\"index, follow, max-snippet:-1, max-image-preview:large, max-video-preview:-1\" \/>\n<link rel=\"canonical\" href=\"https:\/\/business.roovi.com\/fr\/puzzle-adulte-1000-pieces-eugene-delacroix-la-liberte-guidant-le-peuple\/p\/\" \/>\n<meta property=\"og:locale\" content=\"fr_FR\" \/>\n<meta property=\"og:type\" content=\"article\" \/>\n<meta property=\"og:title\" content=\"Puzzle adulte 1000 pi\u00e8ces Eug\u00e8ne Delacroix - La Libert\u00e9 guidant le peuple\" \/>\n<meta property=\"og:description\" content=\"Puzzle adulte 1000 pi\u00e8ces Eug\u00e8ne Delacroix - La Libert\u00e9 guidant le peuple\" \/>\n<meta property=\"og:url\" content=\"https:\/\/business.roovi.com\/fr\/puzzle-adulte-1000-pieces-eugene-delacroix-la-liberte-guidant-le-peuple\/p\/\" \/>\n<meta property=\"og:site_name\" content=\"Roovi B2B\" \/>\n<meta property=\"article:publisher\" content=\"https:\/\/www.facebook.com\/wwwjucariero\" \/>\n<meta property=\"article:modified_time\" content=\"2023-02-21T13:25:42+00:00\" \/>\n<meta property=\"og:image\" content=\"https:\/\/business.roovi.com\/wp-content\/uploads\/2018\/04\/73808-DE-01-WEB.jpg\" \/>\n\t<meta property=\"og:image:width\" content=\"1200\" \/>\n\t<meta property=\"og:image:height\" content=\"1200\" \/>\n\t<meta property=\"og:image:type\" content=\"image\/jpeg\" \/>\n<meta name=\"twitter:label1\" content=\"Dur\u00e9e de lecture estim\u00e9e\" \/>\n\t<meta name=\"twitter:data1\" content=\"4 minutes\" \/>\n<script type=\"application\/ld+json\" class=\"yoast-schema-graph\">{\"@context\":\"https:\/\/schema.org\",\"@graph\":[{\"@type\":\"WebPage\",\"@id\":\"https:\/\/business.roovi.com\/fr\/puzzle-adulte-1000-pieces-eugene-delacroix-la-liberte-guidant-le-peuple\/p\/\",\"url\":\"https:\/\/business.roovi.com\/fr\/puzzle-adulte-1000-pieces-eugene-delacroix-la-liberte-guidant-le-peuple\/p\/\",\"name\":\"Puzzle adulte 1000 pi\u00e8ces Eug\u00e8ne Delacroix - La Libert\u00e9 guidant le peuple\",\"isPartOf\":{\"@id\":\"https:\/\/business.roovi.com\/fr\/#website\"},\"datePublished\":\"2018-04-16T10:56:17+00:00\",\"dateModified\":\"2023-02-21T13:25:42+00:00\",\"description\":\"Puzzle adulte 1000 pi\u00e8ces Eug\u00e8ne Delacroix - La Libert\u00e9 guidant le peuple\",\"breadcrumb\":{\"@id\":\"https:\/\/business.roovi.com\/fr\/puzzle-adulte-1000-pieces-eugene-delacroix-la-liberte-guidant-le-peuple\/p\/#breadcrumb\"},\"inLanguage\":\"fr-FR\",\"potentialAction\":[{\"@type\":\"ReadAction\",\"target\":[\"https:\/\/business.roovi.com\/fr\/puzzle-adulte-1000-pieces-eugene-delacroix-la-liberte-guidant-le-peuple\/p\/\"]}]},{\"@type\":\"BreadcrumbList\",\"@id\":\"https:\/\/business.roovi.com\/fr\/puzzle-adulte-1000-pieces-eugene-delacroix-la-liberte-guidant-le-peuple\/p\/#breadcrumb\",\"itemListElement\":[{\"@type\":\"ListItem\",\"position\":1,\"name\":\"Home\",\"item\":\"https:\/\/business.roovi.com\/fr\/\"},{\"@type\":\"ListItem\",\"position\":2,\"name\":\"Boutique\",\"item\":\"https:\/\/business.roovi.com\/fr\/boutique\/\"},{\"@type\":\"ListItem\",\"position\":3,\"name\":\"Puzzle adulte 1000 pi\u00e8ces Eug\u00e8ne Delacroix &#8211; La Libert\u00e9 guidant le peuple\"}]},{\"@type\":\"WebSite\",\"@id\":\"https:\/\/business.roovi.com\/fr\/#website\",\"url\":\"https:\/\/business.roovi.com\/fr\/\",\"name\":\"Roovi B2B\",\"description\":\"Roovi Business Website\",\"potentialAction\":[{\"@type\":\"SearchAction\",\"target\":{\"@type\":\"EntryPoint\",\"urlTemplate\":\"https:\/\/business.roovi.com\/fr\/?s={search_term_string}\"},\"query-input\":\"required name=search_term_string\"}],\"inLanguage\":\"fr-FR\"}]}<\/script>\n<!-- \/ Yoast SEO plugin. -->","yoast_head_json":{"title":"Puzzle adulte 1000 pi\u00e8ces Eug\u00e8ne Delacroix - La Libert\u00e9 guidant le peuple","description":"Puzzle adulte 1000 pi\u00e8ces Eug\u00e8ne Delacroix - La Libert\u00e9 guidant le peuple","robots":{"index":"index","follow":"follow","max-snippet":"max-snippet:-1","max-image-preview":"max-image-preview:large","max-video-preview":"max-video-preview:-1"},"canonical":"https:\/\/business.roovi.com\/fr\/puzzle-adulte-1000-pieces-eugene-delacroix-la-liberte-guidant-le-peuple\/p\/","og_locale":"fr_FR","og_type":"article","og_title":"Puzzle adulte 1000 pi\u00e8ces Eug\u00e8ne Delacroix - La Libert\u00e9 guidant le peuple","og_description":"Puzzle adulte 1000 pi\u00e8ces Eug\u00e8ne Delacroix - La Libert\u00e9 guidant le peuple","og_url":"https:\/\/business.roovi.com\/fr\/puzzle-adulte-1000-pieces-eugene-delacroix-la-liberte-guidant-le-peuple\/p\/","og_site_name":"Roovi B2B","article_publisher":"https:\/\/www.facebook.com\/wwwjucariero","article_modified_time":"2023-02-21T13:25:42+00:00","og_image":[{"width":1200,"height":1200,"url":"https:\/\/business.roovi.com\/wp-content\/uploads\/2018\/04\/73808-DE-01-WEB.jpg","type":"image\/jpeg"}],"twitter_misc":{"Dur\u00e9e de lecture estim\u00e9e":"4 minutes"},"schema":{"@context":"https:\/\/schema.org","@graph":[{"@type":"WebPage","@id":"https:\/\/business.roovi.com\/fr\/puzzle-adulte-1000-pieces-eugene-delacroix-la-liberte-guidant-le-peuple\/p\/","url":"https:\/\/business.roovi.com\/fr\/puzzle-adulte-1000-pieces-eugene-delacroix-la-liberte-guidant-le-peuple\/p\/","name":"Puzzle adulte 1000 pi\u00e8ces Eug\u00e8ne Delacroix - La Libert\u00e9 guidant le peuple","isPartOf":{"@id":"https:\/\/business.roovi.com\/fr\/#website"},"datePublished":"2018-04-16T10:56:17+00:00","dateModified":"2023-02-21T13:25:42+00:00","description":"Puzzle adulte 1000 pi\u00e8ces Eug\u00e8ne Delacroix - La Libert\u00e9 guidant le peuple","breadcrumb":{"@id":"https:\/\/business.roovi.com\/fr\/puzzle-adulte-1000-pieces-eugene-delacroix-la-liberte-guidant-le-peuple\/p\/#breadcrumb"},"inLanguage":"fr-FR","potentialAction":[{"@type":"ReadAction","target":["https:\/\/business.roovi.com\/fr\/puzzle-adulte-1000-pieces-eugene-delacroix-la-liberte-guidant-le-peuple\/p\/"]}]},{"@type":"BreadcrumbList","@id":"https:\/\/business.roovi.com\/fr\/puzzle-adulte-1000-pieces-eugene-delacroix-la-liberte-guidant-le-peuple\/p\/#breadcrumb","itemListElement":[{"@type":"ListItem","position":1,"name":"Home","item":"https:\/\/business.roovi.com\/fr\/"},{"@type":"ListItem","position":2,"name":"Boutique","item":"https:\/\/business.roovi.com\/fr\/boutique\/"},{"@type":"ListItem","position":3,"name":"Puzzle adulte 1000 pi\u00e8ces Eug\u00e8ne Delacroix &#8211; La Libert\u00e9 guidant le peuple"}]},{"@type":"WebSite","@id":"https:\/\/business.roovi.com\/fr\/#website","url":"https:\/\/business.roovi.com\/fr\/","name":"Roovi B2B","description":"Roovi Business Website","potentialAction":[{"@type":"SearchAction","target":{"@type":"EntryPoint","urlTemplate":"https:\/\/business.roovi.com\/fr\/?s={search_term_string}"},"query-input":"required name=search_term_string"}],"inLanguage":"fr-FR"}]}},"_links":{"self":[{"href":"https:\/\/business.roovi.com\/fr\/wp-json\/wp\/v2\/product\/53257","targetHints":{"allow":["GET"]}}],"collection":[{"href":"https:\/\/business.roovi.com\/fr\/wp-json\/wp\/v2\/product"}],"about":[{"href":"https:\/\/business.roovi.com\/fr\/wp-json\/wp\/v2\/types\/product"}],"version-history":[{"count":0,"href":"https:\/\/business.roovi.com\/fr\/wp-json\/wp\/v2\/product\/53257\/revisions"}],"wp:featuredmedia":[{"embeddable":true,"href":"https:\/\/business.roovi.com\/fr\/wp-json\/wp\/v2\/media\/63618"}],"wp:attachment":[{"href":"https:\/\/business.roovi.com\/fr\/wp-json\/wp\/v2\/media?parent=53257"}],"wp:term":[{"taxonomy":"product_brand","embeddable":true,"href":"https:\/\/business.roovi.com\/fr\/wp-json\/wp\/v2\/product_brand?post=53257"},{"taxonomy":"product_cat","embeddable":true,"href":"https:\/\/business.roovi.com\/fr\/wp-json\/wp\/v2\/product_cat?post=53257"},{"taxonomy":"product_tag","embeddable":true,"href":"https:\/\/business.roovi.com\/fr\/wp-json\/wp\/v2\/product_tag?post=53257"}],"curies":[{"name":"wp","href":"https:\/\/api.w.org\/{rel}","templated":true}]}}